{"id":4442,"date":"2025-03-07T12:42:10","date_gmt":"2025-03-07T11:42:10","guid":{"rendered":"https:\/\/marist.sjdigitaldemo.ovh\/ivaretakelse-2\/"},"modified":"2025-03-07T14:31:46","modified_gmt":"2025-03-07T14:31:46","slug":"ivaretakelse-2","status":"publish","type":"page","link":"https:\/\/maristeurope.eu\/no\/ivaretakelse-2\/","title":{"rendered":"Ivaretakelse"},"content":{"rendered":"<p>[et_pb_section fb_built=\"1&#8243; _builder_version=\"4.27.4&#8243; _module_preset=\"default\" background_color=\"#FFFAF2&#8243; custom_padding=\"200px||||false|false\" global_colors_info=\"{}\"][et_pb_row _builder_version=\"4.27.4&#8243; _module_preset=\"default\" global_colors_info=\"{}\"][et_pb_column type=\"4_4&#8243; _builder_version=\"4.27.4&#8243; _module_preset=\"default\" global_colors_info=\"{}\"][et_pb_text _builder_version=\"4.27.4&#8243; _module_preset=\"default\" hover_enabled=\"0&#8243; global_colors_info=\"{}\" text_font_size=\"16px\" text_line_height=\"1.6em\" sticky_enabled=\"0&#8243;]<\/p>\n<h1><b><span data-contrast=\"auto\">Beskyttelse av barn og s\u00e5rbare voksne  <\/span><\/b><span data-ccp-props=\"{\"201341983\":0,\"335559739\":0,\"335559740\":240}\"> <\/span><\/h1>\n<p><span data-ccp-props=\"{\"201341983\":0,\"335559739\":0,\"335559740\":240}\"> <\/span><span data-contrast=\"auto\">En uunng\u00e5elig dimensjon ved v\u00e5r n\u00e5v\u00e6rende kontekst som ordensfolk i Mariasamfunnet i Kirken er den \u00f8deleggelsen som er p\u00e5f\u00f8rt ofre for seksuelle overgrep. Noen av v\u00e5re medbr\u00f8dre bor i europeiske land der uavhengige nasjonale kommisjoner har gransket de kirkelige myndighetenes h\u00e5ndtering av sakene.   <\/span><span data-ccp-props=\"{\"201341983\":0,\"335559739\":0,\"335559740\":240}\"> <\/span><\/p>\n<p><span data-ccp-props=\"{\"201341983\":0,\"335559739\":0,\"335559740\":240}\"> <\/span><span data-contrast=\"auto\">Ingen betraktning av v\u00e5r virkelighet i dag kan unng\u00e5 \u00e5 konfrontere virkeligheten av det ofrene har lidd og den skyggen det kaster over oss som en religi\u00f8s kropp. Vi f\u00f8ler med dem blant oss som p\u00e5 ulike m\u00e5ter er tynget av denne lidelsen.   <\/span><span data-ccp-props=\"{\"201341983\":0,\"335559739\":0,\"335559740\":240}\"> <\/span><\/p>\n<p><span data-ccp-props=\"{\"201341983\":0,\"335559739\":0,\"335559740\":240}\"> <\/span><span data-contrast=\"auto\">Vi kan ikke g\u00e5 videre uten b\u00e5de \u00e5 lytte til ofrene og l\u00e6re av dem hvilken innvirkning disse handlingene har hatt p\u00e5 livene deres. Hvis vi ikke anerkjenner deres erfaringer og unng\u00e5r \u00e5 ta ansvar for v\u00e5re egne feil, mister vi enhver troverdighet som ordensfolk. Selv om vi kan v\u00e6re fristet til \u00e5 unng\u00e5 \u00e5 erkjenne hele sannheten om v\u00e5r fortid, tjener det ikke Kirken eller Mariasamfunnet.    <\/span><span data-ccp-props=\"{\"201341983\":0,\"335559739\":0,\"335559740\":240}\"> <\/span><\/p>\n<p><span data-ccp-props=\"{\"201341983\":0,\"335559739\":0,\"335559740\":240}\"> <\/span><span data-contrast=\"auto\">\u00c5 beskytte de s\u00e5rbare er en del av v\u00e5r tjeneste og v\u00e5rt oppdrag. N\u00e5r vi g\u00e5r videre, er det fortsatt avgj\u00f8rende for oss \u00e5 \"fremme en kultur for beskyttelse i v\u00e5re egne hjem, i v\u00e5re departementer, i v\u00e5re institusjoner og p\u00e5 alle steder der vi arbeider og befinner oss &#8230;\" (GC2017, nr. 40).   <\/span><span data-ccp-props=\"{\"201341983\":0,\"335559739\":0,\"335559740\":240}\"> <\/span><\/p>\n<p><span data-ccp-props=\"{\"201341983\":0,\"335559739\":0,\"335559740\":240}\"> <\/span><span data-contrast=\"auto\">Den europeiske provinsen er takknemlig overfor de lekfolk og ordensfolk som har ansvar for denne tjenesten p\u00e5 v\u00e5re vegne. Hver nasjonale enhet er forpliktet til \u00e5 f\u00f8lge de nasjonale retningslinjene for ivaretakelse av barna i det landet der vi er til stede. <\/span><span data-ccp-props=\"{\"201341983\":0,\"335559739\":0,\"335559740\":240}\"> <\/span><\/p>\n<p>[\/et_pb_text][\/et_pb_column][\/et_pb_row][\/et_pb_section]<\/p>\n","protected":false},"excerpt":{"rendered":"<p>Beskyttelse av barn og s\u00e5rbare voksne En uunng\u00e5elig dimensjon ved v\u00e5r n\u00e5v\u00e6rende kontekst som ordensfolk i Mariasamfunnet i Kirken er den \u00f8deleggelsen som er p\u00e5f\u00f8rt ofre for seksuelle overgrep. Noen av v\u00e5re medbr\u00f8dre bor i europeiske land der uavhengige nasjonale kommisjoner har gransket de kirkelige myndighetenes h\u00e5ndtering av sakene. Ingen betraktning av v\u00e5r virkelighet i [&hellip;]<\/p>\n","protected":false},"author":1,"featured_media":0,"parent":0,"menu_order":0,"comment_status":"closed","ping_status":"closed","template":"","meta":{"_et_pb_use_builder":"on","_et_pb_old_content":"","_et_gb_content_width":"","footnotes":""},"class_list":["post-4442","page","type-page","status-publish","hentry"],"yoast_head":"<!-- This site is optimized with the Yoast SEO plugin v27.4 - https:\/\/yoast.com\/product\/yoast-seo-wordpress\/ -->\n<title>Ivaretakelse - Marist Europe<\/title>\n<meta name=\"robots\" content=\"index, follow, max-snippet:-1, max-image-preview:large, max-video-preview:-1\" \/>\n<link rel=\"canonical\" href=\"https:\/\/maristeurope.eu\/no\/ivaretakelse-2\/\" \/>\n<meta property=\"og:locale\" content=\"nb_NO\" \/>\n<meta property=\"og:type\" content=\"article\" \/>\n<meta property=\"og:title\" content=\"Ivaretakelse - Marist Europe\" \/>\n<meta property=\"og:description\" content=\"Beskyttelse av barn og s\u00e5rbare voksne En uunng\u00e5elig dimensjon ved v\u00e5r n\u00e5v\u00e6rende kontekst som ordensfolk i Mariasamfunnet i Kirken er den \u00f8deleggelsen som er p\u00e5f\u00f8rt ofre for seksuelle overgrep. Noen av v\u00e5re medbr\u00f8dre bor i europeiske land der uavhengige nasjonale kommisjoner har gransket de kirkelige myndighetenes h\u00e5ndtering av sakene. Ingen betraktning av v\u00e5r virkelighet i [&hellip;]\" \/>\n<meta property=\"og:url\" content=\"https:\/\/maristeurope.eu\/no\/ivaretakelse-2\/\" \/>\n<meta property=\"og:site_name\" content=\"Marist Europe\" \/>\n<meta property=\"article:modified_time\" content=\"2025-03-07T14:31:46+00:00\" \/>\n<meta name=\"twitter:card\" content=\"summary_large_image\" \/>\n<meta name=\"twitter:label1\" content=\"Ansl. lesetid\" \/>\n\t<meta name=\"twitter:data1\" content=\"2 minutter\" \/>\n<script type=\"application\/ld+json\" class=\"yoast-schema-graph\">{\"@context\":\"https:\\\/\\\/schema.org\",\"@graph\":[{\"@type\":\"WebPage\",\"@id\":\"https:\\\/\\\/maristeurope.eu\\\/no\\\/ivaretakelse-2\\\/\",\"url\":\"https:\\\/\\\/maristeurope.eu\\\/no\\\/ivaretakelse-2\\\/\",\"name\":\"Ivaretakelse - Marist Europe\",\"isPartOf\":{\"@id\":\"https:\\\/\\\/maristeurope.eu\\\/no\\\/#website\"},\"datePublished\":\"2025-03-07T11:42:10+00:00\",\"dateModified\":\"2025-03-07T14:31:46+00:00\",\"breadcrumb\":{\"@id\":\"https:\\\/\\\/maristeurope.eu\\\/no\\\/ivaretakelse-2\\\/#breadcrumb\"},\"inLanguage\":\"nb-NO\",\"potentialAction\":[{\"@type\":\"ReadAction\",\"target\":[\"https:\\\/\\\/maristeurope.eu\\\/no\\\/ivaretakelse-2\\\/\"]}]},{\"@type\":\"BreadcrumbList\",\"@id\":\"https:\\\/\\\/maristeurope.eu\\\/no\\\/ivaretakelse-2\\\/#breadcrumb\",\"itemListElement\":[{\"@type\":\"ListItem\",\"position\":1,\"name\":\"Home\",\"item\":\"https:\\\/\\\/maristeurope.eu\\\/no\\\/marister\\\/\"},{\"@type\":\"ListItem\",\"position\":2,\"name\":\"Ivaretakelse\"}]},{\"@type\":\"WebSite\",\"@id\":\"https:\\\/\\\/maristeurope.eu\\\/no\\\/#website\",\"url\":\"https:\\\/\\\/maristeurope.eu\\\/no\\\/\",\"name\":\"Marist Europe\",\"description\":\"\",\"publisher\":{\"@id\":\"https:\\\/\\\/maristeurope.eu\\\/no\\\/#organization\"},\"potentialAction\":[{\"@type\":\"SearchAction\",\"target\":{\"@type\":\"EntryPoint\",\"urlTemplate\":\"https:\\\/\\\/maristeurope.eu\\\/no\\\/?s={search_term_string}\"},\"query-input\":{\"@type\":\"PropertyValueSpecification\",\"valueRequired\":true,\"valueName\":\"search_term_string\"}}],\"inLanguage\":\"nb-NO\"},{\"@type\":\"Organization\",\"@id\":\"https:\\\/\\\/maristeurope.eu\\\/no\\\/#organization\",\"name\":\"Marist Europe\",\"url\":\"https:\\\/\\\/maristeurope.eu\\\/no\\\/\",\"logo\":{\"@type\":\"ImageObject\",\"inLanguage\":\"nb-NO\",\"@id\":\"https:\\\/\\\/maristeurope.eu\\\/no\\\/#\\\/schema\\\/logo\\\/image\\\/\",\"url\":\"https:\\\/\\\/maristeurope.eu\\\/wp-content\\\/uploads\\\/2024\\\/10\\\/EU-SM-Finalogo-02.png\",\"contentUrl\":\"https:\\\/\\\/maristeurope.eu\\\/wp-content\\\/uploads\\\/2024\\\/10\\\/EU-SM-Finalogo-02.png\",\"width\":150,\"height\":156,\"caption\":\"Marist Europe\"},\"image\":{\"@id\":\"https:\\\/\\\/maristeurope.eu\\\/no\\\/#\\\/schema\\\/logo\\\/image\\\/\"}}]}<\/script>\n<!-- \/ Yoast SEO plugin. -->","yoast_head_json":{"title":"Ivaretakelse - Marist Europe","robots":{"index":"index","follow":"follow","max-snippet":"max-snippet:-1","max-image-preview":"max-image-preview:large","max-video-preview":"max-video-preview:-1"},"canonical":"https:\/\/maristeurope.eu\/no\/ivaretakelse-2\/","og_locale":"nb_NO","og_type":"article","og_title":"Ivaretakelse - Marist Europe","og_description":"Beskyttelse av barn og s\u00e5rbare voksne En uunng\u00e5elig dimensjon ved v\u00e5r n\u00e5v\u00e6rende kontekst som ordensfolk i Mariasamfunnet i Kirken er den \u00f8deleggelsen som er p\u00e5f\u00f8rt ofre for seksuelle overgrep. Noen av v\u00e5re medbr\u00f8dre bor i europeiske land der uavhengige nasjonale kommisjoner har gransket de kirkelige myndighetenes h\u00e5ndtering av sakene. Ingen betraktning av v\u00e5r virkelighet i [&hellip;]","og_url":"https:\/\/maristeurope.eu\/no\/ivaretakelse-2\/","og_site_name":"Marist Europe","article_modified_time":"2025-03-07T14:31:46+00:00","twitter_card":"summary_large_image","twitter_misc":{"Ansl. lesetid":"2 minutter"},"schema":{"@context":"https:\/\/schema.org","@graph":[{"@type":"WebPage","@id":"https:\/\/maristeurope.eu\/no\/ivaretakelse-2\/","url":"https:\/\/maristeurope.eu\/no\/ivaretakelse-2\/","name":"Ivaretakelse - Marist Europe","isPartOf":{"@id":"https:\/\/maristeurope.eu\/no\/#website"},"datePublished":"2025-03-07T11:42:10+00:00","dateModified":"2025-03-07T14:31:46+00:00","breadcrumb":{"@id":"https:\/\/maristeurope.eu\/no\/ivaretakelse-2\/#breadcrumb"},"inLanguage":"nb-NO","potentialAction":[{"@type":"ReadAction","target":["https:\/\/maristeurope.eu\/no\/ivaretakelse-2\/"]}]},{"@type":"BreadcrumbList","@id":"https:\/\/maristeurope.eu\/no\/ivaretakelse-2\/#breadcrumb","itemListElement":[{"@type":"ListItem","position":1,"name":"Home","item":"https:\/\/maristeurope.eu\/no\/marister\/"},{"@type":"ListItem","position":2,"name":"Ivaretakelse"}]},{"@type":"WebSite","@id":"https:\/\/maristeurope.eu\/no\/#website","url":"https:\/\/maristeurope.eu\/no\/","name":"Marist Europe","description":"","publisher":{"@id":"https:\/\/maristeurope.eu\/no\/#organization"},"potentialAction":[{"@type":"SearchAction","target":{"@type":"EntryPoint","urlTemplate":"https:\/\/maristeurope.eu\/no\/?s={search_term_string}"},"query-input":{"@type":"PropertyValueSpecification","valueRequired":true,"valueName":"search_term_string"}}],"inLanguage":"nb-NO"},{"@type":"Organization","@id":"https:\/\/maristeurope.eu\/no\/#organization","name":"Marist Europe","url":"https:\/\/maristeurope.eu\/no\/","logo":{"@type":"ImageObject","inLanguage":"nb-NO","@id":"https:\/\/maristeurope.eu\/no\/#\/schema\/logo\/image\/","url":"https:\/\/maristeurope.eu\/wp-content\/uploads\/2024\/10\/EU-SM-Finalogo-02.png","contentUrl":"https:\/\/maristeurope.eu\/wp-content\/uploads\/2024\/10\/EU-SM-Finalogo-02.png","width":150,"height":156,"caption":"Marist Europe"},"image":{"@id":"https:\/\/maristeurope.eu\/no\/#\/schema\/logo\/image\/"}}]}},"_links":{"self":[{"href":"https:\/\/maristeurope.eu\/no\/wp-json\/wp\/v2\/pages\/4442","targetHints":{"allow":["GET"]}}],"collection":[{"href":"https:\/\/maristeurope.eu\/no\/wp-json\/wp\/v2\/pages"}],"about":[{"href":"https:\/\/maristeurope.eu\/no\/wp-json\/wp\/v2\/types\/page"}],"author":[{"embeddable":true,"href":"https:\/\/maristeurope.eu\/no\/wp-json\/wp\/v2\/users\/1"}],"replies":[{"embeddable":true,"href":"https:\/\/maristeurope.eu\/no\/wp-json\/wp\/v2\/comments?post=4442"}],"version-history":[{"count":16,"href":"https:\/\/maristeurope.eu\/no\/wp-json\/wp\/v2\/pages\/4442\/revisions"}],"predecessor-version":[{"id":4621,"href":"https:\/\/maristeurope.eu\/no\/wp-json\/wp\/v2\/pages\/4442\/revisions\/4621"}],"wp:attachment":[{"href":"https:\/\/maristeurope.eu\/no\/wp-json\/wp\/v2\/media?parent=4442"}],"curies":[{"name":"wp","href":"https:\/\/api.w.org\/{rel}","templated":true}]}}