{"id":3680,"date":"2024-10-04T05:42:42","date_gmt":"2024-10-04T05:42:42","guid":{"rendered":"https:\/\/marist.sjdigitaldemo.ovh\/retningslinjer-for-personvern\/"},"modified":"2025-03-13T17:18:47","modified_gmt":"2025-03-13T17:18:47","slug":"retningslinjer-for-personvern","status":"publish","type":"page","link":"https:\/\/maristeurope.eu\/no\/retningslinjer-for-personvern\/","title":{"rendered":"Personvernregler for Society of Mary in Europe"},"content":{"rendered":"<p>[et_pb_section fb_built=\"1&#8243; admin_label=\"section\" _builder_version=\"4.16&#8243; global_colors_info=\"{}\"][et_pb_row admin_label=\"rad\" _builder_version=\"4.16&#8243; background_size=\"initial\" background_position=\"top_left\" background_repeat=\"repeat\" global_colors_info=\"{}\"][et_pb_column type=\"4_4&#8243; _builder_version=\"4.16&#8243; custom_padding=\"|||\" global_colors_info=\"{}\" custom_padding__hover=\"|||\"][et_pb_text admin_label=\"Text\" _builder_version=\"4.16&#8243; background_size=\"initial\" background_position=\"top_left\" background_repeat=\"repeat\" global_colors_info=\"{}\"]<\/p>\n<p>&nbsp;<\/p>\n<p>&nbsp;<\/p>\n<p>&nbsp;<\/p>\n<p>&nbsp;<\/p>\n<h2 class=\"wp-block-heading\"><strong>Retningslinjer for personvern<\/strong><\/h2>\n<p>&nbsp;<\/p>\n<p>Dette er den prim\u00e6re nettsiden til Mariasamfunnet i Europa. V\u00e5rt europeiske provinshus ligger i Frankrike: 104 rue de Vaugirard, 75006 Paris, og kan kontaktes via e-post p\u00e5 <a href=\"mailto:info@maristeurope.eu\" target=\"_blank\" rel=\"noreferrer noopener\">info@maristeurope.eu.<\/a> <\/p>\n<\/p>\n<p>Vi har vedtatt denne personvernerkl\u00e6ringen for \u00e5 vise at vi er opptatt av personvern. Denne personvernerkl\u00e6ringen beskriver v\u00e5r praksis for h\u00e5ndtering av informasjon som du kan utlevere til oss gjennom din bruk av dette nettstedet. <\/p>\n<\/p>\n<h2 class=\"wp-block-heading\"><strong>Godkjennelse av personvernerkl\u00e6ring<\/strong><\/h2>\n<\/p>\n<p>Ved \u00e5 bruke dette nettstedet godtar du denne erkl\u00e6ringen. Hvis du ikke er enig i noe aspekt av denne erkl\u00e6ringen, oppfordrer vi deg til \u00e5 slutte \u00e5 bruke nettstedet. Vi forbeholder oss retten til \u00e5 endre denne personvernerkl\u00e6ringen n\u00e5r som helst. Hver gang du bruker dette nettstedet, vil du derfor v\u00e6re bundet av den gjeldende personvernerkl\u00e6ringen, og du b\u00f8r lese den hver gang du bruker nettstedet for \u00e5 forsikre deg om at du godtar eventuelle endringer.   <\/p>\n<\/p>\n<h2 class=\"wp-block-heading\"><strong>Informasjon vi samler inn<\/strong><\/h2>\n<\/p>\n<p>V\u00e5rt m\u00e5l er \u00e5 kontinuerlig forbedre din opplevelse av v\u00e5re digitale kanaler. Vi bruker informasjonskapsler for \u00e5 forbedre kundeopplevelsen din av v\u00e5re tjenester og nettbaserte applikasjoner. Du kan g\u00e5 inn p\u00e5 og surfe p\u00e5 nettstedet v\u00e5rt uten \u00e5 oppgi personopplysninger til oss. Hvis du bare surfer og leser informasjon p\u00e5 nettstedet, samler vi inn og lagrer f\u00f8lgende anonyme opplysninger om bes\u00f8ket ditt, som p\u00e5 alle andre nettsteder:   <\/p>\n<\/p>\n<p>- IP-adressen som er knyttet til tilkoblingen din da du bes\u00f8kte nettstedet;<\/p>\n<\/p>\n<p>- Operativsystemet og nettleseren du brukte da du bes\u00f8kte nettstedet;<\/p>\n<\/p>\n<p>- URL-adressen som henviste deg til nettstedet;<\/p>\n<\/p>\n<p>- dato, klokkeslett og varighet av bes\u00f8ket ditt; og<\/p>\n<\/p>\n<p>- URL-adressene til sidene du bes\u00f8ker p\u00e5 nettstedet.<\/p>\n<\/p>\n<p>Vi kan bruke denne anonyme informasjonen til statistiske form\u00e5l, og vi kan dele generisk aggregert demografisk informasjon som ikke er knyttet til personlig identifikasjonsinformasjon, med tredjeparter for \u00e5 hjelpe oss med \u00e5 bedre forst\u00e5 hvordan folk bruker nettstedet v\u00e5rt og deres interesse for tjenestene v\u00e5re.<\/p>\n<\/p>\n<h2 class=\"wp-block-heading\"><strong>Din personlige identifikasjonsinformasjon<\/strong><\/h2>\n<\/p>\n<p>Vi logger ikke automatisk personlig identifikasjonsinformasjon n\u00e5r du bruker og samhandler med dette nettstedet. Vi kobler ikke informasjon som logges automatisk p\u00e5 andre m\u00e5ter, med personlig identifikasjonsinformasjon om bestemte personer som bruker og samhandler med dette nettstedet. Vi samler ikke inn informasjon om v\u00e5re bes\u00f8kende fra andre kilder, for eksempel offentlige registre eller organer, eller private organisasjoner.  <\/p>\n<\/p>\n<p>Du kan imidlertid velge \u00e5 oppgi personopplysninger til European Province of the Society of Mary p\u00e5 ulike m\u00e5ter p\u00e5 dette nettstedet, blant annet ved hjelp av kontaktskjemaer, foresp\u00f8rselsskjemaer eller n\u00e5r du fyller ut en sp\u00f8rreunders\u00f8kelse p\u00e5 nettet. Disse personopplysningene kan kun brukes til \u00e5 identifisere deg som enkeltperson.  Hvis du gir oss personlig identifikasjonsinformasjon, vil vi bruke denne informasjonen til \u00e5 gi deg den tjenesten eller informasjonen du har bedt om fra European Province of the Society of Mary.<\/p>\n<\/p>\n<h2 class=\"wp-block-heading\"><strong>Du samtykker til at vi<\/strong><\/h2>\n<\/p>\n<p>Bruke personopplysningene dine til \u00e5 anbefale tjenester til deg eller gi deg annen informasjon som vi mener kan v\u00e6re relevant for deg. Vi forbeholder oss retten til \u00e5 samarbeide med lokale, nasjonale eller internasjonale politimyndigheter i etterforskningen av upassende eller ulovlige aktiviteter. Hvis en spesifikk etterforskning krever personopplysninger, kan det v\u00e6re n\u00f8dvendig \u00e5 utlevere personopplysninger knyttet til disse personene. Vi vil bare gj\u00f8re dette hvis det er tillatt og p\u00e5krevd i henhold til loven.   <\/p>\n<\/p>\n<h2 class=\"wp-block-heading\"><strong>Informasjonskapsler<\/strong><\/h2>\n<\/p>\n<p>Informasjonskapsler brukes til \u00e5 overv\u00e5ke trafikken p\u00e5 nettstedet og forbedre din opplevelse av nettstedet v\u00e5rt. Informasjonskapsler er databiter som datamaskinen, mobilen eller nettbrettet ditt laster ned n\u00e5r du bes\u00f8ker et nettsted. Informasjonskapsler brukes til \u00e5 holde styr p\u00e5 dine preferanser og til \u00e5 gjenkjenne tilbakevendende bes\u00f8kende. Du kan stille inn nettleseren din til \u00e5 nekte informasjonskapsler eller til \u00e5 varsle deg n\u00e5r informasjonskapsler sendes. Hvis du gj\u00f8r det, m\u00e5 du v\u00e6re oppmerksom p\u00e5 at enkelte deler av dette nettstedet kanskje ikke vil fungere som tiltenkt.    <\/p>\n<\/p>\n<h2 class=\"wp-block-heading\"><strong>Hyperkoblinger<\/strong><\/h2>\n<\/p>\n<p>Noen av sidene p\u00e5 v\u00e5re nettsteder kan inneholde hypertekstlenker til nettsteder som ikke vedlikeholdes av European Province of the Society of Mary. Vi minner om at andre vilk\u00e5r og betingelser for bruk vil gjelde for deg som bruker av slike nettsteder. I tillegg kan det hende at slike nettsteder ikke oppn\u00e5r de samme personvernstandardene som European Province of the Society of Mary opprettholder. Vi anbefaler deg p\u00e5 det sterkeste \u00e5 lese gjennom personvernerkl\u00e6ringen for hvert nettsted du bes\u00f8ker.   <\/p>\n<\/p>\n<h2 class=\"wp-block-heading\"><strong>Rett til innsyn og retting<\/strong><\/h2>\n<\/p>\n<p>Du kan be om informasjon om personopplysningene vi har om deg i henhold til de relevante personvernlovene og personvernforordningen (GDPR). Hvis du \u00f8nsker en kopi av informasjonen vi har om deg, kan du kontakte oss. Hvis du mener at noen av opplysningene vi har om deg er feil eller ufullstendige, kan du skrive til oss p\u00e5 adressen ovenfor eller sende en e-post til <a href=\"mailto:info@maristeurope.eu\" target=\"_blank\" rel=\"noreferrer noopener\">info@maristeurope.eu.<\/a> Vi vil umiddelbart korrigere all informasjon som viser seg \u00e5 v\u00e6re feil, eller slette hele registreringen p\u00e5 din foresp\u00f8rsel.   <\/p>\n<\/p>\n<h2 class=\"wp-block-heading\"><strong>Sikkerhet<\/strong><\/h2>\n<\/p>\n<p>Vi tar sikkerhetsansvaret v\u00e5rt p\u00e5 st\u00f8rste alvor og bruker de mest hensiktsmessige fysiske og tekniske tiltakene som er tilgjengelige, inkludert bruk av den nyeste sikkerhetsprogramvaren, oppl\u00e6ring og bevisstgj\u00f8ring av personalet, og vi gjennomg\u00e5r disse tiltakene regelmessig.<\/p>\n<\/p>\n<h2 class=\"wp-block-heading\"><strong>Oppbevaring<\/strong><\/h2>\n<\/p>\n<p>Hvis du gir dine personopplysninger til European Province of the Society of Mary, vil vi bare oppbevare disse s\u00e5 lenge det er rimelig n\u00f8dvendig med tanke p\u00e5 v\u00e5rt behov for \u00e5 svare p\u00e5 sp\u00f8rsm\u00e5l eller l\u00f8se problemer, tilby forbedrede og nye tjenester og overholde juridiske krav i henhold til gjeldende lov(er). Dette betyr at vi kan oppbevare personopplysningene dine i en rimelig periode etter at du har sluttet \u00e5 bruke tjenestene v\u00e5re eller sluttet \u00e5 bruke dette nettstedet. Etter denne perioden vil personopplysningene dine bli slettet fra alle systemer i European Province of the Society of Mary. Du har rett til \u00e5 f\u00e5 personopplysningene dine slettet n\u00e5r som helst.   <\/p>\n<\/p>\n<h2 class=\"wp-block-heading\"><strong>Endringer i disse retningslinjene<\/strong><\/h2>\n<\/p>\n<p>Vi forbeholder oss retten til \u00e5 endre, tilpasse og justere denne personvernerkl\u00e6ringen p\u00e5 nettstedet uten forvarsel. Du erkjenner og godtar at denne personvernerkl\u00e6ringen kan endres fra tid til annen, og du er klar over at den nyeste versjonen gjelder n\u00e5r du bes\u00f8ker nettstedet. <\/p>\n<\/p>\n<h2 class=\"wp-block-heading\"><strong>Kontakt oss<\/strong><\/h2>\n<\/p>\n<p>Denne erkl\u00e6ringen beskriver personvernpraksisen for European Province of the Society of Mary. Hvis du har spesifikke sp\u00f8rsm\u00e5l om denne praksisen og disse retningslinjene, kan du sende oss en e-post til <a href=\"mailto:info@maristeurope.eu\" target=\"_blank\" rel=\"noreferrer noopener\">info@maristeurope.eu.<\/a> <\/p>\n<\/p>\n<p>[\/et_pb_text][\/et_pb_column][\/et_pb_row][\/et_pb_section]<\/p>\n","protected":false},"excerpt":{"rendered":"<p>&nbsp; &nbsp; &nbsp; &nbsp; Retningslinjer for personvern &nbsp; Dette er den prim\u00e6re nettsiden til Mariasamfunnet i Europa. V\u00e5rt europeiske provinshus ligger i Frankrike: 104 rue de Vaugirard, 75006 Paris, og kan kontaktes via e-post p\u00e5 info@maristeurope.eu. Vi har vedtatt denne personvernerkl\u00e6ringen for \u00e5 vise at vi er opptatt av personvern. Denne personvernerkl\u00e6ringen beskriver v\u00e5r praksis [&hellip;]<\/p>\n","protected":false},"author":1,"featured_media":0,"parent":0,"menu_order":0,"comment_status":"closed","ping_status":"open","template":"","meta":{"_et_pb_use_builder":"on","_et_pb_old_content":"","_et_gb_content_width":"","footnotes":""},"class_list":["post-3680","page","type-page","status-publish","hentry"],"yoast_head":"<!-- This site is optimized with the Yoast SEO plugin v27.4 - https:\/\/yoast.com\/product\/yoast-seo-wordpress\/ -->\n<title>Personvernregler for Society of Mary in Europe - Marist Europe<\/title>\n<meta name=\"robots\" content=\"index, follow, max-snippet:-1, max-image-preview:large, max-video-preview:-1\" \/>\n<link rel=\"canonical\" href=\"https:\/\/maristeurope.eu\/no\/retningslinjer-for-personvern\/\" \/>\n<meta property=\"og:locale\" content=\"nb_NO\" \/>\n<meta property=\"og:type\" content=\"article\" \/>\n<meta property=\"og:title\" content=\"Personvernregler for Society of Mary in Europe - Marist Europe\" \/>\n<meta property=\"og:description\" content=\"&nbsp; &nbsp; &nbsp; &nbsp; Retningslinjer for personvern &nbsp; Dette er den prim\u00e6re nettsiden til Mariasamfunnet i Europa. V\u00e5rt europeiske provinshus ligger i Frankrike: 104 rue de Vaugirard, 75006 Paris, og kan kontaktes via e-post p\u00e5 info@maristeurope.eu. Vi har vedtatt denne personvernerkl\u00e6ringen for \u00e5 vise at vi er opptatt av personvern. Denne personvernerkl\u00e6ringen beskriver v\u00e5r praksis [&hellip;]\" \/>\n<meta property=\"og:url\" content=\"https:\/\/maristeurope.eu\/no\/retningslinjer-for-personvern\/\" \/>\n<meta property=\"og:site_name\" content=\"Marist Europe\" \/>\n<meta property=\"article:modified_time\" content=\"2025-03-13T17:18:47+00:00\" \/>\n<meta name=\"twitter:card\" content=\"summary_large_image\" \/>\n<meta name=\"twitter:label1\" content=\"Ansl. lesetid\" \/>\n\t<meta name=\"twitter:data1\" content=\"6 minutter\" \/>\n<script type=\"application\/ld+json\" class=\"yoast-schema-graph\">{\"@context\":\"https:\\\/\\\/schema.org\",\"@graph\":[{\"@type\":\"WebPage\",\"@id\":\"https:\\\/\\\/maristeurope.eu\\\/no\\\/retningslinjer-for-personvern\\\/\",\"url\":\"https:\\\/\\\/maristeurope.eu\\\/no\\\/retningslinjer-for-personvern\\\/\",\"name\":\"Personvernregler for Society of Mary in Europe - Marist Europe\",\"isPartOf\":{\"@id\":\"https:\\\/\\\/maristeurope.eu\\\/no\\\/#website\"},\"datePublished\":\"2024-10-04T05:42:42+00:00\",\"dateModified\":\"2025-03-13T17:18:47+00:00\",\"breadcrumb\":{\"@id\":\"https:\\\/\\\/maristeurope.eu\\\/no\\\/retningslinjer-for-personvern\\\/#breadcrumb\"},\"inLanguage\":\"nb-NO\",\"potentialAction\":[{\"@type\":\"ReadAction\",\"target\":[\"https:\\\/\\\/maristeurope.eu\\\/no\\\/retningslinjer-for-personvern\\\/\"]}]},{\"@type\":\"BreadcrumbList\",\"@id\":\"https:\\\/\\\/maristeurope.eu\\\/no\\\/retningslinjer-for-personvern\\\/#breadcrumb\",\"itemListElement\":[{\"@type\":\"ListItem\",\"position\":1,\"name\":\"Home\",\"item\":\"https:\\\/\\\/maristeurope.eu\\\/no\\\/marister\\\/\"},{\"@type\":\"ListItem\",\"position\":2,\"name\":\"Personvernregler for Society of Mary in Europe\"}]},{\"@type\":\"WebSite\",\"@id\":\"https:\\\/\\\/maristeurope.eu\\\/no\\\/#website\",\"url\":\"https:\\\/\\\/maristeurope.eu\\\/no\\\/\",\"name\":\"Marist Europe\",\"description\":\"\",\"publisher\":{\"@id\":\"https:\\\/\\\/maristeurope.eu\\\/no\\\/#organization\"},\"potentialAction\":[{\"@type\":\"SearchAction\",\"target\":{\"@type\":\"EntryPoint\",\"urlTemplate\":\"https:\\\/\\\/maristeurope.eu\\\/no\\\/?s={search_term_string}\"},\"query-input\":{\"@type\":\"PropertyValueSpecification\",\"valueRequired\":true,\"valueName\":\"search_term_string\"}}],\"inLanguage\":\"nb-NO\"},{\"@type\":\"Organization\",\"@id\":\"https:\\\/\\\/maristeurope.eu\\\/no\\\/#organization\",\"name\":\"Marist Europe\",\"url\":\"https:\\\/\\\/maristeurope.eu\\\/no\\\/\",\"logo\":{\"@type\":\"ImageObject\",\"inLanguage\":\"nb-NO\",\"@id\":\"https:\\\/\\\/maristeurope.eu\\\/no\\\/#\\\/schema\\\/logo\\\/image\\\/\",\"url\":\"https:\\\/\\\/maristeurope.eu\\\/wp-content\\\/uploads\\\/2024\\\/10\\\/EU-SM-Finalogo-02.png\",\"contentUrl\":\"https:\\\/\\\/maristeurope.eu\\\/wp-content\\\/uploads\\\/2024\\\/10\\\/EU-SM-Finalogo-02.png\",\"width\":150,\"height\":156,\"caption\":\"Marist Europe\"},\"image\":{\"@id\":\"https:\\\/\\\/maristeurope.eu\\\/no\\\/#\\\/schema\\\/logo\\\/image\\\/\"}}]}<\/script>\n<!-- \/ Yoast SEO plugin. -->","yoast_head_json":{"title":"Personvernregler for Society of Mary in Europe - Marist Europe","robots":{"index":"index","follow":"follow","max-snippet":"max-snippet:-1","max-image-preview":"max-image-preview:large","max-video-preview":"max-video-preview:-1"},"canonical":"https:\/\/maristeurope.eu\/no\/retningslinjer-for-personvern\/","og_locale":"nb_NO","og_type":"article","og_title":"Personvernregler for Society of Mary in Europe - Marist Europe","og_description":"&nbsp; &nbsp; &nbsp; &nbsp; Retningslinjer for personvern &nbsp; Dette er den prim\u00e6re nettsiden til Mariasamfunnet i Europa. V\u00e5rt europeiske provinshus ligger i Frankrike: 104 rue de Vaugirard, 75006 Paris, og kan kontaktes via e-post p\u00e5 info@maristeurope.eu. Vi har vedtatt denne personvernerkl\u00e6ringen for \u00e5 vise at vi er opptatt av personvern. Denne personvernerkl\u00e6ringen beskriver v\u00e5r praksis [&hellip;]","og_url":"https:\/\/maristeurope.eu\/no\/retningslinjer-for-personvern\/","og_site_name":"Marist Europe","article_modified_time":"2025-03-13T17:18:47+00:00","twitter_card":"summary_large_image","twitter_misc":{"Ansl. lesetid":"6 minutter"},"schema":{"@context":"https:\/\/schema.org","@graph":[{"@type":"WebPage","@id":"https:\/\/maristeurope.eu\/no\/retningslinjer-for-personvern\/","url":"https:\/\/maristeurope.eu\/no\/retningslinjer-for-personvern\/","name":"Personvernregler for Society of Mary in Europe - Marist Europe","isPartOf":{"@id":"https:\/\/maristeurope.eu\/no\/#website"},"datePublished":"2024-10-04T05:42:42+00:00","dateModified":"2025-03-13T17:18:47+00:00","breadcrumb":{"@id":"https:\/\/maristeurope.eu\/no\/retningslinjer-for-personvern\/#breadcrumb"},"inLanguage":"nb-NO","potentialAction":[{"@type":"ReadAction","target":["https:\/\/maristeurope.eu\/no\/retningslinjer-for-personvern\/"]}]},{"@type":"BreadcrumbList","@id":"https:\/\/maristeurope.eu\/no\/retningslinjer-for-personvern\/#breadcrumb","itemListElement":[{"@type":"ListItem","position":1,"name":"Home","item":"https:\/\/maristeurope.eu\/no\/marister\/"},{"@type":"ListItem","position":2,"name":"Personvernregler for Society of Mary in Europe"}]},{"@type":"WebSite","@id":"https:\/\/maristeurope.eu\/no\/#website","url":"https:\/\/maristeurope.eu\/no\/","name":"Marist Europe","description":"","publisher":{"@id":"https:\/\/maristeurope.eu\/no\/#organization"},"potentialAction":[{"@type":"SearchAction","target":{"@type":"EntryPoint","urlTemplate":"https:\/\/maristeurope.eu\/no\/?s={search_term_string}"},"query-input":{"@type":"PropertyValueSpecification","valueRequired":true,"valueName":"search_term_string"}}],"inLanguage":"nb-NO"},{"@type":"Organization","@id":"https:\/\/maristeurope.eu\/no\/#organization","name":"Marist Europe","url":"https:\/\/maristeurope.eu\/no\/","logo":{"@type":"ImageObject","inLanguage":"nb-NO","@id":"https:\/\/maristeurope.eu\/no\/#\/schema\/logo\/image\/","url":"https:\/\/maristeurope.eu\/wp-content\/uploads\/2024\/10\/EU-SM-Finalogo-02.png","contentUrl":"https:\/\/maristeurope.eu\/wp-content\/uploads\/2024\/10\/EU-SM-Finalogo-02.png","width":150,"height":156,"caption":"Marist Europe"},"image":{"@id":"https:\/\/maristeurope.eu\/no\/#\/schema\/logo\/image\/"}}]}},"_links":{"self":[{"href":"https:\/\/maristeurope.eu\/no\/wp-json\/wp\/v2\/pages\/3680","targetHints":{"allow":["GET"]}}],"collection":[{"href":"https:\/\/maristeurope.eu\/no\/wp-json\/wp\/v2\/pages"}],"about":[{"href":"https:\/\/maristeurope.eu\/no\/wp-json\/wp\/v2\/types\/page"}],"author":[{"embeddable":true,"href":"https:\/\/maristeurope.eu\/no\/wp-json\/wp\/v2\/users\/1"}],"replies":[{"embeddable":true,"href":"https:\/\/maristeurope.eu\/no\/wp-json\/wp\/v2\/comments?post=3680"}],"version-history":[{"count":11,"href":"https:\/\/maristeurope.eu\/no\/wp-json\/wp\/v2\/pages\/3680\/revisions"}],"predecessor-version":[{"id":4855,"href":"https:\/\/maristeurope.eu\/no\/wp-json\/wp\/v2\/pages\/3680\/revisions\/4855"}],"wp:attachment":[{"href":"https:\/\/maristeurope.eu\/no\/wp-json\/wp\/v2\/media?parent=3680"}],"curies":[{"name":"wp","href":"https:\/\/api.w.org\/{rel}","templated":true}]}}