{"id":3669,"date":"2024-11-27T08:36:28","date_gmt":"2024-11-27T07:36:28","guid":{"rendered":"https:\/\/marist.sjdigitaldemo.ovh\/tyskland\/"},"modified":"2026-05-07T08:29:25","modified_gmt":"2026-05-07T06:29:25","slug":"tyskland","status":"publish","type":"page","link":"https:\/\/maristeurope.eu\/no\/lokalsamfunn\/tyskland\/","title":{"rendered":"Tyskland"},"content":{"rendered":"\n<div class=\"et_pb_section_0 et_pb_section et_section_regular et_block_section section_has_divider et_pb_bottom_divider\"><div class=\"et_pb_row_0 et_pb_row et_pb_equal_columns et_block_row et_animated preset--module--divi-row--default\"><div class=\"et_pb_column_0 et_pb_column et_pb_column_4_4 et-last-child et_block_column et_pb_css_mix_blend_mode_passthrough\"><div class=\"et_pb_text_0 et_pb_text et_pb_bg_layout_light et_pb_module et_block_module\"><div class=\"et_pb_text_inner\"><h1>Tyskland<\/h1>\n<\/div><\/div><\/div><\/div><div class=\"et_pb_bottom_inside_divider et-no-transition\"><\/div><\/div><div class=\"et_pb_section_1 et_pb_section et_section_regular et_block_section\"><div class=\"et_pb_row_1 et_pb_row et_block_row preset--module--divi-row--default\"><div class=\"et_pb_column_1 et_pb_column et_pb_column_4_4 et-last-child et_block_column et_pb_css_mix_blend_mode_passthrough\"><div class=\"et_pb_code_0 et_pb_code et_pb_module\"><div class=\"et_pb_code_inner\"><div class=\"sjd-locations-grid\"><div class=\"sjd-location-card\">  <div class=\"sjd-card-column sjd-column-name\">      <h2>Passau<\/h2>  <\/div>  <div class=\"sjd-card-column sjd-column-description\"><p>I 1978 \u00e5pnet maristene et kommunitet i Passau for \u00e5 v\u00e6re i n\u00e6rheten av det lokale universitetet. Kommunitetets medlemmer er ansvarlige for Votivkirche, et oratorium for b\u00f8nn og eukaristisk tilbedelse i g\u00e5gaten i sentrum av byen. Som en del av oppdraget organiserer de telefonr\u00e5dgivningstjenesten i samarbeid med et stort team av frivillige.  <\/p><\/div>  <div class=\"sjd-card-column sjd-column-contact\">      <h3>Contact<\/h3><p>Maristenkloster, Heiliggeistgasse 2, DE-94032 Passau, Germany<\/p><p>+49 851 988528-0<\/p><p><a href=\"mailto:Maristen.passau@gmail.com\">Maristen.passau@gmail.com<\/a><\/p>  <\/div><\/div><div class=\"sjd-location-card\">  <div class=\"sjd-card-column sjd-column-name\">      <h2>Meppen<\/h2>  <\/div>  <div class=\"sjd-card-column sjd-column-description\"><p>I 1899 slo maristene seg ned i Meppen, en by i det nordvestlige Tyskland. De grunnla en skole for \u00e5 utdanne gutter fra de omkringliggende landsbyene, og mange av dem ble misjon\u00e6rer i Oseania. I dag bor det et fellesskap av pensjonerte marister i tilknytning til den gamle bygningen som huser bisped\u00f8mmets skole, Gymnasium Marianum.  <\/p><\/div>  <div class=\"sjd-card-column sjd-column-contact\">      <h3>Contact<\/h3><p>Maristenkloster, Herzog-Arenberg-Stra\u00dfe 65, DE-49716 Meppen, Germany<\/p><p>+49 5931 9354-0<\/p><p><a href=\"mailto:Maristen.meppen@ewetel.net\">Maristen.meppen@ewetel.net<\/a><\/p>  <\/div><\/div><div class=\"sjd-location-card\">  <div class=\"sjd-card-column sjd-column-name\">      <h2>F\u00fcrstenzell<\/h2>  <\/div>  <div class=\"sjd-card-column sjd-column-description\"><p>Siden 1931 har maristene v\u00e6rt til stede i F\u00fcrstenzell i Niederbayern. De grunnla en skole i et tidligere cistercienserkloster, og i flere ti\u00e5r var huset ogs\u00e5 hjem for seminaristene. I dag bor de pensjonerte maristene i en mindre bygning ved siden av den tidligere cistercienserresidensen.  <\/p><\/div>  <div class=\"sjd-card-column sjd-column-contact\">      <h3>Contact<\/h3><p>Maristenkloster, Maristenweg 7, DE-94081 F\u00fcrstenzell, Germany<\/p><p>+49 8502 9110-0<\/p>  <\/div><\/div><\/div><\/div><\/div><\/div><\/div><\/div><div class=\"et_pb_section_2 et_pb_section et_section_regular et_block_section\"><div class=\"et_pb_row_2 et_pb_row et_pb_row_4col et_pb_equal_columns et_pb_gutters2 et_block_row et_block_row_4col preset--module--divi-row--default\"><div class=\"et_pb_column_2 et_pb_column et_pb_column_1_4 et_block_column et_pb_css_mix_blend_mode_passthrough et_clickable\"><div class=\"et_pb_text_1 et_pb_text et_pb_bg_layout_light et_pb_module et_block_module et_pb_text_align_center\"><div class=\"et_pb_text_inner\"><p>England<\/p>\n<\/div><\/div><\/div><div class=\"et_pb_column_3 et_pb_column et_pb_column_1_4 et_block_column et_pb_css_mix_blend_mode_passthrough et_clickable\"><div class=\"et_pb_text_2 et_pb_text et_pb_bg_layout_light et_pb_module et_block_module et_pb_text_align_center\"><div class=\"et_pb_text_inner\"><p>France<\/p>\n<\/div><\/div><\/div><div class=\"et_pb_column_4 et_pb_column et_pb_column_1_4 et_block_column et_pb_css_mix_blend_mode_passthrough et_clickable\"><div class=\"et_pb_text_3 et_pb_text et_pb_bg_layout_light et_pb_module et_block_module et_pb_text_align_center\"><div class=\"et_pb_text_inner\"><p>Germany<\/p>\n<\/div><\/div><\/div><div class=\"et_pb_column_5 et_pb_column et_pb_column_1_4 et-last-child et_block_column et_pb_css_mix_blend_mode_passthrough et_clickable\"><div class=\"et_pb_text_4 et_pb_text et_pb_bg_layout_light et_pb_module et_block_module et_pb_text_align_center\"><div class=\"et_pb_text_inner\"><p>Ireland<\/p>\n<\/div><\/div><\/div><\/div><div class=\"et_pb_row_3 et_pb_row et_pb_row_4col et_pb_equal_columns et_pb_gutters2 et_block_row et_block_row_4col preset--module--divi-row--default\"><div class=\"et_pb_column_6 et_pb_column et_pb_column_1_4 et_block_column et_pb_css_mix_blend_mode_passthrough et_clickable\"><div class=\"et_pb_text_5 et_pb_text et_pb_bg_layout_light et_pb_module et_block_module et_pb_text_align_center\"><div class=\"et_pb_text_inner\"><p>Italy<\/p>\n<\/div><\/div><\/div><div class=\"et_pb_column_7 et_pb_column et_pb_column_1_4 et_block_column et_pb_css_mix_blend_mode_passthrough et_clickable\"><div class=\"et_pb_text_6 et_pb_text et_pb_bg_layout_light et_pb_module et_block_module et_pb_text_align_center\"><div class=\"et_pb_text_inner\"><p>Norway<\/p>\n<\/div><\/div><\/div><div class=\"et_pb_column_8 et_pb_column et_pb_column_1_4 et_block_column et_pb_css_mix_blend_mode_passthrough et_clickable\"><div class=\"et_pb_text_7 et_pb_text et_pb_bg_layout_light et_pb_module et_block_module et_pb_text_align_center\"><div class=\"et_pb_text_inner\"><p>Spain<\/p>\n<\/div><\/div><\/div><div class=\"et_pb_column_9 et_pb_column et_pb_column_1_4 et-last-child et_block_column et_pb_css_mix_blend_mode_passthrough et_clickable\"><div class=\"et_pb_text_8 et_pb_text et_pb_bg_layout_light et_pb_module et_block_module et_pb_text_align_center\"><div class=\"et_pb_text_inner\"><p>The Netherlands<\/p>\n<\/div><\/div><\/div><\/div><\/div>\n","protected":false},"excerpt":{"rendered":"","protected":false},"author":1,"featured_media":0,"parent":3689,"menu_order":0,"comment_status":"closed","ping_status":"closed","template":"","meta":{"footnotes":""},"class_list":["post-3669","page","type-page","status-publish","hentry"],"yoast_head":"<!-- This site is optimized with the Yoast SEO plugin v27.5 - https:\/\/yoast.com\/product\/yoast-seo-wordpress\/ -->\n<title>Tyskland - Marist Europe<\/title>\n<meta name=\"robots\" content=\"index, follow, max-snippet:-1, max-image-preview:large, max-video-preview:-1\" \/>\n<link rel=\"canonical\" href=\"https:\/\/maristeurope.eu\/no\/lokalsamfunn\/tyskland\/\" \/>\n<meta property=\"og:locale\" content=\"nb_NO\" \/>\n<meta property=\"og:type\" content=\"article\" \/>\n<meta property=\"og:title\" content=\"Tyskland - Marist Europe\" \/>\n<meta property=\"og:url\" content=\"https:\/\/maristeurope.eu\/no\/lokalsamfunn\/tyskland\/\" \/>\n<meta property=\"og:site_name\" content=\"Marist Europe\" \/>\n<meta property=\"article:modified_time\" content=\"2026-05-07T06:29:25+00:00\" \/>\n<meta name=\"twitter:card\" content=\"summary_large_image\" \/>\n<script type=\"application\/ld+json\" class=\"yoast-schema-graph\">{\"@context\":\"https:\\\/\\\/schema.org\",\"@graph\":[{\"@type\":\"WebPage\",\"@id\":\"https:\\\/\\\/maristeurope.eu\\\/no\\\/lokalsamfunn\\\/tyskland\\\/\",\"url\":\"https:\\\/\\\/maristeurope.eu\\\/no\\\/lokalsamfunn\\\/tyskland\\\/\",\"name\":\"Tyskland - Marist Europe\",\"isPartOf\":{\"@id\":\"https:\\\/\\\/maristeurope.eu\\\/no\\\/#website\"},\"datePublished\":\"2024-11-27T07:36:28+00:00\",\"dateModified\":\"2026-05-07T06:29:25+00:00\",\"breadcrumb\":{\"@id\":\"https:\\\/\\\/maristeurope.eu\\\/no\\\/lokalsamfunn\\\/tyskland\\\/#breadcrumb\"},\"inLanguage\":\"nb-NO\",\"potentialAction\":[{\"@type\":\"ReadAction\",\"target\":[\"https:\\\/\\\/maristeurope.eu\\\/no\\\/lokalsamfunn\\\/tyskland\\\/\"]}]},{\"@type\":\"BreadcrumbList\",\"@id\":\"https:\\\/\\\/maristeurope.eu\\\/no\\\/lokalsamfunn\\\/tyskland\\\/#breadcrumb\",\"itemListElement\":[{\"@type\":\"ListItem\",\"position\":1,\"name\":\"Home\",\"item\":\"https:\\\/\\\/maristeurope.eu\\\/no\\\/\"},{\"@type\":\"ListItem\",\"position\":2,\"name\":\"Lokalsamfunn\",\"item\":\"https:\\\/\\\/maristeurope.eu\\\/no\\\/communities\\\/\"},{\"@type\":\"ListItem\",\"position\":3,\"name\":\"Tyskland\"}]},{\"@type\":\"WebSite\",\"@id\":\"https:\\\/\\\/maristeurope.eu\\\/no\\\/#website\",\"url\":\"https:\\\/\\\/maristeurope.eu\\\/no\\\/\",\"name\":\"Marist Europe\",\"description\":\"\",\"publisher\":{\"@id\":\"https:\\\/\\\/maristeurope.eu\\\/no\\\/#organization\"},\"potentialAction\":[{\"@type\":\"SearchAction\",\"target\":{\"@type\":\"EntryPoint\",\"urlTemplate\":\"https:\\\/\\\/maristeurope.eu\\\/no\\\/?s={search_term_string}\"},\"query-input\":{\"@type\":\"PropertyValueSpecification\",\"valueRequired\":true,\"valueName\":\"search_term_string\"}}],\"inLanguage\":\"nb-NO\"},{\"@type\":\"Organization\",\"@id\":\"https:\\\/\\\/maristeurope.eu\\\/no\\\/#organization\",\"name\":\"Marist Europe\",\"url\":\"https:\\\/\\\/maristeurope.eu\\\/no\\\/\",\"logo\":{\"@type\":\"ImageObject\",\"inLanguage\":\"nb-NO\",\"@id\":\"https:\\\/\\\/maristeurope.eu\\\/no\\\/#\\\/schema\\\/logo\\\/image\\\/\",\"url\":\"https:\\\/\\\/maristeurope.eu\\\/wp-content\\\/uploads\\\/2024\\\/10\\\/EU-SM-Finalogo-02.png\",\"contentUrl\":\"https:\\\/\\\/maristeurope.eu\\\/wp-content\\\/uploads\\\/2024\\\/10\\\/EU-SM-Finalogo-02.png\",\"width\":150,\"height\":156,\"caption\":\"Marist Europe\"},\"image\":{\"@id\":\"https:\\\/\\\/maristeurope.eu\\\/no\\\/#\\\/schema\\\/logo\\\/image\\\/\"}}]}<\/script>\n<!-- \/ Yoast SEO plugin. -->","yoast_head_json":{"title":"Tyskland - Marist Europe","robots":{"index":"index","follow":"follow","max-snippet":"max-snippet:-1","max-image-preview":"max-image-preview:large","max-video-preview":"max-video-preview:-1"},"canonical":"https:\/\/maristeurope.eu\/no\/lokalsamfunn\/tyskland\/","og_locale":"nb_NO","og_type":"article","og_title":"Tyskland - Marist Europe","og_url":"https:\/\/maristeurope.eu\/no\/lokalsamfunn\/tyskland\/","og_site_name":"Marist Europe","article_modified_time":"2026-05-07T06:29:25+00:00","twitter_card":"summary_large_image","schema":{"@context":"https:\/\/schema.org","@graph":[{"@type":"WebPage","@id":"https:\/\/maristeurope.eu\/no\/lokalsamfunn\/tyskland\/","url":"https:\/\/maristeurope.eu\/no\/lokalsamfunn\/tyskland\/","name":"Tyskland - Marist Europe","isPartOf":{"@id":"https:\/\/maristeurope.eu\/no\/#website"},"datePublished":"2024-11-27T07:36:28+00:00","dateModified":"2026-05-07T06:29:25+00:00","breadcrumb":{"@id":"https:\/\/maristeurope.eu\/no\/lokalsamfunn\/tyskland\/#breadcrumb"},"inLanguage":"nb-NO","potentialAction":[{"@type":"ReadAction","target":["https:\/\/maristeurope.eu\/no\/lokalsamfunn\/tyskland\/"]}]},{"@type":"BreadcrumbList","@id":"https:\/\/maristeurope.eu\/no\/lokalsamfunn\/tyskland\/#breadcrumb","itemListElement":[{"@type":"ListItem","position":1,"name":"Home","item":"https:\/\/maristeurope.eu\/no\/"},{"@type":"ListItem","position":2,"name":"Lokalsamfunn","item":"https:\/\/maristeurope.eu\/no\/communities\/"},{"@type":"ListItem","position":3,"name":"Tyskland"}]},{"@type":"WebSite","@id":"https:\/\/maristeurope.eu\/no\/#website","url":"https:\/\/maristeurope.eu\/no\/","name":"Marist Europe","description":"","publisher":{"@id":"https:\/\/maristeurope.eu\/no\/#organization"},"potentialAction":[{"@type":"SearchAction","target":{"@type":"EntryPoint","urlTemplate":"https:\/\/maristeurope.eu\/no\/?s={search_term_string}"},"query-input":{"@type":"PropertyValueSpecification","valueRequired":true,"valueName":"search_term_string"}}],"inLanguage":"nb-NO"},{"@type":"Organization","@id":"https:\/\/maristeurope.eu\/no\/#organization","name":"Marist Europe","url":"https:\/\/maristeurope.eu\/no\/","logo":{"@type":"ImageObject","inLanguage":"nb-NO","@id":"https:\/\/maristeurope.eu\/no\/#\/schema\/logo\/image\/","url":"https:\/\/maristeurope.eu\/wp-content\/uploads\/2024\/10\/EU-SM-Finalogo-02.png","contentUrl":"https:\/\/maristeurope.eu\/wp-content\/uploads\/2024\/10\/EU-SM-Finalogo-02.png","width":150,"height":156,"caption":"Marist Europe"},"image":{"@id":"https:\/\/maristeurope.eu\/no\/#\/schema\/logo\/image\/"}}]}},"_links":{"self":[{"href":"https:\/\/maristeurope.eu\/no\/wp-json\/wp\/v2\/pages\/3669","targetHints":{"allow":["GET"]}}],"collection":[{"href":"https:\/\/maristeurope.eu\/no\/wp-json\/wp\/v2\/pages"}],"about":[{"href":"https:\/\/maristeurope.eu\/no\/wp-json\/wp\/v2\/types\/page"}],"author":[{"embeddable":true,"href":"https:\/\/maristeurope.eu\/no\/wp-json\/wp\/v2\/users\/1"}],"replies":[{"embeddable":true,"href":"https:\/\/maristeurope.eu\/no\/wp-json\/wp\/v2\/comments?post=3669"}],"version-history":[{"count":4,"href":"https:\/\/maristeurope.eu\/no\/wp-json\/wp\/v2\/pages\/3669\/revisions"}],"predecessor-version":[{"id":10768,"href":"https:\/\/maristeurope.eu\/no\/wp-json\/wp\/v2\/pages\/3669\/revisions\/10768"}],"up":[{"embeddable":true,"href":"https:\/\/maristeurope.eu\/no\/wp-json\/wp\/v2\/pages\/3689"}],"wp:attachment":[{"href":"https:\/\/maristeurope.eu\/no\/wp-json\/wp\/v2\/media?parent=3669"}],"curies":[{"name":"wp","href":"https:\/\/api.w.org\/{rel}","templated":true}]}}