{"id":3659,"date":"2024-11-27T11:56:05","date_gmt":"2024-11-27T10:56:05","guid":{"rendered":"https:\/\/marist.sjdigitaldemo.ovh\/maristfamilien\/"},"modified":"2026-05-07T08:34:20","modified_gmt":"2026-05-07T06:34:20","slug":"maristfamilien","status":"publish","type":"page","link":"https:\/\/maristeurope.eu\/no\/om-oss\/maristfamilien\/","title":{"rendered":"Maristfamilien"},"content":{"rendered":"\n<div class=\"et_pb_section_0 et_pb_section et_section_regular et_block_section section_has_divider et_pb_bottom_divider\"><div class=\"et_pb_row_0 et_pb_row et_pb_equal_columns et_block_row et_animated preset--module--divi-row--default\"><div class=\"et_pb_column_0 et_pb_column et_pb_column_4_4 et-last-child et_block_column et_pb_css_mix_blend_mode_passthrough\"><div class=\"et_pb_text_0 et_pb_text et_pb_bg_layout_light et_pb_module et_block_module\"><div class=\"et_pb_text_inner\"><h2>Maristfamilien<\/h2>\n<\/div><\/div><\/div><\/div><div class=\"et_pb_bottom_inside_divider et-no-transition\"><\/div><\/div><div class=\"et_pb_section_1 et_pb_section et_section_regular et_block_section\"><div class=\"et_pb_row_1 et_pb_row et_pb_equal_columns et_block_row preset--module--divi-row--default\"><div class=\"et_pb_column_1 et_pb_column et_pb_column_2_3 et_block_column et_pb_css_mix_blend_mode_passthrough et_animated\"><div class=\"et_pb_text_1 et_pb_text et_pb_bg_layout_light et_pb_module et_block_module\"><div class=\"et_pb_text_inner\"><p>\"Mariasamfunnet\" ble f\u00f8dt 23. juli 1816, ved Notre-Dame de Fourvi\u00e8re-helligdommen (i Lyon, Frankrike).<\/p>\n<p>Grunnleggerne: en gruppe p\u00e5 tolv seminarister, blant dem Jean-Claude Colin og Marcellin Champagnat. Deres visjon ble altomfattende: Dette \"Mariasamfunnet\" som de forpliktet seg til, skulle i \u00e9n og samme bevegelse omfatte prester, br\u00f8dre, s\u00f8stre og en tredje orden av lekfolk. Det skulle v\u00e6re <strong>en \"familie\" med fire grener.<\/strong>  <\/p>\n<p>  De var bundet sammen av et \u00e5ndelig ideal: \u00e5 stille seg selv, som Maria, til tjeneste for Kirken gjennom et arbeid som var diskret og skjult, men likevel sjener\u00f8st og dynamisk.<\/p>\n<\/div><\/div><\/div><div class=\"et_pb_column_2 et_pb_column et_pb_column_1_3 et-last-child et_block_column et_pb_css_mix_blend_mode_passthrough et_animated\"><div class=\"et_pb_image_0 et_pb_image et_pb_module et_block_module\"><span class=\"et_pb_image_wrap\"><img loading=\"lazy\" decoding=\"async\" src=\"https:\/\/maristeurope.eu\/wp-content\/uploads\/2025\/01\/Marist-Family-tree.jpg\" width=\"705\" height=\"600\" srcset=\"https:\/\/maristeurope.eu\/wp-content\/uploads\/2025\/01\/Marist-Family-tree.jpg 705w, https:\/\/maristeurope.eu\/wp-content\/uploads\/2025\/01\/Marist-Family-tree-480x409.jpg 480w\" sizes=\"(min-width: 0px) and (max-width: 480px) 480px, (min-width: 481px) 705px, 100vw\" class=\"wp-image-1037\" title=\"Marist Familietre\" \/><\/span><\/div><\/div><\/div><\/div><div class=\"et_pb_section_2 et_pb_section et_section_regular et_block_section section_has_divider et_pb_top_divider\"><div class=\"et_pb_top_inside_divider et-no-transition\"><\/div><span class=\"et_pb_background_pattern\"><\/span><div class=\"et_pb_row_2 et_pb_row et_pb_equal_columns et_block_row et_animated preset--module--divi-row--default\"><div class=\"et_pb_column_3 et_pb_column et_pb_column_2_5 et_block_column et_pb_css_mix_blend_mode_passthrough\"><div class=\"et_pb_text_2 et_pb_text et_pb_bg_layout_light et_animated et_pb_module et_block_module et_pb_text_align_right\"><div class=\"et_pb_text_inner\"><h1>Maristfedrene og -br\u00f8drene i Mariasamfunnet<\/h1>\n<\/div><\/div><\/div><div class=\"et_pb_column_4 et_pb_column et_pb_column_3_5 et-last-child et_block_column et_pb_css_mix_blend_mode_passthrough\"><div class=\"et_pb_text_3 et_pb_text et_pb_bg_layout_light et_animated et_pb_module et_block_module\"><div class=\"et_pb_text_inner\"><p>Med pater Jean Claude Colin ble grunnleggelsen av et selskap med Marias navn \"for \u00e5<strong>m\u00f8te de store behovene til menneskene<\/strong>\" en realitet. I et avkristnet Frankrike drev maristfedrene misjon p\u00e5 landsbygda og opprettet skoler. I 1836 gikk de, etter anmodning fra paven, med p\u00e5 \u00e5 reise til Oseania og etablere nye misjonsomr\u00e5der. I dag er det rundt 600 medlemmer p\u00e5 fem kontinenter.   <\/p>\n<\/div><\/div><\/div><\/div><div class=\"et_pb_row_3 et_pb_row et_pb_equal_columns et_block_row et_animated preset--module--divi-row--default\"><div class=\"et_pb_column_5 et_pb_column et_pb_column_4_4 et-last-child et_block_column et_pb_css_mix_blend_mode_passthrough\"><div class=\"et_pb_text_4 et_pb_text et_pb_bg_layout_light et_animated et_pb_module et_block_module et_pb_text_align_center\"><div class=\"et_pb_text_inner\"><p><em>\"<strong>\u00c5 v\u00e6re marist er \u00e5 v\u00e6re kalt og utvalgt, gjennom en kj\u00e6rlighet som er skjenket oss av fri vilje, til \u00e5 leve evangeliet slik Maria gjorde det, i et samfunn som b\u00e6rer hennes navn<\/strong><\/em>\".<\/p>\n<p>Maristfedrenes konstitusjoner<\/p>\n<\/div><\/div><div class=\"et_pb_module et_pb_button_module_wrapper et_pb_button_0_wrapper\"><a class=\"et_pb_button_0 et_pb_button et_pb_bg_layout_light et_animated et_pb_module et_block_module\" href=\"\">maristsm.org<\/a><\/div><\/div><\/div><\/div><div class=\"et_pb_section_3 et_pb_section et_section_regular et_block_section section_has_divider et_pb_top_divider et_pb_bottom_divider\"><div class=\"et_pb_top_inside_divider et-no-transition\"><\/div><div class=\"et_pb_row_4 et_pb_row et_pb_equal_columns et_block_row et_animated preset--module--divi-row--default\"><div class=\"et_pb_column_6 et_pb_column et_pb_column_2_5 et_block_column et_pb_css_mix_blend_mode_passthrough\"><div class=\"et_pb_text_5 et_pb_text et_pb_bg_layout_light et_animated et_pb_module et_block_module et_pb_text_align_right\"><div class=\"et_pb_text_inner\"><h1><strong><em>Maristbr\u00f8drene  <\/em><\/strong><\/h1>\n<\/div><\/div><\/div><div class=\"et_pb_column_7 et_pb_column et_pb_column_3_5 et-last-child et_block_column et_pb_css_mix_blend_mode_passthrough\"><div class=\"et_pb_text_6 et_pb_text et_pb_bg_layout_light et_animated et_pb_module et_block_module\"><div class=\"et_pb_text_inner\"><p>Maristbr\u00f8drene ble stiftet i<strong> 1817<\/strong> som et svar p\u00e5 de unges og de fattiges \u00e5ndelige, utdanningsmessige og fysiske behov. Grunnleggeren, en ung fransk maristpater, Marcellin Champagnat, var en del av Fourvi\u00e8re-gruppen p\u00e5 tolv, og han svarte p\u00e5 disse behovene ved \u00e5 utdanne unge menn til l\u00e6rere. Rundt 2400 maristbr\u00f8dre arbeider n\u00e5 i mer enn 60 land p\u00e5 skoler og i andre utdannings-, utviklings- og kateketiske prosjekter.  <\/p>\n<\/div><\/div><\/div><\/div><div class=\"et_pb_row_5 et_pb_row et_block_row preset--module--divi-row--default\"><div class=\"et_pb_column_8 et_pb_column et_pb_column_4_4 et-last-child et_block_column et_pb_css_mix_blend_mode_passthrough\"><div class=\"et_pb_text_7 et_pb_text et_pb_bg_layout_light et_animated et_pb_module et_block_module et_pb_text_align_center\"><div class=\"et_pb_text_inner\"><p><em>\"<strong>Vi gj\u00f8r v\u00e5rt beste for \u00e5 v\u00e6re trofaste mot den oppstandne Frelserens \u00c5nd, som gir oss, slik han gjorde med de f\u00f8rste kristne, n\u00e5den til \u00e5 leve \"ett i sinn og hjerte<\/strong>\".<\/em><\/p>\n<p>Maristbr\u00f8drenes konstitusjoner<\/p>\n<\/div><\/div><div class=\"et_pb_module et_pb_button_module_wrapper et_pb_button_1_wrapper\"><a class=\"et_pb_button_1 et_pb_button et_pb_bg_layout_light et_animated et_pb_module et_block_module\" href=\"https:\/\/champagnat.org\">champagnat.org<\/a><\/div><\/div><\/div><div class=\"et_pb_bottom_inside_divider et-no-transition\"><\/div><\/div><div class=\"et_pb_section_4 et_pb_section et_section_regular et_block_section\"><span class=\"et_pb_background_pattern\"><\/span><div class=\"et_pb_row_6 et_pb_row et_pb_equal_columns et_block_row et_animated preset--module--divi-row--default\"><div class=\"et_pb_column_9 et_pb_column et_pb_column_1_2 et_block_column et_pb_css_mix_blend_mode_passthrough\"><div class=\"et_pb_text_8 et_pb_text et_pb_bg_layout_light et_animated et_pb_module et_block_module\"><div class=\"et_pb_text_inner\"><p>Den f\u00f8rste kvinnegrenen av Mariasamfunnet startet i Frankrike i Cerdon i 1817 og fortsatte \u00e5 utvikle seg i Belley, takket v\u00e6re Jeanne Marie Chavoins innsikt og iver. Marists\u00f8strene anerkjenner Jean-Claude Colin som sin grunnlegger og Jeanne-Marie Chavoin som sin grunnleggerinne. Etter hennes eksempel <strong>lever Marists\u00f8strene i dag ut sitt oppdrag i kirken, s\u00e6rlig blant unge mennesker, fattige og syke, i Europa, Australia og Oseania, Amerika og Afrika.<\/strong>  <\/p>\n<\/div><\/div><\/div><div class=\"et_pb_column_10 et_pb_column et_pb_column_1_2 et-last-child et_block_column et_pb_css_mix_blend_mode_passthrough\"><div class=\"et_pb_text_9 et_pb_text et_pb_bg_layout_light et_animated et_pb_module et_block_module et_pb_text_align_right\"><div class=\"et_pb_text_inner\"><h1 style=\"text-align: left;\"><strong><em>Marists\u00f8strene  <\/em><\/strong><\/h1>\n<\/div><\/div><\/div><\/div><div class=\"et_pb_row_7 et_pb_row et_block_row preset--module--divi-row--default\"><div class=\"et_pb_column_11 et_pb_column et_pb_column_4_4 et-last-child et_block_column et_pb_css_mix_blend_mode_passthrough\"><div class=\"et_pb_text_10 et_pb_text et_pb_bg_layout_light et_animated et_pb_module et_block_module et_pb_text_align_center\"><div class=\"et_pb_text_inner\"><p><em>\"<strong>V\u00e5r kongregasjon kjennetegnes av \u00f8nsket om \u00e5 gj\u00f8re Marias mysterium i kirken til den daglige inspirasjon for sitt liv og sin virksomhet, og ikke av noe spesielt arbeid eller av \u00e5 fremme noen spesiell form for Maria-andakt<\/strong>.\"<\/em><\/p>\n<p>Marists\u00f8strenes konstitusjoner<\/p>\n<\/div><\/div><div class=\"et_pb_module et_pb_button_module_wrapper et_pb_button_2_wrapper\"><a class=\"et_pb_button_2 et_pb_button et_pb_bg_layout_light et_animated et_pb_module et_block_module\" href=\"https:\/\/www.marists.net%20\">marists.net  <\/a><\/div><\/div><\/div><\/div><div class=\"et_pb_section_5 et_pb_section et_section_regular et_block_section section_has_divider et_pb_top_divider et_pb_bottom_divider\"><div class=\"et_pb_top_inside_divider et-no-transition\"><\/div><div class=\"et_pb_row_8 et_pb_row et_pb_equal_columns et_block_row et_animated preset--module--divi-row--default\"><div class=\"et_pb_column_12 et_pb_column et_pb_column_2_5 et_block_column et_pb_css_mix_blend_mode_passthrough\"><div class=\"et_pb_text_11 et_pb_text et_pb_bg_layout_light et_animated et_pb_module et_block_module et_pb_text_align_right\"><div class=\"et_pb_text_inner\"><h1><strong><em>Misjon\u00e6rs\u00f8strene i Marias samfunn  <\/em><\/strong><\/h1>\n<\/div><\/div><\/div><div class=\"et_pb_column_13 et_pb_column et_pb_column_3_5 et-last-child et_block_column et_pb_css_mix_blend_mode_passthrough\"><div class=\"et_pb_text_12 et_pb_text et_pb_bg_layout_light et_animated et_pb_module et_block_module\"><div class=\"et_pb_text_inner\"><p>Grunnlagt av <strong>Fran\u00e7oise Perroton<\/strong>, en fransk legkvinne som reiste til \u00f8ya Wallis i Oseania i 1845, ikke lenge etter at de f\u00f8rste maristfedrene ankom dit. Hun levde som medlem av Marias tredje orden og tjente s\u00e6rlig kvinnene og barna p\u00e5 \u00f8ya. I 1931 ble Misjon\u00e6rs\u00f8strene i Mariasamfunnet godkjent som ordenskongregasjon.  <\/p>\n<\/div><\/div><\/div><\/div><div class=\"et_pb_row_9 et_pb_row et_block_row preset--module--divi-row--default\"><div class=\"et_pb_column_14 et_pb_column et_pb_column_4_4 et-last-child et_block_column et_pb_css_mix_blend_mode_passthrough\"><div class=\"et_pb_text_13 et_pb_text et_pb_bg_layout_light et_animated et_pb_module et_block_module et_pb_text_align_center\"><div class=\"et_pb_text_inner\"><p><em>\"<strong>Vi \u00f8nsker \u00e5 svare p\u00e5 dagens kall med pionerenes dristighet og iver. Vi \u00f8nsker \u00e5 holde liv i dette motet - enkelt, gledesfylt og forsiktig - utelukkende basert p\u00e5 Guds kj\u00e6rlighet og kraft for \u00e5 forkynne evangeliet i dets kraft og integritet, og l\u00e6re oss \u00e5 tilpasse oss ulike kulturer og livsvilk\u00e5r. <\/strong>\"<\/em><\/p>\n<p>Maristmisjon\u00e6rs\u00f8strenes konstitusjoner<\/p>\n<\/div><\/div><div class=\"et_pb_module et_pb_button_module_wrapper et_pb_button_3_wrapper\"><a class=\"et_pb_button_3 et_pb_button et_pb_bg_layout_light et_animated et_pb_module et_block_module\" href=\"http:\/\/www.smsmsisters.org%20\">smsmsisters.org  <\/a><\/div><\/div><\/div><div class=\"et_pb_bottom_inside_divider et-no-transition\"><\/div><\/div><div class=\"et_pb_section_6 et_pb_section et_section_regular et_block_section section_has_divider et_pb_bottom_divider\"><span class=\"et_pb_background_pattern\"><\/span><div class=\"et_pb_row_10 et_pb_row et_pb_equal_columns et_block_row et_animated preset--module--divi-row--default\"><div class=\"et_pb_column_15 et_pb_column et_pb_column_2_5 et_block_column et_pb_css_mix_blend_mode_passthrough\"><div class=\"et_pb_text_14 et_pb_text et_pb_bg_layout_light et_animated et_pb_module et_block_module et_pb_text_align_right\"><div class=\"et_pb_text_inner\"><h1><b>Maristfamiliens lekmannsgrener<\/b><\/h1>\n<\/div><\/div><\/div><div class=\"et_pb_column_16 et_pb_column et_pb_column_3_5 et-last-child et_block_column et_pb_css_mix_blend_mode_passthrough\"><div class=\"et_pb_text_15 et_pb_text et_pb_bg_layout_light et_animated et_pb_module et_block_module\"><div class=\"et_pb_text_inner\"><p>Den opprinnelige visjonen for Maristprosjektet var at \"hele verden skulle bli marist\", <strong>gjennom utallige lekfolks liv i Marias \u00e5nd<\/strong>. Lekfolkets engasjement i Maristfamilien ble formet av den hellige Julian Eymard som Mariasamfunnets tredje orden. Siden har det utviklet seg til et bredt spekter av maristgrupper av troende lekfolk i ulike deler av verden. Uansett navn samler disse gruppene menn og kvinner, gifte og enslige, familier og venner, som \u00f8nsker \u00e5 bli inspirert av maristenes intuisjon for \u00e5 leve ut sitt engasjement som lekfolk i kirken og i verden.   <\/p>\n<\/div><\/div><\/div><\/div><div class=\"et_pb_row_11 et_pb_row et_block_row preset--module--divi-row--default\"><div class=\"et_pb_column_17 et_pb_column et_pb_column_4_4 et-last-child et_block_column et_pb_css_mix_blend_mode_passthrough\"><div class=\"et_pb_text_16 et_pb_text et_pb_bg_layout_light et_animated et_pb_module et_block_module et_pb_text_align_center\"><div class=\"et_pb_text_inner\"><p><em>\"<span style=\"font-weight: 400;\">T<strong>et som kjennetegner maristenes lekfolk, er deres misjonsstil. De lever sin spiritualitet midt i denne verden. De er \"Marias n\u00e6rv\u00e6r\" der de andre grenene ikke n\u00e5r frem: p\u00e5 arbeidsplassen, i det sosiale livet, blant venner og naboer og i det sivile samfunnet.  <\/strong><\/span>\"<\/em><\/p>\n<p><span style=\"font-weight: 400;\">Vedtekter for det europeiske maristlaicatet<\/span><\/p>\n<\/div><\/div><\/div><\/div><div class=\"et_pb_bottom_inside_divider et-no-transition\"><\/div><\/div>\n","protected":false},"excerpt":{"rendered":"","protected":false},"author":1,"featured_media":0,"parent":3694,"menu_order":0,"comment_status":"closed","ping_status":"closed","template":"","meta":{"footnotes":""},"class_list":["post-3659","page","type-page","status-publish","hentry"],"yoast_head":"<!-- This site is optimized with the Yoast SEO plugin v27.5 - https:\/\/yoast.com\/product\/yoast-seo-wordpress\/ -->\n<title>Maristfamilien - Marist Europe<\/title>\n<meta name=\"robots\" content=\"index, follow, max-snippet:-1, max-image-preview:large, max-video-preview:-1\" \/>\n<link rel=\"canonical\" href=\"https:\/\/maristeurope.eu\/no\/om-oss\/maristfamilien\/\" \/>\n<meta property=\"og:locale\" content=\"nb_NO\" \/>\n<meta property=\"og:type\" content=\"article\" \/>\n<meta property=\"og:title\" content=\"Maristfamilien - Marist Europe\" \/>\n<meta property=\"og:url\" content=\"https:\/\/maristeurope.eu\/no\/om-oss\/maristfamilien\/\" \/>\n<meta property=\"og:site_name\" content=\"Marist Europe\" \/>\n<meta property=\"article:modified_time\" content=\"2026-05-07T06:34:20+00:00\" \/>\n<meta name=\"twitter:card\" content=\"summary_large_image\" \/>\n<script type=\"application\/ld+json\" class=\"yoast-schema-graph\">{\"@context\":\"https:\\\/\\\/schema.org\",\"@graph\":[{\"@type\":\"WebPage\",\"@id\":\"https:\\\/\\\/maristeurope.eu\\\/no\\\/om-oss\\\/maristfamilien\\\/\",\"url\":\"https:\\\/\\\/maristeurope.eu\\\/no\\\/om-oss\\\/maristfamilien\\\/\",\"name\":\"Maristfamilien - Marist Europe\",\"isPartOf\":{\"@id\":\"https:\\\/\\\/maristeurope.eu\\\/no\\\/#website\"},\"datePublished\":\"2024-11-27T10:56:05+00:00\",\"dateModified\":\"2026-05-07T06:34:20+00:00\",\"breadcrumb\":{\"@id\":\"https:\\\/\\\/maristeurope.eu\\\/no\\\/om-oss\\\/maristfamilien\\\/#breadcrumb\"},\"inLanguage\":\"nb-NO\",\"potentialAction\":[{\"@type\":\"ReadAction\",\"target\":[\"https:\\\/\\\/maristeurope.eu\\\/no\\\/om-oss\\\/maristfamilien\\\/\"]}]},{\"@type\":\"BreadcrumbList\",\"@id\":\"https:\\\/\\\/maristeurope.eu\\\/no\\\/om-oss\\\/maristfamilien\\\/#breadcrumb\",\"itemListElement\":[{\"@type\":\"ListItem\",\"position\":1,\"name\":\"Home\",\"item\":\"https:\\\/\\\/maristeurope.eu\\\/no\\\/\"},{\"@type\":\"ListItem\",\"position\":2,\"name\":\"Om oss\",\"item\":\"https:\\\/\\\/maristeurope.eu\\\/no\\\/about-us\\\/\"},{\"@type\":\"ListItem\",\"position\":3,\"name\":\"Maristfamilien\"}]},{\"@type\":\"WebSite\",\"@id\":\"https:\\\/\\\/maristeurope.eu\\\/no\\\/#website\",\"url\":\"https:\\\/\\\/maristeurope.eu\\\/no\\\/\",\"name\":\"Marist Europe\",\"description\":\"\",\"publisher\":{\"@id\":\"https:\\\/\\\/maristeurope.eu\\\/no\\\/#organization\"},\"potentialAction\":[{\"@type\":\"SearchAction\",\"target\":{\"@type\":\"EntryPoint\",\"urlTemplate\":\"https:\\\/\\\/maristeurope.eu\\\/no\\\/?s={search_term_string}\"},\"query-input\":{\"@type\":\"PropertyValueSpecification\",\"valueRequired\":true,\"valueName\":\"search_term_string\"}}],\"inLanguage\":\"nb-NO\"},{\"@type\":\"Organization\",\"@id\":\"https:\\\/\\\/maristeurope.eu\\\/no\\\/#organization\",\"name\":\"Marist Europe\",\"url\":\"https:\\\/\\\/maristeurope.eu\\\/no\\\/\",\"logo\":{\"@type\":\"ImageObject\",\"inLanguage\":\"nb-NO\",\"@id\":\"https:\\\/\\\/maristeurope.eu\\\/no\\\/#\\\/schema\\\/logo\\\/image\\\/\",\"url\":\"https:\\\/\\\/maristeurope.eu\\\/wp-content\\\/uploads\\\/2024\\\/10\\\/EU-SM-Finalogo-02.png\",\"contentUrl\":\"https:\\\/\\\/maristeurope.eu\\\/wp-content\\\/uploads\\\/2024\\\/10\\\/EU-SM-Finalogo-02.png\",\"width\":150,\"height\":156,\"caption\":\"Marist Europe\"},\"image\":{\"@id\":\"https:\\\/\\\/maristeurope.eu\\\/no\\\/#\\\/schema\\\/logo\\\/image\\\/\"}}]}<\/script>\n<!-- \/ Yoast SEO plugin. -->","yoast_head_json":{"title":"Maristfamilien - Marist Europe","robots":{"index":"index","follow":"follow","max-snippet":"max-snippet:-1","max-image-preview":"max-image-preview:large","max-video-preview":"max-video-preview:-1"},"canonical":"https:\/\/maristeurope.eu\/no\/om-oss\/maristfamilien\/","og_locale":"nb_NO","og_type":"article","og_title":"Maristfamilien - Marist Europe","og_url":"https:\/\/maristeurope.eu\/no\/om-oss\/maristfamilien\/","og_site_name":"Marist Europe","article_modified_time":"2026-05-07T06:34:20+00:00","twitter_card":"summary_large_image","schema":{"@context":"https:\/\/schema.org","@graph":[{"@type":"WebPage","@id":"https:\/\/maristeurope.eu\/no\/om-oss\/maristfamilien\/","url":"https:\/\/maristeurope.eu\/no\/om-oss\/maristfamilien\/","name":"Maristfamilien - Marist Europe","isPartOf":{"@id":"https:\/\/maristeurope.eu\/no\/#website"},"datePublished":"2024-11-27T10:56:05+00:00","dateModified":"2026-05-07T06:34:20+00:00","breadcrumb":{"@id":"https:\/\/maristeurope.eu\/no\/om-oss\/maristfamilien\/#breadcrumb"},"inLanguage":"nb-NO","potentialAction":[{"@type":"ReadAction","target":["https:\/\/maristeurope.eu\/no\/om-oss\/maristfamilien\/"]}]},{"@type":"BreadcrumbList","@id":"https:\/\/maristeurope.eu\/no\/om-oss\/maristfamilien\/#breadcrumb","itemListElement":[{"@type":"ListItem","position":1,"name":"Home","item":"https:\/\/maristeurope.eu\/no\/"},{"@type":"ListItem","position":2,"name":"Om oss","item":"https:\/\/maristeurope.eu\/no\/about-us\/"},{"@type":"ListItem","position":3,"name":"Maristfamilien"}]},{"@type":"WebSite","@id":"https:\/\/maristeurope.eu\/no\/#website","url":"https:\/\/maristeurope.eu\/no\/","name":"Marist Europe","description":"","publisher":{"@id":"https:\/\/maristeurope.eu\/no\/#organization"},"potentialAction":[{"@type":"SearchAction","target":{"@type":"EntryPoint","urlTemplate":"https:\/\/maristeurope.eu\/no\/?s={search_term_string}"},"query-input":{"@type":"PropertyValueSpecification","valueRequired":true,"valueName":"search_term_string"}}],"inLanguage":"nb-NO"},{"@type":"Organization","@id":"https:\/\/maristeurope.eu\/no\/#organization","name":"Marist Europe","url":"https:\/\/maristeurope.eu\/no\/","logo":{"@type":"ImageObject","inLanguage":"nb-NO","@id":"https:\/\/maristeurope.eu\/no\/#\/schema\/logo\/image\/","url":"https:\/\/maristeurope.eu\/wp-content\/uploads\/2024\/10\/EU-SM-Finalogo-02.png","contentUrl":"https:\/\/maristeurope.eu\/wp-content\/uploads\/2024\/10\/EU-SM-Finalogo-02.png","width":150,"height":156,"caption":"Marist Europe"},"image":{"@id":"https:\/\/maristeurope.eu\/no\/#\/schema\/logo\/image\/"}}]}},"_links":{"self":[{"href":"https:\/\/maristeurope.eu\/no\/wp-json\/wp\/v2\/pages\/3659","targetHints":{"allow":["GET"]}}],"collection":[{"href":"https:\/\/maristeurope.eu\/no\/wp-json\/wp\/v2\/pages"}],"about":[{"href":"https:\/\/maristeurope.eu\/no\/wp-json\/wp\/v2\/types\/page"}],"author":[{"embeddable":true,"href":"https:\/\/maristeurope.eu\/no\/wp-json\/wp\/v2\/users\/1"}],"replies":[{"embeddable":true,"href":"https:\/\/maristeurope.eu\/no\/wp-json\/wp\/v2\/comments?post=3659"}],"version-history":[{"count":4,"href":"https:\/\/maristeurope.eu\/no\/wp-json\/wp\/v2\/pages\/3659\/revisions"}],"predecessor-version":[{"id":10793,"href":"https:\/\/maristeurope.eu\/no\/wp-json\/wp\/v2\/pages\/3659\/revisions\/10793"}],"up":[{"embeddable":true,"href":"https:\/\/maristeurope.eu\/no\/wp-json\/wp\/v2\/pages\/3694"}],"wp:attachment":[{"href":"https:\/\/maristeurope.eu\/no\/wp-json\/wp\/v2\/media?parent=3659"}],"curies":[{"name":"wp","href":"https:\/\/api.w.org\/{rel}","templated":true}]}}