{"id":3656,"date":"2024-10-23T11:10:49","date_gmt":"2024-10-23T09:10:49","guid":{"rendered":"https:\/\/marist.sjdigitaldemo.ovh\/nyheter\/"},"modified":"2026-05-07T08:28:39","modified_gmt":"2026-05-07T06:28:39","slug":"nyheter","status":"publish","type":"page","link":"https:\/\/maristeurope.eu\/no\/nyheter\/","title":{"rendered":"Nyheter"},"content":{"rendered":"\n<div class=\"et_pb_section_0 et_pb_section et_section_regular et_block_section section_has_divider et_pb_bottom_divider\"><span class=\"et_pb_background_pattern\"><\/span><div class=\"et_pb_row_0 et_pb_row et_pb_equal_columns et_block_row et_animated preset--module--divi-row--default\"><div class=\"et_pb_column_0 et_pb_column et_pb_column_2_3 et_block_column et_pb_css_mix_blend_mode_passthrough\"><div class=\"et_pb_text_0 et_pb_text et_pb_bg_layout_light et_pb_module et_block_module\"><div class=\"et_pb_text_inner\"><h1><strong>Nyheter<\/strong><\/h1>\n<\/div><\/div><\/div><div class=\"et_pb_column_1 et_pb_column et_pb_column_1_3 et-last-child et_block_column et_pb_column_empty et_pb_css_mix_blend_mode_passthrough\"><\/div><\/div><div class=\"et_pb_bottom_inside_divider et-no-transition\"><\/div><\/div><div class=\"et_pb_section_1 et_pb_section et_section_regular et_block_section\"><div class=\"et_pb_row_1 et_pb_row et_block_row preset--module--divi-row--default\"><div class=\"et_pb_column_2 et_pb_column et_pb_column_4_4 et-last-child et_block_column et_pb_css_mix_blend_mode_passthrough\"><div class=\"et_pb_blog_0 et_pb_blog et_pb_bg_layout_light et_pb_posts et_animated et_pb_module\"><div class=\"et_pb_ajax_pagination_container\"><div class=\"et_pb_posts et_grid_module\"><article class=\"et_pb_post et_pb_post_id_10773 clearfix et_pb_blog_item_0_0 post-10773 post type-post status-publish format-standard has-post-thumbnail hentry category-uncategorized-no\"><div class=\"et_pb_image_container\"><a href=\"https:\/\/maristeurope.eu\/no\/a-dyrke-maristanden-i-skolene-vare-i-irland\/\" class=\"entry-featured-image-url\"><img loading=\"lazy\" decoding=\"async\" src=\"https:\/\/maristeurope.eu\/wp-content\/uploads\/2026\/05\/1000143931-scaled.jpg\" width=\"400\" height=\"284\" alt=\"\u00c5 dyrke marist\u00e5nden i skolene v\u00e5re i Irland\" class=\"\" srcset=\"https:\/\/maristeurope.eu\/wp-content\/uploads\/2026\/05\/1000143931-scaled.jpg 479w, https:\/\/maristeurope.eu\/wp-content\/uploads\/2026\/05\/1000143931-400x284.jpg 480w\" sizes=\"(max-width:479px) 479px, 100vw\" \/><span data-icon=\"\ue050\" class=\"et_overlay et_pb_inline_icon\"><\/span><\/a><\/div><h2 class=\"entry-title\"><a href=\"https:\/\/maristeurope.eu\/no\/a-dyrke-maristanden-i-skolene-vare-i-irland\/\">\u00c5 dyrke marist\u00e5nden i skolene v\u00e5re i Irland<\/a><\/h2><p class=\"post-meta\"><span class=\"published\">mai 6, 2026<\/span><\/p><div class=\"post-content\"><div class=\"post-content-inner\"><p>Chanel-fellesskapet i Coolock (Irland) tok nylig imot Lachie Bartlett, en andre\u00e5rsseminarist fra Casa Di Maria i Roma, i en uke. Sammen med pater Martin McAnaney bisto han i arbeidet til Marist Education Authority Schools (MEAS), som er en maristisk utdanningsorganisasjon, i deres arbeid for \u00e5 fremme maristenes etos og lederoppl\u00e6ring i utdanningen.   <\/p>\n<\/div><\/div><\/article><article class=\"et_pb_post et_pb_post_id_10626 clearfix et_pb_blog_item_0_1 post-10626 post type-post status-publish format-standard has-post-thumbnail hentry category-uncategorized-no\"><div class=\"et_pb_image_container\"><a href=\"https:\/\/maristeurope.eu\/no\/maristdagene-deling-om-yrker-i-franske-skoler\/\" class=\"entry-featured-image-url\"><img loading=\"lazy\" decoding=\"async\" src=\"https:\/\/maristeurope.eu\/wp-content\/uploads\/2026\/04\/PHOTO-2026-04-22-14-42-39.jpg\" width=\"400\" height=\"284\" alt=\"Maristdagene: Deling om yrker i franske skoler\" class=\"\" srcset=\"https:\/\/maristeurope.eu\/wp-content\/uploads\/2026\/04\/PHOTO-2026-04-22-14-42-39.jpg 479w, https:\/\/maristeurope.eu\/wp-content\/uploads\/2026\/04\/PHOTO-2026-04-22-14-42-39-400x284.jpg 480w\" sizes=\"(max-width:479px) 479px, 100vw\" \/><span data-icon=\"\ue050\" class=\"et_overlay et_pb_inline_icon\"><\/span><\/a><\/div><h2 class=\"entry-title\"><a href=\"https:\/\/maristeurope.eu\/no\/maristdagene-deling-om-yrker-i-franske-skoler\/\">Maristdagene: Deling om yrker i franske skoler<\/a><\/h2><p class=\"post-meta\"><span class=\"published\">apr 29, 2026<\/span><\/p><div class=\"post-content\"><div class=\"post-content-inner\"><p>Denne v\u00e5ren feiret flere maristskoler i Frankrike \"Les journ\u00e9es maristes\" (Maristdagene). Reisen begynte i mars ved Bury og Le Rosaire (nord i Paris) og fortsatte etter p\u00e5ske ved v\u00e5re tre skoler i Toulon: Cours F\u00e9nelon, Institution Sainte Marie og Externat Saint Joseph la Cordeille. <\/p>\n<\/div><\/div><\/article><article class=\"et_pb_post et_pb_post_id_10580 clearfix et_pb_blog_item_0_2 post-10580 post type-post status-publish format-standard has-post-thumbnail hentry category-uncategorized-no\"><div class=\"et_pb_image_container\"><a href=\"https:\/\/maristeurope.eu\/no\/maristfedrene-slutter-seg-til-provinsen-europa\/\" class=\"entry-featured-image-url\"><img loading=\"lazy\" decoding=\"async\" src=\"https:\/\/maristeurope.eu\/wp-content\/uploads\/2026\/04\/small-table-lamp-world-map-copy-space-1-scaled.jpg\" width=\"400\" height=\"284\" alt=\"Maristfedrene slutter seg til provinsen Europa\" class=\"\" srcset=\"https:\/\/maristeurope.eu\/wp-content\/uploads\/2026\/04\/small-table-lamp-world-map-copy-space-1-scaled.jpg 479w, https:\/\/maristeurope.eu\/wp-content\/uploads\/2026\/04\/small-table-lamp-world-map-copy-space-1-400x284.jpg 480w\" sizes=\"(max-width:479px) 479px, 100vw\" \/><span data-icon=\"\ue050\" class=\"et_overlay et_pb_inline_icon\"><\/span><\/a><\/div><h2 class=\"entry-title\"><a href=\"https:\/\/maristeurope.eu\/no\/maristfedrene-slutter-seg-til-provinsen-europa\/\">Maristfedrene slutter seg til provinsen Europa<\/a><\/h2><p class=\"post-meta\"><span class=\"published\">apr 22, 2026<\/span><\/p><div class=\"post-content\"><div class=\"post-content-inner\"><p>Vi er glade for \u00e5 kunne \u00f8nske velkommen til Europaprovinsen pater Christian, som bor sammen med kommuniteten i Lyon, og pater Clovis, som slutter seg til kommuniteten i London.<\/p>\n<\/div><\/div><\/article><article class=\"et_pb_post et_pb_post_id_10532 clearfix et_pb_blog_item_0_3 post-10532 post type-post status-publish format-standard has-post-thumbnail hentry category-uncategorized-no\"><div class=\"et_pb_image_container\"><a href=\"https:\/\/maristeurope.eu\/no\/32-ar-med-maristmisjon-pa-filippinene\/\" class=\"entry-featured-image-url\"><img loading=\"lazy\" decoding=\"async\" src=\"https:\/\/maristeurope.eu\/wp-content\/uploads\/2026\/04\/IMG-20260225-WA0006-e1775511047653.jpg\" width=\"400\" height=\"284\" alt=\"32 \u00e5r med Maristmisjon p\u00e5 Filippinene\" class=\"\" srcset=\"https:\/\/maristeurope.eu\/wp-content\/uploads\/2026\/04\/IMG-20260225-WA0006-e1775511047653.jpg 479w, https:\/\/maristeurope.eu\/wp-content\/uploads\/2026\/04\/IMG-20260225-WA0006-400x284.jpg 480w\" sizes=\"(max-width:479px) 479px, 100vw\" \/><span data-icon=\"\ue050\" class=\"et_overlay et_pb_inline_icon\"><\/span><\/a><\/div><h2 class=\"entry-title\"><a href=\"https:\/\/maristeurope.eu\/no\/32-ar-med-maristmisjon-pa-filippinene\/\">32 \u00e5r med Maristmisjon p\u00e5 Filippinene<\/a><\/h2><p class=\"post-meta\"><span class=\"published\">apr 9, 2026<\/span><\/p><div class=\"post-content\"><div class=\"post-content-inner\"><p>Pater Paddy Muckian har nylig vendt tilbake til sitt hjemland Irland. Han skriver om sine \u00e5r som misjon\u00e6r med stor iver og glede&#8230; <\/p>\n<\/div><\/div><\/article><article class=\"et_pb_post et_pb_post_id_10482 clearfix et_pb_blog_item_0_4 post-10482 post type-post status-publish format-standard has-post-thumbnail hentry category-uncategorized-no\"><div class=\"et_pb_image_container\"><a href=\"https:\/\/maristeurope.eu\/no\/novene-til-st-peter-chanel\/\" class=\"entry-featured-image-url\"><img loading=\"lazy\" decoding=\"async\" src=\"https:\/\/maristeurope.eu\/wp-content\/uploads\/2026\/04\/peter-chanel.jpg\" width=\"400\" height=\"284\" alt=\"Novene til St Peter Chanel\" class=\"\" srcset=\"https:\/\/maristeurope.eu\/wp-content\/uploads\/2026\/04\/peter-chanel.jpg 479w, https:\/\/maristeurope.eu\/wp-content\/uploads\/2026\/04\/peter-chanel-400x284.jpg 480w\" sizes=\"(max-width:479px) 479px, 100vw\" \/><span data-icon=\"\ue050\" class=\"et_overlay et_pb_inline_icon\"><\/span><\/a><\/div><h2 class=\"entry-title\"><a href=\"https:\/\/maristeurope.eu\/no\/novene-til-st-peter-chanel\/\">Novene til St Peter Chanel<\/a><\/h2><p class=\"post-meta\"><span class=\"published\">apr 7, 2026<\/span><\/p><div class=\"post-content\"><div class=\"post-content-inner\"><p>Det er vanlig at vi ber for maristenes kall under novene fra 20. april og frem til Peter Chanels fest den 28. april.  <\/p>\n<\/div><\/div><\/article><article class=\"et_pb_post et_pb_post_id_10348 clearfix et_pb_blog_item_0_5 post-10348 post type-post status-publish format-standard has-post-thumbnail hentry category-uncategorized-no\"><div class=\"et_pb_image_container\"><a href=\"https:\/\/maristeurope.eu\/no\/a-elske-til-det-ytterste\/\" class=\"entry-featured-image-url\"><img loading=\"lazy\" decoding=\"async\" src=\"https:\/\/maristeurope.eu\/wp-content\/uploads\/2026\/04\/IMG20260329111520.jpg\" width=\"400\" height=\"284\" alt=\"\u00c5 elske til det ytterste&#8230;\" class=\"\" srcset=\"https:\/\/maristeurope.eu\/wp-content\/uploads\/2026\/04\/IMG20260329111520.jpg 479w, https:\/\/maristeurope.eu\/wp-content\/uploads\/2026\/04\/IMG20260329111520-400x284.jpg 480w\" sizes=\"(max-width:479px) 479px, 100vw\" \/><span data-icon=\"\ue050\" class=\"et_overlay et_pb_inline_icon\"><\/span><\/a><\/div><h2 class=\"entry-title\"><a href=\"https:\/\/maristeurope.eu\/no\/a-elske-til-det-ytterste\/\">\u00c5 elske til det ytterste&#8230;<\/a><\/h2><p class=\"post-meta\"><span class=\"published\">apr 4, 2026<\/span><\/p><div class=\"post-content\"><div class=\"post-content-inner\"><p>Hendelsene vi feirer og minnes under p\u00e5sketriduumet, fant sted for to tusen \u00e5r siden i Jerusalem, men i dag er de en inspirasjon for utallige mennesker over hele verden. I disse urolige tider, n\u00e5r krigen raser s\u00e5 mange steder, lever mange av v\u00e5re s\u00f8stre og br\u00f8dre pasjonstiden p\u00e5 m\u00e5ter som er altfor virkelige&#8230; <\/p>\n<\/div><\/div><\/article><article class=\"et_pb_post et_pb_post_id_10404 clearfix et_pb_blog_item_0_6 post-10404 post type-post status-publish format-standard has-post-thumbnail hentry category-uncategorized-no\"><div class=\"et_pb_image_container\"><a href=\"https:\/\/maristeurope.eu\/no\/nade-til-a-feire-eukaristien\/\" class=\"entry-featured-image-url\"><img loading=\"lazy\" decoding=\"async\" src=\"https:\/\/maristeurope.eu\/wp-content\/uploads\/2026\/04\/fran-e1775317376428.jpg\" width=\"400\" height=\"284\" alt=\"N\u00e5de til \u00e5 feire eukaristien\" class=\"\" srcset=\"https:\/\/maristeurope.eu\/wp-content\/uploads\/2026\/04\/fran-e1775317376428.jpg 479w, https:\/\/maristeurope.eu\/wp-content\/uploads\/2026\/04\/fran-400x284.jpg 480w\" sizes=\"(max-width:479px) 479px, 100vw\" \/><span data-icon=\"\ue050\" class=\"et_overlay et_pb_inline_icon\"><\/span><\/a><\/div><h2 class=\"entry-title\"><a href=\"https:\/\/maristeurope.eu\/no\/nade-til-a-feire-eukaristien\/\">N\u00e5de til \u00e5 feire eukaristien<\/a><\/h2><p class=\"post-meta\"><span class=\"published\">mar 27, 2026<\/span><\/p><div class=\"post-content\"><div class=\"post-content-inner\"><p>Fran\u00e7ois Chauvet inviterer oss til \u00e5 se forbi presten for \u00e5 se Herren. I denne korte artikkelen reflekterer han over sin 42 \u00e5r lange reise og den ydmyke n\u00e5den det er \u00e5 feire nattverden midt i hverdagen - regnet, fjellene og folks hjerter. <\/p>\n<\/div><\/div><\/article><article class=\"et_pb_post et_pb_post_id_10297 clearfix et_pb_blog_item_0_7 post-10297 post type-post status-publish format-standard has-post-thumbnail hentry category-uncategorized-no\"><div class=\"et_pb_image_container\"><a href=\"https:\/\/maristeurope.eu\/no\/feiring-av-frans-av-assisis-ar\/\" class=\"entry-featured-image-url\"><img loading=\"lazy\" decoding=\"async\" src=\"https:\/\/maristeurope.eu\/wp-content\/uploads\/2026\/03\/20260225_124158-scaled.jpg\" width=\"400\" height=\"284\" alt=\"Feiring av Frans av Assisis \u00e5r\" class=\"\" srcset=\"https:\/\/maristeurope.eu\/wp-content\/uploads\/2026\/03\/20260225_124158-scaled.jpg 479w, https:\/\/maristeurope.eu\/wp-content\/uploads\/2026\/03\/20260225_124158-400x284.jpg 480w\" sizes=\"(max-width:479px) 479px, 100vw\" \/><span data-icon=\"\ue050\" class=\"et_overlay et_pb_inline_icon\"><\/span><\/a><\/div><h2 class=\"entry-title\"><a href=\"https:\/\/maristeurope.eu\/no\/feiring-av-frans-av-assisis-ar\/\">Feiring av Frans av Assisis \u00e5r<\/a><\/h2><p class=\"post-meta\"><span class=\"published\">mar 21, 2026<\/span><\/p><div class=\"post-content\"><div class=\"post-content-inner\"><p>Fra 10. januar 2026 til 10. januar 2027 feirer Assisi et spesielt jubileums\u00e5r for Frans av Assisi, i anledning 800-\u00e5rsjubileet for helgenens d\u00f8d (1226-2026). Dette \"Frans&#8217; \u00e5r\" ble proklamert av pave Leo XIV, og i l\u00f8pet av \u00e5ret vil Frans&#8217; levninger bli utstilt for en sjelden gangs skyld.   <\/p>\n<\/div><\/div><\/article><article class=\"et_pb_post et_pb_post_id_10248 clearfix et_pb_blog_item_0_8 post-10248 post type-post status-publish format-standard has-post-thumbnail hentry category-uncategorized-no\"><div class=\"et_pb_image_container\"><a href=\"https:\/\/maristeurope.eu\/no\/en-marist-i-japan-fra-kultursjokk-til-vekst\/\" class=\"entry-featured-image-url\"><img loading=\"lazy\" decoding=\"async\" src=\"https:\/\/maristeurope.eu\/wp-content\/uploads\/2026\/03\/image-1.png\" width=\"400\" height=\"284\" alt=\"En marist i Japan: fra kultursjokk til vekst\" class=\"\" srcset=\"https:\/\/maristeurope.eu\/wp-content\/uploads\/2026\/03\/image-1.png 479w, https:\/\/maristeurope.eu\/wp-content\/uploads\/2026\/03\/image-1-400x284.png 480w\" sizes=\"(max-width:479px) 479px, 100vw\" \/><span data-icon=\"\ue050\" class=\"et_overlay et_pb_inline_icon\"><\/span><\/a><\/div><h2 class=\"entry-title\"><a href=\"https:\/\/maristeurope.eu\/no\/en-marist-i-japan-fra-kultursjokk-til-vekst\/\">En marist i Japan: fra kultursjokk til vekst<\/a><\/h2><p class=\"post-meta\"><span class=\"published\">mar 16, 2026<\/span><\/p><div class=\"post-content\"><div class=\"post-content-inner\"><p>Pater Paddy O&#8217;Hare forteller om sine rike misjonserfaringer i Japan og Europa&#8230;  <\/p>\n<\/div><\/div><\/article><article class=\"et_pb_post et_pb_post_id_10195 clearfix et_pb_blog_item_0_9 post-10195 post type-post status-publish format-standard has-post-thumbnail hentry category-uncategorized-no\"><div class=\"et_pb_image_container\"><a href=\"https:\/\/maristeurope.eu\/no\/maristenes-bonn-for-kallelse\/\" class=\"entry-featured-image-url\"><img loading=\"lazy\" decoding=\"async\" src=\"https:\/\/maristeurope.eu\/wp-content\/uploads\/2026\/03\/standing-mountain-peak-arms-raised-success-generated-by-ai-scaled-e1773611179222.jpg\" width=\"400\" height=\"284\" alt=\"Maristenes b\u00f8nn for kall\" class=\"\" srcset=\"https:\/\/maristeurope.eu\/wp-content\/uploads\/2026\/03\/standing-mountain-peak-arms-raised-success-generated-by-ai-scaled-e1773611179222.jpg 479w, https:\/\/maristeurope.eu\/wp-content\/uploads\/2026\/03\/standing-mountain-peak-arms-raised-success-generated-by-ai-400x284.jpg 480w\" sizes=\"(max-width:479px) 479px, 100vw\" \/><span data-icon=\"\ue050\" class=\"et_overlay et_pb_inline_icon\"><\/span><\/a><\/div><h2 class=\"entry-title\"><a href=\"https:\/\/maristeurope.eu\/no\/maristenes-bonn-for-kallelse\/\">Maristenes b\u00f8nn for kall<\/a><\/h2><p class=\"post-meta\"><span class=\"published\">mar 15, 2026<\/span><\/p><div class=\"post-content\"><div class=\"post-content-inner\"><p>Last ned den nye kallsb\u00f8nnen som vi oppfordres til \u00e5 dele i provinsen. La oss be om at Den hellige \u00e5nd vil lede de ulike initiativene for kall i provinsen.   <\/p>\n<\/div><\/div><\/article><article class=\"et_pb_post et_pb_post_id_10005 clearfix et_pb_blog_item_0_10 post-10005 post type-post status-publish format-standard has-post-thumbnail hentry category-uncategorized-no\"><div class=\"et_pb_image_container\"><a href=\"https:\/\/maristeurope.eu\/no\/la-neyliere-var-vertskap-for-en-litteraturpris\/\" class=\"entry-featured-image-url\"><img loading=\"lazy\" decoding=\"async\" src=\"https:\/\/maristeurope.eu\/wp-content\/uploads\/2026\/03\/Photo-1-scaled.jpg\" width=\"400\" height=\"284\" alt=\"La Neyli\u00e8re var vertskap for en litteraturpris\" class=\"\" srcset=\"https:\/\/maristeurope.eu\/wp-content\/uploads\/2026\/03\/Photo-1-scaled.jpg 479w, https:\/\/maristeurope.eu\/wp-content\/uploads\/2026\/03\/Photo-1-400x284.jpg 480w\" sizes=\"(max-width:479px) 479px, 100vw\" \/><span data-icon=\"\ue050\" class=\"et_overlay et_pb_inline_icon\"><\/span><\/a><\/div><h2 class=\"entry-title\"><a href=\"https:\/\/maristeurope.eu\/no\/la-neyliere-var-vertskap-for-en-litteraturpris\/\">La Neyli\u00e8re var vertskap for en litteraturpris<\/a><\/h2><p class=\"post-meta\"><span class=\"published\">mar 13, 2026<\/span><\/p><div class=\"post-content\"><div class=\"post-content-inner\"><p>Annethvert \u00e5r arrangerer Com&#8217;MonLy mediebiblioteknettverk i Monts du Lyonnais-kommunene en litteraturpris med et tema knyttet til en verdensdel eller et land. I den femte utgaven fokuserte prisen p\u00e5 Oseania. <\/p>\n<\/div><\/div><\/article><article class=\"et_pb_post et_pb_post_id_9962 clearfix et_pb_blog_item_0_11 post-9962 post type-post status-publish format-standard has-post-thumbnail hentry category-uncategorized-no\"><div class=\"et_pb_image_container\"><a href=\"https:\/\/maristeurope.eu\/no\/forkynnelse-for-misjonen\/\" class=\"entry-featured-image-url\"><img loading=\"lazy\" decoding=\"async\" src=\"https:\/\/maristeurope.eu\/wp-content\/uploads\/2026\/03\/IMG-20240426-WA0012.jpg\" width=\"400\" height=\"284\" alt=\"Forkynnelse for misjonen\" class=\"\" srcset=\"https:\/\/maristeurope.eu\/wp-content\/uploads\/2026\/03\/IMG-20240426-WA0012.jpg 479w, https:\/\/maristeurope.eu\/wp-content\/uploads\/2026\/03\/IMG-20240426-WA0012-400x284.jpg 480w\" sizes=\"(max-width:479px) 479px, 100vw\" \/><span data-icon=\"\ue050\" class=\"et_overlay et_pb_inline_icon\"><\/span><\/a><\/div><h2 class=\"entry-title\"><a href=\"https:\/\/maristeurope.eu\/no\/forkynnelse-for-misjonen\/\">Forkynnelse for misjonen<\/a><\/h2><p class=\"post-meta\"><span class=\"published\">mar 5, 2026<\/span><\/p><div class=\"post-content\"><div class=\"post-content-inner\"><p>Damien Diouf forteller om sitt arbeid med \u00e5 bes\u00f8ke menigheter og snakke om maristenes karisma og v\u00e5re misjon\u00e6re apostolater&#8230;<\/p>\n<\/div><\/div><\/article><\/div><div class=\"pagination clearfix\">\n\t<div class=\"alignleft\"><a href=\"https:\/\/maristeurope.eu\/no\/wp-json\/wp\/v2\/pages\/3656\/page\/2\/?et_blog\" >&laquo; Eldre innlegg<\/a><\/div>\n\t<div class=\"alignright\"><\/div>\n<\/div><\/div><\/div><\/div><\/div><\/div>\n","protected":false},"excerpt":{"rendered":"","protected":false},"author":1,"featured_media":0,"parent":0,"menu_order":0,"comment_status":"closed","ping_status":"closed","template":"","meta":{"footnotes":""},"class_list":["post-3656","page","type-page","status-publish","hentry"],"yoast_head":"<!-- This site is optimized with the Yoast SEO plugin v27.5 - https:\/\/yoast.com\/product\/yoast-seo-wordpress\/ -->\n<title>Nyheter - Marist Europe<\/title>\n<meta name=\"robots\" content=\"index, follow, max-snippet:-1, max-image-preview:large, max-video-preview:-1\" \/>\n<link rel=\"canonical\" href=\"https:\/\/maristeurope.eu\/no\/nyheter\/\" \/>\n<meta property=\"og:locale\" content=\"nb_NO\" \/>\n<meta property=\"og:type\" content=\"article\" \/>\n<meta property=\"og:title\" content=\"Nyheter - Marist Europe\" \/>\n<meta property=\"og:url\" content=\"https:\/\/maristeurope.eu\/no\/nyheter\/\" \/>\n<meta property=\"og:site_name\" content=\"Marist Europe\" \/>\n<meta property=\"article:modified_time\" content=\"2026-05-07T06:28:39+00:00\" \/>\n<meta name=\"twitter:card\" content=\"summary_large_image\" \/>\n<script type=\"application\/ld+json\" class=\"yoast-schema-graph\">{\"@context\":\"https:\\\/\\\/schema.org\",\"@graph\":[{\"@type\":\"WebPage\",\"@id\":\"https:\\\/\\\/maristeurope.eu\\\/no\\\/nyheter\\\/\",\"url\":\"https:\\\/\\\/maristeurope.eu\\\/no\\\/nyheter\\\/\",\"name\":\"Nyheter - Marist Europe\",\"isPartOf\":{\"@id\":\"https:\\\/\\\/maristeurope.eu\\\/no\\\/#website\"},\"datePublished\":\"2024-10-23T09:10:49+00:00\",\"dateModified\":\"2026-05-07T06:28:39+00:00\",\"breadcrumb\":{\"@id\":\"https:\\\/\\\/maristeurope.eu\\\/no\\\/nyheter\\\/#breadcrumb\"},\"inLanguage\":\"nb-NO\",\"potentialAction\":[{\"@type\":\"ReadAction\",\"target\":[\"https:\\\/\\\/maristeurope.eu\\\/no\\\/nyheter\\\/\"]}]},{\"@type\":\"BreadcrumbList\",\"@id\":\"https:\\\/\\\/maristeurope.eu\\\/no\\\/nyheter\\\/#breadcrumb\",\"itemListElement\":[{\"@type\":\"ListItem\",\"position\":1,\"name\":\"Home\",\"item\":\"https:\\\/\\\/maristeurope.eu\\\/no\\\/\"},{\"@type\":\"ListItem\",\"position\":2,\"name\":\"Nyheter\"}]},{\"@type\":\"WebSite\",\"@id\":\"https:\\\/\\\/maristeurope.eu\\\/no\\\/#website\",\"url\":\"https:\\\/\\\/maristeurope.eu\\\/no\\\/\",\"name\":\"Marist Europe\",\"description\":\"\",\"publisher\":{\"@id\":\"https:\\\/\\\/maristeurope.eu\\\/no\\\/#organization\"},\"potentialAction\":[{\"@type\":\"SearchAction\",\"target\":{\"@type\":\"EntryPoint\",\"urlTemplate\":\"https:\\\/\\\/maristeurope.eu\\\/no\\\/?s={search_term_string}\"},\"query-input\":{\"@type\":\"PropertyValueSpecification\",\"valueRequired\":true,\"valueName\":\"search_term_string\"}}],\"inLanguage\":\"nb-NO\"},{\"@type\":\"Organization\",\"@id\":\"https:\\\/\\\/maristeurope.eu\\\/no\\\/#organization\",\"name\":\"Marist Europe\",\"url\":\"https:\\\/\\\/maristeurope.eu\\\/no\\\/\",\"logo\":{\"@type\":\"ImageObject\",\"inLanguage\":\"nb-NO\",\"@id\":\"https:\\\/\\\/maristeurope.eu\\\/no\\\/#\\\/schema\\\/logo\\\/image\\\/\",\"url\":\"https:\\\/\\\/maristeurope.eu\\\/wp-content\\\/uploads\\\/2024\\\/10\\\/EU-SM-Finalogo-02.png\",\"contentUrl\":\"https:\\\/\\\/maristeurope.eu\\\/wp-content\\\/uploads\\\/2024\\\/10\\\/EU-SM-Finalogo-02.png\",\"width\":150,\"height\":156,\"caption\":\"Marist Europe\"},\"image\":{\"@id\":\"https:\\\/\\\/maristeurope.eu\\\/no\\\/#\\\/schema\\\/logo\\\/image\\\/\"}}]}<\/script>\n<!-- \/ Yoast SEO plugin. -->","yoast_head_json":{"title":"Nyheter - Marist Europe","robots":{"index":"index","follow":"follow","max-snippet":"max-snippet:-1","max-image-preview":"max-image-preview:large","max-video-preview":"max-video-preview:-1"},"canonical":"https:\/\/maristeurope.eu\/no\/nyheter\/","og_locale":"nb_NO","og_type":"article","og_title":"Nyheter - Marist Europe","og_url":"https:\/\/maristeurope.eu\/no\/nyheter\/","og_site_name":"Marist Europe","article_modified_time":"2026-05-07T06:28:39+00:00","twitter_card":"summary_large_image","schema":{"@context":"https:\/\/schema.org","@graph":[{"@type":"WebPage","@id":"https:\/\/maristeurope.eu\/no\/nyheter\/","url":"https:\/\/maristeurope.eu\/no\/nyheter\/","name":"Nyheter - Marist Europe","isPartOf":{"@id":"https:\/\/maristeurope.eu\/no\/#website"},"datePublished":"2024-10-23T09:10:49+00:00","dateModified":"2026-05-07T06:28:39+00:00","breadcrumb":{"@id":"https:\/\/maristeurope.eu\/no\/nyheter\/#breadcrumb"},"inLanguage":"nb-NO","potentialAction":[{"@type":"ReadAction","target":["https:\/\/maristeurope.eu\/no\/nyheter\/"]}]},{"@type":"BreadcrumbList","@id":"https:\/\/maristeurope.eu\/no\/nyheter\/#breadcrumb","itemListElement":[{"@type":"ListItem","position":1,"name":"Home","item":"https:\/\/maristeurope.eu\/no\/"},{"@type":"ListItem","position":2,"name":"Nyheter"}]},{"@type":"WebSite","@id":"https:\/\/maristeurope.eu\/no\/#website","url":"https:\/\/maristeurope.eu\/no\/","name":"Marist Europe","description":"","publisher":{"@id":"https:\/\/maristeurope.eu\/no\/#organization"},"potentialAction":[{"@type":"SearchAction","target":{"@type":"EntryPoint","urlTemplate":"https:\/\/maristeurope.eu\/no\/?s={search_term_string}"},"query-input":{"@type":"PropertyValueSpecification","valueRequired":true,"valueName":"search_term_string"}}],"inLanguage":"nb-NO"},{"@type":"Organization","@id":"https:\/\/maristeurope.eu\/no\/#organization","name":"Marist Europe","url":"https:\/\/maristeurope.eu\/no\/","logo":{"@type":"ImageObject","inLanguage":"nb-NO","@id":"https:\/\/maristeurope.eu\/no\/#\/schema\/logo\/image\/","url":"https:\/\/maristeurope.eu\/wp-content\/uploads\/2024\/10\/EU-SM-Finalogo-02.png","contentUrl":"https:\/\/maristeurope.eu\/wp-content\/uploads\/2024\/10\/EU-SM-Finalogo-02.png","width":150,"height":156,"caption":"Marist Europe"},"image":{"@id":"https:\/\/maristeurope.eu\/no\/#\/schema\/logo\/image\/"}}]}},"_links":{"self":[{"href":"https:\/\/maristeurope.eu\/no\/wp-json\/wp\/v2\/pages\/3656","targetHints":{"allow":["GET"]}}],"collection":[{"href":"https:\/\/maristeurope.eu\/no\/wp-json\/wp\/v2\/pages"}],"about":[{"href":"https:\/\/maristeurope.eu\/no\/wp-json\/wp\/v2\/types\/page"}],"author":[{"embeddable":true,"href":"https:\/\/maristeurope.eu\/no\/wp-json\/wp\/v2\/users\/1"}],"replies":[{"embeddable":true,"href":"https:\/\/maristeurope.eu\/no\/wp-json\/wp\/v2\/comments?post=3656"}],"version-history":[{"count":18,"href":"https:\/\/maristeurope.eu\/no\/wp-json\/wp\/v2\/pages\/3656\/revisions"}],"predecessor-version":[{"id":10740,"href":"https:\/\/maristeurope.eu\/no\/wp-json\/wp\/v2\/pages\/3656\/revisions\/10740"}],"wp:attachment":[{"href":"https:\/\/maristeurope.eu\/no\/wp-json\/wp\/v2\/media?parent=3656"}],"curies":[{"name":"wp","href":"https:\/\/api.w.org\/{rel}","templated":true}]}}