{"id":3648,"date":"2024-12-17T14:17:31","date_gmt":"2024-12-17T13:17:31","guid":{"rendered":"https:\/\/marist.sjdigitaldemo.ovh\/italia\/"},"modified":"2026-05-07T08:34:28","modified_gmt":"2026-05-07T06:34:28","slug":"italia","status":"publish","type":"page","link":"https:\/\/maristeurope.eu\/no\/lokalsamfunn\/italia\/","title":{"rendered":"Italia"},"content":{"rendered":"\n<div class=\"et_pb_section_0 et_pb_section et_section_regular et_block_section section_has_divider et_pb_bottom_divider\"><div class=\"et_pb_row_0 et_pb_row et_pb_equal_columns et_block_row et_animated preset--module--divi-row--default\"><div class=\"et_pb_column_0 et_pb_column et_pb_column_4_4 et-last-child et_block_column et_pb_css_mix_blend_mode_passthrough\"><div class=\"et_pb_text_0 et_pb_text et_pb_bg_layout_light et_pb_module et_block_module\"><div class=\"et_pb_text_inner\"><h1>Italia<\/h1>\n<\/div><\/div><\/div><\/div><div class=\"et_pb_bottom_inside_divider et-no-transition\"><\/div><\/div><div class=\"et_pb_section_1 et_pb_section et_section_regular et_block_section\"><div class=\"et_pb_row_1 et_pb_row et_block_row preset--module--divi-row--default\"><div class=\"et_pb_column_1 et_pb_column et_pb_column_4_4 et-last-child et_block_column et_pb_css_mix_blend_mode_passthrough\"><div class=\"et_pb_code_0 et_pb_code et_pb_module\"><div class=\"et_pb_code_inner\"><div class=\"sjd-locations-grid\"><div class=\"sjd-location-card\">  <div class=\"sjd-card-column sjd-column-name\">      <h2>Torino - Corso Francia<\/h2>  <\/div>  <div class=\"sjd-card-column sjd-column-description\"><p>V\u00e5r Frue av Lourdes-helligdommen p\u00e5 Corso Francia i Torino ble innviet 22. oktober 1911. Apsis i den romanske kirken er formet som Lourdes-grotten, og inneholder steiner fra den opprinnelige Massabielle-klippen i Lourdes-helligdommen. Maristkommuniteten betjener helligdommen uavbrutt den dag i dag. De tilbyr sakramentale tjenester, \u00e5ndelig ledsagelse og, i samarbeid med et team av troende lekfolk, st\u00f8tter og tar imot hjeml\u00f8se og andre i n\u00f8d.   <\/p><\/div>  <div class=\"sjd-card-column sjd-column-contact\">      <h3>Contact<\/h3><p>Nostra Signora di Lourdes Sanctuary, Corso Francia 29, 10138 Turin, Italy<\/p><p>+39 011 4472368<\/p><p><a href=\"mailto:renatofrappi@gmail.com\">renatofrappi@gmail.com<\/a><\/p>  <\/div><\/div><div class=\"sjd-location-card\">  <div class=\"sjd-card-column sjd-column-name\">      <h2>Roma - St Francesca Cabrini<\/h2>  <\/div>  <div class=\"sjd-card-column sjd-column-description\"><p>Som forberedelse til det hellige \u00e5ret 1950 gjennomf\u00f8rte maristene to store byggeprosjekter i utkanten av Roma, skolen til Johannes Evangelisten og menighetskirken viet til den hellige Francesca Cabrini. Skolen ble stengt i 2017, og Marymount-stiftelsen driver fortsatt et utdanningsprosjekt der. I dag huser tredje og fjerde etasje i samme bygning Maristenes internasjonale formasjonshus, Casa di Maria. Francesca Cabrini, som ble innviet i 1959, var en av de f\u00f8rste menighetene i Roma som tok imot den nye kirkelige bevegelsen, den neokatekumenale vei, i 1969.   <\/p><\/div>  <div class=\"sjd-card-column sjd-column-contact\">      <h3>Contact<\/h3><p>St. Francesca Cabrini Parish, Piazza Massa Carrara 1, 00162 Rome, Italy<\/p><p>+39 06 8604542<\/p><p><a href=\"mailto:parrsfc@gmail.com\">parrsfc@gmail.com<\/a><\/p>  <\/div><\/div><div class=\"sjd-location-card\">  <div class=\"sjd-card-column sjd-column-name\">      <h2>Pratola Peligna<\/h2>  <\/div>  <div class=\"sjd-card-column sjd-column-description\"><p>Den 14. august 1924 kom maristene til Pratola Peligna (Abruzzo) for \u00e5 overta ansvaret for helligdommen og menigheten Santa Maria della Libera. Til tross for fattigdommen som preget befolkningen, lyktes maristene med \u00e5 revitalisere det kristne livet der, b\u00e5de for pilegrimer til helligdommen og for lokalbefolkningen. I dag er kommuniteten dedikert til \u00e5 tjene menigheten og helligdommen. Et medlem av kommuniteten er kapellan i det n\u00e6rliggende fengselet i Sulmona.   <\/p><\/div>  <div class=\"sjd-card-column sjd-column-contact\">      <h3>Contact<\/h3><p>Parish Maria Santissima della Libera, Vico Santacroce 3, 67035 Pratola Peligna AQ, Italy<\/p><p>+39 0864 273146<\/p><p><a href=\"mailto:madonnalibera@virgilio.it\">madonnalibera@virgilio.it<\/a><\/p>  <\/div><\/div><div class=\"sjd-location-card\">  <div class=\"sjd-card-column sjd-column-name\">      <h2>Moncalieri - Villa Santa Maria<\/h2>  <\/div>  <div class=\"sjd-card-column sjd-column-description\"><p>Villa Santa Maria ligger pittoresk til p\u00e5 en h\u00f8yde mellom Torino og Moncalieri, og ble kj\u00f8pt av maristene i 1906 som et nytt novisiat etter at ordensfolket ble utvist fra Frankrike. Fra 1922 til 1924 var det ogs\u00e5 det midlertidige hovedkvarteret for generaladministrasjonen i p\u00e5vente av flyttingen til Roma. I \u00e5rene som fulgte, har Villa Santa Maria v\u00e6rt et universitetsherberge, et novisiat og et kommunitet for italienske marister under oppl\u00e6ring. I dag best\u00e5r kommuniteten av pensjonerte og aktive marister, hvorav noen er involvert i lokale menigheter, kapellaner og andre pastorale aktiviteter. Kommuniteten tilbyr gjestfrihet til spiritualitetsgrupper og enkeltpersoner. I nabobygningen ligger et sosialt kooperativ (Il Ricino) som er grunnlagt av marister og lekfolk, og som huser og st\u00f8tter et fellesskap av enslige m\u00f8dre og deres barn.     <\/p><\/div>  <div class=\"sjd-card-column sjd-column-contact\">      <h3>Contact<\/h3><p>Villa Santa Maria, Padri Maristi Strada Cunioli Alti 7, 10024 Moncalieri TO, Italy<\/p><p>+39 011 6610431<\/p><p><a href=\"mailto:mpregno.sm@gmail.com\">mpregno.sm@gmail.com<\/a><\/p>  <\/div><\/div><div class=\"sjd-location-card\">  <div class=\"sjd-card-column sjd-column-name\">      <h2>Castiglion Fiorentino - Rivaio<\/h2>  <\/div>  <div class=\"sjd-card-column sjd-column-description\"><p>Maristkommuniteten har v\u00e6rt til stede i Castiglion Fiorentino (Arezzo - Toscana) siden 1909. De etablerte et mindre seminar i tilknytning til V\u00e5r Frue av N\u00e5dens helligdom i Rivaio, som kan dateres tilbake til 1600-tallet. Skolen ble stengt i 1976. I 1964 ble Rivaio-helligdommen et eget sogn. I dag betjener kommuniteten b\u00e5de Rivaio menighet og flere andre menigheter i omr\u00e5det i samarbeid med et sterkt team av troende lekfolk. Noen av dem danner en lokal gruppe av Marist Laity, som deler Mariasamfunnets spiritualitet.     <\/p><\/div>  <div class=\"sjd-card-column sjd-column-contact\">      <h3>Contact<\/h3><p>Parish of Rivaio, 52043 Castiglion Fiorentino AR, Italy<\/p><p>+39 0575 658183<\/p><p><a href=\"mailto:emanueledm@hotmail.com\">emanueledm@hotmail.com<\/a><\/p>  <\/div><\/div><\/div><\/div><\/div><\/div><\/div><\/div>\n","protected":false},"excerpt":{"rendered":"","protected":false},"author":1,"featured_media":0,"parent":3689,"menu_order":0,"comment_status":"closed","ping_status":"closed","template":"","meta":{"footnotes":""},"class_list":["post-3648","page","type-page","status-publish","hentry"],"yoast_head":"<!-- This site is optimized with the Yoast SEO plugin v27.5 - https:\/\/yoast.com\/product\/yoast-seo-wordpress\/ -->\n<title>Italia - Marist Europe<\/title>\n<meta name=\"robots\" content=\"index, follow, max-snippet:-1, max-image-preview:large, max-video-preview:-1\" \/>\n<link rel=\"canonical\" href=\"https:\/\/maristeurope.eu\/no\/lokalsamfunn\/italia\/\" \/>\n<meta property=\"og:locale\" content=\"nb_NO\" \/>\n<meta property=\"og:type\" content=\"article\" \/>\n<meta property=\"og:title\" content=\"Italia - Marist Europe\" \/>\n<meta property=\"og:url\" content=\"https:\/\/maristeurope.eu\/no\/lokalsamfunn\/italia\/\" \/>\n<meta property=\"og:site_name\" content=\"Marist Europe\" \/>\n<meta property=\"article:modified_time\" content=\"2026-05-07T06:34:28+00:00\" \/>\n<meta name=\"twitter:card\" content=\"summary_large_image\" \/>\n<script type=\"application\/ld+json\" class=\"yoast-schema-graph\">{\"@context\":\"https:\\\/\\\/schema.org\",\"@graph\":[{\"@type\":\"WebPage\",\"@id\":\"https:\\\/\\\/maristeurope.eu\\\/no\\\/lokalsamfunn\\\/italia\\\/\",\"url\":\"https:\\\/\\\/maristeurope.eu\\\/no\\\/lokalsamfunn\\\/italia\\\/\",\"name\":\"Italia - Marist Europe\",\"isPartOf\":{\"@id\":\"https:\\\/\\\/maristeurope.eu\\\/no\\\/#website\"},\"datePublished\":\"2024-12-17T13:17:31+00:00\",\"dateModified\":\"2026-05-07T06:34:28+00:00\",\"breadcrumb\":{\"@id\":\"https:\\\/\\\/maristeurope.eu\\\/no\\\/lokalsamfunn\\\/italia\\\/#breadcrumb\"},\"inLanguage\":\"nb-NO\",\"potentialAction\":[{\"@type\":\"ReadAction\",\"target\":[\"https:\\\/\\\/maristeurope.eu\\\/no\\\/lokalsamfunn\\\/italia\\\/\"]}]},{\"@type\":\"BreadcrumbList\",\"@id\":\"https:\\\/\\\/maristeurope.eu\\\/no\\\/lokalsamfunn\\\/italia\\\/#breadcrumb\",\"itemListElement\":[{\"@type\":\"ListItem\",\"position\":1,\"name\":\"Home\",\"item\":\"https:\\\/\\\/maristeurope.eu\\\/no\\\/\"},{\"@type\":\"ListItem\",\"position\":2,\"name\":\"Lokalsamfunn\",\"item\":\"https:\\\/\\\/maristeurope.eu\\\/no\\\/communities\\\/\"},{\"@type\":\"ListItem\",\"position\":3,\"name\":\"Italia\"}]},{\"@type\":\"WebSite\",\"@id\":\"https:\\\/\\\/maristeurope.eu\\\/no\\\/#website\",\"url\":\"https:\\\/\\\/maristeurope.eu\\\/no\\\/\",\"name\":\"Marist Europe\",\"description\":\"\",\"publisher\":{\"@id\":\"https:\\\/\\\/maristeurope.eu\\\/no\\\/#organization\"},\"potentialAction\":[{\"@type\":\"SearchAction\",\"target\":{\"@type\":\"EntryPoint\",\"urlTemplate\":\"https:\\\/\\\/maristeurope.eu\\\/no\\\/?s={search_term_string}\"},\"query-input\":{\"@type\":\"PropertyValueSpecification\",\"valueRequired\":true,\"valueName\":\"search_term_string\"}}],\"inLanguage\":\"nb-NO\"},{\"@type\":\"Organization\",\"@id\":\"https:\\\/\\\/maristeurope.eu\\\/no\\\/#organization\",\"name\":\"Marist Europe\",\"url\":\"https:\\\/\\\/maristeurope.eu\\\/no\\\/\",\"logo\":{\"@type\":\"ImageObject\",\"inLanguage\":\"nb-NO\",\"@id\":\"https:\\\/\\\/maristeurope.eu\\\/no\\\/#\\\/schema\\\/logo\\\/image\\\/\",\"url\":\"https:\\\/\\\/maristeurope.eu\\\/wp-content\\\/uploads\\\/2024\\\/10\\\/EU-SM-Finalogo-02.png\",\"contentUrl\":\"https:\\\/\\\/maristeurope.eu\\\/wp-content\\\/uploads\\\/2024\\\/10\\\/EU-SM-Finalogo-02.png\",\"width\":150,\"height\":156,\"caption\":\"Marist Europe\"},\"image\":{\"@id\":\"https:\\\/\\\/maristeurope.eu\\\/no\\\/#\\\/schema\\\/logo\\\/image\\\/\"}}]}<\/script>\n<!-- \/ Yoast SEO plugin. -->","yoast_head_json":{"title":"Italia - Marist Europe","robots":{"index":"index","follow":"follow","max-snippet":"max-snippet:-1","max-image-preview":"max-image-preview:large","max-video-preview":"max-video-preview:-1"},"canonical":"https:\/\/maristeurope.eu\/no\/lokalsamfunn\/italia\/","og_locale":"nb_NO","og_type":"article","og_title":"Italia - Marist Europe","og_url":"https:\/\/maristeurope.eu\/no\/lokalsamfunn\/italia\/","og_site_name":"Marist Europe","article_modified_time":"2026-05-07T06:34:28+00:00","twitter_card":"summary_large_image","schema":{"@context":"https:\/\/schema.org","@graph":[{"@type":"WebPage","@id":"https:\/\/maristeurope.eu\/no\/lokalsamfunn\/italia\/","url":"https:\/\/maristeurope.eu\/no\/lokalsamfunn\/italia\/","name":"Italia - Marist Europe","isPartOf":{"@id":"https:\/\/maristeurope.eu\/no\/#website"},"datePublished":"2024-12-17T13:17:31+00:00","dateModified":"2026-05-07T06:34:28+00:00","breadcrumb":{"@id":"https:\/\/maristeurope.eu\/no\/lokalsamfunn\/italia\/#breadcrumb"},"inLanguage":"nb-NO","potentialAction":[{"@type":"ReadAction","target":["https:\/\/maristeurope.eu\/no\/lokalsamfunn\/italia\/"]}]},{"@type":"BreadcrumbList","@id":"https:\/\/maristeurope.eu\/no\/lokalsamfunn\/italia\/#breadcrumb","itemListElement":[{"@type":"ListItem","position":1,"name":"Home","item":"https:\/\/maristeurope.eu\/no\/"},{"@type":"ListItem","position":2,"name":"Lokalsamfunn","item":"https:\/\/maristeurope.eu\/no\/communities\/"},{"@type":"ListItem","position":3,"name":"Italia"}]},{"@type":"WebSite","@id":"https:\/\/maristeurope.eu\/no\/#website","url":"https:\/\/maristeurope.eu\/no\/","name":"Marist Europe","description":"","publisher":{"@id":"https:\/\/maristeurope.eu\/no\/#organization"},"potentialAction":[{"@type":"SearchAction","target":{"@type":"EntryPoint","urlTemplate":"https:\/\/maristeurope.eu\/no\/?s={search_term_string}"},"query-input":{"@type":"PropertyValueSpecification","valueRequired":true,"valueName":"search_term_string"}}],"inLanguage":"nb-NO"},{"@type":"Organization","@id":"https:\/\/maristeurope.eu\/no\/#organization","name":"Marist Europe","url":"https:\/\/maristeurope.eu\/no\/","logo":{"@type":"ImageObject","inLanguage":"nb-NO","@id":"https:\/\/maristeurope.eu\/no\/#\/schema\/logo\/image\/","url":"https:\/\/maristeurope.eu\/wp-content\/uploads\/2024\/10\/EU-SM-Finalogo-02.png","contentUrl":"https:\/\/maristeurope.eu\/wp-content\/uploads\/2024\/10\/EU-SM-Finalogo-02.png","width":150,"height":156,"caption":"Marist Europe"},"image":{"@id":"https:\/\/maristeurope.eu\/no\/#\/schema\/logo\/image\/"}}]}},"_links":{"self":[{"href":"https:\/\/maristeurope.eu\/no\/wp-json\/wp\/v2\/pages\/3648","targetHints":{"allow":["GET"]}}],"collection":[{"href":"https:\/\/maristeurope.eu\/no\/wp-json\/wp\/v2\/pages"}],"about":[{"href":"https:\/\/maristeurope.eu\/no\/wp-json\/wp\/v2\/types\/page"}],"author":[{"embeddable":true,"href":"https:\/\/maristeurope.eu\/no\/wp-json\/wp\/v2\/users\/1"}],"replies":[{"embeddable":true,"href":"https:\/\/maristeurope.eu\/no\/wp-json\/wp\/v2\/comments?post=3648"}],"version-history":[{"count":6,"href":"https:\/\/maristeurope.eu\/no\/wp-json\/wp\/v2\/pages\/3648\/revisions"}],"predecessor-version":[{"id":10813,"href":"https:\/\/maristeurope.eu\/no\/wp-json\/wp\/v2\/pages\/3648\/revisions\/10813"}],"up":[{"embeddable":true,"href":"https:\/\/maristeurope.eu\/no\/wp-json\/wp\/v2\/pages\/3689"}],"wp:attachment":[{"href":"https:\/\/maristeurope.eu\/no\/wp-json\/wp\/v2\/media?parent=3648"}],"curies":[{"name":"wp","href":"https:\/\/api.w.org\/{rel}","templated":true}]}}