{"id":3643,"date":"2024-11-19T13:13:55","date_gmt":"2024-11-19T12:13:55","guid":{"rendered":"https:\/\/marist.sjdigitaldemo.ovh\/marister\/"},"modified":"2026-05-07T08:29:07","modified_gmt":"2026-05-07T06:29:07","slug":"marister","status":"publish","type":"page","link":"https:\/\/maristeurope.eu\/no\/","title":{"rendered":"Marister"},"content":{"rendered":"\n<div class=\"et_pb_section_0 et_pb_section et_section_regular et_block_section et-pb-has-background-video et_pb_preload section_has_divider et_pb_bottom_divider\"><span class=\"et-pb-background-video\"><video autoplay loop playsinline muted><source type=\"video\/mp4\" src=\"https:\/\/maristeurope.eu\/wp-content\/uploads\/2025\/01\/Marist.mp4\" \/><source type=\"video\/webm\" src=\"https:\/\/maristeurope.eu\/wp-content\/uploads\/2025\/01\/Marist.webm\" \/><\/video><\/span><div class=\"et_pb_row_0 et_pb_row et_pb_row_1-4_3-4 et_pb_equal_columns et_block_row et_block_row_1-4_3-4 et_animated preset--module--divi-row--default\"><div class=\"et_pb_column_0 et_pb_column et_pb_column_1_4 et_block_column et_pb_css_mix_blend_mode_passthrough\"><div class=\"et_pb_image_0 et_pb_image et_pb_module et_block_module\"><span class=\"et_pb_image_wrap\"><img loading=\"lazy\" decoding=\"async\" src=\"https:\/\/maristeurope.eu\/wp-content\/uploads\/2024\/10\/SM-Vocations-LOGO-transparent-e1728305138154.png\" width=\"379\" height=\"514\" srcset=\"https:\/\/maristeurope.eu\/wp-content\/uploads\/2024\/10\/SM-Vocations-LOGO-transparent-e1728305138154.png 379w\" sizes=\"(min-width: 0px) and (max-width: 379px) 379px, 100vw\" class=\"wp-image-32\" title=\"SM Vocations LOGO gjennomsiktig\" \/><\/span><\/div><\/div><div class=\"et_pb_column_1 et_pb_column et_pb_column_3_4 et-last-child et_block_column et_pb_css_mix_blend_mode_passthrough\"><div class=\"et_pb_text_0 et_pb_text et_pb_bg_layout_light et_pb_module et_block_module\"><div class=\"et_pb_text_inner\"><h1>Marister i Europa<\/h1>\n<h2>\u00e5 v\u00e6re Marias n\u00e6rv\u00e6r <br \/>i verden<\/h2>\n<\/div><\/div><\/div><\/div><div class=\"et_pb_bottom_inside_divider et-no-transition\"><\/div><\/div><div class=\"et_pb_section_1 et_pb_section et_section_regular et_block_section\"><div class=\"et_pb_row_1 et_pb_row et_pb_equal_columns et_block_row preset--module--divi-row--default\"><div class=\"et_pb_column_2 et_pb_column et_pb_column_1_2 et_block_column et_pb_css_mix_blend_mode_passthrough et_animated\"><div class=\"et_pb_text_1 et_pb_text et_pb_bg_layout_light et_pb_module et_block_module\"><div class=\"et_pb_text_inner\"><p>Vi er ordensfolk og lekfolk, kvinner og menn, som streber etter \u00e5 f\u00f8lge Kristus p\u00e5 Marias vis i den romersk-katolske tradisjonen.<\/p>\n<p><strong>Maristfedrene og -br\u00f8drene<\/strong> i <strong>Mariasamfunnet <\/strong>i Europa er en del av en internasjonal ordenskongregasjon.<\/p>\n<\/div><\/div><\/div><div class=\"et_pb_column_3 et_pb_column et_pb_column_1_2 et-last-child et_block_column et_pb_css_mix_blend_mode_passthrough et_animated\"><div class=\"et_pb_image_1 et_pb_image et_pb_module et_block_module\"><span class=\"et_pb_image_wrap\"><img loading=\"lazy\" decoding=\"async\" src=\"https:\/\/maristeurope.eu\/wp-content\/uploads\/2024\/11\/16-NEW-0512-Arandas-OL-shrine-3J-crpps.jpg\" width=\"1000\" height=\"562\" srcset=\"https:\/\/maristeurope.eu\/wp-content\/uploads\/2024\/11\/16-NEW-0512-Arandas-OL-shrine-3J-crpps.jpg 1000w, https:\/\/maristeurope.eu\/wp-content\/uploads\/2024\/11\/16-NEW-0512-Arandas-OL-shrine-3J-crpps-980x551.jpg 980w, https:\/\/maristeurope.eu\/wp-content\/uploads\/2024\/11\/16-NEW-0512-Arandas-OL-shrine-3J-crpps-480x270.jpg 480w\" sizes=\"(min-width: 0px) and (max-width: 480px) 480px, (min-width: 481px) and (max-width: 980px) 980px, (min-width: 981px) 1000px, 100vw\" class=\"wp-image-362\" title=\"16-NEW-0512-Arandas-OL-shrine-3J-crpps\" \/><\/span><\/div><\/div><\/div><\/div><div class=\"et_pb_section_2 et_pb_section et_section_regular et_block_section\"><div class=\"et_pb_row_2 et_pb_row et_block_row preset--module--divi-row--default\"><div class=\"et_pb_column_4 et_pb_column et_pb_column_4_4 et-last-child et_block_column et_pb_css_mix_blend_mode_passthrough\"><div class=\"et_pb_image_2 et_pb_image et_animated et_pb_module et_block_module\"><span class=\"et_pb_image_wrap\"><img loading=\"lazy\" decoding=\"async\" src=\"https:\/\/maristeurope.eu\/wp-content\/uploads\/2024\/10\/DSC3594-scaled.jpg\" width=\"2560\" height=\"1210\" srcset=\"https:\/\/maristeurope.eu\/wp-content\/uploads\/2024\/10\/DSC3594-scaled.jpg 2560w, https:\/\/maristeurope.eu\/wp-content\/uploads\/2024\/10\/DSC3594-1280x605.jpg 1280w, https:\/\/maristeurope.eu\/wp-content\/uploads\/2024\/10\/DSC3594-980x463.jpg 980w, https:\/\/maristeurope.eu\/wp-content\/uploads\/2024\/10\/DSC3594-480x227.jpg 480w\" sizes=\"(min-width: 0px) and (max-width: 480px) 480px, (min-width: 481px) and (max-width: 980px) 980px, (min-width: 981px) and (max-width: 1280px) 1280px, (min-width: 1281px) 2560px, 100vw\" class=\"wp-image-151\" title=\"_DSC3594\" \/><\/span><\/div><div class=\"et_pb_text_2 et_pb_text et_pb_bg_layout_light et_pb_module et_block_module\"><div class=\"et_pb_text_inner\"><p style=\"text-align: center;\">Styrke i samhold<\/p>\n<\/div><\/div><\/div><\/div><\/div><div class=\"et_pb_section_3 et_pb_section et_section_regular et_block_section\"><div class=\"et_pb_row_3 et_pb_row et_block_row preset--module--divi-row--default\"><div class=\"et_pb_column_5 et_pb_column et_pb_column_1_2 et_block_column et_pb_css_mix_blend_mode_passthrough\"><div class=\"et_pb_text_3 et_pb_text et_pb_bg_layout_light et_animated et_pb_module et_block_module\"><div class=\"et_pb_text_inner\"><p>I den <strong>europeiske provinsen<\/strong> - som forener kommuniteter fra <strong>Italia, Irland, Tyskland, Spania, England, Norge, Frankrike og Nederland<\/strong> - svarer vi p\u00e5 Jesu Kristi kall og forkynner evangeliet <strong>i Marias navn og under hennes<\/strong> veiledning.<\/p>\n<\/div><\/div><div class=\"et_pb_module et_pb_button_module_wrapper et_pb_button_0_wrapper\"><a class=\"et_pb_button_0 et_pb_button et_pb_bg_layout_light et_pb_module et_block_module\" href=\"https:\/\/maristeurope.eu\/no\/spiritualitet\/\">L\u00e6r mer<\/a><\/div><\/div><div class=\"et_pb_column_6 et_pb_column et_pb_column_1_2 et-last-child et_block_column et_pb_css_mix_blend_mode_passthrough\"><div class=\"et_pb_text_4 et_pb_text et_pb_bg_layout_light et_animated et_pb_module et_block_module\"><div class=\"et_pb_text_inner\"><p>\u00c5 omsette evangeliet til handling for oss betyr \u00e5 <strong>tenke, d\u00f8mme, f\u00f8le og handle<\/strong> slik Maria gjorde, i dagens europeiske kultur.<\/p>\n<\/div><\/div><\/div><\/div><\/div><div class=\"et_pb_section_4 et_pb_section et_section_regular et_block_section section_has_divider et_pb_top_divider\"><div class=\"et_pb_top_inside_divider et-no-transition\"><\/div><div class=\"et_pb_row_4 et_pb_row et_block_row preset--module--divi-row--default\"><div class=\"et_pb_column_7 et_pb_column et_pb_column_4_4 et-last-child et_block_column et_pb_css_mix_blend_mode_passthrough\"><div class=\"et_pb_text_5 et_pb_text et_pb_bg_layout_light et_animated et_pb_module et_block_module\"><div class=\"et_pb_text_inner\"><h2>Hva skjer i provinsen?<\/h2>\n<\/div><\/div><div class=\"et_pb_blog_0 et_pb_blog et_pb_bg_layout_light et_pb_posts et_animated et_pb_module\"><div class=\"et_pb_ajax_pagination_container\"><div class=\"et_pb_posts et_grid_module\"><article class=\"et_pb_post et_pb_post_id_10773 clearfix et_pb_blog_item_0_0 post-10773 post type-post status-publish format-standard has-post-thumbnail hentry category-uncategorized-no\"><div class=\"et_pb_image_container\"><a href=\"https:\/\/maristeurope.eu\/no\/a-dyrke-maristanden-i-skolene-vare-i-irland\/\" class=\"entry-featured-image-url\"><img loading=\"lazy\" decoding=\"async\" src=\"https:\/\/maristeurope.eu\/wp-content\/uploads\/2026\/05\/1000143931-scaled.jpg\" width=\"400\" height=\"284\" alt=\"\u00c5 dyrke marist\u00e5nden i skolene v\u00e5re i Irland\" class=\"\" srcset=\"https:\/\/maristeurope.eu\/wp-content\/uploads\/2026\/05\/1000143931-scaled.jpg 479w, https:\/\/maristeurope.eu\/wp-content\/uploads\/2026\/05\/1000143931-400x284.jpg 480w\" sizes=\"(max-width:479px) 479px, 100vw\" \/><span data-icon=\"\ue050\" class=\"et_overlay et_pb_inline_icon\"><\/span><\/a><\/div><h2 class=\"entry-title\"><a href=\"https:\/\/maristeurope.eu\/no\/a-dyrke-maristanden-i-skolene-vare-i-irland\/\">\u00c5 dyrke marist\u00e5nden i skolene v\u00e5re i Irland<\/a><\/h2><p class=\"post-meta\"><span class=\"published\">mai 6, 2026<\/span><\/p><div class=\"post-content\"><div class=\"post-content-inner\"><p>Chanel-fellesskapet i Coolock (Irland) tok nylig imot Lachie Bartlett, en andre\u00e5rsseminarist fra Casa Di Maria i Roma, i en uke. Sammen med pater Martin McAnaney bisto han i arbeidet til Marist Education Authority Schools (MEAS), som er en maristisk utdanningsorganisasjon, i deres arbeid for \u00e5 fremme maristenes etos og lederoppl\u00e6ring i utdanningen.   <\/p>\n<\/div><\/div><\/article><article class=\"et_pb_post et_pb_post_id_10626 clearfix et_pb_blog_item_0_1 post-10626 post type-post status-publish format-standard has-post-thumbnail hentry category-uncategorized-no\"><div class=\"et_pb_image_container\"><a href=\"https:\/\/maristeurope.eu\/no\/maristdagene-deling-om-yrker-i-franske-skoler\/\" class=\"entry-featured-image-url\"><img loading=\"lazy\" decoding=\"async\" src=\"https:\/\/maristeurope.eu\/wp-content\/uploads\/2026\/04\/PHOTO-2026-04-22-14-42-39.jpg\" width=\"400\" height=\"284\" alt=\"Maristdagene: Deling om yrker i franske skoler\" class=\"\" srcset=\"https:\/\/maristeurope.eu\/wp-content\/uploads\/2026\/04\/PHOTO-2026-04-22-14-42-39.jpg 479w, https:\/\/maristeurope.eu\/wp-content\/uploads\/2026\/04\/PHOTO-2026-04-22-14-42-39-400x284.jpg 480w\" sizes=\"(max-width:479px) 479px, 100vw\" \/><span data-icon=\"\ue050\" class=\"et_overlay et_pb_inline_icon\"><\/span><\/a><\/div><h2 class=\"entry-title\"><a href=\"https:\/\/maristeurope.eu\/no\/maristdagene-deling-om-yrker-i-franske-skoler\/\">Maristdagene: Deling om yrker i franske skoler<\/a><\/h2><p class=\"post-meta\"><span class=\"published\">apr 29, 2026<\/span><\/p><div class=\"post-content\"><div class=\"post-content-inner\"><p>Denne v\u00e5ren feiret flere maristskoler i Frankrike \"Les journ\u00e9es maristes\" (Maristdagene). Reisen begynte i mars ved Bury og Le Rosaire (nord i Paris) og fortsatte etter p\u00e5ske ved v\u00e5re tre skoler i Toulon: Cours F\u00e9nelon, Institution Sainte Marie og Externat Saint Joseph la Cordeille. <\/p>\n<\/div><\/div><\/article><article class=\"et_pb_post et_pb_post_id_10580 clearfix et_pb_blog_item_0_2 post-10580 post type-post status-publish format-standard has-post-thumbnail hentry category-uncategorized-no\"><div class=\"et_pb_image_container\"><a href=\"https:\/\/maristeurope.eu\/no\/maristfedrene-slutter-seg-til-provinsen-europa\/\" class=\"entry-featured-image-url\"><img loading=\"lazy\" decoding=\"async\" src=\"https:\/\/maristeurope.eu\/wp-content\/uploads\/2026\/04\/small-table-lamp-world-map-copy-space-1-scaled.jpg\" width=\"400\" height=\"284\" alt=\"Maristfedrene slutter seg til provinsen Europa\" class=\"\" srcset=\"https:\/\/maristeurope.eu\/wp-content\/uploads\/2026\/04\/small-table-lamp-world-map-copy-space-1-scaled.jpg 479w, https:\/\/maristeurope.eu\/wp-content\/uploads\/2026\/04\/small-table-lamp-world-map-copy-space-1-400x284.jpg 480w\" sizes=\"(max-width:479px) 479px, 100vw\" \/><span data-icon=\"\ue050\" class=\"et_overlay et_pb_inline_icon\"><\/span><\/a><\/div><h2 class=\"entry-title\"><a href=\"https:\/\/maristeurope.eu\/no\/maristfedrene-slutter-seg-til-provinsen-europa\/\">Maristfedrene slutter seg til provinsen Europa<\/a><\/h2><p class=\"post-meta\"><span class=\"published\">apr 22, 2026<\/span><\/p><div class=\"post-content\"><div class=\"post-content-inner\"><p>Vi er glade for \u00e5 kunne \u00f8nske velkommen til Europaprovinsen pater Christian, som bor sammen med kommuniteten i Lyon, og pater Clovis, som slutter seg til kommuniteten i London.<\/p>\n<\/div><\/div><\/article><\/div><\/div><\/div><div class=\"et_pb_module et_pb_button_module_wrapper et_pb_button_1_wrapper\"><a class=\"et_pb_button_1 et_pb_button et_pb_bg_layout_light et_pb_module et_block_module\" href=\"https:\/\/maristeurope.eu\/no\/nyheter\/\">Flere nyheter<\/a><\/div><\/div><\/div><\/div><div class=\"et_pb_section_5 et_pb_section et_section_regular et_block_section section_has_divider et_pb_top_divider et_pb_bottom_divider\"><div class=\"et_pb_top_inside_divider et-no-transition\"><\/div><span class=\"et_pb_background_pattern\"><\/span><div class=\"et_pb_row_5 et_pb_row et_pb_equal_columns et_block_row preset--module--divi-row--default\"><div class=\"et_pb_column_8 et_pb_column et_pb_column_2_5 et_block_column et_pb_css_mix_blend_mode_passthrough\"><div class=\"et_pb_text_6 et_pb_text et_pb_bg_layout_light et_pb_module et_block_module preset--module--divi-text--178bfce1-3fbd-44bf-b7e7-d42ab13944f7\"><div class=\"et_pb_text_inner\"><h4>DIN SJANSE TIL \u00c5 BLI EN<\/h4>\n<\/div><\/div><div class=\"et_pb_text_7 et_pb_text et_pb_bg_layout_light et_pb_module et_block_module preset--module--divi-text--b7c8e0f7-f028-4ba3-ace1-b6f3b08d486e\"><div class=\"et_pb_text_inner\"><h2>MARIST INFLUENCER<\/h2>\n<\/div><\/div><\/div><div class=\"et_pb_column_9 et_pb_column et_pb_column_3_5 et-last-child et_block_column et_pb_css_mix_blend_mode_passthrough\"><div class=\"et_pb_text_8 et_pb_text et_pb_bg_layout_light et_animated et_clickable et_pb_module et_block_module\"><div class=\"et_pb_text_inner\"><p>Utdanning<\/p>\n<\/div><\/div><div class=\"et_pb_text_9 et_pb_text et_pb_bg_layout_light et_animated et_clickable et_pb_module et_block_module\"><div class=\"et_pb_text_inner\"><p>Yrker<\/p>\n<\/div><\/div><div class=\"et_pb_text_10 et_pb_text et_pb_bg_layout_light et_animated et_clickable et_pb_module et_block_module\"><div class=\"et_pb_text_inner\"><p>Maristenes legfolk<\/p>\n<\/div><\/div><\/div><\/div><div class=\"et_pb_bottom_inside_divider et-no-transition\"><\/div><\/div><div class=\"et_pb_section_6 et_pb_section et_section_regular et_block_section\"><span class=\"et_pb_background_pattern\"><\/span><div class=\"et_pb_row_6 et_pb_row et_block_row et_animated preset--module--divi-row--default\"><div class=\"et_pb_column_10 et_pb_column et_pb_column_1_2 et_block_column et_pb_css_mix_blend_mode_passthrough\"><div class=\"et_pb_text_11 et_pb_text et_pb_bg_layout_light et_animated et_clickable et_pb_module et_block_module\"><div class=\"et_pb_text_inner\"><h3>Tilbake til fremtiden<\/h3>\n<p><b>La Neyli\u00e8re<\/b><span style=\"font-weight: 400;\"> er v\u00e5rt maristgjestehus, der v\u00e5r grunnlegger, pater Colin, bodde i n\u00e6rheten av Lyon, og som n\u00e5 tar imot mennesker som s\u00f8ker inspirasjon i livet.<\/span><\/p>\n<\/div><\/div><\/div><div class=\"et_pb_column_11 et_pb_column et_pb_column_1_2 et-last-child et_block_column et_pb_css_mix_blend_mode_passthrough\"><div class=\"et_pb_text_12 et_pb_text et_pb_bg_layout_light et_animated et_clickable et_pb_module et_block_module\"><div class=\"et_pb_text_inner\"><h3>\u00d8nsker pilegrimer velkommen<\/h3>\n<p><span style=\"font-weight: 400;\">p\u00e5 <\/span><b>Caminoen<\/b><span style=\"font-weight: 400;\"> til Santiago de Compostella, v\u00e5rt Marist-hostell i <\/span><b>Sahag\u00fan<\/b><span style=\"font-weight: 400;\"> tilbyr gjestfrihet til mennesker som s\u00f8ker etter mening p\u00e5 sin livsreise.<\/span><\/p>\n<\/div><\/div><\/div><\/div><div class=\"et_pb_row_7 et_pb_row et_pb_row_1-4_1-2_1-4 et_block_row et_block_row_1-4_1-2_1-4 et_animated preset--module--divi-row--default\"><div class=\"et_pb_column_12 et_pb_column et_pb_column_1_4 et_block_column et_pb_column_empty et_pb_css_mix_blend_mode_passthrough\"><\/div><div class=\"et_pb_column_13 et_pb_column et_pb_column_1_2 et_block_column et_pb_css_mix_blend_mode_passthrough\"><div class=\"et_pb_text_13 et_pb_text et_pb_bg_layout_light et_animated et_clickable et_pb_module et_block_module\"><div class=\"et_pb_text_inner\"><h3>Sentrumsmisjonen<\/h3>\n<p><span style=\"font-weight: 400;\">Notre Dame de France er en kirke som ligger i West End i <\/span><b>London<\/b><span style=\"font-weight: 400;\">og er hjemsted for de franskspr\u00e5klige menighetene som evangeliserer i ord og handling i byen.<\/span><\/p>\n<\/div><\/div><\/div><div class=\"et_pb_column_14 et_pb_column et_pb_column_1_4 et-last-child et_block_column et_pb_column_empty et_pb_css_mix_blend_mode_passthrough\"><\/div><\/div><\/div>\n","protected":false},"excerpt":{"rendered":"","protected":false},"author":1,"featured_media":0,"parent":0,"menu_order":0,"comment_status":"closed","ping_status":"closed","template":"","meta":{"footnotes":""},"class_list":["post-3643","page","type-page","status-publish","hentry"],"yoast_head":"<!-- This site is optimized with the Yoast SEO plugin v27.5 - https:\/\/yoast.com\/product\/yoast-seo-wordpress\/ -->\n<title>Marister - Marist Europe<\/title>\n<meta name=\"robots\" content=\"index, follow, max-snippet:-1, max-image-preview:large, max-video-preview:-1\" \/>\n<link rel=\"canonical\" href=\"https:\/\/maristeurope.eu\/no\/\" \/>\n<meta property=\"og:locale\" content=\"nb_NO\" \/>\n<meta property=\"og:type\" content=\"article\" \/>\n<meta property=\"og:title\" content=\"Marister - Marist Europe\" \/>\n<meta property=\"og:url\" content=\"https:\/\/maristeurope.eu\/no\/\" \/>\n<meta property=\"og:site_name\" content=\"Marist Europe\" \/>\n<meta property=\"article:modified_time\" content=\"2026-05-07T06:29:07+00:00\" \/>\n<meta name=\"twitter:card\" content=\"summary_large_image\" \/>\n<script type=\"application\/ld+json\" class=\"yoast-schema-graph\">{\"@context\":\"https:\\\/\\\/schema.org\",\"@graph\":[{\"@type\":\"WebPage\",\"@id\":\"https:\\\/\\\/maristeurope.eu\\\/no\\\/\",\"url\":\"https:\\\/\\\/maristeurope.eu\\\/no\\\/\",\"name\":\"Marister - Marist Europe\",\"isPartOf\":{\"@id\":\"https:\\\/\\\/maristeurope.eu\\\/no\\\/#website\"},\"datePublished\":\"2024-11-19T12:13:55+00:00\",\"dateModified\":\"2026-05-07T06:29:07+00:00\",\"breadcrumb\":{\"@id\":\"https:\\\/\\\/maristeurope.eu\\\/no\\\/#breadcrumb\"},\"inLanguage\":\"nb-NO\",\"potentialAction\":[{\"@type\":\"ReadAction\",\"target\":[\"https:\\\/\\\/maristeurope.eu\\\/no\\\/\"]}]},{\"@type\":\"BreadcrumbList\",\"@id\":\"https:\\\/\\\/maristeurope.eu\\\/no\\\/#breadcrumb\",\"itemListElement\":[{\"@type\":\"ListItem\",\"position\":1,\"name\":\"Home\",\"item\":\"https:\\\/\\\/maristeurope.eu\\\/no\\\/\"},{\"@type\":\"ListItem\",\"position\":2,\"name\":\"Marister\"}]},{\"@type\":\"WebSite\",\"@id\":\"https:\\\/\\\/maristeurope.eu\\\/no\\\/#website\",\"url\":\"https:\\\/\\\/maristeurope.eu\\\/no\\\/\",\"name\":\"Marist Europe\",\"description\":\"\",\"publisher\":{\"@id\":\"https:\\\/\\\/maristeurope.eu\\\/no\\\/#organization\"},\"potentialAction\":[{\"@type\":\"SearchAction\",\"target\":{\"@type\":\"EntryPoint\",\"urlTemplate\":\"https:\\\/\\\/maristeurope.eu\\\/no\\\/?s={search_term_string}\"},\"query-input\":{\"@type\":\"PropertyValueSpecification\",\"valueRequired\":true,\"valueName\":\"search_term_string\"}}],\"inLanguage\":\"nb-NO\"},{\"@type\":\"Organization\",\"@id\":\"https:\\\/\\\/maristeurope.eu\\\/no\\\/#organization\",\"name\":\"Marist Europe\",\"url\":\"https:\\\/\\\/maristeurope.eu\\\/no\\\/\",\"logo\":{\"@type\":\"ImageObject\",\"inLanguage\":\"nb-NO\",\"@id\":\"https:\\\/\\\/maristeurope.eu\\\/no\\\/#\\\/schema\\\/logo\\\/image\\\/\",\"url\":\"https:\\\/\\\/maristeurope.eu\\\/wp-content\\\/uploads\\\/2024\\\/10\\\/EU-SM-Finalogo-02.png\",\"contentUrl\":\"https:\\\/\\\/maristeurope.eu\\\/wp-content\\\/uploads\\\/2024\\\/10\\\/EU-SM-Finalogo-02.png\",\"width\":150,\"height\":156,\"caption\":\"Marist Europe\"},\"image\":{\"@id\":\"https:\\\/\\\/maristeurope.eu\\\/no\\\/#\\\/schema\\\/logo\\\/image\\\/\"}}]}<\/script>\n<!-- \/ Yoast SEO plugin. -->","yoast_head_json":{"title":"Marister - Marist Europe","robots":{"index":"index","follow":"follow","max-snippet":"max-snippet:-1","max-image-preview":"max-image-preview:large","max-video-preview":"max-video-preview:-1"},"canonical":"https:\/\/maristeurope.eu\/no\/","og_locale":"nb_NO","og_type":"article","og_title":"Marister - Marist Europe","og_url":"https:\/\/maristeurope.eu\/no\/","og_site_name":"Marist Europe","article_modified_time":"2026-05-07T06:29:07+00:00","twitter_card":"summary_large_image","schema":{"@context":"https:\/\/schema.org","@graph":[{"@type":"WebPage","@id":"https:\/\/maristeurope.eu\/no\/","url":"https:\/\/maristeurope.eu\/no\/","name":"Marister - Marist Europe","isPartOf":{"@id":"https:\/\/maristeurope.eu\/no\/#website"},"datePublished":"2024-11-19T12:13:55+00:00","dateModified":"2026-05-07T06:29:07+00:00","breadcrumb":{"@id":"https:\/\/maristeurope.eu\/no\/#breadcrumb"},"inLanguage":"nb-NO","potentialAction":[{"@type":"ReadAction","target":["https:\/\/maristeurope.eu\/no\/"]}]},{"@type":"BreadcrumbList","@id":"https:\/\/maristeurope.eu\/no\/#breadcrumb","itemListElement":[{"@type":"ListItem","position":1,"name":"Home","item":"https:\/\/maristeurope.eu\/no\/"},{"@type":"ListItem","position":2,"name":"Marister"}]},{"@type":"WebSite","@id":"https:\/\/maristeurope.eu\/no\/#website","url":"https:\/\/maristeurope.eu\/no\/","name":"Marist Europe","description":"","publisher":{"@id":"https:\/\/maristeurope.eu\/no\/#organization"},"potentialAction":[{"@type":"SearchAction","target":{"@type":"EntryPoint","urlTemplate":"https:\/\/maristeurope.eu\/no\/?s={search_term_string}"},"query-input":{"@type":"PropertyValueSpecification","valueRequired":true,"valueName":"search_term_string"}}],"inLanguage":"nb-NO"},{"@type":"Organization","@id":"https:\/\/maristeurope.eu\/no\/#organization","name":"Marist Europe","url":"https:\/\/maristeurope.eu\/no\/","logo":{"@type":"ImageObject","inLanguage":"nb-NO","@id":"https:\/\/maristeurope.eu\/no\/#\/schema\/logo\/image\/","url":"https:\/\/maristeurope.eu\/wp-content\/uploads\/2024\/10\/EU-SM-Finalogo-02.png","contentUrl":"https:\/\/maristeurope.eu\/wp-content\/uploads\/2024\/10\/EU-SM-Finalogo-02.png","width":150,"height":156,"caption":"Marist Europe"},"image":{"@id":"https:\/\/maristeurope.eu\/no\/#\/schema\/logo\/image\/"}}]}},"_links":{"self":[{"href":"https:\/\/maristeurope.eu\/no\/wp-json\/wp\/v2\/pages\/3643","targetHints":{"allow":["GET"]}}],"collection":[{"href":"https:\/\/maristeurope.eu\/no\/wp-json\/wp\/v2\/pages"}],"about":[{"href":"https:\/\/maristeurope.eu\/no\/wp-json\/wp\/v2\/types\/page"}],"author":[{"embeddable":true,"href":"https:\/\/maristeurope.eu\/no\/wp-json\/wp\/v2\/users\/1"}],"replies":[{"embeddable":true,"href":"https:\/\/maristeurope.eu\/no\/wp-json\/wp\/v2\/comments?post=3643"}],"version-history":[{"count":26,"href":"https:\/\/maristeurope.eu\/no\/wp-json\/wp\/v2\/pages\/3643\/revisions"}],"predecessor-version":[{"id":10754,"href":"https:\/\/maristeurope.eu\/no\/wp-json\/wp\/v2\/pages\/3643\/revisions\/10754"}],"wp:attachment":[{"href":"https:\/\/maristeurope.eu\/no\/wp-json\/wp\/v2\/media?parent=3643"}],"curies":[{"name":"wp","href":"https:\/\/api.w.org\/{rel}","templated":true}]}}