{"id":3631,"date":"2024-12-17T14:23:19","date_gmt":"2024-12-17T13:23:19","guid":{"rendered":"https:\/\/marist.sjdigitaldemo.ovh\/england\/"},"modified":"2026-05-07T08:34:50","modified_gmt":"2026-05-07T06:34:50","slug":"england","status":"publish","type":"page","link":"https:\/\/maristeurope.eu\/no\/lokalsamfunn\/england\/","title":{"rendered":"England"},"content":{"rendered":"\n<div class=\"et_pb_section_0 et_pb_section et_section_regular et_block_section section_has_divider et_pb_bottom_divider\"><div class=\"et_pb_row_0 et_pb_row et_pb_equal_columns et_block_row et_animated preset--module--divi-row--default\"><div class=\"et_pb_column_0 et_pb_column et_pb_column_4_4 et-last-child et_block_column et_pb_css_mix_blend_mode_passthrough\"><div class=\"et_pb_text_0 et_pb_text et_pb_bg_layout_light et_pb_module et_block_module\"><div class=\"et_pb_text_inner\"><h1>England<\/h1>\n<\/div><\/div><\/div><\/div><div class=\"et_pb_bottom_inside_divider et-no-transition\"><\/div><\/div><div class=\"et_pb_section_1 et_pb_section et_section_regular et_block_section\"><div class=\"et_pb_row_1 et_pb_row et_block_row preset--module--divi-row--default\"><div class=\"et_pb_column_1 et_pb_column et_pb_column_4_4 et-last-child et_block_column et_pb_css_mix_blend_mode_passthrough\"><div class=\"et_pb_code_0 et_pb_code et_pb_module\"><div class=\"et_pb_code_inner\"><div class=\"sjd-locations-grid\"><div class=\"sjd-location-card\">  <div class=\"sjd-card-column sjd-column-name\">      <h2>Walsingham-Wells<\/h2>  <\/div>  <div class=\"sjd-card-column sjd-column-description\"><p>Kommuniteten har ansvaret for den pastorale omsorgen for et omfattende landsogn med fire kirker i kystomr\u00e5det i North Norfolk, med landsbyen Walsingham som sentrum. Vi arbeider for \u00e5 fremme Det annet Vatikankoncils visjon om kirken og dens utvikling i pave Frans' initiativ. <\/p><\/div>  <div class=\"sjd-card-column sjd-column-contact\">      <h3>Contact<\/h3><p>Catholic Church of the Annunciation, Friday Market, Little Walsingham, NR22 6DB, UK<\/p><p>+44 1328 713044<\/p><p><a href=\"https:\/\/www.catholicparishofwalsingham.org\" target=\"_blank\">Visit Website<\/a><\/p><p><a href=\"mailto:annunciation22@gmail.com\">annunciation22@gmail.com<\/a><\/p>  <\/div><\/div><div class=\"sjd-location-card\">  <div class=\"sjd-card-column sjd-column-name\">      <h2>Hull<\/h2>  <\/div>  <div class=\"sjd-card-column sjd-column-description\"><p>V\u00e5r oppgave her er \u00e5 bidra til livet i den lokale kirken i Marias \u00e5nd. Dette gj\u00f8r vi ved \u00e5 bes\u00f8ke eldre og hjemmeboende, delta p\u00e5 interreligi\u00f8se m\u00f8ter og \u00f8kumeniske sammenkomster. Vi utf\u00f8rer vikararbeid i lokale menigheter, holder andaktsdager for lokale grupper og arbeider i mottakssentre for flyktninger og asyls\u00f8kere. Som en del av maristfamilien st\u00f8tter og oppmuntrer vi maristenes lekfolk i deres kall.   <\/p><\/div>  <div class=\"sjd-card-column sjd-column-contact\">      <h3>Contact<\/h3><p>Marist Community, Newman House, 729 Beverley Road, Hull HU6 7ER, UK<\/p><p>+44 1482 856884<\/p>  <\/div><\/div><div class=\"sjd-location-card\">  <div class=\"sjd-card-column sjd-column-name\">      <h2>London - Notre Dame de France<\/h2>  <\/div>  <div class=\"sjd-card-column sjd-column-description\"><p>Den katolske, franskspr\u00e5klige kirken og menigheten i sentrum av London, som siden 1865 har v\u00e6rt betrodd den pastorale omsorgen til Maristkommunitetene. Maristenes oppdrag er \u00e5 danne et fellesskap av troende som er forpliktet p\u00e5 evangelisering i ord og handling. Dette inneb\u00e6rer sjelesorg for det frankofone samfunnet, st\u00f8tte til flyktninger og asyls\u00f8kere, og \u00e5 n\u00e5 ut til andre i West End i London, s\u00e6rlig de som opplever vanskeligheter.  \n\nP\u00e5 l\u00f8rdager tar <strong>Sandwich Service <\/strong>imot hjeml\u00f8se og andre trengende med sm\u00f8rbr\u00f8d, og kanskje enda viktigere, en mulighet til \u00e5 prate og slappe av i noen timer.\n\n<strong>Notre Dame Refugee Centre<\/strong><a href=\"http:\/\/www.notredamerc.org.uk\">(www.notredamerc.org.uk)<\/a> tar imot asyls\u00f8kere og flyktninger i et drop-in-senter for generell st\u00f8tte, sosialt samv\u00e6r, innvandrings- og boligr\u00e5dgivning, engelskundervisning og gratis kl\u00e6r og toalettsaker.<\/p><\/div>  <div class=\"sjd-card-column sjd-column-contact\">      <h3>Contact<\/h3><p>5 Leicester Place, London WC2H 7BX, UK<\/p><p>+44 20 7437 9363<\/p><p><a href=\"https:\/\/www.ndfchurch.org\" target=\"_blank\">Visit Website<\/a><\/p><p><a href=\"mailto:info@ndfchurch.org\">info@ndfchurch.org<\/a><\/p>  <\/div><\/div><\/div><\/div><\/div><\/div><\/div><\/div>\n","protected":false},"excerpt":{"rendered":"","protected":false},"author":1,"featured_media":3632,"parent":3689,"menu_order":0,"comment_status":"closed","ping_status":"closed","template":"","meta":{"footnotes":""},"class_list":["post-3631","page","type-page","status-publish","has-post-thumbnail","hentry"],"yoast_head":"<!-- This site is optimized with the Yoast SEO plugin v27.5 - https:\/\/yoast.com\/product\/yoast-seo-wordpress\/ -->\n<title>England - Marist Europe<\/title>\n<meta name=\"robots\" content=\"index, follow, max-snippet:-1, max-image-preview:large, max-video-preview:-1\" \/>\n<link rel=\"canonical\" href=\"https:\/\/maristeurope.eu\/no\/lokalsamfunn\/england\/\" \/>\n<meta property=\"og:locale\" content=\"nb_NO\" \/>\n<meta property=\"og:type\" content=\"article\" \/>\n<meta property=\"og:title\" content=\"England - Marist Europe\" \/>\n<meta property=\"og:url\" content=\"https:\/\/maristeurope.eu\/no\/lokalsamfunn\/england\/\" \/>\n<meta property=\"og:site_name\" content=\"Marist Europe\" \/>\n<meta property=\"article:modified_time\" content=\"2026-05-07T06:34:50+00:00\" \/>\n<meta property=\"og:image\" content=\"https:\/\/maristeurope.eu\/wp-content\/uploads\/2024\/11\/bridge-8830231_1280-en-tamano-grande.jpeg\" \/>\n\t<meta property=\"og:image:width\" content=\"1280\" \/>\n\t<meta property=\"og:image:height\" content=\"853\" \/>\n\t<meta property=\"og:image:type\" content=\"image\/jpeg\" \/>\n<meta name=\"twitter:card\" content=\"summary_large_image\" \/>\n<script type=\"application\/ld+json\" class=\"yoast-schema-graph\">{\"@context\":\"https:\\\/\\\/schema.org\",\"@graph\":[{\"@type\":\"WebPage\",\"@id\":\"https:\\\/\\\/maristeurope.eu\\\/no\\\/lokalsamfunn\\\/england\\\/\",\"url\":\"https:\\\/\\\/maristeurope.eu\\\/no\\\/lokalsamfunn\\\/england\\\/\",\"name\":\"England - Marist Europe\",\"isPartOf\":{\"@id\":\"https:\\\/\\\/maristeurope.eu\\\/no\\\/#website\"},\"primaryImageOfPage\":{\"@id\":\"https:\\\/\\\/maristeurope.eu\\\/no\\\/lokalsamfunn\\\/england\\\/#primaryimage\"},\"image\":{\"@id\":\"https:\\\/\\\/maristeurope.eu\\\/no\\\/lokalsamfunn\\\/england\\\/#primaryimage\"},\"thumbnailUrl\":\"https:\\\/\\\/maristeurope.eu\\\/wp-content\\\/uploads\\\/2024\\\/11\\\/bridge-8830231_1280-en-tamano-grande.jpeg\",\"datePublished\":\"2024-12-17T13:23:19+00:00\",\"dateModified\":\"2026-05-07T06:34:50+00:00\",\"breadcrumb\":{\"@id\":\"https:\\\/\\\/maristeurope.eu\\\/no\\\/lokalsamfunn\\\/england\\\/#breadcrumb\"},\"inLanguage\":\"nb-NO\",\"potentialAction\":[{\"@type\":\"ReadAction\",\"target\":[\"https:\\\/\\\/maristeurope.eu\\\/no\\\/lokalsamfunn\\\/england\\\/\"]}]},{\"@type\":\"ImageObject\",\"inLanguage\":\"nb-NO\",\"@id\":\"https:\\\/\\\/maristeurope.eu\\\/no\\\/lokalsamfunn\\\/england\\\/#primaryimage\",\"url\":\"https:\\\/\\\/maristeurope.eu\\\/wp-content\\\/uploads\\\/2024\\\/11\\\/bridge-8830231_1280-en-tamano-grande.jpeg\",\"contentUrl\":\"https:\\\/\\\/maristeurope.eu\\\/wp-content\\\/uploads\\\/2024\\\/11\\\/bridge-8830231_1280-en-tamano-grande.jpeg\",\"width\":1280,\"height\":853},{\"@type\":\"BreadcrumbList\",\"@id\":\"https:\\\/\\\/maristeurope.eu\\\/no\\\/lokalsamfunn\\\/england\\\/#breadcrumb\",\"itemListElement\":[{\"@type\":\"ListItem\",\"position\":1,\"name\":\"Home\",\"item\":\"https:\\\/\\\/maristeurope.eu\\\/no\\\/\"},{\"@type\":\"ListItem\",\"position\":2,\"name\":\"Lokalsamfunn\",\"item\":\"https:\\\/\\\/maristeurope.eu\\\/no\\\/communities\\\/\"},{\"@type\":\"ListItem\",\"position\":3,\"name\":\"England\"}]},{\"@type\":\"WebSite\",\"@id\":\"https:\\\/\\\/maristeurope.eu\\\/no\\\/#website\",\"url\":\"https:\\\/\\\/maristeurope.eu\\\/no\\\/\",\"name\":\"Marist Europe\",\"description\":\"\",\"publisher\":{\"@id\":\"https:\\\/\\\/maristeurope.eu\\\/no\\\/#organization\"},\"potentialAction\":[{\"@type\":\"SearchAction\",\"target\":{\"@type\":\"EntryPoint\",\"urlTemplate\":\"https:\\\/\\\/maristeurope.eu\\\/no\\\/?s={search_term_string}\"},\"query-input\":{\"@type\":\"PropertyValueSpecification\",\"valueRequired\":true,\"valueName\":\"search_term_string\"}}],\"inLanguage\":\"nb-NO\"},{\"@type\":\"Organization\",\"@id\":\"https:\\\/\\\/maristeurope.eu\\\/no\\\/#organization\",\"name\":\"Marist Europe\",\"url\":\"https:\\\/\\\/maristeurope.eu\\\/no\\\/\",\"logo\":{\"@type\":\"ImageObject\",\"inLanguage\":\"nb-NO\",\"@id\":\"https:\\\/\\\/maristeurope.eu\\\/no\\\/#\\\/schema\\\/logo\\\/image\\\/\",\"url\":\"https:\\\/\\\/maristeurope.eu\\\/wp-content\\\/uploads\\\/2024\\\/10\\\/EU-SM-Finalogo-02.png\",\"contentUrl\":\"https:\\\/\\\/maristeurope.eu\\\/wp-content\\\/uploads\\\/2024\\\/10\\\/EU-SM-Finalogo-02.png\",\"width\":150,\"height\":156,\"caption\":\"Marist Europe\"},\"image\":{\"@id\":\"https:\\\/\\\/maristeurope.eu\\\/no\\\/#\\\/schema\\\/logo\\\/image\\\/\"}}]}<\/script>\n<!-- \/ Yoast SEO plugin. -->","yoast_head_json":{"title":"England - Marist Europe","robots":{"index":"index","follow":"follow","max-snippet":"max-snippet:-1","max-image-preview":"max-image-preview:large","max-video-preview":"max-video-preview:-1"},"canonical":"https:\/\/maristeurope.eu\/no\/lokalsamfunn\/england\/","og_locale":"nb_NO","og_type":"article","og_title":"England - Marist Europe","og_url":"https:\/\/maristeurope.eu\/no\/lokalsamfunn\/england\/","og_site_name":"Marist Europe","article_modified_time":"2026-05-07T06:34:50+00:00","og_image":[{"width":1280,"height":853,"url":"https:\/\/maristeurope.eu\/wp-content\/uploads\/2024\/11\/bridge-8830231_1280-en-tamano-grande.jpeg","type":"image\/jpeg"}],"twitter_card":"summary_large_image","schema":{"@context":"https:\/\/schema.org","@graph":[{"@type":"WebPage","@id":"https:\/\/maristeurope.eu\/no\/lokalsamfunn\/england\/","url":"https:\/\/maristeurope.eu\/no\/lokalsamfunn\/england\/","name":"England - Marist Europe","isPartOf":{"@id":"https:\/\/maristeurope.eu\/no\/#website"},"primaryImageOfPage":{"@id":"https:\/\/maristeurope.eu\/no\/lokalsamfunn\/england\/#primaryimage"},"image":{"@id":"https:\/\/maristeurope.eu\/no\/lokalsamfunn\/england\/#primaryimage"},"thumbnailUrl":"https:\/\/maristeurope.eu\/wp-content\/uploads\/2024\/11\/bridge-8830231_1280-en-tamano-grande.jpeg","datePublished":"2024-12-17T13:23:19+00:00","dateModified":"2026-05-07T06:34:50+00:00","breadcrumb":{"@id":"https:\/\/maristeurope.eu\/no\/lokalsamfunn\/england\/#breadcrumb"},"inLanguage":"nb-NO","potentialAction":[{"@type":"ReadAction","target":["https:\/\/maristeurope.eu\/no\/lokalsamfunn\/england\/"]}]},{"@type":"ImageObject","inLanguage":"nb-NO","@id":"https:\/\/maristeurope.eu\/no\/lokalsamfunn\/england\/#primaryimage","url":"https:\/\/maristeurope.eu\/wp-content\/uploads\/2024\/11\/bridge-8830231_1280-en-tamano-grande.jpeg","contentUrl":"https:\/\/maristeurope.eu\/wp-content\/uploads\/2024\/11\/bridge-8830231_1280-en-tamano-grande.jpeg","width":1280,"height":853},{"@type":"BreadcrumbList","@id":"https:\/\/maristeurope.eu\/no\/lokalsamfunn\/england\/#breadcrumb","itemListElement":[{"@type":"ListItem","position":1,"name":"Home","item":"https:\/\/maristeurope.eu\/no\/"},{"@type":"ListItem","position":2,"name":"Lokalsamfunn","item":"https:\/\/maristeurope.eu\/no\/communities\/"},{"@type":"ListItem","position":3,"name":"England"}]},{"@type":"WebSite","@id":"https:\/\/maristeurope.eu\/no\/#website","url":"https:\/\/maristeurope.eu\/no\/","name":"Marist Europe","description":"","publisher":{"@id":"https:\/\/maristeurope.eu\/no\/#organization"},"potentialAction":[{"@type":"SearchAction","target":{"@type":"EntryPoint","urlTemplate":"https:\/\/maristeurope.eu\/no\/?s={search_term_string}"},"query-input":{"@type":"PropertyValueSpecification","valueRequired":true,"valueName":"search_term_string"}}],"inLanguage":"nb-NO"},{"@type":"Organization","@id":"https:\/\/maristeurope.eu\/no\/#organization","name":"Marist Europe","url":"https:\/\/maristeurope.eu\/no\/","logo":{"@type":"ImageObject","inLanguage":"nb-NO","@id":"https:\/\/maristeurope.eu\/no\/#\/schema\/logo\/image\/","url":"https:\/\/maristeurope.eu\/wp-content\/uploads\/2024\/10\/EU-SM-Finalogo-02.png","contentUrl":"https:\/\/maristeurope.eu\/wp-content\/uploads\/2024\/10\/EU-SM-Finalogo-02.png","width":150,"height":156,"caption":"Marist Europe"},"image":{"@id":"https:\/\/maristeurope.eu\/no\/#\/schema\/logo\/image\/"}}]}},"_links":{"self":[{"href":"https:\/\/maristeurope.eu\/no\/wp-json\/wp\/v2\/pages\/3631","targetHints":{"allow":["GET"]}}],"collection":[{"href":"https:\/\/maristeurope.eu\/no\/wp-json\/wp\/v2\/pages"}],"about":[{"href":"https:\/\/maristeurope.eu\/no\/wp-json\/wp\/v2\/types\/page"}],"author":[{"embeddable":true,"href":"https:\/\/maristeurope.eu\/no\/wp-json\/wp\/v2\/users\/1"}],"replies":[{"embeddable":true,"href":"https:\/\/maristeurope.eu\/no\/wp-json\/wp\/v2\/comments?post=3631"}],"version-history":[{"count":15,"href":"https:\/\/maristeurope.eu\/no\/wp-json\/wp\/v2\/pages\/3631\/revisions"}],"predecessor-version":[{"id":10845,"href":"https:\/\/maristeurope.eu\/no\/wp-json\/wp\/v2\/pages\/3631\/revisions\/10845"}],"up":[{"embeddable":true,"href":"https:\/\/maristeurope.eu\/no\/wp-json\/wp\/v2\/pages\/3689"}],"wp:featuredmedia":[{"embeddable":true,"href":"https:\/\/maristeurope.eu\/no\/wp-json\/wp\/v2\/media\/3632"}],"wp:attachment":[{"href":"https:\/\/maristeurope.eu\/no\/wp-json\/wp\/v2\/media?parent=3631"}],"curies":[{"name":"wp","href":"https:\/\/api.w.org\/{rel}","templated":true}]}}