{"id":3616,"date":"2024-12-19T09:36:39","date_gmt":"2024-12-19T08:36:39","guid":{"rendered":"https:\/\/marist.sjdigitaldemo.ovh\/be-sammen-med-oss\/"},"modified":"2026-05-07T08:35:45","modified_gmt":"2026-05-07T06:35:45","slug":"be-sammen-med-oss","status":"publish","type":"page","link":"https:\/\/maristeurope.eu\/no\/be-sammen-med-oss\/","title":{"rendered":"Be sammen med oss"},"content":{"rendered":"\n<div class=\"et_pb_section_0 et_pb_section et_section_regular et_block_section section_has_divider et_pb_bottom_divider\"><div class=\"et_pb_row_0 et_pb_row et_pb_equal_columns et_block_row et_animated preset--module--divi-row--default\"><div class=\"et_pb_column_0 et_pb_column et_pb_column_4_4 et-last-child et_block_column et_pb_css_mix_blend_mode_passthrough\"><div class=\"et_pb_text_0 et_pb_text et_pb_bg_layout_light et_pb_module et_block_module\"><div class=\"et_pb_text_inner\"><h2>Be med oss<\/h2>\n<\/div><\/div><\/div><\/div><div class=\"et_pb_bottom_inside_divider et-no-transition\"><\/div><\/div><div class=\"et_pb_section_1 et_pb_section et_section_regular et_block_section section_has_divider et_pb_bottom_divider\"><div class=\"et_pb_row_1 et_pb_row et_pb_equal_columns et_block_row preset--module--divi-row--default\"><div class=\"et_pb_column_1 et_pb_column et_pb_column_3_5 et_block_column et_pb_css_mix_blend_mode_passthrough et_animated\"><div class=\"et_pb_text_1 et_pb_text et_pb_bg_layout_light et_animated et_pb_module et_block_module\"><div class=\"et_pb_text_inner\"><h2><strong>L\u00e6r av Marias kontemplative n\u00e6rv\u00e6r<\/strong><\/h2>\n<\/div><\/div><div class=\"et_pb_text_2 et_pb_text et_pb_bg_layout_light et_pb_module et_block_module\"><div class=\"et_pb_text_inner\"><p><span style=\"font-weight: 400;\">Maria var til stede ved Kirkens f\u00f8dsel p\u00e5 <\/span><b>pinsedagen<\/b><span style=\"font-weight: 400;\"> og ba sammen med apostlene. Hun har ikke en privilegert plass, men som en enkel Jesu disippel g\u00e5r hun i forb\u00f8nn for behovene til den verden som hennes s\u00f8nn har frelst. Ved \u00e5 slutte seg til Maria i denne b\u00f8nnen fortsetter maristene \u00e5 gj\u00f8re hennes arbeid, ikke ved \u00e5 resitere spesielle b\u00f8nner, men ved \u00e5 v\u00e6re hennes n\u00e6rv\u00e6r i kirken og ved \u00e5 g\u00e5 i forb\u00f8nn for dem som sliter, som s\u00f8ker etter mening i livet, og dem som er mindre privilegerte i v\u00e5r verden.  <\/span><\/p>\n<\/div><\/div><\/div><div class=\"et_pb_column_2 et_pb_column et_pb_column_2_5 et-last-child et_block_column et_pb_css_mix_blend_mode_passthrough et_animated\"><div class=\"et_pb_image_0 et_pb_image et_animated et_pb_module et_block_module\"><span class=\"et_pb_image_wrap\"><img loading=\"lazy\" decoding=\"async\" src=\"https:\/\/maristeurope.eu\/wp-content\/uploads\/2025\/02\/pentecost.jpeg\" width=\"261\" height=\"318\" srcset=\"https:\/\/maristeurope.eu\/wp-content\/uploads\/2025\/02\/pentecost.jpeg 261w, https:\/\/maristeurope.eu\/wp-content\/uploads\/2025\/02\/pentecost-246x300.jpeg 246w\" sizes=\"(max-width: 261px) 100vw, 261px\" class=\"wp-image-3854\" title=\"pinse\" \/><\/span><\/div><\/div><\/div><div class=\"et_pb_bottom_inside_divider et-no-transition\"><\/div><\/div><div class=\"et_pb_section_2 et_pb_section et_section_regular et_block_section\"><span class=\"et_pb_background_pattern\"><\/span><div class=\"et_pb_row_2 et_pb_row et_pb_equal_columns et_block_row preset--module--divi-row--default\"><div class=\"et_pb_column_3 et_pb_column et_pb_column_4_4 et-last-child et_block_column et_pb_css_mix_blend_mode_passthrough et_animated\"><div class=\"et_pb_text_3 et_pb_text et_pb_bg_layout_light et_pb_module et_block_module\"><div class=\"et_pb_text_inner\"><h1>\u00c5 leve Marias \u00e5nd<\/h1>\n<\/div><\/div><\/div><\/div><div class=\"et_pb_row_3 et_pb_row et_pb_equal_columns et_block_row preset--module--divi-row--default\"><div class=\"et_pb_column_4 et_pb_column et_pb_column_1_2 et_block_column et_pb_css_mix_blend_mode_passthrough et_animated\"><div class=\"et_pb_text_4 et_pb_text et_pb_bg_layout_light et_animated et_pb_module et_block_module\"><div class=\"et_pb_text_inner\"><p>Siden vi er kallt til \u00e5 v\u00e6re et spesielt n\u00e6rv\u00e6r av Maria i dagens verden, og \u00e5 gj\u00f8re Guds gjerning p\u00e5 hennes m\u00e5te, husker maristene p\u00e5 denne kvinnen som ved et n\u00e5dig valg kalte dem og gav dem sitt navn. For \u00e5 styrke b\u00e5ndene som forener oss med henne, setter vi stor pris p\u00e5 skikkene til hennes \u00e6re som er tradisjon i Marias selskap. <\/p>\n<\/div><\/div><\/div><div class=\"et_pb_column_5 et_pb_column et_pb_column_1_2 et-last-child et_block_column et_pb_css_mix_blend_mode_passthrough et_animated\"><div class=\"et_pb_text_5 et_pb_text et_pb_bg_layout_light et_animated et_pb_module et_block_module\"><div class=\"et_pb_text_inner\"><blockquote>\n<p>\"Fordi de b\u00e6rer <strong>Marias navn<\/strong>, \u00f8nsker <strong>maristene<\/strong> \u00e5 <strong>v\u00e6re som henne<\/strong> og <strong>f\u00f8lge Jesus slik hun gjorde<\/strong>. Ved \u00e5 betrakte Maria i Nasarets og i pinsens mysterier og hennes rolle ved tidens ende, deler de til hennes nidkj\u00e6rhet for sin S\u00f8nns misjon i hans kamp mot det onde, og til \u00e5 <strong>svare raskt p\u00e5 de mest presserende behovene til Guds folk<\/strong>.\" <\/p>\n<\/blockquote>\n<p><em>(Maristenes konstitusjoner 8)<\/em><\/p>\n<\/div><\/div><\/div><\/div><div class=\"et_pb_row_4 et_pb_row et_pb_equal_columns et_block_row et_animated preset--module--divi-row--default\"><div class=\"et_pb_column_6 et_pb_column et_pb_column_1_5 et_block_column et_pb_column_empty et_pb_css_mix_blend_mode_passthrough\"><\/div><div class=\"et_pb_column_7 et_pb_column et_pb_column_3_5 et_block_column et_pb_css_mix_blend_mode_passthrough\"><div class=\"et_pb_text_6 et_pb_text et_pb_bg_layout_light et_animated et_pb_module et_block_module\"><div class=\"et_pb_text_inner\"><blockquote>\n<p>\"Som marister <strong>\u00f8nsker vi \u00e5 puste Marias \u00e5nd<\/strong>, v\u00e6re ydmyke og lydige og fornekte oss selv for kj\u00e6rligheten til Gud og v\u00e5r neste... <strong>Maria inspirerer oss til mot<\/strong>: til \u00e5 vokse i personlig hellighet, til \u00e5 arbeide for v\u00e5r nestes frelse og til \u00e5 bevare Den katolske kirkes tro og forsvare den med all v\u00e5r styrke. Ved \u00e5 forf\u00f8lge disse m\u00e5lene i Marias \u00e5nd bidrar vi til \u00e5 fornye Kirken i hennes bilde, en tjenende og vandrende Kirke.\" <br \/><em> <\/em><\/p>\n<\/blockquote>\n<p><em>(Maristenes konstitusjoner 9-10)<\/em><\/p>\n<\/div><\/div><\/div><div class=\"et_pb_column_8 et_pb_column et_pb_column_1_5 et-last-child et_block_column et_pb_column_empty et_pb_css_mix_blend_mode_passthrough\"><\/div><\/div><\/div><div class=\"et_pb_section_3 et_pb_section et_section_regular et_block_section section_has_divider et_pb_top_divider et_pb_bottom_divider\"><div class=\"et_pb_top_inside_divider et-no-transition\"><\/div><span class=\"et_pb_background_pattern\"><\/span><div class=\"et_pb_row_5 et_pb_row et_block_row preset--module--divi-row--default\"><div class=\"et_pb_column_9 et_pb_column et_pb_column_4_4 et-last-child et_block_column et_pb_css_mix_blend_mode_passthrough\"><div class=\"et_pb_text_7 et_pb_text et_pb_bg_layout_light et_animated et_pb_module et_block_module\"><div class=\"et_pb_text_inner\"><h2>Salve Regina<\/h2>\n<\/div><\/div><\/div><\/div><div class=\"et_pb_row_6 et_pb_row et_pb_equal_columns et_block_row preset--module--divi-row--default\"><div class=\"et_pb_column_10 et_pb_column et_pb_column_1_2 et_block_column et_pb_css_mix_blend_mode_passthrough\"><div class=\"et_pb_text_8 et_pb_text et_pb_bg_layout_light et_animated et_pb_module et_block_module\"><div class=\"et_pb_text_inner\"><p><strong>Salve, Regina, Mater misericordi\u00e6,<\/strong><br \/><strong>vita, dulcedo, et spes nostra, salve<\/strong><br \/><strong>Ad te clamamus exsules filii Hev\u00e6<\/strong><br \/><strong>Ad te suspiramus, gementes et flentes<\/strong><br \/><strong>in hac lacrimarum valle.<\/strong><\/p>\n<p><strong>Eia, ergo, advocata nostra, illos tuos<\/strong><br \/><strong>misericordes oculos ad nos converte;<\/strong><br \/><strong>Et Iesum, benedictum fructum ventris tui,<\/strong><br \/><strong>nobis post hoc exsilium ostende.<\/strong><br \/><strong>O clemens, O pia, O dulcis Virgo Maria.<\/strong><\/p>\n<\/div><\/div><\/div><div class=\"et_pb_column_11 et_pb_column et_pb_column_1_2 et-last-child et_block_column et_pb_css_mix_blend_mode_passthrough\"><div class=\"et_pb_text_9 et_pb_text et_pb_bg_layout_light et_animated et_pb_module et_block_module\"><div class=\"et_pb_text_inner\"><p>Hill deg, Dronning, barmhjertighetens mor,<br \/>Du v\u00e5rt liv, v\u00e5r fryd og v\u00e5rt h\u00e5p.<br \/>Til deg roper vi, Evas landflyktige barn;<br \/>til deg sukker vi med<br \/>sorg og gr\u00e5t i denne t\u00e5renes dal.<\/p>\n<p>Se til oss i barmhjertighet,<br \/>du som g\u00e5r i forb\u00f8nn for oss oss;<br \/>og n\u00e5r v\u00e5r utlendighets tid er forbi,<br \/>vis oss da Jesus, ditt livs velsignede frukt.<br \/>Du barmhjertige, du trofast, du milde jomfru Maria.<\/p>\n<\/div><\/div><\/div><\/div><div class=\"et_pb_bottom_inside_divider et-no-transition\"><\/div><\/div><div class=\"et_pb_section_4 et_pb_section et_section_regular et_block_section\"><span class=\"et_pb_background_pattern\"><\/span><div class=\"et_pb_row_7 et_pb_row et_pb_equal_columns et_block_row preset--module--divi-row--default\"><div class=\"et_pb_column_12 et_pb_column et_pb_column_1_2 et_block_column et_pb_css_mix_blend_mode_passthrough et_animated\"><div class=\"et_pb_text_10 et_pb_text et_pb_bg_layout_light et_pb_module et_block_module\"><div class=\"et_pb_text_inner\"><p>I likhet med de f\u00f8rste maristmisjon\u00e6rene <strong>fortsetter vi \u00e5 be for menneskene, for<\/strong> at de skal ta imot evangeliets glede, og for \u00e5 st\u00f8tte Kirkens evangeliseringsoppdrag.<\/p>\n<\/div><\/div><\/div><div class=\"et_pb_column_13 et_pb_column et_pb_column_1_2 et-last-child et_block_column et_pb_css_mix_blend_mode_passthrough et_animated\"><div class=\"et_pb_accordion_0 et_pb_accordion et_pb_module et_block_module\"><div class=\"et_pb_accordion_item_0 et_pb_accordion_item et_pb_toggle et_pb_module et_pb_toggle_open et_block_module\"><h5 class=\"et_pb_toggle_title\">B\u00f8nn om innvielse til Maria<\/h5><div class=\"et_pb_toggle_content\"><p>O Maria, min dronning, jeg overgir mitt legeme og min sjel i din varetekt og under din spesielle omsorg og beskyttelse for denne dag og alle mitt livs dager.<br \/>Til deg overgir jeg mine h\u00e5p og tr\u00f8st, mine vanskeligheter og sorger, mitt liv og min d\u00f8d; for at alle mine handlinger gjennom din forb\u00f8nn og fortjeneste m\u00e5 bli ledet og disponert i samsvar med din vilje og din S\u00f8nns vilje.<\/p>\n<p>&nbsp;<\/p>\n<\/div><\/div><div class=\"et_pb_accordion_item_1 et_pb_accordion_item et_pb_toggle et_pb_module et_pb_toggle_close et_block_module\"><h5 class=\"et_pb_toggle_title\">B\u00f8nn til V\u00e5r Frue for evangelisering (av Johannes Paul II)<\/h5><div class=\"et_pb_toggle_content\"><p>Maria, Jesu mor og hans kirkes mor, vi er oppmerksomme p\u00e5 den rollen du spiller i evangeliseringen av sjeler som enn\u00e5 ikke kjenner ham. Vi tenker p\u00e5 hvordan misjon\u00e6rene kom med kraften fra Kristi evangelium og overlot til deg at deres arbeid skulle lykkes.<br \/>Som den guddommelige n\u00e5des mor var du med misjon\u00e6rene i all deres innsats.<br \/>Og som Kirkens mor ledet du alle evangeliseringsaktivitetene og arbeidet med \u00e5 innplante evangeliet i de troendes hjerter. Du st\u00f8ttet misjon\u00e6rene i h\u00e5pet, og du ga glede til hvert nytt samfunn som ble f\u00f8dt av Kirkens evangeliserende virksomhet.<br \/>Du var der med din forb\u00f8nn og dine b\u00f8nner, da d\u00e5pens f\u00f8rste n\u00e5de utviklet seg, og da de som hadde f\u00e5tt nytt liv i Kristus, din S\u00f8nn, kom til full forst\u00e5else av sitt kristne kall.<br \/>Vi ber deg, Maria, om \u00e5 hjelpe oss til \u00e5 fullf\u00f8re dette evangeliseringsoppdraget som din S\u00f8nn har gitt til sin Kirke og som tilfaller oss. I bevissthet om din rolle som de kristnes hjelper betror vi oss til deg i arbeidet med \u00e5 bringe evangeliet stadig dypere inn i hjertene og livene til alle mennesker. Vi betror deg v\u00e5rt misjonsoppdrag og overgir v\u00e5r sak helt og holdent til dine b\u00f8nner.<br \/>Til Jesus Kristus, din S\u00f8nn, med Faderen, i Den hellige \u00e5nds enhet, v\u00e6re lovprisning og takksigelse i all evighet.    <\/p>\n<p>Amen.<\/p>\n<\/div><\/div><div class=\"et_pb_accordion_item_2 et_pb_accordion_item et_pb_toggle et_pb_module et_pb_toggle_close et_block_module\"><h5 class=\"et_pb_toggle_title\">Sub Tuum Praesidium<\/h5><div class=\"et_pb_toggle_content\"><p><em>Sub tuum-b\u00f8nnen, f\u00f8rst funnet p\u00e5 en gresk papyrus ca. 300 e.Kr., er den eldste kjente b\u00f8nnen til Jomfru Maria. <\/em><br \/>Vi vender oss til deg for beskyttelse,<br \/>Hellige Guds mor.<br \/>Lytt til v\u00e5re b\u00f8nner og hjelp oss i v\u00e5re behov.<br \/>Frels oss fra enhver fare, herlige og velsignede jomfru.<\/p>\n<\/div><\/div><\/div><\/div><\/div><\/div><div class=\"et_pb_section_5 et_pb_section et_section_regular et_block_section section_has_divider et_pb_top_divider et_pb_bottom_divider\"><div class=\"et_pb_top_inside_divider et-no-transition\"><\/div><div class=\"et_pb_row_8 et_pb_row et_pb_equal_columns et_block_row preset--module--divi-row--default\"><div class=\"et_pb_column_14 et_pb_column et_pb_column_3_5 et_block_column et_pb_css_mix_blend_mode_passthrough et_animated\"><div class=\"et_pb_text_11 et_pb_text et_pb_bg_layout_light et_animated et_pb_module et_block_module\"><div class=\"et_pb_text_inner\"><h2><b>\u00c6rverdige Jean-Claude Colin: et liv trofast mot Marias \u00e5nd<\/b><\/h2>\n<\/div><\/div><div class=\"et_pb_text_12 et_pb_text et_pb_bg_layout_light et_pb_module et_block_module\"><div class=\"et_pb_text_inner\"><p><strong>\u00c6rverdige Jean-Claude Colin<\/strong> (<span style=\"color: #003366;\"><a href=\"http:\/\/www.jeanclaudecolin.org\" target=\"_blank\" rel=\"noopener\" style=\"color: #003366;\">www.jeanclaudecolin.org<\/a><\/span>), v\u00e5r grunnlegger, hadde en dyp f\u00f8lelse av \u00e5 v\u00e6re kalt til \u00e5 ta del i Marias misjon om \u00e5 trekke alle mennesker til Gud \"ett i hjerte og sinn\". Vi ber for hans saligk\u00e5ring: <br \/><em>Kj\u00e6re Gud, du inspirerte JeanClaude Colin til \u00e5 leve et liv i troskap mot evangeliet og i Marias \u00e5nd. Hvis det er din vilje at han skal \u00e6res som helgen til \u00e6re for ditt navn, s\u00e5 vis oss den gunst han nyter i dine \u00f8yne ved \u00e5 gi oss den eller de n\u00e5de(r) vi n\u00e5 ber om gjennom hans forb\u00f8nn: Dette ber vi om gjennom Kristus, v\u00e5r Herre. Amen  <\/em><\/p>\n<\/div><\/div><\/div><div class=\"et_pb_column_15 et_pb_column et_pb_column_2_5 et-last-child et_block_column et_pb_css_mix_blend_mode_passthrough et_animated\"><div class=\"et_pb_image_1 et_pb_image et_animated et_pb_module et_block_module\"><span class=\"et_pb_image_wrap\"><img loading=\"lazy\" decoding=\"async\" src=\"https:\/\/maristeurope.eu\/wp-content\/uploads\/2024\/11\/Colin-2.jpg\" width=\"600\" height=\"717\" srcset=\"https:\/\/maristeurope.eu\/wp-content\/uploads\/2024\/11\/Colin-2.jpg 600w, https:\/\/maristeurope.eu\/wp-content\/uploads\/2024\/11\/Colin-2-480x574.jpg 480w\" sizes=\"(min-width: 0px) and (max-width: 480px) 480px, (min-width: 481px) 600px, 100vw\" class=\"wp-image-423\" title=\"Colin 2\" \/><\/span><\/div><\/div><\/div><div class=\"et_pb_bottom_inside_divider et-no-transition\"><\/div><\/div><div class=\"et_pb_section_6 et_pb_section et_section_regular et_block_section section_has_divider et_pb_bottom_divider\"><span class=\"et_pb_background_pattern\"><\/span><div class=\"et_pb_row_9 et_pb_row et_pb_equal_columns et_block_row et_animated preset--module--divi-row--default\"><div class=\"et_pb_column_16 et_pb_column et_pb_column_2_5 et_block_column et_pb_css_mix_blend_mode_passthrough\"><div class=\"et_pb_text_13 et_pb_text et_pb_bg_layout_light et_animated et_pb_module et_block_module et_pb_text_align_right\"><div class=\"et_pb_text_inner\"><h1><b>Maristfamiliens forb\u00f8nnsnettverk for forb\u00f8nn<\/b><\/h1>\n<\/div><\/div><div class=\"et_pb_icon_0 et_pb_icon et_pb_module et_block_module\"><span class=\"et_pb_icon_wrap\"><span class=\"et-pb-icon\">\uf684<\/span><\/span><\/div><\/div><div class=\"et_pb_column_17 et_pb_column et_pb_column_3_5 et-last-child et_block_column et_pb_css_mix_blend_mode_passthrough\"><div class=\"et_pb_text_14 et_pb_text et_pb_bg_layout_light et_animated et_pb_module et_block_module\"><div class=\"et_pb_text_inner\"><p>Vi har alle kapasitet til \u00e5 b\u00e6re andre i v\u00e5r b\u00f8nn, og vi trenger \u00e5 bli b\u00e5ret i andres b\u00f8nn. B\u00f8nnenettverket er en mulighet til \u00e5 knytte b\u00e5nd mellom kommuniteter og enkeltpersoner rundt om i verden for \u00e5 be for spesifikke maristiske misjonsaktiviteter. Vi inviterer deg til \u00e5 bli med i v\u00e5rt b\u00f8nnenettverk, kontakt oss ved \u00e5 sende en e-post: <strong><span style=\"color: #023047;\"><a href=\"mailto:provincialsecretary@maristeurope.eu\" style=\"color: #023047;\">provincialsecretary@maristeurope.eu<\/a><\/span><\/strong>  <\/p>\n<\/div><\/div><\/div><\/div><div class=\"et_pb_row_10 et_pb_row et_block_row preset--module--divi-row--default\"><div class=\"et_pb_column_18 et_pb_column et_pb_column_4_4 et-last-child et_block_column et_pb_css_mix_blend_mode_passthrough\"><div class=\"et_pb_text_15 et_pb_text et_pb_bg_layout_light et_animated et_pb_module et_block_module et_pb_text_align_right\"><div class=\"et_pb_text_inner\"><h1 style=\"text-align: center;\"><b>Vil du at vi skal be for din intensjon?  <\/b><\/h1>\n<\/div><\/div><div class=\"et_pb_module et_pb_button_module_wrapper et_pb_button_0_wrapper\"><a class=\"et_pb_button_0 et_pb_button et_pb_bg_layout_light et_animated et_pb_module et_block_module\" href=\"https:\/\/maristeurope.eu\/no\/kontakt-side\/\">kontakt oss<\/a><\/div><\/div><\/div><div class=\"et_pb_bottom_inside_divider et-no-transition\"><\/div><\/div>\n","protected":false},"excerpt":{"rendered":"","protected":false},"author":1,"featured_media":0,"parent":0,"menu_order":0,"comment_status":"closed","ping_status":"closed","template":"","meta":{"footnotes":""},"class_list":["post-3616","page","type-page","status-publish","hentry"],"yoast_head":"<!-- This site is optimized with the Yoast SEO plugin v27.5 - https:\/\/yoast.com\/product\/yoast-seo-wordpress\/ -->\n<title>Be sammen med oss - Marist Europe<\/title>\n<meta name=\"robots\" content=\"index, follow, max-snippet:-1, max-image-preview:large, max-video-preview:-1\" \/>\n<link rel=\"canonical\" href=\"https:\/\/maristeurope.eu\/no\/be-sammen-med-oss\/\" \/>\n<meta property=\"og:locale\" content=\"nb_NO\" \/>\n<meta property=\"og:type\" content=\"article\" \/>\n<meta property=\"og:title\" content=\"Be sammen med oss - Marist Europe\" \/>\n<meta property=\"og:url\" content=\"https:\/\/maristeurope.eu\/no\/be-sammen-med-oss\/\" \/>\n<meta property=\"og:site_name\" content=\"Marist Europe\" \/>\n<meta property=\"article:modified_time\" content=\"2026-05-07T06:35:45+00:00\" \/>\n<meta name=\"twitter:card\" content=\"summary_large_image\" \/>\n<script type=\"application\/ld+json\" class=\"yoast-schema-graph\">{\"@context\":\"https:\\\/\\\/schema.org\",\"@graph\":[{\"@type\":\"WebPage\",\"@id\":\"https:\\\/\\\/maristeurope.eu\\\/no\\\/be-sammen-med-oss\\\/\",\"url\":\"https:\\\/\\\/maristeurope.eu\\\/no\\\/be-sammen-med-oss\\\/\",\"name\":\"Be sammen med oss - Marist Europe\",\"isPartOf\":{\"@id\":\"https:\\\/\\\/maristeurope.eu\\\/no\\\/#website\"},\"datePublished\":\"2024-12-19T08:36:39+00:00\",\"dateModified\":\"2026-05-07T06:35:45+00:00\",\"breadcrumb\":{\"@id\":\"https:\\\/\\\/maristeurope.eu\\\/no\\\/be-sammen-med-oss\\\/#breadcrumb\"},\"inLanguage\":\"nb-NO\",\"potentialAction\":[{\"@type\":\"ReadAction\",\"target\":[\"https:\\\/\\\/maristeurope.eu\\\/no\\\/be-sammen-med-oss\\\/\"]}]},{\"@type\":\"BreadcrumbList\",\"@id\":\"https:\\\/\\\/maristeurope.eu\\\/no\\\/be-sammen-med-oss\\\/#breadcrumb\",\"itemListElement\":[{\"@type\":\"ListItem\",\"position\":1,\"name\":\"Home\",\"item\":\"https:\\\/\\\/maristeurope.eu\\\/no\\\/\"},{\"@type\":\"ListItem\",\"position\":2,\"name\":\"Be sammen med oss\"}]},{\"@type\":\"WebSite\",\"@id\":\"https:\\\/\\\/maristeurope.eu\\\/no\\\/#website\",\"url\":\"https:\\\/\\\/maristeurope.eu\\\/no\\\/\",\"name\":\"Marist Europe\",\"description\":\"\",\"publisher\":{\"@id\":\"https:\\\/\\\/maristeurope.eu\\\/no\\\/#organization\"},\"potentialAction\":[{\"@type\":\"SearchAction\",\"target\":{\"@type\":\"EntryPoint\",\"urlTemplate\":\"https:\\\/\\\/maristeurope.eu\\\/no\\\/?s={search_term_string}\"},\"query-input\":{\"@type\":\"PropertyValueSpecification\",\"valueRequired\":true,\"valueName\":\"search_term_string\"}}],\"inLanguage\":\"nb-NO\"},{\"@type\":\"Organization\",\"@id\":\"https:\\\/\\\/maristeurope.eu\\\/no\\\/#organization\",\"name\":\"Marist Europe\",\"url\":\"https:\\\/\\\/maristeurope.eu\\\/no\\\/\",\"logo\":{\"@type\":\"ImageObject\",\"inLanguage\":\"nb-NO\",\"@id\":\"https:\\\/\\\/maristeurope.eu\\\/no\\\/#\\\/schema\\\/logo\\\/image\\\/\",\"url\":\"https:\\\/\\\/maristeurope.eu\\\/wp-content\\\/uploads\\\/2024\\\/10\\\/EU-SM-Finalogo-02.png\",\"contentUrl\":\"https:\\\/\\\/maristeurope.eu\\\/wp-content\\\/uploads\\\/2024\\\/10\\\/EU-SM-Finalogo-02.png\",\"width\":150,\"height\":156,\"caption\":\"Marist Europe\"},\"image\":{\"@id\":\"https:\\\/\\\/maristeurope.eu\\\/no\\\/#\\\/schema\\\/logo\\\/image\\\/\"}}]}<\/script>\n<!-- \/ Yoast SEO plugin. -->","yoast_head_json":{"title":"Be sammen med oss - Marist Europe","robots":{"index":"index","follow":"follow","max-snippet":"max-snippet:-1","max-image-preview":"max-image-preview:large","max-video-preview":"max-video-preview:-1"},"canonical":"https:\/\/maristeurope.eu\/no\/be-sammen-med-oss\/","og_locale":"nb_NO","og_type":"article","og_title":"Be sammen med oss - Marist Europe","og_url":"https:\/\/maristeurope.eu\/no\/be-sammen-med-oss\/","og_site_name":"Marist Europe","article_modified_time":"2026-05-07T06:35:45+00:00","twitter_card":"summary_large_image","schema":{"@context":"https:\/\/schema.org","@graph":[{"@type":"WebPage","@id":"https:\/\/maristeurope.eu\/no\/be-sammen-med-oss\/","url":"https:\/\/maristeurope.eu\/no\/be-sammen-med-oss\/","name":"Be sammen med oss - Marist Europe","isPartOf":{"@id":"https:\/\/maristeurope.eu\/no\/#website"},"datePublished":"2024-12-19T08:36:39+00:00","dateModified":"2026-05-07T06:35:45+00:00","breadcrumb":{"@id":"https:\/\/maristeurope.eu\/no\/be-sammen-med-oss\/#breadcrumb"},"inLanguage":"nb-NO","potentialAction":[{"@type":"ReadAction","target":["https:\/\/maristeurope.eu\/no\/be-sammen-med-oss\/"]}]},{"@type":"BreadcrumbList","@id":"https:\/\/maristeurope.eu\/no\/be-sammen-med-oss\/#breadcrumb","itemListElement":[{"@type":"ListItem","position":1,"name":"Home","item":"https:\/\/maristeurope.eu\/no\/"},{"@type":"ListItem","position":2,"name":"Be sammen med oss"}]},{"@type":"WebSite","@id":"https:\/\/maristeurope.eu\/no\/#website","url":"https:\/\/maristeurope.eu\/no\/","name":"Marist Europe","description":"","publisher":{"@id":"https:\/\/maristeurope.eu\/no\/#organization"},"potentialAction":[{"@type":"SearchAction","target":{"@type":"EntryPoint","urlTemplate":"https:\/\/maristeurope.eu\/no\/?s={search_term_string}"},"query-input":{"@type":"PropertyValueSpecification","valueRequired":true,"valueName":"search_term_string"}}],"inLanguage":"nb-NO"},{"@type":"Organization","@id":"https:\/\/maristeurope.eu\/no\/#organization","name":"Marist Europe","url":"https:\/\/maristeurope.eu\/no\/","logo":{"@type":"ImageObject","inLanguage":"nb-NO","@id":"https:\/\/maristeurope.eu\/no\/#\/schema\/logo\/image\/","url":"https:\/\/maristeurope.eu\/wp-content\/uploads\/2024\/10\/EU-SM-Finalogo-02.png","contentUrl":"https:\/\/maristeurope.eu\/wp-content\/uploads\/2024\/10\/EU-SM-Finalogo-02.png","width":150,"height":156,"caption":"Marist Europe"},"image":{"@id":"https:\/\/maristeurope.eu\/no\/#\/schema\/logo\/image\/"}}]}},"_links":{"self":[{"href":"https:\/\/maristeurope.eu\/no\/wp-json\/wp\/v2\/pages\/3616","targetHints":{"allow":["GET"]}}],"collection":[{"href":"https:\/\/maristeurope.eu\/no\/wp-json\/wp\/v2\/pages"}],"about":[{"href":"https:\/\/maristeurope.eu\/no\/wp-json\/wp\/v2\/types\/page"}],"author":[{"embeddable":true,"href":"https:\/\/maristeurope.eu\/no\/wp-json\/wp\/v2\/users\/1"}],"replies":[{"embeddable":true,"href":"https:\/\/maristeurope.eu\/no\/wp-json\/wp\/v2\/comments?post=3616"}],"version-history":[{"count":28,"href":"https:\/\/maristeurope.eu\/no\/wp-json\/wp\/v2\/pages\/3616\/revisions"}],"predecessor-version":[{"id":11016,"href":"https:\/\/maristeurope.eu\/no\/wp-json\/wp\/v2\/pages\/3616\/revisions\/11016"}],"wp:attachment":[{"href":"https:\/\/maristeurope.eu\/no\/wp-json\/wp\/v2\/media?parent=3616"}],"curies":[{"name":"wp","href":"https:\/\/api.w.org\/{rel}","templated":true}]}}