{"id":3606,"date":"2024-12-19T09:55:50","date_gmt":"2024-12-19T09:55:50","guid":{"rendered":"https:\/\/marist.sjdigitaldemo.ovh\/rettferdighet-og-skapelse\/"},"modified":"2025-02-12T09:06:39","modified_gmt":"2025-02-12T09:06:39","slug":"rettferdighet-og-skapelse","status":"publish","type":"page","link":"https:\/\/maristeurope.eu\/no\/oppdrag\/rettferdighet-og-skapelse\/","title":{"rendered":"Rettferdighet og skapelse"},"content":{"rendered":"<p>[et_pb_section fb_built=\"1&#8243; _builder_version=\"4.27.4&#8243; _module_preset=\"default\" use_background_color_gradient=\"on\" background_color_gradient_stops=\"rgba(2,48,71,0.2) 0%|rgba(2,48,71,0.4) 100%\" background_color_gradient_overlays_image=\"on\" background_image=\"https:\/\/maristeurope.eu\/wp-content\/uploads\/2024\/12\/DSC3585-1-en-tamano-grande.jpeg\" background_enable_video_mp4=\"off\" custom_padding=\"16vw||4vw||false|false\" bottom_divider_style=\"ramp2&#8243; bottom_divider_color=\"#FFFAF2&#8243; bottom_divider_flip=\"horizontal\" global_colors_info=\"{}\"][et_pb_row column_structure=\"2_3,1_3&#8243; make_equal=\"on\" _builder_version=\"4.27.4&#8243; _module_preset=\"default\" background_enable_color=\"off\" custom_padding=\"0px|40px|0px|40px|true|true\" animation_style=\"fade\" animation_duration=\"1500ms\" animation_delay=\"200ms\" global_colors_info=\"{}\"][et_pb_column type=\"2_3&#8243; _builder_version=\"4.27.4&#8243; _module_preset=\"default\" custom_css_main_element=\"margin: auto;\" global_colors_info=\"{}\"][et_pb_text _builder_version=\"4.27.4&#8243; _module_preset=\"default\" header_font=\"|600||on|||||\" header_text_color=\"#FFFFFF\" header_font_size=\"4rem\" header_letter_spacing=\"4px\" header_2_text_color=\"#219EBC\" header_2_font_size=\"3.5rem\" custom_margin=\"20px||20px||true|false\" global_colors_info=\"{}\"]<\/p>\n<h1><strong>Rettferdighet og skapelse<\/strong><\/h1>\n<p>[\/et_pb_text][\/et_pb_column][et_pb_column type=\"1_3&#8243; _builder_version=\"4.27.2&#8243; _module_preset=\"default\" global_colors_info=\"{}\"][\/et_pb_column][\/et_pb_row][\/et_pb_section][et_pb_section fb_built=\"1&#8243; _builder_version=\"4.27.4&#8243; _module_preset=\"default\" background_color=\"#FFFAF2&#8243; background_image=\"https:\/\/maristeurope.eu\/wp-content\/uploads\/2024\/11\/art-therapist-illustration-04-1.png\" background_size=\"initial\" background_position=\"top_right\" global_colors_info=\"{}\"][et_pb_row column_structure=\"1_5,3_5,1_5&#8243; _builder_version=\"4.27.4&#8243; _module_preset=\"default\" global_colors_info=\"{}\"][et_pb_column type=\"1_5&#8243; _builder_version=\"4.27.4&#8243; _module_preset=\"default\" global_colors_info=\"{}\"][\/et_pb_column][et_pb_column type=\"3_5&#8243; _builder_version=\"4.27.4&#8243; _module_preset=\"default\" global_colors_info=\"{}\"][et_pb_text _builder_version=\"4.27.4&#8243; _module_preset=\"default\" text_text_color=\"#023047&#8243; text_font_size=\"3rem\" text_line_height=\"2.9rem\" text_orientation=\"center\" animation_style=\"slide\" animation_duration=\"1500ms\" animation_delay=\"300ms\" hover_enabled=\"0&#8243; global_colors_info=\"{}\" sticky_enabled=\"0&#8243;]<\/p>\n<p><span style=\"font-weight: 400;\">\"<\/span><b>Rettferdighet, fred og vern om skaperverket<\/b><span style=\"font-weight: 400;\">\" er en integrert del av Maristenes oppdrag i verden i dag. <\/span> <\/p>\n<p>[\/et_pb_text][\/et_pb_column][et_pb_column type=\"1_5&#8243; _builder_version=\"4.27.4&#8243; _module_preset=\"default\" global_colors_info=\"{}\"][\/et_pb_column][\/et_pb_row][\/et_pb_section][et_pb_section fb_built=\"1&#8243; _builder_version=\"4.27.4&#8243; _module_preset=\"default\" background_color=\"#FFFAF2&#8243; background_size=\"initial\" background_position=\"center_left\" hover_enabled=\"0&#8243; global_colors_info=\"{}\" background_enable_image=\"off\" sticky_enabled=\"0&#8243;][et_pb_row column_structure=\"3_5,2_5&#8243; make_equal=\"on\" _builder_version=\"4.27.4&#8243; _module_preset=\"default\" global_colors_info=\"{}\"][et_pb_column type=\"3_5&#8243; _builder_version=\"4.27.4&#8243; _module_preset=\"default\" animation_style=\"fade\" animation_duration=\"1500ms\" animation_delay=\"100ms\" custom_css_main_element=\"margin: auto;\" global_colors_info=\"{}\"][et_pb_text _builder_version=\"4.27.4&#8243; _module_preset=\"default\" text_text_color=\"#023047&#8243; text_font_size=\"18px\" header_2_text_color=\"#023047&#8243; header_2_font_size=\"32px\" hover_enabled=\"0&#8243; global_colors_info=\"{}\" sticky_enabled=\"0&#8243;]<\/p>\n<h2><b>Solidaritet og service<\/b><\/h2>\n<p>&nbsp;<\/p>\n<p>\u00c5 leve evangeliet betyr \u00e5 f\u00e5 stedene vi bor p\u00e5 til \u00e5 gjenspeile verdiene rettferdighet og fred. Inspirert av sosial rettferdighet <strong>tjener<\/strong> marister over hele verden de som er <strong>mindre privilegerte i samfunnet<\/strong>, og hjelper mennesker som er migranter og flyktninger med \u00e5 bli integrert i samfunnet. Vi arbeider for \u00e5 skape bevissthet om \u00f8kologi og m\u00e5ter \u00e5 leve i harmoni med naturen p\u00e5. Noen marister er aktive i fengselsarbeid og i interreligi\u00f8s dialog.   <\/p>\n<p>Selskapets administrasjon har etablert m\u00e5ter \u00e5 formidle informasjon om fred, rettferdighet og vern om skaperverket p\u00e5, for eksempel \"JPIC-bloggen <a href=\"https:\/\/jpicblog.maristsm.org\">\": https:\/\/jpicblog.maristsm.org,<\/a> som hver uke publiserer artikler som dekker et bredt spekter av temaer p\u00e5 dette feltet.<\/p>\n<p>[\/et_pb_text][\/et_pb_column][et_pb_column type=\"2_5&#8243; _builder_version=\"4.27.4&#8243; _module_preset=\"default\" custom_css_main_element=\"margin: auto;\" global_colors_info=\"{}\"][et_pb_image src=\"https:\/\/maristeurope.eu\/wp-content\/uploads\/2024\/12\/MEMORIAL-Barbery-cross-3J-fence-crpps-en-tamano-mediano.jpeg\" title_text=\"MEMORIAL-Barbery-kors-3J-gjerde-crpps en tama\u00f1o mediano\" _builder_version=\"4.27.4&#8243; _module_preset=\"default\" animation_style=\"slide\" animation_direction=\"right\" animation_duration=\"1500ms\" animation_delay=\"400ms\" border_radii=\"on|50px|50px|50px|50px\" global_colors_info=\"{}\"][\/et_pb_image][\/et_pb_column][\/et_pb_row][\/et_pb_section][et_pb_section fb_built=\"1&#8243; _builder_version=\"4.27.4&#8243; _module_preset=\"default\" background_color=\"#FFFAF2&#8243; background_image=\"https:\/\/maristeurope.eu\/wp-content\/uploads\/2024\/11\/art-therapist-background-02b.png\" background_size=\"contain\" background_position=\"bottom_left\" custom_padding=\"6vw||100px||false|false\" global_colors_info=\"{}\"][et_pb_row _builder_version=\"4.27.4&#8243; _module_preset=\"default\" global_colors_info=\"{}\"][et_pb_column type=\"4_4&#8243; _builder_version=\"4.27.4&#8243; _module_preset=\"default\" global_colors_info=\"{}\"][et_pb_text _builder_version=\"4.27.4&#8243; _module_preset=\"default\" text_text_color=\"#023047&#8243; text_font_size=\"18px\" header_2_text_color=\"#023047&#8243; header_2_font_size=\"32px\" hover_enabled=\"0&#8243; global_colors_info=\"{}\" sticky_enabled=\"0&#8243;]<\/p>\n<h2>Marister fra den europeiske provinsen er involvert i slike tjenester - her er noen eksempler:<\/h2>\n<p>[\/et_pb_text][et_pb_text _builder_version=\"4.27.4&#8243; _module_preset=\"default\" text_text_color=\"#023047&#8243; text_font_size=\"18px\" header_2_text_color=\"#FFFFFF\" header_2_font_size=\"32px\" hover_enabled=\"0&#8243; global_colors_info=\"{}\" sticky_enabled=\"0&#8243;]<\/p>\n<div class=\"sjd-locations-grid\"><div class=\"sjd-location-card\">  <div class=\"sjd-card-column sjd-column-name\">      <h2>Blogg om rettferdighet, fred og vern om skaperverket<\/h2>      <h3>Internett<\/h3>  <\/div>  <div class=\"sjd-card-column sjd-column-description\"><p>En ukentlig blogg om rettferdighet, fred og skaperverket i hele verden.<\/p><\/div>  <div class=\"sjd-card-column sjd-column-contact\">      <h3>Contact<\/h3><p><a href=\"https:\/\/jpicblog.maristsm.org\" target=\"_blank\">Visit Website<\/a><\/p>  <\/div><\/div><div class=\"sjd-location-card\">  <div class=\"sjd-card-column sjd-column-name\">      <h2>Laudato Si-prosjektet (Yaounde, Kamerun, Afrika)<\/h2>      <h3>Kamerun<\/h3>  <\/div>  <div class=\"sjd-card-column sjd-column-description\"><p>A<span style=\"font-weight: 400;\">et landbruksprosjekt ledet av den italienske maristen Luigi Savoldelli, sm. Prosjektet samarbeider med en gruppe lokale familier, og har sitt utspring i pave Frans' encyklika Laudato Si'. skriver Luigi:    <\/span><i><span style=\"font-weight: 400;\">\"Arbeidet g\u00e5r lenger enn \u00e5 dyrke jorda eller grave en br\u00f8nn for \u00e5 slukke t\u00f8rsten til mennesker og dyr og vanne avlinger. Bak hvert initiativ som er dedikert til de menneskene som har lite og er mest s\u00e5rbare, ligger det en dyp mening om \u00e5 hjelpe dem til \u00e5 leve bedre enn de kunne ha forestilt seg. Vi skaper muligheter for en lysere fremtid for rundt 35 unge mennesker og familiene deres, slik at de ikke blir tvunget til \u00e5 forlate sine hjem og sitt land.\"<\/span><\/i><\/p><\/div>  <div class=\"sjd-card-column sjd-column-contact\">      <h3>Contact<\/h3>  <\/div><\/div><div class=\"sjd-location-card\">  <div class=\"sjd-card-column sjd-column-name\">      <h2>Torino - Corso Francia<\/h2>      <h3>Italia<\/h3>  <\/div>  <div class=\"sjd-card-column sjd-column-description\"><p><span style=\"font-weight: 400;\">V\u00e5r Frue av Lourdes-helligdommen i Corso Francia (Torino) driver, i tillegg til ulike liturgiske og \u00e5ndelige aktiviteter, veldedighetsarbeid til fordel for familier i n\u00f8d og hjeml\u00f8se, ca. 250 personer. Prosjektet ledes av en liten gruppe frivillige som to ganger i uken (onsdager og torsdager) tar imot folk for \u00e5 dele ut mat og kl\u00e6r. Tjenesten drives i samarbeid med Piedmont Food Bank og lokale supermarkeder. Takket v\u00e6re gavmilde st\u00f8ttespillere kan vi tilby et beskjedent \u00f8konomisk bidrag til mennesker som banker p\u00e5 d\u00f8ren v\u00e5r for \u00e5 f\u00e5 hjelp. De vanligste henvendelsene vi f\u00e5r, gjelder kj\u00f8p av medisiner p\u00e5 apoteket, betaling av regninger og telefonutgifter.      <\/span><\/p><\/div>  <div class=\"sjd-card-column sjd-column-contact\">      <h3>Contact<\/h3><p>Corso Francia 29, 10138 Turin, Italy<\/p><p>+39 011 4472368<\/p><p><a href=\"mailto:renatofrappi@gmail.com\">renatofrappi@gmail.com<\/a><\/p>  <\/div><\/div><div class=\"sjd-location-card\">  <div class=\"sjd-card-column sjd-column-name\">      <h2>I Notre Dame de France, London<\/h2>      <h3>England<\/h3>  <\/div>  <div class=\"sjd-card-column sjd-column-description\"><p><span style=\"font-weight: 400;\">Vi \u00f8nsker hjeml\u00f8se <\/span><b>hjeml\u00f8se mennesker<\/b><span style=\"font-weight: 400;\">  og andre trengende i noen timer p\u00e5 l\u00f8rdager, og tilbyr dem sm\u00f8rbr\u00f8d og varm drikke, og kanskje enda viktigere, en mulighet til \u00e5 prate og slappe av. En gang i m\u00e5neden arrangerer vi en kinoklubb. <\/span><a href=\"http:\/\/www.ndfchurch.org\/en\/solidarity\"> <span style=\"font-weight: 400;\">www.ndfchurch.org\/en\/solidarity<\/span><\/a><span style=\"font-weight: 400;\">  <\/span>\n\n<span style=\"font-weight: 400;\">Flyktningesenteret <\/span><b>Notre Dame Flyktningesenter<\/b><span style=\"font-weight: 400;\"> (<\/span><a href=\"http:\/\/www.notredamerc.org.uk\/\"><span style=\"font-weight: 400;\">www.notredamerc.org.uk<\/span><\/a><span style=\"font-weight: 400;\">) tar imot asyls\u00f8kere og flyktninger<\/span> <span style=\"font-weight: 400;\">i et drop-in-senter for generell st\u00f8tte, sosialt samv\u00e6r, innvandrings- og boligr\u00e5dgivning, engelskundervisning og gratis kl\u00e6r og toalettsaker. <\/span> <\/p><\/div>  <div class=\"sjd-card-column sjd-column-contact\">      <h3>Contact<\/h3><p>5 Leicester Place, London WC2H 7BX, UK<\/p><p><a href=\"https:\/\/www.notredamerc.org.uk\" target=\"_blank\">Visit Website<\/a><\/p>  <\/div><\/div><\/div>\n<p>[\/et_pb_text][\/et_pb_column][\/et_pb_row][\/et_pb_section]<\/p>\n","protected":false},"excerpt":{"rendered":"<p>[et_pb_section fb_built=\"1&#8243; _builder_version=\"4.27.4&#8243; _module_preset=\"default\" use_background_color_gradient=\"on\" background_color_gradient_stops=\"rgba(2,48,71,0.2) 0%|rgba(2,48,71,0.4) 100%\" background_color_gradient_overlays_image=\"on\" background_image=\"https:\/\/maristeurope.eu\/wp-content\/uploads\/2024\/12\/DSC3585-1-en-tamano-grande.jpeg\" background_enable_video_mp4=\"off\" custom_padding=\"16vw||4vw||false|false\" bottom_divider_style=\"ramp2&#8243; bottom_divider_color=\"#FFFAF2&#8243; bottom_divider_flip=\"horizontal\" global_colors_info=\"{}\"][et_pb_row column_structure=\"2_3,1_3&#8243; make_equal=\"on\" _builder_version=\"4.27.4&#8243; _module_preset=\"default\" background_enable_color=\"off\" custom_padding=\"0px|40px|0px|40px|true|true\" animation_style=\"fade\" animation_duration=\"1500ms\" animation_delay=\"200ms\" global_colors_info=\"{}\"][et_pb_column type=\"2_3&#8243; _builder_version=\"4.27.4&#8243; _module_preset=\"default\" custom_css_main_element=\"margin: auto;\" global_colors_info=\"{}\"][et_pb_text _builder_version=\"4.27.4&#8243; _module_preset=\"default\" header_font=\"|600||on|||||\" header_text_color=\"#FFFFFF\" header_font_size=\"4rem\" header_letter_spacing=\"4px\" header_2_text_color=\"#219EBC\" header_2_font_size=\"3.5rem\" custom_margin=\"20px||20px||true|false\" global_colors_info=\"{}\"] Rettferdighet og skapelse [\/et_pb_text][\/et_pb_column][et_pb_column type=\"1_3&#8243; _builder_version=\"4.27.2&#8243; _module_preset=\"default\" global_colors_info=\"{}\"][\/et_pb_column][\/et_pb_row][\/et_pb_section][et_pb_section fb_built=\"1&#8243; _builder_version=\"4.27.4&#8243; _module_preset=\"default\" background_color=\"#FFFAF2&#8243; background_image=\"https:\/\/maristeurope.eu\/wp-content\/uploads\/2024\/11\/art-therapist-illustration-04-1.png\" [&hellip;]<\/p>\n","protected":false},"author":1,"featured_media":0,"parent":3683,"menu_order":0,"comment_status":"closed","ping_status":"closed","template":"","meta":{"_et_pb_use_builder":"on","_et_pb_old_content":"","_et_gb_content_width":"","footnotes":""},"class_list":["post-3606","page","type-page","status-publish","hentry"],"yoast_head":"<!-- This site is optimized with the Yoast SEO plugin v27.4 - https:\/\/yoast.com\/product\/yoast-seo-wordpress\/ -->\n<title>Rettferdighet og skapelse - Marist Europe<\/title>\n<meta name=\"robots\" content=\"index, follow, max-snippet:-1, max-image-preview:large, max-video-preview:-1\" \/>\n<link rel=\"canonical\" href=\"https:\/\/maristeurope.eu\/no\/oppdrag\/rettferdighet-og-skapelse\/\" \/>\n<meta property=\"og:locale\" content=\"nb_NO\" \/>\n<meta property=\"og:type\" content=\"article\" \/>\n<meta property=\"og:title\" content=\"Rettferdighet og skapelse - Marist Europe\" \/>\n<meta property=\"og:description\" content=\"[et_pb_section fb_built=&quot;1&#8243; _builder_version=&quot;4.27.4&#8243; _module_preset=&quot;default&quot; use_background_color_gradient=&quot;on&quot; background_color_gradient_stops=&quot;rgba(2,48,71,0.2) 0%|rgba(2,48,71,0.4) 100%&quot; background_color_gradient_overlays_image=&quot;on&quot; background_image=&quot;https:\/\/maristeurope.eu\/wp-content\/uploads\/2024\/12\/DSC3585-1-en-tamano-grande.jpeg&quot; background_enable_video_mp4=&quot;off&quot; custom_padding=&quot;16vw||4vw||false|false&quot; bottom_divider_style=&quot;ramp2&#8243; bottom_divider_color=&quot;#FFFAF2&#8243; bottom_divider_flip=&quot;horizontal&quot; global_colors_info=&quot;{}&quot;][et_pb_row column_structure=&quot;2_3,1_3&#8243; make_equal=&quot;on&quot; _builder_version=&quot;4.27.4&#8243; _module_preset=&quot;default&quot; background_enable_color=&quot;off&quot; custom_padding=&quot;0px|40px|0px|40px|true|true&quot; animation_style=&quot;fade&quot; animation_duration=&quot;1500ms&quot; animation_delay=&quot;200ms&quot; global_colors_info=&quot;{}&quot;][et_pb_column type=&quot;2_3&#8243; _builder_version=&quot;4.27.4&#8243; _module_preset=&quot;default&quot; custom_css_main_element=&quot;margin: auto;&quot; global_colors_info=&quot;{}&quot;][et_pb_text _builder_version=&quot;4.27.4&#8243; _module_preset=&quot;default&quot; header_font=&quot;|600||on|||||&quot; header_text_color=&quot;#FFFFFF&quot; header_font_size=&quot;4rem&quot; header_letter_spacing=&quot;4px&quot; header_2_text_color=&quot;#219EBC&quot; header_2_font_size=&quot;3.5rem&quot; custom_margin=&quot;20px||20px||true|false&quot; global_colors_info=&quot;{}&quot;] Rettferdighet og skapelse [\/et_pb_text][\/et_pb_column][et_pb_column type=&quot;1_3&#8243; _builder_version=&quot;4.27.2&#8243; _module_preset=&quot;default&quot; global_colors_info=&quot;{}&quot;][\/et_pb_column][\/et_pb_row][\/et_pb_section][et_pb_section fb_built=&quot;1&#8243; _builder_version=&quot;4.27.4&#8243; _module_preset=&quot;default&quot; background_color=&quot;#FFFAF2&#8243; background_image=&quot;https:\/\/maristeurope.eu\/wp-content\/uploads\/2024\/11\/art-therapist-illustration-04-1.png&quot; [&hellip;]\" \/>\n<meta property=\"og:url\" content=\"https:\/\/maristeurope.eu\/no\/oppdrag\/rettferdighet-og-skapelse\/\" \/>\n<meta property=\"og:site_name\" content=\"Marist Europe\" \/>\n<meta property=\"article:modified_time\" content=\"2025-02-12T09:06:39+00:00\" \/>\n<meta name=\"twitter:card\" content=\"summary_large_image\" \/>\n<meta name=\"twitter:label1\" content=\"Ansl. lesetid\" \/>\n\t<meta name=\"twitter:data1\" content=\"4 minutter\" \/>\n<script type=\"application\/ld+json\" class=\"yoast-schema-graph\">{\"@context\":\"https:\\\/\\\/schema.org\",\"@graph\":[{\"@type\":\"WebPage\",\"@id\":\"https:\\\/\\\/maristeurope.eu\\\/no\\\/oppdrag\\\/rettferdighet-og-skapelse\\\/\",\"url\":\"https:\\\/\\\/maristeurope.eu\\\/no\\\/oppdrag\\\/rettferdighet-og-skapelse\\\/\",\"name\":\"Rettferdighet og skapelse - Marist Europe\",\"isPartOf\":{\"@id\":\"https:\\\/\\\/maristeurope.eu\\\/no\\\/#website\"},\"datePublished\":\"2024-12-19T09:55:50+00:00\",\"dateModified\":\"2025-02-12T09:06:39+00:00\",\"breadcrumb\":{\"@id\":\"https:\\\/\\\/maristeurope.eu\\\/no\\\/oppdrag\\\/rettferdighet-og-skapelse\\\/#breadcrumb\"},\"inLanguage\":\"nb-NO\",\"potentialAction\":[{\"@type\":\"ReadAction\",\"target\":[\"https:\\\/\\\/maristeurope.eu\\\/no\\\/oppdrag\\\/rettferdighet-og-skapelse\\\/\"]}]},{\"@type\":\"BreadcrumbList\",\"@id\":\"https:\\\/\\\/maristeurope.eu\\\/no\\\/oppdrag\\\/rettferdighet-og-skapelse\\\/#breadcrumb\",\"itemListElement\":[{\"@type\":\"ListItem\",\"position\":1,\"name\":\"Home\",\"item\":\"https:\\\/\\\/maristeurope.eu\\\/no\\\/marister\\\/\"},{\"@type\":\"ListItem\",\"position\":2,\"name\":\"Oppdrag\",\"item\":\"https:\\\/\\\/maristeurope.eu\\\/no\\\/oppdrag\\\/\"},{\"@type\":\"ListItem\",\"position\":3,\"name\":\"Rettferdighet og skapelse\"}]},{\"@type\":\"WebSite\",\"@id\":\"https:\\\/\\\/maristeurope.eu\\\/no\\\/#website\",\"url\":\"https:\\\/\\\/maristeurope.eu\\\/no\\\/\",\"name\":\"Marist Europe\",\"description\":\"\",\"publisher\":{\"@id\":\"https:\\\/\\\/maristeurope.eu\\\/no\\\/#organization\"},\"potentialAction\":[{\"@type\":\"SearchAction\",\"target\":{\"@type\":\"EntryPoint\",\"urlTemplate\":\"https:\\\/\\\/maristeurope.eu\\\/no\\\/?s={search_term_string}\"},\"query-input\":{\"@type\":\"PropertyValueSpecification\",\"valueRequired\":true,\"valueName\":\"search_term_string\"}}],\"inLanguage\":\"nb-NO\"},{\"@type\":\"Organization\",\"@id\":\"https:\\\/\\\/maristeurope.eu\\\/no\\\/#organization\",\"name\":\"Marist Europe\",\"url\":\"https:\\\/\\\/maristeurope.eu\\\/no\\\/\",\"logo\":{\"@type\":\"ImageObject\",\"inLanguage\":\"nb-NO\",\"@id\":\"https:\\\/\\\/maristeurope.eu\\\/no\\\/#\\\/schema\\\/logo\\\/image\\\/\",\"url\":\"https:\\\/\\\/maristeurope.eu\\\/wp-content\\\/uploads\\\/2024\\\/10\\\/EU-SM-Finalogo-02.png\",\"contentUrl\":\"https:\\\/\\\/maristeurope.eu\\\/wp-content\\\/uploads\\\/2024\\\/10\\\/EU-SM-Finalogo-02.png\",\"width\":150,\"height\":156,\"caption\":\"Marist Europe\"},\"image\":{\"@id\":\"https:\\\/\\\/maristeurope.eu\\\/no\\\/#\\\/schema\\\/logo\\\/image\\\/\"}}]}<\/script>\n<!-- \/ Yoast SEO plugin. -->","yoast_head_json":{"title":"Rettferdighet og skapelse - Marist Europe","robots":{"index":"index","follow":"follow","max-snippet":"max-snippet:-1","max-image-preview":"max-image-preview:large","max-video-preview":"max-video-preview:-1"},"canonical":"https:\/\/maristeurope.eu\/no\/oppdrag\/rettferdighet-og-skapelse\/","og_locale":"nb_NO","og_type":"article","og_title":"Rettferdighet og skapelse - Marist Europe","og_description":"[et_pb_section fb_built=\"1&#8243; _builder_version=\"4.27.4&#8243; _module_preset=\"default\" use_background_color_gradient=\"on\" background_color_gradient_stops=\"rgba(2,48,71,0.2) 0%|rgba(2,48,71,0.4) 100%\" background_color_gradient_overlays_image=\"on\" background_image=\"https:\/\/maristeurope.eu\/wp-content\/uploads\/2024\/12\/DSC3585-1-en-tamano-grande.jpeg\" background_enable_video_mp4=\"off\" custom_padding=\"16vw||4vw||false|false\" bottom_divider_style=\"ramp2&#8243; bottom_divider_color=\"#FFFAF2&#8243; bottom_divider_flip=\"horizontal\" global_colors_info=\"{}\"][et_pb_row column_structure=\"2_3,1_3&#8243; make_equal=\"on\" _builder_version=\"4.27.4&#8243; _module_preset=\"default\" background_enable_color=\"off\" custom_padding=\"0px|40px|0px|40px|true|true\" animation_style=\"fade\" animation_duration=\"1500ms\" animation_delay=\"200ms\" global_colors_info=\"{}\"][et_pb_column type=\"2_3&#8243; _builder_version=\"4.27.4&#8243; _module_preset=\"default\" custom_css_main_element=\"margin: auto;\" global_colors_info=\"{}\"][et_pb_text _builder_version=\"4.27.4&#8243; _module_preset=\"default\" header_font=\"|600||on|||||\" header_text_color=\"#FFFFFF\" header_font_size=\"4rem\" header_letter_spacing=\"4px\" header_2_text_color=\"#219EBC\" header_2_font_size=\"3.5rem\" custom_margin=\"20px||20px||true|false\" global_colors_info=\"{}\"] Rettferdighet og skapelse [\/et_pb_text][\/et_pb_column][et_pb_column type=\"1_3&#8243; _builder_version=\"4.27.2&#8243; _module_preset=\"default\" global_colors_info=\"{}\"][\/et_pb_column][\/et_pb_row][\/et_pb_section][et_pb_section fb_built=\"1&#8243; _builder_version=\"4.27.4&#8243; _module_preset=\"default\" background_color=\"#FFFAF2&#8243; background_image=\"https:\/\/maristeurope.eu\/wp-content\/uploads\/2024\/11\/art-therapist-illustration-04-1.png\" [&hellip;]","og_url":"https:\/\/maristeurope.eu\/no\/oppdrag\/rettferdighet-og-skapelse\/","og_site_name":"Marist Europe","article_modified_time":"2025-02-12T09:06:39+00:00","twitter_card":"summary_large_image","twitter_misc":{"Ansl. lesetid":"4 minutter"},"schema":{"@context":"https:\/\/schema.org","@graph":[{"@type":"WebPage","@id":"https:\/\/maristeurope.eu\/no\/oppdrag\/rettferdighet-og-skapelse\/","url":"https:\/\/maristeurope.eu\/no\/oppdrag\/rettferdighet-og-skapelse\/","name":"Rettferdighet og skapelse - Marist Europe","isPartOf":{"@id":"https:\/\/maristeurope.eu\/no\/#website"},"datePublished":"2024-12-19T09:55:50+00:00","dateModified":"2025-02-12T09:06:39+00:00","breadcrumb":{"@id":"https:\/\/maristeurope.eu\/no\/oppdrag\/rettferdighet-og-skapelse\/#breadcrumb"},"inLanguage":"nb-NO","potentialAction":[{"@type":"ReadAction","target":["https:\/\/maristeurope.eu\/no\/oppdrag\/rettferdighet-og-skapelse\/"]}]},{"@type":"BreadcrumbList","@id":"https:\/\/maristeurope.eu\/no\/oppdrag\/rettferdighet-og-skapelse\/#breadcrumb","itemListElement":[{"@type":"ListItem","position":1,"name":"Home","item":"https:\/\/maristeurope.eu\/no\/marister\/"},{"@type":"ListItem","position":2,"name":"Oppdrag","item":"https:\/\/maristeurope.eu\/no\/oppdrag\/"},{"@type":"ListItem","position":3,"name":"Rettferdighet og skapelse"}]},{"@type":"WebSite","@id":"https:\/\/maristeurope.eu\/no\/#website","url":"https:\/\/maristeurope.eu\/no\/","name":"Marist Europe","description":"","publisher":{"@id":"https:\/\/maristeurope.eu\/no\/#organization"},"potentialAction":[{"@type":"SearchAction","target":{"@type":"EntryPoint","urlTemplate":"https:\/\/maristeurope.eu\/no\/?s={search_term_string}"},"query-input":{"@type":"PropertyValueSpecification","valueRequired":true,"valueName":"search_term_string"}}],"inLanguage":"nb-NO"},{"@type":"Organization","@id":"https:\/\/maristeurope.eu\/no\/#organization","name":"Marist Europe","url":"https:\/\/maristeurope.eu\/no\/","logo":{"@type":"ImageObject","inLanguage":"nb-NO","@id":"https:\/\/maristeurope.eu\/no\/#\/schema\/logo\/image\/","url":"https:\/\/maristeurope.eu\/wp-content\/uploads\/2024\/10\/EU-SM-Finalogo-02.png","contentUrl":"https:\/\/maristeurope.eu\/wp-content\/uploads\/2024\/10\/EU-SM-Finalogo-02.png","width":150,"height":156,"caption":"Marist Europe"},"image":{"@id":"https:\/\/maristeurope.eu\/no\/#\/schema\/logo\/image\/"}}]}},"_links":{"self":[{"href":"https:\/\/maristeurope.eu\/no\/wp-json\/wp\/v2\/pages\/3606","targetHints":{"allow":["GET"]}}],"collection":[{"href":"https:\/\/maristeurope.eu\/no\/wp-json\/wp\/v2\/pages"}],"about":[{"href":"https:\/\/maristeurope.eu\/no\/wp-json\/wp\/v2\/types\/page"}],"author":[{"embeddable":true,"href":"https:\/\/maristeurope.eu\/no\/wp-json\/wp\/v2\/users\/1"}],"replies":[{"embeddable":true,"href":"https:\/\/maristeurope.eu\/no\/wp-json\/wp\/v2\/comments?post=3606"}],"version-history":[{"count":1,"href":"https:\/\/maristeurope.eu\/no\/wp-json\/wp\/v2\/pages\/3606\/revisions"}],"predecessor-version":[{"id":3609,"href":"https:\/\/maristeurope.eu\/no\/wp-json\/wp\/v2\/pages\/3606\/revisions\/3609"}],"up":[{"embeddable":true,"href":"https:\/\/maristeurope.eu\/no\/wp-json\/wp\/v2\/pages\/3683"}],"wp:attachment":[{"href":"https:\/\/maristeurope.eu\/no\/wp-json\/wp\/v2\/media?parent=3606"}],"curies":[{"name":"wp","href":"https:\/\/api.w.org\/{rel}","templated":true}]}}