{"id":3597,"date":"2024-12-17T14:30:29","date_gmt":"2024-12-17T13:30:29","guid":{"rendered":"https:\/\/marist.sjdigitaldemo.ovh\/irland\/"},"modified":"2026-05-07T08:35:13","modified_gmt":"2026-05-07T06:35:13","slug":"irland","status":"publish","type":"page","link":"https:\/\/maristeurope.eu\/no\/lokalsamfunn\/irland\/","title":{"rendered":"Irland"},"content":{"rendered":"\n<div class=\"et_pb_section_0 et_pb_section et_section_regular et_block_section section_has_divider et_pb_bottom_divider\"><div class=\"et_pb_row_0 et_pb_row et_pb_equal_columns et_block_row et_animated preset--module--divi-row--default\"><div class=\"et_pb_column_0 et_pb_column et_pb_column_4_4 et-last-child et_block_column et_pb_css_mix_blend_mode_passthrough\"><div class=\"et_pb_text_0 et_pb_text et_pb_bg_layout_light et_pb_module et_block_module\"><div class=\"et_pb_text_inner\"><h1>Irland<\/h1>\n<\/div><\/div><\/div><\/div><div class=\"et_pb_bottom_inside_divider et-no-transition\"><\/div><\/div><div class=\"et_pb_section_1 et_pb_section et_section_regular et_block_section\"><div class=\"et_pb_row_1 et_pb_row et_block_row preset--module--divi-row--default\"><div class=\"et_pb_column_1 et_pb_column et_pb_column_4_4 et-last-child et_block_column et_pb_css_mix_blend_mode_passthrough\"><div class=\"et_pb_code_0 et_pb_code et_pb_module\"><div class=\"et_pb_code_inner\"><div class=\"sjd-locations-grid\"><div class=\"sjd-location-card\">  <div class=\"sjd-card-column sjd-column-name\">      <h2>Dundalk Cerdon<\/h2>  <\/div>  <div class=\"sjd-card-column sjd-column-description\"><p><!-- wp:paragraph {\"translatedWithWPMLTM\":\"1\"} -->\n<p>Vi er et fellesskap for pensjonerte marister, hvorav noen er involvert i pastoralt arbeid og prestetjeneste p\u00e5 maristskolen St Mary's College. Mary's Church, som er \u00e5pen for publikum, og som er kjent for sin vakre steinarkitektur, inkludert velutf\u00f8rte granittvegger og glassmalerier. <\/p>\n<!-- \/wp:paragraph --><!-- wp:paragraph {\"translatedWithWPMLTM\":\"1\"} -->\n<p>St Mary's College Dundalk: 6 Nicholas Street, Dundalk, Co. Louth A91 AD05 Ireland <a href=\"http:\/\/www.maristdundalk.ie\">www.maristdundalk.ie<\/a> <\/p>\n<!-- \/wp:paragraph --><\/p><\/div>  <div class=\"sjd-card-column sjd-column-contact\">      <h3>Contact<\/h3><p>Cerdon Marist Community, St Mary\u2019s Road, Dundalk, Co. Louth A91 A7D5 Ireland<\/p><p>+353 42 933 4019<\/p>  <\/div><\/div><div class=\"sjd-location-card\">  <div class=\"sjd-card-column sjd-column-name\">      <h2>Dublin Donore Avenue<\/h2>  <\/div>  <div class=\"sjd-card-column sjd-column-description\"><p><!-- wp:paragraph {\"translatedWithWPMLTM\":\"1\"} -->\n<p>Teresas menighet er betrodd Maristkommunitetet og ligger i et utfordrende omr\u00e5de av byen. Vi er en \u00e5pen og inkluderende menighet som \u00f8nsker alle mennesker velkommen inn i kirken v\u00e5r. Vi er opptatt av \u00e5 utforske nye muligheter for \u00e5 oppmuntre alle til \u00e5 ta aktiv del i menighetens liv. Teresa's \u00f8nsker \u00e5 v\u00e6re en levende kirke som vitner om v\u00e5r \u00e5ndelige arv gjennom b\u00f8nn og tilbedelse og gjennom et engasjement for sosial rettferdighet.   <\/p>\n<!-- \/wp:paragraph --><!-- wp:paragraph {\"translatedWithWPMLTM\":\"1\"} -->\n<p>Fellesskapet gir ogs\u00e5 st\u00f8tte til presteteamet ved Marist Catholic University School i Dublin sentrum. CUS (Catholic University School) 89 Lower Leeson Street Dublin 02 KC81 Ireland <a href=\"http:\/\/www.cus.ie\">www.cus.ie<\/a> <\/p>\n<!-- \/wp:paragraph --><\/p><\/div>  <div class=\"sjd-card-column sjd-column-contact\">      <h3>Contact<\/h3><p>Marist Community, St. Teresa\u2019s Parish House, 78A Donore Avenue, Dublin 8 D08 A06W, Ireland<\/p><p>+353 1 454 2425<\/p><p><a href=\"https:\/\/www.donoreavenueparish.ie\" target=\"_blank\">Visit Website<\/a><\/p><p><a href=\"mailto:info@donoreavenueparish.ie\">info@donoreavenueparish.ie<\/a><\/p>  <\/div><\/div><div class=\"sjd-location-card\">  <div class=\"sjd-card-column sjd-column-name\">      <h2>St. Brendans menighet<\/h2>  <\/div>  <div class=\"sjd-card-column sjd-column-description\"><p><!-- wp:paragraph {\"translatedWithWPMLTM\":\"1\"} -->\n<p>Menigheten er betrodd Maristkommuniteten. Menigheten er relativt liten med rundt tusen familier. V\u00e5r misjonserkl\u00e6ring lyder: <em>\"St Brendan's er en omsorgsfull katolsk menighet som er inspirert av evangeliet, og som feirer og arbeider sammen for \u00e5 bygge et samfunn preget av rettferdighet, kj\u00e6rlighet og fred\".<\/em> Menighetens vitalitet kommer til uttrykk i det store mangfoldet av grupper i menigheten - pastoralr\u00e5det, finanskomiteen, d\u00e5psteamet, begravelsesteamet, lekmannsledede liturgigrupper, nattverdmedarbeidere, ordets tjenere, musikere og sangere, St Vincent de Paul Society, Care for the planet-gruppen, for ikke \u00e5 snakke om alle gruppene som bruker menighetssenteret.   <\/p>\n<!-- \/wp:paragraph --><\/p><\/div>  <div class=\"sjd-card-column sjd-column-contact\">      <h3>Contact<\/h3><p>Coolock Village, Dublin 5 D05 XK51, Ireland<\/p><p>+353 1 848 0102<\/p><p><a href=\"https:\/\/www.stbrendanscoolock.org\" target=\"_blank\">Visit Website<\/a><\/p><p><a href=\"mailto:office@stbrendanscoolock.org\">office@stbrendanscoolock.org<\/a><\/p>  <\/div><\/div><div class=\"sjd-location-card\">  <div class=\"sjd-card-column sjd-column-name\">      <h2>Dublin Coolock<\/h2>  <\/div>  <div class=\"sjd-card-column sjd-column-description\"><p><!-- wp:paragraph {\"translatedWithWPMLTM\":\"1\"} -->\n<p>V\u00e5r oppgave er \u00e5 v\u00e6re en maristisk tilstedev\u00e6relse i den lokale kirken. Det gj\u00f8r vi ved \u00e5 feire sakramentene i den lokale kirken St Brendan's, ved \u00e5 v\u00e6re prestetjeneste ved Marist secondary school, Chanel College, og ved \u00e5 v\u00e6re prestetjeneste ved to lokale klostre. Det er \u00e5tte medlemmer som bor i kommuniteten, og to medbr\u00f8dre bor p\u00e5 lokale sykehjem. \u00c5 tjene hverandre i fellesskap er en av de viktigste apostoliske oppgavene.   <\/p>\n<!-- \/wp:paragraph --><\/p><\/div>  <div class=\"sjd-card-column sjd-column-contact\">      <h3>Contact<\/h3><p>Chanel Marist Community, Coolock, Dublin 5, D05 KV62, Ireland<\/p><p>+353 1 847 7133<\/p><p><a href=\"https:\/\/www.maristfathers.ie\" target=\"_blank\">Visit Website<\/a><\/p><p><a href=\"mailto:admin@maristfathers.ie\">admin@maristfathers.ie<\/a><\/p>  <\/div><\/div><\/div><\/div><\/div><\/div><\/div><\/div>\n","protected":false},"excerpt":{"rendered":"","protected":false},"author":1,"featured_media":3598,"parent":3689,"menu_order":0,"comment_status":"closed","ping_status":"closed","template":"","meta":{"footnotes":""},"class_list":["post-3597","page","type-page","status-publish","has-post-thumbnail","hentry"],"yoast_head":"<!-- This site is optimized with the Yoast SEO plugin v27.5 - https:\/\/yoast.com\/product\/yoast-seo-wordpress\/ -->\n<title>Irland - Marist Europe<\/title>\n<meta name=\"robots\" content=\"index, follow, max-snippet:-1, max-image-preview:large, max-video-preview:-1\" \/>\n<link rel=\"canonical\" href=\"https:\/\/maristeurope.eu\/no\/lokalsamfunn\/irland\/\" \/>\n<meta property=\"og:locale\" content=\"nb_NO\" \/>\n<meta property=\"og:type\" content=\"article\" \/>\n<meta property=\"og:title\" content=\"Irland - Marist Europe\" \/>\n<meta property=\"og:url\" content=\"https:\/\/maristeurope.eu\/no\/lokalsamfunn\/irland\/\" \/>\n<meta property=\"og:site_name\" content=\"Marist Europe\" \/>\n<meta property=\"article:modified_time\" content=\"2026-05-07T06:35:13+00:00\" \/>\n<meta property=\"og:image\" content=\"https:\/\/maristeurope.eu\/wp-content\/uploads\/2024\/11\/temple-bar-2344400_1280-en-tamano-grande.jpeg\" \/>\n\t<meta property=\"og:image:width\" content=\"1280\" \/>\n\t<meta property=\"og:image:height\" content=\"886\" \/>\n\t<meta property=\"og:image:type\" content=\"image\/jpeg\" \/>\n<meta name=\"twitter:card\" content=\"summary_large_image\" \/>\n<script type=\"application\/ld+json\" class=\"yoast-schema-graph\">{\"@context\":\"https:\\\/\\\/schema.org\",\"@graph\":[{\"@type\":\"WebPage\",\"@id\":\"https:\\\/\\\/maristeurope.eu\\\/no\\\/lokalsamfunn\\\/irland\\\/\",\"url\":\"https:\\\/\\\/maristeurope.eu\\\/no\\\/lokalsamfunn\\\/irland\\\/\",\"name\":\"Irland - Marist Europe\",\"isPartOf\":{\"@id\":\"https:\\\/\\\/maristeurope.eu\\\/no\\\/#website\"},\"primaryImageOfPage\":{\"@id\":\"https:\\\/\\\/maristeurope.eu\\\/no\\\/lokalsamfunn\\\/irland\\\/#primaryimage\"},\"image\":{\"@id\":\"https:\\\/\\\/maristeurope.eu\\\/no\\\/lokalsamfunn\\\/irland\\\/#primaryimage\"},\"thumbnailUrl\":\"https:\\\/\\\/maristeurope.eu\\\/wp-content\\\/uploads\\\/2024\\\/11\\\/temple-bar-2344400_1280-en-tamano-grande.jpeg\",\"datePublished\":\"2024-12-17T13:30:29+00:00\",\"dateModified\":\"2026-05-07T06:35:13+00:00\",\"breadcrumb\":{\"@id\":\"https:\\\/\\\/maristeurope.eu\\\/no\\\/lokalsamfunn\\\/irland\\\/#breadcrumb\"},\"inLanguage\":\"nb-NO\",\"potentialAction\":[{\"@type\":\"ReadAction\",\"target\":[\"https:\\\/\\\/maristeurope.eu\\\/no\\\/lokalsamfunn\\\/irland\\\/\"]}]},{\"@type\":\"ImageObject\",\"inLanguage\":\"nb-NO\",\"@id\":\"https:\\\/\\\/maristeurope.eu\\\/no\\\/lokalsamfunn\\\/irland\\\/#primaryimage\",\"url\":\"https:\\\/\\\/maristeurope.eu\\\/wp-content\\\/uploads\\\/2024\\\/11\\\/temple-bar-2344400_1280-en-tamano-grande.jpeg\",\"contentUrl\":\"https:\\\/\\\/maristeurope.eu\\\/wp-content\\\/uploads\\\/2024\\\/11\\\/temple-bar-2344400_1280-en-tamano-grande.jpeg\",\"width\":1280,\"height\":886},{\"@type\":\"BreadcrumbList\",\"@id\":\"https:\\\/\\\/maristeurope.eu\\\/no\\\/lokalsamfunn\\\/irland\\\/#breadcrumb\",\"itemListElement\":[{\"@type\":\"ListItem\",\"position\":1,\"name\":\"Home\",\"item\":\"https:\\\/\\\/maristeurope.eu\\\/no\\\/\"},{\"@type\":\"ListItem\",\"position\":2,\"name\":\"Lokalsamfunn\",\"item\":\"https:\\\/\\\/maristeurope.eu\\\/no\\\/communities\\\/\"},{\"@type\":\"ListItem\",\"position\":3,\"name\":\"Irland\"}]},{\"@type\":\"WebSite\",\"@id\":\"https:\\\/\\\/maristeurope.eu\\\/no\\\/#website\",\"url\":\"https:\\\/\\\/maristeurope.eu\\\/no\\\/\",\"name\":\"Marist Europe\",\"description\":\"\",\"publisher\":{\"@id\":\"https:\\\/\\\/maristeurope.eu\\\/no\\\/#organization\"},\"potentialAction\":[{\"@type\":\"SearchAction\",\"target\":{\"@type\":\"EntryPoint\",\"urlTemplate\":\"https:\\\/\\\/maristeurope.eu\\\/no\\\/?s={search_term_string}\"},\"query-input\":{\"@type\":\"PropertyValueSpecification\",\"valueRequired\":true,\"valueName\":\"search_term_string\"}}],\"inLanguage\":\"nb-NO\"},{\"@type\":\"Organization\",\"@id\":\"https:\\\/\\\/maristeurope.eu\\\/no\\\/#organization\",\"name\":\"Marist Europe\",\"url\":\"https:\\\/\\\/maristeurope.eu\\\/no\\\/\",\"logo\":{\"@type\":\"ImageObject\",\"inLanguage\":\"nb-NO\",\"@id\":\"https:\\\/\\\/maristeurope.eu\\\/no\\\/#\\\/schema\\\/logo\\\/image\\\/\",\"url\":\"https:\\\/\\\/maristeurope.eu\\\/wp-content\\\/uploads\\\/2024\\\/10\\\/EU-SM-Finalogo-02.png\",\"contentUrl\":\"https:\\\/\\\/maristeurope.eu\\\/wp-content\\\/uploads\\\/2024\\\/10\\\/EU-SM-Finalogo-02.png\",\"width\":150,\"height\":156,\"caption\":\"Marist Europe\"},\"image\":{\"@id\":\"https:\\\/\\\/maristeurope.eu\\\/no\\\/#\\\/schema\\\/logo\\\/image\\\/\"}}]}<\/script>\n<!-- \/ Yoast SEO plugin. -->","yoast_head_json":{"title":"Irland - Marist Europe","robots":{"index":"index","follow":"follow","max-snippet":"max-snippet:-1","max-image-preview":"max-image-preview:large","max-video-preview":"max-video-preview:-1"},"canonical":"https:\/\/maristeurope.eu\/no\/lokalsamfunn\/irland\/","og_locale":"nb_NO","og_type":"article","og_title":"Irland - Marist Europe","og_url":"https:\/\/maristeurope.eu\/no\/lokalsamfunn\/irland\/","og_site_name":"Marist Europe","article_modified_time":"2026-05-07T06:35:13+00:00","og_image":[{"width":1280,"height":886,"url":"https:\/\/maristeurope.eu\/wp-content\/uploads\/2024\/11\/temple-bar-2344400_1280-en-tamano-grande.jpeg","type":"image\/jpeg"}],"twitter_card":"summary_large_image","schema":{"@context":"https:\/\/schema.org","@graph":[{"@type":"WebPage","@id":"https:\/\/maristeurope.eu\/no\/lokalsamfunn\/irland\/","url":"https:\/\/maristeurope.eu\/no\/lokalsamfunn\/irland\/","name":"Irland - Marist Europe","isPartOf":{"@id":"https:\/\/maristeurope.eu\/no\/#website"},"primaryImageOfPage":{"@id":"https:\/\/maristeurope.eu\/no\/lokalsamfunn\/irland\/#primaryimage"},"image":{"@id":"https:\/\/maristeurope.eu\/no\/lokalsamfunn\/irland\/#primaryimage"},"thumbnailUrl":"https:\/\/maristeurope.eu\/wp-content\/uploads\/2024\/11\/temple-bar-2344400_1280-en-tamano-grande.jpeg","datePublished":"2024-12-17T13:30:29+00:00","dateModified":"2026-05-07T06:35:13+00:00","breadcrumb":{"@id":"https:\/\/maristeurope.eu\/no\/lokalsamfunn\/irland\/#breadcrumb"},"inLanguage":"nb-NO","potentialAction":[{"@type":"ReadAction","target":["https:\/\/maristeurope.eu\/no\/lokalsamfunn\/irland\/"]}]},{"@type":"ImageObject","inLanguage":"nb-NO","@id":"https:\/\/maristeurope.eu\/no\/lokalsamfunn\/irland\/#primaryimage","url":"https:\/\/maristeurope.eu\/wp-content\/uploads\/2024\/11\/temple-bar-2344400_1280-en-tamano-grande.jpeg","contentUrl":"https:\/\/maristeurope.eu\/wp-content\/uploads\/2024\/11\/temple-bar-2344400_1280-en-tamano-grande.jpeg","width":1280,"height":886},{"@type":"BreadcrumbList","@id":"https:\/\/maristeurope.eu\/no\/lokalsamfunn\/irland\/#breadcrumb","itemListElement":[{"@type":"ListItem","position":1,"name":"Home","item":"https:\/\/maristeurope.eu\/no\/"},{"@type":"ListItem","position":2,"name":"Lokalsamfunn","item":"https:\/\/maristeurope.eu\/no\/communities\/"},{"@type":"ListItem","position":3,"name":"Irland"}]},{"@type":"WebSite","@id":"https:\/\/maristeurope.eu\/no\/#website","url":"https:\/\/maristeurope.eu\/no\/","name":"Marist Europe","description":"","publisher":{"@id":"https:\/\/maristeurope.eu\/no\/#organization"},"potentialAction":[{"@type":"SearchAction","target":{"@type":"EntryPoint","urlTemplate":"https:\/\/maristeurope.eu\/no\/?s={search_term_string}"},"query-input":{"@type":"PropertyValueSpecification","valueRequired":true,"valueName":"search_term_string"}}],"inLanguage":"nb-NO"},{"@type":"Organization","@id":"https:\/\/maristeurope.eu\/no\/#organization","name":"Marist Europe","url":"https:\/\/maristeurope.eu\/no\/","logo":{"@type":"ImageObject","inLanguage":"nb-NO","@id":"https:\/\/maristeurope.eu\/no\/#\/schema\/logo\/image\/","url":"https:\/\/maristeurope.eu\/wp-content\/uploads\/2024\/10\/EU-SM-Finalogo-02.png","contentUrl":"https:\/\/maristeurope.eu\/wp-content\/uploads\/2024\/10\/EU-SM-Finalogo-02.png","width":150,"height":156,"caption":"Marist Europe"},"image":{"@id":"https:\/\/maristeurope.eu\/no\/#\/schema\/logo\/image\/"}}]}},"_links":{"self":[{"href":"https:\/\/maristeurope.eu\/no\/wp-json\/wp\/v2\/pages\/3597","targetHints":{"allow":["GET"]}}],"collection":[{"href":"https:\/\/maristeurope.eu\/no\/wp-json\/wp\/v2\/pages"}],"about":[{"href":"https:\/\/maristeurope.eu\/no\/wp-json\/wp\/v2\/types\/page"}],"author":[{"embeddable":true,"href":"https:\/\/maristeurope.eu\/no\/wp-json\/wp\/v2\/users\/1"}],"replies":[{"embeddable":true,"href":"https:\/\/maristeurope.eu\/no\/wp-json\/wp\/v2\/comments?post=3597"}],"version-history":[{"count":6,"href":"https:\/\/maristeurope.eu\/no\/wp-json\/wp\/v2\/pages\/3597\/revisions"}],"predecessor-version":[{"id":10883,"href":"https:\/\/maristeurope.eu\/no\/wp-json\/wp\/v2\/pages\/3597\/revisions\/10883"}],"up":[{"embeddable":true,"href":"https:\/\/maristeurope.eu\/no\/wp-json\/wp\/v2\/pages\/3689"}],"wp:featuredmedia":[{"embeddable":true,"href":"https:\/\/maristeurope.eu\/no\/wp-json\/wp\/v2\/media\/3598"}],"wp:attachment":[{"href":"https:\/\/maristeurope.eu\/no\/wp-json\/wp\/v2\/media?parent=3597"}],"curies":[{"name":"wp","href":"https:\/\/api.w.org\/{rel}","templated":true}]}}