{"id":3577,"date":"2024-12-19T12:39:13","date_gmt":"2024-12-19T11:39:13","guid":{"rendered":"https:\/\/marist.sjdigitaldemo.ovh\/maristenes-legfolk\/"},"modified":"2025-04-15T14:24:12","modified_gmt":"2025-04-15T12:24:12","slug":"maristenes-legfolk","status":"publish","type":"page","link":"https:\/\/maristeurope.eu\/no\/maristenes-legfolk\/","title":{"rendered":"Maristenes legfolk"},"content":{"rendered":"<p>[et_pb_section fb_built=\"1&#8243; admin_label=\"Secci\u00f3n\" _builder_version=\"4.27.4&#8243; _module_preset=\"default\" use_background_color_gradient=\"on\" background_color_gradient_stops=\"rgba(2,48,71,0.2) 0%|rgba(2,48,71,0.4) 100%\" background_color_gradient_overlays_image=\"on\" background_image=\"https:\/\/maristeurope.eu\/wp-content\/uploads\/2025\/01\/Marist-Laity-scaled.jpeg\" background_enable_video_mp4=\"off\" custom_padding=\"16vw||4vw||false|false\" bottom_divider_style=\"ramp2&#8243; bottom_divider_color=\"#FFB703&#8243; bottom_divider_flip=\"horizontal\" global_colors_info=\"{}\"][et_pb_row make_equal=\"on\" _builder_version=\"4.27.2&#8243; _module_preset=\"default\" background_enable_color=\"off\" custom_padding=\"0px|40px|0px|40px|true|true\" animation_style=\"fade\" animation_duration=\"1500ms\" animation_delay=\"200ms\" global_colors_info=\"{}\"][et_pb_column type=\"4_4&#8243; _builder_version=\"4.27.2&#8243; _module_preset=\"default\" global_colors_info=\"{}\"][et_pb_text _builder_version=\"4.27.4&#8243; _module_preset=\"default\" header_font=\"|600||on|||||\" header_text_color=\"#FFFFFF\" header_font_size=\"4rem\" header_letter_spacing=\"4px\" header_2_text_color=\"#219EBC\" header_2_font_size=\"3.5rem\" custom_margin=\"20px||20px||true|false\" global_colors_info=\"{}\"]<\/p>\n<h1>MARIST LAITY  <\/h1>\n<p>[\/et_pb_text][\/et_pb_column][\/et_pb_row][\/et_pb_section][et_pb_section fb_built=\"1&#8243; admin_label=\"Secci\u00f3n\" _builder_version=\"4.27.4&#8243; _module_preset=\"default\" background_color=\"#FFB703&#8243; background_enable_image=\"off\" background_size=\"contain\" background_position=\"bottom_left\" background_blend=\"soft-light\" custom_padding=\"6vw||0px||false|false\" global_colors_info=\"{}\"][et_pb_row column_structure=\"3_5,2_5&#8243; make_equal=\"on\" admin_label=\"Fila\" _builder_version=\"4.27.2&#8243; _module_preset=\"default\" background_enable_color=\"off\" background_enable_image=\"off\" custom_padding=\"|||40px|false|false\" border_radii=\"on|50px|50px|50px|50px\" global_colors_info=\"{}\"][et_pb_column type=\"3_5&#8243; _builder_version=\"4.27.2&#8243; _module_preset=\"default\" animation_style=\"fade\" animation_duration=\"1500ms\" animation_delay=\"200ms\" custom_css_main_element=\"margin: auto auto;\" global_colors_info=\"{}\"][et_pb_text _builder_version=\"4.27.4&#8243; _module_preset=\"default\" header_2_text_color=\"#023047&#8243; header_2_font_size=\"3rem\" animation_style=\"fade\" animation_delay=\"200ms\" locked=\"off\" global_colors_info=\"{}\"]<\/p>\n<h2 style=\"text-align: center;\"><b>Legmarister i verden<\/b><span style=\"font-weight: 400;\"> <\/span><\/h2>\n<p>[\/et_pb_text][et_pb_text _builder_version=\"4.27.4&#8243; _module_preset=\"default\" text_text_color=\"#FFFFFF\" text_font_size=\"20px\" background_color=\"#FB8500&#8243; custom_padding=\"40px|40px|40px|40px|true|true\" border_radii=\"on|50px|50px|50px|50px\" global_colors_info=\"{}\"]I samsvar med pater Colins intuisjon er legmaristenes kall \u00e5 v\u00e6re som en bro for \u00e5 bringe evangeliets glede til hjertet av verden p\u00e5 Marias m\u00e5te. Lekmannsgrenen er en viktig del av Maristfamilien, og Marias arbeid i Europa vil fortsette p\u00e5 en grunnleggende m\u00e5te gjennom lekmaristenes liv og misjon.[\/et_pb_text][\/et_pb_column][et_pb_column type=\"2_5&#8243; _builder_version=\"4.27.2&#8243; _module_preset=\"default\" animation_style=\"slide\" animation_direction=\"right\" animation_duration=\"1500ms\" animation_delay=\"500ms\" global_colors_info=\"{}\"][et_pb_image src=\"https:\/\/maristeurope.eu\/wp-content\/uploads\/2025\/01\/marist-laity2.jpg\" title_text=\"maristisk lekfolk2&#8243; _builder_version=\"4.27.4&#8243; _module_preset=\"default\" animation_style=\"slide\" animation_direction=\"right\" animation_duration=\"1500ms\" animation_delay=\"400ms\" border_radii=\"on|50px|50px|50px|50px\" global_colors_info=\"{}\"][\/et_pb_image][\/et_pb_column][\/et_pb_row][et_pb_row _builder_version=\"4.27.4&#8243; _module_preset=\"default\" global_colors_info=\"{}\"][et_pb_column type=\"4_4&#8243; _builder_version=\"4.27.4&#8243; _module_preset=\"default\" global_colors_info=\"{}\"][et_pb_text _builder_version=\"4.27.4&#8243; _module_preset=\"default\" text_text_color=\"#023047&#8243; text_font_size=\"20px\" custom_padding=\"2vw|5vw|2vw|5vw|true|true\" global_colors_info=\"{}\"]<\/p>\n<p>Helt fra begynnelsen av s\u00e5 Maristenes prosjekt for seg - sammen med fedrene, br\u00f8drene, s\u00f8strene og misjonss\u00f8strene - en gren som var \u00e5pen for lekfolk, kvinner og menn,<strong> en forening som var tilgjengelig for alle mennesker<\/strong> uansett situasjon, alder eller tilstand. Alle er uunnv\u00e6rlige medlemmer av Marias samfunn, og deler det <strong>felles oppdraget om \u00e5 gj\u00f8re og v\u00e6re Marias verk<\/strong> i verden - \u00e5 bygge et fellesskap av troende med ett sinn og ett hjerte. <\/p>\n<p>[\/et_pb_text][\/et_pb_column][\/et_pb_row][et_pb_row column_structure=\"3_5,2_5&#8243; _builder_version=\"4.27.2&#8243; _module_preset=\"default\" custom_margin=\"|auto|-31px|auto||\" global_colors_info=\"{}\"][et_pb_column type=\"3_5&#8243; _builder_version=\"4.27.2&#8243; _module_preset=\"default\" global_colors_info=\"{}\"][et_pb_text _builder_version=\"4.27.4&#8243; _module_preset=\"default\" text_text_color=\"#FFFFFF\" text_font_size=\"20px\" background_color=\"#219EBC\" custom_padding=\"40px|40px|40px|40px|true|true\" border_radii=\"on|50px|50px|50px|50px\" global_colors_info=\"{}\"]<\/p>\n<p>Det finnes en <strong>rekke maristiske lekmannsgrupper og foreningsformer<\/strong> over hele verden. Vi ser et \u00f8kende \u00f8nske fra disse gruppene om \u00e5 bli assosiert med Maristenes prosjekt og f\u00e5 en dypere forst\u00e5else av Maristenes karisma og det arbeidet som f\u00f8lger av den. Sammen med de andre grenene bygger Marist Laity kirkens marianske ansikt utad. Deres kristne identitet er formet av maristenes spiritualitet og misjon, og de streber etter \u00e5 v\u00e6re Marias n\u00e6rv\u00e6r i verden.   <\/p>\n<p>[\/et_pb_text][\/et_pb_column][et_pb_column type=\"2_5&#8243; _builder_version=\"4.27.2&#8243; _module_preset=\"default\" global_colors_info=\"{}\"][et_pb_text _builder_version=\"4.27.4&#8243; _module_preset=\"default\" text_text_color=\"#FFFFFF\" text_font_size=\"20px\" background_color=\"#023047&#8243; custom_padding=\"40px|40px|40px|40px|true|true\" border_radii=\"on|50px|50px|50px|50px\" global_colors_info=\"{}\"]<\/p>\n<p>I 2007 etablerte Marist Laity-gruppene i Europa en koordineringsgruppe med regelmessige m\u00f8ter for \u00e5 samordne deres innsats som en lekmannsgren av Maristfamilien.<br \/>Du kan lese vedtektene til European Marist Laity <strong>her.<\/strong><\/p>\n<p>[\/et_pb_text][\/et_pb_column][\/et_pb_row][\/et_pb_section][et_pb_section fb_built=\"1&#8243; _builder_version=\"4.27.4&#8243; _module_preset=\"default\" background_color=\"#FFFAF2&#8243; background_enable_image=\"off\" custom_padding=\"8vw||8vw||true|false\" top_divider_style=\"ramp\" top_divider_color=\"#FFB703&#8243; global_colors_info=\"{}\"][et_pb_row column_structure=\"3_5,2_5&#8243; make_equal=\"on\" _builder_version=\"4.27.2&#8243; _module_preset=\"default\" global_colors_info=\"{}\"][et_pb_column type=\"3_5&#8243; _builder_version=\"4.27.2&#8243; _module_preset=\"default\" custom_css_main_element=\"margin: auto;\" global_colors_info=\"{}\"][et_pb_text _builder_version=\"4.27.4&#8243; _module_preset=\"default\" text_text_color=\"#023047&#8243; text_font_size=\"18px\" text_line_height=\"1.6em\" animation_style=\"slide\" animation_duration=\"1500ms\" animation_delay=\"200ms\" global_colors_info=\"{}\"]<\/p>\n<p><span style=\"font-weight: 400;\"><strong>Italia<\/strong>: Paolo Serafini <\/span><a href=\"mailto:paolo.sera63@gmail.com\"><span style=\"font-weight: 400;\">paolo.sera63@gmail.com<\/span><\/a><\/p>\n<p><span style=\"font-weight: 400;\"><strong>Spania<\/strong> David Sanz <\/span><a href=\"mailto:dasadedi@gmail.com\"><span style=\"font-weight: 400;\">dasadedi@gmail.com<\/span><\/a><\/p>\n<p><span style=\"font-weight: 400;\"><strong>Norge<\/strong>: Siri-Beate Hagen <\/span><a href=\"mailto:siri.beate.hagen@gmail.com\"><span style=\"font-weight: 400;\">siri.beate.hagen@gmail.com<\/span><\/a><\/p>\n<p><span style=\"font-weight: 400;\"><strong>Irland<\/strong>: Eileen McCann <\/span><a href=\"mailto:eibhlinnicanna@eircom.net\"><span style=\"font-weight: 400;\">eibhlinnicanna@eircom.net<\/span><\/a><\/p>\n<p><span style=\"font-weight: 400;\"><strong>England<\/strong>: Pat O&#8217;Connor <\/span><a href=\"mailto:patriciaoconnor44@gmail.com\"><span style=\"font-weight: 400;\">patriciaoconnor44@gmail.com<\/span><\/a><span style=\"font-weight: 400;\"> <\/span><\/p>\n<p><span style=\"font-weight: 400;\"><strong>Frankrike<\/strong>: <\/span><a href=\"http:\/\/www.maristeslaics.fr\/\"><span style=\"font-weight: 400;\">www.maristeslaics.fr<\/span><\/a><span style=\"font-weight: 400;\"> Maristes La\u00efcs, 104 Rue de Vaugirard, 75006 Paris, Frankrike President: Bernard Fenet +33 67444 7396<\/span><span style=\"font-weight: 400;\"><br \/><\/span><span style=\"font-weight: 400;\">Odile de Villenaut <\/span><a href=\"mailto:odiledevillenaut@hotmail.com\"><span style=\"font-weight: 400;\">odiledevillenaut@hotmail.com<\/span><\/a><\/p>\n<p><span style=\"font-weight: 400;\"><strong>Tyskland<\/strong>: Pater Wilhelm Tangen   <\/span><a href=\"mailto:wtangen@gmail.com\"><span style=\"font-weight: 400;\">wtangen@gmail.com<\/span><\/a><\/p>\n<p><span style=\"font-weight: 400;\"><strong>Nederland<\/strong>: Pater Jan Hulshof <\/span><a href=\"mailto:janhulshof41@gmail.com\"><span style=\"font-weight: 400;\">janhulshof41@gmail.com<\/span><\/a><\/p>\n<p>[\/et_pb_text][\/et_pb_column][et_pb_column type=\"2_5&#8243; _builder_version=\"4.27.2&#8243; _module_preset=\"default\" global_colors_info=\"{}\"][et_pb_image src=\"https:\/\/maristeurope.eu\/wp-content\/uploads\/2024\/12\/IMG_0984.jpg\" title_text=\"IMG_0984&#8243; _builder_version=\"4.27.4&#8243; _module_preset=\"default\" animation_style=\"slide\" animation_direction=\"right\" animation_duration=\"1500ms\" animation_delay=\"400ms\" border_radii=\"on|50px|50px|50px|50px\" global_colors_info=\"{}\"][\/et_pb_image][\/et_pb_column][\/et_pb_row][\/et_pb_section]<\/p>\n","protected":false},"excerpt":{"rendered":"<p>MARIST LAITY Legmarister i verden I samsvar med pater Colins intuisjon er legmaristenes kall \u00e5 v\u00e6re som en bro for \u00e5 bringe evangeliets glede til hjertet av verden p\u00e5 Marias m\u00e5te. Lekmannsgrenen er en viktig del av Maristfamilien, og Marias arbeid i Europa vil fortsette p\u00e5 en grunnleggende m\u00e5te gjennom lekmaristenes liv og misjon.Helt fra [&hellip;]<\/p>\n","protected":false},"author":1,"featured_media":0,"parent":0,"menu_order":0,"comment_status":"closed","ping_status":"closed","template":"","meta":{"_et_pb_use_builder":"on","_et_pb_old_content":"","_et_gb_content_width":"","footnotes":""},"class_list":["post-3577","page","type-page","status-publish","hentry"],"yoast_head":"<!-- This site is optimized with the Yoast SEO plugin v27.4 - https:\/\/yoast.com\/product\/yoast-seo-wordpress\/ -->\n<title>Maristenes legfolk - Marist Europe<\/title>\n<meta name=\"robots\" content=\"index, follow, max-snippet:-1, max-image-preview:large, max-video-preview:-1\" \/>\n<link rel=\"canonical\" href=\"https:\/\/maristeurope.eu\/no\/maristenes-legfolk\/\" \/>\n<meta property=\"og:locale\" content=\"nb_NO\" \/>\n<meta property=\"og:type\" content=\"article\" \/>\n<meta property=\"og:title\" content=\"Maristenes legfolk - Marist Europe\" \/>\n<meta property=\"og:description\" content=\"MARIST LAITY Legmarister i verden I samsvar med pater Colins intuisjon er legmaristenes kall \u00e5 v\u00e6re som en bro for \u00e5 bringe evangeliets glede til hjertet av verden p\u00e5 Marias m\u00e5te. Lekmannsgrenen er en viktig del av Maristfamilien, og Marias arbeid i Europa vil fortsette p\u00e5 en grunnleggende m\u00e5te gjennom lekmaristenes liv og misjon.Helt fra [&hellip;]\" \/>\n<meta property=\"og:url\" content=\"https:\/\/maristeurope.eu\/no\/maristenes-legfolk\/\" \/>\n<meta property=\"og:site_name\" content=\"Marist Europe\" \/>\n<meta property=\"article:modified_time\" content=\"2025-04-15T12:24:12+00:00\" \/>\n<meta name=\"twitter:card\" content=\"summary_large_image\" \/>\n<meta name=\"twitter:label1\" content=\"Ansl. lesetid\" \/>\n\t<meta name=\"twitter:data1\" content=\"5 minutter\" \/>\n<script type=\"application\/ld+json\" class=\"yoast-schema-graph\">{\"@context\":\"https:\\\/\\\/schema.org\",\"@graph\":[{\"@type\":\"WebPage\",\"@id\":\"https:\\\/\\\/maristeurope.eu\\\/no\\\/maristenes-legfolk\\\/\",\"url\":\"https:\\\/\\\/maristeurope.eu\\\/no\\\/maristenes-legfolk\\\/\",\"name\":\"Maristenes legfolk - Marist Europe\",\"isPartOf\":{\"@id\":\"https:\\\/\\\/maristeurope.eu\\\/no\\\/#website\"},\"datePublished\":\"2024-12-19T11:39:13+00:00\",\"dateModified\":\"2025-04-15T12:24:12+00:00\",\"breadcrumb\":{\"@id\":\"https:\\\/\\\/maristeurope.eu\\\/no\\\/maristenes-legfolk\\\/#breadcrumb\"},\"inLanguage\":\"nb-NO\",\"potentialAction\":[{\"@type\":\"ReadAction\",\"target\":[\"https:\\\/\\\/maristeurope.eu\\\/no\\\/maristenes-legfolk\\\/\"]}]},{\"@type\":\"BreadcrumbList\",\"@id\":\"https:\\\/\\\/maristeurope.eu\\\/no\\\/maristenes-legfolk\\\/#breadcrumb\",\"itemListElement\":[{\"@type\":\"ListItem\",\"position\":1,\"name\":\"Home\",\"item\":\"https:\\\/\\\/maristeurope.eu\\\/no\\\/marister\\\/\"},{\"@type\":\"ListItem\",\"position\":2,\"name\":\"Maristenes legfolk\"}]},{\"@type\":\"WebSite\",\"@id\":\"https:\\\/\\\/maristeurope.eu\\\/no\\\/#website\",\"url\":\"https:\\\/\\\/maristeurope.eu\\\/no\\\/\",\"name\":\"Marist Europe\",\"description\":\"\",\"publisher\":{\"@id\":\"https:\\\/\\\/maristeurope.eu\\\/no\\\/#organization\"},\"potentialAction\":[{\"@type\":\"SearchAction\",\"target\":{\"@type\":\"EntryPoint\",\"urlTemplate\":\"https:\\\/\\\/maristeurope.eu\\\/no\\\/?s={search_term_string}\"},\"query-input\":{\"@type\":\"PropertyValueSpecification\",\"valueRequired\":true,\"valueName\":\"search_term_string\"}}],\"inLanguage\":\"nb-NO\"},{\"@type\":\"Organization\",\"@id\":\"https:\\\/\\\/maristeurope.eu\\\/no\\\/#organization\",\"name\":\"Marist Europe\",\"url\":\"https:\\\/\\\/maristeurope.eu\\\/no\\\/\",\"logo\":{\"@type\":\"ImageObject\",\"inLanguage\":\"nb-NO\",\"@id\":\"https:\\\/\\\/maristeurope.eu\\\/no\\\/#\\\/schema\\\/logo\\\/image\\\/\",\"url\":\"https:\\\/\\\/maristeurope.eu\\\/wp-content\\\/uploads\\\/2024\\\/10\\\/EU-SM-Finalogo-02.png\",\"contentUrl\":\"https:\\\/\\\/maristeurope.eu\\\/wp-content\\\/uploads\\\/2024\\\/10\\\/EU-SM-Finalogo-02.png\",\"width\":150,\"height\":156,\"caption\":\"Marist Europe\"},\"image\":{\"@id\":\"https:\\\/\\\/maristeurope.eu\\\/no\\\/#\\\/schema\\\/logo\\\/image\\\/\"}}]}<\/script>\n<!-- \/ Yoast SEO plugin. -->","yoast_head_json":{"title":"Maristenes legfolk - Marist Europe","robots":{"index":"index","follow":"follow","max-snippet":"max-snippet:-1","max-image-preview":"max-image-preview:large","max-video-preview":"max-video-preview:-1"},"canonical":"https:\/\/maristeurope.eu\/no\/maristenes-legfolk\/","og_locale":"nb_NO","og_type":"article","og_title":"Maristenes legfolk - Marist Europe","og_description":"MARIST LAITY Legmarister i verden I samsvar med pater Colins intuisjon er legmaristenes kall \u00e5 v\u00e6re som en bro for \u00e5 bringe evangeliets glede til hjertet av verden p\u00e5 Marias m\u00e5te. Lekmannsgrenen er en viktig del av Maristfamilien, og Marias arbeid i Europa vil fortsette p\u00e5 en grunnleggende m\u00e5te gjennom lekmaristenes liv og misjon.Helt fra [&hellip;]","og_url":"https:\/\/maristeurope.eu\/no\/maristenes-legfolk\/","og_site_name":"Marist Europe","article_modified_time":"2025-04-15T12:24:12+00:00","twitter_card":"summary_large_image","twitter_misc":{"Ansl. lesetid":"5 minutter"},"schema":{"@context":"https:\/\/schema.org","@graph":[{"@type":"WebPage","@id":"https:\/\/maristeurope.eu\/no\/maristenes-legfolk\/","url":"https:\/\/maristeurope.eu\/no\/maristenes-legfolk\/","name":"Maristenes legfolk - Marist Europe","isPartOf":{"@id":"https:\/\/maristeurope.eu\/no\/#website"},"datePublished":"2024-12-19T11:39:13+00:00","dateModified":"2025-04-15T12:24:12+00:00","breadcrumb":{"@id":"https:\/\/maristeurope.eu\/no\/maristenes-legfolk\/#breadcrumb"},"inLanguage":"nb-NO","potentialAction":[{"@type":"ReadAction","target":["https:\/\/maristeurope.eu\/no\/maristenes-legfolk\/"]}]},{"@type":"BreadcrumbList","@id":"https:\/\/maristeurope.eu\/no\/maristenes-legfolk\/#breadcrumb","itemListElement":[{"@type":"ListItem","position":1,"name":"Home","item":"https:\/\/maristeurope.eu\/no\/marister\/"},{"@type":"ListItem","position":2,"name":"Maristenes legfolk"}]},{"@type":"WebSite","@id":"https:\/\/maristeurope.eu\/no\/#website","url":"https:\/\/maristeurope.eu\/no\/","name":"Marist Europe","description":"","publisher":{"@id":"https:\/\/maristeurope.eu\/no\/#organization"},"potentialAction":[{"@type":"SearchAction","target":{"@type":"EntryPoint","urlTemplate":"https:\/\/maristeurope.eu\/no\/?s={search_term_string}"},"query-input":{"@type":"PropertyValueSpecification","valueRequired":true,"valueName":"search_term_string"}}],"inLanguage":"nb-NO"},{"@type":"Organization","@id":"https:\/\/maristeurope.eu\/no\/#organization","name":"Marist Europe","url":"https:\/\/maristeurope.eu\/no\/","logo":{"@type":"ImageObject","inLanguage":"nb-NO","@id":"https:\/\/maristeurope.eu\/no\/#\/schema\/logo\/image\/","url":"https:\/\/maristeurope.eu\/wp-content\/uploads\/2024\/10\/EU-SM-Finalogo-02.png","contentUrl":"https:\/\/maristeurope.eu\/wp-content\/uploads\/2024\/10\/EU-SM-Finalogo-02.png","width":150,"height":156,"caption":"Marist Europe"},"image":{"@id":"https:\/\/maristeurope.eu\/no\/#\/schema\/logo\/image\/"}}]}},"_links":{"self":[{"href":"https:\/\/maristeurope.eu\/no\/wp-json\/wp\/v2\/pages\/3577","targetHints":{"allow":["GET"]}}],"collection":[{"href":"https:\/\/maristeurope.eu\/no\/wp-json\/wp\/v2\/pages"}],"about":[{"href":"https:\/\/maristeurope.eu\/no\/wp-json\/wp\/v2\/types\/page"}],"author":[{"embeddable":true,"href":"https:\/\/maristeurope.eu\/no\/wp-json\/wp\/v2\/users\/1"}],"replies":[{"embeddable":true,"href":"https:\/\/maristeurope.eu\/no\/wp-json\/wp\/v2\/comments?post=3577"}],"version-history":[{"count":2,"href":"https:\/\/maristeurope.eu\/no\/wp-json\/wp\/v2\/pages\/3577\/revisions"}],"predecessor-version":[{"id":7002,"href":"https:\/\/maristeurope.eu\/no\/wp-json\/wp\/v2\/pages\/3577\/revisions\/7002"}],"wp:attachment":[{"href":"https:\/\/maristeurope.eu\/no\/wp-json\/wp\/v2\/media?parent=3577"}],"curies":[{"name":"wp","href":"https:\/\/api.w.org\/{rel}","templated":true}]}}