{"id":3568,"date":"2024-12-19T14:30:51","date_gmt":"2024-12-19T13:30:51","guid":{"rendered":"https:\/\/marist.sjdigitaldemo.ovh\/frivillig-arbeid\/"},"modified":"2025-03-25T14:33:06","modified_gmt":"2025-03-25T13:33:06","slug":"frivillig-arbeid","status":"publish","type":"page","link":"https:\/\/maristeurope.eu\/no\/frivillig-arbeid\/","title":{"rendered":"FRIVILLIG ARBEID"},"content":{"rendered":"<p>[et_pb_section fb_built=\"1&#8243; admin_label=\"Secci\u00f3n\" _builder_version=\"4.27.4&#8243; _module_preset=\"default\" use_background_color_gradient=\"on\" background_color_gradient_stops=\"rgba(2,48,71,0.2) 0%|rgba(2,48,71,0.4) 100%\" background_color_gradient_overlays_image=\"on\" background_image=\"https:\/\/maristeurope.eu\/wp-content\/uploads\/2025\/03\/Ester-Youth-Camp-Norway.jpg\" background_position=\"top_center\" background_enable_video_mp4=\"off\" custom_padding=\"16vw||4vw||false|false\" bottom_divider_style=\"ramp2&#8243; bottom_divider_color=\"#FB8500&#8243; bottom_divider_flip=\"horizontal\" hover_enabled=\"0&#8243; global_colors_info=\"{}\" sticky_enabled=\"0&#8243; title_text=\"Ester Youth Camp Norway\"][et_pb_row make_equal=\"on\" _builder_version=\"4.27.2&#8243; _module_preset=\"936634bb-b644-4f86-9881-50254cef8e93&#8243; background_enable_color=\"off\" custom_padding=\"0px|40px|0px|40px|true|true\" animation_style=\"fade\" animation_duration=\"1500ms\" animation_delay=\"200ms\" global_colors_info=\"{}\"][et_pb_column type=\"4_4&#8243; _builder_version=\"4.27.2&#8243; _module_preset=\"default\" global_colors_info=\"{}\"][et_pb_text _builder_version=\"4.27.4&#8243; _module_preset=\"default\" header_font=\"|600||on|||||\" header_text_color=\"#FFFFFF\" header_font_size=\"4rem\" header_letter_spacing=\"4px\" header_2_text_color=\"#FFFFFF\" header_2_font_size=\"3.5rem\" custom_margin=\"20px||20px||true|false\" global_colors_info=\"{}\"]<\/p>\n<h2>FRIVILLIG ARBEID<\/h2>\n<p>[\/et_pb_text][\/et_pb_column][\/et_pb_row][\/et_pb_section][et_pb_section fb_built=\"1&#8243; admin_label=\"Secci\u00f3n\" _builder_version=\"4.27.4&#8243; _module_preset=\"default\" background_color=\"#FB8500&#8243; background_image=\"https:\/\/maristeurope.eu\/wp-content\/uploads\/2024\/11\/art-therapist-illustration-06-1.png\" background_size=\"initial\" background_blend=\"soft-light\" custom_padding=\"6vw||12vw||false|false\" top_divider_color=\"#FB8500&#8243; bottom_divider_style=\"wave2&#8243; bottom_divider_color=\"#FFFAF2&#8243; bottom_divider_flip=\"horizontal\" bottom_divider_arrangement=\"above_content\" global_colors_info=\"{}\"][et_pb_row column_structure=\"3_5,2_5&#8243; make_equal=\"on\" admin_label=\"Fila\" _builder_version=\"4.27.4&#8243; _module_preset=\"936634bb-b644-4f86-9881-50254cef8e93&#8243; background_enable_color=\"off\" background_enable_image=\"off\" custom_padding=\"|||40px|false|false\" border_radii=\"on|50px|50px|50px|50px\" global_colors_info=\"{}\"][et_pb_column type=\"3_5&#8243; _builder_version=\"4.27.2&#8243; _module_preset=\"default\" animation_style=\"fade\" animation_duration=\"1500ms\" animation_delay=\"200ms\" custom_css_main_element=\"margin: auto auto;\" global_colors_info=\"{}\"][et_pb_text _builder_version=\"4.27.4&#8243; _module_preset=\"default\" text_text_color=\"#FFFFFF\" header_text_color=\"#FFFFFF\" header_2_text_color=\"#FFFFFF\" header_2_font_size=\"3rem\" animation_style=\"fade\" animation_delay=\"200ms\" global_colors_info=\"{}\"]<\/p>\n<h2>Bli med oss som frivillig<\/h2>\n<p>[\/et_pb_text][et_pb_text _builder_version=\"4.27.4&#8243; _module_preset=\"default\" text_text_color=\"#FFFFFF\" text_font_size=\"20px\" global_colors_info=\"{}\"]<\/p>\n<p>Maristenes <strong>misjonsvirksomhet<\/strong> fortsetter <strong>over hele verden<\/strong>.<\/p>\n<p>Hvorfor ikke <strong>bruke dine talenter<\/strong> og ferdigheter til fordel for mennesker som f\u00e5r hjelp gjennom Marias arbeid i dag?<\/p>\n<p><strong>Vurder \u00e5 bli med oss som frivillig!<\/strong><\/p>\n<p>[\/et_pb_text][\/et_pb_column][et_pb_column type=\"2_5&#8243; _builder_version=\"4.27.2&#8243; _module_preset=\"default\" animation_style=\"slide\" animation_direction=\"right\" animation_duration=\"1500ms\" animation_delay=\"500ms\" global_colors_info=\"{}\"][et_pb_image src=\"https:\/\/maristeurope.eu\/wp-content\/uploads\/2024\/12\/Peter-Thailand.jpg\" title_text=\"Peter Thailand\" _builder_version=\"4.27.4&#8243; _module_preset=\"default\" width=\"100%\" animation_style=\"fade\" animation_duration=\"2000ms\" animation_delay=\"600ms\" border_radii=\"on|50px|50px|50px|50px\" locked=\"off\" global_colors_info=\"{}\"][\/et_pb_image][\/et_pb_column][\/et_pb_row][\/et_pb_section][et_pb_section fb_built=\"1&#8243; admin_label=\"Secci\u00f3n\" _builder_version=\"4.27.2&#8243; _module_preset=\"default\" background_color=\"#FFFAF2&#8243; background_enable_image=\"off\" background_size=\"contain\" background_blend=\"soft-light\" background_enable_pattern_style=\"on\" background_pattern_style=\"confetti\" background_pattern_color=\"rgba(0,0,0,0.05)\" custom_padding=\"6vw||12vw||false|false\" bottom_divider_style=\"wave2&#8243; bottom_divider_color=\"#FFFAF2&#8243; bottom_divider_flip=\"horizontal\" bottom_divider_arrangement=\"above_content\" global_colors_info=\"{}\"][et_pb_row column_structure=\"2_5,3_5&#8243; make_equal=\"on\" _builder_version=\"4.27.2&#8243; _module_preset=\"936634bb-b644-4f86-9881-50254cef8e93&#8243; custom_padding=\"50px||50px||true|false\" animation_style=\"slide\" animation_duration=\"1500ms\" animation_delay=\"200ms\" border_color_top=\"#FFB703&#8243; global_colors_info=\"{}\"][et_pb_column type=\"2_5&#8243; _builder_version=\"4.27.2&#8243; _module_preset=\"default\" border_color_right=\"#FFB703&#8243; global_colors_info=\"{}\"][et_pb_text _builder_version=\"4.27.4&#8243; _module_preset=\"default\" text_font=\"|800|||||||\" text_text_color=\"#FFFFFF\" text_font_size=\"2rem\" header_font=\"-et_global_heading_font|700|||||||\" header_text_color=\"#FFB703&#8243; header_font_size=\"50px\" header_line_height=\"1.2em\" text_orientation=\"right\" custom_padding=\"20px|40px|20px||false|false\" animation_style=\"slide\" animation_direction=\"left\" animation_duration=\"1500ms\" animation_delay=\"500ms\" animation_starting_opacity=\"100%\" border_color_right=\"#FFB703&#8243; global_colors_info=\"{}\"]<\/p>\n<h1><b>For frivillig arbeid lokalt kan du kontakte Maristfellesskapet i ditt land.<\/b><\/h1>\n<h2>Vi har noen muligheter p\u00e5 mellomlang og lang sikt internasjonalt:<\/h2>\n<p>[\/et_pb_text][\/et_pb_column][et_pb_column type=\"3_5&#8243; _builder_version=\"4.27.2&#8243; _module_preset=\"default\" global_colors_info=\"{}\"][et_pb_accordion open_toggle_text_color=\"#023047&#8243; open_toggle_background_color=\"#FFB703&#8243; closed_toggle_background_color=\"rgba(255,183,3,0.3)\" icon_color=\"#023047&#8243; use_icon_font_size=\"on\" icon_font_size=\"24px\" _builder_version=\"4.27.4&#8243; _module_preset=\"default\" toggle_font_size=\"24px\" toggle_line_height=\"1.8em\" body_text_color=\"#023047&#8243; body_font_size=\"18px\" background_enable_color=\"off\" custom_padding=\"40px|20px|40px|20px|true|true\" border_radii=\"on|50px|50px|50px|50px\" border_width_all=\"0px\" global_colors_info=\"{}\"][et_pb_accordion_item title=\"Kristen velkomst for pilegrimer p\u00e5 Caminoen, Sahag\u00fan, Spania\" _builder_version=\"4.27.4&#8243; _module_preset=\"default\" global_colors_info=\"{}\" open=\"on\"]<\/p>\n<p><span style=\"font-weight: 400;\">Siden 2018 har vi tatt imot pilegrimer i v\u00e5rt herberge (albergue) p\u00e5 Caminoen, i benediktinerklosteret Santa Cruz (Det hellige kors) i Sahag\u00fan. Vi tilbyr en \u00e5ndelig velkomst og ledsagelse til pilegrimer.   <\/span><\/p>\n<p><span style=\"font-weight: 400;\">Vi har \u00e5pent fra midten av mars til midten av november. Vi tar imot tusenvis av pilegrimer hvert \u00e5r. S\u00e5 hvis du f\u00f8ler deg kallet til \u00e5 ta imot og lytte til pilegrimer, ikke n\u00f8l med \u00e5 ta kontakt med teamet. Du vil bli involvert fra f\u00f8rste stund i forberedelsene til velkomsten (rengj\u00f8ring, organisering, klargj\u00f8ring av materielle og \u00e5ndelige ressurser), i registreringen og innkvarteringen av pilegrimene, i \u00e5 lytte til dem og tjene dem med Guds kj\u00e6rlighet, og i \u00e5 pr\u00f8ve \u00e5 se Kristus selv i hver pilegrim som trenger et husly.     <\/span><\/p>\n<p><span style=\"font-weight: 400;\">Vi tar imot frivillige for en periode p\u00e5 to uker eller flere m\u00e5neder, fra mars til november, s\u00e5 hvis du tror du kunne tenke deg \u00e5 tjene pilegrimene, ikke n\u00f8l med \u00e5 ta kontakt med oss:<\/span><\/p>\n<p> <strong> e-post <\/strong><a href=\"mailto:alberguesantacruzsahagun@gmail.com\"><span style=\"font-weight: 400;\">alberguesantacruzsahagun@gmail.com<\/span><\/a><span style=\"font-weight: 400;\"> <\/span><\/p>\n<p><span style=\"font-weight: 400;\"><strong>telefon<\/strong> (+34) 650 696 023 Internett: <\/span><a href=\"http:\/\/www.alberguesensahagun.es\"><span style=\"font-weight: 400;\">www.alberguesensahagun.es<\/span><\/a><span style=\"font-weight: 400;\">  <\/span><\/p>\n<p><span style=\"font-weight: 400;\"><strong>Facebook<\/strong>: Albergue Santa Cruz<\/span><\/p>\n<p><span style=\"font-weight: 400;\"><strong>Instagram<\/strong>: albergue_santacruz<\/span><\/p>\n<p>[\/et_pb_accordion_item][et_pb_accordion_item title=\"Notre Dame de France, London, Storbritannia\" _builder_version=\"4.27.4&#8243; _module_preset=\"default\" global_colors_info=\"{}\" open=\"off\"]<\/p>\n<p><span style=\"font-weight: 400;\">Unge mennesker inviteres til \u00e5 bli en del av v\u00e5rt maristfellesskap i sentrum av London og v\u00e5rt franskspr\u00e5klige presteskap. Ta del i maristfellesskapets liv gjennom b\u00f8nn og tjeneste i menigheten, for eksempel Sandwich-tjenesten for hjeml\u00f8se eller Notre Dame flyktningesenter. <\/span><\/p>\n<p><strong>Flere detaljer <\/strong><span style=\"font-weight: 400;\"><a href=\"http:\/\/www.ndfchurch.org\">www.ndfchurch.org<\/a><a href=\"http:\/\/www.ndfchurch.org\"><\/a><\/span><\/p>\n<p><strong>Kontakt <\/strong><a href=\"mailto:pascal.boidin@ndfchurch.org\"><span style=\"font-weight: 400;\">pascal.boidin@ndfchurch.org<\/span><\/a><span style=\"font-weight: 400;\"> <\/span><\/p>\n<p>[\/et_pb_accordion_item][et_pb_accordion_item title=\"Ranong, Thailand\" _builder_version=\"4.27.4&#8243; _module_preset=\"default\" global_colors_info=\"{}\" open=\"off\"]<\/p>\n<p><span style=\"font-weight: 400;\">Vi s\u00f8ker entusiastiske frivillige som vil bli med i teamet v\u00e5rt og bidra positivt i arbeidet med barn fra Myanmar. Som frivillig vil du f\u00e5 muligheten til \u00e5 f\u00e5 verdifull erfaring, m\u00f8te nye mennesker og bidra til Maristenes misjon. Tjenestene inkluderer engelskundervisning, bes\u00f8k til syke og hjemmeboende.  <\/span><\/p>\n<p><span style=\"font-weight: 400;\"><strong>Flere detaljer<\/strong> <\/span><a href=\"http:\/\/www.maristasiafoundation.org\/volunteers\"><span style=\"font-weight: 400;\">www.maristasiafoundation.org\/volunteers<\/span><\/a><\/p>\n<p>[\/et_pb_accordion_item][et_pb_accordion_item title=\"Kamerun, Senegal og Burundi\" _builder_version=\"4.27.4&#8243; _module_preset=\"default\" global_colors_info=\"{}\" open=\"off\"]<\/p>\n<p><span style=\"font-weight: 400;\">Maristenes misjon i Afrika omfatter opps\u00f8kende arbeid blant gatebarn, uformelle og formelle utdanningsprosjekter, \u00f8kologiske tiltak og pastoral tjeneste. Vi \u00f8nsker frivillige velkommen til \u00e5 bist\u00e5 de profesjonelle medarbeiderne i disse prosjektene. <\/span><\/p>\n<p><strong>Kontakt <\/strong><a href=\"mailto:info@maristeurope.eu\"><span style=\"font-weight: 400;\">info@maristeurope.eu<\/span><\/a><\/p>\n<p>[\/et_pb_accordion_item][et_pb_accordion_item title=\"Marist School Outreach Programme, Atlanta, USA  \" open=\"off\" _builder_version=\"4.27.4&#8243; _module_preset=\"default\" global_colors_info=\"{}\"]<\/p>\n<p><span style=\"font-weight: 400;\">Opps\u00f8kende virksomhet i lokalsamfunnet er en viktig del av Marist-\u00e5nden, spesielt for de som er marginaliserte og underbetjente. Muligheter for tjeneste i samarbeid med Campus Ministry Department, som inkluderer veiledning av studenter og deltakelse i utadrettede prosjekter fra skolen. <\/span><\/p>\n<p><strong>Flere detaljer <\/strong><a href=\"http:\/\/www.marist.com\"><span style=\"font-weight: 400;\">www.marist.com<\/span><\/a><span style=\"font-weight: 400;\"> <\/span><\/p>\n<p><strong>Kontakt <\/strong><a href=\"mailto:europrovsm.education@gmail.com\"><span style=\"font-weight: 400;\">europrovsm.education@gmail.com<\/span><\/a><\/p>\n<p>[\/et_pb_accordion_item][\/et_pb_accordion][\/et_pb_column][\/et_pb_row][\/et_pb_section]<\/p>\n","protected":false},"excerpt":{"rendered":"<p>FRIVILLIG ARBEIDBli med oss som frivilligMaristenes misjonsvirksomhet fortsetter over hele verden. Hvorfor ikke bruke dine talenter og ferdigheter til fordel for mennesker som f\u00e5r hjelp gjennom Marias arbeid i dag? Vurder \u00e5 bli med oss som frivillig!For frivillig arbeid lokalt kan du kontakte Maristfellesskapet i ditt land. Vi har noen muligheter p\u00e5 mellomlang og lang [&hellip;]<\/p>\n","protected":false},"author":1,"featured_media":0,"parent":0,"menu_order":0,"comment_status":"closed","ping_status":"closed","template":"","meta":{"_et_pb_use_builder":"on","_et_pb_old_content":"","_et_gb_content_width":"","footnotes":""},"class_list":["post-3568","page","type-page","status-publish","hentry"],"yoast_head":"<!-- This site is optimized with the Yoast SEO plugin v27.4 - https:\/\/yoast.com\/product\/yoast-seo-wordpress\/ -->\n<title>FRIVILLIG ARBEID - Marist Europe<\/title>\n<meta name=\"robots\" content=\"index, follow, max-snippet:-1, max-image-preview:large, max-video-preview:-1\" \/>\n<link rel=\"canonical\" href=\"https:\/\/maristeurope.eu\/no\/frivillig-arbeid\/\" \/>\n<meta property=\"og:locale\" content=\"nb_NO\" \/>\n<meta property=\"og:type\" content=\"article\" \/>\n<meta property=\"og:title\" content=\"FRIVILLIG ARBEID - Marist Europe\" \/>\n<meta property=\"og:description\" content=\"FRIVILLIG ARBEIDBli med oss som frivilligMaristenes misjonsvirksomhet fortsetter over hele verden. Hvorfor ikke bruke dine talenter og ferdigheter til fordel for mennesker som f\u00e5r hjelp gjennom Marias arbeid i dag? Vurder \u00e5 bli med oss som frivillig!For frivillig arbeid lokalt kan du kontakte Maristfellesskapet i ditt land. Vi har noen muligheter p\u00e5 mellomlang og lang [&hellip;]\" \/>\n<meta property=\"og:url\" content=\"https:\/\/maristeurope.eu\/no\/frivillig-arbeid\/\" \/>\n<meta property=\"og:site_name\" content=\"Marist Europe\" \/>\n<meta property=\"article:modified_time\" content=\"2025-03-25T13:33:06+00:00\" \/>\n<meta name=\"twitter:card\" content=\"summary_large_image\" \/>\n<meta name=\"twitter:label1\" content=\"Ansl. lesetid\" \/>\n\t<meta name=\"twitter:data1\" content=\"7 minutter\" \/>\n<script type=\"application\/ld+json\" class=\"yoast-schema-graph\">{\"@context\":\"https:\\\/\\\/schema.org\",\"@graph\":[{\"@type\":\"WebPage\",\"@id\":\"https:\\\/\\\/maristeurope.eu\\\/no\\\/frivillig-arbeid\\\/\",\"url\":\"https:\\\/\\\/maristeurope.eu\\\/no\\\/frivillig-arbeid\\\/\",\"name\":\"FRIVILLIG ARBEID - Marist Europe\",\"isPartOf\":{\"@id\":\"https:\\\/\\\/maristeurope.eu\\\/no\\\/#website\"},\"datePublished\":\"2024-12-19T13:30:51+00:00\",\"dateModified\":\"2025-03-25T13:33:06+00:00\",\"breadcrumb\":{\"@id\":\"https:\\\/\\\/maristeurope.eu\\\/no\\\/frivillig-arbeid\\\/#breadcrumb\"},\"inLanguage\":\"nb-NO\",\"potentialAction\":[{\"@type\":\"ReadAction\",\"target\":[\"https:\\\/\\\/maristeurope.eu\\\/no\\\/frivillig-arbeid\\\/\"]}]},{\"@type\":\"BreadcrumbList\",\"@id\":\"https:\\\/\\\/maristeurope.eu\\\/no\\\/frivillig-arbeid\\\/#breadcrumb\",\"itemListElement\":[{\"@type\":\"ListItem\",\"position\":1,\"name\":\"Home\",\"item\":\"https:\\\/\\\/maristeurope.eu\\\/no\\\/marister\\\/\"},{\"@type\":\"ListItem\",\"position\":2,\"name\":\"FRIVILLIG ARBEID\"}]},{\"@type\":\"WebSite\",\"@id\":\"https:\\\/\\\/maristeurope.eu\\\/no\\\/#website\",\"url\":\"https:\\\/\\\/maristeurope.eu\\\/no\\\/\",\"name\":\"Marist Europe\",\"description\":\"\",\"publisher\":{\"@id\":\"https:\\\/\\\/maristeurope.eu\\\/no\\\/#organization\"},\"potentialAction\":[{\"@type\":\"SearchAction\",\"target\":{\"@type\":\"EntryPoint\",\"urlTemplate\":\"https:\\\/\\\/maristeurope.eu\\\/no\\\/?s={search_term_string}\"},\"query-input\":{\"@type\":\"PropertyValueSpecification\",\"valueRequired\":true,\"valueName\":\"search_term_string\"}}],\"inLanguage\":\"nb-NO\"},{\"@type\":\"Organization\",\"@id\":\"https:\\\/\\\/maristeurope.eu\\\/no\\\/#organization\",\"name\":\"Marist Europe\",\"url\":\"https:\\\/\\\/maristeurope.eu\\\/no\\\/\",\"logo\":{\"@type\":\"ImageObject\",\"inLanguage\":\"nb-NO\",\"@id\":\"https:\\\/\\\/maristeurope.eu\\\/no\\\/#\\\/schema\\\/logo\\\/image\\\/\",\"url\":\"https:\\\/\\\/maristeurope.eu\\\/wp-content\\\/uploads\\\/2024\\\/10\\\/EU-SM-Finalogo-02.png\",\"contentUrl\":\"https:\\\/\\\/maristeurope.eu\\\/wp-content\\\/uploads\\\/2024\\\/10\\\/EU-SM-Finalogo-02.png\",\"width\":150,\"height\":156,\"caption\":\"Marist Europe\"},\"image\":{\"@id\":\"https:\\\/\\\/maristeurope.eu\\\/no\\\/#\\\/schema\\\/logo\\\/image\\\/\"}}]}<\/script>\n<!-- \/ Yoast SEO plugin. -->","yoast_head_json":{"title":"FRIVILLIG ARBEID - Marist Europe","robots":{"index":"index","follow":"follow","max-snippet":"max-snippet:-1","max-image-preview":"max-image-preview:large","max-video-preview":"max-video-preview:-1"},"canonical":"https:\/\/maristeurope.eu\/no\/frivillig-arbeid\/","og_locale":"nb_NO","og_type":"article","og_title":"FRIVILLIG ARBEID - Marist Europe","og_description":"FRIVILLIG ARBEIDBli med oss som frivilligMaristenes misjonsvirksomhet fortsetter over hele verden. Hvorfor ikke bruke dine talenter og ferdigheter til fordel for mennesker som f\u00e5r hjelp gjennom Marias arbeid i dag? Vurder \u00e5 bli med oss som frivillig!For frivillig arbeid lokalt kan du kontakte Maristfellesskapet i ditt land. Vi har noen muligheter p\u00e5 mellomlang og lang [&hellip;]","og_url":"https:\/\/maristeurope.eu\/no\/frivillig-arbeid\/","og_site_name":"Marist Europe","article_modified_time":"2025-03-25T13:33:06+00:00","twitter_card":"summary_large_image","twitter_misc":{"Ansl. lesetid":"7 minutter"},"schema":{"@context":"https:\/\/schema.org","@graph":[{"@type":"WebPage","@id":"https:\/\/maristeurope.eu\/no\/frivillig-arbeid\/","url":"https:\/\/maristeurope.eu\/no\/frivillig-arbeid\/","name":"FRIVILLIG ARBEID - Marist Europe","isPartOf":{"@id":"https:\/\/maristeurope.eu\/no\/#website"},"datePublished":"2024-12-19T13:30:51+00:00","dateModified":"2025-03-25T13:33:06+00:00","breadcrumb":{"@id":"https:\/\/maristeurope.eu\/no\/frivillig-arbeid\/#breadcrumb"},"inLanguage":"nb-NO","potentialAction":[{"@type":"ReadAction","target":["https:\/\/maristeurope.eu\/no\/frivillig-arbeid\/"]}]},{"@type":"BreadcrumbList","@id":"https:\/\/maristeurope.eu\/no\/frivillig-arbeid\/#breadcrumb","itemListElement":[{"@type":"ListItem","position":1,"name":"Home","item":"https:\/\/maristeurope.eu\/no\/marister\/"},{"@type":"ListItem","position":2,"name":"FRIVILLIG ARBEID"}]},{"@type":"WebSite","@id":"https:\/\/maristeurope.eu\/no\/#website","url":"https:\/\/maristeurope.eu\/no\/","name":"Marist Europe","description":"","publisher":{"@id":"https:\/\/maristeurope.eu\/no\/#organization"},"potentialAction":[{"@type":"SearchAction","target":{"@type":"EntryPoint","urlTemplate":"https:\/\/maristeurope.eu\/no\/?s={search_term_string}"},"query-input":{"@type":"PropertyValueSpecification","valueRequired":true,"valueName":"search_term_string"}}],"inLanguage":"nb-NO"},{"@type":"Organization","@id":"https:\/\/maristeurope.eu\/no\/#organization","name":"Marist Europe","url":"https:\/\/maristeurope.eu\/no\/","logo":{"@type":"ImageObject","inLanguage":"nb-NO","@id":"https:\/\/maristeurope.eu\/no\/#\/schema\/logo\/image\/","url":"https:\/\/maristeurope.eu\/wp-content\/uploads\/2024\/10\/EU-SM-Finalogo-02.png","contentUrl":"https:\/\/maristeurope.eu\/wp-content\/uploads\/2024\/10\/EU-SM-Finalogo-02.png","width":150,"height":156,"caption":"Marist Europe"},"image":{"@id":"https:\/\/maristeurope.eu\/no\/#\/schema\/logo\/image\/"}}]}},"_links":{"self":[{"href":"https:\/\/maristeurope.eu\/no\/wp-json\/wp\/v2\/pages\/3568","targetHints":{"allow":["GET"]}}],"collection":[{"href":"https:\/\/maristeurope.eu\/no\/wp-json\/wp\/v2\/pages"}],"about":[{"href":"https:\/\/maristeurope.eu\/no\/wp-json\/wp\/v2\/types\/page"}],"author":[{"embeddable":true,"href":"https:\/\/maristeurope.eu\/no\/wp-json\/wp\/v2\/users\/1"}],"replies":[{"embeddable":true,"href":"https:\/\/maristeurope.eu\/no\/wp-json\/wp\/v2\/comments?post=3568"}],"version-history":[{"count":3,"href":"https:\/\/maristeurope.eu\/no\/wp-json\/wp\/v2\/pages\/3568\/revisions"}],"predecessor-version":[{"id":6719,"href":"https:\/\/maristeurope.eu\/no\/wp-json\/wp\/v2\/pages\/3568\/revisions\/6719"}],"wp:attachment":[{"href":"https:\/\/maristeurope.eu\/no\/wp-json\/wp\/v2\/media?parent=3568"}],"curies":[{"name":"wp","href":"https:\/\/api.w.org\/{rel}","templated":true}]}}