{"id":3566,"date":"2025-01-21T14:36:37","date_gmt":"2025-01-21T13:36:37","guid":{"rendered":"https:\/\/marist.sjdigitaldemo.ovh\/kontakt-side\/"},"modified":"2026-05-09T06:59:55","modified_gmt":"2026-05-09T04:59:55","slug":"kontakt-side","status":"publish","type":"page","link":"https:\/\/maristeurope.eu\/no\/kontakt-side\/","title":{"rendered":"Kontakt side"},"content":{"rendered":"<div class=\"et_pb_section_0 et_pb_section et_section_regular et_block_section section_has_divider et_pb_bottom_divider\"><div class=\"et_pb_row_0 et_pb_row et_pb_equal_columns et_block_row et_animated preset--module--divi-row--default\"><div class=\"et_pb_column_0 et_pb_column et_pb_column_4_4 et-last-child et_block_column et_pb_css_mix_blend_mode_passthrough\"><div class=\"et_pb_text_0 et_pb_text et_pb_bg_layout_light et_pb_module et_block_module\"><div class=\"et_pb_text_inner\"><h2>Kontakt oss<\/h2>\n<\/div><\/div><\/div><\/div><div class=\"et_pb_bottom_inside_divider et-no-transition\"><\/div><\/div><div class=\"et_pb_section_1 et_pb_section et_section_regular et_block_section\"><div class=\"et_pb_row_1 et_pb_row et_pb_row_3-4_1-4 et_pb_equal_columns et_block_row et_block_row_3-4_1-4 preset--module--divi-row--default\"><div class=\"et_pb_column_1 et_pb_column et_pb_column_3_4 et_block_column et_pb_css_mix_blend_mode_passthrough et_animated\"><div class=\"et_pb_text_1 et_pb_text et_pb_bg_layout_light et_pb_module et_block_module\"><div class=\"et_pb_text_inner\"><h2><span style=\"font-weight: 400;\">Hvis du har sp\u00f8rsm\u00e5l, b\u00f8nne\u00f8nsker eller \u00f8nsker \u00e5 motta regelmessige oppdateringer fra den europeiske provinsen, kan du sende inn skjemaet nedenfor.  <\/span><span style=\"font-weight: 400;\"> <\/span><\/h2>\n<\/div><\/div><div class=\"et_pb_contact_form_0 et_pb_contact_form_container clearfix et_pb_module et_flex_module\" data-form_unique_num=\"0\" data-form_unique_id=\"23cd7467-fc1f-466c-93c3-ef1e7fadad90\" id=\"et_pb_contact_form_23cd7467-fc1f-466c-93c3-ef1e7fadad90\"><div class=\"et-pb-contact-message\"><\/div><div class=\"et_pb_contact\"><form class=\"et_pb_contact_form et_flex_module\" method=\"post\" action=\"https:\/\/maristeurope.eu\/no\/wp-json\/wp\/v2\/pages\/3566\"><div class=\"et_pb_contact_field_0 et_pb_contact_field et_pb_module et_flex_module et_flex_column_12_24 et_flex_column_12_24_tablet et_flex_column_12_24_phone\" data-id=\"name\" data-type=\"input\"><label class=\"et_pb_contact_form_label\" for=\"et_pb_contact_0_name_0\">Navn<\/label><input type=\"text\" name=\"et_pb_contact_0_name_0\" id=\"et_pb_contact_0_name_0\" class=\"input\" data-required_mark=\"required\" data-field_type=\"input\" data-original_id=\"name\" placeholder=\"Navn\" title=\"\" value=\"\" \/><\/div><div class=\"et_pb_contact_field_1 et_pb_contact_field et_pb_module et_flex_module et_flex_column_12_24 et_flex_column_12_24_tablet et_flex_column_12_24_phone\" data-id=\"country\/language\" data-type=\"input\"><label class=\"et_pb_contact_form_label\" for=\"et_pb_contact_0_country\/language_1\">Land\/spr\u00e5k<\/label><input type=\"text\" name=\"et_pb_contact_0_country\/language_1\" id=\"et_pb_contact_0_country\/language_1\" class=\"input\" data-required_mark=\"required\" data-field_type=\"input\" data-original_id=\"country\/language\" placeholder=\"Land\/spr\u00e5k\" title=\"\" value=\"\" \/><\/div><div class=\"et_pb_contact_field_2 et_pb_contact_field et_pb_module et_flex_module et_flex_column_24_24 et_flex_column_24_24_tablet et_flex_column_24_24_phone\" data-id=\"email\" data-type=\"email\"><label class=\"et_pb_contact_form_label\" for=\"et_pb_contact_0_email_2\">e-post<\/label><input type=\"text\" name=\"et_pb_contact_0_email_2\" id=\"et_pb_contact_0_email_2\" class=\"input\" data-required_mark=\"required\" data-field_type=\"email\" data-original_id=\"email\" placeholder=\"e-post\" title=\"\" value=\"\" \/><\/div><div class=\"et_pb_contact_field_3 et_pb_contact_field et_pb_module et_flex_module et_flex_column_24_24 et_flex_column_24_24_tablet et_flex_column_24_24_phone\" data-id=\"message\" data-type=\"text\"><label class=\"et_pb_contact_form_label\" for=\"et_pb_contact_0_message_3\">Budskap \/ b\u00f8nnens intensjon<\/label><textarea name=\"et_pb_contact_0_message_3\" id=\"et_pb_contact_0_message_3\" class=\"et_pb_contact_message input\" data-required_mark=\"required\" data-field_type=\"text\" data-original_id=\"message\" placeholder=\"Budskap \/ b\u00f8nnens intensjon\"><\/textarea><\/div><div class=\"et_pb_contact_field_4 et_pb_contact_field et_pb_module et_flex_module et_flex_column_24_24 et_flex_column_24_24_tablet et_flex_column_24_24_phone\" data-id=\"euroinfo\" data-type=\"checkbox\"><label class=\"et_pb_contact_form_label\"> <\/label><input type=\"hidden\" name=\"et_pb_contact_0_euroinfo_4\" class=\"et_pb_checkbox_handle\" data-required_mark=\"not_required\" data-field_type=\"checkbox\" data-original_id=\"euroinfo\" \/><span class=\"et_pb_contact_field_options_wrapper et_pb_field_module_checkbox\"><span class=\"et_pb_contact_field_options_title\"> <\/span><span class=\"et_pb_contact_field_options_list\"><span class=\"et_pb_contact_field_checkbox\"><input type=\"checkbox\" id=\"et_pb_contact_0_euroinfo_4_0\" class=\"input\" value=\"Jeg \u00f8nsker \u00e5 motta det m\u00e5nedlige EuroInfo-nyhetsbrevet p\u00e5 e-post.\" data-required_mark=\"not_required\" data-field_type=\"checkbox\" data-original_id=\"euroinfo\" \/><label for=\"et_pb_contact_0_euroinfo_4_0\"><i><\/i>Jeg \u00f8nsker \u00e5 motta det m\u00e5nedlige EuroInfo-nyhetsbrevet p\u00e5 e-post.<\/label><\/span><\/span><\/span><\/div><div class=\"et_pb_contact_field_5 et_pb_contact_field et_pb_module et_flex_module et_flex_column_24_24 et_flex_column_24_24_tablet et_flex_column_24_24_phone\" data-id=\"privacy\" data-type=\"checkbox\"><label class=\"et_pb_contact_form_label\"> <\/label><input type=\"hidden\" name=\"et_pb_contact_0_privacy_5\" class=\"et_pb_checkbox_handle\" data-required_mark=\"not_required\" data-field_type=\"checkbox\" data-original_id=\"privacy\" \/><span class=\"et_pb_contact_field_options_wrapper et_pb_field_module_checkbox\"><span class=\"et_pb_contact_field_options_title\"> <\/span><span class=\"et_pb_contact_field_options_list\"><span class=\"et_pb_contact_field_checkbox\"><input type=\"checkbox\" id=\"et_pb_contact_0_privacy_5_0\" class=\"input\" value=\"Jeg samtykker til \u00e5 dele kontaktinformasjonen min med den europeiske provinsen og  \" data-required_mark=\"not_required\" data-field_type=\"checkbox\" data-original_id=\"privacy\" \/><label for=\"et_pb_contact_0_privacy_5_0\"><i><\/i>Jeg samtykker til \u00e5 dele kontaktinformasjonen min med den europeiske provinsen og   <a target=\"_blank\" href=\"https:\/\/maristeurope.eu\/privacy-policy\">personvernerkl\u00e6ring<\/a><\/label><\/span><\/span><\/span><\/div><input type=\"hidden\" name=\"et_pb_contactform_submit_23cd7467-fc1f-466c-93c3-ef1e7fadad90\" value=\"et_contact_proccess\" \/><div class=\"et_contact_bottom_container\"><div class=\"et_pb_contact_right et_pb_contact_field\"><p class=\"clearfix\"><label><span class=\"et_pb_contact_captcha_question\">12 + 11<\/span> = <input type=\"text\" size=\"2\" class=\"input et_pb_contact_captcha\" data-first_digit=\"12\" data-second_digit=\"11\" data-required_mark=\"required\" name=\"et_pb_contact_captcha_23cd7467-fc1f-466c-93c3-ef1e7fadad90\" autocomplete=\"off\" \/><\/label><\/p><\/div><div class=\"et_pb_button_wrapper\"><button type=\"submit\" name=\"et_builder_submit_button\" class=\"et_pb_button et_pb_contact_submit\">Send inn<\/button><\/div><\/div><input type=\"hidden\" id=\"_wpnonce-et-pb-contact-form-submitted-23cd7467-fc1f-466c-93c3-ef1e7fadad90\" name=\"_wpnonce-et-pb-contact-form-submitted-23cd7467-fc1f-466c-93c3-ef1e7fadad90\" value=\"0e037ec5a6\" \/><input type=\"hidden\" name=\"_wp_http_referer\" value=\"\/no\/wp-json\/wp\/v2\/pages\/3566\" \/><\/form><\/div><\/div><\/div><div class=\"et_pb_column_2 et_pb_column et_pb_column_1_4 et-last-child et_block_column et_pb_column_empty et_pb_css_mix_blend_mode_passthrough et_animated\"><\/div><\/div><\/div><div class=\"et_pb_section_2 et_pb_section et_section_regular et_block_section section_has_divider et_pb_top_divider\"><div class=\"et_pb_top_inside_divider et-no-transition\"><\/div><span class=\"et_pb_background_pattern\"><\/span><\/div>","protected":false},"excerpt":{"rendered":"","protected":false},"author":1,"featured_media":0,"parent":0,"menu_order":0,"comment_status":"closed","ping_status":"closed","template":"","meta":{"footnotes":""},"class_list":["post-3566","page","type-page","status-publish","hentry"],"yoast_head":"<!-- This site is optimized with the Yoast SEO plugin v27.5 - https:\/\/yoast.com\/product\/yoast-seo-wordpress\/ -->\n<title>Kontakt side - Marist Europe<\/title>\n<meta name=\"robots\" content=\"index, follow, max-snippet:-1, max-image-preview:large, max-video-preview:-1\" \/>\n<link rel=\"canonical\" href=\"https:\/\/maristeurope.eu\/no\/kontakt-side\/\" \/>\n<meta property=\"og:locale\" content=\"nb_NO\" \/>\n<meta property=\"og:type\" content=\"article\" \/>\n<meta property=\"og:title\" content=\"Kontakt side - Marist Europe\" \/>\n<meta property=\"og:url\" content=\"https:\/\/maristeurope.eu\/no\/kontakt-side\/\" \/>\n<meta property=\"og:site_name\" content=\"Marist Europe\" \/>\n<meta property=\"article:modified_time\" content=\"2026-05-09T04:59:55+00:00\" \/>\n<meta name=\"twitter:card\" content=\"summary_large_image\" \/>\n<script type=\"application\/ld+json\" class=\"yoast-schema-graph\">{\"@context\":\"https:\\\/\\\/schema.org\",\"@graph\":[{\"@type\":\"WebPage\",\"@id\":\"https:\\\/\\\/maristeurope.eu\\\/no\\\/kontakt-side\\\/\",\"url\":\"https:\\\/\\\/maristeurope.eu\\\/no\\\/kontakt-side\\\/\",\"name\":\"Kontakt side - Marist Europe\",\"isPartOf\":{\"@id\":\"https:\\\/\\\/maristeurope.eu\\\/no\\\/#website\"},\"datePublished\":\"2025-01-21T13:36:37+00:00\",\"dateModified\":\"2026-05-09T04:59:55+00:00\",\"breadcrumb\":{\"@id\":\"https:\\\/\\\/maristeurope.eu\\\/no\\\/kontakt-side\\\/#breadcrumb\"},\"inLanguage\":\"nb-NO\",\"potentialAction\":[{\"@type\":\"ReadAction\",\"target\":[\"https:\\\/\\\/maristeurope.eu\\\/no\\\/kontakt-side\\\/\"]}]},{\"@type\":\"BreadcrumbList\",\"@id\":\"https:\\\/\\\/maristeurope.eu\\\/no\\\/kontakt-side\\\/#breadcrumb\",\"itemListElement\":[{\"@type\":\"ListItem\",\"position\":1,\"name\":\"Home\",\"item\":\"https:\\\/\\\/maristeurope.eu\\\/no\\\/\"},{\"@type\":\"ListItem\",\"position\":2,\"name\":\"Kontakt side\"}]},{\"@type\":\"WebSite\",\"@id\":\"https:\\\/\\\/maristeurope.eu\\\/no\\\/#website\",\"url\":\"https:\\\/\\\/maristeurope.eu\\\/no\\\/\",\"name\":\"Marist Europe\",\"description\":\"\",\"publisher\":{\"@id\":\"https:\\\/\\\/maristeurope.eu\\\/no\\\/#organization\"},\"potentialAction\":[{\"@type\":\"SearchAction\",\"target\":{\"@type\":\"EntryPoint\",\"urlTemplate\":\"https:\\\/\\\/maristeurope.eu\\\/no\\\/?s={search_term_string}\"},\"query-input\":{\"@type\":\"PropertyValueSpecification\",\"valueRequired\":true,\"valueName\":\"search_term_string\"}}],\"inLanguage\":\"nb-NO\"},{\"@type\":\"Organization\",\"@id\":\"https:\\\/\\\/maristeurope.eu\\\/no\\\/#organization\",\"name\":\"Marist Europe\",\"url\":\"https:\\\/\\\/maristeurope.eu\\\/no\\\/\",\"logo\":{\"@type\":\"ImageObject\",\"inLanguage\":\"nb-NO\",\"@id\":\"https:\\\/\\\/maristeurope.eu\\\/no\\\/#\\\/schema\\\/logo\\\/image\\\/\",\"url\":\"https:\\\/\\\/maristeurope.eu\\\/wp-content\\\/uploads\\\/2024\\\/10\\\/EU-SM-Finalogo-02.png\",\"contentUrl\":\"https:\\\/\\\/maristeurope.eu\\\/wp-content\\\/uploads\\\/2024\\\/10\\\/EU-SM-Finalogo-02.png\",\"width\":150,\"height\":156,\"caption\":\"Marist Europe\"},\"image\":{\"@id\":\"https:\\\/\\\/maristeurope.eu\\\/no\\\/#\\\/schema\\\/logo\\\/image\\\/\"}}]}<\/script>\n<!-- \/ Yoast SEO plugin. -->","yoast_head_json":{"title":"Kontakt side - Marist Europe","robots":{"index":"index","follow":"follow","max-snippet":"max-snippet:-1","max-image-preview":"max-image-preview:large","max-video-preview":"max-video-preview:-1"},"canonical":"https:\/\/maristeurope.eu\/no\/kontakt-side\/","og_locale":"nb_NO","og_type":"article","og_title":"Kontakt side - Marist Europe","og_url":"https:\/\/maristeurope.eu\/no\/kontakt-side\/","og_site_name":"Marist Europe","article_modified_time":"2026-05-09T04:59:55+00:00","twitter_card":"summary_large_image","schema":{"@context":"https:\/\/schema.org","@graph":[{"@type":"WebPage","@id":"https:\/\/maristeurope.eu\/no\/kontakt-side\/","url":"https:\/\/maristeurope.eu\/no\/kontakt-side\/","name":"Kontakt side - Marist Europe","isPartOf":{"@id":"https:\/\/maristeurope.eu\/no\/#website"},"datePublished":"2025-01-21T13:36:37+00:00","dateModified":"2026-05-09T04:59:55+00:00","breadcrumb":{"@id":"https:\/\/maristeurope.eu\/no\/kontakt-side\/#breadcrumb"},"inLanguage":"nb-NO","potentialAction":[{"@type":"ReadAction","target":["https:\/\/maristeurope.eu\/no\/kontakt-side\/"]}]},{"@type":"BreadcrumbList","@id":"https:\/\/maristeurope.eu\/no\/kontakt-side\/#breadcrumb","itemListElement":[{"@type":"ListItem","position":1,"name":"Home","item":"https:\/\/maristeurope.eu\/no\/"},{"@type":"ListItem","position":2,"name":"Kontakt side"}]},{"@type":"WebSite","@id":"https:\/\/maristeurope.eu\/no\/#website","url":"https:\/\/maristeurope.eu\/no\/","name":"Marist Europe","description":"","publisher":{"@id":"https:\/\/maristeurope.eu\/no\/#organization"},"potentialAction":[{"@type":"SearchAction","target":{"@type":"EntryPoint","urlTemplate":"https:\/\/maristeurope.eu\/no\/?s={search_term_string}"},"query-input":{"@type":"PropertyValueSpecification","valueRequired":true,"valueName":"search_term_string"}}],"inLanguage":"nb-NO"},{"@type":"Organization","@id":"https:\/\/maristeurope.eu\/no\/#organization","name":"Marist Europe","url":"https:\/\/maristeurope.eu\/no\/","logo":{"@type":"ImageObject","inLanguage":"nb-NO","@id":"https:\/\/maristeurope.eu\/no\/#\/schema\/logo\/image\/","url":"https:\/\/maristeurope.eu\/wp-content\/uploads\/2024\/10\/EU-SM-Finalogo-02.png","contentUrl":"https:\/\/maristeurope.eu\/wp-content\/uploads\/2024\/10\/EU-SM-Finalogo-02.png","width":150,"height":156,"caption":"Marist Europe"},"image":{"@id":"https:\/\/maristeurope.eu\/no\/#\/schema\/logo\/image\/"}}]}},"_links":{"self":[{"href":"https:\/\/maristeurope.eu\/no\/wp-json\/wp\/v2\/pages\/3566","targetHints":{"allow":["GET"]}}],"collection":[{"href":"https:\/\/maristeurope.eu\/no\/wp-json\/wp\/v2\/pages"}],"about":[{"href":"https:\/\/maristeurope.eu\/no\/wp-json\/wp\/v2\/types\/page"}],"author":[{"embeddable":true,"href":"https:\/\/maristeurope.eu\/no\/wp-json\/wp\/v2\/users\/1"}],"replies":[{"embeddable":true,"href":"https:\/\/maristeurope.eu\/no\/wp-json\/wp\/v2\/comments?post=3566"}],"version-history":[{"count":25,"href":"https:\/\/maristeurope.eu\/no\/wp-json\/wp\/v2\/pages\/3566\/revisions"}],"predecessor-version":[{"id":11087,"href":"https:\/\/maristeurope.eu\/no\/wp-json\/wp\/v2\/pages\/3566\/revisions\/11087"}],"wp:attachment":[{"href":"https:\/\/maristeurope.eu\/no\/wp-json\/wp\/v2\/media?parent=3566"}],"curies":[{"name":"wp","href":"https:\/\/api.w.org\/{rel}","templated":true}]}}