{"id":3559,"date":"2024-12-19T14:53:15","date_gmt":"2024-12-19T13:53:15","guid":{"rendered":"https:\/\/marist.sjdigitaldemo.ovh\/stot-oss\/"},"modified":"2025-03-25T14:36:55","modified_gmt":"2025-03-25T13:36:55","slug":"stot-oss","status":"publish","type":"page","link":"https:\/\/maristeurope.eu\/no\/stot-oss\/","title":{"rendered":"ST\u00d8T OSS"},"content":{"rendered":"<p>[et_pb_section fb_built=\"1&#8243; _builder_version=\"4.27.4&#8243; _module_preset=\"default\" use_background_color_gradient=\"on\" background_color_gradient_stops=\"rgba(2,48,71,0.2) 0%|rgba(2,48,71,0.4) 100%\" background_color_gradient_overlays_image=\"on\" background_image=\"https:\/\/maristeurope.eu\/wp-content\/uploads\/2024\/12\/support.jpg\" background_enable_video_mp4=\"off\" custom_padding=\"16vw||4vw||false|false\" bottom_divider_style=\"ramp2&#8243; bottom_divider_color=\"#FFFAF2&#8243; bottom_divider_flip=\"horizontal\" global_colors_info=\"{}\"][et_pb_row column_structure=\"2_3,1_3&#8243; make_equal=\"on\" _builder_version=\"4.27.4&#8243; _module_preset=\"default\" background_enable_color=\"off\" custom_padding=\"0px|40px|0px|40px|true|true\" animation_style=\"fade\" animation_duration=\"1500ms\" animation_delay=\"200ms\" global_colors_info=\"{}\"][et_pb_column type=\"2_3&#8243; _builder_version=\"4.27.4&#8243; _module_preset=\"default\" custom_css_main_element=\"margin: auto;\" global_colors_info=\"{}\"][et_pb_text _builder_version=\"4.27.4&#8243; _module_preset=\"default\" header_font=\"|600||on|||||\" header_text_color=\"#FFFFFF\" header_font_size=\"4rem\" header_letter_spacing=\"4px\" header_2_text_color=\"#219EBC\" header_2_font_size=\"3.5rem\" custom_margin=\"20px||20px||true|false\" global_colors_info=\"{}\"]<\/p>\n<h1><strong>ST\u00d8T OSS<\/strong><\/h1>\n<p>[\/et_pb_text][\/et_pb_column][et_pb_column type=\"1_3&#8243; _builder_version=\"4.27.2&#8243; _module_preset=\"default\" global_colors_info=\"{}\"][\/et_pb_column][\/et_pb_row][\/et_pb_section][et_pb_section fb_built=\"1&#8243; _builder_version=\"4.27.4&#8243; _module_preset=\"default\" background_color=\"#FFFAF2&#8243; background_enable_image=\"off\" background_size=\"custom\" background_image_width=\"200px\" background_position=\"top_left\" background_horizontal_offset=\"9%\" background_vertical_offset=\"10%\" background_enable_pattern_style=\"on\" background_pattern_style=\"confetti\" background_pattern_color=\"rgba(0,0,0,0.04)\" global_colors_info=\"{}\"][et_pb_row column_structure=\"3_5,2_5&#8243; make_equal=\"on\" _builder_version=\"4.27.4&#8243; _module_preset=\"default\" global_colors_info=\"{}\"][et_pb_column type=\"3_5&#8243; _builder_version=\"4.27.4&#8243; _module_preset=\"default\" animation_style=\"fade\" animation_duration=\"1500ms\" animation_delay=\"100ms\" custom_css_main_element=\"margin: auto;\" global_colors_info=\"{}\"][et_pb_text _builder_version=\"4.27.4&#8243; _module_preset=\"default\" text_text_color=\"#023047&#8243; text_font_size=\"18px\" header_2_text_color=\"#023047&#8243; header_2_font_size=\"32px\" global_colors_info=\"{}\"]<\/p>\n<h2>Vi vil gjerne invitere deg til \u00e5 vurdere \u00e5 st\u00f8tte Marias arbeid i provinsen Europa<\/h2>\n<p>&nbsp;<\/p>\n<p>V\u00e5re velgj\u00f8rere er avgj\u00f8rende for at vi skal kunne fortsette \u00e5 tjene behovene i v\u00e5r tid, spesielt blant mennesker som er vanskeligstilte.<\/p>\n<p><strong>Vi takker p\u00e5 forh\u00e5nd for din st\u00f8tte!<\/strong><\/p>\n<p>[\/et_pb_text][\/et_pb_column][et_pb_column type=\"2_5&#8243; _builder_version=\"4.27.4&#8243; _module_preset=\"default\" custom_css_main_element=\"margin: auto;\" global_colors_info=\"{}\"][et_pb_image src=\"https:\/\/maristeurope.eu\/wp-content\/uploads\/2025\/03\/Tonio-in-class-Toulon-Camino-promotion.jpg\" title_text=\"Tonio i klasse Toulon Camino-opprykk\" _builder_version=\"4.27.4&#8243; _module_preset=\"default\" animation_style=\"slide\" animation_direction=\"right\" animation_duration=\"1500ms\" animation_delay=\"400ms\" hover_enabled=\"0&#8243; border_radii=\"on|50px|50px|50px|50px\" global_colors_info=\"{}\" sticky_enabled=\"0&#8243;][\/et_pb_image][\/et_pb_column][\/et_pb_row][\/et_pb_section][et_pb_section fb_built=\"1&#8243; _builder_version=\"4.27.4&#8243; _module_preset=\"default\" background_color=\"#FFFAF2&#8243; background_enable_image=\"off\" background_size=\"contain\" background_position=\"bottom_left\" background_enable_pattern_style=\"on\" background_pattern_style=\"confetti\" background_pattern_color=\"rgba(0,0,0,0.04)\" custom_padding=\"6vw||100px||false|false\" global_colors_info=\"{}\"][et_pb_row _builder_version=\"4.27.4&#8243; _module_preset=\"default\" global_colors_info=\"{}\"][et_pb_column type=\"4_4&#8243; _builder_version=\"4.27.4&#8243; _module_preset=\"default\" global_colors_info=\"{}\"][et_pb_text _builder_version=\"4.27.4&#8243; _module_preset=\"default\" text_text_color=\"#023047&#8243; text_font_size=\"18px\" header_2_text_color=\"#023047&#8243; header_2_font_size=\"32px\" global_colors_info=\"{}\"]<\/p>\n<h2>Hvis du \u00f8nsker \u00e5 st\u00f8tte oss ved \u00e5 gi \u00f8konomisk st\u00f8tte til prosjektene v\u00e5re, har du her noen muligheter:<\/h2>\n<p>[\/et_pb_text][et_pb_accordion open_toggle_text_color=\"#023047&#8243; open_toggle_background_color=\"#FFB703&#8243; closed_toggle_background_color=\"rgba(255,183,3,0.3)\" icon_color=\"#023047&#8243; use_icon_font_size=\"on\" icon_font_size=\"24px\" _builder_version=\"4.27.4&#8243; _module_preset=\"default\" toggle_font_size=\"24px\" toggle_line_height=\"1.8em\" body_text_color=\"#023047&#8243; body_font_size=\"18px\" background_enable_color=\"off\" custom_padding=\"40px|20px|40px|20px|true|true\" border_radii=\"on|50px|50px|50px|50px\" border_width_all=\"0px\" locked=\"off\" global_colors_info=\"{}\"][et_pb_accordion_item title=\"Notre Dame flyktningesenter, London\" _builder_version=\"4.27.4&#8243; _module_preset=\"default\" body_font_size=\"20px\" global_colors_info=\"{}\" open=\"on\"]<\/p>\n<p><strong>Flere detaljer<\/strong><\/p>\n<p><span style=\"color: #993366;\"><a href=\"https:\/\/www.notredamerc.org.uk\" target=\"_blank\" rel=\"noopener\" style=\"color: #993366;\">https:\/\/www.notredamerc.org.uk<\/a><\/span><br \/><span style=\"color: #993366;\"><a href=\"https:\/\/localgiving.org\/charity\/notre-dame-refugee-centre\" target=\"_blank\" rel=\"noopener\" style=\"color: #993366;\">https:\/\/localgiving.org\/charity\/notre-dame-refugee-centre<\/a><\/span><\/p>\n<p>[\/et_pb_accordion_item][et_pb_accordion_item title=\"La Neyliere, Frankrike\" _builder_version=\"4.27.4&#8243; _module_preset=\"default\" body_font_size=\"20px\" global_colors_info=\"{}\" open=\"off\"]<\/p>\n<p><strong>Flere detaljer<\/strong><\/p>\n<p><span style=\"color: #993366;\"><a href=\"https:\/\/www.neyliere.fr\" target=\"_blank\" rel=\"noopener\" style=\"color: #993366;\">https:\/\/www.neyliere.fr<\/a><\/span><\/p>\n<p>[\/et_pb_accordion_item][et_pb_accordion_item title=\"Maristenes kultur- og spiritualitetssenter, Toulon\" open=\"off\" _builder_version=\"4.27.4&#8243; _module_preset=\"default\" body_font_size=\"20px\" global_colors_info=\"{}\"]<\/p>\n<p><strong>Flere detaljer<\/strong><\/p>\n<p><span style=\"color: #993366;\"><a href=\"https:\/\/www.centremariste.fr%20\" target=\"_blank\" rel=\"noopener\" style=\"color: #993366;\">https:\/\/www.centremariste.fr<\/a><\/span><br \/><strong>Adressert per post til<\/strong> CCSM, 22 rue Clappier 83000 Toulon, Frankrike<\/p>\n<p>[\/et_pb_accordion_item][et_pb_accordion_item title=\"Internasjonal misjon Ranong Marist Asia Foundation:\" _builder_version=\"4.27.4&#8243; _module_preset=\"default\" body_font_size=\"20px\" global_colors_info=\"{}\" open=\"off\"]<\/p>\n<p><strong>Flere detaljer<\/strong><\/p>\n<p><span style=\"color: #993366;\"><a href=\"https:\/\/www.maristasiafoundation.org\/donate\" target=\"_blank\" rel=\"noopener\" style=\"color: #993366;\">https:\/\/www.maristasiafoundation.org\/donate<\/a><\/span><\/p>\n<p>[\/et_pb_accordion_item][et_pb_accordion_item title=\"Prosjekt for gatebarn p\u00e5 Filippinene\" _builder_version=\"4.27.4&#8243; _module_preset=\"default\" body_font_size=\"20px\" global_colors_info=\"{}\" open=\"off\"]<\/p>\n<p><strong>Flere detaljer<\/strong><\/p>\n<p><span style=\"color: #993366;\"><a href=\"https:\/\/maristmissions.com\/balay-pasilungan\" target=\"_blank\" rel=\"noopener\" style=\"color: #993366;\">https:\/\/maristmissions.com\/balay-pasilungan<\/a><\/span><\/p>\n<p>[\/et_pb_accordion_item][et_pb_accordion_item title=\"Utdanning av unge marister i Roma\" _builder_version=\"4.27.4&#8243; _module_preset=\"default\" body_font_size=\"20px\" global_colors_info=\"{}\" open=\"off\"]<\/p>\n<p><span style=\"font-weight: 400;\">Over<strong> femti unge menn<\/strong> fra Afrika, Amerika, Oseania og Australasia er<strong> under oppl\u00e6ring for \u00e5 forberede seg til maristmisjon<\/strong>.<\/span><\/p>\n<p><span style=\"font-weight: 400;\">Unge marister dannes i tre trinn:<\/span><\/p>\n<ul>\n<li><span style=\"font-weight: 400;\">f\u00f8r-novitiatet og filosofistudier i hjemlandet<\/span><\/li>\n<li><span style=\"font-weight: 400;\">novisiatet i Davao p\u00e5 Filippinene<\/span><\/li>\n<li><span style=\"font-weight: 400;\">og teologistudier i Roma eller p\u00e5 Fiji.<\/span><\/li>\n<\/ul>\n<p><span style=\"font-weight: 400;\"><strong>Kontakt<\/strong><\/span><i><span style=\"font-weight: 400;\">  <\/span><\/i><span style=\"color: #993366;\"><a href=\"mailto:gestion.fr@maristeurope.eu\" style=\"color: #993366;\"><span style=\"font-weight: 400;\">gestion.fr@maristeurope.eu<\/span><\/a><\/span><\/p>\n<p>[\/et_pb_accordion_item][\/et_pb_accordion][\/et_pb_column][\/et_pb_row][\/et_pb_section]<\/p>\n","protected":false},"excerpt":{"rendered":"<p>ST\u00d8T OSSVi vil gjerne invitere deg til \u00e5 vurdere \u00e5 st\u00f8tte Marias arbeid i provinsen Europa &nbsp; V\u00e5re velgj\u00f8rere er avgj\u00f8rende for at vi skal kunne fortsette \u00e5 tjene behovene i v\u00e5r tid, spesielt blant mennesker som er vanskeligstilte. Vi takker p\u00e5 forh\u00e5nd for din st\u00f8tte!Hvis du \u00f8nsker \u00e5 st\u00f8tte oss ved \u00e5 gi \u00f8konomisk [&hellip;]<\/p>\n","protected":false},"author":1,"featured_media":0,"parent":0,"menu_order":0,"comment_status":"closed","ping_status":"closed","template":"","meta":{"_et_pb_use_builder":"on","_et_pb_old_content":"","_et_gb_content_width":"","footnotes":""},"class_list":["post-3559","page","type-page","status-publish","hentry"],"yoast_head":"<!-- This site is optimized with the Yoast SEO plugin v27.4 - https:\/\/yoast.com\/product\/yoast-seo-wordpress\/ -->\n<title>ST\u00d8T OSS - Marist Europe<\/title>\n<meta name=\"robots\" content=\"index, follow, max-snippet:-1, max-image-preview:large, max-video-preview:-1\" \/>\n<link rel=\"canonical\" href=\"https:\/\/maristeurope.eu\/no\/stot-oss\/\" \/>\n<meta property=\"og:locale\" content=\"nb_NO\" \/>\n<meta property=\"og:type\" content=\"article\" \/>\n<meta property=\"og:title\" content=\"ST\u00d8T OSS - Marist Europe\" \/>\n<meta property=\"og:description\" content=\"ST\u00d8T OSSVi vil gjerne invitere deg til \u00e5 vurdere \u00e5 st\u00f8tte Marias arbeid i provinsen Europa &nbsp; V\u00e5re velgj\u00f8rere er avgj\u00f8rende for at vi skal kunne fortsette \u00e5 tjene behovene i v\u00e5r tid, spesielt blant mennesker som er vanskeligstilte. Vi takker p\u00e5 forh\u00e5nd for din st\u00f8tte!Hvis du \u00f8nsker \u00e5 st\u00f8tte oss ved \u00e5 gi \u00f8konomisk [&hellip;]\" \/>\n<meta property=\"og:url\" content=\"https:\/\/maristeurope.eu\/no\/stot-oss\/\" \/>\n<meta property=\"og:site_name\" content=\"Marist Europe\" \/>\n<meta property=\"article:modified_time\" content=\"2025-03-25T13:36:55+00:00\" \/>\n<meta name=\"twitter:card\" content=\"summary_large_image\" \/>\n<meta name=\"twitter:label1\" content=\"Ansl. lesetid\" \/>\n\t<meta name=\"twitter:data1\" content=\"5 minutter\" \/>\n<script type=\"application\/ld+json\" class=\"yoast-schema-graph\">{\"@context\":\"https:\\\/\\\/schema.org\",\"@graph\":[{\"@type\":\"WebPage\",\"@id\":\"https:\\\/\\\/maristeurope.eu\\\/no\\\/stot-oss\\\/\",\"url\":\"https:\\\/\\\/maristeurope.eu\\\/no\\\/stot-oss\\\/\",\"name\":\"ST\u00d8T OSS - Marist Europe\",\"isPartOf\":{\"@id\":\"https:\\\/\\\/maristeurope.eu\\\/no\\\/#website\"},\"datePublished\":\"2024-12-19T13:53:15+00:00\",\"dateModified\":\"2025-03-25T13:36:55+00:00\",\"breadcrumb\":{\"@id\":\"https:\\\/\\\/maristeurope.eu\\\/no\\\/stot-oss\\\/#breadcrumb\"},\"inLanguage\":\"nb-NO\",\"potentialAction\":[{\"@type\":\"ReadAction\",\"target\":[\"https:\\\/\\\/maristeurope.eu\\\/no\\\/stot-oss\\\/\"]}]},{\"@type\":\"BreadcrumbList\",\"@id\":\"https:\\\/\\\/maristeurope.eu\\\/no\\\/stot-oss\\\/#breadcrumb\",\"itemListElement\":[{\"@type\":\"ListItem\",\"position\":1,\"name\":\"Home\",\"item\":\"https:\\\/\\\/maristeurope.eu\\\/no\\\/marister\\\/\"},{\"@type\":\"ListItem\",\"position\":2,\"name\":\"ST\u00d8T OSS\"}]},{\"@type\":\"WebSite\",\"@id\":\"https:\\\/\\\/maristeurope.eu\\\/no\\\/#website\",\"url\":\"https:\\\/\\\/maristeurope.eu\\\/no\\\/\",\"name\":\"Marist Europe\",\"description\":\"\",\"publisher\":{\"@id\":\"https:\\\/\\\/maristeurope.eu\\\/no\\\/#organization\"},\"potentialAction\":[{\"@type\":\"SearchAction\",\"target\":{\"@type\":\"EntryPoint\",\"urlTemplate\":\"https:\\\/\\\/maristeurope.eu\\\/no\\\/?s={search_term_string}\"},\"query-input\":{\"@type\":\"PropertyValueSpecification\",\"valueRequired\":true,\"valueName\":\"search_term_string\"}}],\"inLanguage\":\"nb-NO\"},{\"@type\":\"Organization\",\"@id\":\"https:\\\/\\\/maristeurope.eu\\\/no\\\/#organization\",\"name\":\"Marist Europe\",\"url\":\"https:\\\/\\\/maristeurope.eu\\\/no\\\/\",\"logo\":{\"@type\":\"ImageObject\",\"inLanguage\":\"nb-NO\",\"@id\":\"https:\\\/\\\/maristeurope.eu\\\/no\\\/#\\\/schema\\\/logo\\\/image\\\/\",\"url\":\"https:\\\/\\\/maristeurope.eu\\\/wp-content\\\/uploads\\\/2024\\\/10\\\/EU-SM-Finalogo-02.png\",\"contentUrl\":\"https:\\\/\\\/maristeurope.eu\\\/wp-content\\\/uploads\\\/2024\\\/10\\\/EU-SM-Finalogo-02.png\",\"width\":150,\"height\":156,\"caption\":\"Marist Europe\"},\"image\":{\"@id\":\"https:\\\/\\\/maristeurope.eu\\\/no\\\/#\\\/schema\\\/logo\\\/image\\\/\"}}]}<\/script>\n<!-- \/ Yoast SEO plugin. -->","yoast_head_json":{"title":"ST\u00d8T OSS - Marist Europe","robots":{"index":"index","follow":"follow","max-snippet":"max-snippet:-1","max-image-preview":"max-image-preview:large","max-video-preview":"max-video-preview:-1"},"canonical":"https:\/\/maristeurope.eu\/no\/stot-oss\/","og_locale":"nb_NO","og_type":"article","og_title":"ST\u00d8T OSS - Marist Europe","og_description":"ST\u00d8T OSSVi vil gjerne invitere deg til \u00e5 vurdere \u00e5 st\u00f8tte Marias arbeid i provinsen Europa &nbsp; V\u00e5re velgj\u00f8rere er avgj\u00f8rende for at vi skal kunne fortsette \u00e5 tjene behovene i v\u00e5r tid, spesielt blant mennesker som er vanskeligstilte. Vi takker p\u00e5 forh\u00e5nd for din st\u00f8tte!Hvis du \u00f8nsker \u00e5 st\u00f8tte oss ved \u00e5 gi \u00f8konomisk [&hellip;]","og_url":"https:\/\/maristeurope.eu\/no\/stot-oss\/","og_site_name":"Marist Europe","article_modified_time":"2025-03-25T13:36:55+00:00","twitter_card":"summary_large_image","twitter_misc":{"Ansl. lesetid":"5 minutter"},"schema":{"@context":"https:\/\/schema.org","@graph":[{"@type":"WebPage","@id":"https:\/\/maristeurope.eu\/no\/stot-oss\/","url":"https:\/\/maristeurope.eu\/no\/stot-oss\/","name":"ST\u00d8T OSS - Marist Europe","isPartOf":{"@id":"https:\/\/maristeurope.eu\/no\/#website"},"datePublished":"2024-12-19T13:53:15+00:00","dateModified":"2025-03-25T13:36:55+00:00","breadcrumb":{"@id":"https:\/\/maristeurope.eu\/no\/stot-oss\/#breadcrumb"},"inLanguage":"nb-NO","potentialAction":[{"@type":"ReadAction","target":["https:\/\/maristeurope.eu\/no\/stot-oss\/"]}]},{"@type":"BreadcrumbList","@id":"https:\/\/maristeurope.eu\/no\/stot-oss\/#breadcrumb","itemListElement":[{"@type":"ListItem","position":1,"name":"Home","item":"https:\/\/maristeurope.eu\/no\/marister\/"},{"@type":"ListItem","position":2,"name":"ST\u00d8T OSS"}]},{"@type":"WebSite","@id":"https:\/\/maristeurope.eu\/no\/#website","url":"https:\/\/maristeurope.eu\/no\/","name":"Marist Europe","description":"","publisher":{"@id":"https:\/\/maristeurope.eu\/no\/#organization"},"potentialAction":[{"@type":"SearchAction","target":{"@type":"EntryPoint","urlTemplate":"https:\/\/maristeurope.eu\/no\/?s={search_term_string}"},"query-input":{"@type":"PropertyValueSpecification","valueRequired":true,"valueName":"search_term_string"}}],"inLanguage":"nb-NO"},{"@type":"Organization","@id":"https:\/\/maristeurope.eu\/no\/#organization","name":"Marist Europe","url":"https:\/\/maristeurope.eu\/no\/","logo":{"@type":"ImageObject","inLanguage":"nb-NO","@id":"https:\/\/maristeurope.eu\/no\/#\/schema\/logo\/image\/","url":"https:\/\/maristeurope.eu\/wp-content\/uploads\/2024\/10\/EU-SM-Finalogo-02.png","contentUrl":"https:\/\/maristeurope.eu\/wp-content\/uploads\/2024\/10\/EU-SM-Finalogo-02.png","width":150,"height":156,"caption":"Marist Europe"},"image":{"@id":"https:\/\/maristeurope.eu\/no\/#\/schema\/logo\/image\/"}}]}},"_links":{"self":[{"href":"https:\/\/maristeurope.eu\/no\/wp-json\/wp\/v2\/pages\/3559","targetHints":{"allow":["GET"]}}],"collection":[{"href":"https:\/\/maristeurope.eu\/no\/wp-json\/wp\/v2\/pages"}],"about":[{"href":"https:\/\/maristeurope.eu\/no\/wp-json\/wp\/v2\/types\/page"}],"author":[{"embeddable":true,"href":"https:\/\/maristeurope.eu\/no\/wp-json\/wp\/v2\/users\/1"}],"replies":[{"embeddable":true,"href":"https:\/\/maristeurope.eu\/no\/wp-json\/wp\/v2\/comments?post=3559"}],"version-history":[{"count":5,"href":"https:\/\/maristeurope.eu\/no\/wp-json\/wp\/v2\/pages\/3559\/revisions"}],"predecessor-version":[{"id":6758,"href":"https:\/\/maristeurope.eu\/no\/wp-json\/wp\/v2\/pages\/3559\/revisions\/6758"}],"wp:attachment":[{"href":"https:\/\/maristeurope.eu\/no\/wp-json\/wp\/v2\/media?parent=3559"}],"curies":[{"name":"wp","href":"https:\/\/api.w.org\/{rel}","templated":true}]}}