{"id":3407,"date":"2024-12-19T12:39:13","date_gmt":"2024-12-19T11:39:13","guid":{"rendered":"https:\/\/marist.sjdigitaldemo.ovh\/maristen-leken\/"},"modified":"2026-05-07T12:39:05","modified_gmt":"2026-05-07T10:39:05","slug":"maristen-leken","status":"publish","type":"page","link":"https:\/\/maristeurope.eu\/nl\/maristen-leken\/","title":{"rendered":"Maristen Leken"},"content":{"rendered":"\n<div class=\"et_pb_section_0 et_pb_section et_section_regular et_block_section section_has_divider et_pb_bottom_divider\"><div class=\"et_pb_row_0 et_pb_row et_pb_equal_columns et_block_row et_animated preset--module--divi-row--default\"><div class=\"et_pb_column_0 et_pb_column et_pb_column_4_4 et-last-child et_block_column et_pb_css_mix_blend_mode_passthrough\"><div class=\"et_pb_text_0 et_pb_text et_pb_bg_layout_light et_pb_module et_block_module\"><div class=\"et_pb_text_inner\"><h1>MARISTE LAATSTE  <\/h1>\n<\/div><\/div><\/div><\/div><div class=\"et_pb_bottom_inside_divider et-no-transition\"><\/div><\/div><div class=\"et_pb_section_1 et_pb_section et_section_regular et_block_section\"><div class=\"et_pb_row_1 et_pb_row et_pb_equal_columns et_block_row preset--module--divi-row--default\"><div class=\"et_pb_column_1 et_pb_column et_pb_column_3_5 et_block_column et_pb_css_mix_blend_mode_passthrough et_animated\"><div class=\"et_pb_text_1 et_pb_text et_pb_bg_layout_light et_animated et_pb_module et_block_module\"><div class=\"et_pb_text_inner\"><h2 style=\"text-align: center;\"><b>Leken-Maristen in de wereld<\/b><span style=\"font-weight: 400;\"> <\/span><\/h2>\n<\/div><\/div><div class=\"et_pb_text_2 et_pb_text et_pb_bg_layout_light et_pb_module et_block_module\"><div class=\"et_pb_text_inner\"><p>In overeenstemming met de intu\u00eftie van Fr. Colin is de roeping van lekenMaristen om als een brug te zijn en de vreugde van het Evangelie op Maria's wijze naar het hart van de wereld te brengen. De lekenafdeling is een essentieel onderdeel van de Maristenfamilie en het werk van Maria in Europa zal fundamenteel worden voortgezet door het leven en de zending van leken-Maristen.<\/p>\n<\/div><\/div><\/div><div class=\"et_pb_column_2 et_pb_column et_pb_column_2_5 et-last-child et_block_column et_pb_css_mix_blend_mode_passthrough et_animated\"><div class=\"et_pb_image_0 et_pb_image et_animated et_pb_module et_block_module\"><span class=\"et_pb_image_wrap\"><img decoding=\"async\" src=\"https:\/\/maristeurope.eu\/wp-content\/uploads\/2025\/01\/marist-laity2.jpg\" title=\"maristenleken2\" \/><\/span><\/div><\/div><\/div><div class=\"et_pb_row_2 et_pb_row et_block_row preset--module--divi-row--default\"><div class=\"et_pb_column_3 et_pb_column et_pb_column_4_4 et-last-child et_block_column et_pb_css_mix_blend_mode_passthrough\"><div class=\"et_pb_text_3 et_pb_text et_pb_bg_layout_light et_pb_module et_block_module\"><div class=\"et_pb_text_inner\"><p>Vanaf het begin heeft het Maristenproject - samen met de paters, broeders, zusters en missiezusters - een tak beoogd die openstaat voor lekenvrouwen en -mannen,<strong> een vereniging die beschikbaar is voor alle mensen<\/strong>, ongeacht hun situatie, leeftijd of toestand. Allen zijn onmisbare leden van het lichaam van Maria's Soci\u00ebteit, die de <strong>gemeenschappelijke zending<\/strong> delen <strong>om het Werk van Maria<\/strong> in de wereld <strong>te doen en te zijn<\/strong> - om een gemeenschap van gelovigen op te bouwen met \u00e9\u00e9n geest en \u00e9\u00e9n hart. <\/p>\n<\/div><\/div><\/div><\/div><div class=\"et_pb_row_3 et_pb_row et_block_row preset--module--divi-row--default\"><div class=\"et_pb_column_4 et_pb_column et_pb_column_3_5 et_block_column et_pb_css_mix_blend_mode_passthrough\"><div class=\"et_pb_text_4 et_pb_text et_pb_bg_layout_light et_pb_module et_block_module\"><div class=\"et_pb_text_inner\"><p>Over de hele wereld zijn er <strong>diverse Maristenlekengroepen en verenigingsvormen<\/strong>. We zien een groeiend verlangen bij deze groepen om betrokken te zijn bij het Maristenproject en hun begrip van het Maristencharisma en de daaruit voortvloeiende werken te verdiepen. Samen met de andere takken bouwt Marist Laity aan het Mariale gezicht van de kerk. Hun christelijke identiteit wordt gevormd door Maristenspiritualiteit en -zending, terwijl ze ernaar streven Maria's aanwezigheid in de wereld te zijn.   <\/p>\n<\/div><\/div><\/div><div class=\"et_pb_column_5 et_pb_column et_pb_column_2_5 et-last-child et_block_column et_pb_css_mix_blend_mode_passthrough\"><div class=\"et_pb_text_5 et_pb_text et_pb_bg_layout_light et_pb_module et_block_module\"><div class=\"et_pb_text_inner\"><p>In 2007 richtten Marist Laity-groepen in Europa een co\u00f6rdinatiegroep op met regelmatige bijeenkomsten om hun inspanningen als lekenafdeling van de Maristenfamilie te co\u00f6rdineren.<br \/>U kunt de statuten van de Europese Maristen Laity <strong>hier<\/strong> lezen.<\/p>\n<\/div><\/div><\/div><\/div><\/div><div class=\"et_pb_section_2 et_pb_section et_section_regular et_block_section section_has_divider et_pb_top_divider\"><div class=\"et_pb_top_inside_divider et-no-transition\"><\/div><div class=\"et_pb_row_4 et_pb_row et_pb_equal_columns et_block_row preset--module--divi-row--default\"><div class=\"et_pb_column_6 et_pb_column et_pb_column_3_5 et_block_column et_pb_css_mix_blend_mode_passthrough\"><div class=\"et_pb_text_6 et_pb_text et_pb_bg_layout_light et_animated et_pb_module et_block_module\"><div class=\"et_pb_text_inner\"><p><span style=\"font-weight: 400;\"><strong>Itali\u00eb<\/strong>: Paolo Serafini <\/span><a href=\"mailto:paolo.sera63@gmail.com\"><span style=\"font-weight: 400;\">paolo.sera63@gmail.com<\/span><\/a><\/p>\n<p><span style=\"font-weight: 400;\"><strong>Spanje<\/strong>: David Sanz <\/span><a href=\"mailto:dasadedi@gmail.com\"><span style=\"font-weight: 400;\">dasadedi@gmail.com<\/span><\/a><\/p>\n<p><span style=\"font-weight: 400;\"><strong>Noorwegen<\/strong>: Siri-Beate Hagen <\/span><a href=\"mailto:siri.beate.hagen@gmail.com\"><span style=\"font-weight: 400;\">siri.beate.hagen@gmail.com<\/span><\/a><\/p>\n<p><span style=\"font-weight: 400;\"><strong>Ierland<\/strong>: Eileen McCann <\/span><a href=\"mailto:eibhlinnicanna@eircom.net\"><span style=\"font-weight: 400;\">eibhlinnicanna@eircom.net<\/span><\/a><\/p>\n<p><span style=\"font-weight: 400;\"><strong>Engeland<\/strong>: Pat O'Connor <\/span><a href=\"mailto:patriciaoconnor44@gmail.com\"><span style=\"font-weight: 400;\">patriciaoconnor44@gmail.com<\/span><\/a><span style=\"font-weight: 400;\"> <\/span><\/p>\n<p><span style=\"font-weight: 400;\"><strong>Frankrijk<\/strong>: <\/span><a href=\"http:\/\/www.maristeslaics.fr\/\"><span style=\"font-weight: 400;\">www.maristeslaics.fr<\/span><\/a><span style=\"font-weight: 400;\"> Maristes La\u00efcs, 104 Rue de Vaugirard, 75006 Parijs, Frankrijk Voorzitter: Bernard Fenet +33 67444 7396<\/span><span style=\"font-weight: 400;\"><br \/><\/span><span style=\"font-weight: 400;\">Odile de Villenaut <\/span><a href=\"mailto:odiledevillenaut@hotmail.com\"><span style=\"font-weight: 400;\">odiledevillenaut@hotmail.com<\/span><\/a><\/p>\n<p><span style=\"font-weight: 400;\"><strong>Duitsland<\/strong>: Pater Wilhelm Tangen   <\/span><a href=\"mailto:wtangen@gmail.com\"><span style=\"font-weight: 400;\">wtangen@gmail.com<\/span><\/a><\/p>\n<p><span style=\"font-weight: 400;\"><strong>Nederland<\/strong>: Pater Jan Hulshof <\/span><a href=\"mailto:janhulshof41@gmail.com\"><span style=\"font-weight: 400;\">janhulshof41@gmail.com<\/span><\/a><\/p>\n<\/div><\/div><\/div><div class=\"et_pb_column_7 et_pb_column et_pb_column_2_5 et-last-child et_block_column et_pb_css_mix_blend_mode_passthrough\"><div class=\"et_pb_image_1 et_pb_image et_animated et_pb_module et_block_module\"><span class=\"et_pb_image_wrap\"><img loading=\"lazy\" decoding=\"async\" src=\"https:\/\/maristeurope.eu\/wp-content\/uploads\/2024\/12\/IMG_0984.jpg\" width=\"1277\" height=\"958\" srcset=\"https:\/\/maristeurope.eu\/wp-content\/uploads\/2024\/12\/IMG_0984.jpg 1277w, https:\/\/maristeurope.eu\/wp-content\/uploads\/2024\/12\/IMG_0984-980x735.jpg 980w, https:\/\/maristeurope.eu\/wp-content\/uploads\/2024\/12\/IMG_0984-480x360.jpg 480w\" sizes=\"(min-width: 0px) and (max-width: 480px) 480px, (min-width: 481px) and (max-width: 980px) 980px, (min-width: 981px) 1277px, 100vw\" class=\"wp-image-849\" title=\"IMG_0984\" \/><\/span><\/div><\/div><\/div><\/div>\n","protected":false},"excerpt":{"rendered":"","protected":false},"author":1,"featured_media":0,"parent":0,"menu_order":0,"comment_status":"closed","ping_status":"closed","template":"","meta":{"_acf_changed":false,"footnotes":""},"class_list":["post-3407","page","type-page","status-publish","hentry"],"acf":[],"yoast_head":"<!-- This site is optimized with the Yoast SEO plugin v27.6 - https:\/\/yoast.com\/product\/yoast-seo-wordpress\/ -->\n<title>Maristen Leken - Marist Europe<\/title>\n<meta name=\"robots\" content=\"index, follow, max-snippet:-1, max-image-preview:large, max-video-preview:-1\" \/>\n<link rel=\"canonical\" href=\"https:\/\/maristeurope.eu\/nl\/maristen-leken\/\" \/>\n<meta property=\"og:locale\" content=\"nl_NL\" \/>\n<meta property=\"og:type\" content=\"article\" \/>\n<meta property=\"og:title\" content=\"Maristen Leken - Marist Europe\" \/>\n<meta property=\"og:url\" content=\"https:\/\/maristeurope.eu\/nl\/maristen-leken\/\" \/>\n<meta property=\"og:site_name\" content=\"Marist Europe\" \/>\n<meta property=\"article:modified_time\" content=\"2026-05-07T10:39:05+00:00\" \/>\n<meta name=\"twitter:card\" content=\"summary_large_image\" \/>\n<script type=\"application\/ld+json\" class=\"yoast-schema-graph\">{\"@context\":\"https:\\\/\\\/schema.org\",\"@graph\":[{\"@type\":\"WebPage\",\"@id\":\"https:\\\/\\\/maristeurope.eu\\\/nl\\\/maristen-leken\\\/\",\"url\":\"https:\\\/\\\/maristeurope.eu\\\/nl\\\/maristen-leken\\\/\",\"name\":\"Maristen Leken - Marist Europe\",\"isPartOf\":{\"@id\":\"https:\\\/\\\/maristeurope.eu\\\/nl\\\/#website\"},\"datePublished\":\"2024-12-19T11:39:13+00:00\",\"dateModified\":\"2026-05-07T10:39:05+00:00\",\"breadcrumb\":{\"@id\":\"https:\\\/\\\/maristeurope.eu\\\/nl\\\/maristen-leken\\\/#breadcrumb\"},\"inLanguage\":\"nl-NL\",\"potentialAction\":[{\"@type\":\"ReadAction\",\"target\":[\"https:\\\/\\\/maristeurope.eu\\\/nl\\\/maristen-leken\\\/\"]}]},{\"@type\":\"BreadcrumbList\",\"@id\":\"https:\\\/\\\/maristeurope.eu\\\/nl\\\/maristen-leken\\\/#breadcrumb\",\"itemListElement\":[{\"@type\":\"ListItem\",\"position\":1,\"name\":\"Home\",\"item\":\"https:\\\/\\\/maristeurope.eu\\\/nl\\\/\"},{\"@type\":\"ListItem\",\"position\":2,\"name\":\"Maristen Leken\"}]},{\"@type\":\"WebSite\",\"@id\":\"https:\\\/\\\/maristeurope.eu\\\/nl\\\/#website\",\"url\":\"https:\\\/\\\/maristeurope.eu\\\/nl\\\/\",\"name\":\"Marist Europe\",\"description\":\"\",\"publisher\":{\"@id\":\"https:\\\/\\\/maristeurope.eu\\\/nl\\\/#organization\"},\"potentialAction\":[{\"@type\":\"SearchAction\",\"target\":{\"@type\":\"EntryPoint\",\"urlTemplate\":\"https:\\\/\\\/maristeurope.eu\\\/nl\\\/?s={search_term_string}\"},\"query-input\":{\"@type\":\"PropertyValueSpecification\",\"valueRequired\":true,\"valueName\":\"search_term_string\"}}],\"inLanguage\":\"nl-NL\"},{\"@type\":\"Organization\",\"@id\":\"https:\\\/\\\/maristeurope.eu\\\/nl\\\/#organization\",\"name\":\"Marist Europe\",\"url\":\"https:\\\/\\\/maristeurope.eu\\\/nl\\\/\",\"logo\":{\"@type\":\"ImageObject\",\"inLanguage\":\"nl-NL\",\"@id\":\"https:\\\/\\\/maristeurope.eu\\\/nl\\\/#\\\/schema\\\/logo\\\/image\\\/\",\"url\":\"https:\\\/\\\/maristeurope.eu\\\/wp-content\\\/uploads\\\/2024\\\/10\\\/EU-SM-Finalogo-02.png\",\"contentUrl\":\"https:\\\/\\\/maristeurope.eu\\\/wp-content\\\/uploads\\\/2024\\\/10\\\/EU-SM-Finalogo-02.png\",\"width\":150,\"height\":156,\"caption\":\"Marist Europe\"},\"image\":{\"@id\":\"https:\\\/\\\/maristeurope.eu\\\/nl\\\/#\\\/schema\\\/logo\\\/image\\\/\"}}]}<\/script>\n<!-- \/ Yoast SEO plugin. -->","yoast_head_json":{"title":"Maristen Leken - Marist Europe","robots":{"index":"index","follow":"follow","max-snippet":"max-snippet:-1","max-image-preview":"max-image-preview:large","max-video-preview":"max-video-preview:-1"},"canonical":"https:\/\/maristeurope.eu\/nl\/maristen-leken\/","og_locale":"nl_NL","og_type":"article","og_title":"Maristen Leken - Marist Europe","og_url":"https:\/\/maristeurope.eu\/nl\/maristen-leken\/","og_site_name":"Marist Europe","article_modified_time":"2026-05-07T10:39:05+00:00","twitter_card":"summary_large_image","schema":{"@context":"https:\/\/schema.org","@graph":[{"@type":"WebPage","@id":"https:\/\/maristeurope.eu\/nl\/maristen-leken\/","url":"https:\/\/maristeurope.eu\/nl\/maristen-leken\/","name":"Maristen Leken - Marist Europe","isPartOf":{"@id":"https:\/\/maristeurope.eu\/nl\/#website"},"datePublished":"2024-12-19T11:39:13+00:00","dateModified":"2026-05-07T10:39:05+00:00","breadcrumb":{"@id":"https:\/\/maristeurope.eu\/nl\/maristen-leken\/#breadcrumb"},"inLanguage":"nl-NL","potentialAction":[{"@type":"ReadAction","target":["https:\/\/maristeurope.eu\/nl\/maristen-leken\/"]}]},{"@type":"BreadcrumbList","@id":"https:\/\/maristeurope.eu\/nl\/maristen-leken\/#breadcrumb","itemListElement":[{"@type":"ListItem","position":1,"name":"Home","item":"https:\/\/maristeurope.eu\/nl\/"},{"@type":"ListItem","position":2,"name":"Maristen Leken"}]},{"@type":"WebSite","@id":"https:\/\/maristeurope.eu\/nl\/#website","url":"https:\/\/maristeurope.eu\/nl\/","name":"Marist Europe","description":"","publisher":{"@id":"https:\/\/maristeurope.eu\/nl\/#organization"},"potentialAction":[{"@type":"SearchAction","target":{"@type":"EntryPoint","urlTemplate":"https:\/\/maristeurope.eu\/nl\/?s={search_term_string}"},"query-input":{"@type":"PropertyValueSpecification","valueRequired":true,"valueName":"search_term_string"}}],"inLanguage":"nl-NL"},{"@type":"Organization","@id":"https:\/\/maristeurope.eu\/nl\/#organization","name":"Marist Europe","url":"https:\/\/maristeurope.eu\/nl\/","logo":{"@type":"ImageObject","inLanguage":"nl-NL","@id":"https:\/\/maristeurope.eu\/nl\/#\/schema\/logo\/image\/","url":"https:\/\/maristeurope.eu\/wp-content\/uploads\/2024\/10\/EU-SM-Finalogo-02.png","contentUrl":"https:\/\/maristeurope.eu\/wp-content\/uploads\/2024\/10\/EU-SM-Finalogo-02.png","width":150,"height":156,"caption":"Marist Europe"},"image":{"@id":"https:\/\/maristeurope.eu\/nl\/#\/schema\/logo\/image\/"}}]}},"_links":{"self":[{"href":"https:\/\/maristeurope.eu\/nl\/wp-json\/wp\/v2\/pages\/3407","targetHints":{"allow":["GET"]}}],"collection":[{"href":"https:\/\/maristeurope.eu\/nl\/wp-json\/wp\/v2\/pages"}],"about":[{"href":"https:\/\/maristeurope.eu\/nl\/wp-json\/wp\/v2\/types\/page"}],"author":[{"embeddable":true,"href":"https:\/\/maristeurope.eu\/nl\/wp-json\/wp\/v2\/users\/1"}],"replies":[{"embeddable":true,"href":"https:\/\/maristeurope.eu\/nl\/wp-json\/wp\/v2\/comments?post=3407"}],"version-history":[{"count":4,"href":"https:\/\/maristeurope.eu\/nl\/wp-json\/wp\/v2\/pages\/3407\/revisions"}],"predecessor-version":[{"id":11044,"href":"https:\/\/maristeurope.eu\/nl\/wp-json\/wp\/v2\/pages\/3407\/revisions\/11044"}],"wp:attachment":[{"href":"https:\/\/maristeurope.eu\/nl\/wp-json\/wp\/v2\/media?parent=3407"}],"curies":[{"name":"wp","href":"https:\/\/api.w.org\/{rel}","templated":true}]}}