{"id":2896,"date":"2024-10-23T11:11:28","date_gmt":"2024-10-23T09:11:28","guid":{"rendered":"https:\/\/marist.sjdigitaldemo.ovh\/links\/"},"modified":"2025-02-12T08:48:46","modified_gmt":"2025-02-12T08:48:46","slug":"links","status":"publish","type":"page","link":"https:\/\/maristeurope.eu\/nl\/links\/","title":{"rendered":"Links"},"content":{"rendered":"<p>[et_pb_section fb_built=\"1&#8243; _builder_version=\"4.27.4&#8243; _module_preset=\"default\" background_color=\"#219EBC\" use_background_color_gradient=\"on\" background_color_gradient_stops=\"rgba(2,48,71,0.2) 0%|rgba(2,48,71,0.4) 100%\" background_color_gradient_overlays_image=\"on\" background_enable_image=\"off\" background_enable_video_mp4=\"off\" background_enable_pattern_style=\"on\" background_pattern_style=\"confetti\" background_pattern_color=\"rgba(0,0,0,0.11)\" custom_padding=\"200px||4vw||false|false\" bottom_divider_style=\"ramp2&#8243; bottom_divider_color=\"#FFFAF2&#8243; bottom_divider_flip=\"horizontal\" global_colors_info=\"{}\"][et_pb_row column_structure=\"2_3,1_3&#8243; make_equal=\"on\" _builder_version=\"4.27.4&#8243; _module_preset=\"default\" background_enable_color=\"off\" custom_padding=\"0px|40px|0px|40px|true|true\" animation_style=\"fade\" animation_duration=\"1500ms\" animation_delay=\"200ms\" global_colors_info=\"{}\"][et_pb_column type=\"2_3&#8243; _builder_version=\"4.27.4&#8243; _module_preset=\"default\" custom_css_main_element=\"margin: auto;\" global_colors_info=\"{}\"][et_pb_text _builder_version=\"4.27.4&#8243; _module_preset=\"default\" header_font=\"|600||on|||||\" header_text_color=\"#FFFFFF\" header_font_size=\"4rem\" header_letter_spacing=\"4px\" header_2_text_color=\"#219EBC\" header_2_font_size=\"3.5rem\" custom_margin=\"20px||20px||true|false\" global_colors_info=\"{}\"]<\/p>\n<h1><strong>Links<\/strong><\/h1>\n<p>[\/et_pb_text][\/et_pb_column][et_pb_column type=\"1_3&#8243; _builder_version=\"4.27.2&#8243; _module_preset=\"default\" global_colors_info=\"{}\"][\/et_pb_column][\/et_pb_row][\/et_pb_section][et_pb_section fb_built=\"1&#8243; _builder_version=\"4.27.4&#8243; _module_preset=\"default\" background_color=\"#FFFAF2&#8243; background_enable_image=\"off\" background_size=\"contain\" global_colors_info=\"{}\"][et_pb_row _builder_version=\"4.27.4&#8243; _module_preset=\"default\" global_colors_info=\"{}\"][et_pb_column type=\"4_4&#8243; _builder_version=\"4.27.4&#8243; _module_preset=\"default\" global_colors_info=\"{}\"][et_pb_tabs active_tab_background_color=\"#FFB703&#8243; inactive_tab_background_color=\"#219EBC\" active_tab_text_color=\"#023047&#8243; module_id=\"colegios\" _builder_version=\"4.27.4&#8243; _module_preset=\"default\" body_text_color=\"#023047&#8243; body_font_size=\"18px\" tab_font_size=\"24px\" body_link_font=\"|600||||||#023047|\" body_link_text_color=\"#023047&#8243; body_link_font_size=\"22px\" background_color=\"#8ECAE6&#8243; custom_padding=\"||||false|false\" custom_padding_last_edited=\"off|desktop\" hover_enabled=\"0&#8243; border_radii=\"on|50px|50px|50px|50px\" border_width_all=\"0px\" global_colors_info=\"{}\" theme_builder_area=\"post_content\" body_ul_text_color=\"#219EBC\" body_ul_type=\"none\" body_link_line_height=\"1.7em\" body_link_text_color__hover_enabled=\"on|hover\" sticky_enabled=\"0&#8243; body_link_text_color__hover=\"#FB8500&#8243; tab_text_color=\"#FFFFFF\"][et_pb_tab title=\"Gemeente\" _builder_version=\"4.27.4&#8243; _module_preset=\"default\" body_text_color=\"#023047&#8243; hover_enabled=\"0&#8243; global_colors_info=\"{}\" theme_builder_area=\"post_content\" sticky_enabled=\"0&#8243;]<\/p>\n<ul>\n<li><a rel=\"noopener\" target=\"_new\" href=\"https:\/\/www.maristsm.org\"><span>Algemeen<\/span><span> Huis<\/span><span> Website<\/span><\/a><\/li>\n<li><a rel=\"noopener\" target=\"_new\" href=\"https:\/\/jpicblog.maristsm.org\"><span>JPIC<\/span><span> Blog<\/span><\/a><\/li>\n<li><a rel=\"noopener\" target=\"_new\" href=\"https:\/\/www.maristplaces.org\"><span>Maristen<\/span><span> Plaatsen<\/span><span> van<\/span><span> Oorsprong<\/span><\/a><\/li>\n<li><a rel=\"noopener\" target=\"_new\" href=\"https:\/\/www.maristyouthinternational.org\"><span>Marist<\/span><span> Jeugd<\/span><\/a><\/li>\n<li><a rel=\"noopener\" target=\"_new\" href=\"https:\/\/mariststudies.org\"><span>Marist<\/span><span> Historisch<\/span><span> Documenten<\/span><\/a><\/li>\n<li><a rel=\"noopener\" target=\"_new\" href=\"https:\/\/www.acertainway.info\"><span>A<\/span><span> Zeker<\/span><span> Way<\/span><\/a><\/li>\n<li><a rel=\"noopener\" target=\"_new\" href=\"https:\/\/www.maristspirituality.org\"><span>Marist<\/span><span> Spiritualiteit<\/span><\/a><\/li>\n<\/ul>\n<p>[\/et_pb_tab][et_pb_tab title=\"Pater Jean-Claude Colin\" _builder_version=\"4.27.4&#8243; _module_preset=\"default\" hover_enabled=\"0&#8243; global_colors_info=\"{}\" theme_builder_area=\"post_content\" sticky_enabled=\"0&#8243;]<\/p>\n<ul>\n<li><a rel=\"noopener\" target=\"_new\" href=\"https:\/\/www.jeanclaudecolin.org\"><span>Pater<\/span><span> Colin&#8217;s<\/span><span> Oorzaak<\/span><span> voor<\/span><span> Zaligverklaring<\/span><\/a><\/li>\n<li><a rel=\"noopener\" target=\"_new\" href=\"https:\/\/mariststudies.org\/docs\/Main_Page\"><span>Marist<\/span><span> Historisch<\/span><span> Documenten<\/span><\/a><\/li>\n<\/ul>\n<p>[\/et_pb_tab][et_pb_tab title=\"Locaties wereldwijd\" _builder_version=\"4.27.4&#8243; _module_preset=\"default\" hover_enabled=\"0&#8243; global_colors_info=\"{}\" theme_builder_area=\"post_content\" sticky_enabled=\"0&#8243;]<\/p>\n<ul>\n<li><a rel=\"noopener\" target=\"_new\" href=\"https:\/\/maristasia.org\"><span>Azi\u00eb<\/span><\/a><\/li>\n<li><a rel=\"noopener\" target=\"_new\" href=\"https:\/\/www.maristasiafoundation.org\"><span>Marist<\/span><span> Azi\u00eb<\/span><span> Stichting<\/span><\/a><\/li>\n<li><a rel=\"noopener\" target=\"_new\" href=\"https:\/\/www.maristfathers.org.au\"><span>Australi\u00eb<\/span><\/a><\/li>\n<li><a rel=\"noopener\" target=\"_new\" href=\"https:\/\/www.lesperesmaristescanada.org\"><span>Canada<\/span><\/a><\/li>\n<li><a rel=\"noopener\" target=\"_new\" href=\"https:\/\/www.maristoceania.org\"><span>Oceani\u00eb<\/span><\/a><\/li>\n<li><a rel=\"noopener\" target=\"_new\" href=\"https:\/\/www.sm.org.nz\"><span>Nieuw<\/span><span> Nieuw-Zeeland<\/span><\/a><\/li>\n<li><a rel=\"noopener\" target=\"_new\" href=\"https:\/\/www.maristseminary.org.nz\"><span>Marist<\/span><span> Seminarie<\/span><\/a><\/li>\n<li><a rel=\"noopener\" target=\"_new\" href=\"https:\/\/www.youngmarists.org\"><span>Jong<\/span><span> Maristen<\/span><\/a><\/li>\n<li><a rel=\"noopener\" target=\"_new\" href=\"https:\/\/www.logos.org.nz\"><span>Logo&#8217;s<\/span><span> Project<\/span><\/a><\/li>\n<li><a rel=\"noopener\" target=\"_new\" href=\"https:\/\/www.maristthailand.org\"><span>Thailand<\/span><\/a><\/li>\n<li><a rel=\"noopener\" target=\"_new\" href=\"https:\/\/www.societyofmaryusa.org\"><span>VS<\/span><\/a><\/li>\n<li><a rel=\"noopener\" target=\"_new\" href=\"https:\/\/www.padresmaristas.com\"><span>Zuid<\/span><span> Amerika<\/span><\/a><\/li>\n<\/ul>\n<p>[\/et_pb_tab][et_pb_tab title=\"Familie\" _builder_version=\"4.27.4&#8243; _module_preset=\"default\" custom_padding=\"|20%|||false|false\" custom_padding_tablet=\"|0%|||false|false\" custom_padding_phone=\"|0%|||false|false\" custom_padding_last_edited=\"on|tablet\" hover_enabled=\"0&#8243; global_colors_info=\"{}\" theme_builder_area=\"post_content\" sticky_enabled=\"0&#8243;]<\/p>\n<ul>\n<li><a rel=\"noopener\" target=\"_new\" href=\"https:\/\/www.champagnat.org\"><span>Maristen<\/span><span> Broeders<\/span><\/a><\/li>\n<li><a rel=\"noopener\" target=\"_new\" href=\"https:\/\/www.marists.net\"><span>Maristen<\/span><span> Zusters<\/span><\/a><\/li>\n<li><a rel=\"noopener\" target=\"_new\" href=\"https:\/\/www.smsmsisters.org\"><span>Marist<\/span><span> Missionaris<\/span><span> Zusters<\/span><\/a><\/li>\n<\/ul>\n<p>[\/et_pb_tab][et_pb_tab title=\"Spiritualiteit\" _builder_version=\"4.27.4&#8243; _module_preset=\"default\" theme_builder_area=\"post_content\" hover_enabled=\"0&#8243; sticky_enabled=\"0&#8243;]<\/p>\n<ul>\n<li><a rel=\"noopener\" target=\"_new\" href=\"https:\/\/www.maristsm.org\/en\/our-spirit.aspx\"><span>Algemeen<\/span><span> Huis<\/span><\/a><\/li>\n<li><a rel=\"noopener\" target=\"_new\" href=\"https:\/\/www.maristfathers.ie\/spirituality\"><span>Ierland<\/span><\/a><\/li>\n<li><a rel=\"noopener\" target=\"_new\" href=\"https:\/\/www.sm.org.nz\/marist\/spirituality\"><span>Nieuw<\/span><span> Nieuw-Zeeland<\/span><\/a><\/li>\n<li><a rel=\"noopener\" target=\"_new\" href=\"https:\/\/www.societyofmaryusa.org\/about\/spiritualcenter.html\"><span>VS<\/span><\/a><\/li>\n<li><a rel=\"noopener\" target=\"_new\" href=\"https:\/\/www.jeanclaudecolin.org\/the-marist-spirit\"><span>Colin<\/span><\/a><\/li>\n<li><a rel=\"noopener\" target=\"_new\" href=\"https:\/\/www.maristes-france.org\"><span>Frans<\/span><\/a><\/li>\n<li><a rel=\"noopener\" target=\"_new\" href=\"https:\/\/www.maristenpatres.de\/seiten2011\/spirit.html\"><span>Duits<\/span><\/a><\/li>\n<li><a rel=\"noopener\" target=\"_new\" href=\"https:\/\/sites.google.com\/site\/maristua\/maristenesspiritualitet\"><span>Noors<\/span><\/a><\/li>\n<li><a rel=\"noopener\" target=\"_new\" href=\"https:\/\/mariststudies.org\/docs\/Main_Page\"><span>Marist<\/span><span> Studies<\/span><\/a><\/li>\n<\/ul>\n<p>[\/et_pb_tab][et_pb_tab title=\"Ministeries in Europa\" _builder_version=\"4.27.4&#8243; _module_preset=\"default\" theme_builder_area=\"post_content\" hover_enabled=\"0&#8243; sticky_enabled=\"0&#8243;]<\/p>\n<ul>\n<li>\n<p><strong>Frankrijk<\/strong>:<\/p>\n<ul>\n<li><a rel=\"noopener\" target=\"_new\" href=\"https:\/\/www.neyliere.com\"><span>La<\/span><span> Neyli\u00e8re<\/span><\/a><\/li>\n<li><a rel=\"noopener\" target=\"_new\" href=\"https:\/\/www.centremariste.fr\"><span>CCSM<\/span><span> Toulon<\/span><\/a><\/li>\n<\/ul>\n<\/li>\n<li>\n<p><strong>Ierland<\/strong>:<\/p>\n<ul>\n<li><a rel=\"noopener\" target=\"_new\" href=\"https:\/\/www.donoreavenueparish.ie\"><span>St<\/span><span> Teresa&#8217;s<\/span><span> Parochie<\/span><span>Donore<\/span><span> Avenue<\/span><span>Dublin<\/span><\/a><\/li>\n<li><a rel=\"noopener\" target=\"_new\" href=\"https:\/\/www.stbrendanscoolock.org\"><span>St<\/span><span> Brendan&#8217;s<\/span><span> Parochie<\/span><span>, Coolock<\/span><span>Dublin<\/span><\/a><\/li>\n<\/ul>\n<\/li>\n<li>\n<p><strong>Itali\u00eb<\/strong>:<\/p>\n<ul>\n<li><a rel=\"noopener\" target=\"_new\" href=\"https:\/\/www.madonnadellalibera.net\"><span>Pratola<\/span><span> Parochie<\/span><\/a><\/li>\n<li><a rel=\"noopener\" target=\"_new\" href=\"https:\/\/www.bit.ly\/lamadnoi\"><span>Nieuwsbrieven<\/span><\/a><\/li>\n<\/ul>\n<\/li>\n<li>\n<p><strong>Spanje<\/strong>:<\/p>\n<ul>\n<li><a rel=\"noopener\" target=\"_new\" href=\"https:\/\/www.alberguesensahagun.es\"><span>Camino<\/span><span> Albergue<\/span><span> in<\/span><span> Sahag\u00fan<\/span><\/a><\/li>\n<\/ul>\n<\/li>\n<li>\n<p><strong>UK<\/strong>:<\/p>\n<ul>\n<li><a rel=\"noopener\" target=\"_new\" href=\"https:\/\/www.ndfchurch.org\"><span>Notre<\/span><span> Dame<\/span><span> de<\/span><span> Frankrijk<\/span><span>Franstalig<\/span><span> Parochie<\/span><span> in<\/span><span> Londen<\/span><\/a><\/li>\n<li><a rel=\"noopener\" target=\"_new\" href=\"https:\/\/www.notredamerc.org.uk\"><span>Notre<\/span><span> Dame<\/span><span> Vluchteling<\/span><span> Centrum<\/span><span>Londen<\/span><\/a><\/li>\n<li><a rel=\"noopener\" target=\"_new\" href=\"https:\/\/www.notredamerc.wordpress.com\"><span>Toevluchtsoord<\/span><span> Centrum<\/span><span> Blog<\/span><\/a><\/li>\n<\/ul>\n<\/li>\n<\/ul>\n<p>[\/et_pb_tab][et_pb_tab title=\"Onderwijs\" _builder_version=\"4.27.4&#8243; _module_preset=\"default\" theme_builder_area=\"post_content\" hover_enabled=\"0&#8243; sticky_enabled=\"0&#8243;]<\/p>\n<ul>\n<li><a rel=\"noopener\" target=\"_new\" href=\"https:\/\/european-marist-education.over-blog.com\"><span>Marist<\/span><span> Onderwijs<\/span><span> Netwerk<\/span><span> in<\/span><span> Europa<\/span><\/a><\/li>\n<li><a rel=\"noopener\" target=\"_new\" href=\"https:\/\/www.maristeducationauthority.ie\"><span>Marist<\/span><span> Onderwijs<\/span><span> Autoriteit<\/span><span>Ierland<\/span><\/a><\/li>\n<li><a rel=\"noopener\" target=\"_new\" href=\"https:\/\/www.maristeseneducation.com\"><span>Maristen<\/span><span> op<\/span><span> Onderwijs<\/span><span>Frankrijk<\/span><\/a><\/li>\n<\/ul>\n<p>[\/et_pb_tab][et_pb_tab title=\"Leken\" _builder_version=\"4.27.4&#8243; _module_preset=\"default\" theme_builder_area=\"post_content\" hover_enabled=\"0&#8243; sticky_enabled=\"0&#8243;]<\/p>\n<ul>\n<li><a rel=\"noopener\" target=\"_new\" href=\"https:\/\/www.maristeslaics.fr\"><span>Maristen<\/span><span> Leken<\/span><span> Frankrijk<\/span><\/a><\/li>\n<li><a rel=\"noopener\" target=\"_new\" href=\"https:\/\/www.maristlaitynz.org\"><span>Maristen<\/span><span> Leken<\/span><span> Nieuw<\/span><span> Zeeland<\/span><\/a><\/li>\n<li><a rel=\"noopener\" target=\"_new\" href=\"https:\/\/www.maristmessenger.co.nz\"><span>Marist<\/span><span> Boodschapper<\/span><\/a><\/li>\n<li><a rel=\"noopener\" target=\"_new\" href=\"https:\/\/www.maristlaityaustralia.com\"><span>Maristen<\/span><span> Leken<\/span><span> Australi\u00eb<\/span><\/a><\/li>\n<\/ul>\n<p>[\/et_pb_tab][et_pb_tab title=\"Sociale media\" _builder_version=\"4.27.4&#8243; _module_preset=\"default\" theme_builder_area=\"post_content\" hover_enabled=\"0&#8243; sticky_enabled=\"0&#8243;]<\/p>\n<ul>\n<li><a rel=\"noopener\" target=\"_new\" href=\"https:\/\/www.facebook.com\/maristeurope\"><span>Europese<\/span><span> Provincie<\/span><span> Facebook<\/span><span> Pagina<\/span><\/a><\/li>\n<li><a rel=\"noopener\" target=\"_new\" href=\"https:\/\/www.facebook.com\/100077471199929\"><span>Societas<\/span><span> Mariae<\/span><span> Facebook<\/span><\/a><\/li>\n<li><a rel=\"noopener\" target=\"_new\" href=\"https:\/\/www.facebook.com\/Marists\"><span>Maristen<\/span><span> Roepingen<\/span><span> (NZ<\/span><span>) Facebook<\/span><\/a><\/li>\n<li><a rel=\"noopener\" target=\"_new\" href=\"https:\/\/www.instagram.com\/maristvocations\"><span>Maristen<\/span><span> Roepingen<\/span><span> (NZ<\/span><span>) Instagram<\/span><\/a><\/li>\n<li><a rel=\"noopener\" target=\"_new\" href=\"https:\/\/www.facebook.com\/MaristFathersVocInt\"><span>Maristen<\/span><span> Paters<\/span><span> Roepingen<\/span><span> Facebook<\/span><\/a><\/li>\n<li><a rel=\"noopener\" target=\"_new\" href=\"https:\/\/www.instagram.com\/albergue_santacruz\"><span>Camino<\/span><span> Albergue<\/span><span> in<\/span><span> Sahag\u00fan<\/span><span> Instagram<\/span><\/a><\/li>\n<li><a rel=\"noopener\" target=\"_new\" href=\"https:\/\/www.facebook.com\/alberguesantacruz\"><span>Camino<\/span><span> Albergue<\/span><span> in<\/span><span> Sahag\u00fan<\/span><span> Facebook<\/span><\/a><\/li>\n<li><a rel=\"noopener\" target=\"_new\" href=\"https:\/\/www.facebook.com\/100064710814572\"><span>Maristenpatres<\/span><span> Facebook<\/span><\/a><\/li>\n<li><a rel=\"noopener\" target=\"_new\" href=\"https:\/\/www.facebook.com\/groups\/581977529558659\"><span>Marist<\/span><span> Familie<\/span><span> Laudato<\/span><span> Si<\/span><span> Facebook<\/span><span> Groep<\/span><\/a><\/li>\n<li><a rel=\"noopener\" target=\"_new\" href=\"https:\/\/www.facebook.com\/maristlaity.wmlc.7\"><span>Wereld<\/span><span> Maristen<\/span><span> Leken<\/span><span> Co\u00f6rdinatie<\/span><span> Facebook<\/span><\/a><\/li>\n<\/ul>\n<p>[\/et_pb_tab][\/et_pb_tabs][\/et_pb_column][\/et_pb_row][\/et_pb_section]<\/p>\n","protected":false},"excerpt":{"rendered":"<p>Links Algemeen Huis Website JPIC Blog Maristen Plaatsen van Oorsprong Marist Jeugd Marist Historisch Documenten A Zeker Way Marist Spiritualiteit Pater Colin&#8217;s Oorzaak voor Zaligverklaring Marist Historisch Documenten Azi\u00eb Marist Azi\u00eb Stichting Australi\u00eb Canada Oceani\u00eb Nieuw Nieuw-Zeeland Marist Seminarie Jong Maristen Logo&#8217;s Project Thailand VS Zuid Amerika Maristen Broeders Maristen Zusters Marist Missionaris Zusters Algemeen [&hellip;]<\/p>\n","protected":false},"author":1,"featured_media":0,"parent":0,"menu_order":0,"comment_status":"closed","ping_status":"closed","template":"","meta":{"_et_pb_use_builder":"on","_et_pb_old_content":"","_et_gb_content_width":"","footnotes":""},"class_list":["post-2896","page","type-page","status-publish","hentry"],"yoast_head":"<!-- This site is optimized with the Yoast SEO plugin v27.5 - https:\/\/yoast.com\/product\/yoast-seo-wordpress\/ -->\n<title>Links - Marist Europe<\/title>\n<meta name=\"robots\" content=\"index, follow, max-snippet:-1, max-image-preview:large, max-video-preview:-1\" \/>\n<link rel=\"canonical\" href=\"https:\/\/maristeurope.eu\/nl\/links\/\" \/>\n<meta property=\"og:locale\" content=\"nl_NL\" \/>\n<meta property=\"og:type\" content=\"article\" \/>\n<meta property=\"og:title\" content=\"Links - Marist Europe\" \/>\n<meta property=\"og:description\" content=\"Links Algemeen Huis Website JPIC Blog Maristen Plaatsen van Oorsprong Marist Jeugd Marist Historisch Documenten A Zeker Way Marist Spiritualiteit Pater Colin&#039;s Oorzaak voor Zaligverklaring Marist Historisch Documenten Azi\u00eb Marist Azi\u00eb Stichting Australi\u00eb Canada Oceani\u00eb Nieuw Nieuw-Zeeland Marist Seminarie Jong Maristen Logo&#039;s Project Thailand VS Zuid Amerika Maristen Broeders Maristen Zusters Marist Missionaris Zusters Algemeen [&hellip;]\" \/>\n<meta property=\"og:url\" content=\"https:\/\/maristeurope.eu\/nl\/links\/\" \/>\n<meta property=\"og:site_name\" content=\"Marist Europe\" \/>\n<meta property=\"article:modified_time\" content=\"2025-02-12T08:48:46+00:00\" \/>\n<meta name=\"twitter:card\" content=\"summary_large_image\" \/>\n<meta name=\"twitter:label1\" content=\"Geschatte leestijd\" \/>\n\t<meta name=\"twitter:data1\" content=\"4 minuut\" \/>\n<script type=\"application\/ld+json\" class=\"yoast-schema-graph\">{\"@context\":\"https:\\\/\\\/schema.org\",\"@graph\":[{\"@type\":\"WebPage\",\"@id\":\"https:\\\/\\\/maristeurope.eu\\\/nl\\\/links\\\/\",\"url\":\"https:\\\/\\\/maristeurope.eu\\\/nl\\\/links\\\/\",\"name\":\"Links - Marist Europe\",\"isPartOf\":{\"@id\":\"https:\\\/\\\/maristeurope.eu\\\/nl\\\/#website\"},\"datePublished\":\"2024-10-23T09:11:28+00:00\",\"dateModified\":\"2025-02-12T08:48:46+00:00\",\"breadcrumb\":{\"@id\":\"https:\\\/\\\/maristeurope.eu\\\/nl\\\/links\\\/#breadcrumb\"},\"inLanguage\":\"nl-NL\",\"potentialAction\":[{\"@type\":\"ReadAction\",\"target\":[\"https:\\\/\\\/maristeurope.eu\\\/nl\\\/links\\\/\"]}]},{\"@type\":\"BreadcrumbList\",\"@id\":\"https:\\\/\\\/maristeurope.eu\\\/nl\\\/links\\\/#breadcrumb\",\"itemListElement\":[{\"@type\":\"ListItem\",\"position\":1,\"name\":\"Home\",\"item\":\"https:\\\/\\\/maristeurope.eu\\\/nl\\\/maristen\\\/\"},{\"@type\":\"ListItem\",\"position\":2,\"name\":\"Links\"}]},{\"@type\":\"WebSite\",\"@id\":\"https:\\\/\\\/maristeurope.eu\\\/nl\\\/#website\",\"url\":\"https:\\\/\\\/maristeurope.eu\\\/nl\\\/\",\"name\":\"Marist Europe\",\"description\":\"\",\"publisher\":{\"@id\":\"https:\\\/\\\/maristeurope.eu\\\/nl\\\/#organization\"},\"potentialAction\":[{\"@type\":\"SearchAction\",\"target\":{\"@type\":\"EntryPoint\",\"urlTemplate\":\"https:\\\/\\\/maristeurope.eu\\\/nl\\\/?s={search_term_string}\"},\"query-input\":{\"@type\":\"PropertyValueSpecification\",\"valueRequired\":true,\"valueName\":\"search_term_string\"}}],\"inLanguage\":\"nl-NL\"},{\"@type\":\"Organization\",\"@id\":\"https:\\\/\\\/maristeurope.eu\\\/nl\\\/#organization\",\"name\":\"Marist Europe\",\"url\":\"https:\\\/\\\/maristeurope.eu\\\/nl\\\/\",\"logo\":{\"@type\":\"ImageObject\",\"inLanguage\":\"nl-NL\",\"@id\":\"https:\\\/\\\/maristeurope.eu\\\/nl\\\/#\\\/schema\\\/logo\\\/image\\\/\",\"url\":\"https:\\\/\\\/maristeurope.eu\\\/wp-content\\\/uploads\\\/2024\\\/10\\\/EU-SM-Finalogo-02.png\",\"contentUrl\":\"https:\\\/\\\/maristeurope.eu\\\/wp-content\\\/uploads\\\/2024\\\/10\\\/EU-SM-Finalogo-02.png\",\"width\":150,\"height\":156,\"caption\":\"Marist Europe\"},\"image\":{\"@id\":\"https:\\\/\\\/maristeurope.eu\\\/nl\\\/#\\\/schema\\\/logo\\\/image\\\/\"}}]}<\/script>\n<!-- \/ Yoast SEO plugin. -->","yoast_head_json":{"title":"Links - Marist Europe","robots":{"index":"index","follow":"follow","max-snippet":"max-snippet:-1","max-image-preview":"max-image-preview:large","max-video-preview":"max-video-preview:-1"},"canonical":"https:\/\/maristeurope.eu\/nl\/links\/","og_locale":"nl_NL","og_type":"article","og_title":"Links - Marist Europe","og_description":"Links Algemeen Huis Website JPIC Blog Maristen Plaatsen van Oorsprong Marist Jeugd Marist Historisch Documenten A Zeker Way Marist Spiritualiteit Pater Colin's Oorzaak voor Zaligverklaring Marist Historisch Documenten Azi\u00eb Marist Azi\u00eb Stichting Australi\u00eb Canada Oceani\u00eb Nieuw Nieuw-Zeeland Marist Seminarie Jong Maristen Logo's Project Thailand VS Zuid Amerika Maristen Broeders Maristen Zusters Marist Missionaris Zusters Algemeen [&hellip;]","og_url":"https:\/\/maristeurope.eu\/nl\/links\/","og_site_name":"Marist Europe","article_modified_time":"2025-02-12T08:48:46+00:00","twitter_card":"summary_large_image","twitter_misc":{"Geschatte leestijd":"4 minuut"},"schema":{"@context":"https:\/\/schema.org","@graph":[{"@type":"WebPage","@id":"https:\/\/maristeurope.eu\/nl\/links\/","url":"https:\/\/maristeurope.eu\/nl\/links\/","name":"Links - Marist Europe","isPartOf":{"@id":"https:\/\/maristeurope.eu\/nl\/#website"},"datePublished":"2024-10-23T09:11:28+00:00","dateModified":"2025-02-12T08:48:46+00:00","breadcrumb":{"@id":"https:\/\/maristeurope.eu\/nl\/links\/#breadcrumb"},"inLanguage":"nl-NL","potentialAction":[{"@type":"ReadAction","target":["https:\/\/maristeurope.eu\/nl\/links\/"]}]},{"@type":"BreadcrumbList","@id":"https:\/\/maristeurope.eu\/nl\/links\/#breadcrumb","itemListElement":[{"@type":"ListItem","position":1,"name":"Home","item":"https:\/\/maristeurope.eu\/nl\/maristen\/"},{"@type":"ListItem","position":2,"name":"Links"}]},{"@type":"WebSite","@id":"https:\/\/maristeurope.eu\/nl\/#website","url":"https:\/\/maristeurope.eu\/nl\/","name":"Marist Europe","description":"","publisher":{"@id":"https:\/\/maristeurope.eu\/nl\/#organization"},"potentialAction":[{"@type":"SearchAction","target":{"@type":"EntryPoint","urlTemplate":"https:\/\/maristeurope.eu\/nl\/?s={search_term_string}"},"query-input":{"@type":"PropertyValueSpecification","valueRequired":true,"valueName":"search_term_string"}}],"inLanguage":"nl-NL"},{"@type":"Organization","@id":"https:\/\/maristeurope.eu\/nl\/#organization","name":"Marist Europe","url":"https:\/\/maristeurope.eu\/nl\/","logo":{"@type":"ImageObject","inLanguage":"nl-NL","@id":"https:\/\/maristeurope.eu\/nl\/#\/schema\/logo\/image\/","url":"https:\/\/maristeurope.eu\/wp-content\/uploads\/2024\/10\/EU-SM-Finalogo-02.png","contentUrl":"https:\/\/maristeurope.eu\/wp-content\/uploads\/2024\/10\/EU-SM-Finalogo-02.png","width":150,"height":156,"caption":"Marist Europe"},"image":{"@id":"https:\/\/maristeurope.eu\/nl\/#\/schema\/logo\/image\/"}}]}},"_links":{"self":[{"href":"https:\/\/maristeurope.eu\/nl\/wp-json\/wp\/v2\/pages\/2896","targetHints":{"allow":["GET"]}}],"collection":[{"href":"https:\/\/maristeurope.eu\/nl\/wp-json\/wp\/v2\/pages"}],"about":[{"href":"https:\/\/maristeurope.eu\/nl\/wp-json\/wp\/v2\/types\/page"}],"author":[{"embeddable":true,"href":"https:\/\/maristeurope.eu\/nl\/wp-json\/wp\/v2\/users\/1"}],"replies":[{"embeddable":true,"href":"https:\/\/maristeurope.eu\/nl\/wp-json\/wp\/v2\/comments?post=2896"}],"version-history":[{"count":10,"href":"https:\/\/maristeurope.eu\/nl\/wp-json\/wp\/v2\/pages\/2896\/revisions"}],"predecessor-version":[{"id":2950,"href":"https:\/\/maristeurope.eu\/nl\/wp-json\/wp\/v2\/pages\/2896\/revisions\/2950"}],"wp:attachment":[{"href":"https:\/\/maristeurope.eu\/nl\/wp-json\/wp\/v2\/media?parent=2896"}],"curies":[{"name":"wp","href":"https:\/\/api.w.org\/{rel}","templated":true}]}}