{"id":4447,"date":"2025-03-07T12:42:10","date_gmt":"2025-03-07T11:42:10","guid":{"rendered":"https:\/\/marist.sjdigitaldemo.ovh\/salvaguardia-2\/"},"modified":"2026-05-09T07:00:03","modified_gmt":"2026-05-09T05:00:03","slug":"salvaguardia-2","status":"publish","type":"page","link":"https:\/\/maristeurope.eu\/it\/salvaguardia-2\/","title":{"rendered":"Salvaguardia"},"content":{"rendered":"\n<div class=\"et_pb_section_0 et_pb_section et_section_regular et_block_section\"><div class=\"et_pb_row_0 et_pb_row et_block_row preset--module--divi-row--default\"><div class=\"et_pb_column_0 et_pb_column et_pb_column_4_4 et-last-child et_block_column et_pb_css_mix_blend_mode_passthrough\"><div class=\"et_pb_text_0 et_pb_text et_pb_bg_layout_light et_pb_module et_block_module\"><div class=\"et_pb_text_inner\"><h1><b><span data-contrast=\"auto\">La protezione dei minori e degli adulti vulnerabili <\/span><\/b><span data-ccp-props=\"{\"201341983\":0,\"335559739\":0,\"335559740\":240}\"> <\/span><\/h1>\n<p><span data-ccp-props=\"{\"201341983\":0,\"335559739\":0,\"335559740\":240}\"> <\/span><span data-contrast=\"auto\">Una dimensione ineludibile del nostro contesto attuale di religiosi della Societ\u00e0 di Maria nella Chiesa \u00e8 quella della devastazione causata alle vittime di abusi sessuali. Alcuni dei nostri confratelli maristi vivono in paesi europei dove commissioni nazionali indipendenti hanno esaminato la gestione dei casi da parte delle autorit\u00e0 ecclesiastiche.   <\/span><span data-ccp-props=\"{\"201341983\":0,\"335559739\":0,\"335559740\":240}\"> <\/span><\/p>\n<p><span data-ccp-props=\"{\"201341983\":0,\"335559739\":0,\"335559740\":240}\"> <\/span><span data-contrast=\"auto\">Nessuna considerazione della nostra realt\u00e0 odierna pu\u00f2 evitare di affrontare la realt\u00e0 di ci\u00f2 che le vittime hanno sofferto e l'ombra che essa getta su di noi come corpo religioso. Ci sentiamo vicini a coloro che, in modi diversi, sono oppressi da questa sofferenza.   <\/span><span data-ccp-props=\"{\"201341983\":0,\"335559739\":0,\"335559740\":240}\"> <\/span><\/p>\n<p><span data-ccp-props=\"{\"201341983\":0,\"335559739\":0,\"335559740\":240}\"> <\/span><span data-contrast=\"auto\">Non possiamo andare avanti senza ascoltare le vittime e senza imparare da loro l'impatto che queste azioni hanno sulle loro vite. Se non riconosciamo la loro esperienza ed evitiamo di assumerci la responsabilit\u00e0 dei nostri errori, perdiamo ogni credibilit\u00e0 come religiosi. Sebbene possiamo essere tentati di evitare di ammettere tutta la verit\u00e0 sul nostro passato, questo non \u00e8 utile n\u00e9 alla Chiesa n\u00e9 alla Societ\u00e0 di Maria.    <\/span><span data-ccp-props=\"{\"201341983\":0,\"335559739\":0,\"335559740\":240}\"> <\/span><\/p>\n<p><span data-ccp-props=\"{\"201341983\":0,\"335559739\":0,\"335559740\":240}\"> <\/span><span data-contrast=\"auto\">Proteggere i vulnerabili \u00e8 un ministero e una missione. Mentre andiamo avanti, rimane fondamentale per noi \"promuovere una cultura della salvaguardia nelle nostre case, nei nostri ministeri, nelle nostre istituzioni e in tutti i luoghi in cui lavoriamo e in cui siamo...\" (CG2017, n. 40).   <\/span><span data-ccp-props=\"{\"201341983\":0,\"335559739\":0,\"335559740\":240}\"> <\/span><\/p>\n<p><span data-ccp-props=\"{\"201341983\":0,\"335559739\":0,\"335559740\":240}\"> <\/span><span data-contrast=\"auto\">La Provincia Europea \u00e8 grata ai laici e ai religiosi che si occupano di questo ministero per nostro conto. Ogni unit\u00e0 nazionale si impegna a seguire le linee guida nazionali in materia di salvaguardia del paese in cui siamo presenti. <\/span><span data-ccp-props=\"{\"201341983\":0,\"335559739\":0,\"335559740\":240}\"> <\/span><\/p>\n<\/div><\/div><\/div><\/div><\/div>\n","protected":false},"excerpt":{"rendered":"","protected":false},"author":1,"featured_media":0,"parent":0,"menu_order":0,"comment_status":"closed","ping_status":"closed","template":"","meta":{"_acf_changed":false,"footnotes":""},"class_list":["post-4447","page","type-page","status-publish","hentry"],"acf":[],"yoast_head":"<!-- This site is optimized with the Yoast SEO plugin v27.6 - https:\/\/yoast.com\/product\/yoast-seo-wordpress\/ -->\n<title>Salvaguardia - Marist Europe<\/title>\n<meta name=\"robots\" content=\"index, follow, max-snippet:-1, max-image-preview:large, max-video-preview:-1\" \/>\n<link rel=\"canonical\" href=\"https:\/\/maristeurope.eu\/it\/salvaguardia-2\/\" \/>\n<meta property=\"og:locale\" content=\"it_IT\" \/>\n<meta property=\"og:type\" content=\"article\" \/>\n<meta property=\"og:title\" content=\"Salvaguardia - Marist Europe\" \/>\n<meta property=\"og:url\" content=\"https:\/\/maristeurope.eu\/it\/salvaguardia-2\/\" \/>\n<meta property=\"og:site_name\" content=\"Marist Europe\" \/>\n<meta property=\"article:modified_time\" content=\"2026-05-09T05:00:03+00:00\" \/>\n<meta name=\"twitter:card\" content=\"summary_large_image\" \/>\n<script type=\"application\/ld+json\" class=\"yoast-schema-graph\">{\"@context\":\"https:\\\/\\\/schema.org\",\"@graph\":[{\"@type\":\"WebPage\",\"@id\":\"https:\\\/\\\/maristeurope.eu\\\/it\\\/salvaguardia-2\\\/\",\"url\":\"https:\\\/\\\/maristeurope.eu\\\/it\\\/salvaguardia-2\\\/\",\"name\":\"Salvaguardia - Marist Europe\",\"isPartOf\":{\"@id\":\"https:\\\/\\\/maristeurope.eu\\\/it\\\/#website\"},\"datePublished\":\"2025-03-07T11:42:10+00:00\",\"dateModified\":\"2026-05-09T05:00:03+00:00\",\"breadcrumb\":{\"@id\":\"https:\\\/\\\/maristeurope.eu\\\/it\\\/salvaguardia-2\\\/#breadcrumb\"},\"inLanguage\":\"it-IT\",\"potentialAction\":[{\"@type\":\"ReadAction\",\"target\":[\"https:\\\/\\\/maristeurope.eu\\\/it\\\/salvaguardia-2\\\/\"]}]},{\"@type\":\"BreadcrumbList\",\"@id\":\"https:\\\/\\\/maristeurope.eu\\\/it\\\/salvaguardia-2\\\/#breadcrumb\",\"itemListElement\":[{\"@type\":\"ListItem\",\"position\":1,\"name\":\"Home\",\"item\":\"https:\\\/\\\/maristeurope.eu\\\/it\\\/\"},{\"@type\":\"ListItem\",\"position\":2,\"name\":\"Salvaguardia\"}]},{\"@type\":\"WebSite\",\"@id\":\"https:\\\/\\\/maristeurope.eu\\\/it\\\/#website\",\"url\":\"https:\\\/\\\/maristeurope.eu\\\/it\\\/\",\"name\":\"Marist Europe\",\"description\":\"\",\"publisher\":{\"@id\":\"https:\\\/\\\/maristeurope.eu\\\/it\\\/#organization\"},\"potentialAction\":[{\"@type\":\"SearchAction\",\"target\":{\"@type\":\"EntryPoint\",\"urlTemplate\":\"https:\\\/\\\/maristeurope.eu\\\/it\\\/?s={search_term_string}\"},\"query-input\":{\"@type\":\"PropertyValueSpecification\",\"valueRequired\":true,\"valueName\":\"search_term_string\"}}],\"inLanguage\":\"it-IT\"},{\"@type\":\"Organization\",\"@id\":\"https:\\\/\\\/maristeurope.eu\\\/it\\\/#organization\",\"name\":\"Marist Europe\",\"url\":\"https:\\\/\\\/maristeurope.eu\\\/it\\\/\",\"logo\":{\"@type\":\"ImageObject\",\"inLanguage\":\"it-IT\",\"@id\":\"https:\\\/\\\/maristeurope.eu\\\/it\\\/#\\\/schema\\\/logo\\\/image\\\/\",\"url\":\"https:\\\/\\\/maristeurope.eu\\\/wp-content\\\/uploads\\\/2024\\\/10\\\/EU-SM-Finalogo-02.png\",\"contentUrl\":\"https:\\\/\\\/maristeurope.eu\\\/wp-content\\\/uploads\\\/2024\\\/10\\\/EU-SM-Finalogo-02.png\",\"width\":150,\"height\":156,\"caption\":\"Marist Europe\"},\"image\":{\"@id\":\"https:\\\/\\\/maristeurope.eu\\\/it\\\/#\\\/schema\\\/logo\\\/image\\\/\"}}]}<\/script>\n<!-- \/ Yoast SEO plugin. -->","yoast_head_json":{"title":"Salvaguardia - Marist Europe","robots":{"index":"index","follow":"follow","max-snippet":"max-snippet:-1","max-image-preview":"max-image-preview:large","max-video-preview":"max-video-preview:-1"},"canonical":"https:\/\/maristeurope.eu\/it\/salvaguardia-2\/","og_locale":"it_IT","og_type":"article","og_title":"Salvaguardia - Marist Europe","og_url":"https:\/\/maristeurope.eu\/it\/salvaguardia-2\/","og_site_name":"Marist Europe","article_modified_time":"2026-05-09T05:00:03+00:00","twitter_card":"summary_large_image","schema":{"@context":"https:\/\/schema.org","@graph":[{"@type":"WebPage","@id":"https:\/\/maristeurope.eu\/it\/salvaguardia-2\/","url":"https:\/\/maristeurope.eu\/it\/salvaguardia-2\/","name":"Salvaguardia - Marist Europe","isPartOf":{"@id":"https:\/\/maristeurope.eu\/it\/#website"},"datePublished":"2025-03-07T11:42:10+00:00","dateModified":"2026-05-09T05:00:03+00:00","breadcrumb":{"@id":"https:\/\/maristeurope.eu\/it\/salvaguardia-2\/#breadcrumb"},"inLanguage":"it-IT","potentialAction":[{"@type":"ReadAction","target":["https:\/\/maristeurope.eu\/it\/salvaguardia-2\/"]}]},{"@type":"BreadcrumbList","@id":"https:\/\/maristeurope.eu\/it\/salvaguardia-2\/#breadcrumb","itemListElement":[{"@type":"ListItem","position":1,"name":"Home","item":"https:\/\/maristeurope.eu\/it\/"},{"@type":"ListItem","position":2,"name":"Salvaguardia"}]},{"@type":"WebSite","@id":"https:\/\/maristeurope.eu\/it\/#website","url":"https:\/\/maristeurope.eu\/it\/","name":"Marist Europe","description":"","publisher":{"@id":"https:\/\/maristeurope.eu\/it\/#organization"},"potentialAction":[{"@type":"SearchAction","target":{"@type":"EntryPoint","urlTemplate":"https:\/\/maristeurope.eu\/it\/?s={search_term_string}"},"query-input":{"@type":"PropertyValueSpecification","valueRequired":true,"valueName":"search_term_string"}}],"inLanguage":"it-IT"},{"@type":"Organization","@id":"https:\/\/maristeurope.eu\/it\/#organization","name":"Marist Europe","url":"https:\/\/maristeurope.eu\/it\/","logo":{"@type":"ImageObject","inLanguage":"it-IT","@id":"https:\/\/maristeurope.eu\/it\/#\/schema\/logo\/image\/","url":"https:\/\/maristeurope.eu\/wp-content\/uploads\/2024\/10\/EU-SM-Finalogo-02.png","contentUrl":"https:\/\/maristeurope.eu\/wp-content\/uploads\/2024\/10\/EU-SM-Finalogo-02.png","width":150,"height":156,"caption":"Marist Europe"},"image":{"@id":"https:\/\/maristeurope.eu\/it\/#\/schema\/logo\/image\/"}}]}},"_links":{"self":[{"href":"https:\/\/maristeurope.eu\/it\/wp-json\/wp\/v2\/pages\/4447","targetHints":{"allow":["GET"]}}],"collection":[{"href":"https:\/\/maristeurope.eu\/it\/wp-json\/wp\/v2\/pages"}],"about":[{"href":"https:\/\/maristeurope.eu\/it\/wp-json\/wp\/v2\/types\/page"}],"author":[{"embeddable":true,"href":"https:\/\/maristeurope.eu\/it\/wp-json\/wp\/v2\/users\/1"}],"replies":[{"embeddable":true,"href":"https:\/\/maristeurope.eu\/it\/wp-json\/wp\/v2\/comments?post=4447"}],"version-history":[{"count":18,"href":"https:\/\/maristeurope.eu\/it\/wp-json\/wp\/v2\/pages\/4447\/revisions"}],"predecessor-version":[{"id":8731,"href":"https:\/\/maristeurope.eu\/it\/wp-json\/wp\/v2\/pages\/4447\/revisions\/8731"}],"wp:attachment":[{"href":"https:\/\/maristeurope.eu\/it\/wp-json\/wp\/v2\/media?parent=4447"}],"curies":[{"name":"wp","href":"https:\/\/api.w.org\/{rel}","templated":true}]}}