{"id":2750,"date":"2024-11-27T11:56:05","date_gmt":"2024-11-27T10:56:05","guid":{"rendered":"https:\/\/marist.sjdigitaldemo.ovh\/chi-siamo\/famiglia-marist\/"},"modified":"2026-05-07T08:34:15","modified_gmt":"2026-05-07T06:34:15","slug":"famiglia-marist","status":"publish","type":"page","link":"https:\/\/maristeurope.eu\/it\/chi-siamo\/famiglia-marist\/","title":{"rendered":"Famiglia Marist"},"content":{"rendered":"\n<div class=\"et_pb_section_0 et_pb_section et_section_regular et_block_section section_has_divider et_pb_bottom_divider\"><div class=\"et_pb_row_0 et_pb_row et_pb_equal_columns et_block_row et_animated preset--module--divi-row--default\"><div class=\"et_pb_column_0 et_pb_column et_pb_column_4_4 et-last-child et_block_column et_pb_css_mix_blend_mode_passthrough\"><div class=\"et_pb_text_0 et_pb_text et_pb_bg_layout_light et_pb_module et_block_module\"><div class=\"et_pb_text_inner\"><h2>Famiglia Marist<\/h2>\n<\/div><\/div><\/div><\/div><div class=\"et_pb_bottom_inside_divider et-no-transition\"><\/div><\/div><div class=\"et_pb_section_1 et_pb_section et_section_regular et_block_section\"><div class=\"et_pb_row_1 et_pb_row et_pb_equal_columns et_block_row preset--module--divi-row--default\"><div class=\"et_pb_column_1 et_pb_column et_pb_column_2_3 et_block_column et_pb_css_mix_blend_mode_passthrough et_animated\"><div class=\"et_pb_text_1 et_pb_text et_pb_bg_layout_light et_pb_module et_block_module\"><div class=\"et_pb_text_inner\"><p>La \"Societ\u00e0 di Maria\" nacque il 23 luglio 1816, presso il Santuario di Notre Dame de Fourvi\u00e8re (a Lione, Francia).<\/p>\n<p>I fondatori: un gruppo di dodici seminaristi, tra cui Jean-Claude Colin e Marcellino Champagnat. La loro visione divenne onnicomprensiva: questa \"Societ\u00e0 di Maria\", a cui si stavano dedicando, avrebbe abbracciato in un unico movimento sacerdoti, fratelli, suore e un terzo ordine di laici, uomini e donne. Sarebbe stata <strong>una \"famiglia\" con quattro rami.<\/strong>  <\/p>\n<p>  Erano legati dal loro ideale spirituale: mettersi, come Maria, al servizio della Chiesa attraverso un lavoro discreto e nascosto, ma generoso e dinamico.<\/p>\n<\/div><\/div><\/div><div class=\"et_pb_column_2 et_pb_column et_pb_column_1_3 et-last-child et_block_column et_pb_css_mix_blend_mode_passthrough et_animated\"><div class=\"et_pb_image_0 et_pb_image et_pb_module et_block_module\"><span class=\"et_pb_image_wrap\"><img loading=\"lazy\" decoding=\"async\" src=\"https:\/\/maristeurope.eu\/wp-content\/uploads\/2025\/01\/Marist-Family-tree.jpg\" width=\"705\" height=\"600\" srcset=\"https:\/\/maristeurope.eu\/wp-content\/uploads\/2025\/01\/Marist-Family-tree.jpg 705w, https:\/\/maristeurope.eu\/wp-content\/uploads\/2025\/01\/Marist-Family-tree-480x409.jpg 480w\" sizes=\"(min-width: 0px) and (max-width: 480px) 480px, (min-width: 481px) 705px, 100vw\" class=\"wp-image-1037\" title=\"Albero genealogico di Marist\" \/><\/span><\/div><\/div><\/div><\/div><div class=\"et_pb_section_2 et_pb_section et_section_regular et_block_section section_has_divider et_pb_top_divider\"><div class=\"et_pb_top_inside_divider et-no-transition\"><\/div><span class=\"et_pb_background_pattern\"><\/span><div class=\"et_pb_row_2 et_pb_row et_pb_equal_columns et_block_row et_animated preset--module--divi-row--default\"><div class=\"et_pb_column_3 et_pb_column et_pb_column_2_5 et_block_column et_pb_css_mix_blend_mode_passthrough\"><div class=\"et_pb_text_2 et_pb_text et_pb_bg_layout_light et_animated et_pb_module et_block_module et_pb_text_align_right\"><div class=\"et_pb_text_inner\"><h1>I Padri e i Fratelli Maristi della Societ\u00e0 di Maria<\/h1>\n<\/div><\/div><\/div><div class=\"et_pb_column_4 et_pb_column et_pb_column_3_5 et-last-child et_block_column et_pb_css_mix_blend_mode_passthrough\"><div class=\"et_pb_text_3 et_pb_text et_pb_bg_layout_light et_animated et_pb_module et_block_module\"><div class=\"et_pb_text_inner\"><p>La fondazione di una Societ\u00e0 che porta il nome di Maria \"<strong>per rispondere ai grandi bisogni dei popoli<\/strong>\" divenne realt\u00e0 con Padre Jean Claude Colin. In una Francia scristianizzata, i Padri Maristi condussero missioni nelle campagne e istituirono scuole. Nel 1836, su richiesta del Papa, accettarono di andare in Oceania e di fondare nuovi territori di missione. Oggi ci sono circa 600 membri in cinque continenti.   <\/p>\n<\/div><\/div><\/div><\/div><div class=\"et_pb_row_3 et_pb_row et_pb_equal_columns et_block_row et_animated preset--module--divi-row--default\"><div class=\"et_pb_column_5 et_pb_column et_pb_column_4_4 et-last-child et_block_column et_pb_css_mix_blend_mode_passthrough\"><div class=\"et_pb_text_4 et_pb_text et_pb_bg_layout_light et_animated et_pb_module et_block_module et_pb_text_align_center\"><div class=\"et_pb_text_inner\"><p>\"<em><strong>Essere maristi significa essere chiamati e scelti, grazie a un amore che ci \u00e8 stato donato gratuitamente, per vivere il Vangelo come ha fatto Maria, in una Societ\u00e0 che porta il suo nome<\/strong><\/em>\".<\/p>\n<p>Costituzioni dei Padri Maristi<\/p>\n<\/div><\/div><div class=\"et_pb_module et_pb_button_module_wrapper et_pb_button_0_wrapper\"><a class=\"et_pb_button_0 et_pb_button et_pb_bg_layout_light et_animated et_pb_module et_block_module\" href=\"\">maristsm.org<\/a><\/div><\/div><\/div><\/div><div class=\"et_pb_section_3 et_pb_section et_section_regular et_block_section section_has_divider et_pb_top_divider et_pb_bottom_divider\"><div class=\"et_pb_top_inside_divider et-no-transition\"><\/div><div class=\"et_pb_row_4 et_pb_row et_pb_equal_columns et_block_row et_animated preset--module--divi-row--default\"><div class=\"et_pb_column_6 et_pb_column et_pb_column_2_5 et_block_column et_pb_css_mix_blend_mode_passthrough\"><div class=\"et_pb_text_5 et_pb_text et_pb_bg_layout_light et_animated et_pb_module et_block_module et_pb_text_align_right\"><div class=\"et_pb_text_inner\"><h1><strong><em>I Fratelli Maristi  <\/em><\/strong><\/h1>\n<\/div><\/div><\/div><div class=\"et_pb_column_7 et_pb_column et_pb_column_3_5 et-last-child et_block_column et_pb_css_mix_blend_mode_passthrough\"><div class=\"et_pb_text_6 et_pb_text et_pb_bg_layout_light et_animated et_pb_module et_block_module\"><div class=\"et_pb_text_inner\"><p>I Fratelli Maristi sono nati nel<strong> 1817<\/strong> come risposta ai bisogni spirituali, educativi e fisici dei giovani e dei poveri. Il fondatore, un giovane padre marista francese, Marcellino Champagnat, faceva parte del gruppo dei dodici di Fourvi\u00e8re e rispondeva a queste esigenze formando giovani uomini come insegnanti. Oggi circa 2.400 Fratelli Maristi lavorano in pi\u00f9 di 60 paesi nelle scuole e in altri progetti educativi, di sviluppo e di catechesi.  <\/p>\n<\/div><\/div><\/div><\/div><div class=\"et_pb_row_5 et_pb_row et_block_row preset--module--divi-row--default\"><div class=\"et_pb_column_8 et_pb_column et_pb_column_4_4 et-last-child et_block_column et_pb_css_mix_blend_mode_passthrough\"><div class=\"et_pb_text_7 et_pb_text et_pb_bg_layout_light et_animated et_pb_module et_block_module et_pb_text_align_center\"><div class=\"et_pb_text_inner\"><p><em>\"<strong>Facciamo del nostro meglio per rimanere fedeli allo Spirito del Salvatore risorto, che ci d\u00e0, come ai primi cristiani, la grazia di vivere \"uniti nella mente e nel cuore<\/strong>\".<\/em><\/p>\n<p>Costituzioni dei Fratelli Maristi<\/p>\n<\/div><\/div><div class=\"et_pb_module et_pb_button_module_wrapper et_pb_button_1_wrapper\"><a class=\"et_pb_button_1 et_pb_button et_pb_bg_layout_light et_animated et_pb_module et_block_module\" href=\"https:\/\/champagnat.org\">champagnat.org<\/a><\/div><\/div><\/div><div class=\"et_pb_bottom_inside_divider et-no-transition\"><\/div><\/div><div class=\"et_pb_section_4 et_pb_section et_section_regular et_block_section\"><span class=\"et_pb_background_pattern\"><\/span><div class=\"et_pb_row_6 et_pb_row et_pb_equal_columns et_block_row et_animated preset--module--divi-row--default\"><div class=\"et_pb_column_9 et_pb_column et_pb_column_1_2 et_block_column et_pb_css_mix_blend_mode_passthrough\"><div class=\"et_pb_text_8 et_pb_text et_pb_bg_layout_light et_animated et_pb_module et_block_module\"><div class=\"et_pb_text_inner\"><p>Il primo ramo femminile della Societ\u00e0 di Maria nacque in Francia a Cerdon nel 1817 e continu\u00f2 a svilupparsi a Belley, grazie all'intuizione e allo zelo di Jeanne Marie Chavoin. Le Suore Mariste riconoscono Jean-Claude Colin come loro fondatore e Jeanne-Marie Chavoin come loro fondatrice. Seguendo il suo esempio, le <strong>Sorelle Mariste oggi vivono la loro missione nella Chiesa soprattutto con i giovani, i poveri e i malati, in Europa, Australia e Oceania, nelle Americhe e in Africa.<\/strong>  <\/p>\n<\/div><\/div><\/div><div class=\"et_pb_column_10 et_pb_column et_pb_column_1_2 et-last-child et_block_column et_pb_css_mix_blend_mode_passthrough\"><div class=\"et_pb_text_9 et_pb_text et_pb_bg_layout_light et_animated et_pb_module et_block_module et_pb_text_align_right\"><div class=\"et_pb_text_inner\"><h1 style=\"text-align: left;\"><strong><em>Le Sorelle Mariste  <\/em><\/strong><\/h1>\n<\/div><\/div><\/div><\/div><div class=\"et_pb_row_7 et_pb_row et_block_row preset--module--divi-row--default\"><div class=\"et_pb_column_11 et_pb_column et_pb_column_4_4 et-last-child et_block_column et_pb_css_mix_blend_mode_passthrough\"><div class=\"et_pb_text_10 et_pb_text et_pb_bg_layout_light et_animated et_pb_module et_block_module et_pb_text_align_center\"><div class=\"et_pb_text_inner\"><p><em>\"La<strong>nostra congregazione \u00e8 caratterizzata dal desiderio di fare del mistero di Maria nella chiesa l'ispirazione quotidiana della sua vita e della sua azione, e non da un lavoro speciale o dalla promozione di una particolare forma di devozione mariana.<\/strong>\"<\/em><\/p>\n<p>Costituzioni delle Suore Mariste<\/p>\n<\/div><\/div><div class=\"et_pb_module et_pb_button_module_wrapper et_pb_button_2_wrapper\"><a class=\"et_pb_button_2 et_pb_button et_pb_bg_layout_light et_animated et_pb_module et_block_module\" href=\"https:\/\/www.marists.net%20\">maristi.net  <\/a><\/div><\/div><\/div><\/div><div class=\"et_pb_section_5 et_pb_section et_section_regular et_block_section section_has_divider et_pb_top_divider et_pb_bottom_divider\"><div class=\"et_pb_top_inside_divider et-no-transition\"><\/div><div class=\"et_pb_row_8 et_pb_row et_pb_equal_columns et_block_row et_animated preset--module--divi-row--default\"><div class=\"et_pb_column_12 et_pb_column et_pb_column_2_5 et_block_column et_pb_css_mix_blend_mode_passthrough\"><div class=\"et_pb_text_11 et_pb_text et_pb_bg_layout_light et_animated et_pb_module et_block_module et_pb_text_align_right\"><div class=\"et_pb_text_inner\"><h1><strong><em>Le Sorelle Missionarie della Societ\u00e0 di Maria  <\/em><\/strong><\/h1>\n<\/div><\/div><\/div><div class=\"et_pb_column_13 et_pb_column et_pb_column_3_5 et-last-child et_block_column et_pb_css_mix_blend_mode_passthrough\"><div class=\"et_pb_text_12 et_pb_text et_pb_bg_layout_light et_animated et_pb_module et_block_module\"><div class=\"et_pb_text_inner\"><p>Fondata da <strong>Fran\u00e7oise Perroton<\/strong>, una laica francese che si rec\u00f2 sull'isola di Wallis in Oceania nel 1845, non molto tempo dopo l'arrivo dei primi Padri Maristi. Visse come membro del Terzo Ordine di Maria e si occup\u00f2 in particolare delle donne e dei bambini dell'isola. Nel 1931 le Suore Missionarie della Societ\u00e0 di Maria furono approvate come congregazione religiosa.  <\/p>\n<\/div><\/div><\/div><\/div><div class=\"et_pb_row_9 et_pb_row et_block_row preset--module--divi-row--default\"><div class=\"et_pb_column_14 et_pb_column et_pb_column_4_4 et-last-child et_block_column et_pb_css_mix_blend_mode_passthrough\"><div class=\"et_pb_text_13 et_pb_text et_pb_bg_layout_light et_animated et_pb_module et_block_module et_pb_text_align_center\"><div class=\"et_pb_text_inner\"><p><em>\"<strong>Vogliamo rispondere alle chiamate di oggi con l'audacia e lo zelo dei pionieri. Vogliamo mantenere viva questa audacia - semplice, gioiosa e prudente - basata unicamente sull'amore e sulla potenza di Dio per annunciare il Vangelo nella sua forza e integrit\u00e0, imparando ad adattarci alle diverse culture e condizioni di vita. <\/strong>\"<\/em><\/p>\n<p>Costituzioni delle Suore Missionarie Mariste<\/p>\n<\/div><\/div><div class=\"et_pb_module et_pb_button_module_wrapper et_pb_button_3_wrapper\"><a class=\"et_pb_button_3 et_pb_button et_pb_bg_layout_light et_animated et_pb_module et_block_module\" href=\"http:\/\/www.smsmsisters.org%20\">smsmsisters.org  <\/a><\/div><\/div><\/div><div class=\"et_pb_bottom_inside_divider et-no-transition\"><\/div><\/div><div class=\"et_pb_section_6 et_pb_section et_section_regular et_block_section section_has_divider et_pb_bottom_divider\"><span class=\"et_pb_background_pattern\"><\/span><div class=\"et_pb_row_10 et_pb_row et_pb_equal_columns et_block_row et_animated preset--module--divi-row--default\"><div class=\"et_pb_column_15 et_pb_column et_pb_column_2_5 et_block_column et_pb_css_mix_blend_mode_passthrough\"><div class=\"et_pb_text_14 et_pb_text et_pb_bg_layout_light et_animated et_pb_module et_block_module et_pb_text_align_right\"><div class=\"et_pb_text_inner\"><h1><b>I rami laici della Famiglia Marista<\/b><\/h1>\n<\/div><\/div><\/div><div class=\"et_pb_column_16 et_pb_column et_pb_column_3_5 et-last-child et_block_column et_pb_css_mix_blend_mode_passthrough\"><div class=\"et_pb_text_15 et_pb_text et_pb_bg_layout_light et_animated et_pb_module et_block_module\"><div class=\"et_pb_text_inner\"><p>La visione originale del progetto marista vedeva \"tutto il mondo marista\", <strong>attraverso la vita di innumerevoli laici che avrebbero assunto lo spirito di Maria<\/strong>. Il coinvolgimento dei laici nella Famiglia Marista \u00e8 stato definito da San Giuliano Eymard come il Terzo Ordine della Societ\u00e0 di Maria. Da allora si \u00e8 sviluppato in un'ampia variet\u00e0 di gruppi maristi di fedeli laici in diverse parti del mondo. Qualunque sia il loro nome, questi gruppi riuniscono uomini e donne, sposati o single, famiglie e amici, che desiderano ispirarsi all'intuizione marista per vivere il loro impegno come laici nella Chiesa e nel mondo.   <\/p>\n<\/div><\/div><\/div><\/div><div class=\"et_pb_row_11 et_pb_row et_block_row preset--module--divi-row--default\"><div class=\"et_pb_column_17 et_pb_column et_pb_column_4_4 et-last-child et_block_column et_pb_css_mix_blend_mode_passthrough\"><div class=\"et_pb_text_16 et_pb_text et_pb_bg_layout_light et_animated et_pb_module et_block_module et_pb_text_align_center\"><div class=\"et_pb_text_inner\"><p><em>\"<span style=\"font-weight: 400;\">T<strong>a caratteristica distintiva dei laici maristi \u00e8 lo stile della loro missione. Vivono la loro spiritualit\u00e0 immersi in questo mondo. Sono la \"presenza di Maria\" l\u00e0 dove gli altri rami non possono arrivare: sul posto di lavoro, nella vita sociale, con gli amici e i vicini e nella societ\u00e0 civile.  <\/strong><\/span>\"<\/em><\/p>\n<p><span style=\"font-weight: 400;\">Statuti dei Laici Maristi Europei<\/span><\/p>\n<\/div><\/div><\/div><\/div><div class=\"et_pb_bottom_inside_divider et-no-transition\"><\/div><\/div>\n","protected":false},"excerpt":{"rendered":"","protected":false},"author":1,"featured_media":0,"parent":2192,"menu_order":0,"comment_status":"closed","ping_status":"closed","template":"","meta":{"_acf_changed":false,"footnotes":""},"class_list":["post-2750","page","type-page","status-publish","hentry"],"acf":[],"yoast_head":"<!-- This site is optimized with the Yoast SEO plugin v27.6 - https:\/\/yoast.com\/product\/yoast-seo-wordpress\/ -->\n<title>Famiglia Marist - Marist Europe<\/title>\n<meta name=\"robots\" content=\"index, follow, max-snippet:-1, max-image-preview:large, max-video-preview:-1\" \/>\n<link rel=\"canonical\" href=\"https:\/\/maristeurope.eu\/it\/chi-siamo\/famiglia-marist\/\" \/>\n<meta property=\"og:locale\" content=\"it_IT\" \/>\n<meta property=\"og:type\" content=\"article\" \/>\n<meta property=\"og:title\" content=\"Famiglia Marist - Marist Europe\" \/>\n<meta property=\"og:url\" content=\"https:\/\/maristeurope.eu\/it\/chi-siamo\/famiglia-marist\/\" \/>\n<meta property=\"og:site_name\" content=\"Marist Europe\" \/>\n<meta property=\"article:modified_time\" content=\"2026-05-07T06:34:15+00:00\" \/>\n<meta name=\"twitter:card\" content=\"summary_large_image\" \/>\n<script type=\"application\/ld+json\" class=\"yoast-schema-graph\">{\"@context\":\"https:\\\/\\\/schema.org\",\"@graph\":[{\"@type\":\"WebPage\",\"@id\":\"https:\\\/\\\/maristeurope.eu\\\/it\\\/chi-siamo\\\/famiglia-marist\\\/\",\"url\":\"https:\\\/\\\/maristeurope.eu\\\/it\\\/chi-siamo\\\/famiglia-marist\\\/\",\"name\":\"Famiglia Marist - Marist Europe\",\"isPartOf\":{\"@id\":\"https:\\\/\\\/maristeurope.eu\\\/it\\\/#website\"},\"datePublished\":\"2024-11-27T10:56:05+00:00\",\"dateModified\":\"2026-05-07T06:34:15+00:00\",\"breadcrumb\":{\"@id\":\"https:\\\/\\\/maristeurope.eu\\\/it\\\/chi-siamo\\\/famiglia-marist\\\/#breadcrumb\"},\"inLanguage\":\"it-IT\",\"potentialAction\":[{\"@type\":\"ReadAction\",\"target\":[\"https:\\\/\\\/maristeurope.eu\\\/it\\\/chi-siamo\\\/famiglia-marist\\\/\"]}]},{\"@type\":\"BreadcrumbList\",\"@id\":\"https:\\\/\\\/maristeurope.eu\\\/it\\\/chi-siamo\\\/famiglia-marist\\\/#breadcrumb\",\"itemListElement\":[{\"@type\":\"ListItem\",\"position\":1,\"name\":\"Home\",\"item\":\"https:\\\/\\\/maristeurope.eu\\\/it\\\/\"},{\"@type\":\"ListItem\",\"position\":2,\"name\":\"Chi siamo\",\"item\":\"https:\\\/\\\/maristeurope.eu\\\/it\\\/about-us\\\/\"},{\"@type\":\"ListItem\",\"position\":3,\"name\":\"Famiglia Marist\"}]},{\"@type\":\"WebSite\",\"@id\":\"https:\\\/\\\/maristeurope.eu\\\/it\\\/#website\",\"url\":\"https:\\\/\\\/maristeurope.eu\\\/it\\\/\",\"name\":\"Marist Europe\",\"description\":\"\",\"publisher\":{\"@id\":\"https:\\\/\\\/maristeurope.eu\\\/it\\\/#organization\"},\"potentialAction\":[{\"@type\":\"SearchAction\",\"target\":{\"@type\":\"EntryPoint\",\"urlTemplate\":\"https:\\\/\\\/maristeurope.eu\\\/it\\\/?s={search_term_string}\"},\"query-input\":{\"@type\":\"PropertyValueSpecification\",\"valueRequired\":true,\"valueName\":\"search_term_string\"}}],\"inLanguage\":\"it-IT\"},{\"@type\":\"Organization\",\"@id\":\"https:\\\/\\\/maristeurope.eu\\\/it\\\/#organization\",\"name\":\"Marist Europe\",\"url\":\"https:\\\/\\\/maristeurope.eu\\\/it\\\/\",\"logo\":{\"@type\":\"ImageObject\",\"inLanguage\":\"it-IT\",\"@id\":\"https:\\\/\\\/maristeurope.eu\\\/it\\\/#\\\/schema\\\/logo\\\/image\\\/\",\"url\":\"https:\\\/\\\/maristeurope.eu\\\/wp-content\\\/uploads\\\/2024\\\/10\\\/EU-SM-Finalogo-02.png\",\"contentUrl\":\"https:\\\/\\\/maristeurope.eu\\\/wp-content\\\/uploads\\\/2024\\\/10\\\/EU-SM-Finalogo-02.png\",\"width\":150,\"height\":156,\"caption\":\"Marist Europe\"},\"image\":{\"@id\":\"https:\\\/\\\/maristeurope.eu\\\/it\\\/#\\\/schema\\\/logo\\\/image\\\/\"}}]}<\/script>\n<!-- \/ Yoast SEO plugin. -->","yoast_head_json":{"title":"Famiglia Marist - Marist Europe","robots":{"index":"index","follow":"follow","max-snippet":"max-snippet:-1","max-image-preview":"max-image-preview:large","max-video-preview":"max-video-preview:-1"},"canonical":"https:\/\/maristeurope.eu\/it\/chi-siamo\/famiglia-marist\/","og_locale":"it_IT","og_type":"article","og_title":"Famiglia Marist - Marist Europe","og_url":"https:\/\/maristeurope.eu\/it\/chi-siamo\/famiglia-marist\/","og_site_name":"Marist Europe","article_modified_time":"2026-05-07T06:34:15+00:00","twitter_card":"summary_large_image","schema":{"@context":"https:\/\/schema.org","@graph":[{"@type":"WebPage","@id":"https:\/\/maristeurope.eu\/it\/chi-siamo\/famiglia-marist\/","url":"https:\/\/maristeurope.eu\/it\/chi-siamo\/famiglia-marist\/","name":"Famiglia Marist - Marist Europe","isPartOf":{"@id":"https:\/\/maristeurope.eu\/it\/#website"},"datePublished":"2024-11-27T10:56:05+00:00","dateModified":"2026-05-07T06:34:15+00:00","breadcrumb":{"@id":"https:\/\/maristeurope.eu\/it\/chi-siamo\/famiglia-marist\/#breadcrumb"},"inLanguage":"it-IT","potentialAction":[{"@type":"ReadAction","target":["https:\/\/maristeurope.eu\/it\/chi-siamo\/famiglia-marist\/"]}]},{"@type":"BreadcrumbList","@id":"https:\/\/maristeurope.eu\/it\/chi-siamo\/famiglia-marist\/#breadcrumb","itemListElement":[{"@type":"ListItem","position":1,"name":"Home","item":"https:\/\/maristeurope.eu\/it\/"},{"@type":"ListItem","position":2,"name":"Chi siamo","item":"https:\/\/maristeurope.eu\/it\/about-us\/"},{"@type":"ListItem","position":3,"name":"Famiglia Marist"}]},{"@type":"WebSite","@id":"https:\/\/maristeurope.eu\/it\/#website","url":"https:\/\/maristeurope.eu\/it\/","name":"Marist Europe","description":"","publisher":{"@id":"https:\/\/maristeurope.eu\/it\/#organization"},"potentialAction":[{"@type":"SearchAction","target":{"@type":"EntryPoint","urlTemplate":"https:\/\/maristeurope.eu\/it\/?s={search_term_string}"},"query-input":{"@type":"PropertyValueSpecification","valueRequired":true,"valueName":"search_term_string"}}],"inLanguage":"it-IT"},{"@type":"Organization","@id":"https:\/\/maristeurope.eu\/it\/#organization","name":"Marist Europe","url":"https:\/\/maristeurope.eu\/it\/","logo":{"@type":"ImageObject","inLanguage":"it-IT","@id":"https:\/\/maristeurope.eu\/it\/#\/schema\/logo\/image\/","url":"https:\/\/maristeurope.eu\/wp-content\/uploads\/2024\/10\/EU-SM-Finalogo-02.png","contentUrl":"https:\/\/maristeurope.eu\/wp-content\/uploads\/2024\/10\/EU-SM-Finalogo-02.png","width":150,"height":156,"caption":"Marist Europe"},"image":{"@id":"https:\/\/maristeurope.eu\/it\/#\/schema\/logo\/image\/"}}]}},"_links":{"self":[{"href":"https:\/\/maristeurope.eu\/it\/wp-json\/wp\/v2\/pages\/2750","targetHints":{"allow":["GET"]}}],"collection":[{"href":"https:\/\/maristeurope.eu\/it\/wp-json\/wp\/v2\/pages"}],"about":[{"href":"https:\/\/maristeurope.eu\/it\/wp-json\/wp\/v2\/types\/page"}],"author":[{"embeddable":true,"href":"https:\/\/maristeurope.eu\/it\/wp-json\/wp\/v2\/users\/1"}],"replies":[{"embeddable":true,"href":"https:\/\/maristeurope.eu\/it\/wp-json\/wp\/v2\/comments?post=2750"}],"version-history":[{"count":11,"href":"https:\/\/maristeurope.eu\/it\/wp-json\/wp\/v2\/pages\/2750\/revisions"}],"predecessor-version":[{"id":10789,"href":"https:\/\/maristeurope.eu\/it\/wp-json\/wp\/v2\/pages\/2750\/revisions\/10789"}],"up":[{"embeddable":true,"href":"https:\/\/maristeurope.eu\/it\/wp-json\/wp\/v2\/pages\/2192"}],"wp:attachment":[{"href":"https:\/\/maristeurope.eu\/it\/wp-json\/wp\/v2\/media?parent=2750"}],"curies":[{"name":"wp","href":"https:\/\/api.w.org\/{rel}","templated":true}]}}