{"id":2660,"date":"2024-12-17T14:17:31","date_gmt":"2024-12-17T13:17:31","guid":{"rendered":"https:\/\/marist.sjdigitaldemo.ovh\/comunita\/italia\/"},"modified":"2026-05-07T08:34:24","modified_gmt":"2026-05-07T06:34:24","slug":"italia","status":"publish","type":"page","link":"https:\/\/maristeurope.eu\/it\/comunita\/italia\/","title":{"rendered":"Italia"},"content":{"rendered":"\n<div class=\"et_pb_section_0 et_pb_section et_section_regular et_block_section section_has_divider et_pb_bottom_divider\"><div class=\"et_pb_row_0 et_pb_row et_pb_equal_columns et_block_row et_animated preset--module--divi-row--default\"><div class=\"et_pb_column_0 et_pb_column et_pb_column_4_4 et-last-child et_block_column et_pb_css_mix_blend_mode_passthrough\"><div class=\"et_pb_text_0 et_pb_text et_pb_bg_layout_light et_pb_module et_block_module\"><div class=\"et_pb_text_inner\"><h1>Italia<\/h1>\n<\/div><\/div><\/div><\/div><div class=\"et_pb_bottom_inside_divider et-no-transition\"><\/div><\/div><div class=\"et_pb_section_1 et_pb_section et_section_regular et_block_section\"><div class=\"et_pb_row_1 et_pb_row et_block_row preset--module--divi-row--default\"><div class=\"et_pb_column_1 et_pb_column et_pb_column_4_4 et-last-child et_block_column et_pb_css_mix_blend_mode_passthrough\"><div class=\"et_pb_code_0 et_pb_code et_pb_module\"><div class=\"et_pb_code_inner\"><div class=\"sjd-locations-grid\"><div class=\"sjd-location-card\">  <div class=\"sjd-card-column sjd-column-name\">      <h2>Torino - Corso Francia<\/h2>  <\/div>  <div class=\"sjd-card-column sjd-column-description\"><p>Il Santuario di Nostra Signora di Lourdes in Corso Francia (Torino) \u00e8 stato inaugurato il 22 ottobre 1911. L'abside della chiesa in stile romanico ha la forma della grotta di Lourdes e contiene pietre provenienti dalla roccia originale di Massabielle del santuario di Lourdes. La comunit\u00e0 marista serve il santuario ininterrottamente fino ad oggi. Offre servizi sacramentali, accompagnamento spirituale e, in collaborazione con un gruppo di fedeli laici, sostiene e accoglie i senzatetto e altre persone in difficolt\u00e0.   <\/p><\/div>  <div class=\"sjd-card-column sjd-column-contact\">      <h3>Contact<\/h3><p>Nostra Signora di Lourdes Sanctuary, Corso Francia 29, 10138 Turin, Italy<\/p><p>+39 011 4472368<\/p><p><a href=\"mailto:renatofrappi@gmail.com\">renatofrappi@gmail.com<\/a><\/p>  <\/div><\/div><div class=\"sjd-location-card\">  <div class=\"sjd-card-column sjd-column-name\">      <h2>Roma - Santa Francesca Cabrini<\/h2>  <\/div>  <div class=\"sjd-card-column sjd-column-description\"><p>In preparazione all'Anno Santo 1950, i Maristi intrapresero due grandi progetti edilizi nella periferia di Roma, la scuola di San Giovanni Evangelista e la chiesa parrocchiale dedicata a Santa Francesca Cabrini. La scuola \u00e8 stata chiusa nel 2017 e la Fondazione Marymount continua a gestirvi un progetto educativo. Oggi il terzo e il quarto piano dello stesso edificio ospitano la casa di formazione internazionale marista, la Casa di Maria. La parrocchia di Santa Francesca Cabrini, inaugurata nel 1959, \u00e8 stata una delle prime parrocchie di Roma ad accogliere il nuovo movimento ecclesiale del Cammino Neocatecumenale nel 1969.   <\/p><\/div>  <div class=\"sjd-card-column sjd-column-contact\">      <h3>Contact<\/h3><p>St. Francesca Cabrini Parish, Piazza Massa Carrara 1, 00162 Rome, Italy<\/p><p>+39 06 8604542<\/p><p><a href=\"mailto:parrsfc@gmail.com\">parrsfc@gmail.com<\/a><\/p>  <\/div><\/div><div class=\"sjd-location-card\">  <div class=\"sjd-card-column sjd-column-name\">      <h2>Pratola Peligna<\/h2>  <\/div>  <div class=\"sjd-card-column sjd-column-description\"><p>Il 14 agosto 1924 i Maristi entrarono a Pratola Peligna (Abruzzo) per occuparsi del Santuario e della parrocchia di Santa Maria della Libera. Nonostante la povert\u00e0 della popolazione, i maristi riuscirono a rivitalizzare la vita cristiana del luogo, sia dei pellegrini del santuario che della popolazione locale. Oggi la comunit\u00e0 si dedica al servizio della parrocchia e del santuario. Un membro della comunit\u00e0 \u00e8 cappellano del vicino carcere di Sulmona.   <\/p><\/div>  <div class=\"sjd-card-column sjd-column-contact\">      <h3>Contact<\/h3><p>Parish Maria Santissima della Libera, Vico Santacroce 3, 67035 Pratola Peligna AQ, Italy<\/p><p>+39 0864 273146<\/p><p><a href=\"mailto:madonnalibera@virgilio.it\">madonnalibera@virgilio.it<\/a><\/p>  <\/div><\/div><div class=\"sjd-location-card\">  <div class=\"sjd-card-column sjd-column-name\">      <h2>Moncalieri - Villa Santa Maria<\/h2>  <\/div>  <div class=\"sjd-card-column sjd-column-description\"><p>Situata in una posizione pittoresca su una collina tra Torino e Moncalieri, Villa Santa Maria fu acquistata dai Maristi nel 1906 come secondo noviziato dopo l'espulsione dei religiosi dalla Francia. Dal 1922 al 1924 fu anche la sede provvisoria dell'Amministrazione Generale della Societ\u00e0 in attesa del trasferimento a Roma. Negli anni successivi, Villa Santa Maria \u00e8 stata un ostello universitario, un noviziato marista e una comunit\u00e0 per i maristi italiani in formazione. Oggi la comunit\u00e0 \u00e8 composta da maristi in pensione e attivi, alcuni dei quali sono impegnati in parrocchie locali, cappellanie e altre attivit\u00e0 pastorali. Offre ospitalit\u00e0 a gruppi di spiritualit\u00e0 e a singoli individui. L'edificio adiacente ospita una cooperativa sociale (Il Ricino) fondata da maristi e laici, che ospita e sostiene una comunit\u00e0 di ragazze madri e i loro bambini.     <\/p><\/div>  <div class=\"sjd-card-column sjd-column-contact\">      <h3>Contact<\/h3><p>Villa Santa Maria, Padri Maristi Strada Cunioli Alti 7, 10024 Moncalieri TO, Italy<\/p><p>+39 011 6610431<\/p><p><a href=\"mailto:mpregno.sm@gmail.com\">mpregno.sm@gmail.com<\/a><\/p>  <\/div><\/div><div class=\"sjd-location-card\">  <div class=\"sjd-card-column sjd-column-name\">      <h2>Castiglion Fiorentino - Rivaio<\/h2>  <\/div>  <div class=\"sjd-card-column sjd-column-description\"><p>La comunit\u00e0 marista \u00e8 presente a Castiglion Fiorentino (Arezzo - Toscana) dal 1909. Hanno fondato un seminario minore collegato al Santuario della Madonna delle Grazie di Rivaio, che risale al 1600. La scuola fu chiusa nel 1976. Nel 1964 il Santuario di Rivaio divenne una parrocchia a s\u00e9 stante. Oggi la comunit\u00e0 serve sia la parrocchia di Rivaio che diverse altre parrocchie della zona in collaborazione con un forte gruppo di fedeli laici. Alcuni di loro formano un gruppo locale di Laici Maristi, che condividono la spiritualit\u00e0 della Societ\u00e0 di Maria.     <\/p><\/div>  <div class=\"sjd-card-column sjd-column-contact\">      <h3>Contact<\/h3><p>Parish of Rivaio, 52043 Castiglion Fiorentino AR, Italy<\/p><p>+39 0575 658183<\/p><p><a href=\"mailto:emanueledm@hotmail.com\">emanueledm@hotmail.com<\/a><\/p>  <\/div><\/div><\/div><\/div><\/div><\/div><\/div><\/div>\n","protected":false},"excerpt":{"rendered":"","protected":false},"author":1,"featured_media":0,"parent":2252,"menu_order":0,"comment_status":"closed","ping_status":"closed","template":"","meta":{"_acf_changed":false,"footnotes":""},"class_list":["post-2660","page","type-page","status-publish","hentry"],"acf":[],"yoast_head":"<!-- This site is optimized with the Yoast SEO plugin v27.6 - https:\/\/yoast.com\/product\/yoast-seo-wordpress\/ -->\n<title>Italia - Marist Europe<\/title>\n<meta name=\"robots\" content=\"index, follow, max-snippet:-1, max-image-preview:large, max-video-preview:-1\" \/>\n<link rel=\"canonical\" href=\"https:\/\/maristeurope.eu\/it\/comunita\/italia\/\" \/>\n<meta property=\"og:locale\" content=\"it_IT\" \/>\n<meta property=\"og:type\" content=\"article\" \/>\n<meta property=\"og:title\" content=\"Italia - Marist Europe\" \/>\n<meta property=\"og:url\" content=\"https:\/\/maristeurope.eu\/it\/comunita\/italia\/\" \/>\n<meta property=\"og:site_name\" content=\"Marist Europe\" \/>\n<meta property=\"article:modified_time\" content=\"2026-05-07T06:34:24+00:00\" \/>\n<meta name=\"twitter:card\" content=\"summary_large_image\" \/>\n<script type=\"application\/ld+json\" class=\"yoast-schema-graph\">{\"@context\":\"https:\\\/\\\/schema.org\",\"@graph\":[{\"@type\":\"WebPage\",\"@id\":\"https:\\\/\\\/maristeurope.eu\\\/it\\\/comunita\\\/italia\\\/\",\"url\":\"https:\\\/\\\/maristeurope.eu\\\/it\\\/comunita\\\/italia\\\/\",\"name\":\"Italia - Marist Europe\",\"isPartOf\":{\"@id\":\"https:\\\/\\\/maristeurope.eu\\\/it\\\/#website\"},\"datePublished\":\"2024-12-17T13:17:31+00:00\",\"dateModified\":\"2026-05-07T06:34:24+00:00\",\"breadcrumb\":{\"@id\":\"https:\\\/\\\/maristeurope.eu\\\/it\\\/comunita\\\/italia\\\/#breadcrumb\"},\"inLanguage\":\"it-IT\",\"potentialAction\":[{\"@type\":\"ReadAction\",\"target\":[\"https:\\\/\\\/maristeurope.eu\\\/it\\\/comunita\\\/italia\\\/\"]}]},{\"@type\":\"BreadcrumbList\",\"@id\":\"https:\\\/\\\/maristeurope.eu\\\/it\\\/comunita\\\/italia\\\/#breadcrumb\",\"itemListElement\":[{\"@type\":\"ListItem\",\"position\":1,\"name\":\"Home\",\"item\":\"https:\\\/\\\/maristeurope.eu\\\/it\\\/\"},{\"@type\":\"ListItem\",\"position\":2,\"name\":\"Comunit\u00e0\",\"item\":\"https:\\\/\\\/maristeurope.eu\\\/it\\\/comunita\\\/\"},{\"@type\":\"ListItem\",\"position\":3,\"name\":\"Italia\"}]},{\"@type\":\"WebSite\",\"@id\":\"https:\\\/\\\/maristeurope.eu\\\/it\\\/#website\",\"url\":\"https:\\\/\\\/maristeurope.eu\\\/it\\\/\",\"name\":\"Marist Europe\",\"description\":\"\",\"publisher\":{\"@id\":\"https:\\\/\\\/maristeurope.eu\\\/it\\\/#organization\"},\"potentialAction\":[{\"@type\":\"SearchAction\",\"target\":{\"@type\":\"EntryPoint\",\"urlTemplate\":\"https:\\\/\\\/maristeurope.eu\\\/it\\\/?s={search_term_string}\"},\"query-input\":{\"@type\":\"PropertyValueSpecification\",\"valueRequired\":true,\"valueName\":\"search_term_string\"}}],\"inLanguage\":\"it-IT\"},{\"@type\":\"Organization\",\"@id\":\"https:\\\/\\\/maristeurope.eu\\\/it\\\/#organization\",\"name\":\"Marist Europe\",\"url\":\"https:\\\/\\\/maristeurope.eu\\\/it\\\/\",\"logo\":{\"@type\":\"ImageObject\",\"inLanguage\":\"it-IT\",\"@id\":\"https:\\\/\\\/maristeurope.eu\\\/it\\\/#\\\/schema\\\/logo\\\/image\\\/\",\"url\":\"https:\\\/\\\/maristeurope.eu\\\/wp-content\\\/uploads\\\/2024\\\/10\\\/EU-SM-Finalogo-02.png\",\"contentUrl\":\"https:\\\/\\\/maristeurope.eu\\\/wp-content\\\/uploads\\\/2024\\\/10\\\/EU-SM-Finalogo-02.png\",\"width\":150,\"height\":156,\"caption\":\"Marist Europe\"},\"image\":{\"@id\":\"https:\\\/\\\/maristeurope.eu\\\/it\\\/#\\\/schema\\\/logo\\\/image\\\/\"}}]}<\/script>\n<!-- \/ Yoast SEO plugin. -->","yoast_head_json":{"title":"Italia - Marist Europe","robots":{"index":"index","follow":"follow","max-snippet":"max-snippet:-1","max-image-preview":"max-image-preview:large","max-video-preview":"max-video-preview:-1"},"canonical":"https:\/\/maristeurope.eu\/it\/comunita\/italia\/","og_locale":"it_IT","og_type":"article","og_title":"Italia - Marist Europe","og_url":"https:\/\/maristeurope.eu\/it\/comunita\/italia\/","og_site_name":"Marist Europe","article_modified_time":"2026-05-07T06:34:24+00:00","twitter_card":"summary_large_image","schema":{"@context":"https:\/\/schema.org","@graph":[{"@type":"WebPage","@id":"https:\/\/maristeurope.eu\/it\/comunita\/italia\/","url":"https:\/\/maristeurope.eu\/it\/comunita\/italia\/","name":"Italia - Marist Europe","isPartOf":{"@id":"https:\/\/maristeurope.eu\/it\/#website"},"datePublished":"2024-12-17T13:17:31+00:00","dateModified":"2026-05-07T06:34:24+00:00","breadcrumb":{"@id":"https:\/\/maristeurope.eu\/it\/comunita\/italia\/#breadcrumb"},"inLanguage":"it-IT","potentialAction":[{"@type":"ReadAction","target":["https:\/\/maristeurope.eu\/it\/comunita\/italia\/"]}]},{"@type":"BreadcrumbList","@id":"https:\/\/maristeurope.eu\/it\/comunita\/italia\/#breadcrumb","itemListElement":[{"@type":"ListItem","position":1,"name":"Home","item":"https:\/\/maristeurope.eu\/it\/"},{"@type":"ListItem","position":2,"name":"Comunit\u00e0","item":"https:\/\/maristeurope.eu\/it\/comunita\/"},{"@type":"ListItem","position":3,"name":"Italia"}]},{"@type":"WebSite","@id":"https:\/\/maristeurope.eu\/it\/#website","url":"https:\/\/maristeurope.eu\/it\/","name":"Marist Europe","description":"","publisher":{"@id":"https:\/\/maristeurope.eu\/it\/#organization"},"potentialAction":[{"@type":"SearchAction","target":{"@type":"EntryPoint","urlTemplate":"https:\/\/maristeurope.eu\/it\/?s={search_term_string}"},"query-input":{"@type":"PropertyValueSpecification","valueRequired":true,"valueName":"search_term_string"}}],"inLanguage":"it-IT"},{"@type":"Organization","@id":"https:\/\/maristeurope.eu\/it\/#organization","name":"Marist Europe","url":"https:\/\/maristeurope.eu\/it\/","logo":{"@type":"ImageObject","inLanguage":"it-IT","@id":"https:\/\/maristeurope.eu\/it\/#\/schema\/logo\/image\/","url":"https:\/\/maristeurope.eu\/wp-content\/uploads\/2024\/10\/EU-SM-Finalogo-02.png","contentUrl":"https:\/\/maristeurope.eu\/wp-content\/uploads\/2024\/10\/EU-SM-Finalogo-02.png","width":150,"height":156,"caption":"Marist Europe"},"image":{"@id":"https:\/\/maristeurope.eu\/it\/#\/schema\/logo\/image\/"}}]}},"_links":{"self":[{"href":"https:\/\/maristeurope.eu\/it\/wp-json\/wp\/v2\/pages\/2660","targetHints":{"allow":["GET"]}}],"collection":[{"href":"https:\/\/maristeurope.eu\/it\/wp-json\/wp\/v2\/pages"}],"about":[{"href":"https:\/\/maristeurope.eu\/it\/wp-json\/wp\/v2\/types\/page"}],"author":[{"embeddable":true,"href":"https:\/\/maristeurope.eu\/it\/wp-json\/wp\/v2\/users\/1"}],"replies":[{"embeddable":true,"href":"https:\/\/maristeurope.eu\/it\/wp-json\/wp\/v2\/comments?post=2660"}],"version-history":[{"count":12,"href":"https:\/\/maristeurope.eu\/it\/wp-json\/wp\/v2\/pages\/2660\/revisions"}],"predecessor-version":[{"id":10809,"href":"https:\/\/maristeurope.eu\/it\/wp-json\/wp\/v2\/pages\/2660\/revisions\/10809"}],"up":[{"embeddable":true,"href":"https:\/\/maristeurope.eu\/it\/wp-json\/wp\/v2\/pages\/2252"}],"wp:attachment":[{"href":"https:\/\/maristeurope.eu\/it\/wp-json\/wp\/v2\/media?parent=2660"}],"curies":[{"name":"wp","href":"https:\/\/api.w.org\/{rel}","templated":true}]}}