{"id":2580,"date":"2024-12-17T14:23:19","date_gmt":"2024-12-17T13:23:19","guid":{"rendered":"https:\/\/marist.sjdigitaldemo.ovh\/comunita\/inghilterra\/"},"modified":"2026-05-07T08:34:46","modified_gmt":"2026-05-07T06:34:46","slug":"inghilterra","status":"publish","type":"page","link":"https:\/\/maristeurope.eu\/it\/comunita\/inghilterra\/","title":{"rendered":"Inghilterra"},"content":{"rendered":"\n<div class=\"et_pb_section_0 et_pb_section et_section_regular et_block_section section_has_divider et_pb_bottom_divider\"><div class=\"et_pb_row_0 et_pb_row et_pb_equal_columns et_block_row et_animated preset--module--divi-row--default\"><div class=\"et_pb_column_0 et_pb_column et_pb_column_4_4 et-last-child et_block_column et_pb_css_mix_blend_mode_passthrough\"><div class=\"et_pb_text_0 et_pb_text et_pb_bg_layout_light et_pb_module et_block_module\"><div class=\"et_pb_text_inner\"><h1>Inghilterra<\/h1>\n<\/div><\/div><\/div><\/div><div class=\"et_pb_bottom_inside_divider et-no-transition\"><\/div><\/div><div class=\"et_pb_section_1 et_pb_section et_section_regular et_block_section\"><div class=\"et_pb_row_1 et_pb_row et_block_row preset--module--divi-row--default\"><div class=\"et_pb_column_1 et_pb_column et_pb_column_4_4 et-last-child et_block_column et_pb_css_mix_blend_mode_passthrough\"><div class=\"et_pb_code_0 et_pb_code et_pb_module\"><div class=\"et_pb_code_inner\"><div class=\"sjd-locations-grid\"><div class=\"sjd-location-card\">  <div class=\"sjd-card-column sjd-column-name\">      <h2>Walsingham-Wells<\/h2>  <\/div>  <div class=\"sjd-card-column sjd-column-description\"><p>La comunit\u00e0 \u00e8 responsabile della cura pastorale di un'ampia parrocchia rurale con quattro chiese nella zona costiera del North Norfolk, incentrata sul villaggio di Walsingham. Cerchiamo di promuovere la visione della Chiesa del Vaticano II e il suo sviluppo nelle iniziative di Papa Francesco. <\/p><\/div>  <div class=\"sjd-card-column sjd-column-contact\">      <h3>Contact<\/h3><p>Catholic Church of the Annunciation, Friday Market, Little Walsingham, NR22 6DB, UK<\/p><p>+44 1328 713044<\/p><p><a href=\"https:\/\/www.catholicparishofwalsingham.org\" target=\"_blank\">Visit Website<\/a><\/p><p><a href=\"mailto:annunciation22@gmail.com\">annunciation22@gmail.com<\/a><\/p>  <\/div><\/div><div class=\"sjd-location-card\">  <div class=\"sjd-card-column sjd-column-name\">      <h2>Hull<\/h2>  <\/div>  <div class=\"sjd-card-column sjd-column-description\"><p>Il nostro ministero qui \u00e8 quello di contribuire alla vita della chiesa locale nello Spirito di Maria. Lo facciamo visitando gli anziani e i degenti, partecipando a incontri interreligiosi e a riunioni ecumeniche. Svolgiamo lavori di fornitura nelle parrocchie locali, organizziamo giornate di ritiro per i gruppi locali e lavoriamo nei centri di accoglienza per i rifugiati e i richiedenti asilo. Come parte della famiglia marista, sosteniamo e incoraggiamo i laici maristi nella loro vocazione.   <\/p><\/div>  <div class=\"sjd-card-column sjd-column-contact\">      <h3>Contact<\/h3><p>Marist Community, Newman House, 729 Beverley Road, Hull HU6 7ER, UK<\/p><p>+44 1482 856884<\/p>  <\/div><\/div><div class=\"sjd-location-card\">  <div class=\"sjd-card-column sjd-column-name\">      <h2>Londra - Notre Dame de France<\/h2>  <\/div>  <div class=\"sjd-card-column sjd-column-description\"><p>La chiesa cattolica francofona e la cappellania nel centro di Londra, affidata alle cure pastorali delle comunit\u00e0 mariste dal 1865. La nostra missione marista consiste nel formare una comunit\u00e0 di fedeli impegnata nell'evangelizzazione con parole e azioni. Questo comporta la cura pastorale della comunit\u00e0 francofona, il sostegno ai rifugiati e ai richiedenti asilo e il raggiungimento di altri nel West End di Londra, in particolare di coloro che vivono in condizioni di disagio.  \n\nIl <strong>Sandwich Service <\/strong>accoglie i senzatetto e gli altri bisognosi il sabato con panini e, cosa forse pi\u00f9 importante, con l'opportunit\u00e0 di chiacchierare e rilassarsi per qualche ora.\n\nIl <strong>Notre Dame Refugee Centre<\/strong><a href=\"http:\/\/www.notredamerc.org.uk\">(www.notredamerc.org.uk)<\/a> accoglie richiedenti asilo e rifugiati in un centro di accoglienza che offre supporto generale, uno spazio di socializzazione, consulenza in materia di immigrazione e alloggio, corsi di inglese, vestiti e articoli da toilette gratuiti.<\/p><\/div>  <div class=\"sjd-card-column sjd-column-contact\">      <h3>Contact<\/h3><p>5 Leicester Place, London WC2H 7BX, UK<\/p><p>+44 20 7437 9363<\/p><p><a href=\"https:\/\/www.ndfchurch.org\" target=\"_blank\">Visit Website<\/a><\/p><p><a href=\"mailto:info@ndfchurch.org\">info@ndfchurch.org<\/a><\/p>  <\/div><\/div><\/div><\/div><\/div><\/div><\/div><\/div>\n","protected":false},"excerpt":{"rendered":"","protected":false},"author":1,"featured_media":1654,"parent":2252,"menu_order":0,"comment_status":"closed","ping_status":"closed","template":"","meta":{"footnotes":""},"class_list":["post-2580","page","type-page","status-publish","has-post-thumbnail","hentry"],"yoast_head":"<!-- This site is optimized with the Yoast SEO plugin v27.5 - https:\/\/yoast.com\/product\/yoast-seo-wordpress\/ -->\n<title>Inghilterra - Marist Europe<\/title>\n<meta name=\"robots\" content=\"index, follow, max-snippet:-1, max-image-preview:large, max-video-preview:-1\" \/>\n<link rel=\"canonical\" href=\"https:\/\/maristeurope.eu\/it\/comunita\/inghilterra\/\" \/>\n<meta property=\"og:locale\" content=\"it_IT\" \/>\n<meta property=\"og:type\" content=\"article\" \/>\n<meta property=\"og:title\" content=\"Inghilterra - Marist Europe\" \/>\n<meta property=\"og:url\" content=\"https:\/\/maristeurope.eu\/it\/comunita\/inghilterra\/\" \/>\n<meta property=\"og:site_name\" content=\"Marist Europe\" \/>\n<meta property=\"article:modified_time\" content=\"2026-05-07T06:34:46+00:00\" \/>\n<meta property=\"og:image\" content=\"https:\/\/maristeurope.eu\/wp-content\/uploads\/2024\/11\/bridge-8830231_1280-en-tamano-grande.jpeg\" \/>\n\t<meta property=\"og:image:width\" content=\"1280\" \/>\n\t<meta property=\"og:image:height\" content=\"853\" \/>\n\t<meta property=\"og:image:type\" content=\"image\/jpeg\" \/>\n<meta name=\"twitter:card\" content=\"summary_large_image\" \/>\n<script type=\"application\/ld+json\" class=\"yoast-schema-graph\">{\"@context\":\"https:\\\/\\\/schema.org\",\"@graph\":[{\"@type\":\"WebPage\",\"@id\":\"https:\\\/\\\/maristeurope.eu\\\/it\\\/comunita\\\/inghilterra\\\/\",\"url\":\"https:\\\/\\\/maristeurope.eu\\\/it\\\/comunita\\\/inghilterra\\\/\",\"name\":\"Inghilterra - Marist Europe\",\"isPartOf\":{\"@id\":\"https:\\\/\\\/maristeurope.eu\\\/it\\\/#website\"},\"primaryImageOfPage\":{\"@id\":\"https:\\\/\\\/maristeurope.eu\\\/it\\\/comunita\\\/inghilterra\\\/#primaryimage\"},\"image\":{\"@id\":\"https:\\\/\\\/maristeurope.eu\\\/it\\\/comunita\\\/inghilterra\\\/#primaryimage\"},\"thumbnailUrl\":\"https:\\\/\\\/maristeurope.eu\\\/wp-content\\\/uploads\\\/2024\\\/11\\\/bridge-8830231_1280-en-tamano-grande.jpeg\",\"datePublished\":\"2024-12-17T13:23:19+00:00\",\"dateModified\":\"2026-05-07T06:34:46+00:00\",\"breadcrumb\":{\"@id\":\"https:\\\/\\\/maristeurope.eu\\\/it\\\/comunita\\\/inghilterra\\\/#breadcrumb\"},\"inLanguage\":\"it-IT\",\"potentialAction\":[{\"@type\":\"ReadAction\",\"target\":[\"https:\\\/\\\/maristeurope.eu\\\/it\\\/comunita\\\/inghilterra\\\/\"]}]},{\"@type\":\"ImageObject\",\"inLanguage\":\"it-IT\",\"@id\":\"https:\\\/\\\/maristeurope.eu\\\/it\\\/comunita\\\/inghilterra\\\/#primaryimage\",\"url\":\"https:\\\/\\\/maristeurope.eu\\\/wp-content\\\/uploads\\\/2024\\\/11\\\/bridge-8830231_1280-en-tamano-grande.jpeg\",\"contentUrl\":\"https:\\\/\\\/maristeurope.eu\\\/wp-content\\\/uploads\\\/2024\\\/11\\\/bridge-8830231_1280-en-tamano-grande.jpeg\",\"width\":1280,\"height\":853},{\"@type\":\"BreadcrumbList\",\"@id\":\"https:\\\/\\\/maristeurope.eu\\\/it\\\/comunita\\\/inghilterra\\\/#breadcrumb\",\"itemListElement\":[{\"@type\":\"ListItem\",\"position\":1,\"name\":\"Home\",\"item\":\"https:\\\/\\\/maristeurope.eu\\\/it\\\/\"},{\"@type\":\"ListItem\",\"position\":2,\"name\":\"Comunit\u00e0\",\"item\":\"https:\\\/\\\/maristeurope.eu\\\/it\\\/comunita\\\/\"},{\"@type\":\"ListItem\",\"position\":3,\"name\":\"Inghilterra\"}]},{\"@type\":\"WebSite\",\"@id\":\"https:\\\/\\\/maristeurope.eu\\\/it\\\/#website\",\"url\":\"https:\\\/\\\/maristeurope.eu\\\/it\\\/\",\"name\":\"Marist Europe\",\"description\":\"\",\"publisher\":{\"@id\":\"https:\\\/\\\/maristeurope.eu\\\/it\\\/#organization\"},\"potentialAction\":[{\"@type\":\"SearchAction\",\"target\":{\"@type\":\"EntryPoint\",\"urlTemplate\":\"https:\\\/\\\/maristeurope.eu\\\/it\\\/?s={search_term_string}\"},\"query-input\":{\"@type\":\"PropertyValueSpecification\",\"valueRequired\":true,\"valueName\":\"search_term_string\"}}],\"inLanguage\":\"it-IT\"},{\"@type\":\"Organization\",\"@id\":\"https:\\\/\\\/maristeurope.eu\\\/it\\\/#organization\",\"name\":\"Marist Europe\",\"url\":\"https:\\\/\\\/maristeurope.eu\\\/it\\\/\",\"logo\":{\"@type\":\"ImageObject\",\"inLanguage\":\"it-IT\",\"@id\":\"https:\\\/\\\/maristeurope.eu\\\/it\\\/#\\\/schema\\\/logo\\\/image\\\/\",\"url\":\"https:\\\/\\\/maristeurope.eu\\\/wp-content\\\/uploads\\\/2024\\\/10\\\/EU-SM-Finalogo-02.png\",\"contentUrl\":\"https:\\\/\\\/maristeurope.eu\\\/wp-content\\\/uploads\\\/2024\\\/10\\\/EU-SM-Finalogo-02.png\",\"width\":150,\"height\":156,\"caption\":\"Marist Europe\"},\"image\":{\"@id\":\"https:\\\/\\\/maristeurope.eu\\\/it\\\/#\\\/schema\\\/logo\\\/image\\\/\"}}]}<\/script>\n<!-- \/ Yoast SEO plugin. -->","yoast_head_json":{"title":"Inghilterra - Marist Europe","robots":{"index":"index","follow":"follow","max-snippet":"max-snippet:-1","max-image-preview":"max-image-preview:large","max-video-preview":"max-video-preview:-1"},"canonical":"https:\/\/maristeurope.eu\/it\/comunita\/inghilterra\/","og_locale":"it_IT","og_type":"article","og_title":"Inghilterra - Marist Europe","og_url":"https:\/\/maristeurope.eu\/it\/comunita\/inghilterra\/","og_site_name":"Marist Europe","article_modified_time":"2026-05-07T06:34:46+00:00","og_image":[{"width":1280,"height":853,"url":"https:\/\/maristeurope.eu\/wp-content\/uploads\/2024\/11\/bridge-8830231_1280-en-tamano-grande.jpeg","type":"image\/jpeg"}],"twitter_card":"summary_large_image","schema":{"@context":"https:\/\/schema.org","@graph":[{"@type":"WebPage","@id":"https:\/\/maristeurope.eu\/it\/comunita\/inghilterra\/","url":"https:\/\/maristeurope.eu\/it\/comunita\/inghilterra\/","name":"Inghilterra - Marist Europe","isPartOf":{"@id":"https:\/\/maristeurope.eu\/it\/#website"},"primaryImageOfPage":{"@id":"https:\/\/maristeurope.eu\/it\/comunita\/inghilterra\/#primaryimage"},"image":{"@id":"https:\/\/maristeurope.eu\/it\/comunita\/inghilterra\/#primaryimage"},"thumbnailUrl":"https:\/\/maristeurope.eu\/wp-content\/uploads\/2024\/11\/bridge-8830231_1280-en-tamano-grande.jpeg","datePublished":"2024-12-17T13:23:19+00:00","dateModified":"2026-05-07T06:34:46+00:00","breadcrumb":{"@id":"https:\/\/maristeurope.eu\/it\/comunita\/inghilterra\/#breadcrumb"},"inLanguage":"it-IT","potentialAction":[{"@type":"ReadAction","target":["https:\/\/maristeurope.eu\/it\/comunita\/inghilterra\/"]}]},{"@type":"ImageObject","inLanguage":"it-IT","@id":"https:\/\/maristeurope.eu\/it\/comunita\/inghilterra\/#primaryimage","url":"https:\/\/maristeurope.eu\/wp-content\/uploads\/2024\/11\/bridge-8830231_1280-en-tamano-grande.jpeg","contentUrl":"https:\/\/maristeurope.eu\/wp-content\/uploads\/2024\/11\/bridge-8830231_1280-en-tamano-grande.jpeg","width":1280,"height":853},{"@type":"BreadcrumbList","@id":"https:\/\/maristeurope.eu\/it\/comunita\/inghilterra\/#breadcrumb","itemListElement":[{"@type":"ListItem","position":1,"name":"Home","item":"https:\/\/maristeurope.eu\/it\/"},{"@type":"ListItem","position":2,"name":"Comunit\u00e0","item":"https:\/\/maristeurope.eu\/it\/comunita\/"},{"@type":"ListItem","position":3,"name":"Inghilterra"}]},{"@type":"WebSite","@id":"https:\/\/maristeurope.eu\/it\/#website","url":"https:\/\/maristeurope.eu\/it\/","name":"Marist Europe","description":"","publisher":{"@id":"https:\/\/maristeurope.eu\/it\/#organization"},"potentialAction":[{"@type":"SearchAction","target":{"@type":"EntryPoint","urlTemplate":"https:\/\/maristeurope.eu\/it\/?s={search_term_string}"},"query-input":{"@type":"PropertyValueSpecification","valueRequired":true,"valueName":"search_term_string"}}],"inLanguage":"it-IT"},{"@type":"Organization","@id":"https:\/\/maristeurope.eu\/it\/#organization","name":"Marist Europe","url":"https:\/\/maristeurope.eu\/it\/","logo":{"@type":"ImageObject","inLanguage":"it-IT","@id":"https:\/\/maristeurope.eu\/it\/#\/schema\/logo\/image\/","url":"https:\/\/maristeurope.eu\/wp-content\/uploads\/2024\/10\/EU-SM-Finalogo-02.png","contentUrl":"https:\/\/maristeurope.eu\/wp-content\/uploads\/2024\/10\/EU-SM-Finalogo-02.png","width":150,"height":156,"caption":"Marist Europe"},"image":{"@id":"https:\/\/maristeurope.eu\/it\/#\/schema\/logo\/image\/"}}]}},"_links":{"self":[{"href":"https:\/\/maristeurope.eu\/it\/wp-json\/wp\/v2\/pages\/2580","targetHints":{"allow":["GET"]}}],"collection":[{"href":"https:\/\/maristeurope.eu\/it\/wp-json\/wp\/v2\/pages"}],"about":[{"href":"https:\/\/maristeurope.eu\/it\/wp-json\/wp\/v2\/types\/page"}],"author":[{"embeddable":true,"href":"https:\/\/maristeurope.eu\/it\/wp-json\/wp\/v2\/users\/1"}],"replies":[{"embeddable":true,"href":"https:\/\/maristeurope.eu\/it\/wp-json\/wp\/v2\/comments?post=2580"}],"version-history":[{"count":10,"href":"https:\/\/maristeurope.eu\/it\/wp-json\/wp\/v2\/pages\/2580\/revisions"}],"predecessor-version":[{"id":10841,"href":"https:\/\/maristeurope.eu\/it\/wp-json\/wp\/v2\/pages\/2580\/revisions\/10841"}],"up":[{"embeddable":true,"href":"https:\/\/maristeurope.eu\/it\/wp-json\/wp\/v2\/pages\/2252"}],"wp:featuredmedia":[{"embeddable":true,"href":"https:\/\/maristeurope.eu\/it\/wp-json\/wp\/v2\/media\/1654"}],"wp:attachment":[{"href":"https:\/\/maristeurope.eu\/it\/wp-json\/wp\/v2\/media?parent=2580"}],"curies":[{"name":"wp","href":"https:\/\/api.w.org\/{rel}","templated":true}]}}