{"id":2491,"date":"2024-12-17T14:28:21","date_gmt":"2024-12-17T13:28:21","guid":{"rendered":"https:\/\/marist.sjdigitaldemo.ovh\/comunita\/spagna\/"},"modified":"2026-05-07T08:34:55","modified_gmt":"2026-05-07T06:34:55","slug":"spagna","status":"publish","type":"page","link":"https:\/\/maristeurope.eu\/it\/comunita\/spagna\/","title":{"rendered":"Spagna"},"content":{"rendered":"\n<div class=\"et_pb_section_0 et_pb_section et_section_regular et_block_section section_has_divider et_pb_bottom_divider\"><div class=\"et_pb_row_0 et_pb_row et_pb_equal_columns et_block_row et_animated preset--module--divi-row--default\"><div class=\"et_pb_column_0 et_pb_column et_pb_column_4_4 et-last-child et_block_column et_pb_css_mix_blend_mode_passthrough\"><div class=\"et_pb_text_0 et_pb_text et_pb_bg_layout_light et_pb_module et_block_module\"><div class=\"et_pb_text_inner\"><h1>Spagna<\/h1>\n<\/div><\/div><\/div><\/div><div class=\"et_pb_bottom_inside_divider et-no-transition\"><\/div><\/div><div class=\"et_pb_section_1 et_pb_section et_section_regular et_block_section\"><div class=\"et_pb_row_1 et_pb_row et_block_row preset--module--divi-row--default\"><div class=\"et_pb_column_1 et_pb_column et_pb_column_4_4 et-last-child et_block_column et_pb_css_mix_blend_mode_passthrough\"><div class=\"et_pb_code_0 et_pb_code et_pb_module\"><div class=\"et_pb_code_inner\"><div class=\"sjd-locations-grid\"><div class=\"sjd-location-card\">  <div class=\"sjd-card-column sjd-column-name\">      <h2>Sahag\u00fan<\/h2>  <\/div>  <div class=\"sjd-card-column sjd-column-description\"><p>Nel 2018 abbiamo intrapreso un nuovo ministero nella Provincia Europea: l'accoglienza cristiana dei pellegrini sul Cammino di Santiago. Come luogo \u00e8 stata scelta Sahag\u00fan, dove abbiamo affittato l'ex foresteria di un monastero benedettino, risalente al XVI secolo. Siamo una comunit\u00e0 marista internazionale e facciamo parte delle comunit\u00e0 <em>Omnes Gentes<\/em> della Societ\u00e0 di Maria. Invitiamo religiosi e laici a partecipare alla nostra missione per un periodo di tempo come volontari.   <\/p><\/div>  <div class=\"sjd-card-column sjd-column-contact\">      <h3>Contact<\/h3><p>Padres Maristas, Calle Do\u00f1a Constanza 9, 24320 Sahag\u00fan, Spain<\/p><p>+34 987 780 851<\/p><p><a href=\"https:\/\/www.alberguesensahagun.es\" target=\"_blank\">Visit Website<\/a><\/p><p><a href=\"mailto:alberguesantacruzsahagun@gmail.com\">alberguesantacruzsahagun@gmail.com<\/a><\/p>  <\/div><\/div><div class=\"sjd-location-card\">  <div class=\"sjd-card-column sjd-column-name\">      <h2>Madrid<\/h2>  <\/div>  <div class=\"sjd-card-column sjd-column-description\"><p>Siamo a Madrid dal 1924. La guerra civile del 1936 pose fine alla scuola appena iniziata. La nostra missione \u00e8 offrire ospitalit\u00e0 ai maristi e ospitare gli uffici amministrativi in Spagna. Siamo impegnati in vari altri ministeri in base alla nostra et\u00e0 e al nostro carisma.   <\/p><\/div>  <div class=\"sjd-card-column sjd-column-contact\">      <h3>Contact<\/h3><p>Padres Maristas, Calle Olivos 10, 28003 Madrid, Spain<\/p><p>+34 91 533 96 22<\/p><p><a href=\"mailto:padresmaristas.esp@gmail.com\">padresmaristas.esp@gmail.com<\/a><\/p>  <\/div><\/div><div class=\"sjd-location-card\">  <div class=\"sjd-card-column sjd-column-name\">      <h2>Le\u00f3n Casa Sacerdotale<\/h2>  <\/div>  <div class=\"sjd-card-column sjd-column-description\"><p>Dal 2017 viviamo insieme a sacerdoti diocesani attivi e in pensione nella Residenza per sacerdoti della diocesi di Le\u00f3n. La comunit\u00e0 \u00e8 composta da maristi in pensione e alcuni di loro svolgono ancora servizi pastorali nella diocesi, compreso il lavoro con le comunit\u00e0 di migranti. <\/p><\/div>  <div class=\"sjd-card-column sjd-column-contact\">      <h3>Contact<\/h3><p>Padres Maristas, Casa Sacerdotal, Calle Obispo Almarcha 22, 24006 Le\u00f3n, Spain<\/p><p>+34 987 258 050<\/p><p><a href=\"mailto:padresmaristasleon@gmail.com\">padresmaristasleon@gmail.com<\/a><\/p>  <\/div><\/div><\/div><\/div><\/div><\/div><\/div><\/div>\n","protected":false},"excerpt":{"rendered":"","protected":false},"author":1,"featured_media":1644,"parent":2252,"menu_order":0,"comment_status":"closed","ping_status":"closed","template":"","meta":{"_acf_changed":false,"footnotes":""},"class_list":["post-2491","page","type-page","status-publish","has-post-thumbnail","hentry"],"acf":[],"yoast_head":"<!-- This site is optimized with the Yoast SEO plugin v27.6 - https:\/\/yoast.com\/product\/yoast-seo-wordpress\/ -->\n<title>Spagna - Marist Europe<\/title>\n<meta name=\"robots\" content=\"index, follow, max-snippet:-1, max-image-preview:large, max-video-preview:-1\" \/>\n<link rel=\"canonical\" href=\"https:\/\/maristeurope.eu\/it\/comunita\/spagna\/\" \/>\n<meta property=\"og:locale\" content=\"it_IT\" \/>\n<meta property=\"og:type\" content=\"article\" \/>\n<meta property=\"og:title\" content=\"Spagna - Marist Europe\" \/>\n<meta property=\"og:url\" content=\"https:\/\/maristeurope.eu\/it\/comunita\/spagna\/\" \/>\n<meta property=\"og:site_name\" content=\"Marist Europe\" \/>\n<meta property=\"article:modified_time\" content=\"2026-05-07T06:34:55+00:00\" \/>\n<meta property=\"og:image\" content=\"https:\/\/maristeurope.eu\/wp-content\/uploads\/2024\/11\/spain-985372_1280-en-tamano-grande.jpeg\" \/>\n\t<meta property=\"og:image:width\" content=\"1280\" \/>\n\t<meta property=\"og:image:height\" content=\"853\" \/>\n\t<meta property=\"og:image:type\" content=\"image\/jpeg\" \/>\n<meta name=\"twitter:card\" content=\"summary_large_image\" \/>\n<script type=\"application\/ld+json\" class=\"yoast-schema-graph\">{\"@context\":\"https:\\\/\\\/schema.org\",\"@graph\":[{\"@type\":\"WebPage\",\"@id\":\"https:\\\/\\\/maristeurope.eu\\\/it\\\/comunita\\\/spagna\\\/\",\"url\":\"https:\\\/\\\/maristeurope.eu\\\/it\\\/comunita\\\/spagna\\\/\",\"name\":\"Spagna - Marist Europe\",\"isPartOf\":{\"@id\":\"https:\\\/\\\/maristeurope.eu\\\/it\\\/#website\"},\"primaryImageOfPage\":{\"@id\":\"https:\\\/\\\/maristeurope.eu\\\/it\\\/comunita\\\/spagna\\\/#primaryimage\"},\"image\":{\"@id\":\"https:\\\/\\\/maristeurope.eu\\\/it\\\/comunita\\\/spagna\\\/#primaryimage\"},\"thumbnailUrl\":\"https:\\\/\\\/maristeurope.eu\\\/wp-content\\\/uploads\\\/2024\\\/11\\\/spain-985372_1280-en-tamano-grande.jpeg\",\"datePublished\":\"2024-12-17T13:28:21+00:00\",\"dateModified\":\"2026-05-07T06:34:55+00:00\",\"breadcrumb\":{\"@id\":\"https:\\\/\\\/maristeurope.eu\\\/it\\\/comunita\\\/spagna\\\/#breadcrumb\"},\"inLanguage\":\"it-IT\",\"potentialAction\":[{\"@type\":\"ReadAction\",\"target\":[\"https:\\\/\\\/maristeurope.eu\\\/it\\\/comunita\\\/spagna\\\/\"]}]},{\"@type\":\"ImageObject\",\"inLanguage\":\"it-IT\",\"@id\":\"https:\\\/\\\/maristeurope.eu\\\/it\\\/comunita\\\/spagna\\\/#primaryimage\",\"url\":\"https:\\\/\\\/maristeurope.eu\\\/wp-content\\\/uploads\\\/2024\\\/11\\\/spain-985372_1280-en-tamano-grande.jpeg\",\"contentUrl\":\"https:\\\/\\\/maristeurope.eu\\\/wp-content\\\/uploads\\\/2024\\\/11\\\/spain-985372_1280-en-tamano-grande.jpeg\",\"width\":1280,\"height\":853},{\"@type\":\"BreadcrumbList\",\"@id\":\"https:\\\/\\\/maristeurope.eu\\\/it\\\/comunita\\\/spagna\\\/#breadcrumb\",\"itemListElement\":[{\"@type\":\"ListItem\",\"position\":1,\"name\":\"Home\",\"item\":\"https:\\\/\\\/maristeurope.eu\\\/it\\\/\"},{\"@type\":\"ListItem\",\"position\":2,\"name\":\"Comunit\u00e0\",\"item\":\"https:\\\/\\\/maristeurope.eu\\\/it\\\/comunita\\\/\"},{\"@type\":\"ListItem\",\"position\":3,\"name\":\"Spagna\"}]},{\"@type\":\"WebSite\",\"@id\":\"https:\\\/\\\/maristeurope.eu\\\/it\\\/#website\",\"url\":\"https:\\\/\\\/maristeurope.eu\\\/it\\\/\",\"name\":\"Marist Europe\",\"description\":\"\",\"publisher\":{\"@id\":\"https:\\\/\\\/maristeurope.eu\\\/it\\\/#organization\"},\"potentialAction\":[{\"@type\":\"SearchAction\",\"target\":{\"@type\":\"EntryPoint\",\"urlTemplate\":\"https:\\\/\\\/maristeurope.eu\\\/it\\\/?s={search_term_string}\"},\"query-input\":{\"@type\":\"PropertyValueSpecification\",\"valueRequired\":true,\"valueName\":\"search_term_string\"}}],\"inLanguage\":\"it-IT\"},{\"@type\":\"Organization\",\"@id\":\"https:\\\/\\\/maristeurope.eu\\\/it\\\/#organization\",\"name\":\"Marist Europe\",\"url\":\"https:\\\/\\\/maristeurope.eu\\\/it\\\/\",\"logo\":{\"@type\":\"ImageObject\",\"inLanguage\":\"it-IT\",\"@id\":\"https:\\\/\\\/maristeurope.eu\\\/it\\\/#\\\/schema\\\/logo\\\/image\\\/\",\"url\":\"https:\\\/\\\/maristeurope.eu\\\/wp-content\\\/uploads\\\/2024\\\/10\\\/EU-SM-Finalogo-02.png\",\"contentUrl\":\"https:\\\/\\\/maristeurope.eu\\\/wp-content\\\/uploads\\\/2024\\\/10\\\/EU-SM-Finalogo-02.png\",\"width\":150,\"height\":156,\"caption\":\"Marist Europe\"},\"image\":{\"@id\":\"https:\\\/\\\/maristeurope.eu\\\/it\\\/#\\\/schema\\\/logo\\\/image\\\/\"}}]}<\/script>\n<!-- \/ Yoast SEO plugin. -->","yoast_head_json":{"title":"Spagna - Marist Europe","robots":{"index":"index","follow":"follow","max-snippet":"max-snippet:-1","max-image-preview":"max-image-preview:large","max-video-preview":"max-video-preview:-1"},"canonical":"https:\/\/maristeurope.eu\/it\/comunita\/spagna\/","og_locale":"it_IT","og_type":"article","og_title":"Spagna - Marist Europe","og_url":"https:\/\/maristeurope.eu\/it\/comunita\/spagna\/","og_site_name":"Marist Europe","article_modified_time":"2026-05-07T06:34:55+00:00","og_image":[{"width":1280,"height":853,"url":"https:\/\/maristeurope.eu\/wp-content\/uploads\/2024\/11\/spain-985372_1280-en-tamano-grande.jpeg","type":"image\/jpeg"}],"twitter_card":"summary_large_image","schema":{"@context":"https:\/\/schema.org","@graph":[{"@type":"WebPage","@id":"https:\/\/maristeurope.eu\/it\/comunita\/spagna\/","url":"https:\/\/maristeurope.eu\/it\/comunita\/spagna\/","name":"Spagna - Marist Europe","isPartOf":{"@id":"https:\/\/maristeurope.eu\/it\/#website"},"primaryImageOfPage":{"@id":"https:\/\/maristeurope.eu\/it\/comunita\/spagna\/#primaryimage"},"image":{"@id":"https:\/\/maristeurope.eu\/it\/comunita\/spagna\/#primaryimage"},"thumbnailUrl":"https:\/\/maristeurope.eu\/wp-content\/uploads\/2024\/11\/spain-985372_1280-en-tamano-grande.jpeg","datePublished":"2024-12-17T13:28:21+00:00","dateModified":"2026-05-07T06:34:55+00:00","breadcrumb":{"@id":"https:\/\/maristeurope.eu\/it\/comunita\/spagna\/#breadcrumb"},"inLanguage":"it-IT","potentialAction":[{"@type":"ReadAction","target":["https:\/\/maristeurope.eu\/it\/comunita\/spagna\/"]}]},{"@type":"ImageObject","inLanguage":"it-IT","@id":"https:\/\/maristeurope.eu\/it\/comunita\/spagna\/#primaryimage","url":"https:\/\/maristeurope.eu\/wp-content\/uploads\/2024\/11\/spain-985372_1280-en-tamano-grande.jpeg","contentUrl":"https:\/\/maristeurope.eu\/wp-content\/uploads\/2024\/11\/spain-985372_1280-en-tamano-grande.jpeg","width":1280,"height":853},{"@type":"BreadcrumbList","@id":"https:\/\/maristeurope.eu\/it\/comunita\/spagna\/#breadcrumb","itemListElement":[{"@type":"ListItem","position":1,"name":"Home","item":"https:\/\/maristeurope.eu\/it\/"},{"@type":"ListItem","position":2,"name":"Comunit\u00e0","item":"https:\/\/maristeurope.eu\/it\/comunita\/"},{"@type":"ListItem","position":3,"name":"Spagna"}]},{"@type":"WebSite","@id":"https:\/\/maristeurope.eu\/it\/#website","url":"https:\/\/maristeurope.eu\/it\/","name":"Marist Europe","description":"","publisher":{"@id":"https:\/\/maristeurope.eu\/it\/#organization"},"potentialAction":[{"@type":"SearchAction","target":{"@type":"EntryPoint","urlTemplate":"https:\/\/maristeurope.eu\/it\/?s={search_term_string}"},"query-input":{"@type":"PropertyValueSpecification","valueRequired":true,"valueName":"search_term_string"}}],"inLanguage":"it-IT"},{"@type":"Organization","@id":"https:\/\/maristeurope.eu\/it\/#organization","name":"Marist Europe","url":"https:\/\/maristeurope.eu\/it\/","logo":{"@type":"ImageObject","inLanguage":"it-IT","@id":"https:\/\/maristeurope.eu\/it\/#\/schema\/logo\/image\/","url":"https:\/\/maristeurope.eu\/wp-content\/uploads\/2024\/10\/EU-SM-Finalogo-02.png","contentUrl":"https:\/\/maristeurope.eu\/wp-content\/uploads\/2024\/10\/EU-SM-Finalogo-02.png","width":150,"height":156,"caption":"Marist Europe"},"image":{"@id":"https:\/\/maristeurope.eu\/it\/#\/schema\/logo\/image\/"}}]}},"_links":{"self":[{"href":"https:\/\/maristeurope.eu\/it\/wp-json\/wp\/v2\/pages\/2491","targetHints":{"allow":["GET"]}}],"collection":[{"href":"https:\/\/maristeurope.eu\/it\/wp-json\/wp\/v2\/pages"}],"about":[{"href":"https:\/\/maristeurope.eu\/it\/wp-json\/wp\/v2\/types\/page"}],"author":[{"embeddable":true,"href":"https:\/\/maristeurope.eu\/it\/wp-json\/wp\/v2\/users\/1"}],"replies":[{"embeddable":true,"href":"https:\/\/maristeurope.eu\/it\/wp-json\/wp\/v2\/comments?post=2491"}],"version-history":[{"count":12,"href":"https:\/\/maristeurope.eu\/it\/wp-json\/wp\/v2\/pages\/2491\/revisions"}],"predecessor-version":[{"id":10853,"href":"https:\/\/maristeurope.eu\/it\/wp-json\/wp\/v2\/pages\/2491\/revisions\/10853"}],"up":[{"embeddable":true,"href":"https:\/\/maristeurope.eu\/it\/wp-json\/wp\/v2\/pages\/2252"}],"wp:featuredmedia":[{"embeddable":true,"href":"https:\/\/maristeurope.eu\/it\/wp-json\/wp\/v2\/media\/1644"}],"wp:attachment":[{"href":"https:\/\/maristeurope.eu\/it\/wp-json\/wp\/v2\/media?parent=2491"}],"curies":[{"name":"wp","href":"https:\/\/api.w.org\/{rel}","templated":true}]}}