{"id":2490,"date":"2024-12-17T14:30:29","date_gmt":"2024-12-17T13:30:29","guid":{"rendered":"https:\/\/marist.sjdigitaldemo.ovh\/comunita\/irlanda\/"},"modified":"2026-05-07T08:35:03","modified_gmt":"2026-05-07T06:35:03","slug":"irlanda","status":"publish","type":"page","link":"https:\/\/maristeurope.eu\/it\/comunita\/irlanda\/","title":{"rendered":"Irlanda"},"content":{"rendered":"\n<div class=\"et_pb_section_0 et_pb_section et_section_regular et_block_section section_has_divider et_pb_bottom_divider\"><div class=\"et_pb_row_0 et_pb_row et_pb_equal_columns et_block_row et_animated preset--module--divi-row--default\"><div class=\"et_pb_column_0 et_pb_column et_pb_column_4_4 et-last-child et_block_column et_pb_css_mix_blend_mode_passthrough\"><div class=\"et_pb_text_0 et_pb_text et_pb_bg_layout_light et_pb_module et_block_module\"><div class=\"et_pb_text_inner\"><h1>Irlanda<\/h1>\n<\/div><\/div><\/div><\/div><div class=\"et_pb_bottom_inside_divider et-no-transition\"><\/div><\/div><div class=\"et_pb_section_1 et_pb_section et_section_regular et_block_section\"><div class=\"et_pb_row_1 et_pb_row et_block_row preset--module--divi-row--default\"><div class=\"et_pb_column_1 et_pb_column et_pb_column_4_4 et-last-child et_block_column et_pb_css_mix_blend_mode_passthrough\"><div class=\"et_pb_code_0 et_pb_code et_pb_module\"><div class=\"et_pb_code_inner\"><div class=\"sjd-locations-grid\"><div class=\"sjd-location-card\">  <div class=\"sjd-card-column sjd-column-name\">      <h2>Dundalk Cerdon<\/h2>  <\/div>  <div class=\"sjd-card-column sjd-column-description\"><p><!-- wp:paragraph {\"translatedWithWPMLTM\":\"1\"} -->\n<p>Siamo una comunit\u00e0 di maristi in pensione, alcuni dei quali sono impegnati nel ministero pastorale e nel lavoro di cappellano nella scuola marista, il St Mary's College. Il complesso scolastico comprende la chiesa di St Mary, aperta al pubblico e nota per la sua splendida architettura in pietra, che comprende pareti in granito ben eseguite e vetrate colorate. <\/p>\n<!-- \/wp:paragraph --><!-- wp:paragraph {\"translatedWithWPMLTM\":\"1\"} -->\n<p>St Mary's College Dundalk: 6 Nicholas Street, Dundalk, Co. Louth A91 AD05 Irlanda <a href=\"http:\/\/www.maristdundalk.ie\">www.maristdundalk.ie<\/a> <\/p>\n<!-- \/wp:paragraph --><\/p><\/div>  <div class=\"sjd-card-column sjd-column-contact\">      <h3>Contact<\/h3><p>Cerdon Marist Community, St Mary\u2019s Road, Dundalk, Co. Louth A91 A7D5 Ireland<\/p><p>+353 42 933 4019<\/p>  <\/div><\/div><div class=\"sjd-location-card\">  <div class=\"sjd-card-column sjd-column-name\">      <h2>Dublino Donore Avenue<\/h2>  <\/div>  <div class=\"sjd-card-column sjd-column-description\"><p><!-- wp:paragraph {\"translatedWithWPMLTM\":\"1\"} -->\n<p>La parrocchia di Santa Teresa \u00e8 affidata alla comunit\u00e0 marista e si trova in una zona difficile della citt\u00e0. Siamo una parrocchia aperta e inclusiva che accoglie tutte le persone nella nostra chiesa. Ci impegniamo a esplorare nuove opportunit\u00e0 per incoraggiare con rispetto tutti a partecipare attivamente alla vita della parrocchia. Santa Teresa aspira ad essere una chiesa viva che testimonia la propria eredit\u00e0 spirituale attraverso la centralit\u00e0 della preghiera e del culto e l'impegno per la giustizia sociale.   <\/p>\n<!-- \/wp:paragraph --><!-- wp:paragraph {\"translatedWithWPMLTM\":\"1\"} -->\n<p>La comunit\u00e0 fornisce anche supporto al team di cappellani della Marist Catholic University School nel centro di Dublino. CUS (Catholic University School) 89 Lower Leeson Street Dublin 02 KC81 Ireland <a href=\"http:\/\/www.cus.ie\">www.cus.ie<\/a> <\/p>\n<!-- \/wp:paragraph --><\/p><\/div>  <div class=\"sjd-card-column sjd-column-contact\">      <h3>Contact<\/h3><p>Marist Community, St. Teresa\u2019s Parish House, 78A Donore Avenue, Dublin 8 D08 A06W, Ireland<\/p><p>+353 1 454 2425<\/p><p><a href=\"https:\/\/www.donoreavenueparish.ie\" target=\"_blank\">Visit Website<\/a><\/p><p><a href=\"mailto:info@donoreavenueparish.ie\">info@donoreavenueparish.ie<\/a><\/p>  <\/div><\/div><div class=\"sjd-location-card\">  <div class=\"sjd-card-column sjd-column-name\">      <h2>Parrocchia di San Brendan<\/h2>  <\/div>  <div class=\"sjd-card-column sjd-column-description\"><p><!-- wp:paragraph {\"translatedWithWPMLTM\":\"1\"} -->\n<p>La parrocchia \u00e8 affidata alla comunit\u00e0 marista. La comunit\u00e0 \u00e8 relativamente piccola, con circa mille famiglie. La nostra missione recita: <em>\"St Brendan's \u00e8 una parrocchia cattolica attenta e ispirata dal Vangelo, che celebra e lavora insieme per costruire una comunit\u00e0 di giustizia, amore e pace\".<\/em> La vitalit\u00e0 della comunit\u00e0 \u00e8 testimoniata dalla grande variet\u00e0 di gruppi presenti all'interno della parrocchia: il Consiglio Pastorale, il Comitato delle Finanze, l'equipe per i battesimi, l'equipe per i funerali, il gruppo per la liturgia guidata dai laici, i ministri dell'Eucaristia, i ministri della Parola, i musicisti e i cantanti, la Societ\u00e0 di San Vincenzo de' Paoli, il gruppo per la cura del pianeta, per non parlare di tutti i gruppi che utilizzano il centro parrocchiale.   <\/p>\n<!-- \/wp:paragraph --><\/p><\/div>  <div class=\"sjd-card-column sjd-column-contact\">      <h3>Contact<\/h3><p>Coolock Village, Dublin 5 D05 XK51, Ireland<\/p><p>+353 1 848 0102<\/p><p><a href=\"https:\/\/www.stbrendanscoolock.org\" target=\"_blank\">Visit Website<\/a><\/p><p><a href=\"mailto:office@stbrendanscoolock.org\">office@stbrendanscoolock.org<\/a><\/p>  <\/div><\/div><div class=\"sjd-location-card\">  <div class=\"sjd-card-column sjd-column-name\">      <h2>Dublino Coolock<\/h2>  <\/div>  <div class=\"sjd-card-column sjd-column-description\"><p><!-- wp:paragraph {\"translatedWithWPMLTM\":\"1\"} -->\n<p>Il nostro ministero consiste nell'essere una presenza marista nella chiesa locale. Lo facciamo celebrando i sacramenti nella chiesa locale di St Brendan's; fornendo un servizio di cappellania alla nostra scuola secondaria marista, il Chanel College; cappellania a due conventi locali. Ci sono otto membri che vivono nella comunit\u00e0 e due confratelli in case di riposo locali. Il ministero del servizio d'amore reciproco nella comunit\u00e0 \u00e8 un apostolato primario.   <\/p>\n<!-- \/wp:paragraph --><\/p><\/div>  <div class=\"sjd-card-column sjd-column-contact\">      <h3>Contact<\/h3><p>Chanel Marist Community, Coolock, Dublin 5, D05 KV62, Ireland<\/p><p>+353 1 847 7133<\/p><p><a href=\"https:\/\/www.maristfathers.ie\" target=\"_blank\">Visit Website<\/a><\/p><p><a href=\"mailto:admin@maristfathers.ie\">admin@maristfathers.ie<\/a><\/p>  <\/div><\/div><\/div><\/div><\/div><\/div><\/div><\/div>\n","protected":false},"excerpt":{"rendered":"","protected":false},"author":1,"featured_media":1639,"parent":2252,"menu_order":0,"comment_status":"closed","ping_status":"closed","template":"","meta":{"_acf_changed":false,"footnotes":""},"class_list":["post-2490","page","type-page","status-publish","has-post-thumbnail","hentry"],"acf":[],"yoast_head":"<!-- This site is optimized with the Yoast SEO plugin v27.6 - https:\/\/yoast.com\/product\/yoast-seo-wordpress\/ -->\n<title>Irlanda - Marist Europe<\/title>\n<meta name=\"robots\" content=\"index, follow, max-snippet:-1, max-image-preview:large, max-video-preview:-1\" \/>\n<link rel=\"canonical\" href=\"https:\/\/maristeurope.eu\/it\/comunita\/irlanda\/\" \/>\n<meta property=\"og:locale\" content=\"it_IT\" \/>\n<meta property=\"og:type\" content=\"article\" \/>\n<meta property=\"og:title\" content=\"Irlanda - Marist Europe\" \/>\n<meta property=\"og:url\" content=\"https:\/\/maristeurope.eu\/it\/comunita\/irlanda\/\" \/>\n<meta property=\"og:site_name\" content=\"Marist Europe\" \/>\n<meta property=\"article:modified_time\" content=\"2026-05-07T06:35:03+00:00\" \/>\n<meta property=\"og:image\" content=\"https:\/\/maristeurope.eu\/wp-content\/uploads\/2024\/11\/temple-bar-2344400_1280-en-tamano-grande.jpeg\" \/>\n\t<meta property=\"og:image:width\" content=\"1280\" \/>\n\t<meta property=\"og:image:height\" content=\"886\" \/>\n\t<meta property=\"og:image:type\" content=\"image\/jpeg\" \/>\n<meta name=\"twitter:card\" content=\"summary_large_image\" \/>\n<script type=\"application\/ld+json\" class=\"yoast-schema-graph\">{\"@context\":\"https:\\\/\\\/schema.org\",\"@graph\":[{\"@type\":\"WebPage\",\"@id\":\"https:\\\/\\\/maristeurope.eu\\\/it\\\/comunita\\\/irlanda\\\/\",\"url\":\"https:\\\/\\\/maristeurope.eu\\\/it\\\/comunita\\\/irlanda\\\/\",\"name\":\"Irlanda - Marist Europe\",\"isPartOf\":{\"@id\":\"https:\\\/\\\/maristeurope.eu\\\/it\\\/#website\"},\"primaryImageOfPage\":{\"@id\":\"https:\\\/\\\/maristeurope.eu\\\/it\\\/comunita\\\/irlanda\\\/#primaryimage\"},\"image\":{\"@id\":\"https:\\\/\\\/maristeurope.eu\\\/it\\\/comunita\\\/irlanda\\\/#primaryimage\"},\"thumbnailUrl\":\"https:\\\/\\\/maristeurope.eu\\\/wp-content\\\/uploads\\\/2024\\\/11\\\/temple-bar-2344400_1280-en-tamano-grande.jpeg\",\"datePublished\":\"2024-12-17T13:30:29+00:00\",\"dateModified\":\"2026-05-07T06:35:03+00:00\",\"breadcrumb\":{\"@id\":\"https:\\\/\\\/maristeurope.eu\\\/it\\\/comunita\\\/irlanda\\\/#breadcrumb\"},\"inLanguage\":\"it-IT\",\"potentialAction\":[{\"@type\":\"ReadAction\",\"target\":[\"https:\\\/\\\/maristeurope.eu\\\/it\\\/comunita\\\/irlanda\\\/\"]}]},{\"@type\":\"ImageObject\",\"inLanguage\":\"it-IT\",\"@id\":\"https:\\\/\\\/maristeurope.eu\\\/it\\\/comunita\\\/irlanda\\\/#primaryimage\",\"url\":\"https:\\\/\\\/maristeurope.eu\\\/wp-content\\\/uploads\\\/2024\\\/11\\\/temple-bar-2344400_1280-en-tamano-grande.jpeg\",\"contentUrl\":\"https:\\\/\\\/maristeurope.eu\\\/wp-content\\\/uploads\\\/2024\\\/11\\\/temple-bar-2344400_1280-en-tamano-grande.jpeg\",\"width\":1280,\"height\":886},{\"@type\":\"BreadcrumbList\",\"@id\":\"https:\\\/\\\/maristeurope.eu\\\/it\\\/comunita\\\/irlanda\\\/#breadcrumb\",\"itemListElement\":[{\"@type\":\"ListItem\",\"position\":1,\"name\":\"Home\",\"item\":\"https:\\\/\\\/maristeurope.eu\\\/it\\\/\"},{\"@type\":\"ListItem\",\"position\":2,\"name\":\"Comunit\u00e0\",\"item\":\"https:\\\/\\\/maristeurope.eu\\\/it\\\/comunita\\\/\"},{\"@type\":\"ListItem\",\"position\":3,\"name\":\"Irlanda\"}]},{\"@type\":\"WebSite\",\"@id\":\"https:\\\/\\\/maristeurope.eu\\\/it\\\/#website\",\"url\":\"https:\\\/\\\/maristeurope.eu\\\/it\\\/\",\"name\":\"Marist Europe\",\"description\":\"\",\"publisher\":{\"@id\":\"https:\\\/\\\/maristeurope.eu\\\/it\\\/#organization\"},\"potentialAction\":[{\"@type\":\"SearchAction\",\"target\":{\"@type\":\"EntryPoint\",\"urlTemplate\":\"https:\\\/\\\/maristeurope.eu\\\/it\\\/?s={search_term_string}\"},\"query-input\":{\"@type\":\"PropertyValueSpecification\",\"valueRequired\":true,\"valueName\":\"search_term_string\"}}],\"inLanguage\":\"it-IT\"},{\"@type\":\"Organization\",\"@id\":\"https:\\\/\\\/maristeurope.eu\\\/it\\\/#organization\",\"name\":\"Marist Europe\",\"url\":\"https:\\\/\\\/maristeurope.eu\\\/it\\\/\",\"logo\":{\"@type\":\"ImageObject\",\"inLanguage\":\"it-IT\",\"@id\":\"https:\\\/\\\/maristeurope.eu\\\/it\\\/#\\\/schema\\\/logo\\\/image\\\/\",\"url\":\"https:\\\/\\\/maristeurope.eu\\\/wp-content\\\/uploads\\\/2024\\\/10\\\/EU-SM-Finalogo-02.png\",\"contentUrl\":\"https:\\\/\\\/maristeurope.eu\\\/wp-content\\\/uploads\\\/2024\\\/10\\\/EU-SM-Finalogo-02.png\",\"width\":150,\"height\":156,\"caption\":\"Marist Europe\"},\"image\":{\"@id\":\"https:\\\/\\\/maristeurope.eu\\\/it\\\/#\\\/schema\\\/logo\\\/image\\\/\"}}]}<\/script>\n<!-- \/ Yoast SEO plugin. -->","yoast_head_json":{"title":"Irlanda - Marist Europe","robots":{"index":"index","follow":"follow","max-snippet":"max-snippet:-1","max-image-preview":"max-image-preview:large","max-video-preview":"max-video-preview:-1"},"canonical":"https:\/\/maristeurope.eu\/it\/comunita\/irlanda\/","og_locale":"it_IT","og_type":"article","og_title":"Irlanda - Marist Europe","og_url":"https:\/\/maristeurope.eu\/it\/comunita\/irlanda\/","og_site_name":"Marist Europe","article_modified_time":"2026-05-07T06:35:03+00:00","og_image":[{"width":1280,"height":886,"url":"https:\/\/maristeurope.eu\/wp-content\/uploads\/2024\/11\/temple-bar-2344400_1280-en-tamano-grande.jpeg","type":"image\/jpeg"}],"twitter_card":"summary_large_image","schema":{"@context":"https:\/\/schema.org","@graph":[{"@type":"WebPage","@id":"https:\/\/maristeurope.eu\/it\/comunita\/irlanda\/","url":"https:\/\/maristeurope.eu\/it\/comunita\/irlanda\/","name":"Irlanda - Marist Europe","isPartOf":{"@id":"https:\/\/maristeurope.eu\/it\/#website"},"primaryImageOfPage":{"@id":"https:\/\/maristeurope.eu\/it\/comunita\/irlanda\/#primaryimage"},"image":{"@id":"https:\/\/maristeurope.eu\/it\/comunita\/irlanda\/#primaryimage"},"thumbnailUrl":"https:\/\/maristeurope.eu\/wp-content\/uploads\/2024\/11\/temple-bar-2344400_1280-en-tamano-grande.jpeg","datePublished":"2024-12-17T13:30:29+00:00","dateModified":"2026-05-07T06:35:03+00:00","breadcrumb":{"@id":"https:\/\/maristeurope.eu\/it\/comunita\/irlanda\/#breadcrumb"},"inLanguage":"it-IT","potentialAction":[{"@type":"ReadAction","target":["https:\/\/maristeurope.eu\/it\/comunita\/irlanda\/"]}]},{"@type":"ImageObject","inLanguage":"it-IT","@id":"https:\/\/maristeurope.eu\/it\/comunita\/irlanda\/#primaryimage","url":"https:\/\/maristeurope.eu\/wp-content\/uploads\/2024\/11\/temple-bar-2344400_1280-en-tamano-grande.jpeg","contentUrl":"https:\/\/maristeurope.eu\/wp-content\/uploads\/2024\/11\/temple-bar-2344400_1280-en-tamano-grande.jpeg","width":1280,"height":886},{"@type":"BreadcrumbList","@id":"https:\/\/maristeurope.eu\/it\/comunita\/irlanda\/#breadcrumb","itemListElement":[{"@type":"ListItem","position":1,"name":"Home","item":"https:\/\/maristeurope.eu\/it\/"},{"@type":"ListItem","position":2,"name":"Comunit\u00e0","item":"https:\/\/maristeurope.eu\/it\/comunita\/"},{"@type":"ListItem","position":3,"name":"Irlanda"}]},{"@type":"WebSite","@id":"https:\/\/maristeurope.eu\/it\/#website","url":"https:\/\/maristeurope.eu\/it\/","name":"Marist Europe","description":"","publisher":{"@id":"https:\/\/maristeurope.eu\/it\/#organization"},"potentialAction":[{"@type":"SearchAction","target":{"@type":"EntryPoint","urlTemplate":"https:\/\/maristeurope.eu\/it\/?s={search_term_string}"},"query-input":{"@type":"PropertyValueSpecification","valueRequired":true,"valueName":"search_term_string"}}],"inLanguage":"it-IT"},{"@type":"Organization","@id":"https:\/\/maristeurope.eu\/it\/#organization","name":"Marist Europe","url":"https:\/\/maristeurope.eu\/it\/","logo":{"@type":"ImageObject","inLanguage":"it-IT","@id":"https:\/\/maristeurope.eu\/it\/#\/schema\/logo\/image\/","url":"https:\/\/maristeurope.eu\/wp-content\/uploads\/2024\/10\/EU-SM-Finalogo-02.png","contentUrl":"https:\/\/maristeurope.eu\/wp-content\/uploads\/2024\/10\/EU-SM-Finalogo-02.png","width":150,"height":156,"caption":"Marist Europe"},"image":{"@id":"https:\/\/maristeurope.eu\/it\/#\/schema\/logo\/image\/"}}]}},"_links":{"self":[{"href":"https:\/\/maristeurope.eu\/it\/wp-json\/wp\/v2\/pages\/2490","targetHints":{"allow":["GET"]}}],"collection":[{"href":"https:\/\/maristeurope.eu\/it\/wp-json\/wp\/v2\/pages"}],"about":[{"href":"https:\/\/maristeurope.eu\/it\/wp-json\/wp\/v2\/types\/page"}],"author":[{"embeddable":true,"href":"https:\/\/maristeurope.eu\/it\/wp-json\/wp\/v2\/users\/1"}],"replies":[{"embeddable":true,"href":"https:\/\/maristeurope.eu\/it\/wp-json\/wp\/v2\/comments?post=2490"}],"version-history":[{"count":12,"href":"https:\/\/maristeurope.eu\/it\/wp-json\/wp\/v2\/pages\/2490\/revisions"}],"predecessor-version":[{"id":10879,"href":"https:\/\/maristeurope.eu\/it\/wp-json\/wp\/v2\/pages\/2490\/revisions\/10879"}],"up":[{"embeddable":true,"href":"https:\/\/maristeurope.eu\/it\/wp-json\/wp\/v2\/pages\/2252"}],"wp:featuredmedia":[{"embeddable":true,"href":"https:\/\/maristeurope.eu\/it\/wp-json\/wp\/v2\/media\/1639"}],"wp:attachment":[{"href":"https:\/\/maristeurope.eu\/it\/wp-json\/wp\/v2\/media?parent=2490"}],"curies":[{"name":"wp","href":"https:\/\/api.w.org\/{rel}","templated":true}]}}