{"id":2420,"date":"2024-12-17T14:54:13","date_gmt":"2024-12-17T13:54:13","guid":{"rendered":"https:\/\/marist.sjdigitaldemo.ovh\/comunita\/norvegia\/"},"modified":"2026-05-07T08:35:17","modified_gmt":"2026-05-07T06:35:17","slug":"norvegia","status":"publish","type":"page","link":"https:\/\/maristeurope.eu\/it\/comunita\/norvegia\/","title":{"rendered":"Norvegia"},"content":{"rendered":"\n<div class=\"et_pb_section_0 et_pb_section et_section_regular et_block_section section_has_divider et_pb_bottom_divider\"><div class=\"et_pb_row_0 et_pb_row et_pb_equal_columns et_block_row et_animated preset--module--divi-row--default\"><div class=\"et_pb_column_0 et_pb_column et_pb_column_4_4 et-last-child et_block_column et_pb_css_mix_blend_mode_passthrough\"><div class=\"et_pb_text_0 et_pb_text et_pb_bg_layout_light et_pb_module et_block_module\"><div class=\"et_pb_text_inner\"><h1>Norvegia<\/h1>\n<\/div><\/div><\/div><\/div><div class=\"et_pb_bottom_inside_divider et-no-transition\"><\/div><\/div><div class=\"et_pb_section_1 et_pb_section et_section_regular et_block_section\"><div class=\"et_pb_row_1 et_pb_row et_block_row preset--module--divi-row--default\"><div class=\"et_pb_column_1 et_pb_column et_pb_column_4_4 et-last-child et_block_column et_pb_css_mix_blend_mode_passthrough\"><div class=\"et_pb_code_0 et_pb_code et_pb_module\"><div class=\"et_pb_code_inner\"><div class=\"sjd-locations-grid\"><div class=\"sjd-location-card\">  <div class=\"sjd-card-column sjd-column-name\">      <h2>Str\u00f8mmen<\/h2>  <\/div>  <div class=\"sjd-card-column sjd-column-description\"><p>La presenza marista in Norvegia risale al 1925 quando P. Jacob Mangers sm, che in seguito divenne vescovo di Oslo, arriv\u00f2 per aiutare la piccola chiesa nella diaspora cattolica del Nord. Dal 2001, la comunit\u00e0 ha sede a Maristua, Str\u00f8mmen, nella periferia di Oslo. I membri sono impegnati in attivit\u00e0 di ritiro, pastorale giovanile e parrocchiale nella zona.   <\/p><\/div>  <div class=\"sjd-card-column sjd-column-contact\">      <h3>Contact<\/h3><p>Maristua, Kroken 15, NO-1466 Str\u00f8mmen, Norway<\/p><p>+47 6381 9376<\/p><p><a href=\"mailto:maristene@katolsk.no\">maristene@katolsk.no<\/a><\/p>  <\/div><\/div><\/div><\/div><\/div><\/div><\/div><\/div>\n","protected":false},"excerpt":{"rendered":"","protected":false},"author":1,"featured_media":1634,"parent":2252,"menu_order":0,"comment_status":"closed","ping_status":"closed","template":"","meta":{"_acf_changed":false,"footnotes":""},"class_list":["post-2420","page","type-page","status-publish","has-post-thumbnail","hentry"],"acf":[],"yoast_head":"<!-- This site is optimized with the Yoast SEO plugin v27.6 - https:\/\/yoast.com\/product\/yoast-seo-wordpress\/ -->\n<title>Norvegia - Marist Europe<\/title>\n<meta name=\"robots\" content=\"index, follow, max-snippet:-1, max-image-preview:large, max-video-preview:-1\" \/>\n<link rel=\"canonical\" href=\"https:\/\/maristeurope.eu\/it\/comunita\/norvegia\/\" \/>\n<meta property=\"og:locale\" content=\"it_IT\" \/>\n<meta property=\"og:type\" content=\"article\" \/>\n<meta property=\"og:title\" content=\"Norvegia - Marist Europe\" \/>\n<meta property=\"og:url\" content=\"https:\/\/maristeurope.eu\/it\/comunita\/norvegia\/\" \/>\n<meta property=\"og:site_name\" content=\"Marist Europe\" \/>\n<meta property=\"article:modified_time\" content=\"2026-05-07T06:35:17+00:00\" \/>\n<meta property=\"og:image\" content=\"https:\/\/maristeurope.eu\/wp-content\/uploads\/2024\/11\/norway-2405634_1280-en-tamano-grande.jpeg\" \/>\n\t<meta property=\"og:image:width\" content=\"1280\" \/>\n\t<meta property=\"og:image:height\" content=\"853\" \/>\n\t<meta property=\"og:image:type\" content=\"image\/jpeg\" \/>\n<meta name=\"twitter:card\" content=\"summary_large_image\" \/>\n<script type=\"application\/ld+json\" class=\"yoast-schema-graph\">{\"@context\":\"https:\\\/\\\/schema.org\",\"@graph\":[{\"@type\":\"WebPage\",\"@id\":\"https:\\\/\\\/maristeurope.eu\\\/it\\\/comunita\\\/norvegia\\\/\",\"url\":\"https:\\\/\\\/maristeurope.eu\\\/it\\\/comunita\\\/norvegia\\\/\",\"name\":\"Norvegia - Marist Europe\",\"isPartOf\":{\"@id\":\"https:\\\/\\\/maristeurope.eu\\\/it\\\/#website\"},\"primaryImageOfPage\":{\"@id\":\"https:\\\/\\\/maristeurope.eu\\\/it\\\/comunita\\\/norvegia\\\/#primaryimage\"},\"image\":{\"@id\":\"https:\\\/\\\/maristeurope.eu\\\/it\\\/comunita\\\/norvegia\\\/#primaryimage\"},\"thumbnailUrl\":\"https:\\\/\\\/maristeurope.eu\\\/wp-content\\\/uploads\\\/2024\\\/11\\\/norway-2405634_1280-en-tamano-grande.jpeg\",\"datePublished\":\"2024-12-17T13:54:13+00:00\",\"dateModified\":\"2026-05-07T06:35:17+00:00\",\"breadcrumb\":{\"@id\":\"https:\\\/\\\/maristeurope.eu\\\/it\\\/comunita\\\/norvegia\\\/#breadcrumb\"},\"inLanguage\":\"it-IT\",\"potentialAction\":[{\"@type\":\"ReadAction\",\"target\":[\"https:\\\/\\\/maristeurope.eu\\\/it\\\/comunita\\\/norvegia\\\/\"]}]},{\"@type\":\"ImageObject\",\"inLanguage\":\"it-IT\",\"@id\":\"https:\\\/\\\/maristeurope.eu\\\/it\\\/comunita\\\/norvegia\\\/#primaryimage\",\"url\":\"https:\\\/\\\/maristeurope.eu\\\/wp-content\\\/uploads\\\/2024\\\/11\\\/norway-2405634_1280-en-tamano-grande.jpeg\",\"contentUrl\":\"https:\\\/\\\/maristeurope.eu\\\/wp-content\\\/uploads\\\/2024\\\/11\\\/norway-2405634_1280-en-tamano-grande.jpeg\",\"width\":1280,\"height\":853},{\"@type\":\"BreadcrumbList\",\"@id\":\"https:\\\/\\\/maristeurope.eu\\\/it\\\/comunita\\\/norvegia\\\/#breadcrumb\",\"itemListElement\":[{\"@type\":\"ListItem\",\"position\":1,\"name\":\"Home\",\"item\":\"https:\\\/\\\/maristeurope.eu\\\/it\\\/\"},{\"@type\":\"ListItem\",\"position\":2,\"name\":\"Comunit\u00e0\",\"item\":\"https:\\\/\\\/maristeurope.eu\\\/it\\\/comunita\\\/\"},{\"@type\":\"ListItem\",\"position\":3,\"name\":\"Norvegia\"}]},{\"@type\":\"WebSite\",\"@id\":\"https:\\\/\\\/maristeurope.eu\\\/it\\\/#website\",\"url\":\"https:\\\/\\\/maristeurope.eu\\\/it\\\/\",\"name\":\"Marist Europe\",\"description\":\"\",\"publisher\":{\"@id\":\"https:\\\/\\\/maristeurope.eu\\\/it\\\/#organization\"},\"potentialAction\":[{\"@type\":\"SearchAction\",\"target\":{\"@type\":\"EntryPoint\",\"urlTemplate\":\"https:\\\/\\\/maristeurope.eu\\\/it\\\/?s={search_term_string}\"},\"query-input\":{\"@type\":\"PropertyValueSpecification\",\"valueRequired\":true,\"valueName\":\"search_term_string\"}}],\"inLanguage\":\"it-IT\"},{\"@type\":\"Organization\",\"@id\":\"https:\\\/\\\/maristeurope.eu\\\/it\\\/#organization\",\"name\":\"Marist Europe\",\"url\":\"https:\\\/\\\/maristeurope.eu\\\/it\\\/\",\"logo\":{\"@type\":\"ImageObject\",\"inLanguage\":\"it-IT\",\"@id\":\"https:\\\/\\\/maristeurope.eu\\\/it\\\/#\\\/schema\\\/logo\\\/image\\\/\",\"url\":\"https:\\\/\\\/maristeurope.eu\\\/wp-content\\\/uploads\\\/2024\\\/10\\\/EU-SM-Finalogo-02.png\",\"contentUrl\":\"https:\\\/\\\/maristeurope.eu\\\/wp-content\\\/uploads\\\/2024\\\/10\\\/EU-SM-Finalogo-02.png\",\"width\":150,\"height\":156,\"caption\":\"Marist Europe\"},\"image\":{\"@id\":\"https:\\\/\\\/maristeurope.eu\\\/it\\\/#\\\/schema\\\/logo\\\/image\\\/\"}}]}<\/script>\n<!-- \/ Yoast SEO plugin. -->","yoast_head_json":{"title":"Norvegia - Marist Europe","robots":{"index":"index","follow":"follow","max-snippet":"max-snippet:-1","max-image-preview":"max-image-preview:large","max-video-preview":"max-video-preview:-1"},"canonical":"https:\/\/maristeurope.eu\/it\/comunita\/norvegia\/","og_locale":"it_IT","og_type":"article","og_title":"Norvegia - Marist Europe","og_url":"https:\/\/maristeurope.eu\/it\/comunita\/norvegia\/","og_site_name":"Marist Europe","article_modified_time":"2026-05-07T06:35:17+00:00","og_image":[{"width":1280,"height":853,"url":"https:\/\/maristeurope.eu\/wp-content\/uploads\/2024\/11\/norway-2405634_1280-en-tamano-grande.jpeg","type":"image\/jpeg"}],"twitter_card":"summary_large_image","schema":{"@context":"https:\/\/schema.org","@graph":[{"@type":"WebPage","@id":"https:\/\/maristeurope.eu\/it\/comunita\/norvegia\/","url":"https:\/\/maristeurope.eu\/it\/comunita\/norvegia\/","name":"Norvegia - Marist Europe","isPartOf":{"@id":"https:\/\/maristeurope.eu\/it\/#website"},"primaryImageOfPage":{"@id":"https:\/\/maristeurope.eu\/it\/comunita\/norvegia\/#primaryimage"},"image":{"@id":"https:\/\/maristeurope.eu\/it\/comunita\/norvegia\/#primaryimage"},"thumbnailUrl":"https:\/\/maristeurope.eu\/wp-content\/uploads\/2024\/11\/norway-2405634_1280-en-tamano-grande.jpeg","datePublished":"2024-12-17T13:54:13+00:00","dateModified":"2026-05-07T06:35:17+00:00","breadcrumb":{"@id":"https:\/\/maristeurope.eu\/it\/comunita\/norvegia\/#breadcrumb"},"inLanguage":"it-IT","potentialAction":[{"@type":"ReadAction","target":["https:\/\/maristeurope.eu\/it\/comunita\/norvegia\/"]}]},{"@type":"ImageObject","inLanguage":"it-IT","@id":"https:\/\/maristeurope.eu\/it\/comunita\/norvegia\/#primaryimage","url":"https:\/\/maristeurope.eu\/wp-content\/uploads\/2024\/11\/norway-2405634_1280-en-tamano-grande.jpeg","contentUrl":"https:\/\/maristeurope.eu\/wp-content\/uploads\/2024\/11\/norway-2405634_1280-en-tamano-grande.jpeg","width":1280,"height":853},{"@type":"BreadcrumbList","@id":"https:\/\/maristeurope.eu\/it\/comunita\/norvegia\/#breadcrumb","itemListElement":[{"@type":"ListItem","position":1,"name":"Home","item":"https:\/\/maristeurope.eu\/it\/"},{"@type":"ListItem","position":2,"name":"Comunit\u00e0","item":"https:\/\/maristeurope.eu\/it\/comunita\/"},{"@type":"ListItem","position":3,"name":"Norvegia"}]},{"@type":"WebSite","@id":"https:\/\/maristeurope.eu\/it\/#website","url":"https:\/\/maristeurope.eu\/it\/","name":"Marist Europe","description":"","publisher":{"@id":"https:\/\/maristeurope.eu\/it\/#organization"},"potentialAction":[{"@type":"SearchAction","target":{"@type":"EntryPoint","urlTemplate":"https:\/\/maristeurope.eu\/it\/?s={search_term_string}"},"query-input":{"@type":"PropertyValueSpecification","valueRequired":true,"valueName":"search_term_string"}}],"inLanguage":"it-IT"},{"@type":"Organization","@id":"https:\/\/maristeurope.eu\/it\/#organization","name":"Marist Europe","url":"https:\/\/maristeurope.eu\/it\/","logo":{"@type":"ImageObject","inLanguage":"it-IT","@id":"https:\/\/maristeurope.eu\/it\/#\/schema\/logo\/image\/","url":"https:\/\/maristeurope.eu\/wp-content\/uploads\/2024\/10\/EU-SM-Finalogo-02.png","contentUrl":"https:\/\/maristeurope.eu\/wp-content\/uploads\/2024\/10\/EU-SM-Finalogo-02.png","width":150,"height":156,"caption":"Marist Europe"},"image":{"@id":"https:\/\/maristeurope.eu\/it\/#\/schema\/logo\/image\/"}}]}},"_links":{"self":[{"href":"https:\/\/maristeurope.eu\/it\/wp-json\/wp\/v2\/pages\/2420","targetHints":{"allow":["GET"]}}],"collection":[{"href":"https:\/\/maristeurope.eu\/it\/wp-json\/wp\/v2\/pages"}],"about":[{"href":"https:\/\/maristeurope.eu\/it\/wp-json\/wp\/v2\/types\/page"}],"author":[{"embeddable":true,"href":"https:\/\/maristeurope.eu\/it\/wp-json\/wp\/v2\/users\/1"}],"replies":[{"embeddable":true,"href":"https:\/\/maristeurope.eu\/it\/wp-json\/wp\/v2\/comments?post=2420"}],"version-history":[{"count":10,"href":"https:\/\/maristeurope.eu\/it\/wp-json\/wp\/v2\/pages\/2420\/revisions"}],"predecessor-version":[{"id":10885,"href":"https:\/\/maristeurope.eu\/it\/wp-json\/wp\/v2\/pages\/2420\/revisions\/10885"}],"up":[{"embeddable":true,"href":"https:\/\/maristeurope.eu\/it\/wp-json\/wp\/v2\/pages\/2252"}],"wp:featuredmedia":[{"embeddable":true,"href":"https:\/\/maristeurope.eu\/it\/wp-json\/wp\/v2\/media\/1634"}],"wp:attachment":[{"href":"https:\/\/maristeurope.eu\/it\/wp-json\/wp\/v2\/media?parent=2420"}],"curies":[{"name":"wp","href":"https:\/\/api.w.org\/{rel}","templated":true}]}}