{"id":2355,"date":"2024-12-19T09:36:39","date_gmt":"2024-12-19T08:36:39","guid":{"rendered":"https:\/\/marist.sjdigitaldemo.ovh\/prega-con-noi\/"},"modified":"2026-05-07T08:35:35","modified_gmt":"2026-05-07T06:35:35","slug":"prega-con-noi","status":"publish","type":"page","link":"https:\/\/maristeurope.eu\/it\/prega-con-noi\/","title":{"rendered":"Prega con noi"},"content":{"rendered":"\n<div class=\"et_pb_section_0 et_pb_section et_section_regular et_block_section section_has_divider et_pb_bottom_divider\"><div class=\"et_pb_row_0 et_pb_row et_pb_equal_columns et_block_row et_animated preset--module--divi-row--default\"><div class=\"et_pb_column_0 et_pb_column et_pb_column_4_4 et-last-child et_block_column et_pb_css_mix_blend_mode_passthrough\"><div class=\"et_pb_text_0 et_pb_text et_pb_bg_layout_light et_pb_module et_block_module\"><div class=\"et_pb_text_inner\"><h2>Prega con noi<\/h2>\n<\/div><\/div><\/div><\/div><div class=\"et_pb_bottom_inside_divider et-no-transition\"><\/div><\/div><div class=\"et_pb_section_1 et_pb_section et_section_regular et_block_section section_has_divider et_pb_bottom_divider\"><div class=\"et_pb_row_1 et_pb_row et_pb_equal_columns et_block_row preset--module--divi-row--default\"><div class=\"et_pb_column_1 et_pb_column et_pb_column_3_5 et_block_column et_pb_css_mix_blend_mode_passthrough et_animated\"><div class=\"et_pb_text_1 et_pb_text et_pb_bg_layout_light et_animated et_pb_module et_block_module\"><div class=\"et_pb_text_inner\"><h2><strong>Imparare dalla presenza contemplativa di Maria<\/strong><\/h2>\n<\/div><\/div><div class=\"et_pb_text_2 et_pb_text et_pb_bg_layout_light et_pb_module et_block_module\"><div class=\"et_pb_text_inner\"><p><span style=\"font-weight: 400;\">Maria era presente alla nascita della Chiesa al momento della <\/span><b>Pentecoste<\/b><span style=\"font-weight: 400;\">  pregando in mezzo agli apostoli. Il suo posto non \u00e8 di privilegio, ma di semplice discepola di Ges\u00f9, che intercede per i bisogni del mondo salvato da suo figlio. Unendosi a Maria in questo ministero di preghiera, i Maristi continuano a svolgere la sua opera non recitando preghiere speciali, ma essendo la sua presenza nella Chiesa, intercedendo per coloro che sono in difficolt\u00e0, alla ricerca di un senso nella vita e per coloro che sono meno privilegiati nel nostro mondo.  <\/span><\/p>\n<\/div><\/div><\/div><div class=\"et_pb_column_2 et_pb_column et_pb_column_2_5 et-last-child et_block_column et_pb_css_mix_blend_mode_passthrough et_animated\"><div class=\"et_pb_image_0 et_pb_image et_animated et_pb_module et_block_module\"><span class=\"et_pb_image_wrap\"><img loading=\"lazy\" decoding=\"async\" src=\"https:\/\/maristeurope.eu\/wp-content\/uploads\/2025\/02\/pentecost.jpeg\" width=\"261\" height=\"318\" srcset=\"https:\/\/maristeurope.eu\/wp-content\/uploads\/2025\/02\/pentecost.jpeg 261w, https:\/\/maristeurope.eu\/wp-content\/uploads\/2025\/02\/pentecost-246x300.jpeg 246w\" sizes=\"(max-width: 261px) 100vw, 261px\" class=\"wp-image-3854\" title=\"pentecoste\" \/><\/span><\/div><\/div><\/div><div class=\"et_pb_bottom_inside_divider et-no-transition\"><\/div><\/div><div class=\"et_pb_section_2 et_pb_section et_section_regular et_block_section\"><span class=\"et_pb_background_pattern\"><\/span><div class=\"et_pb_row_2 et_pb_row et_pb_equal_columns et_block_row preset--module--divi-row--default\"><div class=\"et_pb_column_3 et_pb_column et_pb_column_4_4 et-last-child et_block_column et_pb_css_mix_blend_mode_passthrough et_animated\"><div class=\"et_pb_text_3 et_pb_text et_pb_bg_layout_light et_pb_module et_block_module\"><div class=\"et_pb_text_inner\"><h1>Vivere lo Spirito di Maria<\/h1>\n<\/div><\/div><\/div><\/div><div class=\"et_pb_row_3 et_pb_row et_pb_equal_columns et_block_row preset--module--divi-row--default\"><div class=\"et_pb_column_4 et_pb_column et_pb_column_1_2 et_block_column et_pb_css_mix_blend_mode_passthrough et_animated\"><div class=\"et_pb_text_4 et_pb_text et_pb_bg_layout_light et_animated et_pb_module et_block_module\"><div class=\"et_pb_text_inner\"><p>Poich\u00e9 la nostra vocazione \u00e8 quella di essere nel mondo di oggi una presenza speciale di Maria, compiendo l'opera di Dio alla sua maniera, i Maristi tengono presente questa donna che per una scelta benevola li ha chiamati e ha dato loro il suo nome. Per rafforzare i legami che ci uniscono a lei, teniamo in grande considerazione le pratiche in suo onore tradizionali della Societ\u00e0 di Maria. <\/p>\n<\/div><\/div><\/div><div class=\"et_pb_column_5 et_pb_column et_pb_column_1_2 et-last-child et_block_column et_pb_css_mix_blend_mode_passthrough et_animated\"><div class=\"et_pb_text_5 et_pb_text et_pb_bg_layout_light et_animated et_pb_module et_block_module\"><div class=\"et_pb_text_inner\"><blockquote>\n<p>\"Poich\u00e9 portano <strong>il nome di Maria<\/strong>, i <strong>Maristi<\/strong> desiderano <strong>essere come lei<\/strong> e <strong>seguire Ges\u00f9 come ha fatto lei<\/strong>. Contemplando Maria nei misteri di Nazareth e della Pentecoste e il suo ruolo alla fine dei tempi, vengono a condividere il suo zelo per la missione di suo Figlio nella sua lotta contro il male e a <strong>rispondere con prontezza ai bisogni pi\u00f9 urgenti del popolo di Dio<\/strong>\". <\/p>\n<\/blockquote>\n<p><em>(Costituzioni della Societ\u00e0 di Maria 8)<\/em><\/p>\n<\/div><\/div><\/div><\/div><div class=\"et_pb_row_4 et_pb_row et_pb_equal_columns et_block_row et_animated preset--module--divi-row--default\"><div class=\"et_pb_column_6 et_pb_column et_pb_column_1_5 et_block_column et_pb_column_empty et_pb_css_mix_blend_mode_passthrough\"><\/div><div class=\"et_pb_column_7 et_pb_column et_pb_column_3_5 et_block_column et_pb_css_mix_blend_mode_passthrough\"><div class=\"et_pb_text_6 et_pb_text et_pb_bg_layout_light et_animated et_pb_module et_block_module\"><div class=\"et_pb_text_inner\"><blockquote>\n<p>\"Come maristi, <strong>desideriamo respirare lo spirito di Maria<\/strong>, essere umili e obbedienti e rinnegare se stessi per amore di Dio e del prossimo... <strong>Maria ci ispira il coraggio<\/strong> di crescere nella santit\u00e0 personale, di lavorare per la salvezza del prossimo, di mantenere la fede della Chiesa cattolica e di difenderla con tutte le nostre forze. \u00c8 perseguendo questi obiettivi nello spirito di Maria che contribuiremo a rinnovare la Chiesa a sua immagine, una Chiesa serva e pellegrina\". <br \/><em> <\/em><\/p>\n<\/blockquote>\n<p><em>(Costituzioni della Societ\u00e0 di Maria 9-10)<\/em><\/p>\n<\/div><\/div><\/div><div class=\"et_pb_column_8 et_pb_column et_pb_column_1_5 et-last-child et_block_column et_pb_column_empty et_pb_css_mix_blend_mode_passthrough\"><\/div><\/div><\/div><div class=\"et_pb_section_3 et_pb_section et_section_regular et_block_section section_has_divider et_pb_top_divider et_pb_bottom_divider\"><div class=\"et_pb_top_inside_divider et-no-transition\"><\/div><span class=\"et_pb_background_pattern\"><\/span><div class=\"et_pb_row_5 et_pb_row et_block_row preset--module--divi-row--default\"><div class=\"et_pb_column_9 et_pb_column et_pb_column_4_4 et-last-child et_block_column et_pb_css_mix_blend_mode_passthrough\"><div class=\"et_pb_text_7 et_pb_text et_pb_bg_layout_light et_animated et_pb_module et_block_module\"><div class=\"et_pb_text_inner\"><h2>Salve Regina<\/h2>\n<\/div><\/div><\/div><\/div><div class=\"et_pb_row_6 et_pb_row et_pb_equal_columns et_block_row preset--module--divi-row--default\"><div class=\"et_pb_column_10 et_pb_column et_pb_column_1_2 et_block_column et_pb_css_mix_blend_mode_passthrough\"><div class=\"et_pb_text_8 et_pb_text et_pb_bg_layout_light et_animated et_pb_module et_block_module\"><div class=\"et_pb_text_inner\"><p><strong>Salve, Regina, Mater misericordi\u00e6,<\/strong><br \/><strong>vita, dulcedo, et spes nostra, salve<\/strong><br \/><strong>Ad te clamamus exsules filii Hev\u00e6<\/strong><br \/><strong>Ad te suspiramus, gementes et flentes<\/strong><br \/><strong>in hac lacrimarum valle.<\/strong><\/p>\n<p><strong>Eia, ergo, advocata nostra, illos tuos<\/strong><br \/><strong>misericordes oculos ad nos converte;<\/strong><br \/><strong>Et Iesum, benedictum fructum ventris tui,<\/strong><br \/><strong>nobis post hoc exsilium ostende.<\/strong><br \/><strong>O clemens, o pia, o dulcis Virgo Maria.<\/strong><\/p>\n<\/div><\/div><\/div><div class=\"et_pb_column_11 et_pb_column et_pb_column_1_2 et-last-child et_block_column et_pb_css_mix_blend_mode_passthrough\"><div class=\"et_pb_text_9 et_pb_text et_pb_bg_layout_light et_animated et_pb_module et_block_module\"><div class=\"et_pb_text_inner\"><p>Ave, santa Regina, madre di misericordia,<br \/>Ave nostra vita, nostra dolcezza e nostra speranza.<br \/>A te gridiamo, poveri figli banditi di Eva;<br \/>a te mandiamo i nostri sospiri,<br \/>lutto e pianto in questa valle di lacrime.<\/p>\n<p>Volgi dunque, clementissima avvocata,<br \/>i tuoi occhi di misericordia verso di noi;<br \/>e dopo questo nostro esilio,<br \/>mostraci il frutto benedetto del tuo seno, Ges\u00f9.<br \/>O clemente, o amante, o dolce Vergine Maria.<\/p>\n<\/div><\/div><\/div><\/div><div class=\"et_pb_bottom_inside_divider et-no-transition\"><\/div><\/div><div class=\"et_pb_section_4 et_pb_section et_section_regular et_block_section\"><span class=\"et_pb_background_pattern\"><\/span><div class=\"et_pb_row_7 et_pb_row et_pb_equal_columns et_block_row preset--module--divi-row--default\"><div class=\"et_pb_column_12 et_pb_column et_pb_column_1_2 et_block_column et_pb_css_mix_blend_mode_passthrough et_animated\"><div class=\"et_pb_text_10 et_pb_text et_pb_bg_layout_light et_pb_module et_block_module\"><div class=\"et_pb_text_inner\"><p>Seguendo l'esempio dei primi missionari maristi, <strong>continuiamo a pregare per le persone<\/strong> affinch\u00e9 accolgano la gioia del Vangelo e a sostenere la missione di evangelizzazione della Chiesa.<\/p>\n<\/div><\/div><\/div><div class=\"et_pb_column_13 et_pb_column et_pb_column_1_2 et-last-child et_block_column et_pb_css_mix_blend_mode_passthrough et_animated\"><div class=\"et_pb_accordion_0 et_pb_accordion et_pb_module et_block_module\"><div class=\"et_pb_accordion_item_0 et_pb_accordion_item et_pb_toggle et_pb_module et_pb_toggle_open et_block_module\"><h5 class=\"et_pb_toggle_title\">Preghiera di consacrazione a Maria<\/h5><div class=\"et_pb_toggle_content\"><p>O Maria, mia Regina, consegno alla tua custodia e affido alla tua speciale cura e protezione il mio corpo e la mia anima per questo giorno e per tutti i giorni della mia vita.<br \/>A te affido le mie speranze e le mie consolazioni, le mie difficolt\u00e0 e i miei dolori, la mia vita e la mia morte; affinch\u00e9 per la tua intercessione e i tuoi meriti, tutte le mie azioni siano dirette e disposte secondo la tua volont\u00e0 e la volont\u00e0 di tuo Figlio.<\/p>\n<p>&nbsp;<\/p>\n<\/div><\/div><div class=\"et_pb_accordion_item_1 et_pb_accordion_item et_pb_toggle et_pb_module et_pb_toggle_close et_block_module\"><h5 class=\"et_pb_toggle_title\">Preghiera alla Madonna dell&apos;Evangelizzazione (di San Giovanni Paolo II)<\/h5><div class=\"et_pb_toggle_content\"><p>O Maria, Madre di Ges\u00f9 e Madre della sua Chiesa, siamo consapevoli del ruolo che svolgi nell'evangelizzazione delle anime che ancora non lo conoscono. Siamo consapevoli di come i missionari siano venuti con la forza del Vangelo di Cristo e abbiano affidato a te il successo del loro lavoro.<br \/>Come Madre della Grazia Divina sei stata con i missionari in tutti i loro sforzi.<br \/>E come Madre della Chiesa hai presieduto a tutte le attivit\u00e0 di evangelizzazione e all'impianto del Vangelo nei cuori dei fedeli. Hai sostenuto i missionari nella speranza e hai dato gioia a ogni nuova comunit\u00e0 che nasceva dall'attivit\u00e0 evangelizzatrice della Chiesa.<br \/>Eri presente con la tua intercessione e le tue preghiere, mentre si sviluppava la prima grazia del battesimo e mentre coloro che avevano una nuova vita in Cristo tuo Figlio arrivavano ad apprezzare pienamente la loro vocazione cristiana.<br \/>Ti chiediamo, Maria, di aiutarci a compiere questa missione di evangelizzazione che tuo Figlio ha dato alla sua Chiesa e che spetta a noi. Consapevoli del tuo ruolo di Aiuto dei Cristiani, ci affidiamo a te nell'opera di portare il Vangelo sempre pi\u00f9 in profondit\u00e0 nei cuori e nelle vite di tutti i popoli. Ti affidiamo il nostro mandato missionario e affidiamo totalmente la nostra causa alle tue preghiere.<br \/>A Ges\u00f9 Cristo tuo Figlio, con il Padre, nell'unit\u00e0 dello Spirito Santo sia la lode e il ringraziamento nei secoli dei secoli.    <\/p>\n<p>Amen.<\/p>\n<\/div><\/div><div class=\"et_pb_accordion_item_2 et_pb_accordion_item et_pb_toggle et_pb_module et_pb_toggle_close et_block_module\"><h5 class=\"et_pb_toggle_title\">Preghiera Sub Tuum Praesidium<\/h5><div class=\"et_pb_toggle_content\"><p><em>La Preghiera Sub tuum - trovata per la prima volta in un papiro greco, intorno al 300 d.C., \u00e8 la pi\u00f9 antica preghiera alla Vergine che si conosca. <\/em><br \/>Ci rivolgiamo a te per chiedere protezione,<br \/>Santa Madre di Dio.<br \/>Ascolta le nostre preghiere e aiutaci nelle nostre necessit\u00e0.<br \/>Salvaci da ogni pericolo, Vergine gloriosa e benedetta.<\/p>\n<\/div><\/div><\/div><\/div><\/div><\/div><div class=\"et_pb_section_5 et_pb_section et_section_regular et_block_section section_has_divider et_pb_top_divider et_pb_bottom_divider\"><div class=\"et_pb_top_inside_divider et-no-transition\"><\/div><div class=\"et_pb_row_8 et_pb_row et_pb_equal_columns et_block_row preset--module--divi-row--default\"><div class=\"et_pb_column_14 et_pb_column et_pb_column_3_5 et_block_column et_pb_css_mix_blend_mode_passthrough et_animated\"><div class=\"et_pb_text_11 et_pb_text et_pb_bg_layout_light et_animated et_pb_module et_block_module\"><div class=\"et_pb_text_inner\"><h2><b>Il venerabile Jean-Claude Colin: una vita fedele allo spirito di Maria<\/b><\/h2>\n<\/div><\/div><div class=\"et_pb_text_12 et_pb_text et_pb_bg_layout_light et_pb_module et_block_module\"><div class=\"et_pb_text_inner\"><p><strong>Venerabile Jean-Claude Colin<\/strong> (<span style=\"color: #003366;\"><a href=\"http:\/\/www.jeanclaudecolin.org\" target=\"_blank\" rel=\"noopener\" style=\"color: #003366;\">www.jeanclaudecolin.org<\/a><\/span>), il nostro fondatore aveva un profondo senso di essere chiamato a condividere la missione di Maria di attirare tutti gli uomini a Dio \"uno nel cuore e nella mente\". Preghiamo per la sua beatificazione: <br \/><em>Dio amorevole, hai ispirato JeanClaude Colin a vivere una vita fedele al Vangelo e nello spirito di Maria. Se \u00e8 tua volont\u00e0 che egli sia onorato come santo a gloria del tuo nome, ti preghiamo di mostrarci il favore di cui egli gode ai tuoi occhi concedendo la grazia o le grazie che ora ti chiediamo per sua intercessione: Questo ti chiediamo per Cristo Nostro Signore. Amen  <\/em><\/p>\n<\/div><\/div><\/div><div class=\"et_pb_column_15 et_pb_column et_pb_column_2_5 et-last-child et_block_column et_pb_css_mix_blend_mode_passthrough et_animated\"><div class=\"et_pb_image_1 et_pb_image et_animated et_pb_module et_block_module\"><span class=\"et_pb_image_wrap\"><img loading=\"lazy\" decoding=\"async\" src=\"https:\/\/maristeurope.eu\/wp-content\/uploads\/2024\/11\/Colin-2.jpg\" width=\"600\" height=\"717\" srcset=\"https:\/\/maristeurope.eu\/wp-content\/uploads\/2024\/11\/Colin-2.jpg 600w, https:\/\/maristeurope.eu\/wp-content\/uploads\/2024\/11\/Colin-2-480x574.jpg 480w\" sizes=\"(min-width: 0px) and (max-width: 480px) 480px, (min-width: 481px) 600px, 100vw\" class=\"wp-image-423\" title=\"Colin 2\" \/><\/span><\/div><\/div><\/div><div class=\"et_pb_bottom_inside_divider et-no-transition\"><\/div><\/div><div class=\"et_pb_section_6 et_pb_section et_section_regular et_block_section section_has_divider et_pb_bottom_divider\"><span class=\"et_pb_background_pattern\"><\/span><div class=\"et_pb_row_9 et_pb_row et_pb_equal_columns et_block_row et_animated preset--module--divi-row--default\"><div class=\"et_pb_column_16 et_pb_column et_pb_column_2_5 et_block_column et_pb_css_mix_blend_mode_passthrough\"><div class=\"et_pb_text_13 et_pb_text et_pb_bg_layout_light et_animated et_pb_module et_block_module et_pb_text_align_right\"><div class=\"et_pb_text_inner\"><h1><b>Rete di preghiera di intercessione della famiglia Marist<\/b><\/h1>\n<\/div><\/div><div class=\"et_pb_icon_0 et_pb_icon et_pb_module et_block_module\"><span class=\"et_pb_icon_wrap\"><span class=\"et-pb-icon\">\uf684<\/span><\/span><\/div><\/div><div class=\"et_pb_column_17 et_pb_column et_pb_column_3_5 et-last-child et_block_column et_pb_css_mix_blend_mode_passthrough\"><div class=\"et_pb_text_14 et_pb_text et_pb_bg_layout_light et_animated et_pb_module et_block_module\"><div class=\"et_pb_text_inner\"><p>Tutti noi abbiamo la capacit\u00e0 di portare gli altri nella nostra preghiera e abbiamo bisogno di essere portati nella preghiera degli altri. La rete di preghiera \u00e8 un'opportunit\u00e0 per stabilire legami tra comunit\u00e0 e individui in tutto il mondo per pregare per specifiche attivit\u00e0 missionarie mariste. Ti invitiamo a unirti alla nostra rete di preghiera, contattandoci all'indirizzo e-mail: <strong><span style=\"color: #023047;\"><a href=\"mailto:provincialsecretary@maristeurope.eu\" style=\"color: #023047;\">provincialsecretary@maristeurope.eu<\/a><\/span><\/strong>  <\/p>\n<\/div><\/div><\/div><\/div><div class=\"et_pb_row_10 et_pb_row et_block_row preset--module--divi-row--default\"><div class=\"et_pb_column_18 et_pb_column et_pb_column_4_4 et-last-child et_block_column et_pb_css_mix_blend_mode_passthrough\"><div class=\"et_pb_text_15 et_pb_text et_pb_bg_layout_light et_animated et_pb_module et_block_module et_pb_text_align_right\"><div class=\"et_pb_text_inner\"><h1 style=\"text-align: center;\"><b>Vuoi che preghiamo per la tua intenzione?  <\/b><\/h1>\n<\/div><\/div><div class=\"et_pb_module et_pb_button_module_wrapper et_pb_button_0_wrapper\"><a class=\"et_pb_button_0 et_pb_button et_pb_bg_layout_light et_animated et_pb_module et_block_module\" href=\"https:\/\/maristeurope.eu\/it\/pagina-di-contatto\/\">contattaci<\/a><\/div><\/div><\/div><div class=\"et_pb_bottom_inside_divider et-no-transition\"><\/div><\/div>\n","protected":false},"excerpt":{"rendered":"","protected":false},"author":1,"featured_media":0,"parent":0,"menu_order":0,"comment_status":"closed","ping_status":"closed","template":"","meta":{"_acf_changed":false,"footnotes":""},"class_list":["post-2355","page","type-page","status-publish","hentry"],"acf":[],"yoast_head":"<!-- This site is optimized with the Yoast SEO plugin v27.6 - https:\/\/yoast.com\/product\/yoast-seo-wordpress\/ -->\n<title>Prega con noi - Marist Europe<\/title>\n<meta name=\"robots\" content=\"index, follow, max-snippet:-1, max-image-preview:large, max-video-preview:-1\" \/>\n<link rel=\"canonical\" href=\"https:\/\/maristeurope.eu\/it\/prega-con-noi\/\" \/>\n<meta property=\"og:locale\" content=\"it_IT\" \/>\n<meta property=\"og:type\" content=\"article\" \/>\n<meta property=\"og:title\" content=\"Prega con noi - Marist Europe\" \/>\n<meta property=\"og:url\" content=\"https:\/\/maristeurope.eu\/it\/prega-con-noi\/\" \/>\n<meta property=\"og:site_name\" content=\"Marist Europe\" \/>\n<meta property=\"article:modified_time\" content=\"2026-05-07T06:35:35+00:00\" \/>\n<meta name=\"twitter:card\" content=\"summary_large_image\" \/>\n<script type=\"application\/ld+json\" class=\"yoast-schema-graph\">{\"@context\":\"https:\\\/\\\/schema.org\",\"@graph\":[{\"@type\":\"WebPage\",\"@id\":\"https:\\\/\\\/maristeurope.eu\\\/it\\\/prega-con-noi\\\/\",\"url\":\"https:\\\/\\\/maristeurope.eu\\\/it\\\/prega-con-noi\\\/\",\"name\":\"Prega con noi - Marist Europe\",\"isPartOf\":{\"@id\":\"https:\\\/\\\/maristeurope.eu\\\/it\\\/#website\"},\"datePublished\":\"2024-12-19T08:36:39+00:00\",\"dateModified\":\"2026-05-07T06:35:35+00:00\",\"breadcrumb\":{\"@id\":\"https:\\\/\\\/maristeurope.eu\\\/it\\\/prega-con-noi\\\/#breadcrumb\"},\"inLanguage\":\"it-IT\",\"potentialAction\":[{\"@type\":\"ReadAction\",\"target\":[\"https:\\\/\\\/maristeurope.eu\\\/it\\\/prega-con-noi\\\/\"]}]},{\"@type\":\"BreadcrumbList\",\"@id\":\"https:\\\/\\\/maristeurope.eu\\\/it\\\/prega-con-noi\\\/#breadcrumb\",\"itemListElement\":[{\"@type\":\"ListItem\",\"position\":1,\"name\":\"Home\",\"item\":\"https:\\\/\\\/maristeurope.eu\\\/it\\\/\"},{\"@type\":\"ListItem\",\"position\":2,\"name\":\"Prega con noi\"}]},{\"@type\":\"WebSite\",\"@id\":\"https:\\\/\\\/maristeurope.eu\\\/it\\\/#website\",\"url\":\"https:\\\/\\\/maristeurope.eu\\\/it\\\/\",\"name\":\"Marist Europe\",\"description\":\"\",\"publisher\":{\"@id\":\"https:\\\/\\\/maristeurope.eu\\\/it\\\/#organization\"},\"potentialAction\":[{\"@type\":\"SearchAction\",\"target\":{\"@type\":\"EntryPoint\",\"urlTemplate\":\"https:\\\/\\\/maristeurope.eu\\\/it\\\/?s={search_term_string}\"},\"query-input\":{\"@type\":\"PropertyValueSpecification\",\"valueRequired\":true,\"valueName\":\"search_term_string\"}}],\"inLanguage\":\"it-IT\"},{\"@type\":\"Organization\",\"@id\":\"https:\\\/\\\/maristeurope.eu\\\/it\\\/#organization\",\"name\":\"Marist Europe\",\"url\":\"https:\\\/\\\/maristeurope.eu\\\/it\\\/\",\"logo\":{\"@type\":\"ImageObject\",\"inLanguage\":\"it-IT\",\"@id\":\"https:\\\/\\\/maristeurope.eu\\\/it\\\/#\\\/schema\\\/logo\\\/image\\\/\",\"url\":\"https:\\\/\\\/maristeurope.eu\\\/wp-content\\\/uploads\\\/2024\\\/10\\\/EU-SM-Finalogo-02.png\",\"contentUrl\":\"https:\\\/\\\/maristeurope.eu\\\/wp-content\\\/uploads\\\/2024\\\/10\\\/EU-SM-Finalogo-02.png\",\"width\":150,\"height\":156,\"caption\":\"Marist Europe\"},\"image\":{\"@id\":\"https:\\\/\\\/maristeurope.eu\\\/it\\\/#\\\/schema\\\/logo\\\/image\\\/\"}}]}<\/script>\n<!-- \/ Yoast SEO plugin. -->","yoast_head_json":{"title":"Prega con noi - Marist Europe","robots":{"index":"index","follow":"follow","max-snippet":"max-snippet:-1","max-image-preview":"max-image-preview:large","max-video-preview":"max-video-preview:-1"},"canonical":"https:\/\/maristeurope.eu\/it\/prega-con-noi\/","og_locale":"it_IT","og_type":"article","og_title":"Prega con noi - Marist Europe","og_url":"https:\/\/maristeurope.eu\/it\/prega-con-noi\/","og_site_name":"Marist Europe","article_modified_time":"2026-05-07T06:35:35+00:00","twitter_card":"summary_large_image","schema":{"@context":"https:\/\/schema.org","@graph":[{"@type":"WebPage","@id":"https:\/\/maristeurope.eu\/it\/prega-con-noi\/","url":"https:\/\/maristeurope.eu\/it\/prega-con-noi\/","name":"Prega con noi - Marist Europe","isPartOf":{"@id":"https:\/\/maristeurope.eu\/it\/#website"},"datePublished":"2024-12-19T08:36:39+00:00","dateModified":"2026-05-07T06:35:35+00:00","breadcrumb":{"@id":"https:\/\/maristeurope.eu\/it\/prega-con-noi\/#breadcrumb"},"inLanguage":"it-IT","potentialAction":[{"@type":"ReadAction","target":["https:\/\/maristeurope.eu\/it\/prega-con-noi\/"]}]},{"@type":"BreadcrumbList","@id":"https:\/\/maristeurope.eu\/it\/prega-con-noi\/#breadcrumb","itemListElement":[{"@type":"ListItem","position":1,"name":"Home","item":"https:\/\/maristeurope.eu\/it\/"},{"@type":"ListItem","position":2,"name":"Prega con noi"}]},{"@type":"WebSite","@id":"https:\/\/maristeurope.eu\/it\/#website","url":"https:\/\/maristeurope.eu\/it\/","name":"Marist Europe","description":"","publisher":{"@id":"https:\/\/maristeurope.eu\/it\/#organization"},"potentialAction":[{"@type":"SearchAction","target":{"@type":"EntryPoint","urlTemplate":"https:\/\/maristeurope.eu\/it\/?s={search_term_string}"},"query-input":{"@type":"PropertyValueSpecification","valueRequired":true,"valueName":"search_term_string"}}],"inLanguage":"it-IT"},{"@type":"Organization","@id":"https:\/\/maristeurope.eu\/it\/#organization","name":"Marist Europe","url":"https:\/\/maristeurope.eu\/it\/","logo":{"@type":"ImageObject","inLanguage":"it-IT","@id":"https:\/\/maristeurope.eu\/it\/#\/schema\/logo\/image\/","url":"https:\/\/maristeurope.eu\/wp-content\/uploads\/2024\/10\/EU-SM-Finalogo-02.png","contentUrl":"https:\/\/maristeurope.eu\/wp-content\/uploads\/2024\/10\/EU-SM-Finalogo-02.png","width":150,"height":156,"caption":"Marist Europe"},"image":{"@id":"https:\/\/maristeurope.eu\/it\/#\/schema\/logo\/image\/"}}]}},"_links":{"self":[{"href":"https:\/\/maristeurope.eu\/it\/wp-json\/wp\/v2\/pages\/2355","targetHints":{"allow":["GET"]}}],"collection":[{"href":"https:\/\/maristeurope.eu\/it\/wp-json\/wp\/v2\/pages"}],"about":[{"href":"https:\/\/maristeurope.eu\/it\/wp-json\/wp\/v2\/types\/page"}],"author":[{"embeddable":true,"href":"https:\/\/maristeurope.eu\/it\/wp-json\/wp\/v2\/users\/1"}],"replies":[{"embeddable":true,"href":"https:\/\/maristeurope.eu\/it\/wp-json\/wp\/v2\/comments?post=2355"}],"version-history":[{"count":26,"href":"https:\/\/maristeurope.eu\/it\/wp-json\/wp\/v2\/pages\/2355\/revisions"}],"predecessor-version":[{"id":11012,"href":"https:\/\/maristeurope.eu\/it\/wp-json\/wp\/v2\/pages\/2355\/revisions\/11012"}],"wp:attachment":[{"href":"https:\/\/maristeurope.eu\/it\/wp-json\/wp\/v2\/media?parent=2355"}],"curies":[{"name":"wp","href":"https:\/\/api.w.org\/{rel}","templated":true}]}}