{"id":2350,"date":"2024-12-19T09:55:50","date_gmt":"2024-12-19T08:55:50","guid":{"rendered":"https:\/\/marist.sjdigitaldemo.ovh\/missione\/giustizia-e-creazione\/"},"modified":"2026-05-07T08:35:49","modified_gmt":"2026-05-07T06:35:49","slug":"giustizia-e-creazione","status":"publish","type":"page","link":"https:\/\/maristeurope.eu\/it\/missione\/giustizia-e-creazione\/","title":{"rendered":"Giustizia e creazione"},"content":{"rendered":"\n<div class=\"et_pb_section_0 et_pb_section et_section_regular et_block_section section_has_divider et_pb_bottom_divider\"><div class=\"et_pb_row_0 et_pb_row et_pb_equal_columns et_block_row et_animated preset--module--divi-row--default\"><div class=\"et_pb_column_0 et_pb_column et_pb_column_2_3 et_block_column et_pb_css_mix_blend_mode_passthrough\"><div class=\"et_pb_text_0 et_pb_text et_pb_bg_layout_light et_pb_module et_block_module\"><div class=\"et_pb_text_inner\"><h1><strong>Giustizia e creazione<\/strong><\/h1>\n<\/div><\/div><\/div><div class=\"et_pb_column_1 et_pb_column et_pb_column_1_3 et-last-child et_block_column et_pb_column_empty et_pb_css_mix_blend_mode_passthrough\"><\/div><\/div><div class=\"et_pb_bottom_inside_divider et-no-transition\"><\/div><\/div><div class=\"et_pb_section_1 et_pb_section et_section_regular et_block_section\"><div class=\"et_pb_row_1 et_pb_row et_block_row preset--module--divi-row--default\"><div class=\"et_pb_column_2 et_pb_column et_pb_column_1_5 et_block_column et_pb_column_empty et_pb_css_mix_blend_mode_passthrough\"><\/div><div class=\"et_pb_column_3 et_pb_column et_pb_column_3_5 et_block_column et_pb_css_mix_blend_mode_passthrough\"><div class=\"et_pb_text_1 et_pb_text et_pb_bg_layout_light et_animated et_pb_module et_block_module et_pb_text_align_center\"><div class=\"et_pb_text_inner\"><p><span style=\"font-weight: 400;\">\"<\/span><b>Giustizia, Pace e Integrit\u00e0 del Creato<\/b><span style=\"font-weight: 400;\">\" sono parte integrante della nostra missione marista nel mondo di oggi. <\/span> <\/p>\n<\/div><\/div><\/div><div class=\"et_pb_column_4 et_pb_column et_pb_column_1_5 et-last-child et_block_column et_pb_column_empty et_pb_css_mix_blend_mode_passthrough\"><\/div><\/div><\/div><div class=\"et_pb_section_2 et_pb_section et_section_regular et_block_section\"><div class=\"et_pb_row_2 et_pb_row et_pb_equal_columns et_block_row preset--module--divi-row--default\"><div class=\"et_pb_column_5 et_pb_column et_pb_column_3_5 et_block_column et_pb_css_mix_blend_mode_passthrough et_animated\"><div class=\"et_pb_text_2 et_pb_text et_pb_bg_layout_light et_pb_module et_block_module\"><div class=\"et_pb_text_inner\"><h2><b>Solidariet\u00e0 e servizio<\/b><\/h2>\n<p>&nbsp;<\/p>\n<p>Vivere il Vangelo significa far s\u00ec che i luoghi in cui viviamo riflettano i valori della giustizia e della pace. Ispirati dalla giustizia sociale, i Maristi di tutto il mondo <strong>servono coloro che sono meno privilegiati nella societ\u00e0<\/strong>, aiutano i migranti e i rifugiati a integrarsi nella societ\u00e0. Ci sforziamo di creare una consapevolezza sull'ecologia e sui modi per vivere in armonia con la natura. Alcuni maristi sono attivi nella pastorale carceraria e nel dialogo interreligioso.   <\/p>\n<p>L'amministrazione generale della Societ\u00e0 ha stabilito dei modi per comunicare informazioni su questioni di pace, giustizia e integrit\u00e0 del creato, come il \"blog di GPIC <a href=\"https:\/\/jpicblog.maristsm.org\">\": https:\/\/jpicblog.maristsm.org,<\/a> che pubblica ogni settimana articoli che coprono una vasta gamma di temi in questo campo.<\/p>\n<\/div><\/div><\/div><div class=\"et_pb_column_6 et_pb_column et_pb_column_2_5 et-last-child et_block_column et_pb_css_mix_blend_mode_passthrough\"><div class=\"et_pb_image_0 et_pb_image et_animated et_pb_module et_block_module\"><span class=\"et_pb_image_wrap\"><img loading=\"lazy\" decoding=\"async\" src=\"https:\/\/maristeurope.eu\/wp-content\/uploads\/2024\/12\/MEMORIAL-Barbery-cross-3J-fence-crpps-en-tamano-mediano.jpeg\" width=\"640\" height=\"454\" srcset=\"https:\/\/maristeurope.eu\/wp-content\/uploads\/2024\/12\/MEMORIAL-Barbery-cross-3J-fence-crpps-en-tamano-mediano.jpeg 640w, https:\/\/maristeurope.eu\/wp-content\/uploads\/2024\/12\/MEMORIAL-Barbery-cross-3J-fence-crpps-en-tamano-mediano-480x341.jpeg 480w\" sizes=\"(min-width: 0px) and (max-width: 480px) 480px, (min-width: 481px) 640px, 100vw\" class=\"wp-image-780\" title=\"MEMORIAL-Barbery-cross-3J-fence-crpps en tama\u00f1o mediano\" \/><\/span><\/div><\/div><\/div><\/div><div class=\"et_pb_section_3 et_pb_section et_section_regular et_block_section\"><div class=\"et_pb_row_3 et_pb_row et_block_row preset--module--divi-row--default\"><div class=\"et_pb_column_7 et_pb_column et_pb_column_4_4 et-last-child et_block_column et_pb_css_mix_blend_mode_passthrough\"><div class=\"et_pb_text_3 et_pb_text et_pb_bg_layout_light et_pb_module et_block_module\"><div class=\"et_pb_text_inner\"><h2>I maristi della Provincia Europea sono coinvolti in questi ministeri: ecco alcuni esempi:<\/h2>\n<\/div><\/div><div class=\"et_pb_text_4 et_pb_text et_pb_bg_layout_light et_pb_module et_block_module\"><div class=\"et_pb_text_inner\"><div class=\"sjd-locations-grid\"><div class=\"sjd-location-card\">  <div class=\"sjd-card-column sjd-column-name\">      <h2>Blog Giustizia, Pace e Integrit\u00e0 del Creato<\/h2>      <h3>Internet<\/h3>  <\/div>  <div class=\"sjd-card-column sjd-column-description\"><p>Un blog settimanale che tratta temi di giustizia, pace e creazione in tutto il mondo.<\/p><\/div>  <div class=\"sjd-card-column sjd-column-contact\">      <h3>Contact<\/h3><p><a href=\"https:\/\/jpicblog.maristsm.org\" target=\"_blank\">Visit Website<\/a><\/p>  <\/div><\/div><div class=\"sjd-location-card\">  <div class=\"sjd-card-column sjd-column-name\">      <h2>Progetto Laudato Si&#8217; (Yaounde, Camerun, Africa)<\/h2>      <h3>Camerun<\/h3>  <\/div>  <div class=\"sjd-card-column sjd-column-description\"><p>A<span style=\"font-weight: 400;\">n progetto agricolo guidato da un marista italiano, Luigi Savoldelli, sm. Il progetto lavora con un gruppo di famiglie locali e trae origine dall'enciclica Laudato Si' di Papa Francesco. Luigi scrive:    <\/span><i><span style=\"font-weight: 400;\">\"Il lavoro va oltre la coltivazione della terra o lo scavo di un pozzo d'acqua per dissetare le persone, gli animali e innaffiare i raccolti. Al di l\u00e0 di ogni iniziativa dedicata alle persone che hanno poco e sono pi\u00f9 vulnerabili, c'\u00e8 il significato profondo di aiutarle a vivere meglio di quanto potessero immaginare. Creiamo opportunit\u00e0 per un futuro pi\u00f9 luminoso per circa 35 giovani e le loro famiglie, in modo che non siano costretti a lasciare le loro case e il loro paese\".<\/span><\/i><\/p><\/div>  <div class=\"sjd-card-column sjd-column-contact\">      <h3>Contact<\/h3>  <\/div><\/div><div class=\"sjd-location-card\">  <div class=\"sjd-card-column sjd-column-name\">      <h2>Torino - Corso Francia<\/h2>      <h3>Italy<\/h3>  <\/div>  <div class=\"sjd-card-column sjd-column-description\"><p><span style=\"font-weight: 400;\">Il Santuario di Nostra Signora di Lourdes in Corso Francia (Torino), oltre alle varie attivit\u00e0 liturgiche e spirituali svolge attivit\u00e0 caritatevoli al servizio delle famiglie in difficolt\u00e0 e dei senzatetto, circa 250 persone. Questo progetto \u00e8 gestito da un piccolo gruppo di volontari che, due volte alla settimana (mercoled\u00ec e gioved\u00ec), accolgono le persone per la distribuzione di cibo e vestiti. Il servizio \u00e8 gestito in collaborazione con il Banco Alimentare del Piemonte e con i supermercati locali. Grazie alla generosit\u00e0 dei nostri sostenitori, siamo in grado di offrire un modesto contributo finanziario alle persone che bussano alla nostra porta per chiedere aiuto. Le richieste pi\u00f9 frequenti che riceviamo riguardano l'acquisto di medicinali in farmacia, il pagamento delle bollette e le ricariche telefoniche.      <\/span><\/p><\/div>  <div class=\"sjd-card-column sjd-column-contact\">      <h3>Contact<\/h3><p>Corso Francia 29, 10138 Turin, Italy<\/p><p>+39 011 4472368<\/p><p><a href=\"mailto:renatofrappi@gmail.com\">renatofrappi@gmail.com<\/a><\/p>  <\/div><\/div><div class=\"sjd-location-card\">  <div class=\"sjd-card-column sjd-column-name\">      <h2>A Notre Dame de France, Londra<\/h2>      <h3>England<\/h3>  <\/div>  <div class=\"sjd-card-column sjd-column-description\"><p><span style=\"font-weight: 400;\">Accogliamo <\/span><b>persone senza fissa dimora<\/b><span style=\"font-weight: 400;\">  e altri bisognosi per qualche ora il sabato, offrendo loro panini e bevande calde e, cosa pi\u00f9 importante, un'opportunit\u00e0 di chiacchierare e rilassarsi. Una volta al mese organizziamo un Club del Cinema. <\/span><a href=\"http:\/\/www.ndfchurch.org\/en\/solidarity\"> <span style=\"font-weight: 400;\">www.ndfchurch.org\/en\/solidarity<\/span><\/a><span style=\"font-weight: 400;\">  <\/span>\n\n<span style=\"font-weight: 400;\">Il <\/span><b>Centro Rifugiati Notre Dame<\/b><span style=\"font-weight: 400;\"> (<\/span><a href=\"http:\/\/www.notredamerc.org.uk\/\"><span style=\"font-weight: 400;\">www.notredamerc.org.uk<\/span><\/a><span style=\"font-weight: 400;\">) accoglie richiedenti asilo e rifugiati<\/span> <span style=\"font-weight: 400;\">in un centro di accoglienza per un supporto generale, uno spazio di socializzazione, consulenza sull'immigrazione e sull'alloggio, corsi di inglese, vestiti e articoli da toilette gratuiti. <\/span> <\/p><\/div>  <div class=\"sjd-card-column sjd-column-contact\">      <h3>Contact<\/h3><p>5 Leicester Place, London WC2H 7BX, UK<\/p><p><a href=\"https:\/\/www.notredamerc.org.uk\" target=\"_blank\">Visit Website<\/a><\/p>  <\/div><\/div><\/div>\n<\/div><\/div><\/div><\/div><\/div>\n","protected":false},"excerpt":{"rendered":"","protected":false},"author":1,"featured_media":0,"parent":2258,"menu_order":0,"comment_status":"closed","ping_status":"closed","template":"","meta":{"_acf_changed":false,"footnotes":""},"class_list":["post-2350","page","type-page","status-publish","hentry"],"acf":[],"yoast_head":"<!-- This site is optimized with the Yoast SEO plugin v27.6 - https:\/\/yoast.com\/product\/yoast-seo-wordpress\/ -->\n<title>Giustizia e creazione - Marist Europe<\/title>\n<meta name=\"robots\" content=\"index, follow, max-snippet:-1, max-image-preview:large, max-video-preview:-1\" \/>\n<link rel=\"canonical\" href=\"https:\/\/maristeurope.eu\/it\/missione\/giustizia-e-creazione\/\" \/>\n<meta property=\"og:locale\" content=\"it_IT\" \/>\n<meta property=\"og:type\" content=\"article\" \/>\n<meta property=\"og:title\" content=\"Giustizia e creazione - Marist Europe\" \/>\n<meta property=\"og:url\" content=\"https:\/\/maristeurope.eu\/it\/missione\/giustizia-e-creazione\/\" \/>\n<meta property=\"og:site_name\" content=\"Marist Europe\" \/>\n<meta property=\"article:modified_time\" content=\"2026-05-07T06:35:49+00:00\" \/>\n<meta name=\"twitter:card\" content=\"summary_large_image\" \/>\n<script type=\"application\/ld+json\" class=\"yoast-schema-graph\">{\"@context\":\"https:\\\/\\\/schema.org\",\"@graph\":[{\"@type\":\"WebPage\",\"@id\":\"https:\\\/\\\/maristeurope.eu\\\/it\\\/missione\\\/giustizia-e-creazione\\\/\",\"url\":\"https:\\\/\\\/maristeurope.eu\\\/it\\\/missione\\\/giustizia-e-creazione\\\/\",\"name\":\"Giustizia e creazione - Marist Europe\",\"isPartOf\":{\"@id\":\"https:\\\/\\\/maristeurope.eu\\\/it\\\/#website\"},\"datePublished\":\"2024-12-19T08:55:50+00:00\",\"dateModified\":\"2026-05-07T06:35:49+00:00\",\"breadcrumb\":{\"@id\":\"https:\\\/\\\/maristeurope.eu\\\/it\\\/missione\\\/giustizia-e-creazione\\\/#breadcrumb\"},\"inLanguage\":\"it-IT\",\"potentialAction\":[{\"@type\":\"ReadAction\",\"target\":[\"https:\\\/\\\/maristeurope.eu\\\/it\\\/missione\\\/giustizia-e-creazione\\\/\"]}]},{\"@type\":\"BreadcrumbList\",\"@id\":\"https:\\\/\\\/maristeurope.eu\\\/it\\\/missione\\\/giustizia-e-creazione\\\/#breadcrumb\",\"itemListElement\":[{\"@type\":\"ListItem\",\"position\":1,\"name\":\"Home\",\"item\":\"https:\\\/\\\/maristeurope.eu\\\/it\\\/\"},{\"@type\":\"ListItem\",\"position\":2,\"name\":\"Missione\",\"item\":\"https:\\\/\\\/maristeurope.eu\\\/it\\\/mission\\\/\"},{\"@type\":\"ListItem\",\"position\":3,\"name\":\"Giustizia e creazione\"}]},{\"@type\":\"WebSite\",\"@id\":\"https:\\\/\\\/maristeurope.eu\\\/it\\\/#website\",\"url\":\"https:\\\/\\\/maristeurope.eu\\\/it\\\/\",\"name\":\"Marist Europe\",\"description\":\"\",\"publisher\":{\"@id\":\"https:\\\/\\\/maristeurope.eu\\\/it\\\/#organization\"},\"potentialAction\":[{\"@type\":\"SearchAction\",\"target\":{\"@type\":\"EntryPoint\",\"urlTemplate\":\"https:\\\/\\\/maristeurope.eu\\\/it\\\/?s={search_term_string}\"},\"query-input\":{\"@type\":\"PropertyValueSpecification\",\"valueRequired\":true,\"valueName\":\"search_term_string\"}}],\"inLanguage\":\"it-IT\"},{\"@type\":\"Organization\",\"@id\":\"https:\\\/\\\/maristeurope.eu\\\/it\\\/#organization\",\"name\":\"Marist Europe\",\"url\":\"https:\\\/\\\/maristeurope.eu\\\/it\\\/\",\"logo\":{\"@type\":\"ImageObject\",\"inLanguage\":\"it-IT\",\"@id\":\"https:\\\/\\\/maristeurope.eu\\\/it\\\/#\\\/schema\\\/logo\\\/image\\\/\",\"url\":\"https:\\\/\\\/maristeurope.eu\\\/wp-content\\\/uploads\\\/2024\\\/10\\\/EU-SM-Finalogo-02.png\",\"contentUrl\":\"https:\\\/\\\/maristeurope.eu\\\/wp-content\\\/uploads\\\/2024\\\/10\\\/EU-SM-Finalogo-02.png\",\"width\":150,\"height\":156,\"caption\":\"Marist Europe\"},\"image\":{\"@id\":\"https:\\\/\\\/maristeurope.eu\\\/it\\\/#\\\/schema\\\/logo\\\/image\\\/\"}}]}<\/script>\n<!-- \/ Yoast SEO plugin. -->","yoast_head_json":{"title":"Giustizia e creazione - Marist Europe","robots":{"index":"index","follow":"follow","max-snippet":"max-snippet:-1","max-image-preview":"max-image-preview:large","max-video-preview":"max-video-preview:-1"},"canonical":"https:\/\/maristeurope.eu\/it\/missione\/giustizia-e-creazione\/","og_locale":"it_IT","og_type":"article","og_title":"Giustizia e creazione - Marist Europe","og_url":"https:\/\/maristeurope.eu\/it\/missione\/giustizia-e-creazione\/","og_site_name":"Marist Europe","article_modified_time":"2026-05-07T06:35:49+00:00","twitter_card":"summary_large_image","schema":{"@context":"https:\/\/schema.org","@graph":[{"@type":"WebPage","@id":"https:\/\/maristeurope.eu\/it\/missione\/giustizia-e-creazione\/","url":"https:\/\/maristeurope.eu\/it\/missione\/giustizia-e-creazione\/","name":"Giustizia e creazione - Marist Europe","isPartOf":{"@id":"https:\/\/maristeurope.eu\/it\/#website"},"datePublished":"2024-12-19T08:55:50+00:00","dateModified":"2026-05-07T06:35:49+00:00","breadcrumb":{"@id":"https:\/\/maristeurope.eu\/it\/missione\/giustizia-e-creazione\/#breadcrumb"},"inLanguage":"it-IT","potentialAction":[{"@type":"ReadAction","target":["https:\/\/maristeurope.eu\/it\/missione\/giustizia-e-creazione\/"]}]},{"@type":"BreadcrumbList","@id":"https:\/\/maristeurope.eu\/it\/missione\/giustizia-e-creazione\/#breadcrumb","itemListElement":[{"@type":"ListItem","position":1,"name":"Home","item":"https:\/\/maristeurope.eu\/it\/"},{"@type":"ListItem","position":2,"name":"Missione","item":"https:\/\/maristeurope.eu\/it\/mission\/"},{"@type":"ListItem","position":3,"name":"Giustizia e creazione"}]},{"@type":"WebSite","@id":"https:\/\/maristeurope.eu\/it\/#website","url":"https:\/\/maristeurope.eu\/it\/","name":"Marist Europe","description":"","publisher":{"@id":"https:\/\/maristeurope.eu\/it\/#organization"},"potentialAction":[{"@type":"SearchAction","target":{"@type":"EntryPoint","urlTemplate":"https:\/\/maristeurope.eu\/it\/?s={search_term_string}"},"query-input":{"@type":"PropertyValueSpecification","valueRequired":true,"valueName":"search_term_string"}}],"inLanguage":"it-IT"},{"@type":"Organization","@id":"https:\/\/maristeurope.eu\/it\/#organization","name":"Marist Europe","url":"https:\/\/maristeurope.eu\/it\/","logo":{"@type":"ImageObject","inLanguage":"it-IT","@id":"https:\/\/maristeurope.eu\/it\/#\/schema\/logo\/image\/","url":"https:\/\/maristeurope.eu\/wp-content\/uploads\/2024\/10\/EU-SM-Finalogo-02.png","contentUrl":"https:\/\/maristeurope.eu\/wp-content\/uploads\/2024\/10\/EU-SM-Finalogo-02.png","width":150,"height":156,"caption":"Marist Europe"},"image":{"@id":"https:\/\/maristeurope.eu\/it\/#\/schema\/logo\/image\/"}}]}},"_links":{"self":[{"href":"https:\/\/maristeurope.eu\/it\/wp-json\/wp\/v2\/pages\/2350","targetHints":{"allow":["GET"]}}],"collection":[{"href":"https:\/\/maristeurope.eu\/it\/wp-json\/wp\/v2\/pages"}],"about":[{"href":"https:\/\/maristeurope.eu\/it\/wp-json\/wp\/v2\/types\/page"}],"author":[{"embeddable":true,"href":"https:\/\/maristeurope.eu\/it\/wp-json\/wp\/v2\/users\/1"}],"replies":[{"embeddable":true,"href":"https:\/\/maristeurope.eu\/it\/wp-json\/wp\/v2\/comments?post=2350"}],"version-history":[{"count":11,"href":"https:\/\/maristeurope.eu\/it\/wp-json\/wp\/v2\/pages\/2350\/revisions"}],"predecessor-version":[{"id":11019,"href":"https:\/\/maristeurope.eu\/it\/wp-json\/wp\/v2\/pages\/2350\/revisions\/11019"}],"up":[{"embeddable":true,"href":"https:\/\/maristeurope.eu\/it\/wp-json\/wp\/v2\/pages\/2258"}],"wp:attachment":[{"href":"https:\/\/maristeurope.eu\/it\/wp-json\/wp\/v2\/media?parent=2350"}],"curies":[{"name":"wp","href":"https:\/\/api.w.org\/{rel}","templated":true}]}}