{"id":2293,"date":"2024-10-04T05:42:42","date_gmt":"2024-10-04T05:42:42","guid":{"rendered":"https:\/\/marist.sjdigitaldemo.ovh\/informativa-sulla-privacy\/"},"modified":"2025-03-13T17:18:45","modified_gmt":"2025-03-13T17:18:45","slug":"informativa-sulla-privacy","status":"publish","type":"page","link":"https:\/\/maristeurope.eu\/it\/informativa-sulla-privacy\/","title":{"rendered":"Informativa sulla privacy della Societ\u00e0 di Maria in Europa"},"content":{"rendered":"<p>[et_pb_section fb_built=\"1&#8243; admin_label=\"section\" _builder_version=\"4.16&#8243; global_colors_info=\"{}\"][et_pb_row admin_label=\"fila\" _builder_version=\"4.16&#8243; background_size=\"initial\" background_position=\"top_left\" background_repeat=\"repeat\" global_colors_info=\"{}\"][et_pb_column type=\"4_4&#8243; _builder_version=\"4.16&#8243; custom_padding=\"|||\" global_colors_info=\"{}\" custom_padding__hover=\"|||\"][et_pb_text admin_label=\"Text\" _builder_version=\"4.16&#8243; background_size=\"initial\" background_position=\"top_left\" background_repeat=\"repeat\" global_colors_info=\"{}\"]<\/p>\n<p>&nbsp;<\/p>\n<p>&nbsp;<\/p>\n<p>&nbsp;<\/p>\n<p>&nbsp;<\/p>\n<h2 class=\"wp-block-heading\"><strong>Informativa sulla privacy<\/strong><\/h2>\n<p>&nbsp;<\/p>\n<p>Questo \u00e8 il sito principale della Societ\u00e0 di Maria in Europa. La nostra Casa Provinciale Europea si trova in Francia: 104 rue de Vaugirard, 75006 Parigi e pu\u00f2 essere contattata via e-mail all&#8217;indirizzo <a href=\"mailto:info@maristeurope.eu\" target=\"_blank\" rel=\"noreferrer noopener\">info@maristeurope.eu.<\/a> <\/p>\n<\/p>\n<p>Abbiamo adottato la presente Informativa sulla privacy per dimostrare il nostro fermo impegno nei confronti della privacy. La presente informativa sulla privacy illustra le nostre pratiche di gestione delle informazioni che l&#8217;utente pu\u00f2 comunicarci attraverso l&#8217;utilizzo di questo sito web. <\/p>\n<\/p>\n<h2 class=\"wp-block-heading\"><strong>Accettazione dell&#8217;Informativa sulla privacy<\/strong><\/h2>\n<\/p>\n<p>L&#8217;utilizzo di questo sito implica l&#8217;accettazione di questa dichiarazione. Se non sei d&#8217;accordo con qualsiasi aspetto di questa dichiarazione, ti invitiamo a interrompere l&#8217;utilizzo del sito web. Ci riserviamo il diritto di modificare la presente Informativa sulla privacy in qualsiasi momento. Pertanto, ogni volta che utilizzerai il sito sarai vincolato dall&#8217;attuale Informativa sulla Privacy e dovrai rivederla ogni volta che utilizzerai il sito per verificare l&#8217;accettazione di eventuali modifiche.   <\/p>\n<\/p>\n<h2 class=\"wp-block-heading\"><strong>Informazioni che raccogliamo<\/strong><\/h2>\n<\/p>\n<p>Il nostro obiettivo \u00e8 quello di migliorare costantemente la tua esperienza sui nostri canali digitali. Utilizziamo i cookie per migliorare la tua esperienza con i nostri servizi e le nostre applicazioni online. Puoi accedere e navigare sul nostro sito web senza comunicarci i tuoi dati personali. Se stai navigando e leggendo informazioni sul sito, come qualsiasi altro sito web, raccogliamo e memorizziamo le seguenti informazioni anonime sulla tua visita:   <\/p>\n<\/p>\n<p>- L&#8217;indirizzo IP associato alla tua connessione durante la visita al sito web;<\/p>\n<\/p>\n<p>- Il sistema operativo e il browser che hai utilizzato durante la visita al sito web;<\/p>\n<\/p>\n<p>- L&#8217;URL che ti ha portato al sito web;<\/p>\n<\/p>\n<p>- La data, l&#8217;ora e la durata della tua visita; e<\/p>\n<\/p>\n<p>- Gli URL delle pagine che visiti sul sito web.<\/p>\n<\/p>\n<p>Possiamo utilizzare queste informazioni anonime per motivi statistici e possiamo condividere con terzi informazioni demografiche generiche aggregate non collegate a informazioni di identificazione personale per aiutarci a capire meglio come le persone utilizzano il nostro sito web e il loro interesse per i nostri servizi.<\/p>\n<\/p>\n<h2 class=\"wp-block-heading\"><strong>I tuoi dati di identificazione personale<\/strong><\/h2>\n<\/p>\n<p>Non registriamo automaticamente le informazioni di identificazione personale quando l&#8217;utente utilizza e interagisce con questo sito web. Non colleghiamo le informazioni registrate automaticamente da altri mezzi con le informazioni di identificazione personale di individui specifici che utilizzano e interagiscono con questo sito web. Non raccogliamo informazioni sui nostri visitatori da altre fonti, come archivi o enti pubblici o organizzazioni private.  <\/p>\n<\/p>\n<p>Tuttavia, puoi scegliere di fornire informazioni personali alla Provincia Europea della Societ\u00e0 di Maria attraverso vari metodi presenti su questo sito web, tra cui, a titolo esemplificativo ma non esaustivo, i moduli di contatto, i moduli di richiesta o quando completi un sondaggio on-line. Queste informazioni personali possono essere utilizzate solo per identificare l&#8217;utente come persona fisica.  Se ci fornite informazioni di identificazione personale, le utilizzeremo allo scopo di fornirvi il servizio o le informazioni che avete richiesto alla Provincia Europea della Societ\u00e0 di Maria.<\/p>\n<\/p>\n<h2 class=\"wp-block-heading\"><strong>L&#8217;utente acconsente a<\/strong><\/h2>\n<\/p>\n<p>Utilizzare i tuoi dati personali per consigliarti servizi o fornirti altre informazioni che riteniamo possano essere rilevanti per te. Ci riserviamo il diritto di collaborare con le autorit\u00e0 locali, nazionali o internazionali preposte all&#8217;applicazione della legge nelle indagini su attivit\u00e0 improprie o illegali. Se un&#8217;indagine specifica richiede la fornitura di informazioni personali, potrebbe essere necessario divulgare le informazioni personali relative a tali individui. Lo faremo solo se consentito e richiesto dalla legge.   <\/p>\n<\/p>\n<h2 class=\"wp-block-heading\"><strong>Biscotti<\/strong><\/h2>\n<\/p>\n<p>I cookie sono utilizzati per monitorare il traffico del sito web e migliorare la tua esperienza sul nostro sito. I cookie sono dei dati che il tuo computer, il tuo dispositivo mobile o il tuo tablet scaricano quando visiti un sito web. I cookie vengono utilizzati per tenere traccia delle tue preferenze e per riconoscere i visitatori che ritornano. Puoi impostare il tuo browser web in modo che rifiuti i cookie o che ti avverta quando vengono inviati. In tal caso, alcune parti del sito potrebbero non funzionare correttamente.    <\/p>\n<\/p>\n<h2 class=\"wp-block-heading\"><strong>Collegamenti ipertestuali<\/strong><\/h2>\n<\/p>\n<p>Alcune pagine del nostro sito web possono contenere collegamenti ipertestuali a siti web non gestiti dalla Provincia Europea della Societ\u00e0 di Maria. Ti ricordiamo che, in qualit\u00e0 di utente di tali siti web, si applicheranno termini e condizioni d&#8217;uso diversi. Inoltre, tali siti web potrebbero non rispettare gli stessi standard di privacy della Provincia Europea della Societ\u00e0 di Maria. Ti consigliamo vivamente di prendere visione dell&#8217;Informativa sulla Privacy di ogni sito che visiti.   <\/p>\n<\/p>\n<h2 class=\"wp-block-heading\"><strong>Diritto di accesso e rettifica<\/strong><\/h2>\n<\/p>\n<p>Puoi richiedere i dettagli delle informazioni personali in nostro possesso in base alle leggi sulla protezione dei dati e al Regolamento generale sulla protezione dei dati (GDPR). Se desideri una copia delle informazioni in tuo possesso, contattaci. Se ritieni che le informazioni in nostro possesso siano errate o incomplete, scrivici all&#8217;indirizzo sopra indicato o invia un&#8217;e-mail <a href=\"mailto:info@maristeurope.eu\" target=\"_blank\" rel=\"noreferrer noopener\">all&#8217;indirizzo info@maristeurope.eu.<\/a> Su tua richiesta, provvederemo a correggere tempestivamente le informazioni ritenute errate o a cancellare l&#8217;intero record.   <\/p>\n<\/p>\n<h2 class=\"wp-block-heading\"><strong>Sicurezza<\/strong><\/h2>\n<\/p>\n<p>Prendiamo molto sul serio le nostre responsabilit\u00e0 in materia di sicurezza, impiegando le misure fisiche e tecniche pi\u00f9 appropriate disponibili, tra cui l&#8217;implementazione del software di sicurezza pi\u00f9 recente, la formazione e la sensibilizzazione del personale e rivedendo regolarmente tali misure.<\/p>\n<\/p>\n<h2 class=\"wp-block-heading\"><strong>Ritenzione<\/strong><\/h2>\n<\/p>\n<p>Se fornisci alla Provincia Europea della Societ\u00e0 di Maria i tuoi dati personali, li conserveremo solo per il tempo ragionevolmente necessario a rispondere alle domande o a risolvere i problemi, a fornire servizi migliori e nuovi e a rispettare i requisiti legali previsti dalle leggi vigenti. Ci\u00f2 significa che potremmo conservare i tuoi dati personali per un periodo ragionevole dopo che avrai smesso di utilizzare i nostri servizi o di utilizzare questo sito web. Dopo questo periodo, le tue informazioni personali saranno cancellate da tutti i sistemi della Provincia Europea della Societ\u00e0 di Maria. Hai il diritto di far cancellare i tuoi dati personali in qualsiasi momento.   <\/p>\n<\/p>\n<h2 class=\"wp-block-heading\"><strong>Modifiche a questa politica<\/strong><\/h2>\n<\/p>\n<p>Ci riserviamo il diritto di modificare, adattare e adattare la presente Informativa sulla privacy sul sito web senza alcun preavviso. L&#8217;utente riconosce e accetta che la presente Informativa sulla privacy possa cambiare di tanto in tanto e si rende conto che la versione pi\u00f9 recente \u00e8 applicabile quando visita il sito web. <\/p>\n<\/p>\n<h2 class=\"wp-block-heading\"><strong>Contattaci<\/strong><\/h2>\n<\/p>\n<p>La presente informativa illustra le pratiche in materia di privacy della Provincia Europea della Societ\u00e0 di Maria. Se hai domande specifiche su queste pratiche e politiche, puoi inviarci un&#8217;email a <a href=\"mailto:info@maristeurope.eu\" target=\"_blank\" rel=\"noreferrer noopener\">info@maristeurope.eu.<\/a> <\/p>\n<\/p>\n<p>[\/et_pb_text][\/et_pb_column][\/et_pb_row][\/et_pb_section]<\/p>\n","protected":false},"excerpt":{"rendered":"<p>&nbsp; &nbsp; &nbsp; &nbsp; Informativa sulla privacy &nbsp; Questo \u00e8 il sito principale della Societ\u00e0 di Maria in Europa. La nostra Casa Provinciale Europea si trova in Francia: 104 rue de Vaugirard, 75006 Parigi e pu\u00f2 essere contattata via e-mail all&#8217;indirizzo info@maristeurope.eu. Abbiamo adottato la presente Informativa sulla privacy per dimostrare il nostro fermo impegno [&hellip;]<\/p>\n","protected":false},"author":1,"featured_media":0,"parent":0,"menu_order":0,"comment_status":"closed","ping_status":"open","template":"","meta":{"_et_pb_use_builder":"on","_et_pb_old_content":"","_et_gb_content_width":"","footnotes":""},"class_list":["post-2293","page","type-page","status-publish","hentry"],"yoast_head":"<!-- This site is optimized with the Yoast SEO plugin v27.4 - https:\/\/yoast.com\/product\/yoast-seo-wordpress\/ -->\n<title>Informativa sulla privacy della Societ\u00e0 di Maria in Europa - Marist Europe<\/title>\n<meta name=\"robots\" content=\"index, follow, max-snippet:-1, max-image-preview:large, max-video-preview:-1\" \/>\n<link rel=\"canonical\" href=\"https:\/\/maristeurope.eu\/it\/informativa-sulla-privacy\/\" \/>\n<meta property=\"og:locale\" content=\"it_IT\" \/>\n<meta property=\"og:type\" content=\"article\" \/>\n<meta property=\"og:title\" content=\"Informativa sulla privacy della Societ\u00e0 di Maria in Europa - Marist Europe\" \/>\n<meta property=\"og:description\" content=\"&nbsp; &nbsp; &nbsp; &nbsp; Informativa sulla privacy &nbsp; Questo \u00e8 il sito principale della Societ\u00e0 di Maria in Europa. La nostra Casa Provinciale Europea si trova in Francia: 104 rue de Vaugirard, 75006 Parigi e pu\u00f2 essere contattata via e-mail all&#039;indirizzo info@maristeurope.eu. Abbiamo adottato la presente Informativa sulla privacy per dimostrare il nostro fermo impegno [&hellip;]\" \/>\n<meta property=\"og:url\" content=\"https:\/\/maristeurope.eu\/it\/informativa-sulla-privacy\/\" \/>\n<meta property=\"og:site_name\" content=\"Marist Europe\" \/>\n<meta property=\"article:modified_time\" content=\"2025-03-13T17:18:45+00:00\" \/>\n<meta name=\"twitter:card\" content=\"summary_large_image\" \/>\n<meta name=\"twitter:label1\" content=\"Tempo di lettura stimato\" \/>\n\t<meta name=\"twitter:data1\" content=\"6 minuto\" \/>\n<script type=\"application\/ld+json\" class=\"yoast-schema-graph\">{\"@context\":\"https:\\\/\\\/schema.org\",\"@graph\":[{\"@type\":\"WebPage\",\"@id\":\"https:\\\/\\\/maristeurope.eu\\\/it\\\/informativa-sulla-privacy\\\/\",\"url\":\"https:\\\/\\\/maristeurope.eu\\\/it\\\/informativa-sulla-privacy\\\/\",\"name\":\"Informativa sulla privacy della Societ\u00e0 di Maria in Europa - Marist Europe\",\"isPartOf\":{\"@id\":\"https:\\\/\\\/maristeurope.eu\\\/it\\\/#website\"},\"datePublished\":\"2024-10-04T05:42:42+00:00\",\"dateModified\":\"2025-03-13T17:18:45+00:00\",\"breadcrumb\":{\"@id\":\"https:\\\/\\\/maristeurope.eu\\\/it\\\/informativa-sulla-privacy\\\/#breadcrumb\"},\"inLanguage\":\"it-IT\",\"potentialAction\":[{\"@type\":\"ReadAction\",\"target\":[\"https:\\\/\\\/maristeurope.eu\\\/it\\\/informativa-sulla-privacy\\\/\"]}]},{\"@type\":\"BreadcrumbList\",\"@id\":\"https:\\\/\\\/maristeurope.eu\\\/it\\\/informativa-sulla-privacy\\\/#breadcrumb\",\"itemListElement\":[{\"@type\":\"ListItem\",\"position\":1,\"name\":\"Home\",\"item\":\"https:\\\/\\\/maristeurope.eu\\\/it\\\/maristi\\\/\"},{\"@type\":\"ListItem\",\"position\":2,\"name\":\"Informativa sulla privacy della Societ\u00e0 di Maria in Europa\"}]},{\"@type\":\"WebSite\",\"@id\":\"https:\\\/\\\/maristeurope.eu\\\/it\\\/#website\",\"url\":\"https:\\\/\\\/maristeurope.eu\\\/it\\\/\",\"name\":\"Marist Europe\",\"description\":\"\",\"publisher\":{\"@id\":\"https:\\\/\\\/maristeurope.eu\\\/it\\\/#organization\"},\"potentialAction\":[{\"@type\":\"SearchAction\",\"target\":{\"@type\":\"EntryPoint\",\"urlTemplate\":\"https:\\\/\\\/maristeurope.eu\\\/it\\\/?s={search_term_string}\"},\"query-input\":{\"@type\":\"PropertyValueSpecification\",\"valueRequired\":true,\"valueName\":\"search_term_string\"}}],\"inLanguage\":\"it-IT\"},{\"@type\":\"Organization\",\"@id\":\"https:\\\/\\\/maristeurope.eu\\\/it\\\/#organization\",\"name\":\"Marist Europe\",\"url\":\"https:\\\/\\\/maristeurope.eu\\\/it\\\/\",\"logo\":{\"@type\":\"ImageObject\",\"inLanguage\":\"it-IT\",\"@id\":\"https:\\\/\\\/maristeurope.eu\\\/it\\\/#\\\/schema\\\/logo\\\/image\\\/\",\"url\":\"https:\\\/\\\/maristeurope.eu\\\/wp-content\\\/uploads\\\/2024\\\/10\\\/EU-SM-Finalogo-02.png\",\"contentUrl\":\"https:\\\/\\\/maristeurope.eu\\\/wp-content\\\/uploads\\\/2024\\\/10\\\/EU-SM-Finalogo-02.png\",\"width\":150,\"height\":156,\"caption\":\"Marist Europe\"},\"image\":{\"@id\":\"https:\\\/\\\/maristeurope.eu\\\/it\\\/#\\\/schema\\\/logo\\\/image\\\/\"}}]}<\/script>\n<!-- \/ Yoast SEO plugin. -->","yoast_head_json":{"title":"Informativa sulla privacy della Societ\u00e0 di Maria in Europa - Marist Europe","robots":{"index":"index","follow":"follow","max-snippet":"max-snippet:-1","max-image-preview":"max-image-preview:large","max-video-preview":"max-video-preview:-1"},"canonical":"https:\/\/maristeurope.eu\/it\/informativa-sulla-privacy\/","og_locale":"it_IT","og_type":"article","og_title":"Informativa sulla privacy della Societ\u00e0 di Maria in Europa - Marist Europe","og_description":"&nbsp; &nbsp; &nbsp; &nbsp; Informativa sulla privacy &nbsp; Questo \u00e8 il sito principale della Societ\u00e0 di Maria in Europa. La nostra Casa Provinciale Europea si trova in Francia: 104 rue de Vaugirard, 75006 Parigi e pu\u00f2 essere contattata via e-mail all'indirizzo info@maristeurope.eu. Abbiamo adottato la presente Informativa sulla privacy per dimostrare il nostro fermo impegno [&hellip;]","og_url":"https:\/\/maristeurope.eu\/it\/informativa-sulla-privacy\/","og_site_name":"Marist Europe","article_modified_time":"2025-03-13T17:18:45+00:00","twitter_card":"summary_large_image","twitter_misc":{"Tempo di lettura stimato":"6 minuto"},"schema":{"@context":"https:\/\/schema.org","@graph":[{"@type":"WebPage","@id":"https:\/\/maristeurope.eu\/it\/informativa-sulla-privacy\/","url":"https:\/\/maristeurope.eu\/it\/informativa-sulla-privacy\/","name":"Informativa sulla privacy della Societ\u00e0 di Maria in Europa - Marist Europe","isPartOf":{"@id":"https:\/\/maristeurope.eu\/it\/#website"},"datePublished":"2024-10-04T05:42:42+00:00","dateModified":"2025-03-13T17:18:45+00:00","breadcrumb":{"@id":"https:\/\/maristeurope.eu\/it\/informativa-sulla-privacy\/#breadcrumb"},"inLanguage":"it-IT","potentialAction":[{"@type":"ReadAction","target":["https:\/\/maristeurope.eu\/it\/informativa-sulla-privacy\/"]}]},{"@type":"BreadcrumbList","@id":"https:\/\/maristeurope.eu\/it\/informativa-sulla-privacy\/#breadcrumb","itemListElement":[{"@type":"ListItem","position":1,"name":"Home","item":"https:\/\/maristeurope.eu\/it\/maristi\/"},{"@type":"ListItem","position":2,"name":"Informativa sulla privacy della Societ\u00e0 di Maria in Europa"}]},{"@type":"WebSite","@id":"https:\/\/maristeurope.eu\/it\/#website","url":"https:\/\/maristeurope.eu\/it\/","name":"Marist Europe","description":"","publisher":{"@id":"https:\/\/maristeurope.eu\/it\/#organization"},"potentialAction":[{"@type":"SearchAction","target":{"@type":"EntryPoint","urlTemplate":"https:\/\/maristeurope.eu\/it\/?s={search_term_string}"},"query-input":{"@type":"PropertyValueSpecification","valueRequired":true,"valueName":"search_term_string"}}],"inLanguage":"it-IT"},{"@type":"Organization","@id":"https:\/\/maristeurope.eu\/it\/#organization","name":"Marist Europe","url":"https:\/\/maristeurope.eu\/it\/","logo":{"@type":"ImageObject","inLanguage":"it-IT","@id":"https:\/\/maristeurope.eu\/it\/#\/schema\/logo\/image\/","url":"https:\/\/maristeurope.eu\/wp-content\/uploads\/2024\/10\/EU-SM-Finalogo-02.png","contentUrl":"https:\/\/maristeurope.eu\/wp-content\/uploads\/2024\/10\/EU-SM-Finalogo-02.png","width":150,"height":156,"caption":"Marist Europe"},"image":{"@id":"https:\/\/maristeurope.eu\/it\/#\/schema\/logo\/image\/"}}]}},"_links":{"self":[{"href":"https:\/\/maristeurope.eu\/it\/wp-json\/wp\/v2\/pages\/2293","targetHints":{"allow":["GET"]}}],"collection":[{"href":"https:\/\/maristeurope.eu\/it\/wp-json\/wp\/v2\/pages"}],"about":[{"href":"https:\/\/maristeurope.eu\/it\/wp-json\/wp\/v2\/types\/page"}],"author":[{"embeddable":true,"href":"https:\/\/maristeurope.eu\/it\/wp-json\/wp\/v2\/users\/1"}],"replies":[{"embeddable":true,"href":"https:\/\/maristeurope.eu\/it\/wp-json\/wp\/v2\/comments?post=2293"}],"version-history":[{"count":11,"href":"https:\/\/maristeurope.eu\/it\/wp-json\/wp\/v2\/pages\/2293\/revisions"}],"predecessor-version":[{"id":4849,"href":"https:\/\/maristeurope.eu\/it\/wp-json\/wp\/v2\/pages\/2293\/revisions\/4849"}],"wp:attachment":[{"href":"https:\/\/maristeurope.eu\/it\/wp-json\/wp\/v2\/media?parent=2293"}],"curies":[{"name":"wp","href":"https:\/\/api.w.org\/{rel}","templated":true}]}}