{"id":2258,"date":"2024-10-07T13:31:39","date_gmt":"2024-10-07T11:31:39","guid":{"rendered":"https:\/\/marist.sjdigitaldemo.ovh\/missione\/"},"modified":"2025-02-12T08:47:42","modified_gmt":"2025-02-12T08:47:42","slug":"missione","status":"publish","type":"page","link":"https:\/\/maristeurope.eu\/it\/missione\/","title":{"rendered":"Missione"},"content":{"rendered":"<p>[et_pb_section fb_built=\"1&#8243; admin_label=\"Secci\u00f3n\" _builder_version=\"4.27.4&#8243; _module_preset=\"default\" use_background_color_gradient=\"on\" background_color_gradient_stops=\"rgba(2,48,71,0.2) 0%|rgba(2,48,71,0.4) 100%\" background_color_gradient_overlays_image=\"on\" background_image=\"https:\/\/maristeurope.eu\/wp-content\/uploads\/2024\/12\/DSC3161-en-tamano-grande.jpeg\" background_position=\"top_center\" background_enable_video_mp4=\"off\" custom_padding=\"16vw||4vw||false|false\" bottom_divider_style=\"ramp2&#8243; bottom_divider_color=\"#FFFAF2&#8243; bottom_divider_flip=\"horizontal\" global_colors_info=\"{}\"][et_pb_row make_equal=\"on\" _builder_version=\"4.27.2&#8243; _module_preset=\"default\" background_enable_color=\"off\" custom_padding=\"0px|40px|0px|40px|true|true\" animation_style=\"fade\" animation_duration=\"1500ms\" animation_delay=\"200ms\" global_colors_info=\"{}\"][et_pb_column type=\"4_4&#8243; _builder_version=\"4.27.2&#8243; _module_preset=\"default\" global_colors_info=\"{}\"][et_pb_text _builder_version=\"4.27.2&#8243; _module_preset=\"default\" header_font=\"|600||on|||||\" header_text_color=\"#FFFFFF\" header_font_size=\"4rem\" header_letter_spacing=\"4px\" header_2_text_color=\"#219EBC\" header_2_font_size=\"3.5rem\" custom_margin=\"20px||20px||true|false\" global_colors_info=\"{}\"]<\/p>\n<h1>Missione<\/h1>\n<p>[\/et_pb_text][\/et_pb_column][\/et_pb_row][\/et_pb_section][et_pb_section fb_built=\"1&#8243; admin_label=\"Secci\u00f3n\" _builder_version=\"4.27.2&#8243; _module_preset=\"default\" background_color=\"#FFFAF2&#8243; background_image=\"https:\/\/maristeurope.eu\/wp-content\/uploads\/2024\/11\/Fondo-de-_DSC3323-copia-eliminado.png\" background_size=\"contain\" background_position=\"bottom_left\" background_blend=\"soft-light\" custom_padding=\"6vw||0px||false|false\" global_colors_info=\"{}\"][et_pb_row column_structure=\"3_5,2_5&#8243; make_equal=\"on\" admin_label=\"Fila\" _builder_version=\"4.27.4&#8243; _module_preset=\"default\" background_enable_color=\"off\" background_enable_image=\"off\" custom_padding=\"|||40px|false|false\" border_radii=\"on|50px|50px|50px|50px\" global_colors_info=\"{}\"][et_pb_column type=\"3_5&#8243; _builder_version=\"4.27.2&#8243; _module_preset=\"default\" animation_style=\"fade\" animation_duration=\"1500ms\" animation_delay=\"200ms\" custom_css_main_element=\"margin: auto auto;\" global_colors_info=\"{}\"][et_pb_text _builder_version=\"4.27.4&#8243; _module_preset=\"default\" header_2_text_color=\"#023047&#8243; header_2_font_size=\"3rem\" animation_style=\"fade\" animation_delay=\"200ms\" hover_enabled=\"0&#8243; global_colors_info=\"{}\" sticky_enabled=\"0&#8243;]<\/p>\n<h2><strong>Essere la presenza di Maria  <\/strong><\/h2>\n<p>[\/et_pb_text][et_pb_text _builder_version=\"4.27.4&#8243; _module_preset=\"default\" text_text_color=\"#023047&#8243; text_font_size=\"20px\" global_colors_info=\"{}\"]<\/p>\n<p>La Societ\u00e0 di Maria della Provincia Europea \u00e8 composta da sacerdoti e fratelli che lavorano in collaborazione con i nostri partner laici in missione. Ci rivolgiamo a tutte le persone, soprattutto a quelle che sono ai margini della Chiesa e della societ\u00e0. In Europa serviamo soprattutto attraverso l&#8217;educazione, la pastorale generale nelle parrocchie e nei luoghi di culto, i ministeri di solidariet\u00e0 con le persone escluse ed emarginate e l&#8217;accoglienza delle persone che cercano un senso nella vita.  <\/p>\n<p>[\/et_pb_text][\/et_pb_column][et_pb_column type=\"2_5&#8243; _builder_version=\"4.27.2&#8243; _module_preset=\"default\" animation_style=\"slide\" animation_direction=\"right\" animation_duration=\"1500ms\" animation_delay=\"500ms\" global_colors_info=\"{}\"][et_pb_image src=\"https:\/\/maristeurope.eu\/wp-content\/uploads\/2024\/12\/DSC3395-1-en-tamano-mediano-1.jpeg\" title_text=\"_DSC3395 (1) in formato medio\" _builder_version=\"4.27.4&#8243; _module_preset=\"default\" animation_style=\"slide\" animation_direction=\"right\" animation_delay=\"400ms\" border_radii=\"on|50px|50px|50px|50px\" global_colors_info=\"{}\"][\/et_pb_image][\/et_pb_column][\/et_pb_row][\/et_pb_section][et_pb_section fb_built=\"1&#8243; _builder_version=\"4.27.4&#8243; _module_preset=\"default\" background_color=\"#023047&#8243; background_blend=\"soft-light\" background_enable_pattern_style=\"on\" background_pattern_style=\"confetti\" background_pattern_color=\"rgba(0,0,0,0.05)\" custom_padding=\"6vw||12vw||false|false\" top_divider_style=\"wave\" top_divider_color=\"#FFFAF2&#8243; bottom_divider_style=\"wave2&#8243; bottom_divider_color=\"#FFFAF2&#8243; bottom_divider_flip=\"horizontal\" bottom_divider_arrangement=\"above_content\" hover_enabled=\"0&#8243; global_colors_info=\"{}\" background_enable_image=\"off\" sticky_enabled=\"0&#8243;][et_pb_row _builder_version=\"4.27.2&#8243; _module_preset=\"default\" custom_padding=\"||||false|false\" global_colors_info=\"{}\"][et_pb_column type=\"4_4&#8243; _builder_version=\"4.27.2&#8243; _module_preset=\"default\" global_colors_info=\"{}\"][et_pb_text _builder_version=\"4.27.4&#8243; _module_preset=\"default\" header_2_text_color=\"#8ECAE6&#8243; header_2_font_size=\"3rem\" animation_style=\"fade\" animation_delay=\"200ms\" global_colors_info=\"{}\"]<\/p>\n<h2>Veramente missionario<\/h2>\n<p>[\/et_pb_text][\/et_pb_column][\/et_pb_row][et_pb_row column_structure=\"3_5,2_5&#8243; make_equal=\"on\" _builder_version=\"4.27.2&#8243; _module_preset=\"default\" global_colors_info=\"{}\"][et_pb_column type=\"3_5&#8243; _builder_version=\"4.27.2&#8243; _module_preset=\"default\" custom_css_main_element=\"margin: auto;\" global_colors_info=\"{}\"][et_pb_text _builder_version=\"4.27.4&#8243; _module_preset=\"default\" text_text_color=\"#FFFAF2&#8243; text_font_size=\"18px\" text_line_height=\"1.6em\" animation_style=\"slide\" animation_duration=\"1500ms\" animation_delay=\"200ms\" hover_enabled=\"0&#8243; global_colors_info=\"{}\" sticky_enabled=\"0&#8243;]<\/p>\n<p>Ci impegniamo in una gamma diversificata di attivit\u00e0 apostoliche. Poich\u00e9 la nostra chiamata \u00e8 quella di essere \"veramente missionari\", siamo chiamati a fondare la Chiesa dove non esiste e a rinnovare le comunit\u00e0 esistenti piuttosto che partecipare ad attivit\u00e0 e luoghi in cui la Chiesa \u00e8 gi\u00e0 presente con risorse sufficienti. Il nostro lavoro apostolico ci porta nelle chiese, nelle scuole, nelle carceri, negli ospedali e nel ministero con i senzatetto, i rifugiati e i migranti nei nostri paesi europei e all&#8217;estero.  <\/p>\n<p>[\/et_pb_text][\/et_pb_column][et_pb_column type=\"2_5&#8243; _builder_version=\"4.27.2&#8243; _module_preset=\"default\" global_colors_info=\"{}\"][et_pb_image src=\"https:\/\/maristeurope.eu\/wp-content\/uploads\/2025\/01\/Our-Story-header-photo.jpg\" _builder_version=\"4.27.4&#8243; _module_preset=\"default\" title_text=\"Foto di intestazione della nostra storia\" sticky_enabled=\"0&#8243; animation_style=\"slide\" animation_direction=\"right\" animation_delay=\"400ms\" border_radii=\"on|50px|50px|50px|50px\"][\/et_pb_image][\/et_pb_column][\/et_pb_row][\/et_pb_section][et_pb_section fb_built=\"1&#8243; _builder_version=\"4.27.4&#8243; _module_preset=\"default\" background_color=\"#FFFAF2&#8243; background_image=\"https:\/\/maristeurope.eu\/wp-content\/uploads\/2024\/11\/art-therapist-background-01-1.png\" global_colors_info=\"{}\"][et_pb_row _builder_version=\"4.27.2&#8243; _module_preset=\"default\" custom_padding=\"||||false|false\" global_colors_info=\"{}\"][et_pb_column type=\"4_4&#8243; _builder_version=\"4.27.2&#8243; _module_preset=\"default\" global_colors_info=\"{}\"][et_pb_text _builder_version=\"4.27.4&#8243; _module_preset=\"default\" header_2_text_color=\"#023047&#8243; header_2_font_size=\"3rem\" animation_style=\"fade\" animation_delay=\"200ms\" hover_enabled=\"0&#8243; global_colors_info=\"{}\" sticky_enabled=\"0&#8243;]<\/p>\n<h2>Gamma di missioni<\/h2>\n<p>[\/et_pb_text][\/et_pb_column][\/et_pb_row][et_pb_row column_structure=\"1_2,1_2&#8243; _builder_version=\"4.27.4&#8243; _module_preset=\"default\" global_colors_info=\"{}\"][et_pb_column type=\"1_2&#8243; _builder_version=\"4.27.4&#8243; _module_preset=\"default\" global_colors_info=\"{}\"][et_pb_text _builder_version=\"4.27.4&#8243; _module_preset=\"default\" text_font=\"|800|||||||\" text_text_color=\"#FFB703&#8243; text_font_size=\"30px\" background_color=\"#219EBC\" background_image=\"https:\/\/maristeurope.eu\/wp-content\/uploads\/2025\/01\/Mission-Education-scaled.jpg\" background_blend=\"multiply\" text_orientation=\"center\" custom_padding=\"100px|10px|100px|10px|true|true\" animation_style=\"slide\" animation_delay=\"200ms\" link_option_url=\"https:\/\/maristeurope.eu\/mission\/education\/\" hover_enabled=\"0&#8243; border_radii=\"on|50px|50px|50px|50px\" global_colors_info=\"{}\" background__hover_enabled=\"on|hover\" background_blend__hover=\"hard-light\" background_color__hover=\"\" background_enable_color__hover=\"off\" sticky_enabled=\"0&#8243; title_text=\"Mission Education\"]<\/p>\n<p>Istruzione<\/p>\n<p>[\/et_pb_text][et_pb_text _builder_version=\"4.27.4&#8243; _module_preset=\"default\" text_font=\"|800|||||||\" text_text_color=\"#FFB703&#8243; text_font_size=\"30px\" background_color=\"#219EBC\" background_image=\"https:\/\/maristeurope.eu\/wp-content\/uploads\/2025\/01\/Mission-Parishes-and-Churches.jpg\" background_blend=\"multiply\" text_orientation=\"center\" custom_padding=\"100px|10px|100px|10px|true|true\" animation_style=\"slide\" animation_delay=\"200ms\" link_option_url=\"https:\/\/maristeurope.eu\/mission\/parishes-churches\/\" hover_enabled=\"0&#8243; border_radii=\"on|50px|50px|50px|50px\" global_colors_info=\"{}\" background__hover_enabled=\"on|hover\" background_blend__hover=\"hard-light\" background_color__hover=\"\" background_enable_color__hover=\"off\" sticky_enabled=\"0&#8243; title_text=\"Mission Parishes and Churches\"]<\/p>\n<p>Parrocchie e chiese<\/p>\n<p>[\/et_pb_text][\/et_pb_column][et_pb_column type=\"1_2&#8243; _builder_version=\"4.27.4&#8243; _module_preset=\"default\" global_colors_info=\"{}\"][et_pb_text _builder_version=\"4.27.4&#8243; _module_preset=\"default\" text_font=\"|800|||||||\" text_text_color=\"#FFB703&#8243; text_font_size=\"30px\" background_color=\"#219EBC\" background_image=\"https:\/\/maristeurope.eu\/wp-content\/uploads\/2025\/01\/Mission-Justice-and-Creation-scaled.jpg\" background_blend=\"multiply\" text_orientation=\"center\" custom_padding=\"100px|10px|100px|10px|true|true\" animation_style=\"slide\" animation_delay=\"200ms\" link_option_url=\"https:\/\/maristeurope.eu\/mission\/justice-creation\/\" hover_enabled=\"0&#8243; border_radii=\"on|50px|50px|50px|50px\" global_colors_info=\"{}\" background__hover_enabled=\"on|hover\" background_blend__hover=\"hard-light\" background_color__hover=\"\" background_enable_color__hover=\"off\" header_text_color=\"#FFB703&#8243; sticky_enabled=\"0&#8243; title_text=\"Hands tower of caucasian and afro american friends together outd\"]<\/p>\n<p>Giustizia e Creazione<\/p>\n<p>[\/et_pb_text][et_pb_text _builder_version=\"4.27.4&#8243; _module_preset=\"default\" text_font=\"|800|||||||\" text_text_color=\"#FFB703&#8243; text_font_size=\"30px\" background_color=\"#219EBC\" background_image=\"https:\/\/maristeurope.eu\/wp-content\/uploads\/2025\/01\/Mission-houses-of-welcome-scaled.jpg\" background_blend=\"multiply\" text_orientation=\"center\" custom_padding=\"100px|10px|100px|10px|true|true\" animation_style=\"slide\" animation_delay=\"200ms\" link_option_url=\"\u00a1\/missione\/case di accoglienza\/\" hover_enabled=\"0&#8243; border_radii=\"on|50px|50px|50px|50px\" global_colors_info=\"{}\" background__hover_enabled=\"on|hover\" background_blend__hover=\"hard-light\" background_color__hover=\"\" background_enable_color__hover=\"off\" sticky_enabled=\"0&#8243; title_text=\"Mission houses of welcome\"]<\/p>\n<p>Case di Accoglienza<\/p>\n<p>[\/et_pb_text][\/et_pb_column][\/et_pb_row][\/et_pb_section]<\/p>\n","protected":false},"excerpt":{"rendered":"<p>MissioneEssere la presenza di Maria La Societ\u00e0 di Maria della Provincia Europea \u00e8 composta da sacerdoti e fratelli che lavorano in collaborazione con i nostri partner laici in missione. Ci rivolgiamo a tutte le persone, soprattutto a quelle che sono ai margini della Chiesa e della societ\u00e0. In Europa serviamo soprattutto attraverso l&#8217;educazione, la pastorale [&hellip;]<\/p>\n","protected":false},"author":1,"featured_media":0,"parent":0,"menu_order":0,"comment_status":"closed","ping_status":"closed","template":"","meta":{"_et_pb_use_builder":"on","_et_pb_old_content":"","_et_gb_content_width":"","footnotes":""},"class_list":["post-2258","page","type-page","status-publish","hentry"],"yoast_head":"<!-- This site is optimized with the Yoast SEO plugin v27.4 - https:\/\/yoast.com\/product\/yoast-seo-wordpress\/ -->\n<title>Missione - Marist Europe<\/title>\n<meta name=\"robots\" content=\"index, follow, max-snippet:-1, max-image-preview:large, max-video-preview:-1\" \/>\n<link rel=\"canonical\" href=\"https:\/\/maristeurope.eu\/it\/missione\/\" \/>\n<meta property=\"og:locale\" content=\"it_IT\" \/>\n<meta property=\"og:type\" content=\"article\" \/>\n<meta property=\"og:title\" content=\"Missione - Marist Europe\" \/>\n<meta property=\"og:description\" content=\"MissioneEssere la presenza di Maria La Societ\u00e0 di Maria della Provincia Europea \u00e8 composta da sacerdoti e fratelli che lavorano in collaborazione con i nostri partner laici in missione. Ci rivolgiamo a tutte le persone, soprattutto a quelle che sono ai margini della Chiesa e della societ\u00e0. In Europa serviamo soprattutto attraverso l&#039;educazione, la pastorale [&hellip;]\" \/>\n<meta property=\"og:url\" content=\"https:\/\/maristeurope.eu\/it\/missione\/\" \/>\n<meta property=\"og:site_name\" content=\"Marist Europe\" \/>\n<meta property=\"article:modified_time\" content=\"2025-02-12T08:47:42+00:00\" \/>\n<meta name=\"twitter:card\" content=\"summary_large_image\" \/>\n<meta name=\"twitter:label1\" content=\"Tempo di lettura stimato\" \/>\n\t<meta name=\"twitter:data1\" content=\"7 minuto\" \/>\n<script type=\"application\/ld+json\" class=\"yoast-schema-graph\">{\"@context\":\"https:\\\/\\\/schema.org\",\"@graph\":[{\"@type\":\"WebPage\",\"@id\":\"https:\\\/\\\/maristeurope.eu\\\/it\\\/missione\\\/\",\"url\":\"https:\\\/\\\/maristeurope.eu\\\/it\\\/missione\\\/\",\"name\":\"Missione - Marist Europe\",\"isPartOf\":{\"@id\":\"https:\\\/\\\/maristeurope.eu\\\/it\\\/#website\"},\"datePublished\":\"2024-10-07T11:31:39+00:00\",\"dateModified\":\"2025-02-12T08:47:42+00:00\",\"breadcrumb\":{\"@id\":\"https:\\\/\\\/maristeurope.eu\\\/it\\\/missione\\\/#breadcrumb\"},\"inLanguage\":\"it-IT\",\"potentialAction\":[{\"@type\":\"ReadAction\",\"target\":[\"https:\\\/\\\/maristeurope.eu\\\/it\\\/missione\\\/\"]}]},{\"@type\":\"BreadcrumbList\",\"@id\":\"https:\\\/\\\/maristeurope.eu\\\/it\\\/missione\\\/#breadcrumb\",\"itemListElement\":[{\"@type\":\"ListItem\",\"position\":1,\"name\":\"Home\",\"item\":\"https:\\\/\\\/maristeurope.eu\\\/it\\\/maristi\\\/\"},{\"@type\":\"ListItem\",\"position\":2,\"name\":\"Missione\"}]},{\"@type\":\"WebSite\",\"@id\":\"https:\\\/\\\/maristeurope.eu\\\/it\\\/#website\",\"url\":\"https:\\\/\\\/maristeurope.eu\\\/it\\\/\",\"name\":\"Marist Europe\",\"description\":\"\",\"publisher\":{\"@id\":\"https:\\\/\\\/maristeurope.eu\\\/it\\\/#organization\"},\"potentialAction\":[{\"@type\":\"SearchAction\",\"target\":{\"@type\":\"EntryPoint\",\"urlTemplate\":\"https:\\\/\\\/maristeurope.eu\\\/it\\\/?s={search_term_string}\"},\"query-input\":{\"@type\":\"PropertyValueSpecification\",\"valueRequired\":true,\"valueName\":\"search_term_string\"}}],\"inLanguage\":\"it-IT\"},{\"@type\":\"Organization\",\"@id\":\"https:\\\/\\\/maristeurope.eu\\\/it\\\/#organization\",\"name\":\"Marist Europe\",\"url\":\"https:\\\/\\\/maristeurope.eu\\\/it\\\/\",\"logo\":{\"@type\":\"ImageObject\",\"inLanguage\":\"it-IT\",\"@id\":\"https:\\\/\\\/maristeurope.eu\\\/it\\\/#\\\/schema\\\/logo\\\/image\\\/\",\"url\":\"https:\\\/\\\/maristeurope.eu\\\/wp-content\\\/uploads\\\/2024\\\/10\\\/EU-SM-Finalogo-02.png\",\"contentUrl\":\"https:\\\/\\\/maristeurope.eu\\\/wp-content\\\/uploads\\\/2024\\\/10\\\/EU-SM-Finalogo-02.png\",\"width\":150,\"height\":156,\"caption\":\"Marist Europe\"},\"image\":{\"@id\":\"https:\\\/\\\/maristeurope.eu\\\/it\\\/#\\\/schema\\\/logo\\\/image\\\/\"}}]}<\/script>\n<!-- \/ Yoast SEO plugin. -->","yoast_head_json":{"title":"Missione - Marist Europe","robots":{"index":"index","follow":"follow","max-snippet":"max-snippet:-1","max-image-preview":"max-image-preview:large","max-video-preview":"max-video-preview:-1"},"canonical":"https:\/\/maristeurope.eu\/it\/missione\/","og_locale":"it_IT","og_type":"article","og_title":"Missione - Marist Europe","og_description":"MissioneEssere la presenza di Maria La Societ\u00e0 di Maria della Provincia Europea \u00e8 composta da sacerdoti e fratelli che lavorano in collaborazione con i nostri partner laici in missione. Ci rivolgiamo a tutte le persone, soprattutto a quelle che sono ai margini della Chiesa e della societ\u00e0. In Europa serviamo soprattutto attraverso l'educazione, la pastorale [&hellip;]","og_url":"https:\/\/maristeurope.eu\/it\/missione\/","og_site_name":"Marist Europe","article_modified_time":"2025-02-12T08:47:42+00:00","twitter_card":"summary_large_image","twitter_misc":{"Tempo di lettura stimato":"7 minuto"},"schema":{"@context":"https:\/\/schema.org","@graph":[{"@type":"WebPage","@id":"https:\/\/maristeurope.eu\/it\/missione\/","url":"https:\/\/maristeurope.eu\/it\/missione\/","name":"Missione - Marist Europe","isPartOf":{"@id":"https:\/\/maristeurope.eu\/it\/#website"},"datePublished":"2024-10-07T11:31:39+00:00","dateModified":"2025-02-12T08:47:42+00:00","breadcrumb":{"@id":"https:\/\/maristeurope.eu\/it\/missione\/#breadcrumb"},"inLanguage":"it-IT","potentialAction":[{"@type":"ReadAction","target":["https:\/\/maristeurope.eu\/it\/missione\/"]}]},{"@type":"BreadcrumbList","@id":"https:\/\/maristeurope.eu\/it\/missione\/#breadcrumb","itemListElement":[{"@type":"ListItem","position":1,"name":"Home","item":"https:\/\/maristeurope.eu\/it\/maristi\/"},{"@type":"ListItem","position":2,"name":"Missione"}]},{"@type":"WebSite","@id":"https:\/\/maristeurope.eu\/it\/#website","url":"https:\/\/maristeurope.eu\/it\/","name":"Marist Europe","description":"","publisher":{"@id":"https:\/\/maristeurope.eu\/it\/#organization"},"potentialAction":[{"@type":"SearchAction","target":{"@type":"EntryPoint","urlTemplate":"https:\/\/maristeurope.eu\/it\/?s={search_term_string}"},"query-input":{"@type":"PropertyValueSpecification","valueRequired":true,"valueName":"search_term_string"}}],"inLanguage":"it-IT"},{"@type":"Organization","@id":"https:\/\/maristeurope.eu\/it\/#organization","name":"Marist Europe","url":"https:\/\/maristeurope.eu\/it\/","logo":{"@type":"ImageObject","inLanguage":"it-IT","@id":"https:\/\/maristeurope.eu\/it\/#\/schema\/logo\/image\/","url":"https:\/\/maristeurope.eu\/wp-content\/uploads\/2024\/10\/EU-SM-Finalogo-02.png","contentUrl":"https:\/\/maristeurope.eu\/wp-content\/uploads\/2024\/10\/EU-SM-Finalogo-02.png","width":150,"height":156,"caption":"Marist Europe"},"image":{"@id":"https:\/\/maristeurope.eu\/it\/#\/schema\/logo\/image\/"}}]}},"_links":{"self":[{"href":"https:\/\/maristeurope.eu\/it\/wp-json\/wp\/v2\/pages\/2258","targetHints":{"allow":["GET"]}}],"collection":[{"href":"https:\/\/maristeurope.eu\/it\/wp-json\/wp\/v2\/pages"}],"about":[{"href":"https:\/\/maristeurope.eu\/it\/wp-json\/wp\/v2\/types\/page"}],"author":[{"embeddable":true,"href":"https:\/\/maristeurope.eu\/it\/wp-json\/wp\/v2\/users\/1"}],"replies":[{"embeddable":true,"href":"https:\/\/maristeurope.eu\/it\/wp-json\/wp\/v2\/comments?post=2258"}],"version-history":[{"count":1,"href":"https:\/\/maristeurope.eu\/it\/wp-json\/wp\/v2\/pages\/2258\/revisions"}],"predecessor-version":[{"id":2261,"href":"https:\/\/maristeurope.eu\/it\/wp-json\/wp\/v2\/pages\/2258\/revisions\/2261"}],"wp:attachment":[{"href":"https:\/\/maristeurope.eu\/it\/wp-json\/wp\/v2\/media?parent=2258"}],"curies":[{"name":"wp","href":"https:\/\/api.w.org\/{rel}","templated":true}]}}