{"id":2227,"date":"2024-12-19T14:30:51","date_gmt":"2024-12-19T13:30:51","guid":{"rendered":"https:\/\/marist.sjdigitaldemo.ovh\/volontariato\/"},"modified":"2025-03-25T14:33:04","modified_gmt":"2025-03-25T13:33:04","slug":"volontariato","status":"publish","type":"page","link":"https:\/\/maristeurope.eu\/it\/volontariato\/","title":{"rendered":"VOLONTARIATO"},"content":{"rendered":"<p>[et_pb_section fb_built=\"1&#8243; admin_label=\"Secci\u00f3n\" _builder_version=\"4.27.4&#8243; _module_preset=\"default\" use_background_color_gradient=\"on\" background_color_gradient_stops=\"rgba(2,48,71,0.2) 0%|rgba(2,48,71,0.4) 100%\" background_color_gradient_overlays_image=\"on\" background_image=\"https:\/\/maristeurope.eu\/wp-content\/uploads\/2025\/03\/Ester-Youth-Camp-Norway.jpg\" background_position=\"top_center\" background_enable_video_mp4=\"off\" custom_padding=\"16vw||4vw||false|false\" bottom_divider_style=\"ramp2&#8243; bottom_divider_color=\"#FB8500&#8243; bottom_divider_flip=\"horizontal\" hover_enabled=\"0&#8243; global_colors_info=\"{}\" sticky_enabled=\"0&#8243; title_text=\"Ester Youth Camp Norway\"][et_pb_row make_equal=\"on\" _builder_version=\"4.27.2&#8243; _module_preset=\"936634bb-b644-4f86-9881-50254cef8e93&#8243; background_enable_color=\"off\" custom_padding=\"0px|40px|0px|40px|true|true\" animation_style=\"fade\" animation_duration=\"1500ms\" animation_delay=\"200ms\" global_colors_info=\"{}\"][et_pb_column type=\"4_4&#8243; _builder_version=\"4.27.2&#8243; _module_preset=\"default\" global_colors_info=\"{}\"][et_pb_text _builder_version=\"4.27.4&#8243; _module_preset=\"default\" header_font=\"|600||on|||||\" header_text_color=\"#FFFFFF\" header_font_size=\"4rem\" header_letter_spacing=\"4px\" header_2_text_color=\"#FFFFFF\" header_2_font_size=\"3.5rem\" custom_margin=\"20px||20px||true|false\" global_colors_info=\"{}\"]<\/p>\n<h2>VOLONTARIATO<\/h2>\n<p>[\/et_pb_text][\/et_pb_column][\/et_pb_row][\/et_pb_section][et_pb_section fb_built=\"1&#8243; admin_label=\"Secci\u00f3n\" _builder_version=\"4.27.4&#8243; _module_preset=\"default\" background_color=\"#FB8500&#8243; background_image=\"https:\/\/maristeurope.eu\/wp-content\/uploads\/2024\/11\/art-therapist-illustration-06-1.png\" background_size=\"initial\" background_blend=\"soft-light\" custom_padding=\"6vw||12vw||false|false\" top_divider_color=\"#FB8500&#8243; bottom_divider_style=\"wave2&#8243; bottom_divider_color=\"#FFFAF2&#8243; bottom_divider_flip=\"horizontal\" bottom_divider_arrangement=\"above_content\" global_colors_info=\"{}\"][et_pb_row column_structure=\"3_5,2_5&#8243; make_equal=\"on\" admin_label=\"Fila\" _builder_version=\"4.27.4&#8243; _module_preset=\"936634bb-b644-4f86-9881-50254cef8e93&#8243; background_enable_color=\"off\" background_enable_image=\"off\" custom_padding=\"|||40px|false|false\" border_radii=\"on|50px|50px|50px|50px\" global_colors_info=\"{}\"][et_pb_column type=\"3_5&#8243; _builder_version=\"4.27.2&#8243; _module_preset=\"default\" animation_style=\"fade\" animation_duration=\"1500ms\" animation_delay=\"200ms\" custom_css_main_element=\"margin: auto auto;\" global_colors_info=\"{}\"][et_pb_text _builder_version=\"4.27.4&#8243; _module_preset=\"default\" text_text_color=\"#FFFFFF\" header_text_color=\"#FFFFFF\" header_2_text_color=\"#FFFFFF\" header_2_font_size=\"3rem\" animation_style=\"fade\" animation_delay=\"200ms\" global_colors_info=\"{}\"]<\/p>\n<h2>Unisciti a noi come volontario<\/h2>\n<p>[\/et_pb_text][et_pb_text _builder_version=\"4.27.4&#8243; _module_preset=\"default\" text_text_color=\"#FFFFFF\" text_font_size=\"20px\" global_colors_info=\"{}\"]<\/p>\n<p>Le attivit\u00e0 <strong>missionarie<\/strong> mariste continuano in <strong>tutto il mondo<\/strong>.<\/p>\n<p>Perch\u00e9 non <strong>utilizzare i tuoi talenti<\/strong> e le tue capacit\u00e0 a beneficio delle persone che oggi vengono servite dall&#8217;opera di Maria?<\/p>\n<p><strong>Prendi in considerazione l&#8217;idea di unirti a noi come volontario!<\/strong><\/p>\n<p>[\/et_pb_text][\/et_pb_column][et_pb_column type=\"2_5&#8243; _builder_version=\"4.27.2&#8243; _module_preset=\"default\" animation_style=\"slide\" animation_direction=\"right\" animation_duration=\"1500ms\" animation_delay=\"500ms\" global_colors_info=\"{}\"][et_pb_image src=\"https:\/\/maristeurope.eu\/wp-content\/uploads\/2024\/12\/Peter-Thailand.jpg\" title_text=\"Peter Thailandia\" _builder_version=\"4.27.4&#8243; _module_preset=\"default\" width=\"100%\" animation_style=\"fade\" animation_duration=\"2000ms\" animation_delay=\"600ms\" border_radii=\"on|50px|50px|50px|50px\" locked=\"off\" global_colors_info=\"{}\"][\/et_pb_image][\/et_pb_column][\/et_pb_row][\/et_pb_section][et_pb_section fb_built=\"1&#8243; admin_label=\"Secci\u00f3n\" _builder_version=\"4.27.2&#8243; _module_preset=\"default\" background_color=\"#FFFAF2&#8243; background_enable_image=\"off\" background_size=\"contain\" background_blend=\"soft-light\" background_enable_pattern_style=\"on\" background_pattern_style=\"confetti\" background_pattern_color=\"rgba(0,0,0,0.05)\" custom_padding=\"6vw||12vw||false|false\" bottom_divider_style=\"wave2&#8243; bottom_divider_color=\"#FFFAF2&#8243; bottom_divider_flip=\"horizontal\" bottom_divider_arrangement=\"above_content\" global_colors_info=\"{}\"][et_pb_row column_structure=\"2_5,3_5&#8243; make_equal=\"on\" _builder_version=\"4.27.2&#8243; _module_preset=\"936634bb-b644-4f86-9881-50254cef8e93&#8243; custom_padding=\"50px||50px||true|false\" animation_style=\"slide\" animation_duration=\"1500ms\" animation_delay=\"200ms\" border_color_top=\"#FFB703&#8243; global_colors_info=\"{}\"][et_pb_column type=\"2_5&#8243; _builder_version=\"4.27.2&#8243; _module_preset=\"default\" border_color_right=\"#FFB703&#8243; global_colors_info=\"{}\"][et_pb_text _builder_version=\"4.27.4&#8243; _module_preset=\"default\" text_font=\"|800|||||||\" text_text_color=\"#FFFFFF\" text_font_size=\"2rem\" header_font=\"-et_global_heading_font|700|||||||\" header_text_color=\"#FFB703&#8243; header_font_size=\"50px\" header_line_height=\"1.2em\" text_orientation=\"right\" custom_padding=\"20px|40px|20px||false|false\" animation_style=\"slide\" animation_direction=\"left\" animation_duration=\"1500ms\" animation_delay=\"500ms\" animation_starting_opacity=\"100%\" border_color_right=\"#FFB703&#8243; global_colors_info=\"{}\"]<\/p>\n<h1><b>Per il volontariato a livello locale puoi contattare la comunit\u00e0 marista del tuo paese.<\/b><\/h1>\n<h2>Abbiamo alcune opportunit\u00e0 a medio e lungo termine a livello internazionale:<\/h2>\n<p>[\/et_pb_text][\/et_pb_column][et_pb_column type=\"3_5&#8243; _builder_version=\"4.27.2&#8243; _module_preset=\"default\" global_colors_info=\"{}\"][et_pb_accordion open_toggle_text_color=\"#023047&#8243; open_toggle_background_color=\"#FFB703&#8243; closed_toggle_background_color=\"rgba(255,183,3,0.3)\" icon_color=\"#023047&#8243; use_icon_font_size=\"on\" icon_font_size=\"24px\" _builder_version=\"4.27.4&#8243; _module_preset=\"default\" toggle_font_size=\"24px\" toggle_line_height=\"1.8em\" body_text_color=\"#023047&#8243; body_font_size=\"18px\" background_enable_color=\"off\" custom_padding=\"40px|20px|40px|20px|true|true\" border_radii=\"on|50px|50px|50px|50px\" border_width_all=\"0px\" global_colors_info=\"{}\"][et_pb_accordion_item title=\"Accoglienza cristiana per i pellegrini del Cammino, Sahag\u00fan, Spagna\" _builder_version=\"4.27.4&#8243; _module_preset=\"default\" global_colors_info=\"{}\" open=\"on\"]<\/p>\n<p><span style=\"font-weight: 400;\">Dal 2018 accogliamo i pellegrini nel nostro ostello (albergue) sul Camino, nel monastero benedettino di Santa Cruz (Santa Croce) a Sahag\u00fan. Offriamo un&#8217;accoglienza e un accompagnamento spirituale ai pellegrini.   <\/span><\/p>\n<p><span style=\"font-weight: 400;\">Siamo aperti da met\u00e0 marzo a met\u00e0 novembre. Ogni anno ospitiamo migliaia di pellegrini. Quindi, se ti senti chiamato ad accogliere e ascoltare i pellegrini, non esitare a contattare il team. Sarai coinvolto fin dal primo momento nella preparazione dell&#8217;accoglienza (pulizia, organizzazione, preparazione delle risorse materiali e spirituali), nella registrazione e nella sistemazione dei pellegrini, ascoltandoli e servendoli con l&#8217;amore di Dio e cercando di vedere in ogni pellegrino il Cristo stesso che ha bisogno di un rifugio.     <\/span><\/p>\n<p><span style=\"font-weight: 400;\">Riceviamo volontari per un periodo di due settimane o diversi mesi, da marzo a novembre, quindi se pensi di voler servire i pellegrini, non esitare a contattarci:<\/span><\/p>\n<p> <strong> posta <\/strong><a href=\"mailto:alberguesantacruzsahagun@gmail.com\"><span style=\"font-weight: 400;\">alberguesantacruzsahagun@gmail.com<\/span><\/a><span style=\"font-weight: 400;\"> <\/span><\/p>\n<p><span style=\"font-weight: 400;\"><strong>telefono<\/strong> (+34) 650 696 023 Web: <\/span><a href=\"http:\/\/www.alberguesensahagun.es\"><span style=\"font-weight: 400;\">www.alberguesensahagun.es<\/span><\/a><span style=\"font-weight: 400;\">  <\/span><\/p>\n<p><span style=\"font-weight: 400;\"><strong>Facebook<\/strong>: Albergue Santa Cruz<\/span><\/p>\n<p><span style=\"font-weight: 400;\"><strong>Instagram<\/strong>: albergue_santacruz<\/span><\/p>\n<p>[\/et_pb_accordion_item][et_pb_accordion_item title=\"Notre Dame de France, Londra, Regno Unito\" _builder_version=\"4.27.4&#8243; _module_preset=\"default\" global_colors_info=\"{}\" open=\"off\"]<\/p>\n<p><span style=\"font-weight: 400;\">I giovani sono invitati a unirsi alla nostra comunit\u00e0 marista del centro citt\u00e0 e alla cappellania francofona nel cuore di Londra. Partecipa alla vita della comunit\u00e0 marista attraverso la preghiera e il servizio in parrocchia, come il servizio Sandwich per i senzatetto o il Centro per i Rifugiati Notre Dame. <\/span><\/p>\n<p><strong>Maggiori dettagli <\/strong><span style=\"font-weight: 400;\"><a href=\"http:\/\/www.ndfchurch.org\">www.ndfchurch.org<\/a><a href=\"http:\/\/www.ndfchurch.org\"><\/a><\/span><\/p>\n<p><strong>Contatto <\/strong><a href=\"mailto:pascal.boidin@ndfchurch.org\"><span style=\"font-weight: 400;\">pascal.boidin@ndfchurch.org<\/span><\/a><span style=\"font-weight: 400;\"> <\/span><\/p>\n<p>[\/et_pb_accordion_item][et_pb_accordion_item title=\"Ranong, Thailandia\" _builder_version=\"4.27.4&#8243; _module_preset=\"default\" global_colors_info=\"{}\" open=\"off\"]<\/p>\n<p><span style=\"font-weight: 400;\">Stiamo cercando volontari entusiasti che vogliano unirsi al nostro team e avere un impatto positivo lavorando con i bambini del Myanmar. Come volontario avrai l&#8217;opportunit\u00e0 di acquisire un&#8217;esperienza preziosa, conoscere nuove persone e contribuire alla nostra missione marista. I servizi offerti comprendono l&#8217;insegnamento dell&#8217;inglese, la visita agli ammalati e ai malati.  <\/span><\/p>\n<p><span style=\"font-weight: 400;\"><strong>Maggiori dettagli<\/strong> <\/span><a href=\"http:\/\/www.maristasiafoundation.org\/volunteers\"><span style=\"font-weight: 400;\">www.maristasiafoundation.org\/volunteers<\/span><\/a><\/p>\n<p>[\/et_pb_accordion_item][et_pb_accordion_item title=\"Camerun, Senegal e Burundi\" _builder_version=\"4.27.4&#8243; _module_preset=\"default\" global_colors_info=\"{}\" open=\"off\"]<\/p>\n<p><span style=\"font-weight: 400;\">La missione marista in Africa comprende attivit\u00e0 di assistenza ai bambini di strada, progetti di educazione informale e formale, iniziative ecologiche e ministero pastorale. Siamo lieti che i volontari assistano il personale professionale al servizio delle persone in queste iniziative. <\/span><\/p>\n<p><strong>Contatto <\/strong><a href=\"mailto:info@maristeurope.eu\"><span style=\"font-weight: 400;\">info@maristeurope.eu<\/span><\/a><\/p>\n<p>[\/et_pb_accordion_item][et_pb_accordion_item title=\"Programma di sensibilizzazione della scuola Marist, Atlanta, USA  \" open=\"off\" _builder_version=\"4.27.4&#8243; _module_preset=\"default\" global_colors_info=\"{}\"]<\/p>\n<p><span style=\"font-weight: 400;\">L&#8217;impegno verso la comunit\u00e0 \u00e8 essenziale per lo spirito Marista, soprattutto nei confronti di coloro che sono emarginati e poco serviti. Opportunit\u00e0 di servizio in collaborazione con il Dipartimento del Ministero del Campus, che include il tutoraggio degli studenti e la partecipazione a progetti di sensibilizzazione della scuola. <\/span><\/p>\n<p><strong>Maggiori dettagli <\/strong><a href=\"http:\/\/www.marist.com\"><span style=\"font-weight: 400;\">www.marist.com<\/span><\/a><span style=\"font-weight: 400;\"> <\/span><\/p>\n<p><strong>Contatto <\/strong><a href=\"mailto:europrovsm.education@gmail.com\"><span style=\"font-weight: 400;\">europrovsm.education@gmail.com<\/span><\/a><\/p>\n<p>[\/et_pb_accordion_item][\/et_pb_accordion][\/et_pb_column][\/et_pb_row][\/et_pb_section]<\/p>\n","protected":false},"excerpt":{"rendered":"<p>VOLONTARIATOUnisciti a noi come volontarioLe attivit\u00e0 missionarie mariste continuano in tutto il mondo. Perch\u00e9 non utilizzare i tuoi talenti e le tue capacit\u00e0 a beneficio delle persone che oggi vengono servite dall&#8217;opera di Maria? Prendi in considerazione l&#8217;idea di unirti a noi come volontario!Per il volontariato a livello locale puoi contattare la comunit\u00e0 marista del [&hellip;]<\/p>\n","protected":false},"author":1,"featured_media":0,"parent":0,"menu_order":0,"comment_status":"closed","ping_status":"closed","template":"","meta":{"_et_pb_use_builder":"on","_et_pb_old_content":"","_et_gb_content_width":"","footnotes":""},"class_list":["post-2227","page","type-page","status-publish","hentry"],"yoast_head":"<!-- This site is optimized with the Yoast SEO plugin v27.5 - https:\/\/yoast.com\/product\/yoast-seo-wordpress\/ -->\n<title>VOLONTARIATO - Marist Europe<\/title>\n<meta name=\"robots\" content=\"index, follow, max-snippet:-1, max-image-preview:large, max-video-preview:-1\" \/>\n<link rel=\"canonical\" href=\"https:\/\/maristeurope.eu\/it\/volontariato\/\" \/>\n<meta property=\"og:locale\" content=\"it_IT\" \/>\n<meta property=\"og:type\" content=\"article\" \/>\n<meta property=\"og:title\" content=\"VOLONTARIATO - Marist Europe\" \/>\n<meta property=\"og:description\" content=\"VOLONTARIATOUnisciti a noi come volontarioLe attivit\u00e0 missionarie mariste continuano in tutto il mondo. Perch\u00e9 non utilizzare i tuoi talenti e le tue capacit\u00e0 a beneficio delle persone che oggi vengono servite dall&#039;opera di Maria? Prendi in considerazione l&#039;idea di unirti a noi come volontario!Per il volontariato a livello locale puoi contattare la comunit\u00e0 marista del [&hellip;]\" \/>\n<meta property=\"og:url\" content=\"https:\/\/maristeurope.eu\/it\/volontariato\/\" \/>\n<meta property=\"og:site_name\" content=\"Marist Europe\" \/>\n<meta property=\"article:modified_time\" content=\"2025-03-25T13:33:04+00:00\" \/>\n<meta name=\"twitter:card\" content=\"summary_large_image\" \/>\n<meta name=\"twitter:label1\" content=\"Tempo di lettura stimato\" \/>\n\t<meta name=\"twitter:data1\" content=\"7 minuto\" \/>\n<script type=\"application\/ld+json\" class=\"yoast-schema-graph\">{\"@context\":\"https:\\\/\\\/schema.org\",\"@graph\":[{\"@type\":\"WebPage\",\"@id\":\"https:\\\/\\\/maristeurope.eu\\\/it\\\/volontariato\\\/\",\"url\":\"https:\\\/\\\/maristeurope.eu\\\/it\\\/volontariato\\\/\",\"name\":\"VOLONTARIATO - Marist Europe\",\"isPartOf\":{\"@id\":\"https:\\\/\\\/maristeurope.eu\\\/it\\\/#website\"},\"datePublished\":\"2024-12-19T13:30:51+00:00\",\"dateModified\":\"2025-03-25T13:33:04+00:00\",\"breadcrumb\":{\"@id\":\"https:\\\/\\\/maristeurope.eu\\\/it\\\/volontariato\\\/#breadcrumb\"},\"inLanguage\":\"it-IT\",\"potentialAction\":[{\"@type\":\"ReadAction\",\"target\":[\"https:\\\/\\\/maristeurope.eu\\\/it\\\/volontariato\\\/\"]}]},{\"@type\":\"BreadcrumbList\",\"@id\":\"https:\\\/\\\/maristeurope.eu\\\/it\\\/volontariato\\\/#breadcrumb\",\"itemListElement\":[{\"@type\":\"ListItem\",\"position\":1,\"name\":\"Home\",\"item\":\"https:\\\/\\\/maristeurope.eu\\\/it\\\/maristi\\\/\"},{\"@type\":\"ListItem\",\"position\":2,\"name\":\"VOLONTARIATO\"}]},{\"@type\":\"WebSite\",\"@id\":\"https:\\\/\\\/maristeurope.eu\\\/it\\\/#website\",\"url\":\"https:\\\/\\\/maristeurope.eu\\\/it\\\/\",\"name\":\"Marist Europe\",\"description\":\"\",\"publisher\":{\"@id\":\"https:\\\/\\\/maristeurope.eu\\\/it\\\/#organization\"},\"potentialAction\":[{\"@type\":\"SearchAction\",\"target\":{\"@type\":\"EntryPoint\",\"urlTemplate\":\"https:\\\/\\\/maristeurope.eu\\\/it\\\/?s={search_term_string}\"},\"query-input\":{\"@type\":\"PropertyValueSpecification\",\"valueRequired\":true,\"valueName\":\"search_term_string\"}}],\"inLanguage\":\"it-IT\"},{\"@type\":\"Organization\",\"@id\":\"https:\\\/\\\/maristeurope.eu\\\/it\\\/#organization\",\"name\":\"Marist Europe\",\"url\":\"https:\\\/\\\/maristeurope.eu\\\/it\\\/\",\"logo\":{\"@type\":\"ImageObject\",\"inLanguage\":\"it-IT\",\"@id\":\"https:\\\/\\\/maristeurope.eu\\\/it\\\/#\\\/schema\\\/logo\\\/image\\\/\",\"url\":\"https:\\\/\\\/maristeurope.eu\\\/wp-content\\\/uploads\\\/2024\\\/10\\\/EU-SM-Finalogo-02.png\",\"contentUrl\":\"https:\\\/\\\/maristeurope.eu\\\/wp-content\\\/uploads\\\/2024\\\/10\\\/EU-SM-Finalogo-02.png\",\"width\":150,\"height\":156,\"caption\":\"Marist Europe\"},\"image\":{\"@id\":\"https:\\\/\\\/maristeurope.eu\\\/it\\\/#\\\/schema\\\/logo\\\/image\\\/\"}}]}<\/script>\n<!-- \/ Yoast SEO plugin. -->","yoast_head_json":{"title":"VOLONTARIATO - Marist Europe","robots":{"index":"index","follow":"follow","max-snippet":"max-snippet:-1","max-image-preview":"max-image-preview:large","max-video-preview":"max-video-preview:-1"},"canonical":"https:\/\/maristeurope.eu\/it\/volontariato\/","og_locale":"it_IT","og_type":"article","og_title":"VOLONTARIATO - Marist Europe","og_description":"VOLONTARIATOUnisciti a noi come volontarioLe attivit\u00e0 missionarie mariste continuano in tutto il mondo. Perch\u00e9 non utilizzare i tuoi talenti e le tue capacit\u00e0 a beneficio delle persone che oggi vengono servite dall'opera di Maria? Prendi in considerazione l'idea di unirti a noi come volontario!Per il volontariato a livello locale puoi contattare la comunit\u00e0 marista del [&hellip;]","og_url":"https:\/\/maristeurope.eu\/it\/volontariato\/","og_site_name":"Marist Europe","article_modified_time":"2025-03-25T13:33:04+00:00","twitter_card":"summary_large_image","twitter_misc":{"Tempo di lettura stimato":"7 minuto"},"schema":{"@context":"https:\/\/schema.org","@graph":[{"@type":"WebPage","@id":"https:\/\/maristeurope.eu\/it\/volontariato\/","url":"https:\/\/maristeurope.eu\/it\/volontariato\/","name":"VOLONTARIATO - Marist Europe","isPartOf":{"@id":"https:\/\/maristeurope.eu\/it\/#website"},"datePublished":"2024-12-19T13:30:51+00:00","dateModified":"2025-03-25T13:33:04+00:00","breadcrumb":{"@id":"https:\/\/maristeurope.eu\/it\/volontariato\/#breadcrumb"},"inLanguage":"it-IT","potentialAction":[{"@type":"ReadAction","target":["https:\/\/maristeurope.eu\/it\/volontariato\/"]}]},{"@type":"BreadcrumbList","@id":"https:\/\/maristeurope.eu\/it\/volontariato\/#breadcrumb","itemListElement":[{"@type":"ListItem","position":1,"name":"Home","item":"https:\/\/maristeurope.eu\/it\/maristi\/"},{"@type":"ListItem","position":2,"name":"VOLONTARIATO"}]},{"@type":"WebSite","@id":"https:\/\/maristeurope.eu\/it\/#website","url":"https:\/\/maristeurope.eu\/it\/","name":"Marist Europe","description":"","publisher":{"@id":"https:\/\/maristeurope.eu\/it\/#organization"},"potentialAction":[{"@type":"SearchAction","target":{"@type":"EntryPoint","urlTemplate":"https:\/\/maristeurope.eu\/it\/?s={search_term_string}"},"query-input":{"@type":"PropertyValueSpecification","valueRequired":true,"valueName":"search_term_string"}}],"inLanguage":"it-IT"},{"@type":"Organization","@id":"https:\/\/maristeurope.eu\/it\/#organization","name":"Marist Europe","url":"https:\/\/maristeurope.eu\/it\/","logo":{"@type":"ImageObject","inLanguage":"it-IT","@id":"https:\/\/maristeurope.eu\/it\/#\/schema\/logo\/image\/","url":"https:\/\/maristeurope.eu\/wp-content\/uploads\/2024\/10\/EU-SM-Finalogo-02.png","contentUrl":"https:\/\/maristeurope.eu\/wp-content\/uploads\/2024\/10\/EU-SM-Finalogo-02.png","width":150,"height":156,"caption":"Marist Europe"},"image":{"@id":"https:\/\/maristeurope.eu\/it\/#\/schema\/logo\/image\/"}}]}},"_links":{"self":[{"href":"https:\/\/maristeurope.eu\/it\/wp-json\/wp\/v2\/pages\/2227","targetHints":{"allow":["GET"]}}],"collection":[{"href":"https:\/\/maristeurope.eu\/it\/wp-json\/wp\/v2\/pages"}],"about":[{"href":"https:\/\/maristeurope.eu\/it\/wp-json\/wp\/v2\/types\/page"}],"author":[{"embeddable":true,"href":"https:\/\/maristeurope.eu\/it\/wp-json\/wp\/v2\/users\/1"}],"replies":[{"embeddable":true,"href":"https:\/\/maristeurope.eu\/it\/wp-json\/wp\/v2\/comments?post=2227"}],"version-history":[{"count":6,"href":"https:\/\/maristeurope.eu\/it\/wp-json\/wp\/v2\/pages\/2227\/revisions"}],"predecessor-version":[{"id":6711,"href":"https:\/\/maristeurope.eu\/it\/wp-json\/wp\/v2\/pages\/2227\/revisions\/6711"}],"wp:attachment":[{"href":"https:\/\/maristeurope.eu\/it\/wp-json\/wp\/v2\/media?parent=2227"}],"curies":[{"name":"wp","href":"https:\/\/api.w.org\/{rel}","templated":true}]}}