{"id":3379,"date":"2024-12-19T13:11:16","date_gmt":"2024-12-19T12:11:16","guid":{"rendered":"https:\/\/marist.sjdigitaldemo.ovh\/la-mission\/maisons-daccueil\/"},"modified":"2026-05-07T12:39:13","modified_gmt":"2026-05-07T10:39:13","slug":"maisons-daccueil","status":"publish","type":"page","link":"https:\/\/maristeurope.eu\/fr\/la-mission\/maisons-daccueil\/","title":{"rendered":"Maisons d&rsquo;accueil"},"content":{"rendered":"<div class=\"et_pb_section_0 et_pb_section et_section_regular et_block_section section_has_divider et_pb_bottom_divider\"><div class=\"et_pb_row_0 et_pb_row et_pb_equal_columns et_block_row et_animated preset--module--divi-row--default\"><div class=\"et_pb_column_0 et_pb_column et_pb_column_2_3 et_block_column et_pb_css_mix_blend_mode_passthrough\"><div class=\"et_pb_text_0 et_pb_text et_pb_bg_layout_light et_pb_module et_block_module\"><div class=\"et_pb_text_inner\"><h1><strong>Maisons d'accueil<\/strong><\/h1>\n<\/div><\/div><\/div><div class=\"et_pb_column_1 et_pb_column et_pb_column_1_3 et-last-child et_block_column et_pb_column_empty et_pb_css_mix_blend_mode_passthrough\"><\/div><\/div><div class=\"et_pb_bottom_inside_divider et-no-transition\"><\/div><\/div><div class=\"et_pb_section_1 et_pb_section et_section_regular et_block_section\"><div class=\"et_pb_row_1 et_pb_row et_block_row preset--module--divi-row--default\"><div class=\"et_pb_column_2 et_pb_column et_pb_column_1_5 et_block_column et_pb_column_empty et_pb_css_mix_blend_mode_passthrough\"><\/div><div class=\"et_pb_column_3 et_pb_column et_pb_column_3_5 et_block_column et_pb_css_mix_blend_mode_passthrough\"><div class=\"et_pb_text_1 et_pb_text et_pb_bg_layout_light et_animated et_pb_module et_block_module et_pb_text_align_center\"><div class=\"et_pb_text_inner\"><p>Construire des communaut\u00e9s inclusives et accueillantes pour tous<\/p>\n<\/div><\/div><\/div><div class=\"et_pb_column_4 et_pb_column et_pb_column_1_5 et-last-child et_block_column et_pb_column_empty et_pb_css_mix_blend_mode_passthrough\"><\/div><\/div><\/div><div class=\"et_pb_section_2 et_pb_section et_section_regular et_block_section\"><div class=\"et_pb_row_2 et_pb_row et_pb_equal_columns et_block_row preset--module--divi-row--default\"><div class=\"et_pb_column_5 et_pb_column et_pb_column_3_5 et_block_column et_pb_css_mix_blend_mode_passthrough et_animated\"><div class=\"et_pb_text_2 et_pb_text et_pb_bg_layout_light et_pb_module et_block_module\"><div class=\"et_pb_text_inner\"><h2>Calme, simple et accueillant<\/h2>\n<p>&nbsp;<\/p>\n<p>Inspir\u00e9s par la mani\u00e8re dont Marie \u00e9tait l'\u00c9glise, les Maristes s'efforcent de construire des communaut\u00e9s inclusives et accueillantes pour tous. Nous accompagnons les personnes qui cherchent un sens \u00e0 leur vie, en cheminant tranquillement et doucement avec elles face aux d\u00e9fis de la vie. <\/p>\n<\/div><\/div><div class=\"et_pb_text_3 et_pb_text et_pb_bg_layout_light et_pb_module et_block_module\"><div class=\"et_pb_text_inner\"><blockquote>\n<p><em>\"Une \u00e9glise mariale vit \u00e0 Nazareth, dans le silence et la simplicit\u00e9. Elle ne vit pas dans un ch\u00e2teau, sa maison est comme n'importe quelle autre maison. Elle sort pour discuter avec les autres villageois. Elle pleure avec eux, se r\u00e9jouit avec eux, mais ne les pr\u00eache jamais. Surtout, elle \u00e9coute. Elle fait ses courses, va puiser de l'eau au puits, est invit\u00e9e lorsqu'il y a un mariage. C'est l\u00e0 qu'elle rencontre les gens. Beaucoup sont ravis de s'asseoir et de se reposer un peu chez elle.         <\/em><em>L\u00e0, ils respirent le bonheur\".  <\/em><\/p>\n<\/blockquote>\n<p><em>(Extrait de : Plaidoyer pour une \u00c9glise mariale de Fran\u00e7ois Marc, sm)<\/em><\/p>\n<\/div><\/div><\/div><div class=\"et_pb_column_6 et_pb_column et_pb_column_2_5 et-last-child et_block_column et_pb_css_mix_blend_mode_passthrough\"><div class=\"et_pb_image_0 et_pb_image et_animated et_pb_module et_block_module\"><span class=\"et_pb_image_wrap\"><img loading=\"lazy\" decoding=\"async\" src=\"https:\/\/maristeurope.eu\/wp-content\/uploads\/2024\/10\/P1030200.jpg\" width=\"1921\" height=\"2463\" srcset=\"https:\/\/maristeurope.eu\/wp-content\/uploads\/2024\/10\/P1030200.jpg 1921w, https:\/\/maristeurope.eu\/wp-content\/uploads\/2024\/10\/P1030200-1280x1641.jpg 1280w, https:\/\/maristeurope.eu\/wp-content\/uploads\/2024\/10\/P1030200-980x1257.jpg 980w, https:\/\/maristeurope.eu\/wp-content\/uploads\/2024\/10\/P1030200-480x615.jpg 480w\" sizes=\"(min-width: 0px) and (max-width: 480px) 480px, (min-width: 481px) and (max-width: 980px) 980px, (min-width: 981px) and (max-width: 1280px) 1280px, (min-width: 1281px) 1921px, 100vw\" class=\"wp-image-125\" title=\"P1030200\" \/><\/span><\/div><\/div><\/div><\/div><div class=\"et_pb_section_3 et_pb_section et_section_regular et_block_section\"><div class=\"et_pb_row_3 et_pb_row et_block_row preset--module--divi-row--default\"><div class=\"et_pb_column_7 et_pb_column et_pb_column_4_4 et-last-child et_block_column et_pb_css_mix_blend_mode_passthrough\"><div class=\"et_pb_text_4 et_pb_text et_pb_bg_layout_light et_pb_module et_block_module\"><div class=\"et_pb_text_inner\"><h2><strong>Maisons d'accueil en Europe :<\/strong><\/h2>\n<\/div><\/div><div class=\"et_pb_tabs_0 et_pb_tabs et_pb_module bienvenidos\" id=\"colegios\"><ul class=\"et_pb_tabs_controls clearfix\"><li class=\"et_pb_tab_nav_item_0 et_pb_tab_nav_item et_pb_tab_0 et_pb_tab_active\"><a class=\"et_pb_tab_nav_item_link\" href=\"#\">France<\/a><\/li><li class=\"et_pb_tab_nav_item_1 et_pb_tab_nav_item et_pb_tab_1\"><a class=\"et_pb_tab_nav_item_link\" href=\"#\">Espagne<\/a><\/li><li class=\"et_pb_tab_nav_item_2 et_pb_tab_nav_item et_pb_tab_2\"><a class=\"et_pb_tab_nav_item_link\" href=\"#\">Norv\u00e8ge<\/a><\/li><\/ul><div class=\"et_pb_all_tabs\"><div class=\"et_pb_tab_0 et_pb_tab clearfix et_pb_active_content et_pb_module et_block_module\"><div class=\"et_pb_tab_content\"><div class=\"sjd-locations-grid\"><div class=\"sjd-location-card\">  <div class=\"sjd-card-column sjd-column-name\">      <h2>La Neyli\u00e8re<\/h2>  <\/div>  <div class=\"sjd-card-column sjd-column-description\"><p><!-- wp:paragraph {\"translatedWithWPMLTM\":\"1\"} -->\n<p><strong>La Neyli\u00e8re<\/strong> est notre h\u00f4tellerie mariste dans les Monts du Lyonnais, au sud-est de Lyon, en France. Notre fondateur, le P\u00e8re Colin, a v\u00e9cu ici et est enterr\u00e9 dans l'oratoire. <\/p>\n<!-- \/wp:paragraph --><!-- wp:paragraph {\"translatedWithWPMLTM\":\"1\"} -->\n<p>Une communaut\u00e9 de P\u00e8res Maristes r\u00e9side dans la maison depuis 1854, date \u00e0 laquelle le <strong>fondateur de<\/strong> la congr\u00e9gation, <strong>Jean-Claude Colin<\/strong> et ses compagnons sont venus s'installer \u00e0 La Neyli\u00e8re. La maison, o\u00f9 le fondateur a pass\u00e9 une vingtaine d'ann\u00e9es vers la fin de sa vie, est <strong>un lieu de tradition<\/strong> qui rappelle les <strong>origines de la congr\u00e9gation<\/strong> et lui permet de poursuivre son \u0153uvre. La mission de notre communaut\u00e9 ici est avant tout de faciliter l'acc\u00e8s \u00e0 l'h\u00e9ritage et \u00e0 la tradition mariste.  <\/p>\n<!-- \/wp:paragraph --><!-- wp:paragraph {\"translatedWithWPMLTM\":\"1\"} -->\n<p>D'autres aspects de la vie spirituelle et culturelle au sein des installations sont le <strong>Mus\u00e9e de l'Oc\u00e9anie<\/strong>, l'<strong>Espace Colin, la <\/strong>Chapelle et l'Oratoire.<\/p>\n<!-- \/wp:paragraph --><!-- wp:paragraph {\"translatedWithWPMLTM\":\"1\"} -->\n<p>L'Oc\u00e9anie a \u00e9t\u00e9 la premi\u00e8re destination de mission outre-mer pour les Maristes au moment de leur fondation en 1836. Le mus\u00e9e abrite de pr\u00e9cieux objets collect\u00e9s par les missionnaires depuis cette \u00e9poque. <\/p>\n<!-- \/wp:paragraph --><!-- wp:paragraph {\"translatedWithWPMLTM\":\"1\"} -->\n<p>L'<strong>Espace Colin <\/strong>est un espace o\u00f9 les visiteurs peuvent d\u00e9couvrir les origines du projet mariste, l'histoire de sa g\u00e9n\u00e9ration fondatrice, et comment il s'est d\u00e9velopp\u00e9 depuis lors et continue d'inspirer les maristes aujourd'hui. La chambre et le bureau du P\u00e8re Jean-Claude Colin sont inclus dans cet espace comme lieux de pri\u00e8re et de r\u00e9flexion. <\/p>\n<!-- \/wp:paragraph --><!-- wp:paragraph {\"translatedWithWPMLTM\":\"1\"} -->\n<p>La <strong>chapelle<\/strong> de Notre Dame de La Neyli\u00e8re est connue pour ses beaux vitraux en l'honneur de Marie et de la Sainte Famille. L'<strong>Oratoire<\/strong>, plus petit, o\u00f9 repose le P\u00e8re Colin, est d\u00e9cor\u00e9 dans un style contemporain avec une fresque de style oc\u00e9anien d\u00e9crivant la vie de Marie et la mission mariste aujourd'hui. <\/p>\n<!-- \/wp:paragraph --><!-- wp:paragraph {\"translatedWithWPMLTM\":\"1\"} -->\n<p>La <strong>maison d'h\u00f4tes<\/strong> accueille les personnes en qu\u00eate d'inspiration dans leur vie en leur offrant des possibilit\u00e9s de rencontres, de formations et de retraites spirituelles.<\/p>\n<!-- \/wp:paragraph --><!-- wp:paragraph {\"translatedWithWPMLTM\":\"1\"} -->\n<p>Au c\u0153ur des Monts du Lyonnais, il offre aux visiteurs un lieu de repos, de paix et de m\u00e9ditation, ainsi que de nombreux sentiers de randonn\u00e9e dans la campagne environnante. Il est ouvert toute l'ann\u00e9e et \u00e0 tous : \u00e0 la famille mariste d'Europe et du monde entier, ainsi qu'aux habitants et groupes locaux. <\/p>\n<!-- \/wp:paragraph --><!-- wp:paragraph {\"translatedWithWPMLTM\":\"1\"} -->\n<p>La Neyli\u00e8re soutient \u00e9galement des activit\u00e9s sociales et eccl\u00e9siales dans la localit\u00e9.  <\/p>\n<!-- \/wp:paragraph --><!-- wp:paragraph {\"translatedWithWPMLTM\":\"1\"} -->\n<p>Aujourd'hui, la communaut\u00e9 mariste participe \u00e0 la vie de la maison, organise des activit\u00e9s, c\u00e9l\u00e8bre quotidiennement l'Eucharistie et prie ensemble matin et soir.<\/p>\n<!-- \/wp:paragraph --><\/p><\/div>  <div class=\"sjd-card-column sjd-column-contact\">      <h3>Contact<\/h3><p>Notre Dame de la Neyli\u00e8re, 828 Route de la Neyli\u00e8re 69590 Pomeys, France<\/p><p>+33 4 78484033<\/p><p><a href=\"https:\/\/neyliere.fr\" target=\"_blank\">Visit Website<\/a><\/p><p><a href=\"mailto:accueil@neyliere.fr\">accueil@neyliere.fr<\/a><\/p>  <\/div><\/div><div class=\"sjd-location-card\">  <div class=\"sjd-card-column sjd-column-name\">      <h2>Centre culturel et de spiritualit\u00e9 mariste \u00e0 Toulon<\/h2>  <\/div>  <div class=\"sjd-card-column sjd-column-description\"><p>Situ\u00e9 au c\u0153ur de Toulon, le Centre propose un riche programme d'ateliers, de conf\u00e9rences et d'\u00e9v\u00e9nements dans les domaines de la spiritualit\u00e9, de la th\u00e9ologie, de l'\u00e9tude de la Bible, de la culture et des questions sociales et \u0153cum\u00e9niques. Le ton et l'approche pastoraux qui guident la mission sont fid\u00e8les \u00e0 la vision de la synodalit\u00e9 telle qu'adopt\u00e9e par le Pape Fran\u00e7ois. <\/p><\/div>  <div class=\"sjd-card-column sjd-column-contact\">      <h3>Contact<\/h3><p>22 rue Victor Clappier, 83000 Toulon, France<\/p><p>+33 6 44 87 30 70<\/p><p><a href=\"https:\/\/www.centremariste.fr\" target=\"_blank\">Visit Website<\/a><\/p><p><a href=\"mailto:pauldwalsh75@gmail.com\">pauldwalsh75@gmail.com<\/a><\/p>  <\/div><\/div><\/div>\n<\/div><\/div><div class=\"et_pb_tab_1 et_pb_tab clearfix et_pb_module et_block_module\"><div class=\"et_pb_tab_content\"><div class=\"sjd-locations-grid\"><div class=\"sjd-location-card\">  <div class=\"sjd-card-column sjd-column-name\">      <h2>Auberge de p\u00e8lerins de Sahag\u00fan<\/h2>  <\/div>  <div class=\"sjd-card-column sjd-column-description\"><p><!-- wp:image {\"id\":6763,\"sizeSlug\":\"large\",\"linkDestination\":\"none\"} -->\n<figure class=\"wp-block-image size-large\"><img loading=\"lazy\" decoding=\"async\" width=\"1024\" height=\"418\" src=\"https:\/\/maristeurope.eu\/wp-content\/uploads\/2025\/03\/sahagun-1024x418.jpg\" alt=\"\" class=\"wp-image-6763\" srcset=\"https:\/\/maristeurope.eu\/wp-content\/uploads\/2025\/03\/sahagun-980x400.jpg 980w, https:\/\/maristeurope.eu\/wp-content\/uploads\/2025\/03\/sahagun-480x196.jpg 480w\" sizes=\"(min-width: 0px) and (max-width: 480px) 480px, (min-width: 481px) and (max-width: 980px) 980px, (min-width: 981px) 1024px, 100vw\" \/><\/figure>\n<!-- \/wp:image --><!-- wp:paragraph {\"translatedWithWPMLTM\":\"1\"} -->\n<p><strong>Accueil chr\u00e9tien des p\u00e8lerins sur le Camino, Sahag\u00fan, Espagne<\/strong><\/p>\n<!-- \/wp:paragraph --><!-- wp:paragraph {\"translatedWithWPMLTM\":\"1\"} -->\n<p>  Depuis 2018, nous accueillons les p\u00e8lerins dans notre auberge<em>(albergue<\/em>) sur le Camino, dans le monast\u00e8re b\u00e9n\u00e9dictin de Santa Cruz (Sainte-Croix) \u00e0 Sahag\u00fan qui se trouve \u00e0 mi-chemin du chemin fran\u00e7ais. Nous offrons un accueil et un accompagnement spirituel aux p\u00e8lerins sur le chemin de Saint-Jacques-de-Compostelle. <\/p>\n<!-- \/wp:paragraph --><!-- wp:paragraph {\"translatedWithWPMLTM\":\"1\"} -->\n<p>  Nous sommes ouverts de la mi-mars \u00e0 la mi-novembre. Des milliers de p\u00e8lerins sont accueillis chaque ann\u00e9e. Alors, si vous vous sentez appel\u00e9 \u00e0 accueillir et \u00e0 \u00e9couter les p\u00e8lerins, n'h\u00e9sitez pas \u00e0 contacter l'\u00e9quipe. Vous serez impliqu\u00e9 d\u00e8s les premiers instants dans la pr\u00e9paration de l'accueil (nettoyage, organisation, pr\u00e9paration des ressources mat\u00e9rielles et spirituelles), dans l'inscription et l'h\u00e9bergement des p\u00e8lerins, en les \u00e9coutant et en les servant avec l'amour de Dieu et en essayant de voir en chaque p\u00e8lerin le Christ lui-m\u00eame qui a besoin d'un abri.   <\/p>\n<!-- \/wp:paragraph --><!-- wp:paragraph {\"translatedWithWPMLTM\":\"1\"} -->\n<p> <strong>La mission mariste \u00e0 Sahag\u00fan<\/strong><\/p>\n<!-- \/wp:paragraph --><!-- wp:paragraph {\"translatedWithWPMLTM\":\"1\"} -->\n<p>La mission de la communaut\u00e9 mariste est d'offrir aux p\u00e8lerins l'occasion de \"m\u00e9diter\" leur exp\u00e9rience du Camino et d'entendre la parole de Dieu qui leur est adress\u00e9e sur leur vie \u00e0 ce moment-l\u00e0. Nous le faisons en leur offrant un accueil chr\u00e9tien \u00e0 la mani\u00e8re de Marie qui r\u00e9v\u00e8le le visage maternel de l'\u00c9glise<em>(Evangelii Gaudium<\/em>, n. 288). Accueillir chacun de mani\u00e8re discr\u00e8te nous permet de partager avec eux des moments de compagnonnage, de pri\u00e8re, de communion, de r\u00e9conciliation et de liturgie. Le minist\u00e8re \u00e0 Sahag\u00fan est une expression contemporaine de la tradition missionnaire de la Soci\u00e9t\u00e9 de Marie.    <\/p>\n<!-- \/wp:paragraph --><!-- wp:paragraph {\"translatedWithWPMLTM\":\"1\"} -->\n<p>  D\u00e8s l'entr\u00e9e, on sait que l'on est au bon endroit. Ce n'est pas un h\u00f4tel, et si vous venez en touriste, vous repartez en p\u00e8lerin. C'est peut-\u00eatre la lumi\u00e8re du tabernacle dans la chapelle, ou la lumi\u00e8re sur le visage des gens. C'est peut-\u00eatre la possibilit\u00e9 de partager une tasse de caf\u00e9, un repas, un rire franc ou une histoire. C'est peut-\u00eatre le fait d'\u00e9couter ou d'\u00eatre \u00e9cout\u00e9. Il y a une Pr\u00e9sence, et vous vous sentez les bienvenus. La maison accueille des p\u00e8lerins depuis plus d'un si\u00e8cle. C'est le Christ lui-m\u00eame qui nous y encourage : \"J'\u00e9tais un \u00e9tranger et vous m'avez invit\u00e9 \u00e0 entrer\" (Matthieu 25, 35).       <\/p>\n<!-- \/wp:paragraph --><!-- wp:paragraph {\"translatedWithWPMLTM\":\"1\"} -->\n<p>Tout le monde n'est pas p\u00e8lerin : beaucoup sont des touristes qui font le Camino pour se d\u00e9tendre ou se remettre en forme ; d'autres sont des sans-abri qui vivent de la charit\u00e9 dans les diff\u00e9rentes auberges ; d'autres encore ne savent m\u00eame pas pourquoi ils sont l\u00e0 ! Mais ici, tous sont les bienvenus. Car accueillir un p\u00e8lerin, c'est aussi pour nous une mani\u00e8re d'\"aller aux p\u00e9riph\u00e9ries\", comme nous l'a demand\u00e9 le pape Fran\u00e7ois. Nous aussi nous sommes des p\u00e8lerins, nous aussi nous sommes des chercheurs, nous sortons de notre zone de confort pour trouver le Christ parmi les \" non-chr\u00e9tiens \".   <\/p>\n<!-- \/wp:paragraph --><!-- wp:paragraph {\"translatedWithWPMLTM\":\"1\"} -->\n<p>Ce minist\u00e8re de la province est n\u00e9 de notre d\u00e9sir de r\u00e9aliser l'\u0152uvre de Marie en Europe en offrant le m\u00eame accueil que Marie \u00e0 Nazareth. Rencontrer les milliers de p\u00e8lerins qui ont franchi notre seuil a \u00e9t\u00e9 une exp\u00e9rience \u00e9mouvante. Autour d'une tasse de caf\u00e9, nous partageons leur faim de Dieu, leurs peines, leurs joies. Nous partageons leur foi alors qu'ils sont en qu\u00eate d'un sens nouveau.   <\/p>\n<!-- \/wp:paragraph --><!-- wp:paragraph {\"translatedWithWPMLTM\":\"1\"} -->\n<p>Chaque soir, nous c\u00e9l\u00e9brons une messe multilingue des p\u00e8lerins, avec une b\u00e9n\u00e9diction des p\u00e8lerins suivie d'un d\u00eener partag\u00e9. Ce sont des \u00e9v\u00e9nements joyeux, et la diversit\u00e9 des langues et des nationalit\u00e9s que l'on trouve sur le Camino de Santiago est plus une chance qu'un obstacle. Il est \u00e9mouvant d'entendre des p\u00e8lerins qui ont atteint leur destination \u00e0 quelque 260 kilom\u00e8tres de l\u00e0 et qui nous envoient un selfie ou un message du genre : \"J'ai r\u00e9ussi ! \"J'y suis arriv\u00e9 !\", \"Bonjour de Compostelle !\", et le meilleur de tous : \"Merci !\".  <\/p>\n<!-- \/wp:paragraph --><!-- wp:paragraph {\"translatedWithWPMLTM\":\"1\"} -->\n<p>Nous accueillons des volontaires pour collaborer \u00e0 cette mission pour une p\u00e9riode de deux semaines ou de plusieurs mois, de mars \u00e0 novembre, donc si vous pensez que vous aimeriez servir les p\u00e8lerins, n'h\u00e9sitez pas \u00e0 nous contacter. Comme nous le disons en Espagne : \"nuestra casa es tu casa\" (notre maison est votre maison) ! <\/p>\n<!-- \/wp:paragraph --><\/p><\/div>  <div class=\"sjd-card-column sjd-column-contact\">      <h3>Contact<\/h3><p>Padres Maristas, Calle Do\u00f1a Constanza 9, 24320 Sahag\u00fan, Spain<\/p><p>+34 987 780 851<\/p><p><a href=\"https:\/\/www.alberguesensahagun.es\" target=\"_blank\">Visit Website<\/a><\/p><p><a href=\"mailto:alberguesantacruzsahagun@gmail.com\">alberguesantacruzsahagun@gmail.com<\/a><\/p>  <\/div><\/div><\/div>\n<\/div><\/div><div class=\"et_pb_tab_2 et_pb_tab clearfix et_pb_module et_block_module\"><div class=\"et_pb_tab_content\"><div class=\"sjd-locations-grid\"><div class=\"sjd-location-card\">  <div class=\"sjd-card-column sjd-column-name\">      <h2>Maristua, Str\u00f8mmen<\/h2>  <\/div>  <div class=\"sjd-card-column sjd-column-description\"><p>A <strong>Maristua<\/strong> (notre maison communautaire mariste),<strong> Str\u00f8mmen<\/strong>, dans la banlieue d'Oslo (Norv\u00e8ge), nous accueillons des personnes pour des retraites individuelles et des accompagnements. Nous pouvons \u00e9galement proposer des retraites d'une journ\u00e9e pour de petits groupes. <\/p><\/div>  <div class=\"sjd-card-column sjd-column-contact\">      <h3>Contact<\/h3><p>Maristua, Kroken 15, NO-1466 Str\u00f8mmen, Norway<\/p><p>+47 6381 9376<\/p><p><a href=\"mailto:maristene@katolsk.no\">maristene@katolsk.no<\/a><\/p>  <\/div><\/div><\/div>\n<\/div><\/div><\/div><\/div><\/div><\/div><\/div>","protected":false},"excerpt":{"rendered":"","protected":false},"author":1,"featured_media":0,"parent":2958,"menu_order":0,"comment_status":"closed","ping_status":"closed","template":"","meta":{"footnotes":""},"class_list":["post-3379","page","type-page","status-publish","hentry"],"yoast_head":"<!-- This site is optimized with the Yoast SEO plugin v27.5 - https:\/\/yoast.com\/product\/yoast-seo-wordpress\/ -->\n<title>Maisons d&#039;accueil - Marist Europe<\/title>\n<meta name=\"robots\" content=\"index, follow, max-snippet:-1, max-image-preview:large, max-video-preview:-1\" \/>\n<link rel=\"canonical\" href=\"https:\/\/maristeurope.eu\/fr\/la-mission\/maisons-daccueil\/\" \/>\n<meta property=\"og:locale\" content=\"fr_FR\" \/>\n<meta property=\"og:type\" content=\"article\" \/>\n<meta property=\"og:title\" content=\"Maisons d&#039;accueil - Marist Europe\" \/>\n<meta property=\"og:url\" content=\"https:\/\/maristeurope.eu\/fr\/la-mission\/maisons-daccueil\/\" \/>\n<meta property=\"og:site_name\" content=\"Marist Europe\" \/>\n<meta property=\"article:modified_time\" content=\"2026-05-07T10:39:13+00:00\" \/>\n<meta name=\"twitter:card\" content=\"summary_large_image\" \/>\n<script type=\"application\/ld+json\" class=\"yoast-schema-graph\">{\"@context\":\"https:\\\/\\\/schema.org\",\"@graph\":[{\"@type\":\"WebPage\",\"@id\":\"https:\\\/\\\/maristeurope.eu\\\/fr\\\/la-mission\\\/maisons-daccueil\\\/\",\"url\":\"https:\\\/\\\/maristeurope.eu\\\/fr\\\/la-mission\\\/maisons-daccueil\\\/\",\"name\":\"Maisons d'accueil - Marist Europe\",\"isPartOf\":{\"@id\":\"https:\\\/\\\/maristeurope.eu\\\/fr\\\/#website\"},\"datePublished\":\"2024-12-19T12:11:16+00:00\",\"dateModified\":\"2026-05-07T10:39:13+00:00\",\"breadcrumb\":{\"@id\":\"https:\\\/\\\/maristeurope.eu\\\/fr\\\/la-mission\\\/maisons-daccueil\\\/#breadcrumb\"},\"inLanguage\":\"fr-FR\",\"potentialAction\":[{\"@type\":\"ReadAction\",\"target\":[\"https:\\\/\\\/maristeurope.eu\\\/fr\\\/la-mission\\\/maisons-daccueil\\\/\"]}]},{\"@type\":\"BreadcrumbList\",\"@id\":\"https:\\\/\\\/maristeurope.eu\\\/fr\\\/la-mission\\\/maisons-daccueil\\\/#breadcrumb\",\"itemListElement\":[{\"@type\":\"ListItem\",\"position\":1,\"name\":\"Home\",\"item\":\"https:\\\/\\\/maristeurope.eu\\\/fr\\\/\"},{\"@type\":\"ListItem\",\"position\":2,\"name\":\"La mission\",\"item\":\"https:\\\/\\\/maristeurope.eu\\\/fr\\\/mission\\\/\"},{\"@type\":\"ListItem\",\"position\":3,\"name\":\"Maisons d&#8217;accueil\"}]},{\"@type\":\"WebSite\",\"@id\":\"https:\\\/\\\/maristeurope.eu\\\/fr\\\/#website\",\"url\":\"https:\\\/\\\/maristeurope.eu\\\/fr\\\/\",\"name\":\"Marist Europe\",\"description\":\"\",\"publisher\":{\"@id\":\"https:\\\/\\\/maristeurope.eu\\\/fr\\\/#organization\"},\"potentialAction\":[{\"@type\":\"SearchAction\",\"target\":{\"@type\":\"EntryPoint\",\"urlTemplate\":\"https:\\\/\\\/maristeurope.eu\\\/fr\\\/?s={search_term_string}\"},\"query-input\":{\"@type\":\"PropertyValueSpecification\",\"valueRequired\":true,\"valueName\":\"search_term_string\"}}],\"inLanguage\":\"fr-FR\"},{\"@type\":\"Organization\",\"@id\":\"https:\\\/\\\/maristeurope.eu\\\/fr\\\/#organization\",\"name\":\"Marist Europe\",\"url\":\"https:\\\/\\\/maristeurope.eu\\\/fr\\\/\",\"logo\":{\"@type\":\"ImageObject\",\"inLanguage\":\"fr-FR\",\"@id\":\"https:\\\/\\\/maristeurope.eu\\\/fr\\\/#\\\/schema\\\/logo\\\/image\\\/\",\"url\":\"https:\\\/\\\/maristeurope.eu\\\/wp-content\\\/uploads\\\/2024\\\/10\\\/EU-SM-Finalogo-02.png\",\"contentUrl\":\"https:\\\/\\\/maristeurope.eu\\\/wp-content\\\/uploads\\\/2024\\\/10\\\/EU-SM-Finalogo-02.png\",\"width\":150,\"height\":156,\"caption\":\"Marist Europe\"},\"image\":{\"@id\":\"https:\\\/\\\/maristeurope.eu\\\/fr\\\/#\\\/schema\\\/logo\\\/image\\\/\"}}]}<\/script>\n<!-- \/ Yoast SEO plugin. -->","yoast_head_json":{"title":"Maisons d'accueil - Marist Europe","robots":{"index":"index","follow":"follow","max-snippet":"max-snippet:-1","max-image-preview":"max-image-preview:large","max-video-preview":"max-video-preview:-1"},"canonical":"https:\/\/maristeurope.eu\/fr\/la-mission\/maisons-daccueil\/","og_locale":"fr_FR","og_type":"article","og_title":"Maisons d'accueil - Marist Europe","og_url":"https:\/\/maristeurope.eu\/fr\/la-mission\/maisons-daccueil\/","og_site_name":"Marist Europe","article_modified_time":"2026-05-07T10:39:13+00:00","twitter_card":"summary_large_image","schema":{"@context":"https:\/\/schema.org","@graph":[{"@type":"WebPage","@id":"https:\/\/maristeurope.eu\/fr\/la-mission\/maisons-daccueil\/","url":"https:\/\/maristeurope.eu\/fr\/la-mission\/maisons-daccueil\/","name":"Maisons d'accueil - Marist Europe","isPartOf":{"@id":"https:\/\/maristeurope.eu\/fr\/#website"},"datePublished":"2024-12-19T12:11:16+00:00","dateModified":"2026-05-07T10:39:13+00:00","breadcrumb":{"@id":"https:\/\/maristeurope.eu\/fr\/la-mission\/maisons-daccueil\/#breadcrumb"},"inLanguage":"fr-FR","potentialAction":[{"@type":"ReadAction","target":["https:\/\/maristeurope.eu\/fr\/la-mission\/maisons-daccueil\/"]}]},{"@type":"BreadcrumbList","@id":"https:\/\/maristeurope.eu\/fr\/la-mission\/maisons-daccueil\/#breadcrumb","itemListElement":[{"@type":"ListItem","position":1,"name":"Home","item":"https:\/\/maristeurope.eu\/fr\/"},{"@type":"ListItem","position":2,"name":"La mission","item":"https:\/\/maristeurope.eu\/fr\/mission\/"},{"@type":"ListItem","position":3,"name":"Maisons d&#8217;accueil"}]},{"@type":"WebSite","@id":"https:\/\/maristeurope.eu\/fr\/#website","url":"https:\/\/maristeurope.eu\/fr\/","name":"Marist Europe","description":"","publisher":{"@id":"https:\/\/maristeurope.eu\/fr\/#organization"},"potentialAction":[{"@type":"SearchAction","target":{"@type":"EntryPoint","urlTemplate":"https:\/\/maristeurope.eu\/fr\/?s={search_term_string}"},"query-input":{"@type":"PropertyValueSpecification","valueRequired":true,"valueName":"search_term_string"}}],"inLanguage":"fr-FR"},{"@type":"Organization","@id":"https:\/\/maristeurope.eu\/fr\/#organization","name":"Marist Europe","url":"https:\/\/maristeurope.eu\/fr\/","logo":{"@type":"ImageObject","inLanguage":"fr-FR","@id":"https:\/\/maristeurope.eu\/fr\/#\/schema\/logo\/image\/","url":"https:\/\/maristeurope.eu\/wp-content\/uploads\/2024\/10\/EU-SM-Finalogo-02.png","contentUrl":"https:\/\/maristeurope.eu\/wp-content\/uploads\/2024\/10\/EU-SM-Finalogo-02.png","width":150,"height":156,"caption":"Marist Europe"},"image":{"@id":"https:\/\/maristeurope.eu\/fr\/#\/schema\/logo\/image\/"}}]}},"_links":{"self":[{"href":"https:\/\/maristeurope.eu\/fr\/wp-json\/wp\/v2\/pages\/3379","targetHints":{"allow":["GET"]}}],"collection":[{"href":"https:\/\/maristeurope.eu\/fr\/wp-json\/wp\/v2\/pages"}],"about":[{"href":"https:\/\/maristeurope.eu\/fr\/wp-json\/wp\/v2\/types\/page"}],"author":[{"embeddable":true,"href":"https:\/\/maristeurope.eu\/fr\/wp-json\/wp\/v2\/users\/1"}],"replies":[{"embeddable":true,"href":"https:\/\/maristeurope.eu\/fr\/wp-json\/wp\/v2\/comments?post=3379"}],"version-history":[{"count":13,"href":"https:\/\/maristeurope.eu\/fr\/wp-json\/wp\/v2\/pages\/3379\/revisions"}],"predecessor-version":[{"id":11050,"href":"https:\/\/maristeurope.eu\/fr\/wp-json\/wp\/v2\/pages\/3379\/revisions\/11050"}],"up":[{"embeddable":true,"href":"https:\/\/maristeurope.eu\/fr\/wp-json\/wp\/v2\/pages\/2958"}],"wp:attachment":[{"href":"https:\/\/maristeurope.eu\/fr\/wp-json\/wp\/v2\/media?parent=3379"}],"curies":[{"name":"wp","href":"https:\/\/api.w.org\/{rel}","templated":true}]}}