{"id":3316,"date":"2024-12-19T14:53:15","date_gmt":"2024-12-19T13:53:15","guid":{"rendered":"https:\/\/marist.sjdigitaldemo.ovh\/soutenez-nous\/"},"modified":"2026-05-07T12:39:34","modified_gmt":"2026-05-07T10:39:34","slug":"soutenez-nous","status":"publish","type":"page","link":"https:\/\/maristeurope.eu\/fr\/soutenez-nous\/","title":{"rendered":"SOUTENEZ-NOUS"},"content":{"rendered":"\n<div class=\"et_pb_section_0 et_pb_section et_section_regular et_block_section section_has_divider et_pb_bottom_divider\"><div class=\"et_pb_row_0 et_pb_row et_pb_equal_columns et_block_row et_animated preset--module--divi-row--default\"><div class=\"et_pb_column_0 et_pb_column et_pb_column_2_3 et_block_column et_pb_css_mix_blend_mode_passthrough\"><div class=\"et_pb_text_0 et_pb_text et_pb_bg_layout_light et_pb_module et_block_module\"><div class=\"et_pb_text_inner\"><h1><strong>SOUTENEZ-NOUS<\/strong><\/h1>\n<\/div><\/div><\/div><div class=\"et_pb_column_1 et_pb_column et_pb_column_1_3 et-last-child et_block_column et_pb_column_empty et_pb_css_mix_blend_mode_passthrough\"><\/div><\/div><div class=\"et_pb_bottom_inside_divider et-no-transition\"><\/div><\/div><div class=\"et_pb_section_1 et_pb_section et_section_regular et_block_section\"><span class=\"et_pb_background_pattern\"><\/span><div class=\"et_pb_row_1 et_pb_row et_pb_equal_columns et_block_row preset--module--divi-row--default\"><div class=\"et_pb_column_2 et_pb_column et_pb_column_3_5 et_block_column et_pb_css_mix_blend_mode_passthrough et_animated\"><div class=\"et_pb_text_1 et_pb_text et_pb_bg_layout_light et_pb_module et_block_module\"><div class=\"et_pb_text_inner\"><h2>Nous vous invitons \u00e0 soutenir l'\u0153uvre de Marie dans la Province d'Europe.<\/h2>\n<p>&nbsp;<\/p>\n<p>Nos bienfaiteurs sont essentiels pour nous permettre de continuer \u00e0 servir les besoins de notre \u00e9poque, en particulier ceux des personnes d\u00e9favoris\u00e9es.<\/p>\n<p><strong>Nous vous remercions d'avance pour votre soutien !<\/strong><\/p>\n<\/div><\/div><\/div><div class=\"et_pb_column_3 et_pb_column et_pb_column_2_5 et-last-child et_block_column et_pb_css_mix_blend_mode_passthrough\"><div class=\"et_pb_image_0 et_pb_image et_animated et_pb_module et_block_module\"><span class=\"et_pb_image_wrap\"><img loading=\"lazy\" decoding=\"async\" src=\"https:\/\/maristeurope.eu\/wp-content\/uploads\/2025\/03\/Tonio-in-class-Toulon-Camino-promotion.jpg\" width=\"639\" height=\"601\" srcset=\"https:\/\/maristeurope.eu\/wp-content\/uploads\/2025\/03\/Tonio-in-class-Toulon-Camino-promotion.jpg 639w, https:\/\/maristeurope.eu\/wp-content\/uploads\/2025\/03\/Tonio-in-class-Toulon-Camino-promotion-480x451.jpg 480w\" sizes=\"(min-width: 0px) and (max-width: 480px) 480px, (min-width: 481px) 639px, 100vw\" class=\"wp-image-6541\" title=\"Tonio en classe promotion Camino Toulon\" \/><\/span><\/div><\/div><\/div><\/div><div class=\"et_pb_section_2 et_pb_section et_section_regular et_block_section\"><span class=\"et_pb_background_pattern\"><\/span><div class=\"et_pb_row_2 et_pb_row et_block_row preset--module--divi-row--default\"><div class=\"et_pb_column_4 et_pb_column et_pb_column_4_4 et-last-child et_block_column et_pb_css_mix_blend_mode_passthrough\"><div class=\"et_pb_text_2 et_pb_text et_pb_bg_layout_light et_pb_module et_block_module\"><div class=\"et_pb_text_inner\"><h2>Si vous souhaitez nous soutenir en apportant une aide financi\u00e8re \u00e0 nos projets, voici quelques possibilit\u00e9s :<\/h2>\n<\/div><\/div><div class=\"et_pb_accordion_0 et_pb_accordion et_pb_module et_block_module\"><div class=\"et_pb_accordion_item_0 et_pb_accordion_item et_pb_toggle et_pb_module et_pb_toggle_open et_block_module\"><h5 class=\"et_pb_toggle_title\">Centre de r\u00e9fugi\u00e9s Notre Dame, Londres<\/h5><div class=\"et_pb_toggle_content\"><p><strong>Plus de d\u00e9tails<\/strong><\/p>\n<p><span style=\"color: #993366;\"><a href=\"https:\/\/www.notredamerc.org.uk\" target=\"_blank\" rel=\"noopener\" style=\"color: #993366;\">https:\/\/www.notredamerc.org.uk<\/a><\/span><br \/><span style=\"color: #993366;\"><a href=\"https:\/\/localgiving.org\/charity\/notre-dame-refugee-centre\" target=\"_blank\" rel=\"noopener\" style=\"color: #993366;\">https:\/\/localgiving.org\/charity\/notre-dame-refugee-centre<\/a><\/span><\/p>\n<\/div><\/div><div class=\"et_pb_accordion_item_1 et_pb_accordion_item et_pb_toggle et_pb_module et_pb_toggle_close et_block_module\"><h5 class=\"et_pb_toggle_title\">La Neyliere, France<\/h5><div class=\"et_pb_toggle_content\"><p><strong>Plus de d\u00e9tails<\/strong><\/p>\n<p><span style=\"color: #993366;\"><a href=\"https:\/\/www.neyliere.fr\" target=\"_blank\" rel=\"noopener\" style=\"color: #993366;\">https:\/\/www.neyliere.fr<\/a><\/span><\/p>\n<\/div><\/div><div class=\"et_pb_accordion_item_2 et_pb_accordion_item et_pb_toggle et_pb_module et_pb_toggle_close et_block_module\"><h5 class=\"et_pb_toggle_title\">Centre culturel et spirituel mariste, Toulon<\/h5><div class=\"et_pb_toggle_content\"><p><strong>Plus de d\u00e9tails<\/strong><\/p>\n<p><span style=\"color: #993366;\"><a href=\"https:\/\/www.centremariste.fr%20\" target=\"_blank\" rel=\"noopener\" style=\"color: #993366;\">https:\/\/www.centremariste.fr<\/a><\/span><br \/><strong>Adress\u00e9 par courrier \u00e0<\/strong> CCSM, 22 rue Clappier 83000 Toulon, France<\/p>\n<\/div><\/div><div class=\"et_pb_accordion_item_3 et_pb_accordion_item et_pb_toggle et_pb_module et_pb_toggle_close et_block_module\"><h5 class=\"et_pb_toggle_title\">Missions internationales Ranong Marist Asia Foundation :<\/h5><div class=\"et_pb_toggle_content\"><p><strong>Plus de d\u00e9tails<\/strong><\/p>\n<p><span style=\"color: #993366;\"><a href=\"https:\/\/www.maristasiafoundation.org\/donate\" target=\"_blank\" rel=\"noopener\" style=\"color: #993366;\">https:\/\/www.maristasiafoundation.org\/donate<\/a><\/span><\/p>\n<\/div><\/div><div class=\"et_pb_accordion_item_4 et_pb_accordion_item et_pb_toggle et_pb_module et_pb_toggle_close et_block_module\"><h5 class=\"et_pb_toggle_title\">Projet pour les enfants des rues aux Philippines<\/h5><div class=\"et_pb_toggle_content\"><p><strong>Plus de d\u00e9tails<\/strong><\/p>\n<p><span style=\"color: #993366;\"><a href=\"https:\/\/maristmissions.com\/balay-pasilungan\" target=\"_blank\" rel=\"noopener\" style=\"color: #993366;\">https:\/\/maristmissions.com\/balay-pasilungan<\/a><\/span><\/p>\n<\/div><\/div><div class=\"et_pb_accordion_item_5 et_pb_accordion_item et_pb_toggle et_pb_module et_pb_toggle_close et_block_module\"><h5 class=\"et_pb_toggle_title\">Formation des jeunes maristes \u00e0 Rome<\/h5><div class=\"et_pb_toggle_content\"><p><span style=\"font-weight: 400;\">Il y a plus de<strong> cinquante jeunes hommes en formation qui se pr\u00e9parent \u00e0 la mission mariste<\/strong> et qui viennent d'Afrique, des Am\u00e9riques, d'Oc\u00e9anie et d'Australasie.<\/span><\/p>\n<p><span style=\"font-weight: 400;\">La formation des jeunes maristes se fait en trois \u00e9tapes :<\/span><\/p>\n<ul>\n<li><span style=\"font-weight: 400;\">le pr\u00e9noviciat et les \u00e9tudes de philosophie dans leur pays d'origine<\/span><\/li>\n<li><span style=\"font-weight: 400;\">le noviciat de Davao aux Philippines<\/span><\/li>\n<li><span style=\"font-weight: 400;\">et des \u00e9tudes de th\u00e9ologie \u00e0 Rome ou \u00e0 Fidji.<\/span><\/li>\n<\/ul>\n<p><span style=\"font-weight: 400;\"><strong>Contact<\/strong>:<\/span><i><span style=\"font-weight: 400;\">  <\/span><\/i><span style=\"color: #993366;\"><a href=\"mailto:gestion.fr@maristeurope.eu\" style=\"color: #993366;\"><span style=\"font-weight: 400;\">gestion.fr@maristeurope.eu<\/span><\/a><\/span><\/p>\n<\/div><\/div><\/div><\/div><\/div><\/div>\n","protected":false},"excerpt":{"rendered":"","protected":false},"author":1,"featured_media":0,"parent":0,"menu_order":0,"comment_status":"closed","ping_status":"closed","template":"","meta":{"footnotes":""},"class_list":["post-3316","page","type-page","status-publish","hentry"],"yoast_head":"<!-- This site is optimized with the Yoast SEO plugin v27.5 - https:\/\/yoast.com\/product\/yoast-seo-wordpress\/ -->\n<title>SOUTENEZ-NOUS - Marist Europe<\/title>\n<meta name=\"robots\" content=\"index, follow, max-snippet:-1, max-image-preview:large, max-video-preview:-1\" \/>\n<link rel=\"canonical\" href=\"https:\/\/maristeurope.eu\/fr\/soutenez-nous\/\" \/>\n<meta property=\"og:locale\" content=\"fr_FR\" \/>\n<meta property=\"og:type\" content=\"article\" \/>\n<meta property=\"og:title\" content=\"SOUTENEZ-NOUS - Marist Europe\" \/>\n<meta property=\"og:url\" content=\"https:\/\/maristeurope.eu\/fr\/soutenez-nous\/\" \/>\n<meta property=\"og:site_name\" content=\"Marist Europe\" \/>\n<meta property=\"article:modified_time\" content=\"2026-05-07T10:39:34+00:00\" \/>\n<meta name=\"twitter:card\" content=\"summary_large_image\" \/>\n<script type=\"application\/ld+json\" class=\"yoast-schema-graph\">{\"@context\":\"https:\\\/\\\/schema.org\",\"@graph\":[{\"@type\":\"WebPage\",\"@id\":\"https:\\\/\\\/maristeurope.eu\\\/fr\\\/soutenez-nous\\\/\",\"url\":\"https:\\\/\\\/maristeurope.eu\\\/fr\\\/soutenez-nous\\\/\",\"name\":\"SOUTENEZ-NOUS - Marist Europe\",\"isPartOf\":{\"@id\":\"https:\\\/\\\/maristeurope.eu\\\/fr\\\/#website\"},\"datePublished\":\"2024-12-19T13:53:15+00:00\",\"dateModified\":\"2026-05-07T10:39:34+00:00\",\"breadcrumb\":{\"@id\":\"https:\\\/\\\/maristeurope.eu\\\/fr\\\/soutenez-nous\\\/#breadcrumb\"},\"inLanguage\":\"fr-FR\",\"potentialAction\":[{\"@type\":\"ReadAction\",\"target\":[\"https:\\\/\\\/maristeurope.eu\\\/fr\\\/soutenez-nous\\\/\"]}]},{\"@type\":\"BreadcrumbList\",\"@id\":\"https:\\\/\\\/maristeurope.eu\\\/fr\\\/soutenez-nous\\\/#breadcrumb\",\"itemListElement\":[{\"@type\":\"ListItem\",\"position\":1,\"name\":\"Home\",\"item\":\"https:\\\/\\\/maristeurope.eu\\\/fr\\\/\"},{\"@type\":\"ListItem\",\"position\":2,\"name\":\"SOUTENEZ-NOUS\"}]},{\"@type\":\"WebSite\",\"@id\":\"https:\\\/\\\/maristeurope.eu\\\/fr\\\/#website\",\"url\":\"https:\\\/\\\/maristeurope.eu\\\/fr\\\/\",\"name\":\"Marist Europe\",\"description\":\"\",\"publisher\":{\"@id\":\"https:\\\/\\\/maristeurope.eu\\\/fr\\\/#organization\"},\"potentialAction\":[{\"@type\":\"SearchAction\",\"target\":{\"@type\":\"EntryPoint\",\"urlTemplate\":\"https:\\\/\\\/maristeurope.eu\\\/fr\\\/?s={search_term_string}\"},\"query-input\":{\"@type\":\"PropertyValueSpecification\",\"valueRequired\":true,\"valueName\":\"search_term_string\"}}],\"inLanguage\":\"fr-FR\"},{\"@type\":\"Organization\",\"@id\":\"https:\\\/\\\/maristeurope.eu\\\/fr\\\/#organization\",\"name\":\"Marist Europe\",\"url\":\"https:\\\/\\\/maristeurope.eu\\\/fr\\\/\",\"logo\":{\"@type\":\"ImageObject\",\"inLanguage\":\"fr-FR\",\"@id\":\"https:\\\/\\\/maristeurope.eu\\\/fr\\\/#\\\/schema\\\/logo\\\/image\\\/\",\"url\":\"https:\\\/\\\/maristeurope.eu\\\/wp-content\\\/uploads\\\/2024\\\/10\\\/EU-SM-Finalogo-02.png\",\"contentUrl\":\"https:\\\/\\\/maristeurope.eu\\\/wp-content\\\/uploads\\\/2024\\\/10\\\/EU-SM-Finalogo-02.png\",\"width\":150,\"height\":156,\"caption\":\"Marist Europe\"},\"image\":{\"@id\":\"https:\\\/\\\/maristeurope.eu\\\/fr\\\/#\\\/schema\\\/logo\\\/image\\\/\"}}]}<\/script>\n<!-- \/ Yoast SEO plugin. -->","yoast_head_json":{"title":"SOUTENEZ-NOUS - Marist Europe","robots":{"index":"index","follow":"follow","max-snippet":"max-snippet:-1","max-image-preview":"max-image-preview:large","max-video-preview":"max-video-preview:-1"},"canonical":"https:\/\/maristeurope.eu\/fr\/soutenez-nous\/","og_locale":"fr_FR","og_type":"article","og_title":"SOUTENEZ-NOUS - Marist Europe","og_url":"https:\/\/maristeurope.eu\/fr\/soutenez-nous\/","og_site_name":"Marist Europe","article_modified_time":"2026-05-07T10:39:34+00:00","twitter_card":"summary_large_image","schema":{"@context":"https:\/\/schema.org","@graph":[{"@type":"WebPage","@id":"https:\/\/maristeurope.eu\/fr\/soutenez-nous\/","url":"https:\/\/maristeurope.eu\/fr\/soutenez-nous\/","name":"SOUTENEZ-NOUS - Marist Europe","isPartOf":{"@id":"https:\/\/maristeurope.eu\/fr\/#website"},"datePublished":"2024-12-19T13:53:15+00:00","dateModified":"2026-05-07T10:39:34+00:00","breadcrumb":{"@id":"https:\/\/maristeurope.eu\/fr\/soutenez-nous\/#breadcrumb"},"inLanguage":"fr-FR","potentialAction":[{"@type":"ReadAction","target":["https:\/\/maristeurope.eu\/fr\/soutenez-nous\/"]}]},{"@type":"BreadcrumbList","@id":"https:\/\/maristeurope.eu\/fr\/soutenez-nous\/#breadcrumb","itemListElement":[{"@type":"ListItem","position":1,"name":"Home","item":"https:\/\/maristeurope.eu\/fr\/"},{"@type":"ListItem","position":2,"name":"SOUTENEZ-NOUS"}]},{"@type":"WebSite","@id":"https:\/\/maristeurope.eu\/fr\/#website","url":"https:\/\/maristeurope.eu\/fr\/","name":"Marist Europe","description":"","publisher":{"@id":"https:\/\/maristeurope.eu\/fr\/#organization"},"potentialAction":[{"@type":"SearchAction","target":{"@type":"EntryPoint","urlTemplate":"https:\/\/maristeurope.eu\/fr\/?s={search_term_string}"},"query-input":{"@type":"PropertyValueSpecification","valueRequired":true,"valueName":"search_term_string"}}],"inLanguage":"fr-FR"},{"@type":"Organization","@id":"https:\/\/maristeurope.eu\/fr\/#organization","name":"Marist Europe","url":"https:\/\/maristeurope.eu\/fr\/","logo":{"@type":"ImageObject","inLanguage":"fr-FR","@id":"https:\/\/maristeurope.eu\/fr\/#\/schema\/logo\/image\/","url":"https:\/\/maristeurope.eu\/wp-content\/uploads\/2024\/10\/EU-SM-Finalogo-02.png","contentUrl":"https:\/\/maristeurope.eu\/wp-content\/uploads\/2024\/10\/EU-SM-Finalogo-02.png","width":150,"height":156,"caption":"Marist Europe"},"image":{"@id":"https:\/\/maristeurope.eu\/fr\/#\/schema\/logo\/image\/"}}]}},"_links":{"self":[{"href":"https:\/\/maristeurope.eu\/fr\/wp-json\/wp\/v2\/pages\/3316","targetHints":{"allow":["GET"]}}],"collection":[{"href":"https:\/\/maristeurope.eu\/fr\/wp-json\/wp\/v2\/pages"}],"about":[{"href":"https:\/\/maristeurope.eu\/fr\/wp-json\/wp\/v2\/types\/page"}],"author":[{"embeddable":true,"href":"https:\/\/maristeurope.eu\/fr\/wp-json\/wp\/v2\/users\/1"}],"replies":[{"embeddable":true,"href":"https:\/\/maristeurope.eu\/fr\/wp-json\/wp\/v2\/comments?post=3316"}],"version-history":[{"count":15,"href":"https:\/\/maristeurope.eu\/fr\/wp-json\/wp\/v2\/pages\/3316\/revisions"}],"predecessor-version":[{"id":11062,"href":"https:\/\/maristeurope.eu\/fr\/wp-json\/wp\/v2\/pages\/3316\/revisions\/11062"}],"wp:attachment":[{"href":"https:\/\/maristeurope.eu\/fr\/wp-json\/wp\/v2\/media?parent=3316"}],"curies":[{"name":"wp","href":"https:\/\/api.w.org\/{rel}","templated":true}]}}