{"id":2916,"date":"2024-10-23T11:11:28","date_gmt":"2024-10-23T09:11:28","guid":{"rendered":"https:\/\/marist.sjdigitaldemo.ovh\/liens\/"},"modified":"2025-02-12T08:48:46","modified_gmt":"2025-02-12T08:48:46","slug":"liens","status":"publish","type":"page","link":"https:\/\/maristeurope.eu\/fr\/liens\/","title":{"rendered":"Liens"},"content":{"rendered":"<p>[et_pb_section fb_built=\"1&Prime; _builder_version=\"4.27.4&Prime; _module_preset=\"default\" background_color=\"#219EBC\" use_background_color_gradient=\"on\" background_color_gradient_stops=\"rgba(2,48,71,0.2) 0%|rgba(2,48,71,0.4) 100%\" background_color_gradient_overlays_image=\"on\" background_enable_image=\"off\" background_enable_video_mp4=\"off\" background_enable_pattern_style=\"on\" background_pattern_style=\"confetti\" background_pattern_color=\"rgba(0,0,0,0.11)\" custom_padding=\"200px||4vw||false|false\" bottom_divider_style=\"ramp2&Prime; bottom_divider_color=\"#FFFAF2&Prime; bottom_divider_flip=\"horizontal\" global_colors_info=\"{}\"][et_pb_row column_structure=\"2_3,1_3&Prime; make_equal=\"on\" _builder_version=\"4.27.4&Prime; _module_preset=\"default\" background_enable_color=\"off\" custom_padding=\"0px|40px|0px|40px|true|true\" animation_style=\"fade\" animation_duration=\"1500ms\" animation_delay=\"200ms\" global_colors_info=\"{}\"][et_pb_column type=\"2_3&Prime; _builder_version=\"4.27.4&Prime; _module_preset=\"default\" custom_css_main_element=\"margin: auto;\" global_colors_info=\"{}\"][et_pb_text _builder_version=\"4.27.4&Prime; _module_preset=\"default\" header_font=\"|600||on|||||\" header_text_color=\"#FFFFFF\" header_font_size=\"4rem\" header_letter_spacing=\"4px\" header_2_text_color=\"#219EBC\" header_2_font_size=\"3.5rem\" custom_margin=\"20px||20px||true|false\" global_colors_info=\"{}\"]<\/p>\n<h1><strong>Liens<\/strong><\/h1>\n<p>[\/et_pb_text][\/et_pb_column][et_pb_column type=\"1_3&Prime; _builder_version=\"4.27.2&Prime; _module_preset=\"default\" global_colors_info=\"{}\"][\/et_pb_column][\/et_pb_row][\/et_pb_section][et_pb_section fb_built=\"1&Prime; _builder_version=\"4.27.4&Prime; _module_preset=\"default\" background_color=\"#FFFAF2&Prime; background_enable_image=\"off\" background_size=\"contain\" global_colors_info=\"{}\"][et_pb_row _builder_version=\"4.27.4&Prime; _module_preset=\"default\" global_colors_info=\"{}\"][et_pb_column type=\"4_4&Prime; _builder_version=\"4.27.4&Prime; _module_preset=\"default\" global_colors_info=\"{}\"][et_pb_tabs active_tab_background_color=\"#FFB703&Prime; inactive_tab_background_color=\"#219EBC\" active_tab_text_color=\"#023047&Prime; module_id=\"colegios\" _builder_version=\"4.27.4&Prime; _module_preset=\"default\" body_text_color=\"#023047&Prime; body_font_size=\"18px\" tab_font_size=\"24px\" body_link_font=\"|600||||||#023047|\" body_link_text_color=\"#023047&Prime; body_link_font_size=\"22px\" background_color=\"#8ECAE6&Prime; custom_padding=\"||||false|false\" custom_padding_last_edited=\"off|desktop\" hover_enabled=\"0&Prime; border_radii=\"on|50px|50px|50px|50px\" border_width_all=\"0px\" global_colors_info=\"{}\" theme_builder_area=\"post_content\" body_ul_text_color=\"#219EBC\" body_ul_type=\"none\" body_link_line_height=\"1.7em\" body_link_text_color__hover_enabled=\"on|hover\" sticky_enabled=\"0&Prime; body_link_text_color__hover=\"#FB8500&Prime; tab_text_color=\"#FFFFFF\"][et_pb_tab title=\"Congr\u00e9gation\" _builder_version=\"4.27.4&Prime; _module_preset=\"default\" body_text_color=\"#023047&Prime; hover_enabled=\"0&Prime; global_colors_info=\"{}\" theme_builder_area=\"post_content\" sticky_enabled=\"0&Prime;]<\/p>\n<ul>\n<li><a rel=\"noopener\" target=\"_new\" href=\"https:\/\/www.maristsm.org\"><span>G\u00e9n\u00e9ral<\/span><span> Maison<\/span><span> Site web<\/span><\/a><\/li>\n<li><a rel=\"noopener\" target=\"_new\" href=\"https:\/\/jpicblog.maristsm.org\"><span>JPIC<\/span><span> Blog<\/span><\/a><\/li>\n<li><a rel=\"noopener\" target=\"_new\" href=\"https:\/\/www.maristplaces.org\"><span>Maristes<\/span><span> Lieux<\/span><span> d&rsquo;origine<\/span><span> Origine<\/span><\/a><\/li>\n<li><a rel=\"noopener\" target=\"_new\" href=\"https:\/\/www.maristyouthinternational.org\"><span>Maristes<\/span><span> Jeunes<\/span><\/a><\/li>\n<li><a rel=\"noopener\" target=\"_new\" href=\"https:\/\/mariststudies.org\"><span>Maristes<\/span><span> Documents historiques<\/span><span> Documents<\/span><\/a><\/li>\n<li><a rel=\"noopener\" target=\"_new\" href=\"https:\/\/www.acertainway.info\"><span>A<\/span><span> certain<\/span><span> mani\u00e8re<\/span><\/a><\/li>\n<li><a rel=\"noopener\" target=\"_new\" href=\"https:\/\/www.maristspirituality.org\"><span>Maristes<\/span><span> Spiritualit\u00e9<\/span><\/a><\/li>\n<\/ul>\n<p>[\/et_pb_tab][et_pb_tab title=\"P\u00e8re Jean-Claude Colin\" _builder_version=\"4.27.4&Prime; _module_preset=\"default\" hover_enabled=\"0&Prime; global_colors_info=\"{}\" theme_builder_area=\"post_content\" sticky_enabled=\"0&Prime;]<\/p>\n<ul>\n<li><a rel=\"noopener\" target=\"_new\" href=\"https:\/\/www.jeanclaudecolin.org\"><span>Fr<\/span><span> La cause de Colin<\/span><span> Cause<\/span><span> de b\u00e9atification<\/span><span> b\u00e9atification<\/span><\/a><\/li>\n<li><a rel=\"noopener\" target=\"_new\" href=\"https:\/\/mariststudies.org\/docs\/Main_Page\"><span>Maristes<\/span><span> Documents historiques<\/span><span> Documents<\/span><\/a><\/li>\n<\/ul>\n<p>[\/et_pb_tab][et_pb_tab title=\"Sites dans le monde entier\" _builder_version=\"4.27.4&Prime; _module_preset=\"default\" hover_enabled=\"0&Prime; global_colors_info=\"{}\" theme_builder_area=\"post_content\" sticky_enabled=\"0&Prime;]<\/p>\n<ul>\n<li><a rel=\"noopener\" target=\"_new\" href=\"https:\/\/maristasia.org\"><span>Asie<\/span><\/a><\/li>\n<li><a rel=\"noopener\" target=\"_new\" href=\"https:\/\/www.maristasiafoundation.org\"><span>Maristes<\/span><span> Asie<\/span><span> Fondation<\/span><\/a><\/li>\n<li><a rel=\"noopener\" target=\"_new\" href=\"https:\/\/www.maristfathers.org.au\"><span>Australie<\/span><\/a><\/li>\n<li><a rel=\"noopener\" target=\"_new\" href=\"https:\/\/www.lesperesmaristescanada.org\"><span>Canada<\/span><\/a><\/li>\n<li><a rel=\"noopener\" target=\"_new\" href=\"https:\/\/www.maristoceania.org\"><span>Oc\u00e9anie<\/span><\/a><\/li>\n<li><a rel=\"noopener\" target=\"_new\" href=\"https:\/\/www.sm.org.nz\"><span>Nouvelle-Z\u00e9lande<\/span><span> Z\u00e9lande<\/span><\/a><\/li>\n<li><a rel=\"noopener\" target=\"_new\" href=\"https:\/\/www.maristseminary.org.nz\"><span>Maristes<\/span><span> S\u00e9minaire<\/span><\/a><\/li>\n<li><a rel=\"noopener\" target=\"_new\" href=\"https:\/\/www.youngmarists.org\"><span>Jeunes<\/span><span> Maristes<\/span><\/a><\/li>\n<li><a rel=\"noopener\" target=\"_new\" href=\"https:\/\/www.logos.org.nz\"><span>Logos<\/span><span> Projet<\/span><\/a><\/li>\n<li><a rel=\"noopener\" target=\"_new\" href=\"https:\/\/www.maristthailand.org\"><span>Tha\u00eflande<\/span><\/a><\/li>\n<li><a rel=\"noopener\" target=\"_new\" href=\"https:\/\/www.societyofmaryusa.org\"><span>\u00c9TATS-UNIS<\/span><\/a><\/li>\n<li><a rel=\"noopener\" target=\"_new\" href=\"https:\/\/www.padresmaristas.com\"><span>Am\u00e9rique du Sud<\/span><span> Am\u00e9rique du Sud<\/span><\/a><\/li>\n<\/ul>\n<p>[\/et_pb_tab][et_pb_tab title=\"Famille\" _builder_version=\"4.27.4&Prime; _module_preset=\"default\" custom_padding=\"|20%|||false|false\" custom_padding_tablet=\"|0%|||false|false\" custom_padding_phone=\"|0%|||false|false\" custom_padding_last_edited=\"on|tablet\" hover_enabled=\"0&Prime; global_colors_info=\"{}\" theme_builder_area=\"post_content\" sticky_enabled=\"0&Prime;]<\/p>\n<ul>\n<li><a rel=\"noopener\" target=\"_new\" href=\"https:\/\/www.champagnat.org\"><span>Maristes<\/span><span> Fr\u00e8res<\/span><\/a><\/li>\n<li><a rel=\"noopener\" target=\"_new\" href=\"https:\/\/www.marists.net\"><span>Maristes<\/span><span> S\u0153urs<\/span><\/a><\/li>\n<li><a rel=\"noopener\" target=\"_new\" href=\"https:\/\/www.smsmsisters.org\"><span>Maristes<\/span><span> Missionnaires<\/span><span> S\u0153urs<\/span><\/a><\/li>\n<\/ul>\n<p>[\/et_pb_tab][et_pb_tab title=\"Spiritualit\u00e9\" _builder_version=\"4.27.4&Prime; _module_preset=\"default\" theme_builder_area=\"post_content\" hover_enabled=\"0&Prime; sticky_enabled=\"0&Prime;]<\/p>\n<ul>\n<li><a rel=\"noopener\" target=\"_new\" href=\"https:\/\/www.maristsm.org\/en\/our-spirit.aspx\"><span>G\u00e9n\u00e9ral<\/span><span> Maison<\/span><\/a><\/li>\n<li><a rel=\"noopener\" target=\"_new\" href=\"https:\/\/www.maristfathers.ie\/spirituality\"><span>Irlande<\/span><\/a><\/li>\n<li><a rel=\"noopener\" target=\"_new\" href=\"https:\/\/www.sm.org.nz\/marist\/spirituality\"><span>Nouvelle-Z\u00e9lande<\/span><span> Z\u00e9lande<\/span><\/a><\/li>\n<li><a rel=\"noopener\" target=\"_new\" href=\"https:\/\/www.societyofmaryusa.org\/about\/spiritualcenter.html\"><span>\u00c9TATS-UNIS<\/span><\/a><\/li>\n<li><a rel=\"noopener\" target=\"_new\" href=\"https:\/\/www.jeanclaudecolin.org\/the-marist-spirit\"><span>Colin<\/span><\/a><\/li>\n<li><a rel=\"noopener\" target=\"_new\" href=\"https:\/\/www.maristes-france.org\"><span>Fran\u00e7ais<\/span><\/a><\/li>\n<li><a rel=\"noopener\" target=\"_new\" href=\"https:\/\/www.maristenpatres.de\/seiten2011\/spirit.html\"><span>Allemand<\/span><\/a><\/li>\n<li><a rel=\"noopener\" target=\"_new\" href=\"https:\/\/sites.google.com\/site\/maristua\/maristenesspiritualitet\"><span>Norv\u00e9gien<\/span><\/a><\/li>\n<li><a rel=\"noopener\" target=\"_new\" href=\"https:\/\/mariststudies.org\/docs\/Main_Page\"><span>Maristes<\/span><span> \u00c9tudes<\/span><\/a><\/li>\n<\/ul>\n<p>[\/et_pb_tab][et_pb_tab title=\"Minist\u00e8res en Europe\" _builder_version=\"4.27.4&Prime; _module_preset=\"default\" theme_builder_area=\"post_content\" hover_enabled=\"0&Prime; sticky_enabled=\"0&Prime;]<\/p>\n<ul>\n<li>\n<p><strong>France<\/strong>:<\/p>\n<ul>\n<li><a rel=\"noopener\" target=\"_new\" href=\"https:\/\/www.neyliere.com\"><span>La<\/span><span> Neyli\u00e8re<\/span><\/a><\/li>\n<li><a rel=\"noopener\" target=\"_new\" href=\"https:\/\/www.centremariste.fr\"><span>CCSM<\/span><span> Toulon<\/span><\/a><\/li>\n<\/ul>\n<\/li>\n<li>\n<p><strong>Irlande<\/strong>:<\/p>\n<ul>\n<li><a rel=\"noopener\" target=\"_new\" href=\"https:\/\/www.donoreavenueparish.ie\"><span>St<\/span><span> Teresa&rsquo;s<\/span><span> Paroisse<\/span><span>Donore<\/span><span> Avenue<\/span><span>, Dublin<\/span><\/a><\/li>\n<li><a rel=\"noopener\" target=\"_new\" href=\"https:\/\/www.stbrendanscoolock.org\"><span>St<\/span><span> Brendan&rsquo;s<\/span><span> Paroisse<\/span><span>, Coolock<\/span><span>, Dublin<\/span><\/a><\/li>\n<\/ul>\n<\/li>\n<li>\n<p><strong>Italie<\/strong>:<\/p>\n<ul>\n<li><a rel=\"noopener\" target=\"_new\" href=\"https:\/\/www.madonnadellalibera.net\"><span>Pratola<\/span><span> Paroisse<\/span><\/a><\/li>\n<li><a rel=\"noopener\" target=\"_new\" href=\"https:\/\/www.bit.ly\/lamadnoi\"><span>Bulletins d&rsquo;information<\/span><\/a><\/li>\n<\/ul>\n<\/li>\n<li>\n<p><strong>Espagne<\/strong>:<\/p>\n<ul>\n<li><a rel=\"noopener\" target=\"_new\" href=\"https:\/\/www.alberguesensahagun.es\"><span>Camino<\/span><span> Albergue<\/span><span> dans<\/span><span> Sahag\u00fan<\/span><\/a><\/li>\n<\/ul>\n<\/li>\n<li>\n<p><strong>ROYAUME-UNI<\/strong>:<\/p>\n<ul>\n<li><a rel=\"noopener\" target=\"_new\" href=\"https:\/\/www.ndfchurch.org\"><span>Notre<\/span><span> Dame<\/span><span> de<\/span><span> France<\/span><span>Francophone<\/span><span> Paroisse<\/span><span> dans<\/span><span> Londres<\/span><\/a><\/li>\n<li><a rel=\"noopener\" target=\"_new\" href=\"https:\/\/www.notredamerc.org.uk\"><span>Notre<\/span><span> Dame<\/span><span> Centre d&rsquo;accueil<\/span><span> Centre<\/span><span>Londres<\/span><\/a><\/li>\n<li><a rel=\"noopener\" target=\"_new\" href=\"https:\/\/www.notredamerc.wordpress.com\"><span>Le refuge<\/span><span> Centre<\/span><span> Blog<\/span><\/a><\/li>\n<\/ul>\n<\/li>\n<\/ul>\n<p>[\/et_pb_tab][et_pb_tab title=\"L&#039;\u00e9ducation\" _builder_version=\"4.27.4&Prime; _module_preset=\"default\" theme_builder_area=\"post_content\" hover_enabled=\"0&Prime; sticky_enabled=\"0&Prime;]<\/p>\n<ul>\n<li><a rel=\"noopener\" target=\"_new\" href=\"https:\/\/european-marist-education.over-blog.com\"><span>Maristes<\/span><span> \u00c9ducation<\/span><span> d&rsquo;\u00e9ducation<\/span><span> en<\/span><span> l&rsquo;Europe<\/span><\/a><\/li>\n<li><a rel=\"noopener\" target=\"_new\" href=\"https:\/\/www.maristeducationauthority.ie\"><span>Maristes<\/span><span> Enseignement<\/span><span> Autorit\u00e9<\/span><span>Irlande<\/span><\/a><\/li>\n<li><a rel=\"noopener\" target=\"_new\" href=\"https:\/\/www.maristeseneducation.com\"><span>Maristes<\/span><span> fr<\/span><span> \u00c9ducation<\/span><span>France<\/span><\/a><\/li>\n<\/ul>\n<p>[\/et_pb_tab][et_pb_tab title=\"La\u00efcs\" _builder_version=\"4.27.4&Prime; _module_preset=\"default\" theme_builder_area=\"post_content\" hover_enabled=\"0&Prime; sticky_enabled=\"0&Prime;]<\/p>\n<ul>\n<li><a rel=\"noopener\" target=\"_new\" href=\"https:\/\/www.maristeslaics.fr\"><span>Maristes<\/span><span> La\u00efcs<\/span><span> France<\/span><\/a><\/li>\n<li><a rel=\"noopener\" target=\"_new\" href=\"https:\/\/www.maristlaitynz.org\"><span>Maristes<\/span><span> La\u00efcs<\/span><span> Nouvelle<\/span><span> Nouvelle-Z\u00e9lande<\/span><\/a><\/li>\n<li><a rel=\"noopener\" target=\"_new\" href=\"https:\/\/www.maristmessenger.co.nz\"><span>Maristes<\/span><span> Messager<\/span><\/a><\/li>\n<li><a rel=\"noopener\" target=\"_new\" href=\"https:\/\/www.maristlaityaustralia.com\"><span>Maristes<\/span><span> La\u00efcs<\/span><span> Australie<\/span><\/a><\/li>\n<\/ul>\n<p>[\/et_pb_tab][et_pb_tab title=\"M\u00e9dias sociaux\" _builder_version=\"4.27.4&Prime; _module_preset=\"default\" theme_builder_area=\"post_content\" hover_enabled=\"0&Prime; sticky_enabled=\"0&Prime;]<\/p>\n<ul>\n<li><a rel=\"noopener\" target=\"_new\" href=\"https:\/\/www.facebook.com\/maristeurope\"><span>Europe<\/span><span> Province<\/span><span> Facebook<\/span><span> Page<\/span><\/a><\/li>\n<li><a rel=\"noopener\" target=\"_new\" href=\"https:\/\/www.facebook.com\/100077471199929\"><span>Societas<\/span><span> Mariae<\/span><span> Facebook<\/span><\/a><\/li>\n<li><a rel=\"noopener\" target=\"_new\" href=\"https:\/\/www.facebook.com\/Marists\"><span>Maristes<\/span><span> Vocations<\/span><span> (NZ<\/span><span>) Facebook<\/span><\/a><\/li>\n<li><a rel=\"noopener\" target=\"_new\" href=\"https:\/\/www.instagram.com\/maristvocations\"><span>Maristes<\/span><span> Vocations<\/span><span> (NZ<\/span><span>) Instagram<\/span><\/a><\/li>\n<li><a rel=\"noopener\" target=\"_new\" href=\"https:\/\/www.facebook.com\/MaristFathersVocInt\"><span>Maristes<\/span><span> P\u00e8res<\/span><span> Vocations<\/span><span> Facebook<\/span><\/a><\/li>\n<li><a rel=\"noopener\" target=\"_new\" href=\"https:\/\/www.instagram.com\/albergue_santacruz\"><span>Camino<\/span><span> Albergue<\/span><span> dans<\/span><span> Sahag\u00fan<\/span><span> Instagram<\/span><\/a><\/li>\n<li><a rel=\"noopener\" target=\"_new\" href=\"https:\/\/www.facebook.com\/alberguesantacruz\"><span>Camino<\/span><span> Albergue<\/span><span> dans<\/span><span> Sahag\u00fan<\/span><span> Facebook<\/span><\/a><\/li>\n<li><a rel=\"noopener\" target=\"_new\" href=\"https:\/\/www.facebook.com\/100064710814572\"><span>Maristenpatres<\/span><span> Facebook<\/span><\/a><\/li>\n<li><a rel=\"noopener\" target=\"_new\" href=\"https:\/\/www.facebook.com\/groups\/581977529558659\"><span>Maristes<\/span><span> Famille<\/span><span> Laudato<\/span><span> Si<\/span><span> Facebook<\/span><span> Groupe<\/span><\/a><\/li>\n<li><a rel=\"noopener\" target=\"_new\" href=\"https:\/\/www.facebook.com\/maristlaity.wmlc.7\"><span>Monde<\/span><span> Maristes<\/span><span> La\u00efcs<\/span><span> Coordination<\/span><span> Facebook<\/span><\/a><\/li>\n<\/ul>\n<p>[\/et_pb_tab][\/et_pb_tabs][\/et_pb_column][\/et_pb_row][\/et_pb_section]<\/p>\n","protected":false},"excerpt":{"rendered":"<p>Liens G\u00e9n\u00e9ral Maison Site web JPIC Blog Maristes Lieux d&rsquo;origine Origine Maristes Jeunes Maristes Documents historiques Documents A certain mani\u00e8re Maristes Spiritualit\u00e9 Fr La cause de Colin Cause de b\u00e9atification b\u00e9atification Maristes Documents historiques Documents Asie Maristes Asie Fondation Australie Canada Oc\u00e9anie Nouvelle-Z\u00e9lande Z\u00e9lande Maristes S\u00e9minaire Jeunes Maristes Logos Projet Tha\u00eflande \u00c9TATS-UNIS Am\u00e9rique du Sud [&hellip;]<\/p>\n","protected":false},"author":1,"featured_media":0,"parent":0,"menu_order":0,"comment_status":"closed","ping_status":"closed","template":"","meta":{"_et_pb_use_builder":"on","_et_pb_old_content":"","_et_gb_content_width":"","footnotes":""},"class_list":["post-2916","page","type-page","status-publish","hentry"],"yoast_head":"<!-- This site is optimized with the Yoast SEO plugin v27.4 - https:\/\/yoast.com\/product\/yoast-seo-wordpress\/ -->\n<title>Liens - Marist Europe<\/title>\n<meta name=\"robots\" content=\"index, follow, max-snippet:-1, max-image-preview:large, max-video-preview:-1\" \/>\n<link rel=\"canonical\" href=\"https:\/\/maristeurope.eu\/fr\/liens\/\" \/>\n<meta property=\"og:locale\" content=\"fr_FR\" \/>\n<meta property=\"og:type\" content=\"article\" \/>\n<meta property=\"og:title\" content=\"Liens - Marist Europe\" \/>\n<meta property=\"og:description\" content=\"Liens G\u00e9n\u00e9ral Maison Site web JPIC Blog Maristes Lieux d&#039;origine Origine Maristes Jeunes Maristes Documents historiques Documents A certain mani\u00e8re Maristes Spiritualit\u00e9 Fr La cause de Colin Cause de b\u00e9atification b\u00e9atification Maristes Documents historiques Documents Asie Maristes Asie Fondation Australie Canada Oc\u00e9anie Nouvelle-Z\u00e9lande Z\u00e9lande Maristes S\u00e9minaire Jeunes Maristes Logos Projet Tha\u00eflande \u00c9TATS-UNIS Am\u00e9rique du Sud [&hellip;]\" \/>\n<meta property=\"og:url\" content=\"https:\/\/maristeurope.eu\/fr\/liens\/\" \/>\n<meta property=\"og:site_name\" content=\"Marist Europe\" \/>\n<meta property=\"article:modified_time\" content=\"2025-02-12T08:48:46+00:00\" \/>\n<meta name=\"twitter:card\" content=\"summary_large_image\" \/>\n<meta name=\"twitter:label1\" content=\"Dur\u00e9e de lecture estim\u00e9e\" \/>\n\t<meta name=\"twitter:data1\" content=\"4 minutes\" \/>\n<script type=\"application\/ld+json\" class=\"yoast-schema-graph\">{\"@context\":\"https:\\\/\\\/schema.org\",\"@graph\":[{\"@type\":\"WebPage\",\"@id\":\"https:\\\/\\\/maristeurope.eu\\\/fr\\\/liens\\\/\",\"url\":\"https:\\\/\\\/maristeurope.eu\\\/fr\\\/liens\\\/\",\"name\":\"Liens - Marist Europe\",\"isPartOf\":{\"@id\":\"https:\\\/\\\/maristeurope.eu\\\/fr\\\/#website\"},\"datePublished\":\"2024-10-23T09:11:28+00:00\",\"dateModified\":\"2025-02-12T08:48:46+00:00\",\"breadcrumb\":{\"@id\":\"https:\\\/\\\/maristeurope.eu\\\/fr\\\/liens\\\/#breadcrumb\"},\"inLanguage\":\"fr-FR\",\"potentialAction\":[{\"@type\":\"ReadAction\",\"target\":[\"https:\\\/\\\/maristeurope.eu\\\/fr\\\/liens\\\/\"]}]},{\"@type\":\"BreadcrumbList\",\"@id\":\"https:\\\/\\\/maristeurope.eu\\\/fr\\\/liens\\\/#breadcrumb\",\"itemListElement\":[{\"@type\":\"ListItem\",\"position\":1,\"name\":\"Home\",\"item\":\"https:\\\/\\\/maristeurope.eu\\\/fr\\\/maristes\\\/\"},{\"@type\":\"ListItem\",\"position\":2,\"name\":\"Liens\"}]},{\"@type\":\"WebSite\",\"@id\":\"https:\\\/\\\/maristeurope.eu\\\/fr\\\/#website\",\"url\":\"https:\\\/\\\/maristeurope.eu\\\/fr\\\/\",\"name\":\"Marist Europe\",\"description\":\"\",\"publisher\":{\"@id\":\"https:\\\/\\\/maristeurope.eu\\\/fr\\\/#organization\"},\"potentialAction\":[{\"@type\":\"SearchAction\",\"target\":{\"@type\":\"EntryPoint\",\"urlTemplate\":\"https:\\\/\\\/maristeurope.eu\\\/fr\\\/?s={search_term_string}\"},\"query-input\":{\"@type\":\"PropertyValueSpecification\",\"valueRequired\":true,\"valueName\":\"search_term_string\"}}],\"inLanguage\":\"fr-FR\"},{\"@type\":\"Organization\",\"@id\":\"https:\\\/\\\/maristeurope.eu\\\/fr\\\/#organization\",\"name\":\"Marist Europe\",\"url\":\"https:\\\/\\\/maristeurope.eu\\\/fr\\\/\",\"logo\":{\"@type\":\"ImageObject\",\"inLanguage\":\"fr-FR\",\"@id\":\"https:\\\/\\\/maristeurope.eu\\\/fr\\\/#\\\/schema\\\/logo\\\/image\\\/\",\"url\":\"https:\\\/\\\/maristeurope.eu\\\/wp-content\\\/uploads\\\/2024\\\/10\\\/EU-SM-Finalogo-02.png\",\"contentUrl\":\"https:\\\/\\\/maristeurope.eu\\\/wp-content\\\/uploads\\\/2024\\\/10\\\/EU-SM-Finalogo-02.png\",\"width\":150,\"height\":156,\"caption\":\"Marist Europe\"},\"image\":{\"@id\":\"https:\\\/\\\/maristeurope.eu\\\/fr\\\/#\\\/schema\\\/logo\\\/image\\\/\"}}]}<\/script>\n<!-- \/ Yoast SEO plugin. -->","yoast_head_json":{"title":"Liens - Marist Europe","robots":{"index":"index","follow":"follow","max-snippet":"max-snippet:-1","max-image-preview":"max-image-preview:large","max-video-preview":"max-video-preview:-1"},"canonical":"https:\/\/maristeurope.eu\/fr\/liens\/","og_locale":"fr_FR","og_type":"article","og_title":"Liens - Marist Europe","og_description":"Liens G\u00e9n\u00e9ral Maison Site web JPIC Blog Maristes Lieux d'origine Origine Maristes Jeunes Maristes Documents historiques Documents A certain mani\u00e8re Maristes Spiritualit\u00e9 Fr La cause de Colin Cause de b\u00e9atification b\u00e9atification Maristes Documents historiques Documents Asie Maristes Asie Fondation Australie Canada Oc\u00e9anie Nouvelle-Z\u00e9lande Z\u00e9lande Maristes S\u00e9minaire Jeunes Maristes Logos Projet Tha\u00eflande \u00c9TATS-UNIS Am\u00e9rique du Sud [&hellip;]","og_url":"https:\/\/maristeurope.eu\/fr\/liens\/","og_site_name":"Marist Europe","article_modified_time":"2025-02-12T08:48:46+00:00","twitter_card":"summary_large_image","twitter_misc":{"Dur\u00e9e de lecture estim\u00e9e":"4 minutes"},"schema":{"@context":"https:\/\/schema.org","@graph":[{"@type":"WebPage","@id":"https:\/\/maristeurope.eu\/fr\/liens\/","url":"https:\/\/maristeurope.eu\/fr\/liens\/","name":"Liens - Marist Europe","isPartOf":{"@id":"https:\/\/maristeurope.eu\/fr\/#website"},"datePublished":"2024-10-23T09:11:28+00:00","dateModified":"2025-02-12T08:48:46+00:00","breadcrumb":{"@id":"https:\/\/maristeurope.eu\/fr\/liens\/#breadcrumb"},"inLanguage":"fr-FR","potentialAction":[{"@type":"ReadAction","target":["https:\/\/maristeurope.eu\/fr\/liens\/"]}]},{"@type":"BreadcrumbList","@id":"https:\/\/maristeurope.eu\/fr\/liens\/#breadcrumb","itemListElement":[{"@type":"ListItem","position":1,"name":"Home","item":"https:\/\/maristeurope.eu\/fr\/maristes\/"},{"@type":"ListItem","position":2,"name":"Liens"}]},{"@type":"WebSite","@id":"https:\/\/maristeurope.eu\/fr\/#website","url":"https:\/\/maristeurope.eu\/fr\/","name":"Marist Europe","description":"","publisher":{"@id":"https:\/\/maristeurope.eu\/fr\/#organization"},"potentialAction":[{"@type":"SearchAction","target":{"@type":"EntryPoint","urlTemplate":"https:\/\/maristeurope.eu\/fr\/?s={search_term_string}"},"query-input":{"@type":"PropertyValueSpecification","valueRequired":true,"valueName":"search_term_string"}}],"inLanguage":"fr-FR"},{"@type":"Organization","@id":"https:\/\/maristeurope.eu\/fr\/#organization","name":"Marist Europe","url":"https:\/\/maristeurope.eu\/fr\/","logo":{"@type":"ImageObject","inLanguage":"fr-FR","@id":"https:\/\/maristeurope.eu\/fr\/#\/schema\/logo\/image\/","url":"https:\/\/maristeurope.eu\/wp-content\/uploads\/2024\/10\/EU-SM-Finalogo-02.png","contentUrl":"https:\/\/maristeurope.eu\/wp-content\/uploads\/2024\/10\/EU-SM-Finalogo-02.png","width":150,"height":156,"caption":"Marist Europe"},"image":{"@id":"https:\/\/maristeurope.eu\/fr\/#\/schema\/logo\/image\/"}}]}},"_links":{"self":[{"href":"https:\/\/maristeurope.eu\/fr\/wp-json\/wp\/v2\/pages\/2916","targetHints":{"allow":["GET"]}}],"collection":[{"href":"https:\/\/maristeurope.eu\/fr\/wp-json\/wp\/v2\/pages"}],"about":[{"href":"https:\/\/maristeurope.eu\/fr\/wp-json\/wp\/v2\/types\/page"}],"author":[{"embeddable":true,"href":"https:\/\/maristeurope.eu\/fr\/wp-json\/wp\/v2\/users\/1"}],"replies":[{"embeddable":true,"href":"https:\/\/maristeurope.eu\/fr\/wp-json\/wp\/v2\/comments?post=2916"}],"version-history":[{"count":6,"href":"https:\/\/maristeurope.eu\/fr\/wp-json\/wp\/v2\/pages\/2916\/revisions"}],"predecessor-version":[{"id":2952,"href":"https:\/\/maristeurope.eu\/fr\/wp-json\/wp\/v2\/pages\/2916\/revisions\/2952"}],"wp:attachment":[{"href":"https:\/\/maristeurope.eu\/fr\/wp-json\/wp\/v2\/media?parent=2916"}],"curies":[{"name":"wp","href":"https:\/\/api.w.org\/{rel}","templated":true}]}}