{"id":2836,"date":"2024-11-19T13:13:55","date_gmt":"2024-11-19T12:13:55","guid":{"rendered":"https:\/\/marist.sjdigitaldemo.ovh\/maristes\/"},"modified":"2026-05-07T08:28:58","modified_gmt":"2026-05-07T06:28:58","slug":"maristes","status":"publish","type":"page","link":"https:\/\/maristeurope.eu\/fr\/","title":{"rendered":"Maristes"},"content":{"rendered":"\n<div class=\"et_pb_section_0 et_pb_section et_section_regular et_block_section et-pb-has-background-video et_pb_preload section_has_divider et_pb_bottom_divider\"><span class=\"et-pb-background-video\"><video autoplay loop playsinline muted><source type=\"video\/mp4\" src=\"https:\/\/maristeurope.eu\/wp-content\/uploads\/2025\/01\/Marist.mp4\" \/><source type=\"video\/webm\" src=\"https:\/\/maristeurope.eu\/wp-content\/uploads\/2025\/01\/Marist.webm\" \/><\/video><\/span><div class=\"et_pb_row_0 et_pb_row et_pb_row_1-4_3-4 et_pb_equal_columns et_block_row et_block_row_1-4_3-4 et_animated preset--module--divi-row--default\"><div class=\"et_pb_column_0 et_pb_column et_pb_column_1_4 et_block_column et_pb_css_mix_blend_mode_passthrough\"><div class=\"et_pb_image_0 et_pb_image et_pb_module et_block_module\"><span class=\"et_pb_image_wrap\"><img loading=\"lazy\" decoding=\"async\" src=\"https:\/\/maristeurope.eu\/wp-content\/uploads\/2024\/10\/SM-Vocations-LOGO-transparent-e1728305138154.png\" width=\"379\" height=\"514\" srcset=\"https:\/\/maristeurope.eu\/wp-content\/uploads\/2024\/10\/SM-Vocations-LOGO-transparent-e1728305138154.png 379w\" sizes=\"(min-width: 0px) and (max-width: 379px) 379px, 100vw\" class=\"wp-image-32\" title=\"SM Vocations LOGO transparent\" \/><\/span><\/div><\/div><div class=\"et_pb_column_1 et_pb_column et_pb_column_3_4 et-last-child et_block_column et_pb_css_mix_blend_mode_passthrough\"><div class=\"et_pb_text_0 et_pb_text et_pb_bg_layout_light et_pb_module et_block_module\"><div class=\"et_pb_text_inner\"><h1>Les Maristes en Europe<\/h1>\n<h2>\u00eatre la pr\u00e9sence de Marie <br \/>dans le monde<\/h2>\n<\/div><\/div><\/div><\/div><div class=\"et_pb_bottom_inside_divider et-no-transition\"><\/div><\/div><div class=\"et_pb_section_1 et_pb_section et_section_regular et_block_section\"><div class=\"et_pb_row_1 et_pb_row et_pb_equal_columns et_block_row preset--module--divi-row--default\"><div class=\"et_pb_column_2 et_pb_column et_pb_column_1_2 et_block_column et_pb_css_mix_blend_mode_passthrough et_animated\"><div class=\"et_pb_text_1 et_pb_text et_pb_bg_layout_light et_pb_module et_block_module\"><div class=\"et_pb_text_inner\"><p>Nous sommes des religieux et des la\u00efcs, des femmes et des hommes qui s'efforcent de suivre le Christ \u00e0 la mani\u00e8re de Marie dans la tradition catholique romaine.<\/p>\n<p>Les <strong>P\u00e8res et Fr\u00e8res <\/strong>de la <strong>Soci\u00e9t\u00e9 de Marie <\/strong>en Europe font partie d'une congr\u00e9gation religieuse internationale.<\/p>\n<\/div><\/div><\/div><div class=\"et_pb_column_3 et_pb_column et_pb_column_1_2 et-last-child et_block_column et_pb_css_mix_blend_mode_passthrough et_animated\"><div class=\"et_pb_image_1 et_pb_image et_pb_module et_block_module\"><span class=\"et_pb_image_wrap\"><img loading=\"lazy\" decoding=\"async\" src=\"https:\/\/maristeurope.eu\/wp-content\/uploads\/2024\/11\/16-NEW-0512-Arandas-OL-shrine-3J-crpps.jpg\" width=\"1000\" height=\"562\" srcset=\"https:\/\/maristeurope.eu\/wp-content\/uploads\/2024\/11\/16-NEW-0512-Arandas-OL-shrine-3J-crpps.jpg 1000w, https:\/\/maristeurope.eu\/wp-content\/uploads\/2024\/11\/16-NEW-0512-Arandas-OL-shrine-3J-crpps-980x551.jpg 980w, https:\/\/maristeurope.eu\/wp-content\/uploads\/2024\/11\/16-NEW-0512-Arandas-OL-shrine-3J-crpps-480x270.jpg 480w\" sizes=\"(min-width: 0px) and (max-width: 480px) 480px, (min-width: 481px) and (max-width: 980px) 980px, (min-width: 981px) 1000px, 100vw\" class=\"wp-image-362\" title=\"16-NEW-0512-Arandas-OL-shrine-3J-crpps\" \/><\/span><\/div><\/div><\/div><\/div><div class=\"et_pb_section_2 et_pb_section et_section_regular et_block_section\"><div class=\"et_pb_row_2 et_pb_row et_block_row preset--module--divi-row--default\"><div class=\"et_pb_column_4 et_pb_column et_pb_column_4_4 et-last-child et_block_column et_pb_css_mix_blend_mode_passthrough\"><div class=\"et_pb_image_2 et_pb_image et_animated et_pb_module et_block_module\"><span class=\"et_pb_image_wrap\"><img loading=\"lazy\" decoding=\"async\" src=\"https:\/\/maristeurope.eu\/wp-content\/uploads\/2024\/10\/DSC3594-scaled.jpg\" width=\"2560\" height=\"1210\" srcset=\"https:\/\/maristeurope.eu\/wp-content\/uploads\/2024\/10\/DSC3594-scaled.jpg 2560w, https:\/\/maristeurope.eu\/wp-content\/uploads\/2024\/10\/DSC3594-1280x605.jpg 1280w, https:\/\/maristeurope.eu\/wp-content\/uploads\/2024\/10\/DSC3594-980x463.jpg 980w, https:\/\/maristeurope.eu\/wp-content\/uploads\/2024\/10\/DSC3594-480x227.jpg 480w\" sizes=\"(min-width: 0px) and (max-width: 480px) 480px, (min-width: 481px) and (max-width: 980px) 980px, (min-width: 981px) and (max-width: 1280px) 1280px, (min-width: 1281px) 2560px, 100vw\" class=\"wp-image-151\" title=\"DSC3594\" \/><\/span><\/div><div class=\"et_pb_text_2 et_pb_text et_pb_bg_layout_light et_pb_module et_block_module\"><div class=\"et_pb_text_inner\"><p style=\"text-align: center;\">L'union fait la force<\/p>\n<\/div><\/div><\/div><\/div><\/div><div class=\"et_pb_section_3 et_pb_section et_section_regular et_block_section\"><div class=\"et_pb_row_3 et_pb_row et_block_row preset--module--divi-row--default\"><div class=\"et_pb_column_5 et_pb_column et_pb_column_1_2 et_block_column et_pb_css_mix_blend_mode_passthrough\"><div class=\"et_pb_text_3 et_pb_text et_pb_bg_layout_light et_animated et_pb_module et_block_module\"><div class=\"et_pb_text_inner\"><p>Dans la <strong>Province d'Europe<\/strong>- qui r\u00e9unit des communaut\u00e9s d'<strong>Italie, d'Irlande, d'Allemagne, d'Espagne, d'Angleterre, de Norv\u00e8ge, de France et des Pays-Bas<\/strong> - nous r\u00e9pondons \u00e0 l'appel de J\u00e9sus-Christ et proclamons l'\u00c9vangile <strong>sous le nom<\/strong> et la conduite de <strong>Marie<\/strong>.<\/p>\n<\/div><\/div><div class=\"et_pb_module et_pb_button_module_wrapper et_pb_button_0_wrapper\"><a class=\"et_pb_button_0 et_pb_button et_pb_bg_layout_light et_pb_module et_block_module\" href=\"https:\/\/maristeurope.eu\/fr\/spiritualite\/\">En savoir plus<\/a><\/div><\/div><div class=\"et_pb_column_6 et_pb_column et_pb_column_1_2 et-last-child et_block_column et_pb_css_mix_blend_mode_passthrough\"><div class=\"et_pb_text_4 et_pb_text et_pb_bg_layout_light et_animated et_pb_module et_block_module\"><div class=\"et_pb_text_inner\"><p>Pour nous, mettre l'\u00c9vangile en action signifie <strong>penser, juger, sentir et agir<\/strong> comme Marie, dans la culture de l'Europe d'aujourd'hui.<\/p>\n<\/div><\/div><\/div><\/div><\/div><div class=\"et_pb_section_4 et_pb_section et_section_regular et_block_section section_has_divider et_pb_top_divider\"><div class=\"et_pb_top_inside_divider et-no-transition\"><\/div><div class=\"et_pb_row_4 et_pb_row et_block_row preset--module--divi-row--default\"><div class=\"et_pb_column_7 et_pb_column et_pb_column_4_4 et-last-child et_block_column et_pb_css_mix_blend_mode_passthrough\"><div class=\"et_pb_text_5 et_pb_text et_pb_bg_layout_light et_animated et_pb_module et_block_module\"><div class=\"et_pb_text_inner\"><h2>Que se passe-t-il dans la province ?<\/h2>\n<\/div><\/div><div class=\"et_pb_blog_0 et_pb_blog et_pb_bg_layout_light et_pb_posts et_animated et_pb_module\"><div class=\"et_pb_ajax_pagination_container\"><div class=\"et_pb_posts et_grid_module\"><article class=\"et_pb_post et_pb_post_id_10779 clearfix et_pb_blog_item_0_0 post-10779 post type-post status-publish format-standard has-post-thumbnail hentry category-non-categorise\"><div class=\"et_pb_image_container\"><a href=\"https:\/\/maristeurope.eu\/fr\/cultiver-lesprit-mariste-dans-nos-ecoles-en-irlande\/\" class=\"entry-featured-image-url\"><img loading=\"lazy\" decoding=\"async\" src=\"https:\/\/maristeurope.eu\/wp-content\/uploads\/2026\/05\/1000143931-scaled.jpg\" width=\"400\" height=\"284\" alt=\"Cultiver l&rsquo;esprit mariste dans nos \u00e9coles en Irlande\" class=\"\" srcset=\"https:\/\/maristeurope.eu\/wp-content\/uploads\/2026\/05\/1000143931-scaled.jpg 479w, https:\/\/maristeurope.eu\/wp-content\/uploads\/2026\/05\/1000143931-400x284.jpg 480w\" sizes=\"(max-width:479px) 479px, 100vw\" \/><span data-icon=\"\ue050\" class=\"et_overlay et_pb_inline_icon\"><\/span><\/a><\/div><h2 class=\"entry-title\"><a href=\"https:\/\/maristeurope.eu\/fr\/cultiver-lesprit-mariste-dans-nos-ecoles-en-irlande\/\">Cultiver l&rsquo;esprit mariste dans nos \u00e9coles en Irlande<\/a><\/h2><p class=\"post-meta\"><span class=\"published\">Mai 6, 2026<\/span><\/p><div class=\"post-content\"><div class=\"post-content-inner\"><p>La Communaut\u00e9 Chanel de Coolock (Irlande) a r\u00e9cemment accueilli pour une semaine Lachie Bartlett, s\u00e9minariste de deuxi\u00e8me ann\u00e9e \u00e0 la Casa Di Maria de Rome. Accompagn\u00e9 par le P\u00e8re Martin McAnaney, il a particip\u00e9 aux efforts de l&rsquo;organisme de patronage de l&rsquo;\u00e9ducation mariste, Marist Education Authority Schools (MEAS), pour promouvoir l&rsquo;\u00e9thique mariste et la formation au leadership dans l&rsquo;\u00e9ducation.   <\/p>\n<\/div><\/div><\/article><article class=\"et_pb_post et_pb_post_id_10616 clearfix et_pb_blog_item_0_1 post-10616 post type-post status-publish format-standard has-post-thumbnail hentry category-non-categorise\"><div class=\"et_pb_image_container\"><a href=\"https:\/\/maristeurope.eu\/fr\/journees-maristes-partage-sur-les-vocations-dans-les-ecoles-francaises\/\" class=\"entry-featured-image-url\"><img loading=\"lazy\" decoding=\"async\" src=\"https:\/\/maristeurope.eu\/wp-content\/uploads\/2026\/04\/PHOTO-2026-04-22-14-42-39.jpg\" width=\"400\" height=\"284\" alt=\"Journ\u00e9es maristes : partage sur les vocations dans les \u00e9coles fran\u00e7aises\" class=\"\" srcset=\"https:\/\/maristeurope.eu\/wp-content\/uploads\/2026\/04\/PHOTO-2026-04-22-14-42-39.jpg 479w, https:\/\/maristeurope.eu\/wp-content\/uploads\/2026\/04\/PHOTO-2026-04-22-14-42-39-400x284.jpg 480w\" sizes=\"(max-width:479px) 479px, 100vw\" \/><span data-icon=\"\ue050\" class=\"et_overlay et_pb_inline_icon\"><\/span><\/a><\/div><h2 class=\"entry-title\"><a href=\"https:\/\/maristeurope.eu\/fr\/journees-maristes-partage-sur-les-vocations-dans-les-ecoles-francaises\/\">Journ\u00e9es maristes : partage sur les vocations dans les \u00e9coles fran\u00e7aises<\/a><\/h2><p class=\"post-meta\"><span class=\"published\">Avr 29, 2026<\/span><\/p><div class=\"post-content\"><div class=\"post-content-inner\"><p>Ce printemps, plusieurs \u00e9coles maristes en France ont c\u00e9l\u00e9br\u00e9 \"Les journ\u00e9es maristes\". Le voyage a commenc\u00e9 en mars \u00e0 Bury et au Rosaire (Paris Nord) et s&rsquo;est poursuivi apr\u00e8s P\u00e2ques dans nos trois \u00e9tablissements de Toulon : Cours F\u00e9nelon, Institution Sainte Marie et Externat Saint Joseph la Cordeille. <\/p>\n<\/div><\/div><\/article><article class=\"et_pb_post et_pb_post_id_10586 clearfix et_pb_blog_item_0_2 post-10586 post type-post status-publish format-standard has-post-thumbnail hentry category-non-categorise\"><div class=\"et_pb_image_container\"><a href=\"https:\/\/maristeurope.eu\/fr\/les-peres-maristes-rejoignent-la-province-deurope\/\" class=\"entry-featured-image-url\"><img loading=\"lazy\" decoding=\"async\" src=\"https:\/\/maristeurope.eu\/wp-content\/uploads\/2026\/04\/small-table-lamp-world-map-copy-space-1-scaled.jpg\" width=\"400\" height=\"284\" alt=\"Les P\u00e8res Maristes rejoignent la Province d&rsquo;Europe\" class=\"\" srcset=\"https:\/\/maristeurope.eu\/wp-content\/uploads\/2026\/04\/small-table-lamp-world-map-copy-space-1-scaled.jpg 479w, https:\/\/maristeurope.eu\/wp-content\/uploads\/2026\/04\/small-table-lamp-world-map-copy-space-1-400x284.jpg 480w\" sizes=\"(max-width:479px) 479px, 100vw\" \/><span data-icon=\"\ue050\" class=\"et_overlay et_pb_inline_icon\"><\/span><\/a><\/div><h2 class=\"entry-title\"><a href=\"https:\/\/maristeurope.eu\/fr\/les-peres-maristes-rejoignent-la-province-deurope\/\">Les P\u00e8res Maristes rejoignent la Province d&rsquo;Europe<\/a><\/h2><p class=\"post-meta\"><span class=\"published\">Avr 22, 2026<\/span><\/p><div class=\"post-content\"><div class=\"post-content-inner\"><p>Nous sommes heureux d&rsquo;accueillir dans la Province d&rsquo;Europe le P\u00e8re Christian qui vit avec la communaut\u00e9 de Lyon, et le P\u00e8re Clovis qui rejoint la communaut\u00e9 de Londres.<\/p>\n<\/div><\/div><\/article><\/div><\/div><\/div><div class=\"et_pb_module et_pb_button_module_wrapper et_pb_button_1_wrapper\"><a class=\"et_pb_button_1 et_pb_button et_pb_bg_layout_light et_pb_module et_block_module\" href=\"https:\/\/maristeurope.eu\/fr\/actualites\/\">Plus de nouvelles<\/a><\/div><\/div><\/div><\/div><div class=\"et_pb_section_5 et_pb_section et_section_regular et_block_section section_has_divider et_pb_top_divider et_pb_bottom_divider\"><div class=\"et_pb_top_inside_divider et-no-transition\"><\/div><span class=\"et_pb_background_pattern\"><\/span><div class=\"et_pb_row_5 et_pb_row et_pb_equal_columns et_block_row preset--module--divi-row--default\"><div class=\"et_pb_column_8 et_pb_column et_pb_column_2_5 et_block_column et_pb_css_mix_blend_mode_passthrough\"><div class=\"et_pb_text_6 et_pb_text et_pb_bg_layout_light et_pb_module et_block_module preset--module--divi-text--178bfce1-3fbd-44bf-b7e7-d42ab13944f7\"><div class=\"et_pb_text_inner\"><h4>VOTRE CHANCE D'\u00caTRE UN<\/h4>\n<\/div><\/div><div class=\"et_pb_text_7 et_pb_text et_pb_bg_layout_light et_pb_module et_block_module preset--module--divi-text--b7c8e0f7-f028-4ba3-ace1-b6f3b08d486e\"><div class=\"et_pb_text_inner\"><h2>INFLUENCEUR MARISTE<\/h2>\n<\/div><\/div><\/div><div class=\"et_pb_column_9 et_pb_column et_pb_column_3_5 et-last-child et_block_column et_pb_css_mix_blend_mode_passthrough\"><div class=\"et_pb_text_8 et_pb_text et_pb_bg_layout_light et_animated et_clickable et_pb_module et_block_module\"><div class=\"et_pb_text_inner\"><p>L'\u00e9ducation<\/p>\n<\/div><\/div><div class=\"et_pb_text_9 et_pb_text et_pb_bg_layout_light et_animated et_clickable et_pb_module et_block_module\"><div class=\"et_pb_text_inner\"><p>Vocations<\/p>\n<\/div><\/div><div class=\"et_pb_text_10 et_pb_text et_pb_bg_layout_light et_animated et_clickable et_pb_module et_block_module\"><div class=\"et_pb_text_inner\"><p>La\u00efcs maristes<\/p>\n<\/div><\/div><\/div><\/div><div class=\"et_pb_bottom_inside_divider et-no-transition\"><\/div><\/div><div class=\"et_pb_section_6 et_pb_section et_section_regular et_block_section\"><span class=\"et_pb_background_pattern\"><\/span><div class=\"et_pb_row_6 et_pb_row et_block_row et_animated preset--module--divi-row--default\"><div class=\"et_pb_column_10 et_pb_column et_pb_column_1_2 et_block_column et_pb_css_mix_blend_mode_passthrough\"><div class=\"et_pb_text_11 et_pb_text et_pb_bg_layout_light et_animated et_clickable et_pb_module et_block_module\"><div class=\"et_pb_text_inner\"><h3>Retour vers le futur<\/h3>\n<p><b>La Neyli\u00e8re<\/b><span style=\"font-weight: 400;\"> est notre maison d'accueil mariste, o\u00f9 notre fondateur, le P\u00e8re Colin, a v\u00e9cu pr\u00e8s de Lyon, et qui accueille aujourd'hui des personnes en qu\u00eate d'inspiration dans leur vie.<\/span><\/p>\n<\/div><\/div><\/div><div class=\"et_pb_column_11 et_pb_column et_pb_column_1_2 et-last-child et_block_column et_pb_css_mix_blend_mode_passthrough\"><div class=\"et_pb_text_12 et_pb_text et_pb_bg_layout_light et_animated et_clickable et_pb_module et_block_module\"><div class=\"et_pb_text_inner\"><h3>Accueil des p\u00e8lerins<\/h3>\n<p><span style=\"font-weight: 400;\">sur le <\/span><b>Camino<\/b><span style=\"font-weight: 400;\"> vers Saint-Jacques-de-Compostelle, notre auberge mariste \u00e0 <\/span><b>Sahag\u00fan<\/b><span style=\"font-weight: 400;\"> offre l'hospitalit\u00e9 \u00e0 des personnes en qu\u00eate de sens sur le chemin de la vie.<\/span><\/p>\n<\/div><\/div><\/div><\/div><div class=\"et_pb_row_7 et_pb_row et_pb_row_1-4_1-2_1-4 et_block_row et_block_row_1-4_1-2_1-4 et_animated preset--module--divi-row--default\"><div class=\"et_pb_column_12 et_pb_column et_pb_column_1_4 et_block_column et_pb_column_empty et_pb_css_mix_blend_mode_passthrough\"><\/div><div class=\"et_pb_column_13 et_pb_column et_pb_column_1_2 et_block_column et_pb_css_mix_blend_mode_passthrough\"><div class=\"et_pb_text_13 et_pb_text et_pb_bg_layout_light et_animated et_clickable et_pb_module et_block_module\"><div class=\"et_pb_text_inner\"><h3>Mission Centre-ville<\/h3>\n<p><span style=\"font-weight: 400;\">Notre Dame de France est une \u00e9glise situ\u00e9e dans le West End de<\/span> <b>Londres. <\/b><span style=\"font-weight: 400;\">Elle abrite les communaut\u00e9s francophones qui \u00e9vang\u00e9lisent en paroles et en actes dans la ville.<\/span><\/p>\n<\/div><\/div><\/div><div class=\"et_pb_column_14 et_pb_column et_pb_column_1_4 et-last-child et_block_column et_pb_column_empty et_pb_css_mix_blend_mode_passthrough\"><\/div><\/div><\/div>\n","protected":false},"excerpt":{"rendered":"","protected":false},"author":1,"featured_media":0,"parent":0,"menu_order":0,"comment_status":"closed","ping_status":"closed","template":"","meta":{"footnotes":""},"class_list":["post-2836","page","type-page","status-publish","hentry"],"yoast_head":"<!-- This site is optimized with the Yoast SEO plugin v27.5 - https:\/\/yoast.com\/product\/yoast-seo-wordpress\/ -->\n<title>Maristes - Marist Europe<\/title>\n<meta name=\"robots\" content=\"index, follow, max-snippet:-1, max-image-preview:large, max-video-preview:-1\" \/>\n<link rel=\"canonical\" href=\"https:\/\/maristeurope.eu\/fr\/\" \/>\n<meta property=\"og:locale\" content=\"fr_FR\" \/>\n<meta property=\"og:type\" content=\"article\" \/>\n<meta property=\"og:title\" content=\"Maristes - Marist Europe\" \/>\n<meta property=\"og:url\" content=\"https:\/\/maristeurope.eu\/fr\/\" \/>\n<meta property=\"og:site_name\" content=\"Marist Europe\" \/>\n<meta property=\"article:modified_time\" content=\"2026-05-07T06:28:58+00:00\" \/>\n<meta name=\"twitter:card\" content=\"summary_large_image\" \/>\n<script type=\"application\/ld+json\" class=\"yoast-schema-graph\">{\"@context\":\"https:\\\/\\\/schema.org\",\"@graph\":[{\"@type\":\"WebPage\",\"@id\":\"https:\\\/\\\/maristeurope.eu\\\/fr\\\/\",\"url\":\"https:\\\/\\\/maristeurope.eu\\\/fr\\\/\",\"name\":\"Maristes - Marist Europe\",\"isPartOf\":{\"@id\":\"https:\\\/\\\/maristeurope.eu\\\/fr\\\/#website\"},\"datePublished\":\"2024-11-19T12:13:55+00:00\",\"dateModified\":\"2026-05-07T06:28:58+00:00\",\"breadcrumb\":{\"@id\":\"https:\\\/\\\/maristeurope.eu\\\/fr\\\/#breadcrumb\"},\"inLanguage\":\"fr-FR\",\"potentialAction\":[{\"@type\":\"ReadAction\",\"target\":[\"https:\\\/\\\/maristeurope.eu\\\/fr\\\/\"]}]},{\"@type\":\"BreadcrumbList\",\"@id\":\"https:\\\/\\\/maristeurope.eu\\\/fr\\\/#breadcrumb\",\"itemListElement\":[{\"@type\":\"ListItem\",\"position\":1,\"name\":\"Home\",\"item\":\"https:\\\/\\\/maristeurope.eu\\\/fr\\\/\"},{\"@type\":\"ListItem\",\"position\":2,\"name\":\"Maristes\"}]},{\"@type\":\"WebSite\",\"@id\":\"https:\\\/\\\/maristeurope.eu\\\/fr\\\/#website\",\"url\":\"https:\\\/\\\/maristeurope.eu\\\/fr\\\/\",\"name\":\"Marist Europe\",\"description\":\"\",\"publisher\":{\"@id\":\"https:\\\/\\\/maristeurope.eu\\\/fr\\\/#organization\"},\"potentialAction\":[{\"@type\":\"SearchAction\",\"target\":{\"@type\":\"EntryPoint\",\"urlTemplate\":\"https:\\\/\\\/maristeurope.eu\\\/fr\\\/?s={search_term_string}\"},\"query-input\":{\"@type\":\"PropertyValueSpecification\",\"valueRequired\":true,\"valueName\":\"search_term_string\"}}],\"inLanguage\":\"fr-FR\"},{\"@type\":\"Organization\",\"@id\":\"https:\\\/\\\/maristeurope.eu\\\/fr\\\/#organization\",\"name\":\"Marist Europe\",\"url\":\"https:\\\/\\\/maristeurope.eu\\\/fr\\\/\",\"logo\":{\"@type\":\"ImageObject\",\"inLanguage\":\"fr-FR\",\"@id\":\"https:\\\/\\\/maristeurope.eu\\\/fr\\\/#\\\/schema\\\/logo\\\/image\\\/\",\"url\":\"https:\\\/\\\/maristeurope.eu\\\/wp-content\\\/uploads\\\/2024\\\/10\\\/EU-SM-Finalogo-02.png\",\"contentUrl\":\"https:\\\/\\\/maristeurope.eu\\\/wp-content\\\/uploads\\\/2024\\\/10\\\/EU-SM-Finalogo-02.png\",\"width\":150,\"height\":156,\"caption\":\"Marist Europe\"},\"image\":{\"@id\":\"https:\\\/\\\/maristeurope.eu\\\/fr\\\/#\\\/schema\\\/logo\\\/image\\\/\"}}]}<\/script>\n<!-- \/ Yoast SEO plugin. -->","yoast_head_json":{"title":"Maristes - Marist Europe","robots":{"index":"index","follow":"follow","max-snippet":"max-snippet:-1","max-image-preview":"max-image-preview:large","max-video-preview":"max-video-preview:-1"},"canonical":"https:\/\/maristeurope.eu\/fr\/","og_locale":"fr_FR","og_type":"article","og_title":"Maristes - Marist Europe","og_url":"https:\/\/maristeurope.eu\/fr\/","og_site_name":"Marist Europe","article_modified_time":"2026-05-07T06:28:58+00:00","twitter_card":"summary_large_image","schema":{"@context":"https:\/\/schema.org","@graph":[{"@type":"WebPage","@id":"https:\/\/maristeurope.eu\/fr\/","url":"https:\/\/maristeurope.eu\/fr\/","name":"Maristes - Marist Europe","isPartOf":{"@id":"https:\/\/maristeurope.eu\/fr\/#website"},"datePublished":"2024-11-19T12:13:55+00:00","dateModified":"2026-05-07T06:28:58+00:00","breadcrumb":{"@id":"https:\/\/maristeurope.eu\/fr\/#breadcrumb"},"inLanguage":"fr-FR","potentialAction":[{"@type":"ReadAction","target":["https:\/\/maristeurope.eu\/fr\/"]}]},{"@type":"BreadcrumbList","@id":"https:\/\/maristeurope.eu\/fr\/#breadcrumb","itemListElement":[{"@type":"ListItem","position":1,"name":"Home","item":"https:\/\/maristeurope.eu\/fr\/"},{"@type":"ListItem","position":2,"name":"Maristes"}]},{"@type":"WebSite","@id":"https:\/\/maristeurope.eu\/fr\/#website","url":"https:\/\/maristeurope.eu\/fr\/","name":"Marist Europe","description":"","publisher":{"@id":"https:\/\/maristeurope.eu\/fr\/#organization"},"potentialAction":[{"@type":"SearchAction","target":{"@type":"EntryPoint","urlTemplate":"https:\/\/maristeurope.eu\/fr\/?s={search_term_string}"},"query-input":{"@type":"PropertyValueSpecification","valueRequired":true,"valueName":"search_term_string"}}],"inLanguage":"fr-FR"},{"@type":"Organization","@id":"https:\/\/maristeurope.eu\/fr\/#organization","name":"Marist Europe","url":"https:\/\/maristeurope.eu\/fr\/","logo":{"@type":"ImageObject","inLanguage":"fr-FR","@id":"https:\/\/maristeurope.eu\/fr\/#\/schema\/logo\/image\/","url":"https:\/\/maristeurope.eu\/wp-content\/uploads\/2024\/10\/EU-SM-Finalogo-02.png","contentUrl":"https:\/\/maristeurope.eu\/wp-content\/uploads\/2024\/10\/EU-SM-Finalogo-02.png","width":150,"height":156,"caption":"Marist Europe"},"image":{"@id":"https:\/\/maristeurope.eu\/fr\/#\/schema\/logo\/image\/"}}]}},"_links":{"self":[{"href":"https:\/\/maristeurope.eu\/fr\/wp-json\/wp\/v2\/pages\/2836","targetHints":{"allow":["GET"]}}],"collection":[{"href":"https:\/\/maristeurope.eu\/fr\/wp-json\/wp\/v2\/pages"}],"about":[{"href":"https:\/\/maristeurope.eu\/fr\/wp-json\/wp\/v2\/types\/page"}],"author":[{"embeddable":true,"href":"https:\/\/maristeurope.eu\/fr\/wp-json\/wp\/v2\/users\/1"}],"replies":[{"embeddable":true,"href":"https:\/\/maristeurope.eu\/fr\/wp-json\/wp\/v2\/comments?post=2836"}],"version-history":[{"count":29,"href":"https:\/\/maristeurope.eu\/fr\/wp-json\/wp\/v2\/pages\/2836\/revisions"}],"predecessor-version":[{"id":10751,"href":"https:\/\/maristeurope.eu\/fr\/wp-json\/wp\/v2\/pages\/2836\/revisions\/10751"}],"wp:attachment":[{"href":"https:\/\/maristeurope.eu\/fr\/wp-json\/wp\/v2\/media?parent=2836"}],"curies":[{"name":"wp","href":"https:\/\/api.w.org\/{rel}","templated":true}]}}