{"id":2677,"date":"2024-12-17T14:20:17","date_gmt":"2024-12-17T13:20:17","guid":{"rendered":"https:\/\/marist.sjdigitaldemo.ovh\/communautes\/france\/"},"modified":"2026-05-07T08:34:33","modified_gmt":"2026-05-07T06:34:33","slug":"france","status":"publish","type":"page","link":"https:\/\/maristeurope.eu\/fr\/communautes\/france\/","title":{"rendered":"France"},"content":{"rendered":"\n<div class=\"et_pb_section_0 et_pb_section et_section_regular et_block_section section_has_divider et_pb_bottom_divider\"><div class=\"et_pb_row_0 et_pb_row et_pb_equal_columns et_block_row et_animated preset--module--divi-row--default\"><div class=\"et_pb_column_0 et_pb_column et_pb_column_4_4 et-last-child et_block_column et_pb_css_mix_blend_mode_passthrough\"><div class=\"et_pb_text_0 et_pb_text et_pb_bg_layout_light et_pb_module et_block_module\"><div class=\"et_pb_text_inner\"><h1>France<\/h1>\n<\/div><\/div><\/div><\/div><div class=\"et_pb_bottom_inside_divider et-no-transition\"><\/div><\/div><div class=\"et_pb_section_1 et_pb_section et_section_regular et_block_section\"><div class=\"et_pb_row_1 et_pb_row et_block_row preset--module--divi-row--default\"><div class=\"et_pb_column_1 et_pb_column et_pb_column_4_4 et-last-child et_block_column et_pb_css_mix_blend_mode_passthrough\"><div class=\"et_pb_code_0 et_pb_code et_pb_module\"><div class=\"et_pb_code_inner\"><div class=\"sjd-locations-grid\"><div class=\"sjd-location-card\">  <div class=\"sjd-card-column sjd-column-name\">      <h2>Lyon<\/h2>  <\/div>  <div class=\"sjd-card-column sjd-column-description\"><p>Une communaut\u00e9 de Maristes retrait\u00e9s \u00e0 Lyon, engag\u00e9s dans l'\u00e9ducation et le minist\u00e8re pastoral, y compris l'aum\u00f4nerie des aveugles.<\/p><\/div>  <div class=\"sjd-card-column sjd-column-contact\">      <h3>Contact<\/h3><p>12 rue Sala 69000 Lyon, France<\/p><p>+33 7451 62747<\/p><p><a href=\"mailto:accueil.lyon@maristeurope.eu\">accueil.lyon@maristeurope.eu<\/a><\/p>  <\/div><\/div><div class=\"sjd-location-card\">  <div class=\"sjd-card-column sjd-column-name\">      <h2>Toulon<\/h2>  <\/div>  <div class=\"sjd-card-column sjd-column-description\"><p>Bas\u00e9e au c\u0153ur de Toulon, la mission se compose de quatre domaines distincts, mais li\u00e9s entre eux (trois \u00e9coles, une communaut\u00e9 de pri\u00e8re dynamique, un centre offrant une s\u00e9rie d'ateliers, de conf\u00e9rences et d'\u00e9v\u00e9nements dans les domaines de la spiritualit\u00e9, de la th\u00e9ologie, de la culture et des questions sociales, ainsi que diverses expressions et soutiens des la\u00efcs maristes). La communaut\u00e9 mariste est actuellement compos\u00e9e de 4 pr\u00eatres maristes et de diverses \u00e9quipes de la\u00efcs qui forment un monde apostolique unique et vari\u00e9. Le ton pastoral et l'approche qui guident la mission sont reconnus par l'\u00c9glise locale comme fid\u00e8les \u00e0 la synodalit\u00e9 \u00e9pous\u00e9e par le Pape Fran\u00e7ois. En raison de la pr\u00e9sence de longue date des p\u00e8res et s\u0153urs maristes \u00e0 Toulon (170 ans) et de leur implication dans la mission plus large de l'\u00c9glise locale, \" Mariste \" est un nom familier \u00e0 Toulon, et est connu et respect\u00e9 pour sa contribution distincte et diff\u00e9rente dans la culture catholique du dioc\u00e8se.   \n<ul>\n \t<li>L'\u00e9quipe de pr\u00eatres assure le soutien et l'<strong>accompagnement des 3 coll\u00e8ges maristes<\/strong> (la Seyne, le Cours Fenelon et la Cordeille - environ 5 000 \u00e9l\u00e8ves inscrits), en lien avec les \u00e9quipes de direction et de pastorale, et les \u00e9l\u00e8ves. Contact : P\u00e8re Bernard Thomasset T. +33 6 61 22 44 46 <\/li>\n \t<li>La <strong>communaut\u00e9 de la chapelle<\/strong> se compose de 150 \u00e0 200 fid\u00e8les qui se r\u00e9unissent r\u00e9guli\u00e8rement pour la messe dominicale, disposent de leur propre conseil de coordination, d'\u00e9quipes liturgiques, de b\u00e9n\u00e9voles \u00e0 l'accueil et entretiennent des liens actifs avec les agences dioc\u00e9saines, le temple protestant local et d'autres communaut\u00e9s de foi. Eucharistie dominicale : 10 heures ; eucharistie hebdomadaire : 12h10, du lundi au vendredi ; pr\u00eatres disponibles pour l'accompagnement et le sacrement de r\u00e9conciliation. R\u00e9ception : + 33 4 94 71 5 89 ; P\u00e8re Constant Amoussouga (pr\u00eatre accompagnateur) : +33 6 99 33 67 00 ; St\u00e9phane Bonjour (coordinateur du conseil pastoral) +33 6 18 75 39 92<\/li>\n \t<li>Le <strong>centre culturel et spirituel mariste<\/strong> propose un riche programme d'\u00e9v\u00e9nements, d'ateliers, de conf\u00e9rences et de d\u00e9bats sur des questions th\u00e9ologiques, bibliques, spirituelles, interreligieuses, \u0153cum\u00e9niques, culturelles et soci\u00e9tales. <a href=\"http:\/\/www.centremariste.fr\">centremariste.fr<\/a> T : +33 6 44 87 30 70.\nPr\u00eatre accompagnateur : P\u00e8re Paul Walsh : +33 6 41 10 74 91<\/li>\n \t<li>Un certain nombre de <strong>groupes de la\u00efcs<\/strong> se r\u00e9unissent r\u00e9guli\u00e8rement pour partager et approfondir leur exp\u00e9rience <strong>mariste<\/strong>. Chacune des trois \u00e9coles et le centre mariste proposent des programmes annuels de formation mariste. Contactez Martine Putzka, d\u00e9l\u00e9gu\u00e9e locale des la\u00efcs maristes : Martine Putzka, d\u00e9l\u00e9gu\u00e9e locale des la\u00efcs maristes T. +33 6 60 58 11 00 <\/li>\n<\/ul><\/p><\/div>  <div class=\"sjd-card-column sjd-column-contact\">      <h3>Contact<\/h3><p>22 rue Victor Clappier, 83000 Toulon, France<\/p><p>+33 4 94 71 5 89<\/p>  <\/div><\/div><div class=\"sjd-location-card\">  <div class=\"sjd-card-column sjd-column-name\">      <h2>Paris<\/h2>  <\/div>  <div class=\"sjd-card-column sjd-column-description\"><p>La mission de la communaut\u00e9 est d'offrir l'hospitalit\u00e9 aux Maristes, et elle abrite les bureaux provinciaux et l'administration de la vie mariste en France. Il y a 40 ans, nous avons cr\u00e9\u00e9 le \" Forum 104 \", centre culturel et spirituel de rencontres et de dialogue. Il est g\u00e9r\u00e9 par une association de la\u00efcs avec l'aide des Assomptionnistes et permet de tisser des liens entre des personnes de mondes, d'horizons et de communaut\u00e9s diff\u00e9rents.  <\/p><\/div>  <div class=\"sjd-card-column sjd-column-contact\">      <h3>Contact<\/h3><p>Marist Community, 104 rue de Vaugirard, 75006 Paris, France<\/p><p>+33 1801 80962<\/p><p><a href=\"mailto:accueil.maristesparis@maristeurope.eu\">accueil.maristesparis@maristeurope.eu<\/a><\/p>  <\/div><\/div><div class=\"sjd-location-card\">  <div class=\"sjd-card-column sjd-column-name\">      <h2>La Neyli\u00e8re<\/h2>  <\/div>  <div class=\"sjd-card-column sjd-column-description\"><p>Notre maison d'h\u00f4tes mariste o\u00f9 notre fondateur, le P\u00e8re Colin, a v\u00e9cu pr\u00e8s de Lyon depuis 1854, et accueille aujourd'hui des personnes en qu\u00eate d'inspiration dans leur vie.<\/p><\/div>  <div class=\"sjd-card-column sjd-column-contact\">      <h3>Contact<\/h3><p>Notre Dame de la Neyli\u00e8re, 828 Route de la Neyli\u00e8re 69590 Pomeys, France<\/p><p>+33 4 78484033<\/p><p><a href=\"https:\/\/www.neyliere.fr\" target=\"_blank\">Visit Website<\/a><\/p><p><a href=\"mailto:accueil@neyliere.fr\">accueil@neyliere.fr<\/a><\/p>  <\/div><\/div><\/div><\/div><\/div><\/div><\/div><\/div>\n","protected":false},"excerpt":{"rendered":"","protected":false},"author":1,"featured_media":1657,"parent":2262,"menu_order":0,"comment_status":"closed","ping_status":"closed","template":"","meta":{"footnotes":""},"class_list":["post-2677","page","type-page","status-publish","has-post-thumbnail","hentry"],"yoast_head":"<!-- This site is optimized with the Yoast SEO plugin v27.5 - https:\/\/yoast.com\/product\/yoast-seo-wordpress\/ -->\n<title>France - Marist Europe<\/title>\n<meta name=\"robots\" content=\"index, follow, max-snippet:-1, max-image-preview:large, max-video-preview:-1\" \/>\n<link rel=\"canonical\" href=\"https:\/\/maristeurope.eu\/fr\/communautes\/france\/\" \/>\n<meta property=\"og:locale\" content=\"fr_FR\" \/>\n<meta property=\"og:type\" content=\"article\" \/>\n<meta property=\"og:title\" content=\"France - Marist Europe\" \/>\n<meta property=\"og:url\" content=\"https:\/\/maristeurope.eu\/fr\/communautes\/france\/\" \/>\n<meta property=\"og:site_name\" content=\"Marist Europe\" \/>\n<meta property=\"article:modified_time\" content=\"2026-05-07T06:34:33+00:00\" \/>\n<meta property=\"og:image\" content=\"https:\/\/maristeurope.eu\/wp-content\/uploads\/2024\/11\/arc-de-triomphe-5432392_1280-en-tamano-grande.jpeg\" \/>\n\t<meta property=\"og:image:width\" content=\"1280\" \/>\n\t<meta property=\"og:image:height\" content=\"853\" \/>\n\t<meta property=\"og:image:type\" content=\"image\/jpeg\" \/>\n<meta name=\"twitter:card\" content=\"summary_large_image\" \/>\n<script type=\"application\/ld+json\" class=\"yoast-schema-graph\">{\"@context\":\"https:\\\/\\\/schema.org\",\"@graph\":[{\"@type\":\"WebPage\",\"@id\":\"https:\\\/\\\/maristeurope.eu\\\/fr\\\/communautes\\\/france\\\/\",\"url\":\"https:\\\/\\\/maristeurope.eu\\\/fr\\\/communautes\\\/france\\\/\",\"name\":\"France - Marist Europe\",\"isPartOf\":{\"@id\":\"https:\\\/\\\/maristeurope.eu\\\/fr\\\/#website\"},\"primaryImageOfPage\":{\"@id\":\"https:\\\/\\\/maristeurope.eu\\\/fr\\\/communautes\\\/france\\\/#primaryimage\"},\"image\":{\"@id\":\"https:\\\/\\\/maristeurope.eu\\\/fr\\\/communautes\\\/france\\\/#primaryimage\"},\"thumbnailUrl\":\"https:\\\/\\\/maristeurope.eu\\\/wp-content\\\/uploads\\\/2024\\\/11\\\/arc-de-triomphe-5432392_1280-en-tamano-grande.jpeg\",\"datePublished\":\"2024-12-17T13:20:17+00:00\",\"dateModified\":\"2026-05-07T06:34:33+00:00\",\"breadcrumb\":{\"@id\":\"https:\\\/\\\/maristeurope.eu\\\/fr\\\/communautes\\\/france\\\/#breadcrumb\"},\"inLanguage\":\"fr-FR\",\"potentialAction\":[{\"@type\":\"ReadAction\",\"target\":[\"https:\\\/\\\/maristeurope.eu\\\/fr\\\/communautes\\\/france\\\/\"]}]},{\"@type\":\"ImageObject\",\"inLanguage\":\"fr-FR\",\"@id\":\"https:\\\/\\\/maristeurope.eu\\\/fr\\\/communautes\\\/france\\\/#primaryimage\",\"url\":\"https:\\\/\\\/maristeurope.eu\\\/wp-content\\\/uploads\\\/2024\\\/11\\\/arc-de-triomphe-5432392_1280-en-tamano-grande.jpeg\",\"contentUrl\":\"https:\\\/\\\/maristeurope.eu\\\/wp-content\\\/uploads\\\/2024\\\/11\\\/arc-de-triomphe-5432392_1280-en-tamano-grande.jpeg\",\"width\":1280,\"height\":853},{\"@type\":\"BreadcrumbList\",\"@id\":\"https:\\\/\\\/maristeurope.eu\\\/fr\\\/communautes\\\/france\\\/#breadcrumb\",\"itemListElement\":[{\"@type\":\"ListItem\",\"position\":1,\"name\":\"Home\",\"item\":\"https:\\\/\\\/maristeurope.eu\\\/fr\\\/\"},{\"@type\":\"ListItem\",\"position\":2,\"name\":\"Communaut\u00e9s\",\"item\":\"https:\\\/\\\/maristeurope.eu\\\/fr\\\/communautes\\\/\"},{\"@type\":\"ListItem\",\"position\":3,\"name\":\"France\"}]},{\"@type\":\"WebSite\",\"@id\":\"https:\\\/\\\/maristeurope.eu\\\/fr\\\/#website\",\"url\":\"https:\\\/\\\/maristeurope.eu\\\/fr\\\/\",\"name\":\"Marist Europe\",\"description\":\"\",\"publisher\":{\"@id\":\"https:\\\/\\\/maristeurope.eu\\\/fr\\\/#organization\"},\"potentialAction\":[{\"@type\":\"SearchAction\",\"target\":{\"@type\":\"EntryPoint\",\"urlTemplate\":\"https:\\\/\\\/maristeurope.eu\\\/fr\\\/?s={search_term_string}\"},\"query-input\":{\"@type\":\"PropertyValueSpecification\",\"valueRequired\":true,\"valueName\":\"search_term_string\"}}],\"inLanguage\":\"fr-FR\"},{\"@type\":\"Organization\",\"@id\":\"https:\\\/\\\/maristeurope.eu\\\/fr\\\/#organization\",\"name\":\"Marist Europe\",\"url\":\"https:\\\/\\\/maristeurope.eu\\\/fr\\\/\",\"logo\":{\"@type\":\"ImageObject\",\"inLanguage\":\"fr-FR\",\"@id\":\"https:\\\/\\\/maristeurope.eu\\\/fr\\\/#\\\/schema\\\/logo\\\/image\\\/\",\"url\":\"https:\\\/\\\/maristeurope.eu\\\/wp-content\\\/uploads\\\/2024\\\/10\\\/EU-SM-Finalogo-02.png\",\"contentUrl\":\"https:\\\/\\\/maristeurope.eu\\\/wp-content\\\/uploads\\\/2024\\\/10\\\/EU-SM-Finalogo-02.png\",\"width\":150,\"height\":156,\"caption\":\"Marist Europe\"},\"image\":{\"@id\":\"https:\\\/\\\/maristeurope.eu\\\/fr\\\/#\\\/schema\\\/logo\\\/image\\\/\"}}]}<\/script>\n<!-- \/ Yoast SEO plugin. -->","yoast_head_json":{"title":"France - Marist Europe","robots":{"index":"index","follow":"follow","max-snippet":"max-snippet:-1","max-image-preview":"max-image-preview:large","max-video-preview":"max-video-preview:-1"},"canonical":"https:\/\/maristeurope.eu\/fr\/communautes\/france\/","og_locale":"fr_FR","og_type":"article","og_title":"France - Marist Europe","og_url":"https:\/\/maristeurope.eu\/fr\/communautes\/france\/","og_site_name":"Marist Europe","article_modified_time":"2026-05-07T06:34:33+00:00","og_image":[{"width":1280,"height":853,"url":"https:\/\/maristeurope.eu\/wp-content\/uploads\/2024\/11\/arc-de-triomphe-5432392_1280-en-tamano-grande.jpeg","type":"image\/jpeg"}],"twitter_card":"summary_large_image","schema":{"@context":"https:\/\/schema.org","@graph":[{"@type":"WebPage","@id":"https:\/\/maristeurope.eu\/fr\/communautes\/france\/","url":"https:\/\/maristeurope.eu\/fr\/communautes\/france\/","name":"France - Marist Europe","isPartOf":{"@id":"https:\/\/maristeurope.eu\/fr\/#website"},"primaryImageOfPage":{"@id":"https:\/\/maristeurope.eu\/fr\/communautes\/france\/#primaryimage"},"image":{"@id":"https:\/\/maristeurope.eu\/fr\/communautes\/france\/#primaryimage"},"thumbnailUrl":"https:\/\/maristeurope.eu\/wp-content\/uploads\/2024\/11\/arc-de-triomphe-5432392_1280-en-tamano-grande.jpeg","datePublished":"2024-12-17T13:20:17+00:00","dateModified":"2026-05-07T06:34:33+00:00","breadcrumb":{"@id":"https:\/\/maristeurope.eu\/fr\/communautes\/france\/#breadcrumb"},"inLanguage":"fr-FR","potentialAction":[{"@type":"ReadAction","target":["https:\/\/maristeurope.eu\/fr\/communautes\/france\/"]}]},{"@type":"ImageObject","inLanguage":"fr-FR","@id":"https:\/\/maristeurope.eu\/fr\/communautes\/france\/#primaryimage","url":"https:\/\/maristeurope.eu\/wp-content\/uploads\/2024\/11\/arc-de-triomphe-5432392_1280-en-tamano-grande.jpeg","contentUrl":"https:\/\/maristeurope.eu\/wp-content\/uploads\/2024\/11\/arc-de-triomphe-5432392_1280-en-tamano-grande.jpeg","width":1280,"height":853},{"@type":"BreadcrumbList","@id":"https:\/\/maristeurope.eu\/fr\/communautes\/france\/#breadcrumb","itemListElement":[{"@type":"ListItem","position":1,"name":"Home","item":"https:\/\/maristeurope.eu\/fr\/"},{"@type":"ListItem","position":2,"name":"Communaut\u00e9s","item":"https:\/\/maristeurope.eu\/fr\/communautes\/"},{"@type":"ListItem","position":3,"name":"France"}]},{"@type":"WebSite","@id":"https:\/\/maristeurope.eu\/fr\/#website","url":"https:\/\/maristeurope.eu\/fr\/","name":"Marist Europe","description":"","publisher":{"@id":"https:\/\/maristeurope.eu\/fr\/#organization"},"potentialAction":[{"@type":"SearchAction","target":{"@type":"EntryPoint","urlTemplate":"https:\/\/maristeurope.eu\/fr\/?s={search_term_string}"},"query-input":{"@type":"PropertyValueSpecification","valueRequired":true,"valueName":"search_term_string"}}],"inLanguage":"fr-FR"},{"@type":"Organization","@id":"https:\/\/maristeurope.eu\/fr\/#organization","name":"Marist Europe","url":"https:\/\/maristeurope.eu\/fr\/","logo":{"@type":"ImageObject","inLanguage":"fr-FR","@id":"https:\/\/maristeurope.eu\/fr\/#\/schema\/logo\/image\/","url":"https:\/\/maristeurope.eu\/wp-content\/uploads\/2024\/10\/EU-SM-Finalogo-02.png","contentUrl":"https:\/\/maristeurope.eu\/wp-content\/uploads\/2024\/10\/EU-SM-Finalogo-02.png","width":150,"height":156,"caption":"Marist Europe"},"image":{"@id":"https:\/\/maristeurope.eu\/fr\/#\/schema\/logo\/image\/"}}]}},"_links":{"self":[{"href":"https:\/\/maristeurope.eu\/fr\/wp-json\/wp\/v2\/pages\/2677","targetHints":{"allow":["GET"]}}],"collection":[{"href":"https:\/\/maristeurope.eu\/fr\/wp-json\/wp\/v2\/pages"}],"about":[{"href":"https:\/\/maristeurope.eu\/fr\/wp-json\/wp\/v2\/types\/page"}],"author":[{"embeddable":true,"href":"https:\/\/maristeurope.eu\/fr\/wp-json\/wp\/v2\/users\/1"}],"replies":[{"embeddable":true,"href":"https:\/\/maristeurope.eu\/fr\/wp-json\/wp\/v2\/comments?post=2677"}],"version-history":[{"count":10,"href":"https:\/\/maristeurope.eu\/fr\/wp-json\/wp\/v2\/pages\/2677\/revisions"}],"predecessor-version":[{"id":10816,"href":"https:\/\/maristeurope.eu\/fr\/wp-json\/wp\/v2\/pages\/2677\/revisions\/10816"}],"up":[{"embeddable":true,"href":"https:\/\/maristeurope.eu\/fr\/wp-json\/wp\/v2\/pages\/2262"}],"wp:featuredmedia":[{"embeddable":true,"href":"https:\/\/maristeurope.eu\/fr\/wp-json\/wp\/v2\/media\/1657"}],"wp:attachment":[{"href":"https:\/\/maristeurope.eu\/fr\/wp-json\/wp\/v2\/media?parent=2677"}],"curies":[{"name":"wp","href":"https:\/\/api.w.org\/{rel}","templated":true}]}}