{"id":2590,"date":"2024-12-17T14:23:19","date_gmt":"2024-12-17T13:23:19","guid":{"rendered":"https:\/\/marist.sjdigitaldemo.ovh\/communautes\/angleterre\/"},"modified":"2026-05-07T08:34:47","modified_gmt":"2026-05-07T06:34:47","slug":"angleterre","status":"publish","type":"page","link":"https:\/\/maristeurope.eu\/fr\/communautes\/angleterre\/","title":{"rendered":"Angleterre"},"content":{"rendered":"\n<div class=\"et_pb_section_0 et_pb_section et_section_regular et_block_section section_has_divider et_pb_bottom_divider\"><div class=\"et_pb_row_0 et_pb_row et_pb_equal_columns et_block_row et_animated preset--module--divi-row--default\"><div class=\"et_pb_column_0 et_pb_column et_pb_column_4_4 et-last-child et_block_column et_pb_css_mix_blend_mode_passthrough\"><div class=\"et_pb_text_0 et_pb_text et_pb_bg_layout_light et_pb_module et_block_module\"><div class=\"et_pb_text_inner\"><h1>Angleterre<\/h1>\n<\/div><\/div><\/div><\/div><div class=\"et_pb_bottom_inside_divider et-no-transition\"><\/div><\/div><div class=\"et_pb_section_1 et_pb_section et_section_regular et_block_section\"><div class=\"et_pb_row_1 et_pb_row et_block_row preset--module--divi-row--default\"><div class=\"et_pb_column_1 et_pb_column et_pb_column_4_4 et-last-child et_block_column et_pb_css_mix_blend_mode_passthrough\"><div class=\"et_pb_code_0 et_pb_code et_pb_module\"><div class=\"et_pb_code_inner\"><div class=\"sjd-locations-grid\"><div class=\"sjd-location-card\">  <div class=\"sjd-card-column sjd-column-name\">      <h2>Walsingham-Wells<\/h2>  <\/div>  <div class=\"sjd-card-column sjd-column-description\"><p>La communaut\u00e9 est responsable de la pastorale d'une vaste paroisse rurale comprenant quatre \u00e9glises dans la r\u00e9gion c\u00f4ti\u00e8re du North Norfolk, centr\u00e9e sur le village de Walsingham. Nous cherchons \u00e0 promouvoir la vision de l'\u00c9glise de Vatican II et son d\u00e9veloppement dans les initiatives du pape Fran\u00e7ois. <\/p><\/div>  <div class=\"sjd-card-column sjd-column-contact\">      <h3>Contact<\/h3><p>Catholic Church of the Annunciation, Friday Market, Little Walsingham, NR22 6DB, UK<\/p><p>+44 1328 713044<\/p><p><a href=\"https:\/\/www.catholicparishofwalsingham.org\" target=\"_blank\">Visit Website<\/a><\/p><p><a href=\"mailto:annunciation22@gmail.com\">annunciation22@gmail.com<\/a><\/p>  <\/div><\/div><div class=\"sjd-location-card\">  <div class=\"sjd-card-column sjd-column-name\">      <h2>Hull<\/h2>  <\/div>  <div class=\"sjd-card-column sjd-column-description\"><p>Notre minist\u00e8re consiste \u00e0 contribuer \u00e0 la vie de l'\u00e9glise locale dans l'esprit de Marie. Nous le faisons en visitant les personnes \u00e2g\u00e9es et les personnes confin\u00e9es \u00e0 la maison, en participant \u00e0 des r\u00e9unions interconfessionnelles et \u00e0 des rencontres \u0153cum\u00e9niques. Nous effectuons un travail de suppl\u00e9ance dans les paroisses locales, nous offrons des journ\u00e9es de r\u00e9collection \u00e0 des groupes locaux et nous travaillons dans des centres d'accueil pour les r\u00e9fugi\u00e9s et les demandeurs d'asile. En tant que membre de la famille mariste, nous soutenons et encourageons les la\u00efcs maristes dans leur vocation.   <\/p><\/div>  <div class=\"sjd-card-column sjd-column-contact\">      <h3>Contact<\/h3><p>Marist Community, Newman House, 729 Beverley Road, Hull HU6 7ER, UK<\/p><p>+44 1482 856884<\/p>  <\/div><\/div><div class=\"sjd-location-card\">  <div class=\"sjd-card-column sjd-column-name\">      <h2>Londres - Notre Dame de France<\/h2>  <\/div>  <div class=\"sjd-card-column sjd-column-description\"><p>L'\u00e9glise catholique francophone et l'aum\u00f4nerie du centre ville de Londres, confi\u00e9e \u00e0 la pastorale des communaut\u00e9s maristes depuis 1865. Notre mission mariste est de former une communaut\u00e9 de fid\u00e8les qui s'engage \u00e0 \u00e9vang\u00e9liser en paroles et en actes. Cela implique le soin pastoral de la communaut\u00e9 francophone, le soutien aux r\u00e9fugi\u00e9s et aux demandeurs d'asile, et la prise en charge d'autres personnes dans le West End de Londres, en particulier celles qui connaissent des difficult\u00e9s.  \n\nLe <strong>service de sandwichs <\/strong>accueille les sans-abri et les autres personnes dans le besoin le samedi avec des sandwichs, et peut-\u00eatre plus important encore, l'occasion de discuter et de se d\u00e9tendre pendant quelques heures.\n\nLe <strong>Centre Notre Dame pour les r\u00e9fugi\u00e9s<\/strong><a href=\"http:\/\/www.notredamerc.org.uk\">(www.notredamerc.org.uk<\/a>) accueille les demandeurs d'asile et les r\u00e9fugi\u00e9s dans un centre d'accueil pour un soutien g\u00e9n\u00e9ral, un espace de socialisation, des conseils en mati\u00e8re d'immigration et de logement, des cours d'anglais et des v\u00eatements et articles de toilette gratuits.<\/p><\/div>  <div class=\"sjd-card-column sjd-column-contact\">      <h3>Contact<\/h3><p>5 Leicester Place, London WC2H 7BX, UK<\/p><p>+44 20 7437 9363<\/p><p><a href=\"https:\/\/www.ndfchurch.org\" target=\"_blank\">Visit Website<\/a><\/p><p><a href=\"mailto:info@ndfchurch.org\">info@ndfchurch.org<\/a><\/p>  <\/div><\/div><\/div><\/div><\/div><\/div><\/div><\/div>\n","protected":false},"excerpt":{"rendered":"","protected":false},"author":1,"featured_media":1652,"parent":2262,"menu_order":0,"comment_status":"closed","ping_status":"closed","template":"","meta":{"footnotes":""},"class_list":["post-2590","page","type-page","status-publish","has-post-thumbnail","hentry"],"yoast_head":"<!-- This site is optimized with the Yoast SEO plugin v27.5 - https:\/\/yoast.com\/product\/yoast-seo-wordpress\/ -->\n<title>Angleterre - Marist Europe<\/title>\n<meta name=\"robots\" content=\"index, follow, max-snippet:-1, max-image-preview:large, max-video-preview:-1\" \/>\n<link rel=\"canonical\" href=\"https:\/\/maristeurope.eu\/fr\/communautes\/angleterre\/\" \/>\n<meta property=\"og:locale\" content=\"fr_FR\" \/>\n<meta property=\"og:type\" content=\"article\" \/>\n<meta property=\"og:title\" content=\"Angleterre - Marist Europe\" \/>\n<meta property=\"og:url\" content=\"https:\/\/maristeurope.eu\/fr\/communautes\/angleterre\/\" \/>\n<meta property=\"og:site_name\" content=\"Marist Europe\" \/>\n<meta property=\"article:modified_time\" content=\"2026-05-07T06:34:47+00:00\" \/>\n<meta property=\"og:image\" content=\"https:\/\/maristeurope.eu\/wp-content\/uploads\/2024\/11\/bridge-8830231_1280-en-tamano-grande.jpeg\" \/>\n\t<meta property=\"og:image:width\" content=\"1280\" \/>\n\t<meta property=\"og:image:height\" content=\"853\" \/>\n\t<meta property=\"og:image:type\" content=\"image\/jpeg\" \/>\n<meta name=\"twitter:card\" content=\"summary_large_image\" \/>\n<script type=\"application\/ld+json\" class=\"yoast-schema-graph\">{\"@context\":\"https:\\\/\\\/schema.org\",\"@graph\":[{\"@type\":\"WebPage\",\"@id\":\"https:\\\/\\\/maristeurope.eu\\\/fr\\\/communautes\\\/angleterre\\\/\",\"url\":\"https:\\\/\\\/maristeurope.eu\\\/fr\\\/communautes\\\/angleterre\\\/\",\"name\":\"Angleterre - Marist Europe\",\"isPartOf\":{\"@id\":\"https:\\\/\\\/maristeurope.eu\\\/fr\\\/#website\"},\"primaryImageOfPage\":{\"@id\":\"https:\\\/\\\/maristeurope.eu\\\/fr\\\/communautes\\\/angleterre\\\/#primaryimage\"},\"image\":{\"@id\":\"https:\\\/\\\/maristeurope.eu\\\/fr\\\/communautes\\\/angleterre\\\/#primaryimage\"},\"thumbnailUrl\":\"https:\\\/\\\/maristeurope.eu\\\/wp-content\\\/uploads\\\/2024\\\/11\\\/bridge-8830231_1280-en-tamano-grande.jpeg\",\"datePublished\":\"2024-12-17T13:23:19+00:00\",\"dateModified\":\"2026-05-07T06:34:47+00:00\",\"breadcrumb\":{\"@id\":\"https:\\\/\\\/maristeurope.eu\\\/fr\\\/communautes\\\/angleterre\\\/#breadcrumb\"},\"inLanguage\":\"fr-FR\",\"potentialAction\":[{\"@type\":\"ReadAction\",\"target\":[\"https:\\\/\\\/maristeurope.eu\\\/fr\\\/communautes\\\/angleterre\\\/\"]}]},{\"@type\":\"ImageObject\",\"inLanguage\":\"fr-FR\",\"@id\":\"https:\\\/\\\/maristeurope.eu\\\/fr\\\/communautes\\\/angleterre\\\/#primaryimage\",\"url\":\"https:\\\/\\\/maristeurope.eu\\\/wp-content\\\/uploads\\\/2024\\\/11\\\/bridge-8830231_1280-en-tamano-grande.jpeg\",\"contentUrl\":\"https:\\\/\\\/maristeurope.eu\\\/wp-content\\\/uploads\\\/2024\\\/11\\\/bridge-8830231_1280-en-tamano-grande.jpeg\",\"width\":1280,\"height\":853},{\"@type\":\"BreadcrumbList\",\"@id\":\"https:\\\/\\\/maristeurope.eu\\\/fr\\\/communautes\\\/angleterre\\\/#breadcrumb\",\"itemListElement\":[{\"@type\":\"ListItem\",\"position\":1,\"name\":\"Home\",\"item\":\"https:\\\/\\\/maristeurope.eu\\\/fr\\\/\"},{\"@type\":\"ListItem\",\"position\":2,\"name\":\"Communaut\u00e9s\",\"item\":\"https:\\\/\\\/maristeurope.eu\\\/fr\\\/communautes\\\/\"},{\"@type\":\"ListItem\",\"position\":3,\"name\":\"Angleterre\"}]},{\"@type\":\"WebSite\",\"@id\":\"https:\\\/\\\/maristeurope.eu\\\/fr\\\/#website\",\"url\":\"https:\\\/\\\/maristeurope.eu\\\/fr\\\/\",\"name\":\"Marist Europe\",\"description\":\"\",\"publisher\":{\"@id\":\"https:\\\/\\\/maristeurope.eu\\\/fr\\\/#organization\"},\"potentialAction\":[{\"@type\":\"SearchAction\",\"target\":{\"@type\":\"EntryPoint\",\"urlTemplate\":\"https:\\\/\\\/maristeurope.eu\\\/fr\\\/?s={search_term_string}\"},\"query-input\":{\"@type\":\"PropertyValueSpecification\",\"valueRequired\":true,\"valueName\":\"search_term_string\"}}],\"inLanguage\":\"fr-FR\"},{\"@type\":\"Organization\",\"@id\":\"https:\\\/\\\/maristeurope.eu\\\/fr\\\/#organization\",\"name\":\"Marist Europe\",\"url\":\"https:\\\/\\\/maristeurope.eu\\\/fr\\\/\",\"logo\":{\"@type\":\"ImageObject\",\"inLanguage\":\"fr-FR\",\"@id\":\"https:\\\/\\\/maristeurope.eu\\\/fr\\\/#\\\/schema\\\/logo\\\/image\\\/\",\"url\":\"https:\\\/\\\/maristeurope.eu\\\/wp-content\\\/uploads\\\/2024\\\/10\\\/EU-SM-Finalogo-02.png\",\"contentUrl\":\"https:\\\/\\\/maristeurope.eu\\\/wp-content\\\/uploads\\\/2024\\\/10\\\/EU-SM-Finalogo-02.png\",\"width\":150,\"height\":156,\"caption\":\"Marist Europe\"},\"image\":{\"@id\":\"https:\\\/\\\/maristeurope.eu\\\/fr\\\/#\\\/schema\\\/logo\\\/image\\\/\"}}]}<\/script>\n<!-- \/ Yoast SEO plugin. -->","yoast_head_json":{"title":"Angleterre - Marist Europe","robots":{"index":"index","follow":"follow","max-snippet":"max-snippet:-1","max-image-preview":"max-image-preview:large","max-video-preview":"max-video-preview:-1"},"canonical":"https:\/\/maristeurope.eu\/fr\/communautes\/angleterre\/","og_locale":"fr_FR","og_type":"article","og_title":"Angleterre - Marist Europe","og_url":"https:\/\/maristeurope.eu\/fr\/communautes\/angleterre\/","og_site_name":"Marist Europe","article_modified_time":"2026-05-07T06:34:47+00:00","og_image":[{"width":1280,"height":853,"url":"https:\/\/maristeurope.eu\/wp-content\/uploads\/2024\/11\/bridge-8830231_1280-en-tamano-grande.jpeg","type":"image\/jpeg"}],"twitter_card":"summary_large_image","schema":{"@context":"https:\/\/schema.org","@graph":[{"@type":"WebPage","@id":"https:\/\/maristeurope.eu\/fr\/communautes\/angleterre\/","url":"https:\/\/maristeurope.eu\/fr\/communautes\/angleterre\/","name":"Angleterre - Marist Europe","isPartOf":{"@id":"https:\/\/maristeurope.eu\/fr\/#website"},"primaryImageOfPage":{"@id":"https:\/\/maristeurope.eu\/fr\/communautes\/angleterre\/#primaryimage"},"image":{"@id":"https:\/\/maristeurope.eu\/fr\/communautes\/angleterre\/#primaryimage"},"thumbnailUrl":"https:\/\/maristeurope.eu\/wp-content\/uploads\/2024\/11\/bridge-8830231_1280-en-tamano-grande.jpeg","datePublished":"2024-12-17T13:23:19+00:00","dateModified":"2026-05-07T06:34:47+00:00","breadcrumb":{"@id":"https:\/\/maristeurope.eu\/fr\/communautes\/angleterre\/#breadcrumb"},"inLanguage":"fr-FR","potentialAction":[{"@type":"ReadAction","target":["https:\/\/maristeurope.eu\/fr\/communautes\/angleterre\/"]}]},{"@type":"ImageObject","inLanguage":"fr-FR","@id":"https:\/\/maristeurope.eu\/fr\/communautes\/angleterre\/#primaryimage","url":"https:\/\/maristeurope.eu\/wp-content\/uploads\/2024\/11\/bridge-8830231_1280-en-tamano-grande.jpeg","contentUrl":"https:\/\/maristeurope.eu\/wp-content\/uploads\/2024\/11\/bridge-8830231_1280-en-tamano-grande.jpeg","width":1280,"height":853},{"@type":"BreadcrumbList","@id":"https:\/\/maristeurope.eu\/fr\/communautes\/angleterre\/#breadcrumb","itemListElement":[{"@type":"ListItem","position":1,"name":"Home","item":"https:\/\/maristeurope.eu\/fr\/"},{"@type":"ListItem","position":2,"name":"Communaut\u00e9s","item":"https:\/\/maristeurope.eu\/fr\/communautes\/"},{"@type":"ListItem","position":3,"name":"Angleterre"}]},{"@type":"WebSite","@id":"https:\/\/maristeurope.eu\/fr\/#website","url":"https:\/\/maristeurope.eu\/fr\/","name":"Marist Europe","description":"","publisher":{"@id":"https:\/\/maristeurope.eu\/fr\/#organization"},"potentialAction":[{"@type":"SearchAction","target":{"@type":"EntryPoint","urlTemplate":"https:\/\/maristeurope.eu\/fr\/?s={search_term_string}"},"query-input":{"@type":"PropertyValueSpecification","valueRequired":true,"valueName":"search_term_string"}}],"inLanguage":"fr-FR"},{"@type":"Organization","@id":"https:\/\/maristeurope.eu\/fr\/#organization","name":"Marist Europe","url":"https:\/\/maristeurope.eu\/fr\/","logo":{"@type":"ImageObject","inLanguage":"fr-FR","@id":"https:\/\/maristeurope.eu\/fr\/#\/schema\/logo\/image\/","url":"https:\/\/maristeurope.eu\/wp-content\/uploads\/2024\/10\/EU-SM-Finalogo-02.png","contentUrl":"https:\/\/maristeurope.eu\/wp-content\/uploads\/2024\/10\/EU-SM-Finalogo-02.png","width":150,"height":156,"caption":"Marist Europe"},"image":{"@id":"https:\/\/maristeurope.eu\/fr\/#\/schema\/logo\/image\/"}}]}},"_links":{"self":[{"href":"https:\/\/maristeurope.eu\/fr\/wp-json\/wp\/v2\/pages\/2590","targetHints":{"allow":["GET"]}}],"collection":[{"href":"https:\/\/maristeurope.eu\/fr\/wp-json\/wp\/v2\/pages"}],"about":[{"href":"https:\/\/maristeurope.eu\/fr\/wp-json\/wp\/v2\/types\/page"}],"author":[{"embeddable":true,"href":"https:\/\/maristeurope.eu\/fr\/wp-json\/wp\/v2\/users\/1"}],"replies":[{"embeddable":true,"href":"https:\/\/maristeurope.eu\/fr\/wp-json\/wp\/v2\/comments?post=2590"}],"version-history":[{"count":8,"href":"https:\/\/maristeurope.eu\/fr\/wp-json\/wp\/v2\/pages\/2590\/revisions"}],"predecessor-version":[{"id":10842,"href":"https:\/\/maristeurope.eu\/fr\/wp-json\/wp\/v2\/pages\/2590\/revisions\/10842"}],"up":[{"embeddable":true,"href":"https:\/\/maristeurope.eu\/fr\/wp-json\/wp\/v2\/pages\/2262"}],"wp:featuredmedia":[{"embeddable":true,"href":"https:\/\/maristeurope.eu\/fr\/wp-json\/wp\/v2\/media\/1652"}],"wp:attachment":[{"href":"https:\/\/maristeurope.eu\/fr\/wp-json\/wp\/v2\/media?parent=2590"}],"curies":[{"name":"wp","href":"https:\/\/api.w.org\/{rel}","templated":true}]}}