{"id":2501,"date":"2024-12-17T14:28:21","date_gmt":"2024-12-17T14:28:21","guid":{"rendered":"https:\/\/marist.sjdigitaldemo.ovh\/communautes\/espagne\/"},"modified":"2025-02-12T08:48:17","modified_gmt":"2025-02-12T08:48:17","slug":"espagne","status":"publish","type":"page","link":"https:\/\/maristeurope.eu\/fr\/communautes\/espagne\/","title":{"rendered":"Espagne"},"content":{"rendered":"<p>[et_pb_section fb_built=\"1&Prime; _builder_version=\"4.27.4&Prime; _module_preset=\"default\" use_background_color_gradient=\"on\" background_color_gradient_stops=\"rgba(2,48,71,0.2) 0%|rgba(2,48,71,0.4) 100%\" background_color_gradient_overlays_image=\"on\" background_image=\"https:\/\/maristeurope.eu\/wp-content\/uploads\/2024\/12\/istock_32842014_1578464420_231003103152_800x534.jpg\" background_enable_video_mp4=\"off\" custom_padding=\"16vw||4vw||false|false\" bottom_divider_style=\"ramp2&Prime; bottom_divider_color=\"#FFFAF2&Prime; bottom_divider_flip=\"horizontal\" hover_enabled=\"0&Prime; global_colors_info=\"{}\" title_text=\"Spectacular Cathedral of Leon. %22Santa Mar\u00eda de Regla de Le\u00f3n%22 Cathedral\" sticky_enabled=\"0&Prime;][et_pb_row make_equal=\"on\" _builder_version=\"4.27.2&Prime; _module_preset=\"default\" background_enable_color=\"off\" custom_padding=\"0px|40px|0px|40px|true|true\" animation_style=\"fade\" animation_duration=\"1500ms\" animation_delay=\"200ms\" global_colors_info=\"{}\"][et_pb_column type=\"4_4&Prime; _builder_version=\"4.27.2&Prime; _module_preset=\"default\" global_colors_info=\"{}\"][et_pb_text _builder_version=\"4.27.4&Prime; _module_preset=\"default\" header_font=\"|600||on|||||\" header_text_color=\"#FFFFFF\" header_font_size=\"4rem\" header_letter_spacing=\"4px\" header_2_text_color=\"#219EBC\" header_2_font_size=\"3.5rem\" custom_margin=\"20px||20px||true|false\" global_colors_info=\"{}\"]<\/p>\n<h1>Espagne<\/h1>\n<p>[\/et_pb_text][\/et_pb_column][\/et_pb_row][\/et_pb_section][et_pb_section fb_built=\"1&Prime; _builder_version=\"4.27.2&Prime; _module_preset=\"default\" background_color=\"#FFFAF2&Prime; background_image=\"https:\/\/maristeurope.eu\/wp-content\/uploads\/2024\/11\/Fondo-de-_DSC3323-copia-eliminado.png\" background_size=\"contain\" background_position=\"bottom_left\" background_blend=\"soft-light\" custom_padding=\"6vw||100px||false|false\" global_colors_info=\"{}\"][et_pb_row _builder_version=\"4.27.4&Prime; _module_preset=\"default\" global_colors_info=\"{}\"][et_pb_column type=\"4_4&Prime; _builder_version=\"4.27.4&Prime; _module_preset=\"default\" global_colors_info=\"{}\"][et_pb_code _builder_version=\"4.27.4&Prime; _module_preset=\"default\" global_colors_info=\"{}\"]<div class=\"sjd-locations-grid\"><div class=\"sjd-location-card\">  <div class=\"sjd-card-column sjd-column-name\">      <h2>Sahag\u00fan<\/h2>  <\/div>  <div class=\"sjd-card-column sjd-column-description\"><p>En 2018, nous nous sommes lanc\u00e9s dans un nouveau minist\u00e8re dans la province europ\u00e9enne : l'accueil chr\u00e9tien des p\u00e8lerins sur le Camino de Santiago. Nous avons choisi Sahag\u00fan, o\u00f9 nous avons lou\u00e9 l'ancienne maison d'accueil d'un monast\u00e8re b\u00e9n\u00e9dictin datant du XVIe si\u00e8cle. Nous sommes une communaut\u00e9 mariste internationale et faisons partie des communaut\u00e9s <em>Omnes Gentes<\/em> de la Soci\u00e9t\u00e9 de Marie. Nous invitons les religieux et les la\u00efcs \u00e0 venir partager notre mission pendant un certain temps en tant que volontaires.   <\/p><\/div>  <div class=\"sjd-card-column sjd-column-contact\">      <h3>Contact<\/h3><p>Padres Maristas, Calle Do\u00f1a Constanza 9, 24320 Sahag\u00fan, Spain<\/p><p>+34 987 780 851<\/p><p><a href=\"https:\/\/www.alberguesensahagun.es\" target=\"_blank\">Visit Website<\/a><\/p><p><a href=\"mailto:alberguesantacruzsahagun@gmail.com\">alberguesantacruzsahagun@gmail.com<\/a><\/p>  <\/div><\/div><div class=\"sjd-location-card\">  <div class=\"sjd-card-column sjd-column-name\">      <h2>Madrid<\/h2>  <\/div>  <div class=\"sjd-card-column sjd-column-description\"><p>Nous sommes \u00e0 Madrid depuis 1924. La guerre civile de 1936 a mis fin \u00e0 l'\u00e9cole qui venait de commencer. Notre mission est d'offrir l'hospitalit\u00e9 aux Maristes et d'h\u00e9berger les bureaux administratifs en Espagne. Nous sommes engag\u00e9s dans divers autres minist\u00e8res selon notre \u00e2ge et notre charisme.   <\/p><\/div>  <div class=\"sjd-card-column sjd-column-contact\">      <h3>Contact<\/h3><p>Padres Maristas, Calle Olivos 10, 28003 Madrid, Spain<\/p><p>+34 91 533 96 22<\/p><p><a href=\"mailto:padresmaristas.esp@gmail.com\">padresmaristas.esp@gmail.com<\/a><\/p>  <\/div><\/div><div class=\"sjd-location-card\">  <div class=\"sjd-card-column sjd-column-name\">      <h2>Le\u00f3n Casa Sacerdotal<\/h2>  <\/div>  <div class=\"sjd-card-column sjd-column-description\"><p>Depuis 2017, nous vivons avec des pr\u00eatres dioc\u00e9sains actifs et retrait\u00e9s dans la R\u00e9sidence des pr\u00eatres du dioc\u00e8se de Le\u00f3n. La communaut\u00e9 comprend des maristes \u00e0 la retraite, et certains assurent encore des services pastoraux dans le dioc\u00e8se, y compris le travail avec les communaut\u00e9s de migrants. <\/p><\/div>  <div class=\"sjd-card-column sjd-column-contact\">      <h3>Contact<\/h3><p>Padres Maristas, Casa Sacerdotal, Calle Obispo Almarcha 22, 24006 Le\u00f3n, Spain<\/p><p>+34 987 258 050<\/p><p><a href=\"mailto:padresmaristasleon@gmail.com\">padresmaristasleon@gmail.com<\/a><\/p>  <\/div><\/div><\/div>[\/et_pb_code][\/et_pb_column][\/et_pb_row][\/et_pb_section][et_pb_section fb_built=\"1&Prime; _builder_version=\"4.27.4&Prime; _module_preset=\"default\" background_color=\"#FFFAF2&Prime; background_image=\"https:\/\/maristeurope.eu\/wp-content\/uploads\/2024\/11\/art-therapist-background-01-1.png\" background_enable_image=\"off\" background_size=\"contain\" background_position=\"center_right\" bottom_divider_color=\"#FFFAF2&Prime; global_module=\"467&Prime; saved_tabs=\"all\" global_colors_info=\"{}\"][et_pb_row column_structure=\"1_4,1_4,1_4,1_4&Prime; use_custom_gutter=\"on\" gutter_width=\"2&Prime; make_equal=\"on\" _builder_version=\"4.27.4&Prime; _module_preset=\"default\" global_colors_info=\"{}\"][et_pb_column type=\"1_4&Prime; _builder_version=\"4.27.4&Prime; _module_preset=\"default\" background_color=\"#023047&Prime; background_image=\"https:\/\/maristeurope.eu\/wp-content\/uploads\/2024\/11\/bridge-8830231_1280-en-tamano-grande.jpeg\" background_blend=\"soft-light\" custom_padding=\"80px|20px|80px|20px|true|true\" link_option_url=\"https:\/\/maristeurope.eu\/communities\/england\/\" border_radii=\"on|30px|30px|30px|30px\" global_colors_info=\"{}\" background__hover_enabled=\"on|hover\" background_blend__hover=\"screen\"][et_pb_text _builder_version=\"4.27.4&Prime; _module_preset=\"default\" text_font=\"|700||on|||||\" text_text_color=\"#FFFAF2&Prime; text_font_size=\"22px\" text_orientation=\"center\" global_colors_info=\"{}\"]<\/p>\n<p>Angleterre<\/p>\n<p>[\/et_pb_text][\/et_pb_column][et_pb_column type=\"1_4&Prime; _builder_version=\"4.27.4&Prime; _module_preset=\"default\" background_color=\"#023047&Prime; background_image=\"https:\/\/maristeurope.eu\/wp-content\/uploads\/2024\/12\/GettyImages-526473857-scaled.webp\" background_blend=\"soft-light\" custom_padding=\"80px|20px|80px|20px|true|true\" link_option_url=\"https:\/\/maristeurope.eu\/communities\/france\/\" border_radii=\"on|30px|30px|30px|30px\" global_colors_info=\"{}\" background__hover_enabled=\"on|hover\" background_blend__hover=\"screen\"][et_pb_text _builder_version=\"4.27.4&Prime; _module_preset=\"default\" text_font=\"|700||on|||||\" text_text_color=\"#FFFAF2&Prime; text_font_size=\"22px\" text_orientation=\"center\" global_colors_info=\"{}\"]<\/p>\n<p>France<\/p>\n<p>[\/et_pb_text][\/et_pb_column][et_pb_column type=\"1_4&Prime; _builder_version=\"4.27.4&Prime; _module_preset=\"default\" background_color=\"#023047&Prime; background_image=\"https:\/\/maristeurope.eu\/wp-content\/uploads\/2024\/11\/brandenburger-tor-461971_1280-en-tamano-grande.jpeg\" background_blend=\"soft-light\" custom_padding=\"80px|20px|80px|20px|true|true\" link_option_url=\"https:\/\/maristeurope.eu\/communities\/germany\/\" border_radii=\"on|30px|30px|30px|30px\" global_colors_info=\"{}\" background__hover_enabled=\"on|hover\" background_blend__hover=\"screen\"][et_pb_text _builder_version=\"4.27.4&Prime; _module_preset=\"default\" text_font=\"|700||on|||||\" text_text_color=\"#FFFAF2&Prime; text_font_size=\"22px\" text_orientation=\"center\" global_colors_info=\"{}\"]<\/p>\n<p>Allemagne<\/p>\n<p>[\/et_pb_text][\/et_pb_column][et_pb_column type=\"1_4&Prime; _builder_version=\"4.27.4&Prime; _module_preset=\"default\" background_color=\"#023047&Prime; background_image=\"https:\/\/maristeurope.eu\/wp-content\/uploads\/2024\/11\/temple-bar-2344400_1280-en-tamano-grande.jpeg\" background_blend=\"soft-light\" custom_padding=\"80px|20px|80px|20px|true|true\" link_option_url=\"https:\/\/maristeurope.eu\/fr\/communautes\/irlande\/\" border_radii=\"on|30px|30px|30px|30px\" global_colors_info=\"{}\" background__hover_enabled=\"on|hover\" background_blend__hover=\"screen\"][et_pb_text _builder_version=\"4.27.4&Prime; _module_preset=\"default\" text_font=\"|700||on|||||\" text_text_color=\"#FFFAF2&Prime; text_font_size=\"22px\" text_orientation=\"center\" global_colors_info=\"{}\"]<\/p>\n<p>Irlande<\/p>\n<p>[\/et_pb_text][\/et_pb_column][\/et_pb_row][et_pb_row column_structure=\"1_4,1_4,1_4,1_4&Prime; use_custom_gutter=\"on\" gutter_width=\"2&Prime; make_equal=\"on\" _builder_version=\"4.27.4&Prime; _module_preset=\"default\" global_colors_info=\"{}\"][et_pb_column type=\"1_4&Prime; _builder_version=\"4.27.4&Prime; _module_preset=\"default\" background_color=\"#023047&Prime; background_image=\"https:\/\/maristeurope.eu\/wp-content\/uploads\/2024\/12\/shutterstock_1218983827.webp\" background_blend=\"soft-light\" custom_padding=\"80px|20px|80px|20px|true|true\" link_option_url=\"https:\/\/maristeurope.eu\/communities\/italy\/\" border_radii=\"on|30px|30px|30px|30px\" global_colors_info=\"{}\" background__hover_enabled=\"on|hover\" background_blend__hover=\"screen\"][et_pb_text _builder_version=\"4.27.4&Prime; _module_preset=\"default\" text_font=\"|700||on|||||\" text_text_color=\"#FFFAF2&Prime; text_font_size=\"22px\" text_orientation=\"center\" global_colors_info=\"{}\"]<\/p>\n<p>Italie<\/p>\n<p>[\/et_pb_text][\/et_pb_column][et_pb_column type=\"1_4&Prime; _builder_version=\"4.27.4&Prime; _module_preset=\"default\" background_color=\"#023047&Prime; background_image=\"https:\/\/maristeurope.eu\/wp-content\/uploads\/2024\/11\/norway-2405634_1280-en-tamano-grande.jpeg\" background_blend=\"soft-light\" custom_padding=\"80px|20px|80px|20px|true|true\" link_option_url=\"https:\/\/maristeurope.eu\/fr\/communautes\/norvege\/\" border_radii=\"on|30px|30px|30px|30px\" global_colors_info=\"{}\" background__hover_enabled=\"on|hover\" background_blend__hover=\"screen\"][et_pb_text _builder_version=\"4.27.4&Prime; _module_preset=\"default\" text_font=\"|700||on|||||\" text_text_color=\"#FFFAF2&Prime; text_font_size=\"22px\" text_orientation=\"center\" global_colors_info=\"{}\"]<\/p>\n<p>Norv\u00e8ge<\/p>\n<p>[\/et_pb_text][\/et_pb_column][et_pb_column type=\"1_4&Prime; _builder_version=\"4.27.4&Prime; _module_preset=\"default\" background_color=\"#023047&Prime; background_image=\"https:\/\/maristeurope.eu\/wp-content\/uploads\/2024\/12\/istock_32842014_1578464420_231003103152_800x534.jpg\" background_blend=\"soft-light\" custom_padding=\"80px|20px|80px|20px|true|true\" link_option_url=\"https:\/\/maristeurope.eu\/fr\/communautes\/espagne\/\" border_radii=\"on|30px|30px|30px|30px\" global_colors_info=\"{}\" background__hover_enabled=\"on|hover\" background_blend__hover=\"screen\"][et_pb_text _builder_version=\"4.27.4&Prime; _module_preset=\"default\" text_font=\"|700||on|||||\" text_text_color=\"#FFFAF2&Prime; text_font_size=\"22px\" text_orientation=\"center\" global_colors_info=\"{}\"]<\/p>\n<p>Espagne<\/p>\n<p>[\/et_pb_text][\/et_pb_column][et_pb_column type=\"1_4&Prime; _builder_version=\"4.27.4&Prime; _module_preset=\"default\" background_color=\"#023047&Prime; background_image=\"https:\/\/maristeurope.eu\/wp-content\/uploads\/2024\/12\/hulst_3049_l.jpg\" background_blend=\"soft-light\" custom_padding=\"80px|20px|80px|20px|true|true\" link_option_url=\"\/communities\/the-netherland\/\" border_radii=\"on|30px|30px|30px|30px\" global_colors_info=\"{}\" background__hover_enabled=\"on|hover\" background_blend__hover=\"screen\"][et_pb_text _builder_version=\"4.27.4&Prime; _module_preset=\"default\" text_font=\"|700||on|||||\" text_text_color=\"#FFFAF2&Prime; text_font_size=\"22px\" text_orientation=\"center\" global_colors_info=\"{}\"]<\/p>\n<p>Les Pays-Bas<\/p>\n<p>[\/et_pb_text][\/et_pb_column][\/et_pb_row][\/et_pb_section]<\/p>\n","protected":false},"excerpt":{"rendered":"<p>[et_pb_section fb_built=\"1&Prime; _builder_version=\"4.27.4&Prime; _module_preset=\"default\" use_background_color_gradient=\"on\" background_color_gradient_stops=\"rgba(2,48,71,0.2) 0%|rgba(2,48,71,0.4) 100%\" background_color_gradient_overlays_image=\"on\" background_image=\"https:\/\/maristeurope.eu\/wp-content\/uploads\/2024\/12\/istock_32842014_1578464420_231003103152_800x534.jpg\" background_enable_video_mp4=\"off\" custom_padding=\"16vw||4vw||false|false\" bottom_divider_style=\"ramp2&Prime; bottom_divider_color=\"#FFFAF2&Prime; bottom_divider_flip=\"horizontal\" hover_enabled=\"0&Prime; global_colors_info=\"{}\" title_text=\"Spectacular Cathedral of Leon. %22Santa Mar\u00eda de Regla de Le\u00f3n%22 Cathedral\" sticky_enabled=\"0&Prime;][et_pb_row make_equal=\"on\" _builder_version=\"4.27.2&Prime; _module_preset=\"default\" background_enable_color=\"off\" custom_padding=\"0px|40px|0px|40px|true|true\" animation_style=\"fade\" animation_duration=\"1500ms\" animation_delay=\"200ms\" global_colors_info=\"{}\"][et_pb_column type=\"4_4&Prime; _builder_version=\"4.27.2&Prime; _module_preset=\"default\" global_colors_info=\"{}\"][et_pb_text _builder_version=\"4.27.4&Prime; _module_preset=\"default\" header_font=\"|600||on|||||\" header_text_color=\"#FFFFFF\" header_font_size=\"4rem\" header_letter_spacing=\"4px\" header_2_text_color=\"#219EBC\" header_2_font_size=\"3.5rem\" custom_margin=\"20px||20px||true|false\" global_colors_info=\"{}\"] Espagne [\/et_pb_text][\/et_pb_column][\/et_pb_row][\/et_pb_section][et_pb_section fb_built=\"1&Prime; [&hellip;]<\/p>\n","protected":false},"author":1,"featured_media":1642,"parent":2262,"menu_order":0,"comment_status":"closed","ping_status":"closed","template":"","meta":{"_et_pb_use_builder":"on","_et_pb_old_content":"","_et_gb_content_width":"","footnotes":""},"class_list":["post-2501","page","type-page","status-publish","has-post-thumbnail","hentry"],"yoast_head":"<!-- This site is optimized with the Yoast SEO plugin v27.4 - https:\/\/yoast.com\/product\/yoast-seo-wordpress\/ -->\n<title>Espagne - Marist Europe<\/title>\n<meta name=\"robots\" content=\"index, follow, max-snippet:-1, max-image-preview:large, max-video-preview:-1\" \/>\n<link rel=\"canonical\" href=\"https:\/\/maristeurope.eu\/fr\/communautes\/espagne\/\" \/>\n<meta property=\"og:locale\" content=\"fr_FR\" \/>\n<meta property=\"og:type\" content=\"article\" \/>\n<meta property=\"og:title\" content=\"Espagne - Marist Europe\" \/>\n<meta property=\"og:description\" content=\"[et_pb_section fb_built=&quot;1&Prime; _builder_version=&quot;4.27.4&Prime; _module_preset=&quot;default&quot; use_background_color_gradient=&quot;on&quot; background_color_gradient_stops=&quot;rgba(2,48,71,0.2) 0%|rgba(2,48,71,0.4) 100%&quot; background_color_gradient_overlays_image=&quot;on&quot; background_image=&quot;https:\/\/maristeurope.eu\/wp-content\/uploads\/2024\/12\/istock_32842014_1578464420_231003103152_800x534.jpg&quot; background_enable_video_mp4=&quot;off&quot; custom_padding=&quot;16vw||4vw||false|false&quot; bottom_divider_style=&quot;ramp2&Prime; bottom_divider_color=&quot;#FFFAF2&Prime; bottom_divider_flip=&quot;horizontal&quot; hover_enabled=&quot;0&Prime; global_colors_info=&quot;{}&quot; title_text=&quot;Spectacular Cathedral of Leon. %22Santa Mar\u00eda de Regla de Le\u00f3n%22 Cathedral&quot; sticky_enabled=&quot;0&Prime;][et_pb_row make_equal=&quot;on&quot; _builder_version=&quot;4.27.2&Prime; _module_preset=&quot;default&quot; background_enable_color=&quot;off&quot; custom_padding=&quot;0px|40px|0px|40px|true|true&quot; animation_style=&quot;fade&quot; animation_duration=&quot;1500ms&quot; animation_delay=&quot;200ms&quot; global_colors_info=&quot;{}&quot;][et_pb_column type=&quot;4_4&Prime; _builder_version=&quot;4.27.2&Prime; _module_preset=&quot;default&quot; global_colors_info=&quot;{}&quot;][et_pb_text _builder_version=&quot;4.27.4&Prime; _module_preset=&quot;default&quot; header_font=&quot;|600||on|||||&quot; header_text_color=&quot;#FFFFFF&quot; header_font_size=&quot;4rem&quot; header_letter_spacing=&quot;4px&quot; header_2_text_color=&quot;#219EBC&quot; header_2_font_size=&quot;3.5rem&quot; custom_margin=&quot;20px||20px||true|false&quot; global_colors_info=&quot;{}&quot;] Espagne [\/et_pb_text][\/et_pb_column][\/et_pb_row][\/et_pb_section][et_pb_section fb_built=&quot;1&Prime; [&hellip;]\" \/>\n<meta property=\"og:url\" content=\"https:\/\/maristeurope.eu\/fr\/communautes\/espagne\/\" \/>\n<meta property=\"og:site_name\" content=\"Marist Europe\" \/>\n<meta property=\"article:modified_time\" content=\"2025-02-12T08:48:17+00:00\" \/>\n<meta property=\"og:image\" content=\"https:\/\/maristeurope.eu\/wp-content\/uploads\/2024\/11\/spain-985372_1280-en-tamano-grande.jpeg\" \/>\n\t<meta property=\"og:image:width\" content=\"1280\" \/>\n\t<meta property=\"og:image:height\" content=\"853\" \/>\n\t<meta property=\"og:image:type\" content=\"image\/jpeg\" \/>\n<meta name=\"twitter:card\" content=\"summary_large_image\" \/>\n<meta name=\"twitter:label1\" content=\"Dur\u00e9e de lecture estim\u00e9e\" \/>\n\t<meta name=\"twitter:data1\" content=\"6 minutes\" \/>\n<script type=\"application\/ld+json\" class=\"yoast-schema-graph\">{\"@context\":\"https:\\\/\\\/schema.org\",\"@graph\":[{\"@type\":\"WebPage\",\"@id\":\"https:\\\/\\\/maristeurope.eu\\\/fr\\\/communautes\\\/espagne\\\/\",\"url\":\"https:\\\/\\\/maristeurope.eu\\\/fr\\\/communautes\\\/espagne\\\/\",\"name\":\"Espagne - Marist Europe\",\"isPartOf\":{\"@id\":\"https:\\\/\\\/maristeurope.eu\\\/fr\\\/#website\"},\"primaryImageOfPage\":{\"@id\":\"https:\\\/\\\/maristeurope.eu\\\/fr\\\/communautes\\\/espagne\\\/#primaryimage\"},\"image\":{\"@id\":\"https:\\\/\\\/maristeurope.eu\\\/fr\\\/communautes\\\/espagne\\\/#primaryimage\"},\"thumbnailUrl\":\"https:\\\/\\\/maristeurope.eu\\\/wp-content\\\/uploads\\\/2024\\\/11\\\/spain-985372_1280-en-tamano-grande.jpeg\",\"datePublished\":\"2024-12-17T14:28:21+00:00\",\"dateModified\":\"2025-02-12T08:48:17+00:00\",\"breadcrumb\":{\"@id\":\"https:\\\/\\\/maristeurope.eu\\\/fr\\\/communautes\\\/espagne\\\/#breadcrumb\"},\"inLanguage\":\"fr-FR\",\"potentialAction\":[{\"@type\":\"ReadAction\",\"target\":[\"https:\\\/\\\/maristeurope.eu\\\/fr\\\/communautes\\\/espagne\\\/\"]}]},{\"@type\":\"ImageObject\",\"inLanguage\":\"fr-FR\",\"@id\":\"https:\\\/\\\/maristeurope.eu\\\/fr\\\/communautes\\\/espagne\\\/#primaryimage\",\"url\":\"https:\\\/\\\/maristeurope.eu\\\/wp-content\\\/uploads\\\/2024\\\/11\\\/spain-985372_1280-en-tamano-grande.jpeg\",\"contentUrl\":\"https:\\\/\\\/maristeurope.eu\\\/wp-content\\\/uploads\\\/2024\\\/11\\\/spain-985372_1280-en-tamano-grande.jpeg\",\"width\":1280,\"height\":853},{\"@type\":\"BreadcrumbList\",\"@id\":\"https:\\\/\\\/maristeurope.eu\\\/fr\\\/communautes\\\/espagne\\\/#breadcrumb\",\"itemListElement\":[{\"@type\":\"ListItem\",\"position\":1,\"name\":\"Home\",\"item\":\"https:\\\/\\\/maristeurope.eu\\\/fr\\\/maristes\\\/\"},{\"@type\":\"ListItem\",\"position\":2,\"name\":\"Communaut\u00e9s\",\"item\":\"https:\\\/\\\/maristeurope.eu\\\/fr\\\/communautes\\\/\"},{\"@type\":\"ListItem\",\"position\":3,\"name\":\"Espagne\"}]},{\"@type\":\"WebSite\",\"@id\":\"https:\\\/\\\/maristeurope.eu\\\/fr\\\/#website\",\"url\":\"https:\\\/\\\/maristeurope.eu\\\/fr\\\/\",\"name\":\"Marist Europe\",\"description\":\"\",\"publisher\":{\"@id\":\"https:\\\/\\\/maristeurope.eu\\\/fr\\\/#organization\"},\"potentialAction\":[{\"@type\":\"SearchAction\",\"target\":{\"@type\":\"EntryPoint\",\"urlTemplate\":\"https:\\\/\\\/maristeurope.eu\\\/fr\\\/?s={search_term_string}\"},\"query-input\":{\"@type\":\"PropertyValueSpecification\",\"valueRequired\":true,\"valueName\":\"search_term_string\"}}],\"inLanguage\":\"fr-FR\"},{\"@type\":\"Organization\",\"@id\":\"https:\\\/\\\/maristeurope.eu\\\/fr\\\/#organization\",\"name\":\"Marist Europe\",\"url\":\"https:\\\/\\\/maristeurope.eu\\\/fr\\\/\",\"logo\":{\"@type\":\"ImageObject\",\"inLanguage\":\"fr-FR\",\"@id\":\"https:\\\/\\\/maristeurope.eu\\\/fr\\\/#\\\/schema\\\/logo\\\/image\\\/\",\"url\":\"https:\\\/\\\/maristeurope.eu\\\/wp-content\\\/uploads\\\/2024\\\/10\\\/EU-SM-Finalogo-02.png\",\"contentUrl\":\"https:\\\/\\\/maristeurope.eu\\\/wp-content\\\/uploads\\\/2024\\\/10\\\/EU-SM-Finalogo-02.png\",\"width\":150,\"height\":156,\"caption\":\"Marist Europe\"},\"image\":{\"@id\":\"https:\\\/\\\/maristeurope.eu\\\/fr\\\/#\\\/schema\\\/logo\\\/image\\\/\"}}]}<\/script>\n<!-- \/ Yoast SEO plugin. -->","yoast_head_json":{"title":"Espagne - Marist Europe","robots":{"index":"index","follow":"follow","max-snippet":"max-snippet:-1","max-image-preview":"max-image-preview:large","max-video-preview":"max-video-preview:-1"},"canonical":"https:\/\/maristeurope.eu\/fr\/communautes\/espagne\/","og_locale":"fr_FR","og_type":"article","og_title":"Espagne - Marist Europe","og_description":"[et_pb_section fb_built=\"1&Prime; _builder_version=\"4.27.4&Prime; _module_preset=\"default\" use_background_color_gradient=\"on\" background_color_gradient_stops=\"rgba(2,48,71,0.2) 0%|rgba(2,48,71,0.4) 100%\" background_color_gradient_overlays_image=\"on\" background_image=\"https:\/\/maristeurope.eu\/wp-content\/uploads\/2024\/12\/istock_32842014_1578464420_231003103152_800x534.jpg\" background_enable_video_mp4=\"off\" custom_padding=\"16vw||4vw||false|false\" bottom_divider_style=\"ramp2&Prime; bottom_divider_color=\"#FFFAF2&Prime; bottom_divider_flip=\"horizontal\" hover_enabled=\"0&Prime; global_colors_info=\"{}\" title_text=\"Spectacular Cathedral of Leon. %22Santa Mar\u00eda de Regla de Le\u00f3n%22 Cathedral\" sticky_enabled=\"0&Prime;][et_pb_row make_equal=\"on\" _builder_version=\"4.27.2&Prime; _module_preset=\"default\" background_enable_color=\"off\" custom_padding=\"0px|40px|0px|40px|true|true\" animation_style=\"fade\" animation_duration=\"1500ms\" animation_delay=\"200ms\" global_colors_info=\"{}\"][et_pb_column type=\"4_4&Prime; _builder_version=\"4.27.2&Prime; _module_preset=\"default\" global_colors_info=\"{}\"][et_pb_text _builder_version=\"4.27.4&Prime; _module_preset=\"default\" header_font=\"|600||on|||||\" header_text_color=\"#FFFFFF\" header_font_size=\"4rem\" header_letter_spacing=\"4px\" header_2_text_color=\"#219EBC\" header_2_font_size=\"3.5rem\" custom_margin=\"20px||20px||true|false\" global_colors_info=\"{}\"] Espagne [\/et_pb_text][\/et_pb_column][\/et_pb_row][\/et_pb_section][et_pb_section fb_built=\"1&Prime; [&hellip;]","og_url":"https:\/\/maristeurope.eu\/fr\/communautes\/espagne\/","og_site_name":"Marist Europe","article_modified_time":"2025-02-12T08:48:17+00:00","og_image":[{"width":1280,"height":853,"url":"https:\/\/maristeurope.eu\/wp-content\/uploads\/2024\/11\/spain-985372_1280-en-tamano-grande.jpeg","type":"image\/jpeg"}],"twitter_card":"summary_large_image","twitter_misc":{"Dur\u00e9e de lecture estim\u00e9e":"6 minutes"},"schema":{"@context":"https:\/\/schema.org","@graph":[{"@type":"WebPage","@id":"https:\/\/maristeurope.eu\/fr\/communautes\/espagne\/","url":"https:\/\/maristeurope.eu\/fr\/communautes\/espagne\/","name":"Espagne - Marist Europe","isPartOf":{"@id":"https:\/\/maristeurope.eu\/fr\/#website"},"primaryImageOfPage":{"@id":"https:\/\/maristeurope.eu\/fr\/communautes\/espagne\/#primaryimage"},"image":{"@id":"https:\/\/maristeurope.eu\/fr\/communautes\/espagne\/#primaryimage"},"thumbnailUrl":"https:\/\/maristeurope.eu\/wp-content\/uploads\/2024\/11\/spain-985372_1280-en-tamano-grande.jpeg","datePublished":"2024-12-17T14:28:21+00:00","dateModified":"2025-02-12T08:48:17+00:00","breadcrumb":{"@id":"https:\/\/maristeurope.eu\/fr\/communautes\/espagne\/#breadcrumb"},"inLanguage":"fr-FR","potentialAction":[{"@type":"ReadAction","target":["https:\/\/maristeurope.eu\/fr\/communautes\/espagne\/"]}]},{"@type":"ImageObject","inLanguage":"fr-FR","@id":"https:\/\/maristeurope.eu\/fr\/communautes\/espagne\/#primaryimage","url":"https:\/\/maristeurope.eu\/wp-content\/uploads\/2024\/11\/spain-985372_1280-en-tamano-grande.jpeg","contentUrl":"https:\/\/maristeurope.eu\/wp-content\/uploads\/2024\/11\/spain-985372_1280-en-tamano-grande.jpeg","width":1280,"height":853},{"@type":"BreadcrumbList","@id":"https:\/\/maristeurope.eu\/fr\/communautes\/espagne\/#breadcrumb","itemListElement":[{"@type":"ListItem","position":1,"name":"Home","item":"https:\/\/maristeurope.eu\/fr\/maristes\/"},{"@type":"ListItem","position":2,"name":"Communaut\u00e9s","item":"https:\/\/maristeurope.eu\/fr\/communautes\/"},{"@type":"ListItem","position":3,"name":"Espagne"}]},{"@type":"WebSite","@id":"https:\/\/maristeurope.eu\/fr\/#website","url":"https:\/\/maristeurope.eu\/fr\/","name":"Marist Europe","description":"","publisher":{"@id":"https:\/\/maristeurope.eu\/fr\/#organization"},"potentialAction":[{"@type":"SearchAction","target":{"@type":"EntryPoint","urlTemplate":"https:\/\/maristeurope.eu\/fr\/?s={search_term_string}"},"query-input":{"@type":"PropertyValueSpecification","valueRequired":true,"valueName":"search_term_string"}}],"inLanguage":"fr-FR"},{"@type":"Organization","@id":"https:\/\/maristeurope.eu\/fr\/#organization","name":"Marist Europe","url":"https:\/\/maristeurope.eu\/fr\/","logo":{"@type":"ImageObject","inLanguage":"fr-FR","@id":"https:\/\/maristeurope.eu\/fr\/#\/schema\/logo\/image\/","url":"https:\/\/maristeurope.eu\/wp-content\/uploads\/2024\/10\/EU-SM-Finalogo-02.png","contentUrl":"https:\/\/maristeurope.eu\/wp-content\/uploads\/2024\/10\/EU-SM-Finalogo-02.png","width":150,"height":156,"caption":"Marist Europe"},"image":{"@id":"https:\/\/maristeurope.eu\/fr\/#\/schema\/logo\/image\/"}}]}},"_links":{"self":[{"href":"https:\/\/maristeurope.eu\/fr\/wp-json\/wp\/v2\/pages\/2501","targetHints":{"allow":["GET"]}}],"collection":[{"href":"https:\/\/maristeurope.eu\/fr\/wp-json\/wp\/v2\/pages"}],"about":[{"href":"https:\/\/maristeurope.eu\/fr\/wp-json\/wp\/v2\/types\/page"}],"author":[{"embeddable":true,"href":"https:\/\/maristeurope.eu\/fr\/wp-json\/wp\/v2\/users\/1"}],"replies":[{"embeddable":true,"href":"https:\/\/maristeurope.eu\/fr\/wp-json\/wp\/v2\/comments?post=2501"}],"version-history":[{"count":8,"href":"https:\/\/maristeurope.eu\/fr\/wp-json\/wp\/v2\/pages\/2501\/revisions"}],"predecessor-version":[{"id":2561,"href":"https:\/\/maristeurope.eu\/fr\/wp-json\/wp\/v2\/pages\/2501\/revisions\/2561"}],"up":[{"embeddable":true,"href":"https:\/\/maristeurope.eu\/fr\/wp-json\/wp\/v2\/pages\/2262"}],"wp:featuredmedia":[{"embeddable":true,"href":"https:\/\/maristeurope.eu\/fr\/wp-json\/wp\/v2\/media\/1642"}],"wp:attachment":[{"href":"https:\/\/maristeurope.eu\/fr\/wp-json\/wp\/v2\/media?parent=2501"}],"curies":[{"name":"wp","href":"https:\/\/api.w.org\/{rel}","templated":true}]}}