{"id":2500,"date":"2024-12-17T14:30:29","date_gmt":"2024-12-17T13:30:29","guid":{"rendered":"https:\/\/marist.sjdigitaldemo.ovh\/communautes\/irlande\/"},"modified":"2026-05-07T08:35:04","modified_gmt":"2026-05-07T06:35:04","slug":"irlande","status":"publish","type":"page","link":"https:\/\/maristeurope.eu\/fr\/communautes\/irlande\/","title":{"rendered":"Irlande"},"content":{"rendered":"\n<div class=\"et_pb_section_0 et_pb_section et_section_regular et_block_section section_has_divider et_pb_bottom_divider\"><div class=\"et_pb_row_0 et_pb_row et_pb_equal_columns et_block_row et_animated preset--module--divi-row--default\"><div class=\"et_pb_column_0 et_pb_column et_pb_column_4_4 et-last-child et_block_column et_pb_css_mix_blend_mode_passthrough\"><div class=\"et_pb_text_0 et_pb_text et_pb_bg_layout_light et_pb_module et_block_module\"><div class=\"et_pb_text_inner\"><h1>Irlande<\/h1>\n<\/div><\/div><\/div><\/div><div class=\"et_pb_bottom_inside_divider et-no-transition\"><\/div><\/div><div class=\"et_pb_section_1 et_pb_section et_section_regular et_block_section\"><div class=\"et_pb_row_1 et_pb_row et_block_row preset--module--divi-row--default\"><div class=\"et_pb_column_1 et_pb_column et_pb_column_4_4 et-last-child et_block_column et_pb_css_mix_blend_mode_passthrough\"><div class=\"et_pb_code_0 et_pb_code et_pb_module\"><div class=\"et_pb_code_inner\"><div class=\"sjd-locations-grid\"><div class=\"sjd-location-card\">  <div class=\"sjd-card-column sjd-column-name\">      <h2>Dundalk Cerdon<\/h2>  <\/div>  <div class=\"sjd-card-column sjd-column-description\"><p><!-- wp:paragraph {\"translatedWithWPMLTM\":\"1\"} -->\n<p>Nous sommes une communaut\u00e9 de Maristes retrait\u00e9s, dont certains sont impliqu\u00e9s dans le minist\u00e8re pastoral et l'aum\u00f4nerie de l'\u00e9cole mariste, St Mary's College. Le complexe scolaire comprend l'\u00e9glise St Mary's, ouverte au public et connue pour sa belle architecture en pierre, y compris les murs en granit et les vitraux bien ex\u00e9cut\u00e9s. <\/p>\n<!-- \/wp:paragraph --><!-- wp:paragraph {\"translatedWithWPMLTM\":\"1\"} -->\n<p>St Mary's College Dundalk : 6 Nicholas Street, Dundalk, Co. Louth A91 AD05 Irlande <a href=\"http:\/\/www.maristdundalk.ie\">www.maristdundalk.ie<\/a> <\/p>\n<!-- \/wp:paragraph --><\/p><\/div>  <div class=\"sjd-card-column sjd-column-contact\">      <h3>Contact<\/h3><p>Cerdon Marist Community, St Mary\u2019s Road, Dundalk, Co. Louth A91 A7D5 Ireland<\/p><p>+353 42 933 4019<\/p>  <\/div><\/div><div class=\"sjd-location-card\">  <div class=\"sjd-card-column sjd-column-name\">      <h2>Dublin Donore Avenue<\/h2>  <\/div>  <div class=\"sjd-card-column sjd-column-description\"><p><!-- wp:paragraph {\"translatedWithWPMLTM\":\"1\"} -->\n<p>La paroisse St Teresa, confi\u00e9e \u00e0 la communaut\u00e9 mariste, est situ\u00e9e dans un quartier difficile de la ville. Nous sommes une paroisse ouverte et inclusive qui accueille tout le monde dans notre \u00e9glise. Nous nous engageons \u00e0 explorer de nouvelles opportunit\u00e9s pour encourager respectueusement chacun \u00e0 prendre une part active \u00e0 la vie paroissiale. St Teresa's aspire \u00e0 \u00eatre une \u00e9glise vivante qui t\u00e9moigne de son h\u00e9ritage spirituel en accordant une place centrale \u00e0 la pri\u00e8re et au culte et en s'engageant en faveur de la justice sociale.   <\/p>\n<!-- \/wp:paragraph --><!-- wp:paragraph {\"translatedWithWPMLTM\":\"1\"} -->\n<p>La communaut\u00e9 apporte \u00e9galement son soutien \u00e0 l'\u00e9quipe d'aum\u00f4nerie de l'\u00e9cole universitaire catholique mariste du centre ville de Dublin. CUS (Catholic University School) 89 Lower Leeson Street Dublin 02 KC81 Irlande <a href=\"http:\/\/www.cus.ie\">www.cus.ie<\/a> <\/p>\n<!-- \/wp:paragraph --><\/p><\/div>  <div class=\"sjd-card-column sjd-column-contact\">      <h3>Contact<\/h3><p>Marist Community, St. Teresa\u2019s Parish House, 78A Donore Avenue, Dublin 8 D08 A06W, Ireland<\/p><p>+353 1 454 2425<\/p><p><a href=\"https:\/\/www.donoreavenueparish.ie\" target=\"_blank\">Visit Website<\/a><\/p><p><a href=\"mailto:info@donoreavenueparish.ie\">info@donoreavenueparish.ie<\/a><\/p>  <\/div><\/div><div class=\"sjd-location-card\">  <div class=\"sjd-card-column sjd-column-name\">      <h2>Paroisse de St. Brendan<\/h2>  <\/div>  <div class=\"sjd-card-column sjd-column-description\"><p><!-- wp:paragraph {\"translatedWithWPMLTM\":\"1\"} -->\n<p>La paroisse est confi\u00e9e \u00e0 la communaut\u00e9 mariste. La communaut\u00e9 est relativement petite, avec environ mille familles. Notre \u00e9nonc\u00e9 de mission est le suivant <em>: \"St Brendan est une paroisse catholique bienveillante inspir\u00e9e par l'\u00c9vangile, c\u00e9l\u00e9brant et travaillant ensemble pour construire une communaut\u00e9 de justice, d'amour et de paix\".<\/em> La vitalit\u00e9 de la communaut\u00e9 se manifeste par la grande vari\u00e9t\u00e9 de groupes au sein de la paroisse : conseil pastoral, comit\u00e9 des finances, \u00e9quipe des bapt\u00eames, \u00e9quipe des fun\u00e9railles, groupe liturgique dirig\u00e9 par des la\u00efcs, ministres eucharistiques, ministres de la parole, musiciens et chanteurs, soci\u00e9t\u00e9 St Vincent de Paul, groupe de soins pour la plan\u00e8te, sans parler de tous les groupes qui utilisent le centre paroissial.   <\/p>\n<!-- \/wp:paragraph --><\/p><\/div>  <div class=\"sjd-card-column sjd-column-contact\">      <h3>Contact<\/h3><p>Coolock Village, Dublin 5 D05 XK51, Ireland<\/p><p>+353 1 848 0102<\/p><p><a href=\"https:\/\/www.stbrendanscoolock.org\" target=\"_blank\">Visit Website<\/a><\/p><p><a href=\"mailto:office@stbrendanscoolock.org\">office@stbrendanscoolock.org<\/a><\/p>  <\/div><\/div><div class=\"sjd-location-card\">  <div class=\"sjd-card-column sjd-column-name\">      <h2>Dublin Coolock<\/h2>  <\/div>  <div class=\"sjd-card-column sjd-column-description\"><p><!-- wp:paragraph {\"translatedWithWPMLTM\":\"1\"} -->\n<p>Notre minist\u00e8re est d'\u00eatre une pr\u00e9sence mariste dans l'\u00e9glise locale. Nous le faisons en c\u00e9l\u00e9brant les sacrements dans l'\u00e9glise locale de St Brendan, en fournissant un service d'aum\u00f4nerie \u00e0 notre \u00e9cole secondaire mariste, Chanel College, et en assurant l'aum\u00f4nerie de deux couvents locaux. Huit membres vivent dans la communaut\u00e9 et deux confr\u00e8res se trouvent dans des maisons de retraite locales. Le minist\u00e8re du service affectueux des uns et des autres au sein de la communaut\u00e9 est un apostolat primordial.   <\/p>\n<!-- \/wp:paragraph --><\/p><\/div>  <div class=\"sjd-card-column sjd-column-contact\">      <h3>Contact<\/h3><p>Chanel Marist Community, Coolock, Dublin 5, D05 KV62, Ireland<\/p><p>+353 1 847 7133<\/p><p><a href=\"https:\/\/www.maristfathers.ie\" target=\"_blank\">Visit Website<\/a><\/p><p><a href=\"mailto:admin@maristfathers.ie\">admin@maristfathers.ie<\/a><\/p>  <\/div><\/div><\/div><\/div><\/div><\/div><\/div><\/div>\n","protected":false},"excerpt":{"rendered":"","protected":false},"author":1,"featured_media":1637,"parent":2262,"menu_order":0,"comment_status":"closed","ping_status":"closed","template":"","meta":{"footnotes":""},"class_list":["post-2500","page","type-page","status-publish","has-post-thumbnail","hentry"],"yoast_head":"<!-- This site is optimized with the Yoast SEO plugin v27.5 - https:\/\/yoast.com\/product\/yoast-seo-wordpress\/ -->\n<title>Irlande - Marist Europe<\/title>\n<meta name=\"robots\" content=\"index, follow, max-snippet:-1, max-image-preview:large, max-video-preview:-1\" \/>\n<link rel=\"canonical\" href=\"https:\/\/maristeurope.eu\/fr\/communautes\/irlande\/\" \/>\n<meta property=\"og:locale\" content=\"fr_FR\" \/>\n<meta property=\"og:type\" content=\"article\" \/>\n<meta property=\"og:title\" content=\"Irlande - Marist Europe\" \/>\n<meta property=\"og:url\" content=\"https:\/\/maristeurope.eu\/fr\/communautes\/irlande\/\" \/>\n<meta property=\"og:site_name\" content=\"Marist Europe\" \/>\n<meta property=\"article:modified_time\" content=\"2026-05-07T06:35:04+00:00\" \/>\n<meta property=\"og:image\" content=\"https:\/\/maristeurope.eu\/wp-content\/uploads\/2024\/11\/temple-bar-2344400_1280-en-tamano-grande.jpeg\" \/>\n\t<meta property=\"og:image:width\" content=\"1280\" \/>\n\t<meta property=\"og:image:height\" content=\"886\" \/>\n\t<meta property=\"og:image:type\" content=\"image\/jpeg\" \/>\n<meta name=\"twitter:card\" content=\"summary_large_image\" \/>\n<script type=\"application\/ld+json\" class=\"yoast-schema-graph\">{\"@context\":\"https:\\\/\\\/schema.org\",\"@graph\":[{\"@type\":\"WebPage\",\"@id\":\"https:\\\/\\\/maristeurope.eu\\\/fr\\\/communautes\\\/irlande\\\/\",\"url\":\"https:\\\/\\\/maristeurope.eu\\\/fr\\\/communautes\\\/irlande\\\/\",\"name\":\"Irlande - Marist Europe\",\"isPartOf\":{\"@id\":\"https:\\\/\\\/maristeurope.eu\\\/fr\\\/#website\"},\"primaryImageOfPage\":{\"@id\":\"https:\\\/\\\/maristeurope.eu\\\/fr\\\/communautes\\\/irlande\\\/#primaryimage\"},\"image\":{\"@id\":\"https:\\\/\\\/maristeurope.eu\\\/fr\\\/communautes\\\/irlande\\\/#primaryimage\"},\"thumbnailUrl\":\"https:\\\/\\\/maristeurope.eu\\\/wp-content\\\/uploads\\\/2024\\\/11\\\/temple-bar-2344400_1280-en-tamano-grande.jpeg\",\"datePublished\":\"2024-12-17T13:30:29+00:00\",\"dateModified\":\"2026-05-07T06:35:04+00:00\",\"breadcrumb\":{\"@id\":\"https:\\\/\\\/maristeurope.eu\\\/fr\\\/communautes\\\/irlande\\\/#breadcrumb\"},\"inLanguage\":\"fr-FR\",\"potentialAction\":[{\"@type\":\"ReadAction\",\"target\":[\"https:\\\/\\\/maristeurope.eu\\\/fr\\\/communautes\\\/irlande\\\/\"]}]},{\"@type\":\"ImageObject\",\"inLanguage\":\"fr-FR\",\"@id\":\"https:\\\/\\\/maristeurope.eu\\\/fr\\\/communautes\\\/irlande\\\/#primaryimage\",\"url\":\"https:\\\/\\\/maristeurope.eu\\\/wp-content\\\/uploads\\\/2024\\\/11\\\/temple-bar-2344400_1280-en-tamano-grande.jpeg\",\"contentUrl\":\"https:\\\/\\\/maristeurope.eu\\\/wp-content\\\/uploads\\\/2024\\\/11\\\/temple-bar-2344400_1280-en-tamano-grande.jpeg\",\"width\":1280,\"height\":886},{\"@type\":\"BreadcrumbList\",\"@id\":\"https:\\\/\\\/maristeurope.eu\\\/fr\\\/communautes\\\/irlande\\\/#breadcrumb\",\"itemListElement\":[{\"@type\":\"ListItem\",\"position\":1,\"name\":\"Home\",\"item\":\"https:\\\/\\\/maristeurope.eu\\\/fr\\\/\"},{\"@type\":\"ListItem\",\"position\":2,\"name\":\"Communaut\u00e9s\",\"item\":\"https:\\\/\\\/maristeurope.eu\\\/fr\\\/communautes\\\/\"},{\"@type\":\"ListItem\",\"position\":3,\"name\":\"Irlande\"}]},{\"@type\":\"WebSite\",\"@id\":\"https:\\\/\\\/maristeurope.eu\\\/fr\\\/#website\",\"url\":\"https:\\\/\\\/maristeurope.eu\\\/fr\\\/\",\"name\":\"Marist Europe\",\"description\":\"\",\"publisher\":{\"@id\":\"https:\\\/\\\/maristeurope.eu\\\/fr\\\/#organization\"},\"potentialAction\":[{\"@type\":\"SearchAction\",\"target\":{\"@type\":\"EntryPoint\",\"urlTemplate\":\"https:\\\/\\\/maristeurope.eu\\\/fr\\\/?s={search_term_string}\"},\"query-input\":{\"@type\":\"PropertyValueSpecification\",\"valueRequired\":true,\"valueName\":\"search_term_string\"}}],\"inLanguage\":\"fr-FR\"},{\"@type\":\"Organization\",\"@id\":\"https:\\\/\\\/maristeurope.eu\\\/fr\\\/#organization\",\"name\":\"Marist Europe\",\"url\":\"https:\\\/\\\/maristeurope.eu\\\/fr\\\/\",\"logo\":{\"@type\":\"ImageObject\",\"inLanguage\":\"fr-FR\",\"@id\":\"https:\\\/\\\/maristeurope.eu\\\/fr\\\/#\\\/schema\\\/logo\\\/image\\\/\",\"url\":\"https:\\\/\\\/maristeurope.eu\\\/wp-content\\\/uploads\\\/2024\\\/10\\\/EU-SM-Finalogo-02.png\",\"contentUrl\":\"https:\\\/\\\/maristeurope.eu\\\/wp-content\\\/uploads\\\/2024\\\/10\\\/EU-SM-Finalogo-02.png\",\"width\":150,\"height\":156,\"caption\":\"Marist Europe\"},\"image\":{\"@id\":\"https:\\\/\\\/maristeurope.eu\\\/fr\\\/#\\\/schema\\\/logo\\\/image\\\/\"}}]}<\/script>\n<!-- \/ Yoast SEO plugin. -->","yoast_head_json":{"title":"Irlande - Marist Europe","robots":{"index":"index","follow":"follow","max-snippet":"max-snippet:-1","max-image-preview":"max-image-preview:large","max-video-preview":"max-video-preview:-1"},"canonical":"https:\/\/maristeurope.eu\/fr\/communautes\/irlande\/","og_locale":"fr_FR","og_type":"article","og_title":"Irlande - Marist Europe","og_url":"https:\/\/maristeurope.eu\/fr\/communautes\/irlande\/","og_site_name":"Marist Europe","article_modified_time":"2026-05-07T06:35:04+00:00","og_image":[{"width":1280,"height":886,"url":"https:\/\/maristeurope.eu\/wp-content\/uploads\/2024\/11\/temple-bar-2344400_1280-en-tamano-grande.jpeg","type":"image\/jpeg"}],"twitter_card":"summary_large_image","schema":{"@context":"https:\/\/schema.org","@graph":[{"@type":"WebPage","@id":"https:\/\/maristeurope.eu\/fr\/communautes\/irlande\/","url":"https:\/\/maristeurope.eu\/fr\/communautes\/irlande\/","name":"Irlande - Marist Europe","isPartOf":{"@id":"https:\/\/maristeurope.eu\/fr\/#website"},"primaryImageOfPage":{"@id":"https:\/\/maristeurope.eu\/fr\/communautes\/irlande\/#primaryimage"},"image":{"@id":"https:\/\/maristeurope.eu\/fr\/communautes\/irlande\/#primaryimage"},"thumbnailUrl":"https:\/\/maristeurope.eu\/wp-content\/uploads\/2024\/11\/temple-bar-2344400_1280-en-tamano-grande.jpeg","datePublished":"2024-12-17T13:30:29+00:00","dateModified":"2026-05-07T06:35:04+00:00","breadcrumb":{"@id":"https:\/\/maristeurope.eu\/fr\/communautes\/irlande\/#breadcrumb"},"inLanguage":"fr-FR","potentialAction":[{"@type":"ReadAction","target":["https:\/\/maristeurope.eu\/fr\/communautes\/irlande\/"]}]},{"@type":"ImageObject","inLanguage":"fr-FR","@id":"https:\/\/maristeurope.eu\/fr\/communautes\/irlande\/#primaryimage","url":"https:\/\/maristeurope.eu\/wp-content\/uploads\/2024\/11\/temple-bar-2344400_1280-en-tamano-grande.jpeg","contentUrl":"https:\/\/maristeurope.eu\/wp-content\/uploads\/2024\/11\/temple-bar-2344400_1280-en-tamano-grande.jpeg","width":1280,"height":886},{"@type":"BreadcrumbList","@id":"https:\/\/maristeurope.eu\/fr\/communautes\/irlande\/#breadcrumb","itemListElement":[{"@type":"ListItem","position":1,"name":"Home","item":"https:\/\/maristeurope.eu\/fr\/"},{"@type":"ListItem","position":2,"name":"Communaut\u00e9s","item":"https:\/\/maristeurope.eu\/fr\/communautes\/"},{"@type":"ListItem","position":3,"name":"Irlande"}]},{"@type":"WebSite","@id":"https:\/\/maristeurope.eu\/fr\/#website","url":"https:\/\/maristeurope.eu\/fr\/","name":"Marist Europe","description":"","publisher":{"@id":"https:\/\/maristeurope.eu\/fr\/#organization"},"potentialAction":[{"@type":"SearchAction","target":{"@type":"EntryPoint","urlTemplate":"https:\/\/maristeurope.eu\/fr\/?s={search_term_string}"},"query-input":{"@type":"PropertyValueSpecification","valueRequired":true,"valueName":"search_term_string"}}],"inLanguage":"fr-FR"},{"@type":"Organization","@id":"https:\/\/maristeurope.eu\/fr\/#organization","name":"Marist Europe","url":"https:\/\/maristeurope.eu\/fr\/","logo":{"@type":"ImageObject","inLanguage":"fr-FR","@id":"https:\/\/maristeurope.eu\/fr\/#\/schema\/logo\/image\/","url":"https:\/\/maristeurope.eu\/wp-content\/uploads\/2024\/10\/EU-SM-Finalogo-02.png","contentUrl":"https:\/\/maristeurope.eu\/wp-content\/uploads\/2024\/10\/EU-SM-Finalogo-02.png","width":150,"height":156,"caption":"Marist Europe"},"image":{"@id":"https:\/\/maristeurope.eu\/fr\/#\/schema\/logo\/image\/"}}]}},"_links":{"self":[{"href":"https:\/\/maristeurope.eu\/fr\/wp-json\/wp\/v2\/pages\/2500","targetHints":{"allow":["GET"]}}],"collection":[{"href":"https:\/\/maristeurope.eu\/fr\/wp-json\/wp\/v2\/pages"}],"about":[{"href":"https:\/\/maristeurope.eu\/fr\/wp-json\/wp\/v2\/types\/page"}],"author":[{"embeddable":true,"href":"https:\/\/maristeurope.eu\/fr\/wp-json\/wp\/v2\/users\/1"}],"replies":[{"embeddable":true,"href":"https:\/\/maristeurope.eu\/fr\/wp-json\/wp\/v2\/comments?post=2500"}],"version-history":[{"count":10,"href":"https:\/\/maristeurope.eu\/fr\/wp-json\/wp\/v2\/pages\/2500\/revisions"}],"predecessor-version":[{"id":10880,"href":"https:\/\/maristeurope.eu\/fr\/wp-json\/wp\/v2\/pages\/2500\/revisions\/10880"}],"up":[{"embeddable":true,"href":"https:\/\/maristeurope.eu\/fr\/wp-json\/wp\/v2\/pages\/2262"}],"wp:featuredmedia":[{"embeddable":true,"href":"https:\/\/maristeurope.eu\/fr\/wp-json\/wp\/v2\/media\/1637"}],"wp:attachment":[{"href":"https:\/\/maristeurope.eu\/fr\/wp-json\/wp\/v2\/media?parent=2500"}],"curies":[{"name":"wp","href":"https:\/\/api.w.org\/{rel}","templated":true}]}}