{"id":2360,"date":"2024-12-19T09:55:50","date_gmt":"2024-12-19T09:55:50","guid":{"rendered":"https:\/\/marist.sjdigitaldemo.ovh\/justice-et-creation\/"},"modified":"2025-02-12T08:48:52","modified_gmt":"2025-02-12T08:48:52","slug":"justice-et-creation","status":"publish","type":"page","link":"https:\/\/maristeurope.eu\/fr\/la-mission\/justice-et-creation\/","title":{"rendered":"Justice et cr\u00e9ation"},"content":{"rendered":"<p>[et_pb_section fb_built=\"1&Prime; _builder_version=\"4.27.4&Prime; _module_preset=\"default\" use_background_color_gradient=\"on\" background_color_gradient_stops=\"rgba(2,48,71,0.2) 0%|rgba(2,48,71,0.4) 100%\" background_color_gradient_overlays_image=\"on\" background_image=\"https:\/\/maristeurope.eu\/wp-content\/uploads\/2024\/12\/DSC3585-1-en-tamano-grande.jpeg\" background_enable_video_mp4=\"off\" custom_padding=\"16vw||4vw||false|false\" bottom_divider_style=\"ramp2&Prime; bottom_divider_color=\"#FFFAF2&Prime; bottom_divider_flip=\"horizontal\" global_colors_info=\"{}\"][et_pb_row column_structure=\"2_3,1_3&Prime; make_equal=\"on\" _builder_version=\"4.27.4&Prime; _module_preset=\"default\" background_enable_color=\"off\" custom_padding=\"0px|40px|0px|40px|true|true\" animation_style=\"fade\" animation_duration=\"1500ms\" animation_delay=\"200ms\" global_colors_info=\"{}\"][et_pb_column type=\"2_3&Prime; _builder_version=\"4.27.4&Prime; _module_preset=\"default\" custom_css_main_element=\"margin: auto;\" global_colors_info=\"{}\"][et_pb_text _builder_version=\"4.27.4&Prime; _module_preset=\"default\" header_font=\"|600||on|||||\" header_text_color=\"#FFFFFF\" header_font_size=\"4rem\" header_letter_spacing=\"4px\" header_2_text_color=\"#219EBC\" header_2_font_size=\"3.5rem\" custom_margin=\"20px||20px||true|false\" global_colors_info=\"{}\"]<\/p>\n<h1><strong>Justice et cr\u00e9ation<\/strong><\/h1>\n<p>[\/et_pb_text][\/et_pb_column][et_pb_column type=\"1_3&Prime; _builder_version=\"4.27.2&Prime; _module_preset=\"default\" global_colors_info=\"{}\"][\/et_pb_column][\/et_pb_row][\/et_pb_section][et_pb_section fb_built=\"1&Prime; _builder_version=\"4.27.4&Prime; _module_preset=\"default\" background_color=\"#FFFAF2&Prime; background_image=\"https:\/\/maristeurope.eu\/wp-content\/uploads\/2024\/11\/art-therapist-illustration-04-1.png\" background_size=\"initial\" background_position=\"top_right\" global_colors_info=\"{}\"][et_pb_row column_structure=\"1_5,3_5,1_5&Prime; _builder_version=\"4.27.4&Prime; _module_preset=\"default\" global_colors_info=\"{}\"][et_pb_column type=\"1_5&Prime; _builder_version=\"4.27.4&Prime; _module_preset=\"default\" global_colors_info=\"{}\"][\/et_pb_column][et_pb_column type=\"3_5&Prime; _builder_version=\"4.27.4&Prime; _module_preset=\"default\" global_colors_info=\"{}\"][et_pb_text _builder_version=\"4.27.4&Prime; _module_preset=\"default\" text_text_color=\"#023047&Prime; text_font_size=\"3rem\" text_line_height=\"2.9rem\" text_orientation=\"center\" animation_style=\"slide\" animation_duration=\"1500ms\" animation_delay=\"300ms\" hover_enabled=\"0&Prime; global_colors_info=\"{}\" sticky_enabled=\"0&Prime;]<\/p>\n<p><span style=\"font-weight: 400;\">\"<\/span><b>Justice, Paix et Int\u00e9grit\u00e9 de la Cr\u00e9ation<\/b><span style=\"font-weight: 400;\">\"font partie int\u00e9grante de notre mission mariste dans le monde d&rsquo;aujourd&rsquo;hui. <\/span> <\/p>\n<p>[\/et_pb_text][\/et_pb_column][et_pb_column type=\"1_5&Prime; _builder_version=\"4.27.4&Prime; _module_preset=\"default\" global_colors_info=\"{}\"][\/et_pb_column][\/et_pb_row][\/et_pb_section][et_pb_section fb_built=\"1&Prime; _builder_version=\"4.27.4&Prime; _module_preset=\"default\" background_color=\"#FFFAF2&Prime; background_size=\"initial\" background_position=\"center_left\" hover_enabled=\"0&Prime; global_colors_info=\"{}\" background_enable_image=\"off\" sticky_enabled=\"0&Prime;][et_pb_row column_structure=\"3_5,2_5&Prime; make_equal=\"on\" _builder_version=\"4.27.4&Prime; _module_preset=\"default\" global_colors_info=\"{}\"][et_pb_column type=\"3_5&Prime; _builder_version=\"4.27.4&Prime; _module_preset=\"default\" animation_style=\"fade\" animation_duration=\"1500ms\" animation_delay=\"100ms\" custom_css_main_element=\"margin: auto;\" global_colors_info=\"{}\"][et_pb_text _builder_version=\"4.27.4&Prime; _module_preset=\"default\" text_text_color=\"#023047&Prime; text_font_size=\"18px\" header_2_text_color=\"#023047&Prime; header_2_font_size=\"32px\" hover_enabled=\"0&Prime; global_colors_info=\"{}\" sticky_enabled=\"0&Prime;]<\/p>\n<h2><b>Solidarit\u00e9 et service<\/b><\/h2>\n<p>&nbsp;<\/p>\n<p>Vivre l&rsquo;Evangile signifie faire en sorte que les lieux dans lesquels nous vivons refl\u00e8tent les valeurs de justice et de paix. Inspir\u00e9s par la justice sociale, les Maristes du monde entier <strong>servent les moins privil\u00e9gi\u00e9s de la soci\u00e9t\u00e9<\/strong> et aident les migrants et les r\u00e9fugi\u00e9s \u00e0 s&rsquo;int\u00e9grer dans la soci\u00e9t\u00e9. Nous nous effor\u00e7ons de sensibiliser \u00e0 l&rsquo;\u00e9cologie et aux moyens de vivre en harmonie avec la nature. Certains maristes sont actifs dans la pastorale des prisons et dans le dialogue interreligieux.   <\/p>\n<p>L&rsquo;administration g\u00e9n\u00e9rale de la Soci\u00e9t\u00e9 a mis en place des moyens de communication sur les questions de paix, de justice et d&rsquo;int\u00e9grit\u00e9 de la cr\u00e9ation, tels que le \"JPIC blog <a href=\"https:\/\/jpicblog.maristsm.org\">\" : https:\/\/jpicblog.maristsm.org<\/a>, qui publie chaque semaine des articles couvrant un large \u00e9ventail de th\u00e8mes dans ce domaine.<\/p>\n<p>[\/et_pb_text][\/et_pb_column][et_pb_column type=\"2_5&Prime; _builder_version=\"4.27.4&Prime; _module_preset=\"default\" custom_css_main_element=\"margin: auto;\" global_colors_info=\"{}\"][et_pb_image src=\"https:\/\/maristeurope.eu\/wp-content\/uploads\/2024\/12\/MEMORIAL-Barbery-cross-3J-fence-crpps-en-tamano-mediano.jpeg\" title_text=\"MEMORIAL-Barbery-cross-3J-fence-crpps en tama\u00f1o mediano\" _builder_version=\"4.27.4&Prime; _module_preset=\"default\" animation_style=\"slide\" animation_direction=\"right\" animation_duration=\"1500ms\" animation_delay=\"400ms\" border_radii=\"on|50px|50px|50px|50px\" global_colors_info=\"{}\"][\/et_pb_image][\/et_pb_column][\/et_pb_row][\/et_pb_section][et_pb_section fb_built=\"1&Prime; _builder_version=\"4.27.4&Prime; _module_preset=\"default\" background_color=\"#FFFAF2&Prime; background_image=\"https:\/\/maristeurope.eu\/wp-content\/uploads\/2024\/11\/art-therapist-background-02b.png\" background_size=\"contain\" background_position=\"bottom_left\" custom_padding=\"6vw||100px||false|false\" global_colors_info=\"{}\"][et_pb_row _builder_version=\"4.27.4&Prime; _module_preset=\"default\" global_colors_info=\"{}\"][et_pb_column type=\"4_4&Prime; _builder_version=\"4.27.4&Prime; _module_preset=\"default\" global_colors_info=\"{}\"][et_pb_text _builder_version=\"4.27.4&Prime; _module_preset=\"default\" text_text_color=\"#023047&Prime; text_font_size=\"18px\" header_2_text_color=\"#023047&Prime; header_2_font_size=\"32px\" hover_enabled=\"0&Prime; global_colors_info=\"{}\" sticky_enabled=\"0&Prime;]<\/p>\n<h2>Les maristes de la Province europ\u00e9enne sont impliqu\u00e9s dans de tels minist\u00e8res - en voici quelques exemples :<\/h2>\n<p>[\/et_pb_text][et_pb_text _builder_version=\"4.27.4&Prime; _module_preset=\"default\" text_text_color=\"#023047&Prime; text_font_size=\"18px\" header_2_text_color=\"#FFFFFF\" header_2_font_size=\"32px\" hover_enabled=\"0&Prime; global_colors_info=\"{}\" sticky_enabled=\"0&Prime;]<\/p>\n<div class=\"sjd-locations-grid\"><div class=\"sjd-location-card\">  <div class=\"sjd-card-column sjd-column-name\">      <h2>Blog sur la justice, la paix et l&rsquo;int\u00e9grit\u00e9 de la cr\u00e9ation<\/h2>      <h3>Internet<\/h3>  <\/div>  <div class=\"sjd-card-column sjd-column-description\"><p>Un blog hebdomadaire couvrant les th\u00e8mes de la justice, de la paix et de la cr\u00e9ation dans le monde.<\/p><\/div>  <div class=\"sjd-card-column sjd-column-contact\">      <h3>Contact<\/h3><p><a href=\"https:\/\/jpicblog.maristsm.org\" target=\"_blank\">Visit Website<\/a><\/p>  <\/div><\/div><div class=\"sjd-location-card\">  <div class=\"sjd-card-column sjd-column-name\">      <h2>Projet Laudato Si (Yaound\u00e9, Cameroun, Afrique)<\/h2>      <h3>Cameroun<\/h3>  <\/div>  <div class=\"sjd-card-column sjd-column-description\"><p>A<span style=\"font-weight: 400;\">n projet agricole men\u00e9 par un mariste italien, Luigi Savoldelli, sm. Le projet travaille avec un groupe de familles locales et trouve son origine dans l'encyclique Laudato Si' du Pape Fran\u00e7ois. Luigi \u00e9crit :    <\/span><i><span style=\"font-weight: 400;\">\"Le travail va au-del\u00e0 de la culture de la terre ou du creusement d'un puits pour \u00e9tancher la soif des personnes, des animaux et de l'arrosage des cultures. Au-del\u00e0 de chaque initiative d\u00e9di\u00e9e aux personnes les plus d\u00e9munies et les plus vuln\u00e9rables, il y a le sens profond de les aider \u00e0 vivre mieux que ce qu'elles auraient pu imaginer. Nous cr\u00e9ons des opportunit\u00e9s pour un avenir meilleur pour environ 35 jeunes et leurs familles, afin qu'ils ne soient pas forc\u00e9s de quitter leur maison et leur pays.<\/span><\/i><\/p><\/div>  <div class=\"sjd-card-column sjd-column-contact\">      <h3>Contact<\/h3>  <\/div><\/div><div class=\"sjd-location-card\">  <div class=\"sjd-card-column sjd-column-name\">      <h2>Turin - Corso Francia<\/h2>      <h3>Italie<\/h3>  <\/div>  <div class=\"sjd-card-column sjd-column-description\"><p><span style=\"font-weight: 400;\">Le Sanctuaire de Notre-Dame de Lourdes, situ\u00e9 Corso Francia (Turin), outre diverses activit\u00e9s liturgiques et spirituelles, m\u00e8ne des activit\u00e9s caritatives au service des familles dans le besoin et des sans-abri, soit environ 250 personnes. Ce projet est g\u00e9r\u00e9 par un petit groupe de b\u00e9n\u00e9voles qui accueillent les personnes pour la distribution de nourriture et de v\u00eatements deux fois par semaine (les mercredis et jeudis). Le service est g\u00e9r\u00e9 en collaboration avec la Banque alimentaire du Pi\u00e9mont et les supermarch\u00e9s locaux. Gr\u00e2ce \u00e0 la g\u00e9n\u00e9rosit\u00e9 de nos sympathisants, nous sommes en mesure d'offrir une modeste contribution financi\u00e8re aux personnes qui frappent \u00e0 notre porte pour obtenir de l'aide. Les demandes les plus fr\u00e9quentes concernent l'achat de m\u00e9dicaments \u00e0 la pharmacie, le paiement de factures et de recharges t\u00e9l\u00e9phoniques.      <\/span><\/p><\/div>  <div class=\"sjd-card-column sjd-column-contact\">      <h3>Contact<\/h3><p>Corso Francia 29, 10138 Turin, Italy<\/p><p>+39 011 4472368<\/p><p><a href=\"mailto:renatofrappi@gmail.com\">renatofrappi@gmail.com<\/a><\/p>  <\/div><\/div><div class=\"sjd-location-card\">  <div class=\"sjd-card-column sjd-column-name\">      <h2>A Notre Dame de France, Londres<\/h2>      <h3>England<\/h3>  <\/div>  <div class=\"sjd-card-column sjd-column-description\"><p><span style=\"font-weight: 400;\">Nous accueillons <\/span><b>les sans-abri<\/b><span style=\"font-weight: 400;\">  et d'autres personnes dans le besoin pendant quelques heures le samedi, en leur offrant des sandwichs et des boissons chaudes et, peut-\u00eatre plus important encore, une occasion de discuter et de se d\u00e9tendre. Une fois par mois, nous organisons un cin\u00e9-club. <\/span><a href=\"http:\/\/www.ndfchurch.org\/en\/solidarity\"> <span style=\"font-weight: 400;\">www.ndfchurch.org\/en\/solidarity<\/span><\/a><span style=\"font-weight: 400;\">  <\/span>\n\n<span style=\"font-weight: 400;\">Le Centre de R\u00e9fugi\u00e9s de Notre Dame <\/span><b>Centre de r\u00e9fugi\u00e9s Notre Dame<\/b><span style=\"font-weight: 400;\"> (<\/span><a href=\"http:\/\/www.notredamerc.org.uk\/\"><span style=\"font-weight: 400;\">www.notredamerc.org.uk<\/span><\/a><span style=\"font-weight: 400;\">) accueille les demandeurs d'asile et les r\u00e9fugi\u00e9s<\/span> <span style=\"font-weight: 400;\">dans un centre d'accueil pour un soutien g\u00e9n\u00e9ral, un espace de socialisation, des conseils en mati\u00e8re d'immigration et de logement, des cours d'anglais et des v\u00eatements et articles de toilette gratuits. <\/span> <\/p><\/div>  <div class=\"sjd-card-column sjd-column-contact\">      <h3>Contact<\/h3><p>5 Leicester Place, London WC2H 7BX, UK<\/p><p><a href=\"https:\/\/www.notredamerc.org.uk\" target=\"_blank\">Visit Website<\/a><\/p>  <\/div><\/div><\/div>\n<p>[\/et_pb_text][\/et_pb_column][\/et_pb_row][\/et_pb_section]<\/p>\n","protected":false},"excerpt":{"rendered":"<p>[et_pb_section fb_built=\"1&Prime; _builder_version=\"4.27.4&Prime; _module_preset=\"default\" use_background_color_gradient=\"on\" background_color_gradient_stops=\"rgba(2,48,71,0.2) 0%|rgba(2,48,71,0.4) 100%\" background_color_gradient_overlays_image=\"on\" background_image=\"https:\/\/maristeurope.eu\/wp-content\/uploads\/2024\/12\/DSC3585-1-en-tamano-grande.jpeg\" background_enable_video_mp4=\"off\" custom_padding=\"16vw||4vw||false|false\" bottom_divider_style=\"ramp2&Prime; bottom_divider_color=\"#FFFAF2&Prime; bottom_divider_flip=\"horizontal\" global_colors_info=\"{}\"][et_pb_row column_structure=\"2_3,1_3&Prime; make_equal=\"on\" _builder_version=\"4.27.4&Prime; _module_preset=\"default\" background_enable_color=\"off\" custom_padding=\"0px|40px|0px|40px|true|true\" animation_style=\"fade\" animation_duration=\"1500ms\" animation_delay=\"200ms\" global_colors_info=\"{}\"][et_pb_column type=\"2_3&Prime; _builder_version=\"4.27.4&Prime; _module_preset=\"default\" custom_css_main_element=\"margin: auto;\" global_colors_info=\"{}\"][et_pb_text _builder_version=\"4.27.4&Prime; _module_preset=\"default\" header_font=\"|600||on|||||\" header_text_color=\"#FFFFFF\" header_font_size=\"4rem\" header_letter_spacing=\"4px\" header_2_text_color=\"#219EBC\" header_2_font_size=\"3.5rem\" custom_margin=\"20px||20px||true|false\" global_colors_info=\"{}\"] Justice et cr\u00e9ation [\/et_pb_text][\/et_pb_column][et_pb_column type=\"1_3&Prime; _builder_version=\"4.27.2&Prime; _module_preset=\"default\" global_colors_info=\"{}\"][\/et_pb_column][\/et_pb_row][\/et_pb_section][et_pb_section fb_built=\"1&Prime; _builder_version=\"4.27.4&Prime; _module_preset=\"default\" background_color=\"#FFFAF2&Prime; background_image=\"https:\/\/maristeurope.eu\/wp-content\/uploads\/2024\/11\/art-therapist-illustration-04-1.png\" [&hellip;]<\/p>\n","protected":false},"author":1,"featured_media":0,"parent":2958,"menu_order":0,"comment_status":"closed","ping_status":"closed","template":"","meta":{"_et_pb_use_builder":"on","_et_pb_old_content":"","_et_gb_content_width":"","footnotes":""},"class_list":["post-2360","page","type-page","status-publish","hentry"],"yoast_head":"<!-- This site is optimized with the Yoast SEO plugin v27.4 - https:\/\/yoast.com\/product\/yoast-seo-wordpress\/ -->\n<title>Justice et cr\u00e9ation - Marist Europe<\/title>\n<meta name=\"robots\" content=\"index, follow, max-snippet:-1, max-image-preview:large, max-video-preview:-1\" \/>\n<link rel=\"canonical\" href=\"https:\/\/maristeurope.eu\/fr\/la-mission\/justice-et-creation\/\" \/>\n<meta property=\"og:locale\" content=\"fr_FR\" \/>\n<meta property=\"og:type\" content=\"article\" \/>\n<meta property=\"og:title\" content=\"Justice et cr\u00e9ation - Marist Europe\" \/>\n<meta property=\"og:description\" content=\"[et_pb_section fb_built=&quot;1&Prime; _builder_version=&quot;4.27.4&Prime; _module_preset=&quot;default&quot; use_background_color_gradient=&quot;on&quot; background_color_gradient_stops=&quot;rgba(2,48,71,0.2) 0%|rgba(2,48,71,0.4) 100%&quot; background_color_gradient_overlays_image=&quot;on&quot; background_image=&quot;https:\/\/maristeurope.eu\/wp-content\/uploads\/2024\/12\/DSC3585-1-en-tamano-grande.jpeg&quot; background_enable_video_mp4=&quot;off&quot; custom_padding=&quot;16vw||4vw||false|false&quot; bottom_divider_style=&quot;ramp2&Prime; bottom_divider_color=&quot;#FFFAF2&Prime; bottom_divider_flip=&quot;horizontal&quot; global_colors_info=&quot;{}&quot;][et_pb_row column_structure=&quot;2_3,1_3&Prime; make_equal=&quot;on&quot; _builder_version=&quot;4.27.4&Prime; _module_preset=&quot;default&quot; background_enable_color=&quot;off&quot; custom_padding=&quot;0px|40px|0px|40px|true|true&quot; animation_style=&quot;fade&quot; animation_duration=&quot;1500ms&quot; animation_delay=&quot;200ms&quot; global_colors_info=&quot;{}&quot;][et_pb_column type=&quot;2_3&Prime; _builder_version=&quot;4.27.4&Prime; _module_preset=&quot;default&quot; custom_css_main_element=&quot;margin: auto;&quot; global_colors_info=&quot;{}&quot;][et_pb_text _builder_version=&quot;4.27.4&Prime; _module_preset=&quot;default&quot; header_font=&quot;|600||on|||||&quot; header_text_color=&quot;#FFFFFF&quot; header_font_size=&quot;4rem&quot; header_letter_spacing=&quot;4px&quot; header_2_text_color=&quot;#219EBC&quot; header_2_font_size=&quot;3.5rem&quot; custom_margin=&quot;20px||20px||true|false&quot; global_colors_info=&quot;{}&quot;] Justice et cr\u00e9ation [\/et_pb_text][\/et_pb_column][et_pb_column type=&quot;1_3&Prime; _builder_version=&quot;4.27.2&Prime; _module_preset=&quot;default&quot; global_colors_info=&quot;{}&quot;][\/et_pb_column][\/et_pb_row][\/et_pb_section][et_pb_section fb_built=&quot;1&Prime; _builder_version=&quot;4.27.4&Prime; _module_preset=&quot;default&quot; background_color=&quot;#FFFAF2&Prime; background_image=&quot;https:\/\/maristeurope.eu\/wp-content\/uploads\/2024\/11\/art-therapist-illustration-04-1.png&quot; [&hellip;]\" \/>\n<meta property=\"og:url\" content=\"https:\/\/maristeurope.eu\/fr\/la-mission\/justice-et-creation\/\" \/>\n<meta property=\"og:site_name\" content=\"Marist Europe\" \/>\n<meta property=\"article:modified_time\" content=\"2025-02-12T08:48:52+00:00\" \/>\n<meta name=\"twitter:card\" content=\"summary_large_image\" \/>\n<meta name=\"twitter:label1\" content=\"Dur\u00e9e de lecture estim\u00e9e\" \/>\n\t<meta name=\"twitter:data1\" content=\"4 minutes\" \/>\n<script type=\"application\/ld+json\" class=\"yoast-schema-graph\">{\"@context\":\"https:\\\/\\\/schema.org\",\"@graph\":[{\"@type\":\"WebPage\",\"@id\":\"https:\\\/\\\/maristeurope.eu\\\/fr\\\/la-mission\\\/justice-et-creation\\\/\",\"url\":\"https:\\\/\\\/maristeurope.eu\\\/fr\\\/la-mission\\\/justice-et-creation\\\/\",\"name\":\"Justice et cr\u00e9ation - Marist Europe\",\"isPartOf\":{\"@id\":\"https:\\\/\\\/maristeurope.eu\\\/fr\\\/#website\"},\"datePublished\":\"2024-12-19T09:55:50+00:00\",\"dateModified\":\"2025-02-12T08:48:52+00:00\",\"breadcrumb\":{\"@id\":\"https:\\\/\\\/maristeurope.eu\\\/fr\\\/la-mission\\\/justice-et-creation\\\/#breadcrumb\"},\"inLanguage\":\"fr-FR\",\"potentialAction\":[{\"@type\":\"ReadAction\",\"target\":[\"https:\\\/\\\/maristeurope.eu\\\/fr\\\/la-mission\\\/justice-et-creation\\\/\"]}]},{\"@type\":\"BreadcrumbList\",\"@id\":\"https:\\\/\\\/maristeurope.eu\\\/fr\\\/la-mission\\\/justice-et-creation\\\/#breadcrumb\",\"itemListElement\":[{\"@type\":\"ListItem\",\"position\":1,\"name\":\"Home\",\"item\":\"https:\\\/\\\/maristeurope.eu\\\/fr\\\/maristes\\\/\"},{\"@type\":\"ListItem\",\"position\":2,\"name\":\"La mission\",\"item\":\"https:\\\/\\\/maristeurope.eu\\\/fr\\\/la-mission\\\/\"},{\"@type\":\"ListItem\",\"position\":3,\"name\":\"Justice et cr\u00e9ation\"}]},{\"@type\":\"WebSite\",\"@id\":\"https:\\\/\\\/maristeurope.eu\\\/fr\\\/#website\",\"url\":\"https:\\\/\\\/maristeurope.eu\\\/fr\\\/\",\"name\":\"Marist Europe\",\"description\":\"\",\"publisher\":{\"@id\":\"https:\\\/\\\/maristeurope.eu\\\/fr\\\/#organization\"},\"potentialAction\":[{\"@type\":\"SearchAction\",\"target\":{\"@type\":\"EntryPoint\",\"urlTemplate\":\"https:\\\/\\\/maristeurope.eu\\\/fr\\\/?s={search_term_string}\"},\"query-input\":{\"@type\":\"PropertyValueSpecification\",\"valueRequired\":true,\"valueName\":\"search_term_string\"}}],\"inLanguage\":\"fr-FR\"},{\"@type\":\"Organization\",\"@id\":\"https:\\\/\\\/maristeurope.eu\\\/fr\\\/#organization\",\"name\":\"Marist Europe\",\"url\":\"https:\\\/\\\/maristeurope.eu\\\/fr\\\/\",\"logo\":{\"@type\":\"ImageObject\",\"inLanguage\":\"fr-FR\",\"@id\":\"https:\\\/\\\/maristeurope.eu\\\/fr\\\/#\\\/schema\\\/logo\\\/image\\\/\",\"url\":\"https:\\\/\\\/maristeurope.eu\\\/wp-content\\\/uploads\\\/2024\\\/10\\\/EU-SM-Finalogo-02.png\",\"contentUrl\":\"https:\\\/\\\/maristeurope.eu\\\/wp-content\\\/uploads\\\/2024\\\/10\\\/EU-SM-Finalogo-02.png\",\"width\":150,\"height\":156,\"caption\":\"Marist Europe\"},\"image\":{\"@id\":\"https:\\\/\\\/maristeurope.eu\\\/fr\\\/#\\\/schema\\\/logo\\\/image\\\/\"}}]}<\/script>\n<!-- \/ Yoast SEO plugin. -->","yoast_head_json":{"title":"Justice et cr\u00e9ation - Marist Europe","robots":{"index":"index","follow":"follow","max-snippet":"max-snippet:-1","max-image-preview":"max-image-preview:large","max-video-preview":"max-video-preview:-1"},"canonical":"https:\/\/maristeurope.eu\/fr\/la-mission\/justice-et-creation\/","og_locale":"fr_FR","og_type":"article","og_title":"Justice et cr\u00e9ation - Marist Europe","og_description":"[et_pb_section fb_built=\"1&Prime; _builder_version=\"4.27.4&Prime; _module_preset=\"default\" use_background_color_gradient=\"on\" background_color_gradient_stops=\"rgba(2,48,71,0.2) 0%|rgba(2,48,71,0.4) 100%\" background_color_gradient_overlays_image=\"on\" background_image=\"https:\/\/maristeurope.eu\/wp-content\/uploads\/2024\/12\/DSC3585-1-en-tamano-grande.jpeg\" background_enable_video_mp4=\"off\" custom_padding=\"16vw||4vw||false|false\" bottom_divider_style=\"ramp2&Prime; bottom_divider_color=\"#FFFAF2&Prime; bottom_divider_flip=\"horizontal\" global_colors_info=\"{}\"][et_pb_row column_structure=\"2_3,1_3&Prime; make_equal=\"on\" _builder_version=\"4.27.4&Prime; _module_preset=\"default\" background_enable_color=\"off\" custom_padding=\"0px|40px|0px|40px|true|true\" animation_style=\"fade\" animation_duration=\"1500ms\" animation_delay=\"200ms\" global_colors_info=\"{}\"][et_pb_column type=\"2_3&Prime; _builder_version=\"4.27.4&Prime; _module_preset=\"default\" custom_css_main_element=\"margin: auto;\" global_colors_info=\"{}\"][et_pb_text _builder_version=\"4.27.4&Prime; _module_preset=\"default\" header_font=\"|600||on|||||\" header_text_color=\"#FFFFFF\" header_font_size=\"4rem\" header_letter_spacing=\"4px\" header_2_text_color=\"#219EBC\" header_2_font_size=\"3.5rem\" custom_margin=\"20px||20px||true|false\" global_colors_info=\"{}\"] Justice et cr\u00e9ation [\/et_pb_text][\/et_pb_column][et_pb_column type=\"1_3&Prime; _builder_version=\"4.27.2&Prime; _module_preset=\"default\" global_colors_info=\"{}\"][\/et_pb_column][\/et_pb_row][\/et_pb_section][et_pb_section fb_built=\"1&Prime; _builder_version=\"4.27.4&Prime; _module_preset=\"default\" background_color=\"#FFFAF2&Prime; background_image=\"https:\/\/maristeurope.eu\/wp-content\/uploads\/2024\/11\/art-therapist-illustration-04-1.png\" [&hellip;]","og_url":"https:\/\/maristeurope.eu\/fr\/la-mission\/justice-et-creation\/","og_site_name":"Marist Europe","article_modified_time":"2025-02-12T08:48:52+00:00","twitter_card":"summary_large_image","twitter_misc":{"Dur\u00e9e de lecture estim\u00e9e":"4 minutes"},"schema":{"@context":"https:\/\/schema.org","@graph":[{"@type":"WebPage","@id":"https:\/\/maristeurope.eu\/fr\/la-mission\/justice-et-creation\/","url":"https:\/\/maristeurope.eu\/fr\/la-mission\/justice-et-creation\/","name":"Justice et cr\u00e9ation - Marist Europe","isPartOf":{"@id":"https:\/\/maristeurope.eu\/fr\/#website"},"datePublished":"2024-12-19T09:55:50+00:00","dateModified":"2025-02-12T08:48:52+00:00","breadcrumb":{"@id":"https:\/\/maristeurope.eu\/fr\/la-mission\/justice-et-creation\/#breadcrumb"},"inLanguage":"fr-FR","potentialAction":[{"@type":"ReadAction","target":["https:\/\/maristeurope.eu\/fr\/la-mission\/justice-et-creation\/"]}]},{"@type":"BreadcrumbList","@id":"https:\/\/maristeurope.eu\/fr\/la-mission\/justice-et-creation\/#breadcrumb","itemListElement":[{"@type":"ListItem","position":1,"name":"Home","item":"https:\/\/maristeurope.eu\/fr\/maristes\/"},{"@type":"ListItem","position":2,"name":"La mission","item":"https:\/\/maristeurope.eu\/fr\/la-mission\/"},{"@type":"ListItem","position":3,"name":"Justice et cr\u00e9ation"}]},{"@type":"WebSite","@id":"https:\/\/maristeurope.eu\/fr\/#website","url":"https:\/\/maristeurope.eu\/fr\/","name":"Marist Europe","description":"","publisher":{"@id":"https:\/\/maristeurope.eu\/fr\/#organization"},"potentialAction":[{"@type":"SearchAction","target":{"@type":"EntryPoint","urlTemplate":"https:\/\/maristeurope.eu\/fr\/?s={search_term_string}"},"query-input":{"@type":"PropertyValueSpecification","valueRequired":true,"valueName":"search_term_string"}}],"inLanguage":"fr-FR"},{"@type":"Organization","@id":"https:\/\/maristeurope.eu\/fr\/#organization","name":"Marist Europe","url":"https:\/\/maristeurope.eu\/fr\/","logo":{"@type":"ImageObject","inLanguage":"fr-FR","@id":"https:\/\/maristeurope.eu\/fr\/#\/schema\/logo\/image\/","url":"https:\/\/maristeurope.eu\/wp-content\/uploads\/2024\/10\/EU-SM-Finalogo-02.png","contentUrl":"https:\/\/maristeurope.eu\/wp-content\/uploads\/2024\/10\/EU-SM-Finalogo-02.png","width":150,"height":156,"caption":"Marist Europe"},"image":{"@id":"https:\/\/maristeurope.eu\/fr\/#\/schema\/logo\/image\/"}}]}},"_links":{"self":[{"href":"https:\/\/maristeurope.eu\/fr\/wp-json\/wp\/v2\/pages\/2360","targetHints":{"allow":["GET"]}}],"collection":[{"href":"https:\/\/maristeurope.eu\/fr\/wp-json\/wp\/v2\/pages"}],"about":[{"href":"https:\/\/maristeurope.eu\/fr\/wp-json\/wp\/v2\/types\/page"}],"author":[{"embeddable":true,"href":"https:\/\/maristeurope.eu\/fr\/wp-json\/wp\/v2\/users\/1"}],"replies":[{"embeddable":true,"href":"https:\/\/maristeurope.eu\/fr\/wp-json\/wp\/v2\/comments?post=2360"}],"version-history":[{"count":6,"href":"https:\/\/maristeurope.eu\/fr\/wp-json\/wp\/v2\/pages\/2360\/revisions"}],"predecessor-version":[{"id":2391,"href":"https:\/\/maristeurope.eu\/fr\/wp-json\/wp\/v2\/pages\/2360\/revisions\/2391"}],"up":[{"embeddable":true,"href":"https:\/\/maristeurope.eu\/fr\/wp-json\/wp\/v2\/pages\/2958"}],"wp:attachment":[{"href":"https:\/\/maristeurope.eu\/fr\/wp-json\/wp\/v2\/media?parent=2360"}],"curies":[{"name":"wp","href":"https:\/\/api.w.org\/{rel}","templated":true}]}}