{"id":2300,"date":"2024-10-04T05:42:42","date_gmt":"2024-10-04T05:42:42","guid":{"rendered":"https:\/\/marist.sjdigitaldemo.ovh\/politique-de-confidentialite\/"},"modified":"2025-03-13T17:18:44","modified_gmt":"2025-03-13T17:18:44","slug":"politique-de-confidentialite","status":"publish","type":"page","link":"https:\/\/maristeurope.eu\/fr\/politique-de-confidentialite\/","title":{"rendered":"Politique de confidentialit\u00e9 de la Soci\u00e9t\u00e9 de Marie en Europe"},"content":{"rendered":"<p>[et_pb_section fb_built=\"1&Prime; admin_label=\"section\" _builder_version=\"4.16&Prime; global_colors_info=\"{}\"][et_pb_row admin_label=\"rang\u00e9e\" _builder_version=\"4.16&Prime; background_size=\"initial\" background_position=\"top_left\" background_repeat=\"repeat\" global_colors_info=\"{}\"][et_pb_column type=\"4_4&Prime; _builder_version=\"4.16&Prime; custom_padding=\"|||\" global_colors_info=\"{}\" custom_padding__hover=\"|||\"][et_pb_text admin_label=\"Text\" _builder_version=\"4.16&Prime; background_size=\"initial\" background_position=\"top_left\" background_repeat=\"repeat\" global_colors_info=\"{}\"]<\/p>\n<p>&nbsp;<\/p>\n<p>&nbsp;<\/p>\n<p>&nbsp;<\/p>\n<p>&nbsp;<\/p>\n<h2 class=\"wp-block-heading\"><strong>Politique de confidentialit\u00e9<\/strong><\/h2>\n<p>&nbsp;<\/p>\n<p>Ceci est le site principal de la Soci\u00e9t\u00e9 de Marie en Europe. Notre maison provinciale europ\u00e9enne est situ\u00e9e en France : 104 rue de Vaugirard, 75006 Paris et peut \u00eatre contact\u00e9e par email \u00e0 <a href=\"mailto:info@maristeurope.eu\" target=\"_blank\" rel=\"noreferrer noopener\">info@maristeurope.eu.<\/a> <\/p>\n<\/p>\n<p>Nous avons adopt\u00e9 cette politique de confidentialit\u00e9 afin de d\u00e9montrer notre engagement ferme en faveur de la protection de la vie priv\u00e9e. Cette politique de confidentialit\u00e9 d\u00e9finit nos pratiques en mati\u00e8re de traitement des informations que vous pouvez nous communiquer en utilisant ce site web. <\/p>\n<\/p>\n<h2 class=\"wp-block-heading\"><strong>Acceptation de la d\u00e9claration de confidentialit\u00e9<\/strong><\/h2>\n<\/p>\n<p>En utilisant ce site, vous signifiez votre acceptation de cette d\u00e9claration. Si vous n&rsquo;\u00eates pas d&rsquo;accord avec l&rsquo;un des aspects de cette d\u00e9claration, nous vous invitons \u00e0 cesser d&rsquo;utiliser le site web. Nous nous r\u00e9servons le droit de modifier cette politique de confidentialit\u00e9 \u00e0 tout moment. Par cons\u00e9quent, chaque fois que vous utiliserez ce site web, vous serez li\u00e9 par la politique de confidentialit\u00e9 en vigueur et vous devrez la consulter \u00e0 chaque fois que vous utiliserez le site web afin de vous assurer que vous acceptez les modifications \u00e9ventuelles.   <\/p>\n<\/p>\n<h2 class=\"wp-block-heading\"><strong>Informations que nous recueillons<\/strong><\/h2>\n<\/p>\n<p>Notre objectif est d&rsquo;am\u00e9liorer en permanence votre exp\u00e9rience de nos canaux num\u00e9riques. Nous utilisons des cookies pour am\u00e9liorer votre exp\u00e9rience client de notre service et de nos applications en ligne. Vous pouvez acc\u00e9der \u00e0 notre site web et y naviguer sans nous divulguer vos informations personnelles. Si vous ne faites que surfer et lire des informations sur le site web, comme tout autre site web, nous recueillons et stockons les informations anonymes suivantes sur votre visite :   <\/p>\n<\/p>\n<p>- L&rsquo;adresse IP associ\u00e9e \u00e0 votre connexion lorsque vous avez visit\u00e9 le site web ;<\/p>\n<\/p>\n<p>- Le syst\u00e8me d&rsquo;exploitation et le navigateur que vous avez utilis\u00e9s lors de votre visite sur le site web ;<\/p>\n<\/p>\n<p>- L&rsquo;URL qui vous a renvoy\u00e9 sur le site web ;<\/p>\n<\/p>\n<p>- la date, l&rsquo;heure et la dur\u00e9e de votre visite ; et<\/p>\n<\/p>\n<p>- Les URL des pages que vous visitez sur le site web.<\/p>\n<\/p>\n<p>Nous pouvons utiliser ces informations anonymes \u00e0 des fins statistiques et nous pouvons partager avec des tiers des informations d\u00e9mographiques g\u00e9n\u00e9riques agr\u00e9g\u00e9es qui ne sont pas li\u00e9es \u00e0 des informations d&rsquo;identification personnelle, afin de nous aider \u00e0 mieux comprendre comment les gens utilisent notre site web et l&rsquo;int\u00e9r\u00eat qu&rsquo;ils portent \u00e0 nos services.<\/p>\n<\/p>\n<h2 class=\"wp-block-heading\"><strong>Vos informations d&rsquo;identification personnelle<\/strong><\/h2>\n<\/p>\n<p>Nous n&rsquo;enregistrons pas automatiquement les informations d&rsquo;identification personnelle lorsque vous utilisez et interagissez avec ce site web. Nous n&rsquo;\u00e9tablissons pas de lien entre les informations enregistr\u00e9es automatiquement par d&rsquo;autres moyens et les informations d&rsquo;identification personnelle concernant des personnes sp\u00e9cifiques qui utilisent ce site web et interagissent avec lui. Nous ne recueillons pas d&rsquo;informations sur nos visiteurs \u00e0 partir d&rsquo;autres sources, telles que des archives ou des organismes publics, ou des organisations priv\u00e9es.  <\/p>\n<\/p>\n<p>Cependant, vous pouvez choisir de divulguer des informations personnelles \u00e0 la Province europ\u00e9enne de la Soci\u00e9t\u00e9 de Marie par diverses m\u00e9thodes sur ce site web, y compris, mais sans s&rsquo;y limiter, les formulaires de contact, les formulaires de demande de renseignements ou lorsque vous r\u00e9pondez \u00e0 une enqu\u00eate en ligne. Ces informations personnelles peuvent \u00eatre utilis\u00e9es pour vous identifier en tant qu&rsquo;individu uniquement.  Si vous nous fournissez des informations d&rsquo;identification personnelle, nous utiliserons ces informations dans le but de vous fournir le service ou les informations que vous avez demand\u00e9s \u00e0 la Province europ\u00e9enne de la Soci\u00e9t\u00e9 de Marie.<\/p>\n<\/p>\n<h2 class=\"wp-block-heading\"><strong>Vous nous autorisez \u00e0<\/strong><\/h2>\n<\/p>\n<p>utiliser vos informations personnelles pour vous recommander des services ou vous fournir d&rsquo;autres informations que nous jugeons pertinentes pour vous. Nous nous r\u00e9servons le droit de coop\u00e9rer avec les autorit\u00e9s locales, nationales ou internationales charg\u00e9es de l&rsquo;application de la loi dans le cadre d&rsquo;enqu\u00eates sur des activit\u00e9s inappropri\u00e9es ou ill\u00e9gales. Si une enqu\u00eate sp\u00e9cifique n\u00e9cessite la fourniture d&rsquo;informations personnelles, il peut s&rsquo;av\u00e9rer n\u00e9cessaire de divulguer des informations personnelles concernant ces personnes. Nous ne le ferons que si la loi l&rsquo;autorise et l&rsquo;exige.   <\/p>\n<\/p>\n<h2 class=\"wp-block-heading\"><strong>Cookies<\/strong><\/h2>\n<\/p>\n<p>Les cookies sont utilis\u00e9s pour surveiller le trafic sur le site web et am\u00e9liorer votre exp\u00e9rience sur notre site web. Les cookies sont des donn\u00e9es que votre ordinateur, votre t\u00e9l\u00e9phone portable ou votre tablette t\u00e9l\u00e9charge lorsque vous visitez un site web. Les cookies sont utilis\u00e9s pour garder une trace de vos pr\u00e9f\u00e9rences et pour reconna\u00eetre les visiteurs qui reviennent. Vous pouvez configurer votre navigateur web pour qu&rsquo;il refuse les cookies ou pour qu&rsquo;il vous avertisse lorsque des cookies sont envoy\u00e9s. Dans ce cas, sachez que certaines parties de ce site web pourraient ne pas fonctionner comme pr\u00e9vu.    <\/p>\n<\/p>\n<h2 class=\"wp-block-heading\"><strong>Hyperliens<\/strong><\/h2>\n<\/p>\n<p>Certaines pages de nos sites web peuvent contenir des liens hypertextes vers des sites web qui ne sont pas g\u00e9r\u00e9s par la Province europ\u00e9enne de la Soci\u00e9t\u00e9 de Marie. Nous vous rappelons que des conditions d&rsquo;utilisation diff\u00e9rentes s&rsquo;appliqueront en tant qu&rsquo;utilisateur de ces sites web. En outre, ces sites web peuvent ne pas respecter les m\u00eames normes de confidentialit\u00e9 que la Province europ\u00e9enne de la Soci\u00e9t\u00e9 de Marie. Nous vous conseillons vivement de consulter la politique de confidentialit\u00e9 de chaque site que vous visitez.   <\/p>\n<\/p>\n<h2 class=\"wp-block-heading\"><strong>Droit d&rsquo;acc\u00e8s et de rectification<\/strong><\/h2>\n<\/p>\n<p>Vous pouvez demander des d\u00e9tails sur les informations personnelles que nous d\u00e9tenons \u00e0 votre sujet en vertu des lois sur la protection des donn\u00e9es et du r\u00e8glement g\u00e9n\u00e9ral sur la protection des donn\u00e9es (RGPD) pertinents. Si vous souhaitez obtenir une copie des informations que nous d\u00e9tenons sur vous, veuillez nous contacter. Si vous pensez que les informations que nous d\u00e9tenons sur vous sont incorrectes ou incompl\u00e8tes, veuillez nous \u00e9crire \u00e0 l&rsquo;adresse ci-dessus ou nous envoyer un courriel \u00e0 <a href=\"mailto:info@maristeurope.eu\" target=\"_blank\" rel=\"noreferrer noopener\">info@maristeurope.eu.<\/a> Nous corrigerons rapidement toute information jug\u00e9e incorrecte ou supprimerons l&rsquo;ensemble du dossier \u00e0 votre demande.   <\/p>\n<\/p>\n<h2 class=\"wp-block-heading\"><strong>S\u00e9curit\u00e9<\/strong><\/h2>\n<\/p>\n<p>Nous prenons nos responsabilit\u00e9s en mati\u00e8re de s\u00e9curit\u00e9 tr\u00e8s au s\u00e9rieux, en employant les mesures physiques et techniques les plus appropri\u00e9es disponibles, y compris le d\u00e9ploiement des logiciels de s\u00e9curit\u00e9 les plus r\u00e9cents, la formation et la sensibilisation du personnel, et nous r\u00e9visons ces mesures r\u00e9guli\u00e8rement.<\/p>\n<\/p>\n<h2 class=\"wp-block-heading\"><strong>R\u00e9tention<\/strong><\/h2>\n<\/p>\n<p>Si vous fournissez \u00e0 la Province europ\u00e9enne de la Soci\u00e9t\u00e9 de Marie vos informations personnelles, nous ne les conserverons que pendant la dur\u00e9e raisonnablement n\u00e9cessaire, compte tenu de notre besoin de r\u00e9pondre aux questions ou de r\u00e9soudre les probl\u00e8mes, de fournir des services nouveaux et am\u00e9lior\u00e9s et de nous conformer aux exigences l\u00e9gales en vertu de la (des) loi(s) applicable(s). Cela signifie que nous pouvons conserver vos informations personnelles pendant une p\u00e9riode raisonnable apr\u00e8s que vous avez cess\u00e9 d&rsquo;utiliser nos services ou ce site web. Apr\u00e8s cette p\u00e9riode, vos informations personnelles seront supprim\u00e9es de tous les syst\u00e8mes de la Province europ\u00e9enne de la Soci\u00e9t\u00e9 de Marie. Vous avez le droit de demander la suppression de vos informations personnelles \u00e0 tout moment.   <\/p>\n<\/p>\n<h2 class=\"wp-block-heading\"><strong>Modifications de cette politique<\/strong><\/h2>\n<\/p>\n<p>Nous nous r\u00e9servons le droit de modifier, d&rsquo;adapter et d&rsquo;ajuster la pr\u00e9sente politique de confidentialit\u00e9 sur le site web sans notification pr\u00e9alable. Vous reconnaissez et acceptez que cette politique de confidentialit\u00e9 peut \u00eatre modifi\u00e9e de temps \u00e0 autre et vous vous rendez compte que la derni\u00e8re version est applicable lorsque vous visitez le site web. <\/p>\n<\/p>\n<h2 class=\"wp-block-heading\"><strong>Contactez nous<\/strong><\/h2>\n<\/p>\n<p>Cette politique pr\u00e9sente les pratiques en mati\u00e8re de confidentialit\u00e9 de la Province europ\u00e9enne de la Soci\u00e9t\u00e9 de Marie. Si vous avez des questions sp\u00e9cifiques sur ces pratiques et politiques, vous pouvez nous envoyer un courriel \u00e0 <a href=\"mailto:info@maristeurope.eu\" target=\"_blank\" rel=\"noreferrer noopener\">info@maristeurope.eu.<\/a> <\/p>\n<\/p>\n<p>[\/et_pb_text][\/et_pb_column][\/et_pb_row][\/et_pb_section]<\/p>\n","protected":false},"excerpt":{"rendered":"<p>&nbsp; &nbsp; &nbsp; &nbsp; Politique de confidentialit\u00e9 &nbsp; Ceci est le site principal de la Soci\u00e9t\u00e9 de Marie en Europe. Notre maison provinciale europ\u00e9enne est situ\u00e9e en France : 104 rue de Vaugirard, 75006 Paris et peut \u00eatre contact\u00e9e par email \u00e0 info@maristeurope.eu. Nous avons adopt\u00e9 cette politique de confidentialit\u00e9 afin de d\u00e9montrer notre engagement [&hellip;]<\/p>\n","protected":false},"author":1,"featured_media":0,"parent":0,"menu_order":0,"comment_status":"closed","ping_status":"open","template":"","meta":{"_et_pb_use_builder":"on","_et_pb_old_content":"","_et_gb_content_width":"","footnotes":""},"class_list":["post-2300","page","type-page","status-publish","hentry"],"yoast_head":"<!-- This site is optimized with the Yoast SEO plugin v27.4 - https:\/\/yoast.com\/product\/yoast-seo-wordpress\/ -->\n<title>Politique de confidentialit\u00e9 de la Soci\u00e9t\u00e9 de Marie en Europe - Marist Europe<\/title>\n<meta name=\"robots\" content=\"index, follow, max-snippet:-1, max-image-preview:large, max-video-preview:-1\" \/>\n<link rel=\"canonical\" href=\"https:\/\/maristeurope.eu\/fr\/politique-de-confidentialite\/\" \/>\n<meta property=\"og:locale\" content=\"fr_FR\" \/>\n<meta property=\"og:type\" content=\"article\" \/>\n<meta property=\"og:title\" content=\"Politique de confidentialit\u00e9 de la Soci\u00e9t\u00e9 de Marie en Europe - Marist Europe\" \/>\n<meta property=\"og:description\" content=\"&nbsp; &nbsp; &nbsp; &nbsp; Politique de confidentialit\u00e9 &nbsp; Ceci est le site principal de la Soci\u00e9t\u00e9 de Marie en Europe. Notre maison provinciale europ\u00e9enne est situ\u00e9e en France : 104 rue de Vaugirard, 75006 Paris et peut \u00eatre contact\u00e9e par email \u00e0 info@maristeurope.eu. Nous avons adopt\u00e9 cette politique de confidentialit\u00e9 afin de d\u00e9montrer notre engagement [&hellip;]\" \/>\n<meta property=\"og:url\" content=\"https:\/\/maristeurope.eu\/fr\/politique-de-confidentialite\/\" \/>\n<meta property=\"og:site_name\" content=\"Marist Europe\" \/>\n<meta property=\"article:modified_time\" content=\"2025-03-13T17:18:44+00:00\" \/>\n<meta name=\"twitter:card\" content=\"summary_large_image\" \/>\n<meta name=\"twitter:label1\" content=\"Dur\u00e9e de lecture estim\u00e9e\" \/>\n\t<meta name=\"twitter:data1\" content=\"7 minutes\" \/>\n<script type=\"application\/ld+json\" class=\"yoast-schema-graph\">{\"@context\":\"https:\\\/\\\/schema.org\",\"@graph\":[{\"@type\":\"WebPage\",\"@id\":\"https:\\\/\\\/maristeurope.eu\\\/fr\\\/politique-de-confidentialite\\\/\",\"url\":\"https:\\\/\\\/maristeurope.eu\\\/fr\\\/politique-de-confidentialite\\\/\",\"name\":\"Politique de confidentialit\u00e9 de la Soci\u00e9t\u00e9 de Marie en Europe - Marist Europe\",\"isPartOf\":{\"@id\":\"https:\\\/\\\/maristeurope.eu\\\/fr\\\/#website\"},\"datePublished\":\"2024-10-04T05:42:42+00:00\",\"dateModified\":\"2025-03-13T17:18:44+00:00\",\"breadcrumb\":{\"@id\":\"https:\\\/\\\/maristeurope.eu\\\/fr\\\/politique-de-confidentialite\\\/#breadcrumb\"},\"inLanguage\":\"fr-FR\",\"potentialAction\":[{\"@type\":\"ReadAction\",\"target\":[\"https:\\\/\\\/maristeurope.eu\\\/fr\\\/politique-de-confidentialite\\\/\"]}]},{\"@type\":\"BreadcrumbList\",\"@id\":\"https:\\\/\\\/maristeurope.eu\\\/fr\\\/politique-de-confidentialite\\\/#breadcrumb\",\"itemListElement\":[{\"@type\":\"ListItem\",\"position\":1,\"name\":\"Home\",\"item\":\"https:\\\/\\\/maristeurope.eu\\\/fr\\\/maristes\\\/\"},{\"@type\":\"ListItem\",\"position\":2,\"name\":\"Politique de confidentialit\u00e9 de la Soci\u00e9t\u00e9 de Marie en Europe\"}]},{\"@type\":\"WebSite\",\"@id\":\"https:\\\/\\\/maristeurope.eu\\\/fr\\\/#website\",\"url\":\"https:\\\/\\\/maristeurope.eu\\\/fr\\\/\",\"name\":\"Marist Europe\",\"description\":\"\",\"publisher\":{\"@id\":\"https:\\\/\\\/maristeurope.eu\\\/fr\\\/#organization\"},\"potentialAction\":[{\"@type\":\"SearchAction\",\"target\":{\"@type\":\"EntryPoint\",\"urlTemplate\":\"https:\\\/\\\/maristeurope.eu\\\/fr\\\/?s={search_term_string}\"},\"query-input\":{\"@type\":\"PropertyValueSpecification\",\"valueRequired\":true,\"valueName\":\"search_term_string\"}}],\"inLanguage\":\"fr-FR\"},{\"@type\":\"Organization\",\"@id\":\"https:\\\/\\\/maristeurope.eu\\\/fr\\\/#organization\",\"name\":\"Marist Europe\",\"url\":\"https:\\\/\\\/maristeurope.eu\\\/fr\\\/\",\"logo\":{\"@type\":\"ImageObject\",\"inLanguage\":\"fr-FR\",\"@id\":\"https:\\\/\\\/maristeurope.eu\\\/fr\\\/#\\\/schema\\\/logo\\\/image\\\/\",\"url\":\"https:\\\/\\\/maristeurope.eu\\\/wp-content\\\/uploads\\\/2024\\\/10\\\/EU-SM-Finalogo-02.png\",\"contentUrl\":\"https:\\\/\\\/maristeurope.eu\\\/wp-content\\\/uploads\\\/2024\\\/10\\\/EU-SM-Finalogo-02.png\",\"width\":150,\"height\":156,\"caption\":\"Marist Europe\"},\"image\":{\"@id\":\"https:\\\/\\\/maristeurope.eu\\\/fr\\\/#\\\/schema\\\/logo\\\/image\\\/\"}}]}<\/script>\n<!-- \/ Yoast SEO plugin. -->","yoast_head_json":{"title":"Politique de confidentialit\u00e9 de la Soci\u00e9t\u00e9 de Marie en Europe - Marist Europe","robots":{"index":"index","follow":"follow","max-snippet":"max-snippet:-1","max-image-preview":"max-image-preview:large","max-video-preview":"max-video-preview:-1"},"canonical":"https:\/\/maristeurope.eu\/fr\/politique-de-confidentialite\/","og_locale":"fr_FR","og_type":"article","og_title":"Politique de confidentialit\u00e9 de la Soci\u00e9t\u00e9 de Marie en Europe - Marist Europe","og_description":"&nbsp; &nbsp; &nbsp; &nbsp; Politique de confidentialit\u00e9 &nbsp; Ceci est le site principal de la Soci\u00e9t\u00e9 de Marie en Europe. Notre maison provinciale europ\u00e9enne est situ\u00e9e en France : 104 rue de Vaugirard, 75006 Paris et peut \u00eatre contact\u00e9e par email \u00e0 info@maristeurope.eu. Nous avons adopt\u00e9 cette politique de confidentialit\u00e9 afin de d\u00e9montrer notre engagement [&hellip;]","og_url":"https:\/\/maristeurope.eu\/fr\/politique-de-confidentialite\/","og_site_name":"Marist Europe","article_modified_time":"2025-03-13T17:18:44+00:00","twitter_card":"summary_large_image","twitter_misc":{"Dur\u00e9e de lecture estim\u00e9e":"7 minutes"},"schema":{"@context":"https:\/\/schema.org","@graph":[{"@type":"WebPage","@id":"https:\/\/maristeurope.eu\/fr\/politique-de-confidentialite\/","url":"https:\/\/maristeurope.eu\/fr\/politique-de-confidentialite\/","name":"Politique de confidentialit\u00e9 de la Soci\u00e9t\u00e9 de Marie en Europe - Marist Europe","isPartOf":{"@id":"https:\/\/maristeurope.eu\/fr\/#website"},"datePublished":"2024-10-04T05:42:42+00:00","dateModified":"2025-03-13T17:18:44+00:00","breadcrumb":{"@id":"https:\/\/maristeurope.eu\/fr\/politique-de-confidentialite\/#breadcrumb"},"inLanguage":"fr-FR","potentialAction":[{"@type":"ReadAction","target":["https:\/\/maristeurope.eu\/fr\/politique-de-confidentialite\/"]}]},{"@type":"BreadcrumbList","@id":"https:\/\/maristeurope.eu\/fr\/politique-de-confidentialite\/#breadcrumb","itemListElement":[{"@type":"ListItem","position":1,"name":"Home","item":"https:\/\/maristeurope.eu\/fr\/maristes\/"},{"@type":"ListItem","position":2,"name":"Politique de confidentialit\u00e9 de la Soci\u00e9t\u00e9 de Marie en Europe"}]},{"@type":"WebSite","@id":"https:\/\/maristeurope.eu\/fr\/#website","url":"https:\/\/maristeurope.eu\/fr\/","name":"Marist Europe","description":"","publisher":{"@id":"https:\/\/maristeurope.eu\/fr\/#organization"},"potentialAction":[{"@type":"SearchAction","target":{"@type":"EntryPoint","urlTemplate":"https:\/\/maristeurope.eu\/fr\/?s={search_term_string}"},"query-input":{"@type":"PropertyValueSpecification","valueRequired":true,"valueName":"search_term_string"}}],"inLanguage":"fr-FR"},{"@type":"Organization","@id":"https:\/\/maristeurope.eu\/fr\/#organization","name":"Marist Europe","url":"https:\/\/maristeurope.eu\/fr\/","logo":{"@type":"ImageObject","inLanguage":"fr-FR","@id":"https:\/\/maristeurope.eu\/fr\/#\/schema\/logo\/image\/","url":"https:\/\/maristeurope.eu\/wp-content\/uploads\/2024\/10\/EU-SM-Finalogo-02.png","contentUrl":"https:\/\/maristeurope.eu\/wp-content\/uploads\/2024\/10\/EU-SM-Finalogo-02.png","width":150,"height":156,"caption":"Marist Europe"},"image":{"@id":"https:\/\/maristeurope.eu\/fr\/#\/schema\/logo\/image\/"}}]}},"_links":{"self":[{"href":"https:\/\/maristeurope.eu\/fr\/wp-json\/wp\/v2\/pages\/2300","targetHints":{"allow":["GET"]}}],"collection":[{"href":"https:\/\/maristeurope.eu\/fr\/wp-json\/wp\/v2\/pages"}],"about":[{"href":"https:\/\/maristeurope.eu\/fr\/wp-json\/wp\/v2\/types\/page"}],"author":[{"embeddable":true,"href":"https:\/\/maristeurope.eu\/fr\/wp-json\/wp\/v2\/users\/1"}],"replies":[{"embeddable":true,"href":"https:\/\/maristeurope.eu\/fr\/wp-json\/wp\/v2\/comments?post=2300"}],"version-history":[{"count":11,"href":"https:\/\/maristeurope.eu\/fr\/wp-json\/wp\/v2\/pages\/2300\/revisions"}],"predecessor-version":[{"id":4847,"href":"https:\/\/maristeurope.eu\/fr\/wp-json\/wp\/v2\/pages\/2300\/revisions\/4847"}],"wp:attachment":[{"href":"https:\/\/maristeurope.eu\/fr\/wp-json\/wp\/v2\/media?parent=2300"}],"curies":[{"name":"wp","href":"https:\/\/api.w.org\/{rel}","templated":true}]}}