{"id":2249,"date":"2024-10-07T13:31:54","date_gmt":"2024-10-07T11:31:54","guid":{"rendered":"https:\/\/marist.sjdigitaldemo.ovh\/rejoignez-nous\/"},"modified":"2025-03-25T14:34:03","modified_gmt":"2025-03-25T13:34:03","slug":"rejoignez-nous","status":"publish","type":"page","link":"https:\/\/maristeurope.eu\/fr\/rejoignez-nous\/","title":{"rendered":"Rejoignez-nous"},"content":{"rendered":"<p>[et_pb_section fb_built=\"1&Prime; admin_label=\"Secci\u00f3n\" _builder_version=\"4.27.4&Prime; _module_preset=\"default\" use_background_color_gradient=\"on\" background_color_gradient_stops=\"rgba(2,48,71,0.2) 0%|rgba(2,48,71,0.4) 100%\" background_color_gradient_overlays_image=\"on\" background_image=\"https:\/\/maristeurope.eu\/wp-content\/uploads\/2025\/03\/RM-2023-2-scaled.jpg\" background_position=\"top_center\" background_enable_video_mp4=\"off\" custom_padding=\"16vw||4vw||false|false\" bottom_divider_style=\"ramp2&Prime; bottom_divider_color=\"#023047&Prime; bottom_divider_flip=\"horizontal\" hover_enabled=\"0&Prime; global_colors_info=\"{}\" title_text=\"RM 2023 2&Prime; sticky_enabled=\"0&Prime;][et_pb_row make_equal=\"on\" _builder_version=\"4.27.2&Prime; _module_preset=\"936634bb-b644-4f86-9881-50254cef8e93&Prime; background_enable_color=\"off\" custom_padding=\"0px|40px|0px|40px|true|true\" animation_style=\"fade\" animation_duration=\"1500ms\" animation_delay=\"200ms\" global_colors_info=\"{}\" column_structure=\"1_2,1_2&Prime;][et_pb_column type=\"1_2&Prime; _builder_version=\"4.27.2&Prime; _module_preset=\"default\" hover_enabled=\"0&Prime; global_colors_info=\"{}\" sticky_enabled=\"0&Prime;][et_pb_text _builder_version=\"4.27.4&Prime; _module_preset=\"default\" header_font=\"|600||on|||||\" header_text_color=\"#FFFFFF\" header_font_size=\"4rem\" header_letter_spacing=\"4px\" header_2_text_color=\"#FFFFFF\" header_2_font_size=\"3.5rem\" custom_margin=\"20px||20px||true|false\" global_colors_info=\"{}\"]<\/p>\n<h2>Rejoignez-nous<\/h2>\n<p>[\/et_pb_text][\/et_pb_column][et_pb_column _builder_version=\"4.27.4&Prime; _module_preset=\"default\" type=\"1_2&Prime;][\/et_pb_column][\/et_pb_row][\/et_pb_section][et_pb_section fb_built=\"1&Prime; _builder_version=\"4.27.4&Prime; _module_preset=\"default\" background_color=\"#023047&Prime; background_enable_image=\"off\" background_size=\"initial\" custom_padding=\"6vw||6vw||true|false\" global_colors_info=\"{}\"][et_pb_row column_structure=\"3_4,1_4&Prime; make_equal=\"on\" _builder_version=\"4.27.2&Prime; _module_preset=\"936634bb-b644-4f86-9881-50254cef8e93&Prime; background_enable_color=\"off\" background_enable_image=\"off\" custom_padding=\"||||false|false\" global_colors_info=\"{}\"][et_pb_column type=\"3_4&Prime; admin_label=\"Colonne\" _builder_version=\"4.27.2&Prime; _module_preset=\"default\" animation_style=\"fade\" animation_duration=\"1500ms\" animation_delay=\"200ms\" custom_css_main_element=\"margin: auto auto;\" global_colors_info=\"{}\"][et_pb_text admin_label=\"Texto\" _builder_version=\"4.27.4&Prime; _module_preset=\"default\" text_text_color=\"#FFB703&Prime; text_font_size=\"20px\" header_font=\"|700|||||||\" header_text_color=\"#FFFFFF\" header_font_size=\"3rem\" global_colors_info=\"{}\"]<\/p>\n<h1>Rejoignez-nous pour apporter une contribution mariste \u00e0 la mission de l&rsquo;\u00c9glise<\/h1>\n<p>[\/et_pb_text][et_pb_text _builder_version=\"4.27.4&Prime; _module_preset=\"default\" text_text_color=\"#023047&Prime; text_font_size=\"22px\" background_color=\"#FFB703&Prime; max_width=\"600px\" module_alignment=\"left\" custom_margin=\"||20px|80px|false|false\" custom_padding=\"40px|50px|40px|50px|true|true\" animation_style=\"slide\" animation_direction=\"right\" animation_duration=\"1500ms\" animation_delay=\"500ms\" animation_starting_opacity=\"100%\" border_radii=\"on|50px|50px|50px|50px\" locked=\"off\" global_colors_info=\"{}\"]<\/p>\n<div class=\"et_pb_text_inner\">\n<div data-shortcode-id=\"3.0.0.0-1734594695483\" data-quickaccess-editable=\"yes\" class=\"et-fb-popover-tinymce\">\n<div class=\"mce-content-body\" contenteditable=\"true\" style=\"position: relative;\">\n<p><strong>Unis dans l&rsquo;esprit et la mission<\/strong>, les Maristes s&rsquo;efforcent d&rsquo;\u00eatre la pr\u00e9sence de Marie dans le monde, en s&rsquo;inspirant de sa simplicit\u00e9, de son humilit\u00e9 et de son amour.<\/p>\n<p><strong>D\u00e9couvrez comment vous pouvez nous rejoindre dans cette mission transformatrice<\/strong>.<\/p>\n<\/div>\n<\/div>\n<\/div>\n<p>[\/et_pb_text][\/et_pb_column][et_pb_column type=\"1_4&Prime; _builder_version=\"4.27.2&Prime; _module_preset=\"default\" animation_style=\"slide\" animation_direction=\"right\" animation_duration=\"1500ms\" animation_delay=\"500ms\" global_colors_info=\"{}\"][\/et_pb_column][\/et_pb_row][\/et_pb_section][et_pb_section fb_built=\"1&Prime; prev_background_color=\"#023047&Prime; admin_label=\"Secci\u00f3n\" _builder_version=\"4.27.4&Prime; _module_preset=\"default\" background_color=\"#FFFAF2&Prime; background_image=\"https:\/\/maristeurope.eu\/wp-content\/uploads\/2024\/11\/art-therapist-background-01-1.png\" background_blend=\"soft-light\" background_enable_pattern_style=\"on\" background_pattern_style=\"confetti\" background_pattern_color=\"rgba(0,0,0,0.05)\" custom_padding=\"6vw||0vw||false|false\" top_divider_style=\"wave2&Prime; bottom_divider_color=\"#219EBC\" bottom_divider_flip=\"horizontal\" bottom_divider_arrangement=\"above_content\" global_colors_info=\"{}\"][et_pb_row column_structure=\"1_5,1_5,1_5,1_5,1_5&Prime; make_equal=\"on\" _builder_version=\"4.27.4&Prime; _module_preset=\"936634bb-b644-4f86-9881-50254cef8e93&Prime; global_colors_info=\"{}\"][et_pb_column type=\"1_5&Prime; _builder_version=\"4.27.4&Prime; _module_preset=\"default\" global_colors_info=\"{}\"][et_pb_text _builder_version=\"4.27.4&Prime; _dynamic_attributes=\"link_option_url\" _module_preset=\"default\" text_font=\"|800|||||||\" text_text_color=\"#FFB703&Prime; text_font_size=\"22px\" text_line_height=\"1.8em\" header_line_height=\"1.4em\" header_3_text_color=\"#8ECAE6&Prime; header_3_line_height=\"1.7em\" background_color=\"#219EBC\" background_image=\"https:\/\/maristeurope.eu\/wp-content\/uploads\/2024\/12\/candle.jpg\" background_blend=\"multiply\" text_orientation=\"center\" custom_padding=\"70px|30px|70px|30px|true|true\" animation_style=\"slide\" animation_delay=\"200ms\" link_option_url=\"@ET-DC@eyJkeW5hbWljIjp0cnVlLCJjb250ZW50IjoicG9zdF9saW5rX3VybF9wYWdlIiwic2V0dGluZ3MiOnsicG9zdF9pZCI6IjcyMSJ9fQ==@\" border_radii=\"on|50px|50px|50px|50px\" global_colors_info=\"{}\" background__hover_enabled=\"on|hover\" background_blend__hover=\"hard-light\" background_color__hover=\"\" background_enable_color__hover=\"off\"]<\/p>\n<p>Priez avec nous<\/p>\n<p>[\/et_pb_text][\/et_pb_column][et_pb_column type=\"1_5&Prime; _builder_version=\"4.27.4&Prime; _module_preset=\"default\" global_colors_info=\"{}\"][et_pb_text _builder_version=\"4.27.4&Prime; _dynamic_attributes=\"link_option_url\" _module_preset=\"default\" text_font=\"|800|||||||\" text_text_color=\"#FFB703&Prime; text_font_size=\"22px\" text_line_height=\"1.8em\" header_line_height=\"1.4em\" header_3_text_color=\"#8ECAE6&Prime; header_3_line_height=\"1.7em\" background_color=\"#219EBC\" background_image=\"https:\/\/maristeurope.eu\/wp-content\/uploads\/2025\/01\/join13.jpg\" background_blend=\"multiply\" text_orientation=\"center\" custom_padding=\"70px|30px|70px|30px|true|true\" animation_style=\"slide\" animation_delay=\"200ms\" link_option_url=\"@ET-DC@eyJkeW5hbWljIjp0cnVlLCJjb250ZW50IjoicG9zdF9saW5rX3VybF9wYWdlIiwic2V0dGluZ3MiOnsicG9zdF9pZCI6Ijc4MyJ9fQ==@\" hover_enabled=\"0&Prime; border_radii=\"on|50px|50px|50px|50px\" global_colors_info=\"{}\" background_blend__hover=\"hard-light\" background_color__hover=\"\" background_enable_color__hover=\"off\" background__hover_enabled=\"on|hover\" sticky_enabled=\"0&Prime; title_text=\"join13&Prime;]<\/p>\n<p>Devenez Mariste<\/p>\n<p>[\/et_pb_text][\/et_pb_column][et_pb_column type=\"1_5&Prime; _builder_version=\"4.27.4&Prime; _module_preset=\"default\" global_colors_info=\"{}\"][et_pb_text _builder_version=\"4.27.4&Prime; _dynamic_attributes=\"link_option_url\" _module_preset=\"default\" text_font=\"|800|||||||\" text_text_color=\"#FFB703&Prime; text_font_size=\"22px\" text_line_height=\"1.8em\" header_text_color=\"#FFB703&Prime; header_line_height=\"1.4em\" header_3_text_color=\"#8ECAE6&Prime; header_3_line_height=\"1.7em\" background_color=\"#219EBC\" background_image=\"https:\/\/maristeurope.eu\/wp-content\/uploads\/2025\/01\/marist-laity2-e1742909293871.jpg\" background_blend=\"multiply\" text_orientation=\"center\" custom_padding=\"70px|30px|70px|30px|true|true\" animation_style=\"slide\" animation_delay=\"200ms\" link_option_url=\"@ET-DC@eyJkeW5hbWljIjp0cnVlLCJjb250ZW50IjoicG9zdF9saW5rX3VybF9wYWdlIiwic2V0dGluZ3MiOnsicG9zdF9pZCI6IjgyOSJ9fQ==@\" hover_enabled=\"0&Prime; border_radii=\"on|50px|50px|50px|50px\" global_colors_info=\"{}\" background_blend__hover=\"hard-light\" background_color__hover=\"\" background_enable_color__hover=\"off\" background__hover_enabled=\"on|hover\" title_text=\"marist laity2&Prime; sticky_enabled=\"0&Prime;]<\/p>\n<p>La\u00efcs maristes<\/p>\n<p>[\/et_pb_text][\/et_pb_column][et_pb_column type=\"1_5&Prime; _builder_version=\"4.27.4&Prime; _module_preset=\"default\" global_colors_info=\"{}\"][et_pb_text _builder_version=\"4.27.4&Prime; _dynamic_attributes=\"link_option_url\" _module_preset=\"default\" text_font=\"|800|||||||\" text_text_color=\"#FFB703&Prime; text_font_size=\"22px\" text_line_height=\"1.8em\" header_line_height=\"1.4em\" header_3_text_color=\"#8ECAE6&Prime; header_3_line_height=\"1.7em\" background_color=\"#219EBC\" background_image=\"https:\/\/maristeurope.eu\/wp-content\/uploads\/2025\/03\/Ester-Youth-Camp-Norway.jpg\" background_blend=\"multiply\" text_orientation=\"center\" custom_padding=\"70px|30px|70px|30px|true|true\" animation_style=\"slide\" animation_delay=\"200ms\" link_option_url=\"@ET-DC@eyJkeW5hbWljIjp0cnVlLCJjb250ZW50IjoicG9zdF9saW5rX3VybF9wYWdlIiwic2V0dGluZ3MiOnsicG9zdF9pZCI6IjkwNSJ9fQ==@\" hover_enabled=\"0&Prime; border_radii=\"on|50px|50px|50px|50px\" global_colors_info=\"{}\" background_blend__hover=\"hard-light\" background_color__hover=\"\" background_enable_color__hover=\"off\" background__hover_enabled=\"on|hover\" title_text=\"Ester Youth Camp Norway\" sticky_enabled=\"0&Prime;]<\/p>\n<p>Faites du b\u00e9n\u00e9volat avec nous<\/p>\n<p>[\/et_pb_text][\/et_pb_column][et_pb_column type=\"1_5&Prime; _builder_version=\"4.27.4&Prime; _module_preset=\"default\" global_colors_info=\"{}\"][et_pb_text _builder_version=\"4.27.4&Prime; _dynamic_attributes=\"link_option_url\" _module_preset=\"default\" text_font=\"|800|||||||\" text_text_color=\"#FFB703&Prime; text_font_size=\"22px\" text_line_height=\"1.8em\" header_line_height=\"1.4em\" header_3_text_color=\"#8ECAE6&Prime; header_3_line_height=\"1.7em\" background_color=\"#219EBC\" background_image=\"https:\/\/maristeurope.eu\/wp-content\/uploads\/2024\/12\/support.jpg\" background_blend=\"multiply\" text_orientation=\"center\" custom_padding=\"70px|30px|70px|30px|true|true\" animation_style=\"slide\" animation_delay=\"200ms\" link_option_url=\"@ET-DC@eyJkeW5hbWljIjp0cnVlLCJjb250ZW50IjoicG9zdF9saW5rX3VybF9wYWdlIiwic2V0dGluZ3MiOnsicG9zdF9pZCI6IjkzNiJ9fQ==@\" border_radii=\"on|50px|50px|50px|50px\" global_colors_info=\"{}\" background_blend__hover=\"hard-light\" background_color__hover=\"\" background_enable_color__hover=\"off\" background__hover_enabled=\"on|hover\"]<\/p>\n<p>Soutenez notre mission<\/p>\n<p>[\/et_pb_text][\/et_pb_column][\/et_pb_row][\/et_pb_section]<\/p>\n","protected":false},"excerpt":{"rendered":"<p>Rejoignez-nousRejoignez-nous pour apporter une contribution mariste \u00e0 la mission de l&rsquo;\u00c9glise Unis dans l&rsquo;esprit et la mission, les Maristes s&rsquo;efforcent d&rsquo;\u00eatre la pr\u00e9sence de Marie dans le monde, en s&rsquo;inspirant de sa simplicit\u00e9, de son humilit\u00e9 et de son amour. D\u00e9couvrez comment vous pouvez nous rejoindre dans cette mission transformatrice. Priez avec nousDevenez MaristeLa\u00efcs maristesFaites [&hellip;]<\/p>\n","protected":false},"author":1,"featured_media":0,"parent":0,"menu_order":0,"comment_status":"closed","ping_status":"closed","template":"","meta":{"_et_pb_use_builder":"on","_et_pb_old_content":"","_et_gb_content_width":"","footnotes":""},"class_list":["post-2249","page","type-page","status-publish","hentry"],"yoast_head":"<!-- This site is optimized with the Yoast SEO plugin v27.4 - https:\/\/yoast.com\/product\/yoast-seo-wordpress\/ -->\n<title>Rejoignez-nous - Marist Europe<\/title>\n<meta name=\"robots\" content=\"index, follow, max-snippet:-1, max-image-preview:large, max-video-preview:-1\" \/>\n<link rel=\"canonical\" href=\"https:\/\/maristeurope.eu\/fr\/rejoignez-nous\/\" \/>\n<meta property=\"og:locale\" content=\"fr_FR\" \/>\n<meta property=\"og:type\" content=\"article\" \/>\n<meta property=\"og:title\" content=\"Rejoignez-nous - Marist Europe\" \/>\n<meta property=\"og:description\" content=\"Rejoignez-nousRejoignez-nous pour apporter une contribution mariste \u00e0 la mission de l&#039;\u00c9glise Unis dans l&#039;esprit et la mission, les Maristes s&#039;efforcent d&#039;\u00eatre la pr\u00e9sence de Marie dans le monde, en s&#039;inspirant de sa simplicit\u00e9, de son humilit\u00e9 et de son amour. D\u00e9couvrez comment vous pouvez nous rejoindre dans cette mission transformatrice. Priez avec nousDevenez MaristeLa\u00efcs maristesFaites [&hellip;]\" \/>\n<meta property=\"og:url\" content=\"https:\/\/maristeurope.eu\/fr\/rejoignez-nous\/\" \/>\n<meta property=\"og:site_name\" content=\"Marist Europe\" \/>\n<meta property=\"article:modified_time\" content=\"2025-03-25T13:34:03+00:00\" \/>\n<meta name=\"twitter:card\" content=\"summary_large_image\" \/>\n<meta name=\"twitter:label1\" content=\"Dur\u00e9e de lecture estim\u00e9e\" \/>\n\t<meta name=\"twitter:data1\" content=\"7 minutes\" \/>\n<script type=\"application\/ld+json\" class=\"yoast-schema-graph\">{\"@context\":\"https:\\\/\\\/schema.org\",\"@graph\":[{\"@type\":\"WebPage\",\"@id\":\"https:\\\/\\\/maristeurope.eu\\\/fr\\\/rejoignez-nous\\\/\",\"url\":\"https:\\\/\\\/maristeurope.eu\\\/fr\\\/rejoignez-nous\\\/\",\"name\":\"Rejoignez-nous - Marist Europe\",\"isPartOf\":{\"@id\":\"https:\\\/\\\/maristeurope.eu\\\/fr\\\/#website\"},\"datePublished\":\"2024-10-07T11:31:54+00:00\",\"dateModified\":\"2025-03-25T13:34:03+00:00\",\"breadcrumb\":{\"@id\":\"https:\\\/\\\/maristeurope.eu\\\/fr\\\/rejoignez-nous\\\/#breadcrumb\"},\"inLanguage\":\"fr-FR\",\"potentialAction\":[{\"@type\":\"ReadAction\",\"target\":[\"https:\\\/\\\/maristeurope.eu\\\/fr\\\/rejoignez-nous\\\/\"]}]},{\"@type\":\"BreadcrumbList\",\"@id\":\"https:\\\/\\\/maristeurope.eu\\\/fr\\\/rejoignez-nous\\\/#breadcrumb\",\"itemListElement\":[{\"@type\":\"ListItem\",\"position\":1,\"name\":\"Home\",\"item\":\"https:\\\/\\\/maristeurope.eu\\\/fr\\\/maristes\\\/\"},{\"@type\":\"ListItem\",\"position\":2,\"name\":\"Rejoignez-nous\"}]},{\"@type\":\"WebSite\",\"@id\":\"https:\\\/\\\/maristeurope.eu\\\/fr\\\/#website\",\"url\":\"https:\\\/\\\/maristeurope.eu\\\/fr\\\/\",\"name\":\"Marist Europe\",\"description\":\"\",\"publisher\":{\"@id\":\"https:\\\/\\\/maristeurope.eu\\\/fr\\\/#organization\"},\"potentialAction\":[{\"@type\":\"SearchAction\",\"target\":{\"@type\":\"EntryPoint\",\"urlTemplate\":\"https:\\\/\\\/maristeurope.eu\\\/fr\\\/?s={search_term_string}\"},\"query-input\":{\"@type\":\"PropertyValueSpecification\",\"valueRequired\":true,\"valueName\":\"search_term_string\"}}],\"inLanguage\":\"fr-FR\"},{\"@type\":\"Organization\",\"@id\":\"https:\\\/\\\/maristeurope.eu\\\/fr\\\/#organization\",\"name\":\"Marist Europe\",\"url\":\"https:\\\/\\\/maristeurope.eu\\\/fr\\\/\",\"logo\":{\"@type\":\"ImageObject\",\"inLanguage\":\"fr-FR\",\"@id\":\"https:\\\/\\\/maristeurope.eu\\\/fr\\\/#\\\/schema\\\/logo\\\/image\\\/\",\"url\":\"https:\\\/\\\/maristeurope.eu\\\/wp-content\\\/uploads\\\/2024\\\/10\\\/EU-SM-Finalogo-02.png\",\"contentUrl\":\"https:\\\/\\\/maristeurope.eu\\\/wp-content\\\/uploads\\\/2024\\\/10\\\/EU-SM-Finalogo-02.png\",\"width\":150,\"height\":156,\"caption\":\"Marist Europe\"},\"image\":{\"@id\":\"https:\\\/\\\/maristeurope.eu\\\/fr\\\/#\\\/schema\\\/logo\\\/image\\\/\"}}]}<\/script>\n<!-- \/ Yoast SEO plugin. -->","yoast_head_json":{"title":"Rejoignez-nous - Marist Europe","robots":{"index":"index","follow":"follow","max-snippet":"max-snippet:-1","max-image-preview":"max-image-preview:large","max-video-preview":"max-video-preview:-1"},"canonical":"https:\/\/maristeurope.eu\/fr\/rejoignez-nous\/","og_locale":"fr_FR","og_type":"article","og_title":"Rejoignez-nous - Marist Europe","og_description":"Rejoignez-nousRejoignez-nous pour apporter une contribution mariste \u00e0 la mission de l'\u00c9glise Unis dans l'esprit et la mission, les Maristes s'efforcent d'\u00eatre la pr\u00e9sence de Marie dans le monde, en s'inspirant de sa simplicit\u00e9, de son humilit\u00e9 et de son amour. D\u00e9couvrez comment vous pouvez nous rejoindre dans cette mission transformatrice. Priez avec nousDevenez MaristeLa\u00efcs maristesFaites [&hellip;]","og_url":"https:\/\/maristeurope.eu\/fr\/rejoignez-nous\/","og_site_name":"Marist Europe","article_modified_time":"2025-03-25T13:34:03+00:00","twitter_card":"summary_large_image","twitter_misc":{"Dur\u00e9e de lecture estim\u00e9e":"7 minutes"},"schema":{"@context":"https:\/\/schema.org","@graph":[{"@type":"WebPage","@id":"https:\/\/maristeurope.eu\/fr\/rejoignez-nous\/","url":"https:\/\/maristeurope.eu\/fr\/rejoignez-nous\/","name":"Rejoignez-nous - Marist Europe","isPartOf":{"@id":"https:\/\/maristeurope.eu\/fr\/#website"},"datePublished":"2024-10-07T11:31:54+00:00","dateModified":"2025-03-25T13:34:03+00:00","breadcrumb":{"@id":"https:\/\/maristeurope.eu\/fr\/rejoignez-nous\/#breadcrumb"},"inLanguage":"fr-FR","potentialAction":[{"@type":"ReadAction","target":["https:\/\/maristeurope.eu\/fr\/rejoignez-nous\/"]}]},{"@type":"BreadcrumbList","@id":"https:\/\/maristeurope.eu\/fr\/rejoignez-nous\/#breadcrumb","itemListElement":[{"@type":"ListItem","position":1,"name":"Home","item":"https:\/\/maristeurope.eu\/fr\/maristes\/"},{"@type":"ListItem","position":2,"name":"Rejoignez-nous"}]},{"@type":"WebSite","@id":"https:\/\/maristeurope.eu\/fr\/#website","url":"https:\/\/maristeurope.eu\/fr\/","name":"Marist Europe","description":"","publisher":{"@id":"https:\/\/maristeurope.eu\/fr\/#organization"},"potentialAction":[{"@type":"SearchAction","target":{"@type":"EntryPoint","urlTemplate":"https:\/\/maristeurope.eu\/fr\/?s={search_term_string}"},"query-input":{"@type":"PropertyValueSpecification","valueRequired":true,"valueName":"search_term_string"}}],"inLanguage":"fr-FR"},{"@type":"Organization","@id":"https:\/\/maristeurope.eu\/fr\/#organization","name":"Marist Europe","url":"https:\/\/maristeurope.eu\/fr\/","logo":{"@type":"ImageObject","inLanguage":"fr-FR","@id":"https:\/\/maristeurope.eu\/fr\/#\/schema\/logo\/image\/","url":"https:\/\/maristeurope.eu\/wp-content\/uploads\/2024\/10\/EU-SM-Finalogo-02.png","contentUrl":"https:\/\/maristeurope.eu\/wp-content\/uploads\/2024\/10\/EU-SM-Finalogo-02.png","width":150,"height":156,"caption":"Marist Europe"},"image":{"@id":"https:\/\/maristeurope.eu\/fr\/#\/schema\/logo\/image\/"}}]}},"_links":{"self":[{"href":"https:\/\/maristeurope.eu\/fr\/wp-json\/wp\/v2\/pages\/2249","targetHints":{"allow":["GET"]}}],"collection":[{"href":"https:\/\/maristeurope.eu\/fr\/wp-json\/wp\/v2\/pages"}],"about":[{"href":"https:\/\/maristeurope.eu\/fr\/wp-json\/wp\/v2\/types\/page"}],"author":[{"embeddable":true,"href":"https:\/\/maristeurope.eu\/fr\/wp-json\/wp\/v2\/users\/1"}],"replies":[{"embeddable":true,"href":"https:\/\/maristeurope.eu\/fr\/wp-json\/wp\/v2\/comments?post=2249"}],"version-history":[{"count":6,"href":"https:\/\/maristeurope.eu\/fr\/wp-json\/wp\/v2\/pages\/2249\/revisions"}],"predecessor-version":[{"id":6731,"href":"https:\/\/maristeurope.eu\/fr\/wp-json\/wp\/v2\/pages\/2249\/revisions\/6731"}],"wp:attachment":[{"href":"https:\/\/maristeurope.eu\/fr\/wp-json\/wp\/v2\/media?parent=2249"}],"curies":[{"name":"wp","href":"https:\/\/api.w.org\/{rel}","templated":true}]}}