{"id":2183,"date":"2024-10-23T11:10:49","date_gmt":"2024-10-23T09:10:49","guid":{"rendered":"https:\/\/marist.sjdigitaldemo.ovh\/actualites\/"},"modified":"2026-05-07T08:28:34","modified_gmt":"2026-05-07T06:28:34","slug":"actualites","status":"publish","type":"page","link":"https:\/\/maristeurope.eu\/fr\/actualites\/","title":{"rendered":"Actualit\u00e9s"},"content":{"rendered":"\n<div class=\"et_pb_section_0 et_pb_section et_section_regular et_block_section section_has_divider et_pb_bottom_divider\"><span class=\"et_pb_background_pattern\"><\/span><div class=\"et_pb_row_0 et_pb_row et_pb_equal_columns et_block_row et_animated preset--module--divi-row--default\"><div class=\"et_pb_column_0 et_pb_column et_pb_column_2_3 et_block_column et_pb_css_mix_blend_mode_passthrough\"><div class=\"et_pb_text_0 et_pb_text et_pb_bg_layout_light et_pb_module et_block_module\"><div class=\"et_pb_text_inner\"><h1><strong>Actualit\u00e9s<\/strong><\/h1>\n<\/div><\/div><\/div><div class=\"et_pb_column_1 et_pb_column et_pb_column_1_3 et-last-child et_block_column et_pb_column_empty et_pb_css_mix_blend_mode_passthrough\"><\/div><\/div><div class=\"et_pb_bottom_inside_divider et-no-transition\"><\/div><\/div><div class=\"et_pb_section_1 et_pb_section et_section_regular et_block_section\"><div class=\"et_pb_row_1 et_pb_row et_block_row preset--module--divi-row--default\"><div class=\"et_pb_column_2 et_pb_column et_pb_column_4_4 et-last-child et_block_column et_pb_css_mix_blend_mode_passthrough\"><div class=\"et_pb_blog_0 et_pb_blog et_pb_bg_layout_light et_pb_posts et_animated et_pb_module\"><div class=\"et_pb_ajax_pagination_container\"><div class=\"et_pb_posts et_grid_module\"><article class=\"et_pb_post et_pb_post_id_10779 clearfix et_pb_blog_item_0_0 post-10779 post type-post status-publish format-standard has-post-thumbnail hentry category-non-categorise\"><div class=\"et_pb_image_container\"><a href=\"https:\/\/maristeurope.eu\/fr\/cultiver-lesprit-mariste-dans-nos-ecoles-en-irlande\/\" class=\"entry-featured-image-url\"><img loading=\"lazy\" decoding=\"async\" src=\"https:\/\/maristeurope.eu\/wp-content\/uploads\/2026\/05\/1000143931-scaled.jpg\" width=\"400\" height=\"284\" alt=\"Cultiver l&rsquo;esprit mariste dans nos \u00e9coles en Irlande\" class=\"\" srcset=\"https:\/\/maristeurope.eu\/wp-content\/uploads\/2026\/05\/1000143931-scaled.jpg 479w, https:\/\/maristeurope.eu\/wp-content\/uploads\/2026\/05\/1000143931-400x284.jpg 480w\" sizes=\"(max-width:479px) 479px, 100vw\" \/><span data-icon=\"\ue050\" class=\"et_overlay et_pb_inline_icon\"><\/span><\/a><\/div><h2 class=\"entry-title\"><a href=\"https:\/\/maristeurope.eu\/fr\/cultiver-lesprit-mariste-dans-nos-ecoles-en-irlande\/\">Cultiver l&rsquo;esprit mariste dans nos \u00e9coles en Irlande<\/a><\/h2><p class=\"post-meta\"><span class=\"published\">Mai 6, 2026<\/span><\/p><div class=\"post-content\"><div class=\"post-content-inner\"><p>La Communaut\u00e9 Chanel de Coolock (Irlande) a r\u00e9cemment accueilli pour une semaine Lachie Bartlett, s\u00e9minariste de deuxi\u00e8me ann\u00e9e \u00e0 la Casa Di Maria de Rome. Accompagn\u00e9 par le P\u00e8re Martin McAnaney, il a particip\u00e9 aux efforts de l&rsquo;organisme de patronage de l&rsquo;\u00e9ducation mariste, Marist Education Authority Schools (MEAS), pour promouvoir l&rsquo;\u00e9thique mariste et la formation au leadership dans l&rsquo;\u00e9ducation.   <\/p>\n<\/div><\/div><\/article><article class=\"et_pb_post et_pb_post_id_10616 clearfix et_pb_blog_item_0_1 post-10616 post type-post status-publish format-standard has-post-thumbnail hentry category-non-categorise\"><div class=\"et_pb_image_container\"><a href=\"https:\/\/maristeurope.eu\/fr\/journees-maristes-partage-sur-les-vocations-dans-les-ecoles-francaises\/\" class=\"entry-featured-image-url\"><img loading=\"lazy\" decoding=\"async\" src=\"https:\/\/maristeurope.eu\/wp-content\/uploads\/2026\/04\/PHOTO-2026-04-22-14-42-39.jpg\" width=\"400\" height=\"284\" alt=\"Journ\u00e9es maristes : partage sur les vocations dans les \u00e9coles fran\u00e7aises\" class=\"\" srcset=\"https:\/\/maristeurope.eu\/wp-content\/uploads\/2026\/04\/PHOTO-2026-04-22-14-42-39.jpg 479w, https:\/\/maristeurope.eu\/wp-content\/uploads\/2026\/04\/PHOTO-2026-04-22-14-42-39-400x284.jpg 480w\" sizes=\"(max-width:479px) 479px, 100vw\" \/><span data-icon=\"\ue050\" class=\"et_overlay et_pb_inline_icon\"><\/span><\/a><\/div><h2 class=\"entry-title\"><a href=\"https:\/\/maristeurope.eu\/fr\/journees-maristes-partage-sur-les-vocations-dans-les-ecoles-francaises\/\">Journ\u00e9es maristes : partage sur les vocations dans les \u00e9coles fran\u00e7aises<\/a><\/h2><p class=\"post-meta\"><span class=\"published\">Avr 29, 2026<\/span><\/p><div class=\"post-content\"><div class=\"post-content-inner\"><p>Ce printemps, plusieurs \u00e9coles maristes en France ont c\u00e9l\u00e9br\u00e9 \"Les journ\u00e9es maristes\". Le voyage a commenc\u00e9 en mars \u00e0 Bury et au Rosaire (Paris Nord) et s&rsquo;est poursuivi apr\u00e8s P\u00e2ques dans nos trois \u00e9tablissements de Toulon : Cours F\u00e9nelon, Institution Sainte Marie et Externat Saint Joseph la Cordeille. <\/p>\n<\/div><\/div><\/article><article class=\"et_pb_post et_pb_post_id_10586 clearfix et_pb_blog_item_0_2 post-10586 post type-post status-publish format-standard has-post-thumbnail hentry category-non-categorise\"><div class=\"et_pb_image_container\"><a href=\"https:\/\/maristeurope.eu\/fr\/les-peres-maristes-rejoignent-la-province-deurope\/\" class=\"entry-featured-image-url\"><img loading=\"lazy\" decoding=\"async\" src=\"https:\/\/maristeurope.eu\/wp-content\/uploads\/2026\/04\/small-table-lamp-world-map-copy-space-1-scaled.jpg\" width=\"400\" height=\"284\" alt=\"Les P\u00e8res Maristes rejoignent la Province d&rsquo;Europe\" class=\"\" srcset=\"https:\/\/maristeurope.eu\/wp-content\/uploads\/2026\/04\/small-table-lamp-world-map-copy-space-1-scaled.jpg 479w, https:\/\/maristeurope.eu\/wp-content\/uploads\/2026\/04\/small-table-lamp-world-map-copy-space-1-400x284.jpg 480w\" sizes=\"(max-width:479px) 479px, 100vw\" \/><span data-icon=\"\ue050\" class=\"et_overlay et_pb_inline_icon\"><\/span><\/a><\/div><h2 class=\"entry-title\"><a href=\"https:\/\/maristeurope.eu\/fr\/les-peres-maristes-rejoignent-la-province-deurope\/\">Les P\u00e8res Maristes rejoignent la Province d&rsquo;Europe<\/a><\/h2><p class=\"post-meta\"><span class=\"published\">Avr 22, 2026<\/span><\/p><div class=\"post-content\"><div class=\"post-content-inner\"><p>Nous sommes heureux d&rsquo;accueillir dans la Province d&rsquo;Europe le P\u00e8re Christian qui vit avec la communaut\u00e9 de Lyon, et le P\u00e8re Clovis qui rejoint la communaut\u00e9 de Londres.<\/p>\n<\/div><\/div><\/article><article class=\"et_pb_post et_pb_post_id_10524 clearfix et_pb_blog_item_0_3 post-10524 post type-post status-publish format-standard has-post-thumbnail hentry category-non-categorise\"><div class=\"et_pb_image_container\"><a href=\"https:\/\/maristeurope.eu\/fr\/32-ans-de-mission-mariste-aux-philippines\/\" class=\"entry-featured-image-url\"><img loading=\"lazy\" decoding=\"async\" src=\"https:\/\/maristeurope.eu\/wp-content\/uploads\/2026\/04\/IMG-20260225-WA0006-e1775511047653.jpg\" width=\"400\" height=\"284\" alt=\"32 ans de mission mariste aux Philippines\" class=\"\" srcset=\"https:\/\/maristeurope.eu\/wp-content\/uploads\/2026\/04\/IMG-20260225-WA0006-e1775511047653.jpg 479w, https:\/\/maristeurope.eu\/wp-content\/uploads\/2026\/04\/IMG-20260225-WA0006-400x284.jpg 480w\" sizes=\"(max-width:479px) 479px, 100vw\" \/><span data-icon=\"\ue050\" class=\"et_overlay et_pb_inline_icon\"><\/span><\/a><\/div><h2 class=\"entry-title\"><a href=\"https:\/\/maristeurope.eu\/fr\/32-ans-de-mission-mariste-aux-philippines\/\">32 ans de mission mariste aux Philippines<\/a><\/h2><p class=\"post-meta\"><span class=\"published\">Avr 9, 2026<\/span><\/p><div class=\"post-content\"><div class=\"post-content-inner\"><p>Le p\u00e8re Paddy Muckian est r\u00e9cemment retourn\u00e9 dans son Irlande natale. Il raconte ses ann\u00e9es de mission avec beaucoup de z\u00e8le et de joie&#8230; <\/p>\n<\/div><\/div><\/article><article class=\"et_pb_post et_pb_post_id_10489 clearfix et_pb_blog_item_0_4 post-10489 post type-post status-publish format-standard has-post-thumbnail hentry category-non-categorise\"><div class=\"et_pb_image_container\"><a href=\"https:\/\/maristeurope.eu\/fr\/neuvaine-a-saint-pierre-chanel\/\" class=\"entry-featured-image-url\"><img loading=\"lazy\" decoding=\"async\" src=\"https:\/\/maristeurope.eu\/wp-content\/uploads\/2026\/04\/peter-chanel.jpg\" width=\"400\" height=\"284\" alt=\"Neuvaine \u00e0 Saint Pierre Chanel\" class=\"\" srcset=\"https:\/\/maristeurope.eu\/wp-content\/uploads\/2026\/04\/peter-chanel.jpg 479w, https:\/\/maristeurope.eu\/wp-content\/uploads\/2026\/04\/peter-chanel-400x284.jpg 480w\" sizes=\"(max-width:479px) 479px, 100vw\" \/><span data-icon=\"\ue050\" class=\"et_overlay et_pb_inline_icon\"><\/span><\/a><\/div><h2 class=\"entry-title\"><a href=\"https:\/\/maristeurope.eu\/fr\/neuvaine-a-saint-pierre-chanel\/\">Neuvaine \u00e0 Saint Pierre Chanel<\/a><\/h2><p class=\"post-meta\"><span class=\"published\">Avr 7, 2026<\/span><\/p><div class=\"post-content\"><div class=\"post-content-inner\"><p>Il est d&rsquo;usage de prier pour les vocations maristes pendant la neuvaine du 20 avril jusqu&rsquo;\u00e0 la f\u00eate de Saint Pierre Chanel le 28 avril.  <\/p>\n<\/div><\/div><\/article><article class=\"et_pb_post et_pb_post_id_10340 clearfix et_pb_blog_item_0_5 post-10340 post type-post status-publish format-standard has-post-thumbnail hentry category-non-categorise\"><div class=\"et_pb_image_container\"><a href=\"https:\/\/maristeurope.eu\/fr\/aimer-jusquau-bout\/\" class=\"entry-featured-image-url\"><img loading=\"lazy\" decoding=\"async\" src=\"https:\/\/maristeurope.eu\/wp-content\/uploads\/2026\/04\/IMG20260329111520.jpg\" width=\"400\" height=\"284\" alt=\"Aimer jusqu\u2019au bout\u2026\" class=\"\" srcset=\"https:\/\/maristeurope.eu\/wp-content\/uploads\/2026\/04\/IMG20260329111520.jpg 479w, https:\/\/maristeurope.eu\/wp-content\/uploads\/2026\/04\/IMG20260329111520-400x284.jpg 480w\" sizes=\"(max-width:479px) 479px, 100vw\" \/><span data-icon=\"\ue050\" class=\"et_overlay et_pb_inline_icon\"><\/span><\/a><\/div><h2 class=\"entry-title\"><a href=\"https:\/\/maristeurope.eu\/fr\/aimer-jusquau-bout\/\">Aimer jusqu\u2019au bout\u2026<\/a><\/h2><p class=\"post-meta\"><span class=\"published\">Avr 4, 2026<\/span><\/p><div class=\"post-content\"><div class=\"post-content-inner\"><p>Les \u00e9v\u00e9nements que nous c\u00e9l\u00e9brons et dont nous nous souvenons pendant le Triduum pascal se sont d\u00e9roul\u00e9s il y a deux mille ans \u00e0 J\u00e9rusalem, mais ils sont aujourd&rsquo;hui une source d&rsquo;inspiration pour d&rsquo;innombrables personnes dans le monde entier. En ces temps troubl\u00e9s, o\u00f9 la guerre fait rage dans tant d&rsquo;endroits, beaucoup de nos s\u0153urs et de nos fr\u00e8res vivent la Passion d&rsquo;une mani\u00e8re qui n&rsquo;est que trop r\u00e9elle&#8230; <\/p>\n<\/div><\/div><\/article><article class=\"et_pb_post et_pb_post_id_10408 clearfix et_pb_blog_item_0_6 post-10408 post type-post status-publish format-standard has-post-thumbnail hentry category-non-categorise\"><div class=\"et_pb_image_container\"><a href=\"https:\/\/maristeurope.eu\/fr\/la-grace-de-celebrer-leucharistie\/\" class=\"entry-featured-image-url\"><img loading=\"lazy\" decoding=\"async\" src=\"https:\/\/maristeurope.eu\/wp-content\/uploads\/2026\/04\/fran-e1775317376428.jpg\" width=\"400\" height=\"284\" alt=\"La gr\u00e2ce de c\u00e9l\u00e9brer l&rsquo;Eucharistie\" class=\"\" srcset=\"https:\/\/maristeurope.eu\/wp-content\/uploads\/2026\/04\/fran-e1775317376428.jpg 479w, https:\/\/maristeurope.eu\/wp-content\/uploads\/2026\/04\/fran-400x284.jpg 480w\" sizes=\"(max-width:479px) 479px, 100vw\" \/><span data-icon=\"\ue050\" class=\"et_overlay et_pb_inline_icon\"><\/span><\/a><\/div><h2 class=\"entry-title\"><a href=\"https:\/\/maristeurope.eu\/fr\/la-grace-de-celebrer-leucharistie\/\">La gr\u00e2ce de c\u00e9l\u00e9brer l&rsquo;Eucharistie<\/a><\/h2><p class=\"post-meta\"><span class=\"published\">Mar 27, 2026<\/span><\/p><div class=\"post-content\"><div class=\"post-content-inner\"><p>Fran\u00e7ois Chauvet nous invite \u00e0 regarder au-del\u00e0 du pr\u00eatre pour voir le Seigneur. Dans ce court article, il r\u00e9fl\u00e9chit \u00e0 son parcours de 42 ans et \u00e0 la gr\u00e2ce humble de c\u00e9l\u00e9brer l&rsquo;Eucharistie au milieu de la vie quotidienne - la pluie, les montagnes et les c\u0153urs des gens. <\/p>\n<\/div><\/div><\/article><article class=\"et_pb_post et_pb_post_id_10301 clearfix et_pb_blog_item_0_7 post-10301 post type-post status-publish format-standard has-post-thumbnail hentry category-non-categorise\"><div class=\"et_pb_image_container\"><a href=\"https:\/\/maristeurope.eu\/fr\/celebration-de-lannee-saint-francois-dassise\/\" class=\"entry-featured-image-url\"><img loading=\"lazy\" decoding=\"async\" src=\"https:\/\/maristeurope.eu\/wp-content\/uploads\/2026\/03\/20260225_124158-scaled.jpg\" width=\"400\" height=\"284\" alt=\"C\u00e9l\u00e9bration de l&rsquo;ann\u00e9e Saint Fran\u00e7ois d&rsquo;Assise\" class=\"\" srcset=\"https:\/\/maristeurope.eu\/wp-content\/uploads\/2026\/03\/20260225_124158-scaled.jpg 479w, https:\/\/maristeurope.eu\/wp-content\/uploads\/2026\/03\/20260225_124158-400x284.jpg 480w\" sizes=\"(max-width:479px) 479px, 100vw\" \/><span data-icon=\"\ue050\" class=\"et_overlay et_pb_inline_icon\"><\/span><\/a><\/div><h2 class=\"entry-title\"><a href=\"https:\/\/maristeurope.eu\/fr\/celebration-de-lannee-saint-francois-dassise\/\">C\u00e9l\u00e9bration de l&rsquo;ann\u00e9e Saint Fran\u00e7ois d&rsquo;Assise<\/a><\/h2><p class=\"post-meta\"><span class=\"published\">Mar 21, 2026<\/span><\/p><div class=\"post-content\"><div class=\"post-content-inner\"><p>Une ann\u00e9e jubilaire sp\u00e9ciale de saint Fran\u00e7ois se d\u00e9roulera \u00e0 Assise du 10 janvier 2026 au 10 janvier 2027, pour c\u00e9l\u00e9brer le 800e anniversaire de la mort du saint (1226-2026). Proclam\u00e9e par le pape L\u00e9on XIV, cette \"Ann\u00e9e de saint Fran\u00e7ois\" est l&rsquo;occasion d&rsquo;une rare exposition publique de la d\u00e9pouille de saint Fran\u00e7ois.   <\/p>\n<\/div><\/div><\/article><article class=\"et_pb_post et_pb_post_id_10247 clearfix et_pb_blog_item_0_8 post-10247 post type-post status-publish format-standard has-post-thumbnail hentry category-non-categorise\"><div class=\"et_pb_image_container\"><a href=\"https:\/\/maristeurope.eu\/fr\/un-mariste-au-japon-du-choc-culturel-a-la-croissance\/\" class=\"entry-featured-image-url\"><img loading=\"lazy\" decoding=\"async\" src=\"https:\/\/maristeurope.eu\/wp-content\/uploads\/2026\/03\/image-1.png\" width=\"400\" height=\"284\" alt=\"Un mariste au Japon : du choc culturel \u00e0 la croissance\" class=\"\" srcset=\"https:\/\/maristeurope.eu\/wp-content\/uploads\/2026\/03\/image-1.png 479w, https:\/\/maristeurope.eu\/wp-content\/uploads\/2026\/03\/image-1-400x284.png 480w\" sizes=\"(max-width:479px) 479px, 100vw\" \/><span data-icon=\"\ue050\" class=\"et_overlay et_pb_inline_icon\"><\/span><\/a><\/div><h2 class=\"entry-title\"><a href=\"https:\/\/maristeurope.eu\/fr\/un-mariste-au-japon-du-choc-culturel-a-la-croissance\/\">Un mariste au Japon : du choc culturel \u00e0 la croissance<\/a><\/h2><p class=\"post-meta\"><span class=\"published\">Mar 16, 2026<\/span><\/p><div class=\"post-content\"><div class=\"post-content-inner\"><p>Le p\u00e8re Paddy O&rsquo;Hare parle de sa riche exp\u00e9rience missionnaire au Japon et en Europe&#8230;  <\/p>\n<\/div><\/div><\/article><article class=\"et_pb_post et_pb_post_id_10185 clearfix et_pb_blog_item_0_9 post-10185 post type-post status-publish format-standard has-post-thumbnail hentry category-non-categorise\"><div class=\"et_pb_image_container\"><a href=\"https:\/\/maristeurope.eu\/fr\/priere-pour-les-vocations-maristes\/\" class=\"entry-featured-image-url\"><img loading=\"lazy\" decoding=\"async\" src=\"https:\/\/maristeurope.eu\/wp-content\/uploads\/2026\/03\/standing-mountain-peak-arms-raised-success-generated-by-ai-scaled-e1773611179222.jpg\" width=\"400\" height=\"284\" alt=\"Pri\u00e8re pour les vocations maristes\" class=\"\" srcset=\"https:\/\/maristeurope.eu\/wp-content\/uploads\/2026\/03\/standing-mountain-peak-arms-raised-success-generated-by-ai-scaled-e1773611179222.jpg 479w, https:\/\/maristeurope.eu\/wp-content\/uploads\/2026\/03\/standing-mountain-peak-arms-raised-success-generated-by-ai-400x284.jpg 480w\" sizes=\"(max-width:479px) 479px, 100vw\" \/><span data-icon=\"\ue050\" class=\"et_overlay et_pb_inline_icon\"><\/span><\/a><\/div><h2 class=\"entry-title\"><a href=\"https:\/\/maristeurope.eu\/fr\/priere-pour-les-vocations-maristes\/\">Pri\u00e8re pour les vocations maristes<\/a><\/h2><p class=\"post-meta\"><span class=\"published\">Mar 15, 2026<\/span><\/p><div class=\"post-content\"><div class=\"post-content-inner\"><p>T\u00e9l\u00e9chargez la nouvelle pri\u00e8re pour les vocations que nous sommes invit\u00e9s \u00e0 partager dans la province. Prions pour que le Saint-Esprit guide les diff\u00e9rentes initiatives en faveur des vocations dans la province.  <\/p>\n<\/div><\/div><\/article><article class=\"et_pb_post et_pb_post_id_9999 clearfix et_pb_blog_item_0_10 post-9999 post type-post status-publish format-standard has-post-thumbnail hentry category-non-categorise\"><div class=\"et_pb_image_container\"><a href=\"https:\/\/maristeurope.eu\/fr\/la-neyliere-accueille-un-prix-litteraire\/\" class=\"entry-featured-image-url\"><img loading=\"lazy\" decoding=\"async\" src=\"https:\/\/maristeurope.eu\/wp-content\/uploads\/2026\/03\/Photo-1-scaled.jpg\" width=\"400\" height=\"284\" alt=\"La Neyli\u00e8re accueille un prix litt\u00e9raire\" class=\"\" srcset=\"https:\/\/maristeurope.eu\/wp-content\/uploads\/2026\/03\/Photo-1-scaled.jpg 479w, https:\/\/maristeurope.eu\/wp-content\/uploads\/2026\/03\/Photo-1-400x284.jpg 480w\" sizes=\"(max-width:479px) 479px, 100vw\" \/><span data-icon=\"\ue050\" class=\"et_overlay et_pb_inline_icon\"><\/span><\/a><\/div><h2 class=\"entry-title\"><a href=\"https:\/\/maristeurope.eu\/fr\/la-neyliere-accueille-un-prix-litteraire\/\">La Neyli\u00e8re accueille un prix litt\u00e9raire<\/a><\/h2><p class=\"post-meta\"><span class=\"published\">Mar 13, 2026<\/span><\/p><div class=\"post-content\"><div class=\"post-content-inner\"><p>Tous les deux ans, le r\u00e9seau des m\u00e9diath\u00e8ques Com&rsquo;MonLy de la Communaut\u00e9 de communes des Monts du Lyonnais organise un prix litt\u00e9raire sur un th\u00e8me li\u00e9 \u00e0 un continent ou \u00e0 un pays. Pour sa cinqui\u00e8me \u00e9dition, le prix a port\u00e9 sur l&rsquo;Oc\u00e9anie. <\/p>\n<\/div><\/div><\/article><article class=\"et_pb_post et_pb_post_id_9970 clearfix et_pb_blog_item_0_11 post-9970 post type-post status-publish format-standard has-post-thumbnail hentry category-non-categorise\"><div class=\"et_pb_image_container\"><a href=\"https:\/\/maristeurope.eu\/fr\/la-predication-pour-les-missions\/\" class=\"entry-featured-image-url\"><img loading=\"lazy\" decoding=\"async\" src=\"https:\/\/maristeurope.eu\/wp-content\/uploads\/2026\/03\/IMG-20240426-WA0012.jpg\" width=\"400\" height=\"284\" alt=\"La pr\u00e9dication pour les missions\" class=\"\" srcset=\"https:\/\/maristeurope.eu\/wp-content\/uploads\/2026\/03\/IMG-20240426-WA0012.jpg 479w, https:\/\/maristeurope.eu\/wp-content\/uploads\/2026\/03\/IMG-20240426-WA0012-400x284.jpg 480w\" sizes=\"(max-width:479px) 479px, 100vw\" \/><span data-icon=\"\ue050\" class=\"et_overlay et_pb_inline_icon\"><\/span><\/a><\/div><h2 class=\"entry-title\"><a href=\"https:\/\/maristeurope.eu\/fr\/la-predication-pour-les-missions\/\">La pr\u00e9dication pour les missions<\/a><\/h2><p class=\"post-meta\"><span class=\"published\">Mar 5, 2026<\/span><\/p><div class=\"post-content\"><div class=\"post-content-inner\"><p>Damien Diouf partage son minist\u00e8re en visitant des paroisses et en parlant du charisme mariste et de nos apostolats missionnaires&#8230;<\/p>\n<\/div><\/div><\/article><\/div><div class=\"pagination clearfix\">\n\t<div class=\"alignleft\"><a href=\"https:\/\/maristeurope.eu\/fr\/wp-json\/wp\/v2\/pages\/2183\/page\/2\/?et_blog\" >&laquo; Entr\u00e9es Plus Anciennes<\/a><\/div>\n\t<div class=\"alignright\"><\/div>\n<\/div><\/div><\/div><\/div><\/div><\/div>\n","protected":false},"excerpt":{"rendered":"","protected":false},"author":1,"featured_media":0,"parent":0,"menu_order":0,"comment_status":"closed","ping_status":"closed","template":"","meta":{"_acf_changed":false,"footnotes":""},"class_list":["post-2183","page","type-page","status-publish","hentry"],"acf":[],"yoast_head":"<!-- This site is optimized with the Yoast SEO plugin v27.5 - https:\/\/yoast.com\/product\/yoast-seo-wordpress\/ -->\n<title>Actualit\u00e9s - Marist Europe<\/title>\n<meta name=\"robots\" content=\"index, follow, max-snippet:-1, max-image-preview:large, max-video-preview:-1\" \/>\n<link rel=\"canonical\" href=\"https:\/\/maristeurope.eu\/fr\/actualites\/\" \/>\n<meta property=\"og:locale\" content=\"fr_FR\" \/>\n<meta property=\"og:type\" content=\"article\" \/>\n<meta property=\"og:title\" content=\"Actualit\u00e9s - Marist Europe\" \/>\n<meta property=\"og:url\" content=\"https:\/\/maristeurope.eu\/fr\/actualites\/\" \/>\n<meta property=\"og:site_name\" content=\"Marist Europe\" \/>\n<meta property=\"article:modified_time\" content=\"2026-05-07T06:28:34+00:00\" \/>\n<meta name=\"twitter:card\" content=\"summary_large_image\" \/>\n<script type=\"application\/ld+json\" class=\"yoast-schema-graph\">{\"@context\":\"https:\\\/\\\/schema.org\",\"@graph\":[{\"@type\":\"WebPage\",\"@id\":\"https:\\\/\\\/maristeurope.eu\\\/fr\\\/actualites\\\/\",\"url\":\"https:\\\/\\\/maristeurope.eu\\\/fr\\\/actualites\\\/\",\"name\":\"Actualit\u00e9s - Marist Europe\",\"isPartOf\":{\"@id\":\"https:\\\/\\\/maristeurope.eu\\\/fr\\\/#website\"},\"datePublished\":\"2024-10-23T09:10:49+00:00\",\"dateModified\":\"2026-05-07T06:28:34+00:00\",\"breadcrumb\":{\"@id\":\"https:\\\/\\\/maristeurope.eu\\\/fr\\\/actualites\\\/#breadcrumb\"},\"inLanguage\":\"fr-FR\",\"potentialAction\":[{\"@type\":\"ReadAction\",\"target\":[\"https:\\\/\\\/maristeurope.eu\\\/fr\\\/actualites\\\/\"]}]},{\"@type\":\"BreadcrumbList\",\"@id\":\"https:\\\/\\\/maristeurope.eu\\\/fr\\\/actualites\\\/#breadcrumb\",\"itemListElement\":[{\"@type\":\"ListItem\",\"position\":1,\"name\":\"Home\",\"item\":\"https:\\\/\\\/maristeurope.eu\\\/fr\\\/\"},{\"@type\":\"ListItem\",\"position\":2,\"name\":\"Actualit\u00e9s\"}]},{\"@type\":\"WebSite\",\"@id\":\"https:\\\/\\\/maristeurope.eu\\\/fr\\\/#website\",\"url\":\"https:\\\/\\\/maristeurope.eu\\\/fr\\\/\",\"name\":\"Marist Europe\",\"description\":\"\",\"publisher\":{\"@id\":\"https:\\\/\\\/maristeurope.eu\\\/fr\\\/#organization\"},\"potentialAction\":[{\"@type\":\"SearchAction\",\"target\":{\"@type\":\"EntryPoint\",\"urlTemplate\":\"https:\\\/\\\/maristeurope.eu\\\/fr\\\/?s={search_term_string}\"},\"query-input\":{\"@type\":\"PropertyValueSpecification\",\"valueRequired\":true,\"valueName\":\"search_term_string\"}}],\"inLanguage\":\"fr-FR\"},{\"@type\":\"Organization\",\"@id\":\"https:\\\/\\\/maristeurope.eu\\\/fr\\\/#organization\",\"name\":\"Marist Europe\",\"url\":\"https:\\\/\\\/maristeurope.eu\\\/fr\\\/\",\"logo\":{\"@type\":\"ImageObject\",\"inLanguage\":\"fr-FR\",\"@id\":\"https:\\\/\\\/maristeurope.eu\\\/fr\\\/#\\\/schema\\\/logo\\\/image\\\/\",\"url\":\"https:\\\/\\\/maristeurope.eu\\\/wp-content\\\/uploads\\\/2024\\\/10\\\/EU-SM-Finalogo-02.png\",\"contentUrl\":\"https:\\\/\\\/maristeurope.eu\\\/wp-content\\\/uploads\\\/2024\\\/10\\\/EU-SM-Finalogo-02.png\",\"width\":150,\"height\":156,\"caption\":\"Marist Europe\"},\"image\":{\"@id\":\"https:\\\/\\\/maristeurope.eu\\\/fr\\\/#\\\/schema\\\/logo\\\/image\\\/\"}}]}<\/script>\n<!-- \/ Yoast SEO plugin. -->","yoast_head_json":{"title":"Actualit\u00e9s - Marist Europe","robots":{"index":"index","follow":"follow","max-snippet":"max-snippet:-1","max-image-preview":"max-image-preview:large","max-video-preview":"max-video-preview:-1"},"canonical":"https:\/\/maristeurope.eu\/fr\/actualites\/","og_locale":"fr_FR","og_type":"article","og_title":"Actualit\u00e9s - Marist Europe","og_url":"https:\/\/maristeurope.eu\/fr\/actualites\/","og_site_name":"Marist Europe","article_modified_time":"2026-05-07T06:28:34+00:00","twitter_card":"summary_large_image","schema":{"@context":"https:\/\/schema.org","@graph":[{"@type":"WebPage","@id":"https:\/\/maristeurope.eu\/fr\/actualites\/","url":"https:\/\/maristeurope.eu\/fr\/actualites\/","name":"Actualit\u00e9s - Marist Europe","isPartOf":{"@id":"https:\/\/maristeurope.eu\/fr\/#website"},"datePublished":"2024-10-23T09:10:49+00:00","dateModified":"2026-05-07T06:28:34+00:00","breadcrumb":{"@id":"https:\/\/maristeurope.eu\/fr\/actualites\/#breadcrumb"},"inLanguage":"fr-FR","potentialAction":[{"@type":"ReadAction","target":["https:\/\/maristeurope.eu\/fr\/actualites\/"]}]},{"@type":"BreadcrumbList","@id":"https:\/\/maristeurope.eu\/fr\/actualites\/#breadcrumb","itemListElement":[{"@type":"ListItem","position":1,"name":"Home","item":"https:\/\/maristeurope.eu\/fr\/"},{"@type":"ListItem","position":2,"name":"Actualit\u00e9s"}]},{"@type":"WebSite","@id":"https:\/\/maristeurope.eu\/fr\/#website","url":"https:\/\/maristeurope.eu\/fr\/","name":"Marist Europe","description":"","publisher":{"@id":"https:\/\/maristeurope.eu\/fr\/#organization"},"potentialAction":[{"@type":"SearchAction","target":{"@type":"EntryPoint","urlTemplate":"https:\/\/maristeurope.eu\/fr\/?s={search_term_string}"},"query-input":{"@type":"PropertyValueSpecification","valueRequired":true,"valueName":"search_term_string"}}],"inLanguage":"fr-FR"},{"@type":"Organization","@id":"https:\/\/maristeurope.eu\/fr\/#organization","name":"Marist Europe","url":"https:\/\/maristeurope.eu\/fr\/","logo":{"@type":"ImageObject","inLanguage":"fr-FR","@id":"https:\/\/maristeurope.eu\/fr\/#\/schema\/logo\/image\/","url":"https:\/\/maristeurope.eu\/wp-content\/uploads\/2024\/10\/EU-SM-Finalogo-02.png","contentUrl":"https:\/\/maristeurope.eu\/wp-content\/uploads\/2024\/10\/EU-SM-Finalogo-02.png","width":150,"height":156,"caption":"Marist Europe"},"image":{"@id":"https:\/\/maristeurope.eu\/fr\/#\/schema\/logo\/image\/"}}]}},"_links":{"self":[{"href":"https:\/\/maristeurope.eu\/fr\/wp-json\/wp\/v2\/pages\/2183","targetHints":{"allow":["GET"]}}],"collection":[{"href":"https:\/\/maristeurope.eu\/fr\/wp-json\/wp\/v2\/pages"}],"about":[{"href":"https:\/\/maristeurope.eu\/fr\/wp-json\/wp\/v2\/types\/page"}],"author":[{"embeddable":true,"href":"https:\/\/maristeurope.eu\/fr\/wp-json\/wp\/v2\/users\/1"}],"replies":[{"embeddable":true,"href":"https:\/\/maristeurope.eu\/fr\/wp-json\/wp\/v2\/comments?post=2183"}],"version-history":[{"count":11,"href":"https:\/\/maristeurope.eu\/fr\/wp-json\/wp\/v2\/pages\/2183\/revisions"}],"predecessor-version":[{"id":10737,"href":"https:\/\/maristeurope.eu\/fr\/wp-json\/wp\/v2\/pages\/2183\/revisions\/10737"}],"wp:attachment":[{"href":"https:\/\/maristeurope.eu\/fr\/wp-json\/wp\/v2\/media?parent=2183"}],"curies":[{"name":"wp","href":"https:\/\/api.w.org\/{rel}","templated":true}]}}