{"id":2168,"date":"2024-10-07T13:32:08","date_gmt":"2024-10-07T11:32:08","guid":{"rendered":"https:\/\/marist.sjdigitaldemo.ovh\/bibliotheque\/"},"modified":"2026-05-07T08:28:11","modified_gmt":"2026-05-07T06:28:11","slug":"bibliotheque","status":"publish","type":"page","link":"https:\/\/maristeurope.eu\/fr\/bibliotheque\/","title":{"rendered":"Ressources"},"content":{"rendered":"<div class=\"et_pb_section_0 et_pb_section et_section_regular et_block_section section_has_divider et_pb_bottom_divider\"><span class=\"et_pb_background_pattern\"><\/span><div class=\"et_pb_row_0 et_pb_row et_pb_equal_columns et_block_row et_animated preset--module--divi-row--default\"><div class=\"et_pb_column_0 et_pb_column et_pb_column_2_3 et_block_column et_pb_css_mix_blend_mode_passthrough\"><div class=\"et_pb_text_0 et_pb_text et_pb_bg_layout_light et_pb_module et_block_module\"><div class=\"et_pb_text_inner\"><h1><strong>RESSOURCES<\/strong><\/h1>\n<\/div><\/div><\/div><div class=\"et_pb_column_1 et_pb_column et_pb_column_1_3 et-last-child et_block_column et_pb_column_empty et_pb_css_mix_blend_mode_passthrough\"><\/div><\/div><div class=\"et_pb_bottom_inside_divider et-no-transition\"><\/div><\/div><div class=\"et_pb_section_1 et_pb_section et_section_regular et_block_section\" id=\"ressources\"><div class=\"et_pb_row_1 et_pb_row et_block_row preset--module--divi-row--default\"><div class=\"et_pb_column_2 et_pb_column et_pb_column_4_4 et-last-child et_block_column et_pb_css_mix_blend_mode_passthrough preset--module--divi-column--cb26f350-8f59-46c4-8f67-0c8d03d9ef93\"><div class=\"et_pb_text_1 et_pb_text et_pb_bg_layout_light et_pb_module et_block_module\"><div class=\"et_pb_text_inner\"><h2>Nous continuons \u00e0 d\u00e9velopper cette page de ressources - nous vous prions de bien vouloir nous suivre pendant que nous ajoutons du mat\u00e9riel.<\/h2>\n<h3><span style=\"color: #ff6600;\"><a href=\"https:\/\/maristeurope.eu\/fr\/page-de-contact\/\" target=\"_blank\" rel=\"noopener\" style=\"color: #ff6600;\">Contactez nous<\/a> <\/span>pour nous faire part de vos commentaires et suggestions.<\/h3>\n<\/div><\/div><\/div><\/div><div class=\"et_pb_row_2 et_pb_row et_block_row preset--module--divi-row--default\"><div class=\"et_pb_column_3 et_pb_column et_pb_column_4_4 et-last-child et_block_column et_pb_css_mix_blend_mode_passthrough\"><div class=\"et_pb_tabs_0 et_pb_tabs et_pb_module resources\" id=\"colegios\"><ul class=\"et_pb_tabs_controls clearfix\"><li class=\"et_pb_tab_nav_item_0 et_pb_tab_nav_item et_pb_tab_0 et_pb_tab_active\"><a class=\"et_pb_tab_nav_item_link\" href=\"#\">Anglais<\/a><\/li><li class=\"et_pb_tab_nav_item_1 et_pb_tab_nav_item et_pb_tab_1\"><a class=\"et_pb_tab_nav_item_link\" href=\"#\">N\u00e9erlandais<\/a><\/li><li class=\"et_pb_tab_nav_item_2 et_pb_tab_nav_item et_pb_tab_2\"><a class=\"et_pb_tab_nav_item_link\" href=\"#\">Fran\u00e7ais<\/a><\/li><li class=\"et_pb_tab_nav_item_3 et_pb_tab_nav_item et_pb_tab_3\"><a class=\"et_pb_tab_nav_item_link\" href=\"#\">Allemand<\/a><\/li><li class=\"et_pb_tab_nav_item_4 et_pb_tab_nav_item et_pb_tab_4\"><a class=\"et_pb_tab_nav_item_link\" href=\"#\">Italien<\/a><\/li><li class=\"et_pb_tab_nav_item_5 et_pb_tab_nav_item et_pb_tab_5\"><a class=\"et_pb_tab_nav_item_link\" href=\"#\">Norv\u00e9gien<\/a><\/li><li class=\"et_pb_tab_nav_item_6 et_pb_tab_nav_item et_pb_tab_6\"><a class=\"et_pb_tab_nav_item_link\" href=\"#\">Espagnol<\/a><\/li><li class=\"et_pb_tab_nav_item_7 et_pb_tab_nav_item et_pb_tab_7\"><a class=\"et_pb_tab_nav_item_link\" href=\"#\">EuroInfo<\/a><\/li><\/ul><div class=\"et_pb_all_tabs\"><div class=\"et_pb_tab_0 et_pb_tab clearfix et_pb_active_content et_pb_module et_block_module\"><div class=\"et_pb_tab_content\"><h3>Sources maristes<\/h3>\n<div><a href=\"https:\/\/maristeurope.eu\/wp-content\/uploads\/2025\/03\/Constitutions-1987-English.pdf\" target=\"_blank\" rel=\"noopener\">Constitutions 1987<\/a><br \/>\n  <a href=\"https:\/\/maristeurope.eu\/wp-content\/uploads\/2025\/03\/A-Founder-speaks-ENGLISH.pdf\" target=\"_blank\" rel=\"noopener\">Un fondateur parle<\/a><br \/>\n  <br \/>\n    <a href=\"https:\/\/maristeurope.eu\/wp-content\/uploads\/2025\/03\/A-Founder-Acts-ENGLISH.pdf\" target=\"_blank\" rel=\"noopener\">Un fondateur agit<\/a><\/p>\n<\/div>\n<h3><\/h3>\n<h3>Histoire et spiritualit\u00e9 maristes<\/h3>\n<div><a href=\"href=\" maristeurope=\"\" eu=\"\" wp-content=\"\" uploads=\"\" jan-snijders-age-of-mary-english=\"\" pdf=\"\" target=\"_blank\" rel=\"noopener\" https:=\"\">Jan Snijders : L'\u00e2ge de Marie<\/a><br \/>\n  <a href=\"https:\/\/maristeurope.eu\/wp-content\/uploads\/2025\/03\/Francois-Marc-Marian-Church.pdf\" target=\"_blank\" rel=\"noopener\">Fran\u00e7ois Marc : L'\u00e9glise mariale<\/a>\n<\/div>\n<h3><\/h3>\n<h3>Livres et magazines Marist<\/h3>\n<div><a href=\"https:\/\/maristeurope.eu\/wp-content\/uploads\/2025\/03\/KEEL_Book_of_Texts_ENGLISH.pdf\" target=\"_blank\" rel=\"noopener\">Livre de textes de Keel<\/a><\/div>\n<h3><\/h3>\n<h3>La\u00efcs<\/h3>\n<div><a href=\"https:\/\/maristeurope.eu\/wp-content\/uploads\/2025\/03\/Frank-McKay-SM-The-Marist-Laity-Maristica-4-ENGLISH.pdf\" target=\"_blank\" rel=\"noopener\">Frank McKay : Le la\u00efcat mariste<\/a><\/div>\n<h3><\/h3>\n<h3>Liturgie <span>- F\u00eates - Pri\u00e8res<\/span><\/h3>\n<div><a href=\"https:\/\/maristeurope.eu\/wp-content\/uploads\/2025\/03\/Mass_HNM_0919-ENGLISH.pdf\" target=\"_blank\" rel=\"noopener\">Messe du Saint Nom de Marie<\/a><br \/>\n  <a href=\"https:\/\/maristeurope.eu\/wp-content\/uploads\/2025\/03\/Paraliturgy_HNM_0919-ENGLISH.pdf\" target=\"_blank\" rel=\"noopener\">Paraliturgie du Saint Nom de Marie<\/a><br \/>\n  <br \/>\n    <a href=\"https:\/\/maristeurope.eu\/wp-content\/uploads\/2025\/03\/Fourviere_liturgy_0719-c-ENGLISH.pdf\" target=\"_blank\" rel=\"noopener\">Liturgie de Fourvi\u00e8re<\/a><\/p>\n<\/div>\n<div><a href=\"https:\/\/maristeurope.eu\/wp-content\/uploads\/2025\/03\/JCC_Novena_booklet_EN_1020-scrolling-c2.pdf\" target=\"_blank\" rel=\"noopener\">Jean-Claude Colin Novena<\/a><\/div>\n<\/div><\/div><div class=\"et_pb_tab_1 et_pb_tab clearfix et_pb_module et_block_module\"><div class=\"et_pb_tab_content\"><h3>Sources maristes<\/h3>\n<p>&nbsp;<\/p>\n<h3>Histoire et spiritualit\u00e9 maristes<\/h3>\n<h3> <\/h3>\n<h3>Livres et magazines Marist<\/h3>\n<p>&nbsp;<\/p>\n<h3>La\u00efcs maristes<\/h3>\n<p>&nbsp;<\/p>\n<h3>Liturgie <span>- F\u00eates - Pri\u00e8res<\/span><\/h3>\n<p>&nbsp;<\/p>\n<div><\/div>\n<\/div><\/div><div class=\"et_pb_tab_2 et_pb_tab clearfix et_pb_module et_block_module\"><div class=\"et_pb_tab_content\"><h3>Sources maristes<\/h3>\n<div><a href=\"https:\/\/maristeurope.eu\/wp-content\/uploads\/2025\/03\/Constitutions-Francais-.pdf\" target=\"_blank\" rel=\"noopener\">Constitutions<\/a><br \/>\n  <a href=\"https:\/\/maristeurope.eu\/wp-content\/uploads\/2025\/03\/Entretiens-Spirituels.pdf\" target=\"_blank\" rel=\"noopener\">Un fondateur parle<\/a><br \/>\n  <br \/>\n    <a href=\"https:\/\/maristeurope.eu\/wp-content\/uploads\/2025\/03\/Quelques-souvenirs-Propos-du-pere-Colin-recueillis-par-le-P.-Mayet-2.pdf\" target=\"_blank\" rel=\"noopener\">Un fondateur agit<\/a><\/p>\n<\/div>\n<p>&nbsp;<\/p>\n<h3>Histoire et spiritualit\u00e9 maristes<\/h3>\n<div><\/div>\n<h3><\/h3>\n<h3>Livres et magazines Marist<\/h3>\n<h3><\/h3>\n<h3>La\u00efcs<\/h3>\n<div><\/div>\n<h3>Liturgie <span>- F\u00eates - Pri\u00e8res<\/span><\/h3>\n<p>&nbsp;<\/p>\n<\/div><\/div><div class=\"et_pb_tab_3 et_pb_tab clearfix et_pb_module et_block_module\"><div class=\"et_pb_tab_content\"><h3>Sources maristes<\/h3>\n<div><a href=\"https:\/\/maristeurope.eu\/wp-content\/uploads\/2025\/03\/1987-Konstitutionen.pdf\" target=\"_blank\" rel=\"noopener\">Constitutions<\/a><br \/>\n  <a href=\"https:\/\/maristeurope.eu\/wp-content\/uploads\/2025\/03\/Geistliche-Gesprache-Colin.pdf\" target=\"_blank\" rel=\"noopener\">Un fondateur s'exprime<\/a>\n<\/div>\n<h3><\/h3>\n<h3>Histoire et spiritualit\u00e9 maristes<\/h3>\n<p>&nbsp;<\/p>\n<h3>Livres et magazines Marist<\/h3>\n<h3><\/h3>\n<h3>La\u00efcs<a href=\"#\"><\/a><\/h3>\n<h3><\/h3>\n<h3>Liturgie <span>- F\u00eates - Pri\u00e8res<\/span><\/h3>\n<div><\/div>\n<\/div><\/div><div class=\"et_pb_tab_4 et_pb_tab clearfix et_pb_module et_block_module\"><div class=\"et_pb_tab_content\"><h3>Sources maristes<\/h3>\n<div><a href=\"https:\/\/maristeurope.eu\/wp-content\/uploads\/2025\/03\/costituzioni_sm_1988.pdf\" target=\"_blank\" rel=\"noopener\">Constitutions<\/a><br \/>\n  <a href=\"https:\/\/maristeurope.eu\/wp-content\/uploads\/2025\/03\/parole_di_un_fondatore.pdf\" target=\"_blank\" rel=\"noopener\">Un fondateur parle<\/a><br \/>\n  <br \/>\n    <a href=\"https:\/\/maristeurope.eu\/wp-content\/uploads\/2025\/03\/un_fondatore_in_azione.pdf\" target=\"_blank\" rel=\"noopener\">Un fondateur agit<\/a><\/p>\n<\/div>\n<h3><\/h3>\n<h3>Histoire et spiritualit\u00e9 maristes<\/h3>\n<div><\/div>\n<div><\/div>\n<h3>Livres et magazines Marist<\/h3>\n<div><\/div>\n<div><\/div>\n<h3>La\u00efcs<\/h3>\n<div><\/div>\n<div><\/div>\n<h3>Liturgie <span>- F\u00eates - Pri\u00e8res<\/span><\/h3>\n<div><\/div>\n<\/div><\/div><div class=\"et_pb_tab_5 et_pb_tab clearfix et_pb_module et_block_module\"><div class=\"et_pb_tab_content\"><h3>Sources maristes<a href=\"#\"><\/a><\/h3>\n<p>&nbsp;<\/p>\n<h3>Histoire et spiritualit\u00e9 maristes<\/h3>\n<p>&nbsp;<\/p>\n<h3>Livres et magazines Marist<a href=\"#\"><\/a><\/h3>\n<p>&nbsp;<\/p>\n<h3>La\u00efcs<a href=\"#\"><\/a><\/h3>\n<p>&nbsp;<\/p>\n<h3>Liturgie <span>- F\u00eates - Pri\u00e8res<\/span><\/h3>\n<div><\/div>\n<\/div><\/div><div class=\"et_pb_tab_6 et_pb_tab clearfix et_pb_module et_block_module\"><div class=\"et_pb_tab_content\"><h3>Sources maristes<\/h3>\n<div><a href=\"https:\/\/maristeurope.eu\/wp-content\/uploads\/2025\/03\/Const88-ESPANOL.pdf\" target=\"_blank\" rel=\"noopener\">Constitutions<\/a><br \/>\n  <a href=\"https:\/\/maristeurope.eu\/wp-content\/uploads\/2025\/03\/Habla-un-Fundador.pdf\" target=\"_blank\" rel=\"noopener\">Un fondateur parle<\/a><br \/>\n  <br \/>\n    <a href=\"https:\/\/maristeurope.eu\/wp-content\/uploads\/2025\/03\/Un-Fundador-en-accion.pdf\" target=\"_blank\" rel=\"noopener\">Un fondateur agit<\/a><\/p>\n<\/div>\n<p>&nbsp;<\/p>\n<h3>Histoire et spiritualit\u00e9 maristes<\/h3>\n<div><\/div>\n<div><\/div>\n<h3>Livres et magazines Marist<\/h3>\n<div><\/div>\n<div><\/div>\n<h3>La\u00efcs<\/h3>\n<div><\/div>\n<div><\/div>\n<h3>Liturgie <span>- F\u00eates - Pri\u00e8res<\/span><\/h3>\n<div><\/div>\n<\/div><\/div><div class=\"et_pb_tab_7 et_pb_tab clearfix et_pb_module et_block_module\"><div class=\"et_pb_tab_content\"><h3>10 octobre 2025  <\/h3>\n<div><a href=\"https:\/\/maristeurope.eu\/wp-content\/uploads\/2025\/10\/EuroInfo-204-EN.pdf\" target=\"_blank\" rel=\"noopener\">Anglais<\/a><br \/><a href=\"https:\/\/maristeurope.eu\/wp-content\/uploads\/2025\/10\/EuroInfo-204-FR.pdf\" target=\"_blank\" rel=\"noopener\">Fran\u00e7ais<\/a><\/div>\n<div><a href=\"https:\/\/maristeurope.eu\/wp-content\/uploads\/2025\/10\/EuroInfo-204-DE.pdf\" target=\"_blank\" rel=\"noopener\">Allemand<\/a><\/div>\n<div><a href=\"https:\/\/maristeurope.eu\/wp-content\/uploads\/2025\/10\/EuroInfo-204-NL.pdf\" target=\"_blank\" rel=\"noopener\">N\u00e9erlandais<\/a><\/div>\n<div><a href=\"https:\/\/maristeurope.eu\/wp-content\/uploads\/2025\/10\/EuroInfo-204-IT.pdf\" target=\"_blank\" rel=\"noopener\">Italien<\/a><\/div>\n<div><a href=\"https:\/\/maristeurope.eu\/wp-content\/uploads\/2025\/10\/EuroInfo-204-ES.pdf\" target=\"_blank\" rel=\"noopener\">Espagnol<\/a><\/div>\n<p>&nbsp;<\/p>\n<h3>09 septembre 2025<\/h3>\n<p>&nbsp;<\/p>\n<\/div><\/div><\/div><\/div><\/div><\/div><\/div>","protected":false},"excerpt":{"rendered":"","protected":false},"author":1,"featured_media":0,"parent":0,"menu_order":0,"comment_status":"closed","ping_status":"closed","template":"","meta":{"footnotes":""},"class_list":["post-2168","page","type-page","status-publish","hentry"],"yoast_head":"<!-- This site is optimized with the Yoast SEO plugin v27.5 - https:\/\/yoast.com\/product\/yoast-seo-wordpress\/ -->\n<title>Ressources - Marist Europe<\/title>\n<meta name=\"robots\" content=\"index, follow, max-snippet:-1, max-image-preview:large, max-video-preview:-1\" \/>\n<link rel=\"canonical\" href=\"https:\/\/maristeurope.eu\/fr\/bibliotheque\/\" \/>\n<meta property=\"og:locale\" content=\"fr_FR\" \/>\n<meta property=\"og:type\" content=\"article\" \/>\n<meta property=\"og:title\" content=\"Ressources - Marist Europe\" \/>\n<meta property=\"og:url\" content=\"https:\/\/maristeurope.eu\/fr\/bibliotheque\/\" \/>\n<meta property=\"og:site_name\" content=\"Marist Europe\" \/>\n<meta property=\"article:modified_time\" content=\"2026-05-07T06:28:11+00:00\" \/>\n<meta name=\"twitter:card\" content=\"summary_large_image\" \/>\n<script type=\"application\/ld+json\" class=\"yoast-schema-graph\">{\"@context\":\"https:\\\/\\\/schema.org\",\"@graph\":[{\"@type\":\"WebPage\",\"@id\":\"https:\\\/\\\/maristeurope.eu\\\/fr\\\/bibliotheque\\\/\",\"url\":\"https:\\\/\\\/maristeurope.eu\\\/fr\\\/bibliotheque\\\/\",\"name\":\"Ressources - Marist Europe\",\"isPartOf\":{\"@id\":\"https:\\\/\\\/maristeurope.eu\\\/fr\\\/#website\"},\"datePublished\":\"2024-10-07T11:32:08+00:00\",\"dateModified\":\"2026-05-07T06:28:11+00:00\",\"breadcrumb\":{\"@id\":\"https:\\\/\\\/maristeurope.eu\\\/fr\\\/bibliotheque\\\/#breadcrumb\"},\"inLanguage\":\"fr-FR\",\"potentialAction\":[{\"@type\":\"ReadAction\",\"target\":[\"https:\\\/\\\/maristeurope.eu\\\/fr\\\/bibliotheque\\\/\"]}]},{\"@type\":\"BreadcrumbList\",\"@id\":\"https:\\\/\\\/maristeurope.eu\\\/fr\\\/bibliotheque\\\/#breadcrumb\",\"itemListElement\":[{\"@type\":\"ListItem\",\"position\":1,\"name\":\"Home\",\"item\":\"https:\\\/\\\/maristeurope.eu\\\/fr\\\/\"},{\"@type\":\"ListItem\",\"position\":2,\"name\":\"Ressources\"}]},{\"@type\":\"WebSite\",\"@id\":\"https:\\\/\\\/maristeurope.eu\\\/fr\\\/#website\",\"url\":\"https:\\\/\\\/maristeurope.eu\\\/fr\\\/\",\"name\":\"Marist Europe\",\"description\":\"\",\"publisher\":{\"@id\":\"https:\\\/\\\/maristeurope.eu\\\/fr\\\/#organization\"},\"potentialAction\":[{\"@type\":\"SearchAction\",\"target\":{\"@type\":\"EntryPoint\",\"urlTemplate\":\"https:\\\/\\\/maristeurope.eu\\\/fr\\\/?s={search_term_string}\"},\"query-input\":{\"@type\":\"PropertyValueSpecification\",\"valueRequired\":true,\"valueName\":\"search_term_string\"}}],\"inLanguage\":\"fr-FR\"},{\"@type\":\"Organization\",\"@id\":\"https:\\\/\\\/maristeurope.eu\\\/fr\\\/#organization\",\"name\":\"Marist Europe\",\"url\":\"https:\\\/\\\/maristeurope.eu\\\/fr\\\/\",\"logo\":{\"@type\":\"ImageObject\",\"inLanguage\":\"fr-FR\",\"@id\":\"https:\\\/\\\/maristeurope.eu\\\/fr\\\/#\\\/schema\\\/logo\\\/image\\\/\",\"url\":\"https:\\\/\\\/maristeurope.eu\\\/wp-content\\\/uploads\\\/2024\\\/10\\\/EU-SM-Finalogo-02.png\",\"contentUrl\":\"https:\\\/\\\/maristeurope.eu\\\/wp-content\\\/uploads\\\/2024\\\/10\\\/EU-SM-Finalogo-02.png\",\"width\":150,\"height\":156,\"caption\":\"Marist Europe\"},\"image\":{\"@id\":\"https:\\\/\\\/maristeurope.eu\\\/fr\\\/#\\\/schema\\\/logo\\\/image\\\/\"}}]}<\/script>\n<!-- \/ Yoast SEO plugin. -->","yoast_head_json":{"title":"Ressources - Marist Europe","robots":{"index":"index","follow":"follow","max-snippet":"max-snippet:-1","max-image-preview":"max-image-preview:large","max-video-preview":"max-video-preview:-1"},"canonical":"https:\/\/maristeurope.eu\/fr\/bibliotheque\/","og_locale":"fr_FR","og_type":"article","og_title":"Ressources - Marist Europe","og_url":"https:\/\/maristeurope.eu\/fr\/bibliotheque\/","og_site_name":"Marist Europe","article_modified_time":"2026-05-07T06:28:11+00:00","twitter_card":"summary_large_image","schema":{"@context":"https:\/\/schema.org","@graph":[{"@type":"WebPage","@id":"https:\/\/maristeurope.eu\/fr\/bibliotheque\/","url":"https:\/\/maristeurope.eu\/fr\/bibliotheque\/","name":"Ressources - Marist Europe","isPartOf":{"@id":"https:\/\/maristeurope.eu\/fr\/#website"},"datePublished":"2024-10-07T11:32:08+00:00","dateModified":"2026-05-07T06:28:11+00:00","breadcrumb":{"@id":"https:\/\/maristeurope.eu\/fr\/bibliotheque\/#breadcrumb"},"inLanguage":"fr-FR","potentialAction":[{"@type":"ReadAction","target":["https:\/\/maristeurope.eu\/fr\/bibliotheque\/"]}]},{"@type":"BreadcrumbList","@id":"https:\/\/maristeurope.eu\/fr\/bibliotheque\/#breadcrumb","itemListElement":[{"@type":"ListItem","position":1,"name":"Home","item":"https:\/\/maristeurope.eu\/fr\/"},{"@type":"ListItem","position":2,"name":"Ressources"}]},{"@type":"WebSite","@id":"https:\/\/maristeurope.eu\/fr\/#website","url":"https:\/\/maristeurope.eu\/fr\/","name":"Marist Europe","description":"","publisher":{"@id":"https:\/\/maristeurope.eu\/fr\/#organization"},"potentialAction":[{"@type":"SearchAction","target":{"@type":"EntryPoint","urlTemplate":"https:\/\/maristeurope.eu\/fr\/?s={search_term_string}"},"query-input":{"@type":"PropertyValueSpecification","valueRequired":true,"valueName":"search_term_string"}}],"inLanguage":"fr-FR"},{"@type":"Organization","@id":"https:\/\/maristeurope.eu\/fr\/#organization","name":"Marist Europe","url":"https:\/\/maristeurope.eu\/fr\/","logo":{"@type":"ImageObject","inLanguage":"fr-FR","@id":"https:\/\/maristeurope.eu\/fr\/#\/schema\/logo\/image\/","url":"https:\/\/maristeurope.eu\/wp-content\/uploads\/2024\/10\/EU-SM-Finalogo-02.png","contentUrl":"https:\/\/maristeurope.eu\/wp-content\/uploads\/2024\/10\/EU-SM-Finalogo-02.png","width":150,"height":156,"caption":"Marist Europe"},"image":{"@id":"https:\/\/maristeurope.eu\/fr\/#\/schema\/logo\/image\/"}}]}},"_links":{"self":[{"href":"https:\/\/maristeurope.eu\/fr\/wp-json\/wp\/v2\/pages\/2168","targetHints":{"allow":["GET"]}}],"collection":[{"href":"https:\/\/maristeurope.eu\/fr\/wp-json\/wp\/v2\/pages"}],"about":[{"href":"https:\/\/maristeurope.eu\/fr\/wp-json\/wp\/v2\/types\/page"}],"author":[{"embeddable":true,"href":"https:\/\/maristeurope.eu\/fr\/wp-json\/wp\/v2\/users\/1"}],"replies":[{"embeddable":true,"href":"https:\/\/maristeurope.eu\/fr\/wp-json\/wp\/v2\/comments?post=2168"}],"version-history":[{"count":54,"href":"https:\/\/maristeurope.eu\/fr\/wp-json\/wp\/v2\/pages\/2168\/revisions"}],"predecessor-version":[{"id":10972,"href":"https:\/\/maristeurope.eu\/fr\/wp-json\/wp\/v2\/pages\/2168\/revisions\/10972"}],"wp:attachment":[{"href":"https:\/\/maristeurope.eu\/fr\/wp-json\/wp\/v2\/media?parent=2168"}],"curies":[{"name":"wp","href":"https:\/\/api.w.org\/{rel}","templated":true}]}}