{"id":2161,"date":"2024-12-19T14:30:51","date_gmt":"2024-12-19T13:30:51","guid":{"rendered":"https:\/\/marist.sjdigitaldemo.ovh\/benevolat\/"},"modified":"2025-03-25T14:33:06","modified_gmt":"2025-03-25T13:33:06","slug":"benevolat","status":"publish","type":"page","link":"https:\/\/maristeurope.eu\/fr\/benevolat\/","title":{"rendered":"B\u00c9N\u00c9VOLAT"},"content":{"rendered":"<p>[et_pb_section fb_built=\"1&Prime; admin_label=\"Secci\u00f3n\" _builder_version=\"4.27.4&Prime; _module_preset=\"default\" use_background_color_gradient=\"on\" background_color_gradient_stops=\"rgba(2,48,71,0.2) 0%|rgba(2,48,71,0.4) 100%\" background_color_gradient_overlays_image=\"on\" background_image=\"https:\/\/maristeurope.eu\/wp-content\/uploads\/2025\/03\/Ester-Youth-Camp-Norway.jpg\" background_position=\"top_center\" background_enable_video_mp4=\"off\" custom_padding=\"16vw||4vw||false|false\" bottom_divider_style=\"ramp2&Prime; bottom_divider_color=\"#FB8500&Prime; bottom_divider_flip=\"horizontal\" hover_enabled=\"0&Prime; global_colors_info=\"{}\" sticky_enabled=\"0&Prime; title_text=\"Ester Youth Camp Norway\"][et_pb_row make_equal=\"on\" _builder_version=\"4.27.2&Prime; _module_preset=\"936634bb-b644-4f86-9881-50254cef8e93&Prime; background_enable_color=\"off\" custom_padding=\"0px|40px|0px|40px|true|true\" animation_style=\"fade\" animation_duration=\"1500ms\" animation_delay=\"200ms\" global_colors_info=\"{}\"][et_pb_column type=\"4_4&Prime; _builder_version=\"4.27.2&Prime; _module_preset=\"default\" global_colors_info=\"{}\"][et_pb_text _builder_version=\"4.27.4&Prime; _module_preset=\"default\" header_font=\"|600||on|||||\" header_text_color=\"#FFFFFF\" header_font_size=\"4rem\" header_letter_spacing=\"4px\" header_2_text_color=\"#FFFFFF\" header_2_font_size=\"3.5rem\" custom_margin=\"20px||20px||true|false\" global_colors_info=\"{}\"]<\/p>\n<h2>B\u00c9N\u00c9VOLAT<\/h2>\n<p>[\/et_pb_text][\/et_pb_column][\/et_pb_row][\/et_pb_section][et_pb_section fb_built=\"1&Prime; admin_label=\"Secci\u00f3n\" _builder_version=\"4.27.4&Prime; _module_preset=\"default\" background_color=\"#FB8500&Prime; background_image=\"https:\/\/maristeurope.eu\/wp-content\/uploads\/2024\/11\/art-therapist-illustration-06-1.png\" background_size=\"initial\" background_blend=\"soft-light\" custom_padding=\"6vw||12vw||false|false\" top_divider_color=\"#FB8500&Prime; bottom_divider_style=\"wave2&Prime; bottom_divider_color=\"#FFFAF2&Prime; bottom_divider_flip=\"horizontal\" bottom_divider_arrangement=\"above_content\" global_colors_info=\"{}\"][et_pb_row column_structure=\"3_5,2_5&Prime; make_equal=\"on\" admin_label=\"Fila\" _builder_version=\"4.27.4&Prime; _module_preset=\"936634bb-b644-4f86-9881-50254cef8e93&Prime; background_enable_color=\"off\" background_enable_image=\"off\" custom_padding=\"|||40px|false|false\" border_radii=\"on|50px|50px|50px|50px\" global_colors_info=\"{}\"][et_pb_column type=\"3_5&Prime; _builder_version=\"4.27.2&Prime; _module_preset=\"default\" animation_style=\"fade\" animation_duration=\"1500ms\" animation_delay=\"200ms\" custom_css_main_element=\"margin: auto auto;\" global_colors_info=\"{}\"][et_pb_text _builder_version=\"4.27.4&Prime; _module_preset=\"default\" text_text_color=\"#FFFFFF\" header_text_color=\"#FFFFFF\" header_2_text_color=\"#FFFFFF\" header_2_font_size=\"3rem\" animation_style=\"fade\" animation_delay=\"200ms\" global_colors_info=\"{}\"]<\/p>\n<h2>Rejoignez-nous en tant que b\u00e9n\u00e9vole<\/h2>\n<p>[\/et_pb_text][et_pb_text _builder_version=\"4.27.4&Prime; _module_preset=\"default\" text_text_color=\"#FFFFFF\" text_font_size=\"20px\" global_colors_info=\"{}\"]<\/p>\n<p>Les activit\u00e9s de <strong>la mission<\/strong> mariste se poursuivent <strong>dans le monde entier<\/strong>.<\/p>\n<p>Pourquoi ne pas <strong>mettre vos talents<\/strong> et vos comp\u00e9tences au service des personnes desservies par l&rsquo;\u0153uvre de Marie aujourd&rsquo;hui ?<\/p>\n<p><strong>Pensez \u00e0 nous rejoindre en tant que b\u00e9n\u00e9vole !<\/strong><\/p>\n<p>[\/et_pb_text][\/et_pb_column][et_pb_column type=\"2_5&Prime; _builder_version=\"4.27.2&Prime; _module_preset=\"default\" animation_style=\"slide\" animation_direction=\"right\" animation_duration=\"1500ms\" animation_delay=\"500ms\" global_colors_info=\"{}\"][et_pb_image src=\"https:\/\/maristeurope.eu\/wp-content\/uploads\/2024\/12\/Peter-Thailand.jpg\" title_text=\"Peter Tha\u00eflande\" _builder_version=\"4.27.4&Prime; _module_preset=\"default\" width=\"100%\" animation_style=\"fade\" animation_duration=\"2000ms\" animation_delay=\"600ms\" border_radii=\"on|50px|50px|50px|50px\" locked=\"off\" global_colors_info=\"{}\"][\/et_pb_image][\/et_pb_column][\/et_pb_row][\/et_pb_section][et_pb_section fb_built=\"1&Prime; admin_label=\"Secci\u00f3n\" _builder_version=\"4.27.2&Prime; _module_preset=\"default\" background_color=\"#FFFAF2&Prime; background_enable_image=\"off\" background_size=\"contain\" background_blend=\"soft-light\" background_enable_pattern_style=\"on\" background_pattern_style=\"confetti\" background_pattern_color=\"rgba(0,0,0,0.05)\" custom_padding=\"6vw||12vw||false|false\" bottom_divider_style=\"wave2&Prime; bottom_divider_color=\"#FFFAF2&Prime; bottom_divider_flip=\"horizontal\" bottom_divider_arrangement=\"above_content\" global_colors_info=\"{}\"][et_pb_row column_structure=\"2_5,3_5&Prime; make_equal=\"on\" _builder_version=\"4.27.2&Prime; _module_preset=\"936634bb-b644-4f86-9881-50254cef8e93&Prime; custom_padding=\"50px||50px||true|false\" animation_style=\"slide\" animation_duration=\"1500ms\" animation_delay=\"200ms\" border_color_top=\"#FFB703&Prime; global_colors_info=\"{}\"][et_pb_column type=\"2_5&Prime; _builder_version=\"4.27.2&Prime; _module_preset=\"default\" border_color_right=\"#FFB703&Prime; global_colors_info=\"{}\"][et_pb_text _builder_version=\"4.27.4&Prime; _module_preset=\"default\" text_font=\"|800|||||||\" text_text_color=\"#FFFFFF\" text_font_size=\"2rem\" header_font=\"-et_global_heading_font|700|||||||\" header_text_color=\"#FFB703&Prime; header_font_size=\"50px\" header_line_height=\"1.2em\" text_orientation=\"right\" custom_padding=\"20px|40px|20px||false|false\" animation_style=\"slide\" animation_direction=\"left\" animation_duration=\"1500ms\" animation_delay=\"500ms\" animation_starting_opacity=\"100%\" border_color_right=\"#FFB703&Prime; global_colors_info=\"{}\"]<\/p>\n<h1><b>Pour le volontariat local, vous pouvez contacter la communaut\u00e9 mariste de votre pays.<\/b><\/h1>\n<h2>Nous avons des opportunit\u00e9s \u00e0 moyen et long terme au niveau international :<\/h2>\n<p>[\/et_pb_text][\/et_pb_column][et_pb_column type=\"3_5&Prime; _builder_version=\"4.27.2&Prime; _module_preset=\"default\" global_colors_info=\"{}\"][et_pb_accordion open_toggle_text_color=\"#023047&Prime; open_toggle_background_color=\"#FFB703&Prime; closed_toggle_background_color=\"rgba(255,183,3,0.3)\" icon_color=\"#023047&Prime; use_icon_font_size=\"on\" icon_font_size=\"24px\" _builder_version=\"4.27.4&Prime; _module_preset=\"default\" toggle_font_size=\"24px\" toggle_line_height=\"1.8em\" body_text_color=\"#023047&Prime; body_font_size=\"18px\" background_enable_color=\"off\" custom_padding=\"40px|20px|40px|20px|true|true\" border_radii=\"on|50px|50px|50px|50px\" border_width_all=\"0px\" global_colors_info=\"{}\"][et_pb_accordion_item title=\"Accueil chr\u00e9tien des p\u00e8lerins sur le Camino, Sahag\u00fan, Espagne\" _builder_version=\"4.27.4&Prime; _module_preset=\"default\" global_colors_info=\"{}\" open=\"on\"]<\/p>\n<p><span style=\"font-weight: 400;\">Depuis 2018, nous accueillons les p\u00e8lerins dans notre auberge (albergue) sur le Camino, dans le monast\u00e8re b\u00e9n\u00e9dictin de Santa Cruz (Sainte-Croix) \u00e0 Sahag\u00fan. Nous offrons un accueil et un accompagnement spirituel aux p\u00e8lerins.   <\/span><\/p>\n<p><span style=\"font-weight: 400;\">Nous sommes ouverts de la mi-mars \u00e0 la mi-novembre. Des milliers de p\u00e8lerins sont accueillis chaque ann\u00e9e. Alors, si vous vous sentez appel\u00e9 \u00e0 accueillir et \u00e0 \u00e9couter les p\u00e8lerins, n&rsquo;h\u00e9sitez pas \u00e0 contacter l&rsquo;\u00e9quipe. Vous serez impliqu\u00e9 d\u00e8s les premiers instants dans la pr\u00e9paration de l&rsquo;accueil (nettoyage, organisation, pr\u00e9paration des ressources mat\u00e9rielles et spirituelles), dans l&rsquo;inscription et l&rsquo;h\u00e9bergement des p\u00e8lerins, en les \u00e9coutant et en les servant avec l&rsquo;amour de Dieu et en essayant de voir en chaque p\u00e8lerin le Christ lui-m\u00eame qui a besoin d&rsquo;un abri.     <\/span><\/p>\n<p><span style=\"font-weight: 400;\">Nous recevons des volontaires pour une p\u00e9riode de deux semaines ou de plusieurs mois, de mars \u00e0 novembre. Si vous pensez que vous aimeriez vous mettre au service des p\u00e8lerins, n&rsquo;h\u00e9sitez pas \u00e0 nous contacter :<\/span><\/p>\n<p> <strong> courrier <\/strong><a href=\"mailto:alberguesantacruzsahagun@gmail.com\"><span style=\"font-weight: 400;\">alberguesantacruzsahagun@gmail.com<\/span><\/a><span style=\"font-weight: 400;\"> <\/span><\/p>\n<p><span style=\"font-weight: 400;\"><strong>t\u00e9l\u00e9phone<\/strong> (+34) 650 696 023 Web : <\/span><a href=\"http:\/\/www.alberguesensahagun.es\"><span style=\"font-weight: 400;\">www.alberguesensahagun.es<\/span><\/a><span style=\"font-weight: 400;\">  <\/span><\/p>\n<p><span style=\"font-weight: 400;\"><strong>Facebook<\/strong>: Albergue Santa Cruz<\/span><\/p>\n<p><span style=\"font-weight: 400;\"><strong>Instagram<\/strong>: albergue_santacruz<\/span><\/p>\n<p>[\/et_pb_accordion_item][et_pb_accordion_item title=\"Notre Dame de France, Londres, Royaume-Uni\" _builder_version=\"4.27.4&Prime; _module_preset=\"default\" global_colors_info=\"{}\" open=\"off\"]<\/p>\n<p><span style=\"font-weight: 400;\">Les jeunes sont invit\u00e9s \u00e0 rejoindre notre communaut\u00e9 mariste du centre-ville et notre aum\u00f4nerie francophone au c\u0153ur de Londres. Participez \u00e0 la vie de la communaut\u00e9 mariste par la pri\u00e8re et le service dans la paroisse, comme le service Sandwich pour les sans-abri ou le Centre de R\u00e9fugi\u00e9s Notre Dame. <\/span><\/p>\n<p><strong>Plus de d\u00e9tails <\/strong><span style=\"font-weight: 400;\"><a href=\"http:\/\/www.ndfchurch.org\">www.ndfchurch.org<\/a><a href=\"http:\/\/www.ndfchurch.org\"><\/a><\/span><\/p>\n<p><strong>Contact <\/strong><a href=\"mailto:pascal.boidin@ndfchurch.org\"><span style=\"font-weight: 400;\">pascal.boidin@ndfchurch.org<\/span><\/a><span style=\"font-weight: 400;\"> <\/span><\/p>\n<p>[\/et_pb_accordion_item][et_pb_accordion_item title=\"Ranong, Tha\u00eflande\" _builder_version=\"4.27.4&Prime; _module_preset=\"default\" global_colors_info=\"{}\" open=\"off\"]<\/p>\n<p><span style=\"font-weight: 400;\">Nous recherchons des volontaires enthousiastes pour rejoindre notre \u00e9quipe et avoir un impact positif en travaillant avec des enfants du Myanmar. En tant que volontaire, vous aurez l&rsquo;occasion d&rsquo;acqu\u00e9rir une exp\u00e9rience pr\u00e9cieuse, de rencontrer de nouvelles personnes et de contribuer \u00e0 notre mission mariste. Les services propos\u00e9s comprennent l&rsquo;enseignement de l&rsquo;anglais, les visites aux malades et aux personnes confin\u00e9es chez elles.  <\/span><\/p>\n<p><span style=\"font-weight: 400;\"><strong>Plus de d\u00e9tails<\/strong> <\/span><a href=\"http:\/\/www.maristasiafoundation.org\/volunteers\"><span style=\"font-weight: 400;\">www.maristasiafoundation.org\/volunteers<\/span><\/a><\/p>\n<p>[\/et_pb_accordion_item][et_pb_accordion_item title=\"Cameroun, S\u00e9n\u00e9gal et Burundi\" _builder_version=\"4.27.4&Prime; _module_preset=\"default\" global_colors_info=\"{}\" open=\"off\"]<\/p>\n<p><span style=\"font-weight: 400;\">La mission mariste en Afrique comprend l&rsquo;aide aux enfants des rues, des projets d&rsquo;\u00e9ducation formelle et informelle, des initiatives \u00e9cologiques et un minist\u00e8re pastoral. Nous accueillons volontiers des b\u00e9n\u00e9voles pour aider le personnel professionnel \u00e0 servir les gens dans ces entreprises. <\/span><\/p>\n<p><strong>Contact <\/strong><a href=\"mailto:info@maristeurope.eu\"><span style=\"font-weight: 400;\">info@maristeurope.eu<\/span><\/a><\/p>\n<p>[\/et_pb_accordion_item][et_pb_accordion_item title=\"Programme de sensibilisation de l&#039;\u00e9cole Marist, Atlanta, \u00c9tats-Unis  \" open=\"off\" _builder_version=\"4.27.4&Prime; _module_preset=\"default\" global_colors_info=\"{}\"]<\/p>\n<p><span style=\"font-weight: 400;\">L&rsquo;ouverture \u00e0 la communaut\u00e9 est essentielle \u00e0 l&rsquo;esprit mariste, en particulier \u00e0 ceux qui sont marginalis\u00e9s et mal desservis. Possibilit\u00e9s de service en collaboration avec le d\u00e9partement de la pastorale des campus, ce qui inclut le mentorat d&rsquo;\u00e9tudiants, la participation \u00e0 des projets de sensibilisation de l&rsquo;\u00e9cole. <\/span><\/p>\n<p><strong>Plus de d\u00e9tails <\/strong><a href=\"http:\/\/www.marist.com\"><span style=\"font-weight: 400;\">www.marist.com<\/span><\/a><span style=\"font-weight: 400;\"> <\/span><\/p>\n<p><strong>Contact <\/strong><a href=\"mailto:europrovsm.education@gmail.com\"><span style=\"font-weight: 400;\">europrovsm.education@gmail.com<\/span><\/a><\/p>\n<p>[\/et_pb_accordion_item][\/et_pb_accordion][\/et_pb_column][\/et_pb_row][\/et_pb_section]<\/p>\n","protected":false},"excerpt":{"rendered":"<p>B\u00c9N\u00c9VOLATRejoignez-nous en tant que b\u00e9n\u00e9voleLes activit\u00e9s de la mission mariste se poursuivent dans le monde entier. Pourquoi ne pas mettre vos talents et vos comp\u00e9tences au service des personnes desservies par l&rsquo;\u0153uvre de Marie aujourd&rsquo;hui ? Pensez \u00e0 nous rejoindre en tant que b\u00e9n\u00e9vole !Pour le volontariat local, vous pouvez contacter la communaut\u00e9 mariste de [&hellip;]<\/p>\n","protected":false},"author":1,"featured_media":0,"parent":0,"menu_order":0,"comment_status":"closed","ping_status":"closed","template":"","meta":{"_et_pb_use_builder":"on","_et_pb_old_content":"","_et_gb_content_width":"","footnotes":""},"class_list":["post-2161","page","type-page","status-publish","hentry"],"yoast_head":"<!-- This site is optimized with the Yoast SEO plugin v27.4 - https:\/\/yoast.com\/product\/yoast-seo-wordpress\/ -->\n<title>B\u00c9N\u00c9VOLAT - Marist Europe<\/title>\n<meta name=\"robots\" content=\"index, follow, max-snippet:-1, max-image-preview:large, max-video-preview:-1\" \/>\n<link rel=\"canonical\" href=\"https:\/\/maristeurope.eu\/fr\/benevolat\/\" \/>\n<meta property=\"og:locale\" content=\"fr_FR\" \/>\n<meta property=\"og:type\" content=\"article\" \/>\n<meta property=\"og:title\" content=\"B\u00c9N\u00c9VOLAT - Marist Europe\" \/>\n<meta property=\"og:description\" content=\"B\u00c9N\u00c9VOLATRejoignez-nous en tant que b\u00e9n\u00e9voleLes activit\u00e9s de la mission mariste se poursuivent dans le monde entier. Pourquoi ne pas mettre vos talents et vos comp\u00e9tences au service des personnes desservies par l&#039;\u0153uvre de Marie aujourd&#039;hui ? Pensez \u00e0 nous rejoindre en tant que b\u00e9n\u00e9vole !Pour le volontariat local, vous pouvez contacter la communaut\u00e9 mariste de [&hellip;]\" \/>\n<meta property=\"og:url\" content=\"https:\/\/maristeurope.eu\/fr\/benevolat\/\" \/>\n<meta property=\"og:site_name\" content=\"Marist Europe\" \/>\n<meta property=\"article:modified_time\" content=\"2025-03-25T13:33:06+00:00\" \/>\n<meta name=\"twitter:card\" content=\"summary_large_image\" \/>\n<meta name=\"twitter:label1\" content=\"Dur\u00e9e de lecture estim\u00e9e\" \/>\n\t<meta name=\"twitter:data1\" content=\"7 minutes\" \/>\n<script type=\"application\/ld+json\" class=\"yoast-schema-graph\">{\"@context\":\"https:\\\/\\\/schema.org\",\"@graph\":[{\"@type\":\"WebPage\",\"@id\":\"https:\\\/\\\/maristeurope.eu\\\/fr\\\/benevolat\\\/\",\"url\":\"https:\\\/\\\/maristeurope.eu\\\/fr\\\/benevolat\\\/\",\"name\":\"B\u00c9N\u00c9VOLAT - Marist Europe\",\"isPartOf\":{\"@id\":\"https:\\\/\\\/maristeurope.eu\\\/fr\\\/#website\"},\"datePublished\":\"2024-12-19T13:30:51+00:00\",\"dateModified\":\"2025-03-25T13:33:06+00:00\",\"breadcrumb\":{\"@id\":\"https:\\\/\\\/maristeurope.eu\\\/fr\\\/benevolat\\\/#breadcrumb\"},\"inLanguage\":\"fr-FR\",\"potentialAction\":[{\"@type\":\"ReadAction\",\"target\":[\"https:\\\/\\\/maristeurope.eu\\\/fr\\\/benevolat\\\/\"]}]},{\"@type\":\"BreadcrumbList\",\"@id\":\"https:\\\/\\\/maristeurope.eu\\\/fr\\\/benevolat\\\/#breadcrumb\",\"itemListElement\":[{\"@type\":\"ListItem\",\"position\":1,\"name\":\"Home\",\"item\":\"https:\\\/\\\/maristeurope.eu\\\/fr\\\/maristes\\\/\"},{\"@type\":\"ListItem\",\"position\":2,\"name\":\"B\u00c9N\u00c9VOLAT\"}]},{\"@type\":\"WebSite\",\"@id\":\"https:\\\/\\\/maristeurope.eu\\\/fr\\\/#website\",\"url\":\"https:\\\/\\\/maristeurope.eu\\\/fr\\\/\",\"name\":\"Marist Europe\",\"description\":\"\",\"publisher\":{\"@id\":\"https:\\\/\\\/maristeurope.eu\\\/fr\\\/#organization\"},\"potentialAction\":[{\"@type\":\"SearchAction\",\"target\":{\"@type\":\"EntryPoint\",\"urlTemplate\":\"https:\\\/\\\/maristeurope.eu\\\/fr\\\/?s={search_term_string}\"},\"query-input\":{\"@type\":\"PropertyValueSpecification\",\"valueRequired\":true,\"valueName\":\"search_term_string\"}}],\"inLanguage\":\"fr-FR\"},{\"@type\":\"Organization\",\"@id\":\"https:\\\/\\\/maristeurope.eu\\\/fr\\\/#organization\",\"name\":\"Marist Europe\",\"url\":\"https:\\\/\\\/maristeurope.eu\\\/fr\\\/\",\"logo\":{\"@type\":\"ImageObject\",\"inLanguage\":\"fr-FR\",\"@id\":\"https:\\\/\\\/maristeurope.eu\\\/fr\\\/#\\\/schema\\\/logo\\\/image\\\/\",\"url\":\"https:\\\/\\\/maristeurope.eu\\\/wp-content\\\/uploads\\\/2024\\\/10\\\/EU-SM-Finalogo-02.png\",\"contentUrl\":\"https:\\\/\\\/maristeurope.eu\\\/wp-content\\\/uploads\\\/2024\\\/10\\\/EU-SM-Finalogo-02.png\",\"width\":150,\"height\":156,\"caption\":\"Marist Europe\"},\"image\":{\"@id\":\"https:\\\/\\\/maristeurope.eu\\\/fr\\\/#\\\/schema\\\/logo\\\/image\\\/\"}}]}<\/script>\n<!-- \/ Yoast SEO plugin. -->","yoast_head_json":{"title":"B\u00c9N\u00c9VOLAT - Marist Europe","robots":{"index":"index","follow":"follow","max-snippet":"max-snippet:-1","max-image-preview":"max-image-preview:large","max-video-preview":"max-video-preview:-1"},"canonical":"https:\/\/maristeurope.eu\/fr\/benevolat\/","og_locale":"fr_FR","og_type":"article","og_title":"B\u00c9N\u00c9VOLAT - Marist Europe","og_description":"B\u00c9N\u00c9VOLATRejoignez-nous en tant que b\u00e9n\u00e9voleLes activit\u00e9s de la mission mariste se poursuivent dans le monde entier. Pourquoi ne pas mettre vos talents et vos comp\u00e9tences au service des personnes desservies par l'\u0153uvre de Marie aujourd'hui ? Pensez \u00e0 nous rejoindre en tant que b\u00e9n\u00e9vole !Pour le volontariat local, vous pouvez contacter la communaut\u00e9 mariste de [&hellip;]","og_url":"https:\/\/maristeurope.eu\/fr\/benevolat\/","og_site_name":"Marist Europe","article_modified_time":"2025-03-25T13:33:06+00:00","twitter_card":"summary_large_image","twitter_misc":{"Dur\u00e9e de lecture estim\u00e9e":"7 minutes"},"schema":{"@context":"https:\/\/schema.org","@graph":[{"@type":"WebPage","@id":"https:\/\/maristeurope.eu\/fr\/benevolat\/","url":"https:\/\/maristeurope.eu\/fr\/benevolat\/","name":"B\u00c9N\u00c9VOLAT - Marist Europe","isPartOf":{"@id":"https:\/\/maristeurope.eu\/fr\/#website"},"datePublished":"2024-12-19T13:30:51+00:00","dateModified":"2025-03-25T13:33:06+00:00","breadcrumb":{"@id":"https:\/\/maristeurope.eu\/fr\/benevolat\/#breadcrumb"},"inLanguage":"fr-FR","potentialAction":[{"@type":"ReadAction","target":["https:\/\/maristeurope.eu\/fr\/benevolat\/"]}]},{"@type":"BreadcrumbList","@id":"https:\/\/maristeurope.eu\/fr\/benevolat\/#breadcrumb","itemListElement":[{"@type":"ListItem","position":1,"name":"Home","item":"https:\/\/maristeurope.eu\/fr\/maristes\/"},{"@type":"ListItem","position":2,"name":"B\u00c9N\u00c9VOLAT"}]},{"@type":"WebSite","@id":"https:\/\/maristeurope.eu\/fr\/#website","url":"https:\/\/maristeurope.eu\/fr\/","name":"Marist Europe","description":"","publisher":{"@id":"https:\/\/maristeurope.eu\/fr\/#organization"},"potentialAction":[{"@type":"SearchAction","target":{"@type":"EntryPoint","urlTemplate":"https:\/\/maristeurope.eu\/fr\/?s={search_term_string}"},"query-input":{"@type":"PropertyValueSpecification","valueRequired":true,"valueName":"search_term_string"}}],"inLanguage":"fr-FR"},{"@type":"Organization","@id":"https:\/\/maristeurope.eu\/fr\/#organization","name":"Marist Europe","url":"https:\/\/maristeurope.eu\/fr\/","logo":{"@type":"ImageObject","inLanguage":"fr-FR","@id":"https:\/\/maristeurope.eu\/fr\/#\/schema\/logo\/image\/","url":"https:\/\/maristeurope.eu\/wp-content\/uploads\/2024\/10\/EU-SM-Finalogo-02.png","contentUrl":"https:\/\/maristeurope.eu\/wp-content\/uploads\/2024\/10\/EU-SM-Finalogo-02.png","width":150,"height":156,"caption":"Marist Europe"},"image":{"@id":"https:\/\/maristeurope.eu\/fr\/#\/schema\/logo\/image\/"}}]}},"_links":{"self":[{"href":"https:\/\/maristeurope.eu\/fr\/wp-json\/wp\/v2\/pages\/2161","targetHints":{"allow":["GET"]}}],"collection":[{"href":"https:\/\/maristeurope.eu\/fr\/wp-json\/wp\/v2\/pages"}],"about":[{"href":"https:\/\/maristeurope.eu\/fr\/wp-json\/wp\/v2\/types\/page"}],"author":[{"embeddable":true,"href":"https:\/\/maristeurope.eu\/fr\/wp-json\/wp\/v2\/users\/1"}],"replies":[{"embeddable":true,"href":"https:\/\/maristeurope.eu\/fr\/wp-json\/wp\/v2\/comments?post=2161"}],"version-history":[{"count":4,"href":"https:\/\/maristeurope.eu\/fr\/wp-json\/wp\/v2\/pages\/2161\/revisions"}],"predecessor-version":[{"id":6717,"href":"https:\/\/maristeurope.eu\/fr\/wp-json\/wp\/v2\/pages\/2161\/revisions\/6717"}],"wp:attachment":[{"href":"https:\/\/maristeurope.eu\/fr\/wp-json\/wp\/v2\/media?parent=2161"}],"curies":[{"name":"wp","href":"https:\/\/api.w.org\/{rel}","templated":true}]}}