{"id":3385,"date":"2024-12-19T12:39:13","date_gmt":"2024-12-19T11:39:13","guid":{"rendered":"https:\/\/marist.sjdigitaldemo.ovh\/laicado-marista\/"},"modified":"2026-05-07T12:39:02","modified_gmt":"2026-05-07T10:39:02","slug":"laicado-marista","status":"publish","type":"page","link":"https:\/\/maristeurope.eu\/es\/laicado-marista\/","title":{"rendered":"Laicado marista"},"content":{"rendered":"\n<div class=\"et_pb_section_0 et_pb_section et_section_regular et_block_section section_has_divider et_pb_bottom_divider\"><div class=\"et_pb_row_0 et_pb_row et_pb_equal_columns et_block_row et_animated preset--module--divi-row--default\"><div class=\"et_pb_column_0 et_pb_column et_pb_column_4_4 et-last-child et_block_column et_pb_css_mix_blend_mode_passthrough\"><div class=\"et_pb_text_0 et_pb_text et_pb_bg_layout_light et_pb_module et_block_module\"><div class=\"et_pb_text_inner\"><h1>LAICIDAD MARISTA <\/h1>\n<\/div><\/div><\/div><\/div><div class=\"et_pb_bottom_inside_divider et-no-transition\"><\/div><\/div><div class=\"et_pb_section_1 et_pb_section et_section_regular et_block_section\"><div class=\"et_pb_row_1 et_pb_row et_pb_equal_columns et_block_row preset--module--divi-row--default\"><div class=\"et_pb_column_1 et_pb_column et_pb_column_3_5 et_block_column et_pb_css_mix_blend_mode_passthrough et_animated\"><div class=\"et_pb_text_1 et_pb_text et_pb_bg_layout_light et_animated et_pb_module et_block_module\"><div class=\"et_pb_text_inner\"><h2 style=\"text-align: center;\"><b>Laicos maristas en el mundo<\/b><span style=\"font-weight: 400;\"> <\/span><\/h2>\n<\/div><\/div><div class=\"et_pb_text_2 et_pb_text et_pb_bg_layout_light et_pb_module et_block_module\"><div class=\"et_pb_text_inner\"><p>De acuerdo con la intuici\u00f3n del P. Colin, la vocaci\u00f3n del laico marista es ser como un puente para llevar la alegr\u00eda del Evangelio al coraz\u00f3n del mundo a la manera de Mar\u00eda. La rama laical es una parte esencial de la Familia Marista y la Obra de Mar\u00eda en Europa continuar\u00e1 fundamentalmente a trav\u00e9s de la vida y la misi\u00f3n de los laicos maristas.<\/p>\n<\/div><\/div><\/div><div class=\"et_pb_column_2 et_pb_column et_pb_column_2_5 et-last-child et_block_column et_pb_css_mix_blend_mode_passthrough et_animated\"><div class=\"et_pb_image_0 et_pb_image et_animated et_pb_module et_block_module\"><span class=\"et_pb_image_wrap\"><img decoding=\"async\" src=\"https:\/\/maristeurope.eu\/wp-content\/uploads\/2025\/01\/marist-laity2.jpg\" title=\"laicos maristas2\" \/><\/span><\/div><\/div><\/div><div class=\"et_pb_row_2 et_pb_row et_block_row preset--module--divi-row--default\"><div class=\"et_pb_column_3 et_pb_column et_pb_column_4_4 et-last-child et_block_column et_pb_css_mix_blend_mode_passthrough\"><div class=\"et_pb_text_3 et_pb_text et_pb_bg_layout_light et_pb_module et_block_module\"><div class=\"et_pb_text_inner\"><p>Desde el principio, el proyecto marista previ\u00f3 -junto con los Padres, Hermanos, Hermanas, Hermanas Misioneras- una rama abierta a mujeres y hombres laicos,<strong> una asociaci\u00f3n disponible para todas las personas<\/strong> sea cual sea su situaci\u00f3n, edad o condici\u00f3n. Todos son miembros indispensables del cuerpo de la Sociedad de Mar\u00eda, compartiendo la <strong>misi\u00f3n com\u00fan de hacer y ser la Obra de Mar\u00eda<\/strong> en el mundo: construir una comunidad de creyentes con una sola mente y un solo coraz\u00f3n. <\/p>\n<\/div><\/div><\/div><\/div><div class=\"et_pb_row_3 et_pb_row et_block_row preset--module--divi-row--default\"><div class=\"et_pb_column_4 et_pb_column et_pb_column_3_5 et_block_column et_pb_css_mix_blend_mode_passthrough\"><div class=\"et_pb_text_4 et_pb_text et_pb_bg_layout_light et_pb_module et_block_module\"><div class=\"et_pb_text_inner\"><p>Hay una <strong>serie de grupos de laicos maristas y formas de asociaci\u00f3n<\/strong> que existen en todo el mundo. Reconocemos en estos grupos un deseo creciente de asociarse al proyecto marista y profundizar en su comprensi\u00f3n del carisma marista y de las obras que se derivan de \u00e9l. Junto con las otras ramas, el laicado marista est\u00e1 construyendo el rostro mariano de la Iglesia. Su identidad cristiana est\u00e1 conformada por la espiritualidad y la misi\u00f3n maristas, mientras se esfuerzan por ser la presencia de Mar\u00eda en el mundo.   <\/p>\n<\/div><\/div><\/div><div class=\"et_pb_column_5 et_pb_column et_pb_column_2_5 et-last-child et_block_column et_pb_css_mix_blend_mode_passthrough\"><div class=\"et_pb_text_5 et_pb_text et_pb_bg_layout_light et_pb_module et_block_module\"><div class=\"et_pb_text_inner\"><p>En 2007, los grupos de Laicos Maristas de Europa establecieron un grupo de coordinaci\u00f3n con reuniones regulares para coordinar sus esfuerzos como rama laica de la Familia Marista.<br \/>Puedes leer los Estatutos del Laicado Marista Europeo <strong>aqu\u00ed<\/strong>.<\/p>\n<\/div><\/div><\/div><\/div><\/div><div class=\"et_pb_section_2 et_pb_section et_section_regular et_block_section section_has_divider et_pb_top_divider\"><div class=\"et_pb_top_inside_divider et-no-transition\"><\/div><div class=\"et_pb_row_4 et_pb_row et_pb_equal_columns et_block_row preset--module--divi-row--default\"><div class=\"et_pb_column_6 et_pb_column et_pb_column_3_5 et_block_column et_pb_css_mix_blend_mode_passthrough\"><div class=\"et_pb_text_6 et_pb_text et_pb_bg_layout_light et_animated et_pb_module et_block_module\"><div class=\"et_pb_text_inner\"><p><span style=\"font-weight: 400;\"><strong>Italia<\/strong>: Paolo Serafini <\/span><a href=\"mailto:paolo.sera63@gmail.com\"><span style=\"font-weight: 400;\">paolo.sera63@gmail.com<\/span><\/a><\/p>\n<p><span style=\"font-weight: 400;\"><strong>Espa\u00f1a<\/strong>: David Sanz <\/span><a href=\"mailto:dasadedi@gmail.com\"><span style=\"font-weight: 400;\">dasadedi@gmail.com<\/span><\/a><\/p>\n<p><span style=\"font-weight: 400;\"><strong>Noruega<\/strong>: Siri-Beate Hagen <\/span><a href=\"mailto:siri.beate.hagen@gmail.com\"><span style=\"font-weight: 400;\">siri.beate.hagen@gmail.com<\/span><\/a><\/p>\n<p><span style=\"font-weight: 400;\"><strong>Irlanda<\/strong>: Eileen McCann <\/span><a href=\"mailto:eibhlinnicanna@eircom.net\"><span style=\"font-weight: 400;\">eibhlinnicanna@eircom.net<\/span><\/a><\/p>\n<p><span style=\"font-weight: 400;\"><strong>Inglaterra<\/strong>: Pat O'Connor <\/span><a href=\"mailto:patriciaoconnor44@gmail.com\"><span style=\"font-weight: 400;\">patriciaoconnor44@gmail.com<\/span><\/a><span style=\"font-weight: 400;\"> <\/span><\/p>\n<p><span style=\"font-weight: 400;\"><strong>Francia<\/strong>: <\/span><a href=\"http:\/\/www.maristeslaics.fr\/\"><span style=\"font-weight: 400;\">www.maristeslaics.fr<\/span><\/a><span style=\"font-weight: 400;\"> Maristes La\u00efcs, 104 Rue de Vaugirard, 75006 Par\u00eds, Francia Presidente: Bernard Fenet +33 67444 7396<\/span><span style=\"font-weight: 400;\"><br \/><\/span><span style=\"font-weight: 400;\">Odile de Villenaut <\/span><a href=\"mailto:odiledevillenaut@hotmail.com\"><span style=\"font-weight: 400;\">odiledevillenaut@hotmail.com<\/span><\/a><\/p>\n<p><span style=\"font-weight: 400;\"><strong>Alemania<\/strong>: P. Wilhelm Tangen  <\/span><a href=\"mailto:wtangen@gmail.com\"><span style=\"font-weight: 400;\">wtangen@gmail.com<\/span><\/a><\/p>\n<p><span style=\"font-weight: 400;\"><strong>Pa\u00edses Bajos<\/strong>: P. Jan Hulshof <\/span><a href=\"mailto:janhulshof41@gmail.com\"><span style=\"font-weight: 400;\">janhulshof41@gmail.com<\/span><\/a><\/p>\n<\/div><\/div><\/div><div class=\"et_pb_column_7 et_pb_column et_pb_column_2_5 et-last-child et_block_column et_pb_css_mix_blend_mode_passthrough\"><div class=\"et_pb_image_1 et_pb_image et_animated et_pb_module et_block_module\"><span class=\"et_pb_image_wrap\"><img loading=\"lazy\" decoding=\"async\" src=\"https:\/\/maristeurope.eu\/wp-content\/uploads\/2024\/12\/IMG_0984.jpg\" width=\"1277\" height=\"958\" srcset=\"https:\/\/maristeurope.eu\/wp-content\/uploads\/2024\/12\/IMG_0984.jpg 1277w, https:\/\/maristeurope.eu\/wp-content\/uploads\/2024\/12\/IMG_0984-980x735.jpg 980w, https:\/\/maristeurope.eu\/wp-content\/uploads\/2024\/12\/IMG_0984-480x360.jpg 480w\" sizes=\"(min-width: 0px) and (max-width: 480px) 480px, (min-width: 481px) and (max-width: 980px) 980px, (min-width: 981px) 1277px, 100vw\" class=\"wp-image-849\" title=\"IMG_0984\" \/><\/span><\/div><\/div><\/div><\/div>\n","protected":false},"excerpt":{"rendered":"","protected":false},"author":1,"featured_media":0,"parent":0,"menu_order":0,"comment_status":"closed","ping_status":"closed","template":"","meta":{"footnotes":""},"class_list":["post-3385","page","type-page","status-publish","hentry"],"yoast_head":"<!-- This site is optimized with the Yoast SEO plugin v27.5 - https:\/\/yoast.com\/product\/yoast-seo-wordpress\/ -->\n<title>Laicado marista - Marist Europe<\/title>\n<meta name=\"robots\" content=\"index, follow, max-snippet:-1, max-image-preview:large, max-video-preview:-1\" \/>\n<link rel=\"canonical\" href=\"https:\/\/maristeurope.eu\/es\/laicado-marista\/\" \/>\n<meta property=\"og:locale\" content=\"es_ES\" \/>\n<meta property=\"og:type\" content=\"article\" \/>\n<meta property=\"og:title\" content=\"Laicado marista - Marist Europe\" \/>\n<meta property=\"og:url\" content=\"https:\/\/maristeurope.eu\/es\/laicado-marista\/\" \/>\n<meta property=\"og:site_name\" content=\"Marist Europe\" \/>\n<meta property=\"article:modified_time\" content=\"2026-05-07T10:39:02+00:00\" \/>\n<meta name=\"twitter:card\" content=\"summary_large_image\" \/>\n<script type=\"application\/ld+json\" class=\"yoast-schema-graph\">{\"@context\":\"https:\\\/\\\/schema.org\",\"@graph\":[{\"@type\":\"WebPage\",\"@id\":\"https:\\\/\\\/maristeurope.eu\\\/es\\\/laicado-marista\\\/\",\"url\":\"https:\\\/\\\/maristeurope.eu\\\/es\\\/laicado-marista\\\/\",\"name\":\"Laicado marista - Marist Europe\",\"isPartOf\":{\"@id\":\"https:\\\/\\\/maristeurope.eu\\\/es\\\/#website\"},\"datePublished\":\"2024-12-19T11:39:13+00:00\",\"dateModified\":\"2026-05-07T10:39:02+00:00\",\"breadcrumb\":{\"@id\":\"https:\\\/\\\/maristeurope.eu\\\/es\\\/laicado-marista\\\/#breadcrumb\"},\"inLanguage\":\"es\",\"potentialAction\":[{\"@type\":\"ReadAction\",\"target\":[\"https:\\\/\\\/maristeurope.eu\\\/es\\\/laicado-marista\\\/\"]}]},{\"@type\":\"BreadcrumbList\",\"@id\":\"https:\\\/\\\/maristeurope.eu\\\/es\\\/laicado-marista\\\/#breadcrumb\",\"itemListElement\":[{\"@type\":\"ListItem\",\"position\":1,\"name\":\"Home\",\"item\":\"https:\\\/\\\/maristeurope.eu\\\/es\\\/\"},{\"@type\":\"ListItem\",\"position\":2,\"name\":\"Laicado marista\"}]},{\"@type\":\"WebSite\",\"@id\":\"https:\\\/\\\/maristeurope.eu\\\/es\\\/#website\",\"url\":\"https:\\\/\\\/maristeurope.eu\\\/es\\\/\",\"name\":\"Marist Europe\",\"description\":\"\",\"publisher\":{\"@id\":\"https:\\\/\\\/maristeurope.eu\\\/es\\\/#organization\"},\"potentialAction\":[{\"@type\":\"SearchAction\",\"target\":{\"@type\":\"EntryPoint\",\"urlTemplate\":\"https:\\\/\\\/maristeurope.eu\\\/es\\\/?s={search_term_string}\"},\"query-input\":{\"@type\":\"PropertyValueSpecification\",\"valueRequired\":true,\"valueName\":\"search_term_string\"}}],\"inLanguage\":\"es\"},{\"@type\":\"Organization\",\"@id\":\"https:\\\/\\\/maristeurope.eu\\\/es\\\/#organization\",\"name\":\"Marist Europe\",\"url\":\"https:\\\/\\\/maristeurope.eu\\\/es\\\/\",\"logo\":{\"@type\":\"ImageObject\",\"inLanguage\":\"es\",\"@id\":\"https:\\\/\\\/maristeurope.eu\\\/es\\\/#\\\/schema\\\/logo\\\/image\\\/\",\"url\":\"https:\\\/\\\/maristeurope.eu\\\/wp-content\\\/uploads\\\/2024\\\/10\\\/EU-SM-Finalogo-02.png\",\"contentUrl\":\"https:\\\/\\\/maristeurope.eu\\\/wp-content\\\/uploads\\\/2024\\\/10\\\/EU-SM-Finalogo-02.png\",\"width\":150,\"height\":156,\"caption\":\"Marist Europe\"},\"image\":{\"@id\":\"https:\\\/\\\/maristeurope.eu\\\/es\\\/#\\\/schema\\\/logo\\\/image\\\/\"}}]}<\/script>\n<!-- \/ Yoast SEO plugin. -->","yoast_head_json":{"title":"Laicado marista - Marist Europe","robots":{"index":"index","follow":"follow","max-snippet":"max-snippet:-1","max-image-preview":"max-image-preview:large","max-video-preview":"max-video-preview:-1"},"canonical":"https:\/\/maristeurope.eu\/es\/laicado-marista\/","og_locale":"es_ES","og_type":"article","og_title":"Laicado marista - Marist Europe","og_url":"https:\/\/maristeurope.eu\/es\/laicado-marista\/","og_site_name":"Marist Europe","article_modified_time":"2026-05-07T10:39:02+00:00","twitter_card":"summary_large_image","schema":{"@context":"https:\/\/schema.org","@graph":[{"@type":"WebPage","@id":"https:\/\/maristeurope.eu\/es\/laicado-marista\/","url":"https:\/\/maristeurope.eu\/es\/laicado-marista\/","name":"Laicado marista - Marist Europe","isPartOf":{"@id":"https:\/\/maristeurope.eu\/es\/#website"},"datePublished":"2024-12-19T11:39:13+00:00","dateModified":"2026-05-07T10:39:02+00:00","breadcrumb":{"@id":"https:\/\/maristeurope.eu\/es\/laicado-marista\/#breadcrumb"},"inLanguage":"es","potentialAction":[{"@type":"ReadAction","target":["https:\/\/maristeurope.eu\/es\/laicado-marista\/"]}]},{"@type":"BreadcrumbList","@id":"https:\/\/maristeurope.eu\/es\/laicado-marista\/#breadcrumb","itemListElement":[{"@type":"ListItem","position":1,"name":"Home","item":"https:\/\/maristeurope.eu\/es\/"},{"@type":"ListItem","position":2,"name":"Laicado marista"}]},{"@type":"WebSite","@id":"https:\/\/maristeurope.eu\/es\/#website","url":"https:\/\/maristeurope.eu\/es\/","name":"Marist Europe","description":"","publisher":{"@id":"https:\/\/maristeurope.eu\/es\/#organization"},"potentialAction":[{"@type":"SearchAction","target":{"@type":"EntryPoint","urlTemplate":"https:\/\/maristeurope.eu\/es\/?s={search_term_string}"},"query-input":{"@type":"PropertyValueSpecification","valueRequired":true,"valueName":"search_term_string"}}],"inLanguage":"es"},{"@type":"Organization","@id":"https:\/\/maristeurope.eu\/es\/#organization","name":"Marist Europe","url":"https:\/\/maristeurope.eu\/es\/","logo":{"@type":"ImageObject","inLanguage":"es","@id":"https:\/\/maristeurope.eu\/es\/#\/schema\/logo\/image\/","url":"https:\/\/maristeurope.eu\/wp-content\/uploads\/2024\/10\/EU-SM-Finalogo-02.png","contentUrl":"https:\/\/maristeurope.eu\/wp-content\/uploads\/2024\/10\/EU-SM-Finalogo-02.png","width":150,"height":156,"caption":"Marist Europe"},"image":{"@id":"https:\/\/maristeurope.eu\/es\/#\/schema\/logo\/image\/"}}]}},"_links":{"self":[{"href":"https:\/\/maristeurope.eu\/es\/wp-json\/wp\/v2\/pages\/3385","targetHints":{"allow":["GET"]}}],"collection":[{"href":"https:\/\/maristeurope.eu\/es\/wp-json\/wp\/v2\/pages"}],"about":[{"href":"https:\/\/maristeurope.eu\/es\/wp-json\/wp\/v2\/types\/page"}],"author":[{"embeddable":true,"href":"https:\/\/maristeurope.eu\/es\/wp-json\/wp\/v2\/users\/1"}],"replies":[{"embeddable":true,"href":"https:\/\/maristeurope.eu\/es\/wp-json\/wp\/v2\/comments?post=3385"}],"version-history":[{"count":22,"href":"https:\/\/maristeurope.eu\/es\/wp-json\/wp\/v2\/pages\/3385\/revisions"}],"predecessor-version":[{"id":11042,"href":"https:\/\/maristeurope.eu\/es\/wp-json\/wp\/v2\/pages\/3385\/revisions\/11042"}],"wp:attachment":[{"href":"https:\/\/maristeurope.eu\/es\/wp-json\/wp\/v2\/media?parent=3385"}],"curies":[{"name":"wp","href":"https:\/\/api.w.org\/{rel}","templated":true}]}}