{"id":3322,"date":"2024-12-19T14:53:15","date_gmt":"2024-12-19T13:53:15","guid":{"rendered":"https:\/\/marist.sjdigitaldemo.ovh\/apoyanos\/"},"modified":"2025-04-15T11:22:58","modified_gmt":"2025-04-15T09:22:58","slug":"apoyanos","status":"publish","type":"page","link":"https:\/\/maristeurope.eu\/es\/apoyanos\/","title":{"rendered":"AP\u00d3YANOS"},"content":{"rendered":"<p>[et_pb_section fb_built=\"1&#8243; _builder_version=\"4.27.4&#8243; _module_preset=\"default\" use_background_color_gradient=\"on\" background_color_gradient_stops=\"rgba(2,48,71,0.2) 0%|rgba(2,48,71,0.4) 100%\" background_color_gradient_overlays_image=\"on\" background_image=\"https:\/\/maristeurope.eu\/wp-content\/uploads\/2024\/12\/support.jpg\" background_enable_video_mp4=\"off\" custom_padding=\"16vw||4vw||false|false\" bottom_divider_style=\"ramp2&#8243; bottom_divider_color=\"#FFFAF2&#8243; bottom_divider_flip=\"horizontal\" global_colors_info=\"{}\"][et_pb_row column_structure=\"2_3,1_3&#8243; make_equal=\"on\" _builder_version=\"4.27.4&#8243; _module_preset=\"default\" background_enable_color=\"off\" custom_padding=\"0px|40px|0px|40px|true|true\" animation_style=\"fade\" animation_duration=\"1500ms\" animation_delay=\"200ms\" global_colors_info=\"{}\"][et_pb_column type=\"2_3&#8243; _builder_version=\"4.27.4&#8243; _module_preset=\"default\" custom_css_main_element=\"margin: auto;\" global_colors_info=\"{}\"][et_pb_text _builder_version=\"4.27.4&#8243; _module_preset=\"default\" header_font=\"|600||on|||||\" header_text_color=\"#FFFFFF\" header_font_size=\"4rem\" header_letter_spacing=\"4px\" header_2_text_color=\"#219EBC\" header_2_font_size=\"3.5rem\" custom_margin=\"20px||20px||true|false\" global_colors_info=\"{}\"]<\/p>\n<h1><strong>AP\u00d3YANOS<\/strong><\/h1>\n<p>[\/et_pb_text][\/et_pb_column][et_pb_column type=\"1_3&#8243; _builder_version=\"4.27.2&#8243; _module_preset=\"default\" global_colors_info=\"{}\"][\/et_pb_column][\/et_pb_row][\/et_pb_section][et_pb_section fb_built=\"1&#8243; _builder_version=\"4.27.4&#8243; _module_preset=\"default\" background_color=\"#FFFAF2&#8243; background_enable_image=\"off\" background_size=\"custom\" background_image_width=\"200px\" background_position=\"top_left\" background_horizontal_offset=\"9%\" background_vertical_offset=\"10%\" background_enable_pattern_style=\"on\" background_pattern_style=\"confetti\" background_pattern_color=\"rgba(0,0,0,0.04)\" global_colors_info=\"{}\"][et_pb_row column_structure=\"3_5,2_5&#8243; make_equal=\"on\" _builder_version=\"4.27.4&#8243; _module_preset=\"default\" global_colors_info=\"{}\"][et_pb_column type=\"3_5&#8243; _builder_version=\"4.27.4&#8243; _module_preset=\"default\" animation_style=\"fade\" animation_duration=\"1500ms\" animation_delay=\"100ms\" custom_css_main_element=\"margin: auto;\" global_colors_info=\"{}\"][et_pb_text _builder_version=\"4.27.4&#8243; _module_preset=\"default\" text_text_color=\"#023047&#8243; text_font_size=\"18px\" header_2_text_color=\"#023047&#8243; header_2_font_size=\"32px\" global_colors_info=\"{}\"]<\/p>\n<h2>Nos gustar\u00eda invitarte a considerar tu apoyo a la Obra de Mar\u00eda en la Provincia de Europa.<\/h2>\n<p>&nbsp;<\/p>\n<p>Nuestros benefactores son esenciales para que podamos seguir atendiendo las necesidades de nuestro tiempo, especialmente entre las personas desfavorecidas.<\/p>\n<p><strong>Le agradecemos de antemano su apoyo<\/strong><\/p>\n<p>[\/et_pb_text][\/et_pb_column][et_pb_column type=\"2_5&#8243; _builder_version=\"4.27.4&#8243; _module_preset=\"default\" custom_css_main_element=\"margin: auto;\" global_colors_info=\"{}\"][et_pb_image src=\"https:\/\/maristeurope.eu\/wp-content\/uploads\/2025\/03\/Tonio-in-class-Toulon-Camino-promotion.jpg\" title_text=\"Tonio en clase Toulon Camino promoci\u00f3n\" _builder_version=\"4.27.4&#8243; _module_preset=\"default\" animation_style=\"slide\" animation_direction=\"right\" animation_duration=\"1500ms\" animation_delay=\"400ms\" hover_enabled=\"0&#8243; border_radii=\"on|50px|50px|50px|50px\" global_colors_info=\"{}\" sticky_enabled=\"0&#8243;][\/et_pb_image][\/et_pb_column][\/et_pb_row][\/et_pb_section][et_pb_section fb_built=\"1&#8243; _builder_version=\"4.27.4&#8243; _module_preset=\"default\" background_color=\"#FFFAF2&#8243; background_enable_image=\"off\" background_size=\"contain\" background_position=\"bottom_left\" background_enable_pattern_style=\"on\" background_pattern_style=\"confetti\" background_pattern_color=\"rgba(0,0,0,0.04)\" custom_padding=\"6vw||100px||false|false\" global_colors_info=\"{}\"][et_pb_row _builder_version=\"4.27.4&#8243; _module_preset=\"default\" global_colors_info=\"{}\"][et_pb_column type=\"4_4&#8243; _builder_version=\"4.27.4&#8243; _module_preset=\"default\" global_colors_info=\"{}\"][et_pb_text _builder_version=\"4.27.4&#8243; _module_preset=\"default\" text_text_color=\"#023047&#8243; text_font_size=\"18px\" header_2_text_color=\"#023047&#8243; header_2_font_size=\"32px\" global_colors_info=\"{}\"]<\/p>\n<h2>Si desea apoyarnos prestando ayuda econ\u00f3mica a nuestros proyectos, aqu\u00ed tienes algunas posibilidades:<\/h2>\n<p>[\/et_pb_text][et_pb_accordion open_toggle_text_color=\"#023047&#8243; open_toggle_background_color=\"#FFB703&#8243; closed_toggle_background_color=\"rgba(255,183,3,0.3)\" icon_color=\"#023047&#8243; use_icon_font_size=\"on\" icon_font_size=\"24px\" _builder_version=\"4.27.4&#8243; _module_preset=\"default\" toggle_font_size=\"24px\" toggle_line_height=\"1.8em\" body_text_color=\"#023047&#8243; body_font_size=\"18px\" background_enable_color=\"off\" custom_padding=\"40px|20px|40px|20px|true|true\" border_radii=\"on|50px|50px|50px|50px\" border_width_all=\"0px\" locked=\"off\" global_colors_info=\"{}\"][et_pb_accordion_item title=\"Centro de Refugiados Notre Dame, Londres\" _builder_version=\"4.27.4&#8243; _module_preset=\"default\" body_font_size=\"20px\" global_colors_info=\"{}\" open=\"on\"]<\/p>\n<p><strong>M\u00e1s detalles<\/strong><\/p>\n<p><span style=\"color: #993366;\"><a href=\"https:\/\/www.notredamerc.org.uk\" target=\"_blank\" rel=\"noopener\" style=\"color: #993366;\">https:\/\/www.notredamerc.org.uk<\/a><\/span><br \/><span style=\"color: #993366;\"><a href=\"https:\/\/localgiving.org\/charity\/notre-dame-refugee-centre\" target=\"_blank\" rel=\"noopener\" style=\"color: #993366;\">https:\/\/localgiving.org\/charity\/notre-dame-refugee-centre<\/a><\/span><\/p>\n<p>[\/et_pb_accordion_item][et_pb_accordion_item title=\"La Neyliere, Francia\" _builder_version=\"4.27.4&#8243; _module_preset=\"default\" body_font_size=\"20px\" global_colors_info=\"{}\" open=\"off\"]<\/p>\n<p><strong>M\u00e1s detalles<\/strong><\/p>\n<p><span style=\"color: #993366;\"><a href=\"https:\/\/www.neyliere.fr\" target=\"_blank\" rel=\"noopener\" style=\"color: #993366;\">https:\/\/www.neyliere.fr<\/a><\/span><\/p>\n<p>[\/et_pb_accordion_item][et_pb_accordion_item title=\"Centro Cultural y de Espiritualidad Marista, Toulon (Francia)\" open=\"off\" _builder_version=\"4.27.4&#8243; _module_preset=\"default\" body_font_size=\"20px\" global_colors_info=\"{}\"]<\/p>\n<p><strong>M\u00e1s detalles<\/strong><\/p>\n<p><span style=\"color: #993366;\"><a href=\"https:\/\/www.centremariste.fr%20\" target=\"_blank\" rel=\"noopener\" style=\"color: #993366;\">https:\/\/www.centremariste.fr<\/a><\/span><br \/><strong>Dirigido por correo postal a<\/strong> CCSM, 22 rue Clappier 83000 Toulon, Francia<\/p>\n<p>[\/et_pb_accordion_item][et_pb_accordion_item title=\"Misiones Internacionales Ranong Fundaci\u00f3n Marista Asia:\" _builder_version=\"4.27.4&#8243; _module_preset=\"default\" body_font_size=\"20px\" global_colors_info=\"{}\" open=\"off\"]<\/p>\n<p><strong>M\u00e1s detalles<\/strong><\/p>\n<p><span style=\"color: #993366;\"><a href=\"https:\/\/www.maristasiafoundation.org\/donate\" target=\"_blank\" rel=\"noopener\" style=\"color: #993366;\">https:\/\/www.maristasiafoundation.org\/donate<\/a><\/span><\/p>\n<p>[\/et_pb_accordion_item][et_pb_accordion_item title=\"Proyecto para ni\u00f1os de la calle en Filipinas\" _builder_version=\"4.27.4&#8243; _module_preset=\"default\" body_font_size=\"20px\" global_colors_info=\"{}\" open=\"off\"]<\/p>\n<p><strong>M\u00e1s detalles<\/strong><\/p>\n<p><span style=\"color: #993366;\"><a href=\"https:\/\/maristmissions.com\/balay-pasilungan\" target=\"_blank\" rel=\"noopener\" style=\"color: #993366;\">https:\/\/maristmissions.com\/balay-pasilungan<\/a><\/span><\/p>\n<p>[\/et_pb_accordion_item][et_pb_accordion_item title=\"Formaci\u00f3n de j\u00f3venes maristas en Roma\" _builder_version=\"4.27.4&#8243; _module_preset=\"default\" body_font_size=\"20px\" global_colors_info=\"{}\" open=\"off\"]<\/p>\n<p><span style=\"font-weight: 400;\">Hay m\u00e1s de<strong> cincuenta j\u00f3venes en formaci\u00f3n que se preparan para la misi\u00f3n marista<\/strong> procedentes de \u00c1frica, Am\u00e9rica, Ocean\u00eda y Australasia.<\/span><\/p>\n<p><span style=\"font-weight: 400;\">Los j\u00f3venes maristas se forman en tres etapas:<\/span><\/p>\n<ul>\n<li><span style=\"font-weight: 400;\">el prenoviciado y los estudios de filosof\u00eda en sus pa\u00edses de origen<\/span><\/li>\n<li><span style=\"font-weight: 400;\">el noviciado de Davao en Filipinas<\/span><\/li>\n<li><span style=\"font-weight: 400;\">y los estudios de teolog\u00eda en Roma o Fiyi.<\/span><\/li>\n<\/ul>\n<p><span style=\"font-weight: 400;\"><strong>Ponte en contacto con<\/strong>:<\/span><i><span style=\"font-weight: 400;\">  <\/span><\/i><span style=\"color: #993366;\"><a href=\"mailto:gestion.fr@maristeurope.eu\" style=\"color: #993366;\"><span style=\"font-weight: 400;\">gestion.fr@maristeurope.eu<\/span><\/a><\/span><\/p>\n<p>[\/et_pb_accordion_item][\/et_pb_accordion][\/et_pb_column][\/et_pb_row][\/et_pb_section]<\/p>\n","protected":false},"excerpt":{"rendered":"<p>AP\u00d3YANOSNos gustar\u00eda invitarte a considerar tu apoyo a la Obra de Mar\u00eda en la Provincia de Europa. &nbsp; Nuestros benefactores son esenciales para que podamos seguir atendiendo las necesidades de nuestro tiempo, especialmente entre las personas desfavorecidas. Le agradecemos de antemano su apoyoSi desea apoyarnos prestando ayuda econ\u00f3mica a nuestros proyectos, aqu\u00ed tienes algunas posibilidades:M\u00e1s [&hellip;]<\/p>\n","protected":false},"author":1,"featured_media":0,"parent":0,"menu_order":0,"comment_status":"closed","ping_status":"closed","template":"","meta":{"_et_pb_use_builder":"on","_et_pb_old_content":"","_et_gb_content_width":"","footnotes":""},"class_list":["post-3322","page","type-page","status-publish","hentry"],"yoast_head":"<!-- This site is optimized with the Yoast SEO plugin v27.4 - https:\/\/yoast.com\/product\/yoast-seo-wordpress\/ -->\n<title>AP\u00d3YANOS - Marist Europe<\/title>\n<meta name=\"robots\" content=\"index, follow, max-snippet:-1, max-image-preview:large, max-video-preview:-1\" \/>\n<link rel=\"canonical\" href=\"https:\/\/maristeurope.eu\/es\/apoyanos\/\" \/>\n<meta property=\"og:locale\" content=\"es_ES\" \/>\n<meta property=\"og:type\" content=\"article\" \/>\n<meta property=\"og:title\" content=\"AP\u00d3YANOS - Marist Europe\" \/>\n<meta property=\"og:description\" content=\"AP\u00d3YANOSNos gustar\u00eda invitarte a considerar tu apoyo a la Obra de Mar\u00eda en la Provincia de Europa. &nbsp; Nuestros benefactores son esenciales para que podamos seguir atendiendo las necesidades de nuestro tiempo, especialmente entre las personas desfavorecidas. Le agradecemos de antemano su apoyoSi desea apoyarnos prestando ayuda econ\u00f3mica a nuestros proyectos, aqu\u00ed tienes algunas posibilidades:M\u00e1s [&hellip;]\" \/>\n<meta property=\"og:url\" content=\"https:\/\/maristeurope.eu\/es\/apoyanos\/\" \/>\n<meta property=\"og:site_name\" content=\"Marist Europe\" \/>\n<meta property=\"article:modified_time\" content=\"2025-04-15T09:22:58+00:00\" \/>\n<meta name=\"twitter:card\" content=\"summary_large_image\" \/>\n<meta name=\"twitter:label1\" content=\"Tiempo de lectura\" \/>\n\t<meta name=\"twitter:data1\" content=\"5 minuto\" \/>\n<script type=\"application\/ld+json\" class=\"yoast-schema-graph\">{\"@context\":\"https:\\\/\\\/schema.org\",\"@graph\":[{\"@type\":\"WebPage\",\"@id\":\"https:\\\/\\\/maristeurope.eu\\\/es\\\/apoyanos\\\/\",\"url\":\"https:\\\/\\\/maristeurope.eu\\\/es\\\/apoyanos\\\/\",\"name\":\"AP\u00d3YANOS - Marist Europe\",\"isPartOf\":{\"@id\":\"https:\\\/\\\/maristeurope.eu\\\/es\\\/#website\"},\"datePublished\":\"2024-12-19T13:53:15+00:00\",\"dateModified\":\"2025-04-15T09:22:58+00:00\",\"breadcrumb\":{\"@id\":\"https:\\\/\\\/maristeurope.eu\\\/es\\\/apoyanos\\\/#breadcrumb\"},\"inLanguage\":\"es\",\"potentialAction\":[{\"@type\":\"ReadAction\",\"target\":[\"https:\\\/\\\/maristeurope.eu\\\/es\\\/apoyanos\\\/\"]}]},{\"@type\":\"BreadcrumbList\",\"@id\":\"https:\\\/\\\/maristeurope.eu\\\/es\\\/apoyanos\\\/#breadcrumb\",\"itemListElement\":[{\"@type\":\"ListItem\",\"position\":1,\"name\":\"Home\",\"item\":\"https:\\\/\\\/maristeurope.eu\\\/es\\\/\"},{\"@type\":\"ListItem\",\"position\":2,\"name\":\"AP\u00d3YANOS\"}]},{\"@type\":\"WebSite\",\"@id\":\"https:\\\/\\\/maristeurope.eu\\\/es\\\/#website\",\"url\":\"https:\\\/\\\/maristeurope.eu\\\/es\\\/\",\"name\":\"Marist Europe\",\"description\":\"\",\"publisher\":{\"@id\":\"https:\\\/\\\/maristeurope.eu\\\/es\\\/#organization\"},\"potentialAction\":[{\"@type\":\"SearchAction\",\"target\":{\"@type\":\"EntryPoint\",\"urlTemplate\":\"https:\\\/\\\/maristeurope.eu\\\/es\\\/?s={search_term_string}\"},\"query-input\":{\"@type\":\"PropertyValueSpecification\",\"valueRequired\":true,\"valueName\":\"search_term_string\"}}],\"inLanguage\":\"es\"},{\"@type\":\"Organization\",\"@id\":\"https:\\\/\\\/maristeurope.eu\\\/es\\\/#organization\",\"name\":\"Marist Europe\",\"url\":\"https:\\\/\\\/maristeurope.eu\\\/es\\\/\",\"logo\":{\"@type\":\"ImageObject\",\"inLanguage\":\"es\",\"@id\":\"https:\\\/\\\/maristeurope.eu\\\/es\\\/#\\\/schema\\\/logo\\\/image\\\/\",\"url\":\"https:\\\/\\\/maristeurope.eu\\\/wp-content\\\/uploads\\\/2024\\\/10\\\/EU-SM-Finalogo-02.png\",\"contentUrl\":\"https:\\\/\\\/maristeurope.eu\\\/wp-content\\\/uploads\\\/2024\\\/10\\\/EU-SM-Finalogo-02.png\",\"width\":150,\"height\":156,\"caption\":\"Marist Europe\"},\"image\":{\"@id\":\"https:\\\/\\\/maristeurope.eu\\\/es\\\/#\\\/schema\\\/logo\\\/image\\\/\"}}]}<\/script>\n<!-- \/ Yoast SEO plugin. -->","yoast_head_json":{"title":"AP\u00d3YANOS - Marist Europe","robots":{"index":"index","follow":"follow","max-snippet":"max-snippet:-1","max-image-preview":"max-image-preview:large","max-video-preview":"max-video-preview:-1"},"canonical":"https:\/\/maristeurope.eu\/es\/apoyanos\/","og_locale":"es_ES","og_type":"article","og_title":"AP\u00d3YANOS - Marist Europe","og_description":"AP\u00d3YANOSNos gustar\u00eda invitarte a considerar tu apoyo a la Obra de Mar\u00eda en la Provincia de Europa. &nbsp; Nuestros benefactores son esenciales para que podamos seguir atendiendo las necesidades de nuestro tiempo, especialmente entre las personas desfavorecidas. Le agradecemos de antemano su apoyoSi desea apoyarnos prestando ayuda econ\u00f3mica a nuestros proyectos, aqu\u00ed tienes algunas posibilidades:M\u00e1s [&hellip;]","og_url":"https:\/\/maristeurope.eu\/es\/apoyanos\/","og_site_name":"Marist Europe","article_modified_time":"2025-04-15T09:22:58+00:00","twitter_card":"summary_large_image","twitter_misc":{"Tiempo de lectura":"5 minuto"},"schema":{"@context":"https:\/\/schema.org","@graph":[{"@type":"WebPage","@id":"https:\/\/maristeurope.eu\/es\/apoyanos\/","url":"https:\/\/maristeurope.eu\/es\/apoyanos\/","name":"AP\u00d3YANOS - Marist Europe","isPartOf":{"@id":"https:\/\/maristeurope.eu\/es\/#website"},"datePublished":"2024-12-19T13:53:15+00:00","dateModified":"2025-04-15T09:22:58+00:00","breadcrumb":{"@id":"https:\/\/maristeurope.eu\/es\/apoyanos\/#breadcrumb"},"inLanguage":"es","potentialAction":[{"@type":"ReadAction","target":["https:\/\/maristeurope.eu\/es\/apoyanos\/"]}]},{"@type":"BreadcrumbList","@id":"https:\/\/maristeurope.eu\/es\/apoyanos\/#breadcrumb","itemListElement":[{"@type":"ListItem","position":1,"name":"Home","item":"https:\/\/maristeurope.eu\/es\/"},{"@type":"ListItem","position":2,"name":"AP\u00d3YANOS"}]},{"@type":"WebSite","@id":"https:\/\/maristeurope.eu\/es\/#website","url":"https:\/\/maristeurope.eu\/es\/","name":"Marist Europe","description":"","publisher":{"@id":"https:\/\/maristeurope.eu\/es\/#organization"},"potentialAction":[{"@type":"SearchAction","target":{"@type":"EntryPoint","urlTemplate":"https:\/\/maristeurope.eu\/es\/?s={search_term_string}"},"query-input":{"@type":"PropertyValueSpecification","valueRequired":true,"valueName":"search_term_string"}}],"inLanguage":"es"},{"@type":"Organization","@id":"https:\/\/maristeurope.eu\/es\/#organization","name":"Marist Europe","url":"https:\/\/maristeurope.eu\/es\/","logo":{"@type":"ImageObject","inLanguage":"es","@id":"https:\/\/maristeurope.eu\/es\/#\/schema\/logo\/image\/","url":"https:\/\/maristeurope.eu\/wp-content\/uploads\/2024\/10\/EU-SM-Finalogo-02.png","contentUrl":"https:\/\/maristeurope.eu\/wp-content\/uploads\/2024\/10\/EU-SM-Finalogo-02.png","width":150,"height":156,"caption":"Marist Europe"},"image":{"@id":"https:\/\/maristeurope.eu\/es\/#\/schema\/logo\/image\/"}}]}},"_links":{"self":[{"href":"https:\/\/maristeurope.eu\/es\/wp-json\/wp\/v2\/pages\/3322","targetHints":{"allow":["GET"]}}],"collection":[{"href":"https:\/\/maristeurope.eu\/es\/wp-json\/wp\/v2\/pages"}],"about":[{"href":"https:\/\/maristeurope.eu\/es\/wp-json\/wp\/v2\/types\/page"}],"author":[{"embeddable":true,"href":"https:\/\/maristeurope.eu\/es\/wp-json\/wp\/v2\/users\/1"}],"replies":[{"embeddable":true,"href":"https:\/\/maristeurope.eu\/es\/wp-json\/wp\/v2\/comments?post=3322"}],"version-history":[{"count":15,"href":"https:\/\/maristeurope.eu\/es\/wp-json\/wp\/v2\/pages\/3322\/revisions"}],"predecessor-version":[{"id":6932,"href":"https:\/\/maristeurope.eu\/es\/wp-json\/wp\/v2\/pages\/3322\/revisions\/6932"}],"wp:attachment":[{"href":"https:\/\/maristeurope.eu\/es\/wp-json\/wp\/v2\/media?parent=3322"}],"curies":[{"name":"wp","href":"https:\/\/api.w.org\/{rel}","templated":true}]}}