{"id":2847,"date":"2024-11-19T13:13:55","date_gmt":"2024-11-19T12:13:55","guid":{"rendered":"https:\/\/marist.sjdigitaldemo.ovh\/maristas\/"},"modified":"2026-05-07T08:28:59","modified_gmt":"2026-05-07T06:28:59","slug":"maristas","status":"publish","type":"page","link":"https:\/\/maristeurope.eu\/es\/","title":{"rendered":"Maristas"},"content":{"rendered":"\n<div class=\"et_pb_section_0 et_pb_section et_section_regular et_block_section et-pb-has-background-video et_pb_preload section_has_divider et_pb_bottom_divider\"><span class=\"et-pb-background-video\"><video autoplay loop playsinline muted><source type=\"video\/mp4\" src=\"https:\/\/maristeurope.eu\/wp-content\/uploads\/2025\/01\/Marist.mp4\" \/><source type=\"video\/webm\" src=\"https:\/\/maristeurope.eu\/wp-content\/uploads\/2025\/01\/Marist.webm\" \/><\/video><\/span><div class=\"et_pb_row_0 et_pb_row et_pb_row_1-4_3-4 et_pb_equal_columns et_block_row et_block_row_1-4_3-4 et_animated preset--module--divi-row--default\"><div class=\"et_pb_column_0 et_pb_column et_pb_column_1_4 et_block_column et_pb_css_mix_blend_mode_passthrough\"><div class=\"et_pb_image_0 et_pb_image et_pb_module et_block_module\"><span class=\"et_pb_image_wrap\"><img loading=\"lazy\" decoding=\"async\" src=\"https:\/\/maristeurope.eu\/wp-content\/uploads\/2024\/10\/SM-Vocations-LOGO-transparent-e1728305138154.png\" width=\"379\" height=\"514\" srcset=\"https:\/\/maristeurope.eu\/wp-content\/uploads\/2024\/10\/SM-Vocations-LOGO-transparent-e1728305138154.png 379w\" sizes=\"(min-width: 0px) and (max-width: 379px) 379px, 100vw\" class=\"wp-image-32\" title=\"SM Vocaciones LOGO transparente\" \/><\/span><\/div><\/div><div class=\"et_pb_column_1 et_pb_column et_pb_column_3_4 et-last-child et_block_column et_pb_css_mix_blend_mode_passthrough\"><div class=\"et_pb_text_0 et_pb_text et_pb_bg_layout_light et_pb_module et_block_module\"><div class=\"et_pb_text_inner\"><h1>Maristas en Europa<\/h1>\n<h2>ser la presencia de Mar\u00eda <br \/>en el mundo<\/h2>\n<\/div><\/div><\/div><\/div><div class=\"et_pb_bottom_inside_divider et-no-transition\"><\/div><\/div><div class=\"et_pb_section_1 et_pb_section et_section_regular et_block_section\"><div class=\"et_pb_row_1 et_pb_row et_pb_equal_columns et_block_row preset--module--divi-row--default\"><div class=\"et_pb_column_2 et_pb_column et_pb_column_1_2 et_block_column et_pb_css_mix_blend_mode_passthrough et_animated\"><div class=\"et_pb_text_1 et_pb_text et_pb_bg_layout_light et_pb_module et_block_module\"><div class=\"et_pb_text_inner\"><p>Los maristas son religiosos y laicos, mujeres y hombres que nos esforzan por seguir a Cristo a la manera de Mar\u00eda en la tradici\u00f3n cat\u00f3lica romana.<\/p>\n<p>Los <strong>Padres y Hermanos Maristas<\/strong> de la <strong>Sociedad de Mar\u00eda <\/strong>en Europa forman parte de una congregaci\u00f3n religiosa internacional.<\/p>\n<\/div><\/div><\/div><div class=\"et_pb_column_3 et_pb_column et_pb_column_1_2 et-last-child et_block_column et_pb_css_mix_blend_mode_passthrough et_animated\"><div class=\"et_pb_image_1 et_pb_image et_pb_module et_block_module\"><span class=\"et_pb_image_wrap\"><img loading=\"lazy\" decoding=\"async\" src=\"https:\/\/maristeurope.eu\/wp-content\/uploads\/2024\/11\/16-NEW-0512-Arandas-OL-shrine-3J-crpps.jpg\" width=\"1000\" height=\"562\" srcset=\"https:\/\/maristeurope.eu\/wp-content\/uploads\/2024\/11\/16-NEW-0512-Arandas-OL-shrine-3J-crpps.jpg 1000w, https:\/\/maristeurope.eu\/wp-content\/uploads\/2024\/11\/16-NEW-0512-Arandas-OL-shrine-3J-crpps-980x551.jpg 980w, https:\/\/maristeurope.eu\/wp-content\/uploads\/2024\/11\/16-NEW-0512-Arandas-OL-shrine-3J-crpps-480x270.jpg 480w\" sizes=\"(min-width: 0px) and (max-width: 480px) 480px, (min-width: 481px) and (max-width: 980px) 980px, (min-width: 981px) 1000px, 100vw\" class=\"wp-image-362\" title=\"16-NEW-0512-Arandas-OL-shrine-3J-crpps\" \/><\/span><\/div><\/div><\/div><\/div><div class=\"et_pb_section_2 et_pb_section et_section_regular et_block_section\"><div class=\"et_pb_row_2 et_pb_row et_block_row preset--module--divi-row--default\"><div class=\"et_pb_column_4 et_pb_column et_pb_column_4_4 et-last-child et_block_column et_pb_css_mix_blend_mode_passthrough\"><div class=\"et_pb_image_2 et_pb_image et_animated et_pb_module et_block_module\"><span class=\"et_pb_image_wrap\"><img loading=\"lazy\" decoding=\"async\" src=\"https:\/\/maristeurope.eu\/wp-content\/uploads\/2024\/10\/DSC3594-scaled.jpg\" width=\"2560\" height=\"1210\" srcset=\"https:\/\/maristeurope.eu\/wp-content\/uploads\/2024\/10\/DSC3594-scaled.jpg 2560w, https:\/\/maristeurope.eu\/wp-content\/uploads\/2024\/10\/DSC3594-1280x605.jpg 1280w, https:\/\/maristeurope.eu\/wp-content\/uploads\/2024\/10\/DSC3594-980x463.jpg 980w, https:\/\/maristeurope.eu\/wp-content\/uploads\/2024\/10\/DSC3594-480x227.jpg 480w\" sizes=\"(min-width: 0px) and (max-width: 480px) 480px, (min-width: 481px) and (max-width: 980px) 980px, (min-width: 981px) and (max-width: 1280px) 1280px, (min-width: 1281px) 2560px, 100vw\" class=\"wp-image-151\" title=\"DSC3594\" \/><\/span><\/div><div class=\"et_pb_text_2 et_pb_text et_pb_bg_layout_light et_pb_module et_block_module\"><div class=\"et_pb_text_inner\"><p style=\"text-align: center;\">La uni\u00f3n hace la fuerza<\/p>\n<\/div><\/div><\/div><\/div><\/div><div class=\"et_pb_section_3 et_pb_section et_section_regular et_block_section\"><div class=\"et_pb_row_3 et_pb_row et_block_row preset--module--divi-row--default\"><div class=\"et_pb_column_5 et_pb_column et_pb_column_1_2 et_block_column et_pb_css_mix_blend_mode_passthrough\"><div class=\"et_pb_text_3 et_pb_text et_pb_bg_layout_light et_animated et_pb_module et_block_module\"><div class=\"et_pb_text_inner\"><p>En la <strong>Provincia Europea<\/strong> -que re\u00fane a comunidades de <strong>Italia, Irlanda, Alemania, Espa\u00f1a, Inglaterra, Noruega, Francia y Pa\u00edses Bajos<\/strong> - respondemos a la llamada de Jesucristo y proclamamos el Evangelio <strong>bajo el nombre<\/strong> y la gu\u00eda <strong>de Mar\u00eda<\/strong>.<\/p>\n<\/div><\/div><div class=\"et_pb_module et_pb_button_module_wrapper et_pb_button_0_wrapper\"><a class=\"et_pb_button_0 et_pb_button et_pb_bg_layout_light et_pb_module et_block_module\" href=\"https:\/\/maristeurope.eu\/es\/espiritualidad\/\">Saber m\u00e1s<\/a><\/div><\/div><div class=\"et_pb_column_6 et_pb_column et_pb_column_1_2 et-last-child et_block_column et_pb_css_mix_blend_mode_passthrough\"><div class=\"et_pb_text_4 et_pb_text et_pb_bg_layout_light et_animated et_pb_module et_block_module\"><div class=\"et_pb_text_inner\"><p>Poner en pr\u00e1ctica el Evangelio significa para nosotros significa <strong>pensar, juzgar, sentir y actuar<\/strong> como Mar\u00eda, en la cultura de la Europa de hoy.<\/p>\n<\/div><\/div><\/div><\/div><\/div><div class=\"et_pb_section_4 et_pb_section et_section_regular et_block_section section_has_divider et_pb_top_divider\"><div class=\"et_pb_top_inside_divider et-no-transition\"><\/div><div class=\"et_pb_row_4 et_pb_row et_block_row preset--module--divi-row--default\"><div class=\"et_pb_column_7 et_pb_column et_pb_column_4_4 et-last-child et_block_column et_pb_css_mix_blend_mode_passthrough\"><div class=\"et_pb_text_5 et_pb_text et_pb_bg_layout_light et_animated et_pb_module et_block_module\"><div class=\"et_pb_text_inner\"><h2>\u00bfQu\u00e9 nos pasa en la provincia?<\/h2>\n<\/div><\/div><div class=\"et_pb_blog_0 et_pb_blog et_pb_bg_layout_light et_pb_posts et_animated et_pb_module\"><div class=\"et_pb_ajax_pagination_container\"><div class=\"et_pb_posts et_grid_module\"><article class=\"et_pb_post et_pb_post_id_10771 clearfix et_pb_blog_item_0_0 post-10771 post type-post status-publish format-standard has-post-thumbnail hentry category-sin-categoria\"><div class=\"et_pb_image_container\"><a href=\"https:\/\/maristeurope.eu\/es\/cultivar-el-espiritu-marista-en-nuestras-escuelas-de-irlanda\/\" class=\"entry-featured-image-url\"><img loading=\"lazy\" decoding=\"async\" src=\"https:\/\/maristeurope.eu\/wp-content\/uploads\/2026\/05\/1000143931-scaled.jpg\" width=\"400\" height=\"284\" alt=\"Cultivar el esp\u00edritu marista en nuestras escuelas de Irlanda\" class=\"\" srcset=\"https:\/\/maristeurope.eu\/wp-content\/uploads\/2026\/05\/1000143931-scaled.jpg 479w, https:\/\/maristeurope.eu\/wp-content\/uploads\/2026\/05\/1000143931-400x284.jpg 480w\" sizes=\"(max-width:479px) 479px, 100vw\" \/><span data-icon=\"\ue050\" class=\"et_overlay et_pb_inline_icon\"><\/span><\/a><\/div><h2 class=\"entry-title\"><a href=\"https:\/\/maristeurope.eu\/es\/cultivar-el-espiritu-marista-en-nuestras-escuelas-de-irlanda\/\">Cultivar el esp\u00edritu marista en nuestras escuelas de Irlanda<\/a><\/h2><p class=\"post-meta\"><span class=\"published\">May 6, 2026<\/span><\/p><div class=\"post-content\"><div class=\"post-content-inner\"><p>La comunidad Chanel de Coolock (Irlanda) acogi\u00f3 recientemente durante una semana a Lachie Bartlett, seminarista de segundo a\u00f1o de la Casa Di Maria de Roma. Acompa\u00f1ado por el P. Martin McAnaney, estuvo ayudando en los esfuerzos del organismo de patrocinio de la educaci\u00f3n marista, Marist Education Authority Schools (MEAS), en sus esfuerzos por promover el ethos marista y la formaci\u00f3n de l\u00edderes en la educaci\u00f3n.   <\/p>\n<\/div><\/div><\/article><article class=\"et_pb_post et_pb_post_id_10622 clearfix et_pb_blog_item_0_1 post-10622 post type-post status-publish format-standard has-post-thumbnail hentry category-sin-categoria\"><div class=\"et_pb_image_container\"><a href=\"https:\/\/maristeurope.eu\/es\/jornadas-maristas-compartir-sobre-las-vocaciones-en-las-escuelas-francesas\/\" class=\"entry-featured-image-url\"><img loading=\"lazy\" decoding=\"async\" src=\"https:\/\/maristeurope.eu\/wp-content\/uploads\/2026\/04\/PHOTO-2026-04-22-14-42-39.jpg\" width=\"400\" height=\"284\" alt=\"Jornadas Maristas: compartir sobre las vocaciones en las escuelas francesas\" class=\"\" srcset=\"https:\/\/maristeurope.eu\/wp-content\/uploads\/2026\/04\/PHOTO-2026-04-22-14-42-39.jpg 479w, https:\/\/maristeurope.eu\/wp-content\/uploads\/2026\/04\/PHOTO-2026-04-22-14-42-39-400x284.jpg 480w\" sizes=\"(max-width:479px) 479px, 100vw\" \/><span data-icon=\"\ue050\" class=\"et_overlay et_pb_inline_icon\"><\/span><\/a><\/div><h2 class=\"entry-title\"><a href=\"https:\/\/maristeurope.eu\/es\/jornadas-maristas-compartir-sobre-las-vocaciones-en-las-escuelas-francesas\/\">Jornadas Maristas: compartir sobre las vocaciones en las escuelas francesas<\/a><\/h2><p class=\"post-meta\"><span class=\"published\">Abr 29, 2026<\/span><\/p><div class=\"post-content\"><div class=\"post-content-inner\"><p>Esta primavera, varias escuelas maristas de Francia celebraron \"Les journ\u00e9es maristes\" (Las jornadas maristas). La jornada comenz\u00f3 en marzo en Bury y Le Rosaire (norte de Par\u00eds) y continu\u00f3 despu\u00e9s de Pascua en nuestras tres sedes de Toulon: Cours F\u00e9nelon, Institution Sainte Marie, y Externat Saint Joseph la Cordeille. <\/p>\n<\/div><\/div><\/article><article class=\"et_pb_post et_pb_post_id_10576 clearfix et_pb_blog_item_0_2 post-10576 post type-post status-publish format-standard has-post-thumbnail hentry category-sin-categoria\"><div class=\"et_pb_image_container\"><a href=\"https:\/\/maristeurope.eu\/es\/los-padres-maristas-se-unen-a-la-provincia-de-europa\/\" class=\"entry-featured-image-url\"><img loading=\"lazy\" decoding=\"async\" src=\"https:\/\/maristeurope.eu\/wp-content\/uploads\/2026\/04\/small-table-lamp-world-map-copy-space-1-scaled.jpg\" width=\"400\" height=\"284\" alt=\"Los Padres Maristas se unen a la Provincia de Europa\" class=\"\" srcset=\"https:\/\/maristeurope.eu\/wp-content\/uploads\/2026\/04\/small-table-lamp-world-map-copy-space-1-scaled.jpg 479w, https:\/\/maristeurope.eu\/wp-content\/uploads\/2026\/04\/small-table-lamp-world-map-copy-space-1-400x284.jpg 480w\" sizes=\"(max-width:479px) 479px, 100vw\" \/><span data-icon=\"\ue050\" class=\"et_overlay et_pb_inline_icon\"><\/span><\/a><\/div><h2 class=\"entry-title\"><a href=\"https:\/\/maristeurope.eu\/es\/los-padres-maristas-se-unen-a-la-provincia-de-europa\/\">Los Padres Maristas se unen a la Provincia de Europa<\/a><\/h2><p class=\"post-meta\"><span class=\"published\">Abr 22, 2026<\/span><\/p><div class=\"post-content\"><div class=\"post-content-inner\"><p>Nos complace dar la bienvenida a la Provincia de Europa al Padre Christian, que vive con la comunidad de Lyon, y al Padre Clovis, que se une a la comunidad de Londres.<\/p>\n<\/div><\/div><\/article><\/div><\/div><\/div><div class=\"et_pb_module et_pb_button_module_wrapper et_pb_button_1_wrapper\"><a class=\"et_pb_button_1 et_pb_button et_pb_bg_layout_light et_pb_module et_block_module\" href=\"https:\/\/maristeurope.eu\/es\/noticias\/\">NOTICIAS<\/a><\/div><\/div><\/div><\/div><div class=\"et_pb_section_5 et_pb_section et_section_regular et_block_section section_has_divider et_pb_top_divider et_pb_bottom_divider\"><div class=\"et_pb_top_inside_divider et-no-transition\"><\/div><span class=\"et_pb_background_pattern\"><\/span><div class=\"et_pb_row_5 et_pb_row et_pb_equal_columns et_block_row preset--module--divi-row--default\"><div class=\"et_pb_column_8 et_pb_column et_pb_column_2_5 et_block_column et_pb_css_mix_blend_mode_passthrough\"><div class=\"et_pb_text_6 et_pb_text et_pb_bg_layout_light et_pb_module et_block_module preset--module--divi-text--178bfce1-3fbd-44bf-b7e7-d42ab13944f7\"><div class=\"et_pb_text_inner\"><h4>NO PIERDAS LA OPORTUNIDAD DE SER UN<\/h4>\n<\/div><\/div><div class=\"et_pb_text_7 et_pb_text et_pb_bg_layout_light et_pb_module et_block_module preset--module--divi-text--b7c8e0f7-f028-4ba3-ace1-b6f3b08d486e\"><div class=\"et_pb_text_inner\"><h2>INFLUENCER MARISTA<\/h2>\n<\/div><\/div><\/div><div class=\"et_pb_column_9 et_pb_column et_pb_column_3_5 et-last-child et_block_column et_pb_css_mix_blend_mode_passthrough\"><div class=\"et_pb_text_8 et_pb_text et_pb_bg_layout_light et_animated et_clickable et_pb_module et_block_module\"><div class=\"et_pb_text_inner\"><p>Educaci\u00f3n<\/p>\n<\/div><\/div><div class=\"et_pb_text_9 et_pb_text et_pb_bg_layout_light et_animated et_clickable et_pb_module et_block_module\"><div class=\"et_pb_text_inner\"><p>Vocaciones<\/p>\n<\/div><\/div><div class=\"et_pb_text_10 et_pb_text et_pb_bg_layout_light et_animated et_clickable et_pb_module et_block_module\"><div class=\"et_pb_text_inner\"><p>Laicado marista<\/p>\n<\/div><\/div><\/div><\/div><div class=\"et_pb_bottom_inside_divider et-no-transition\"><\/div><\/div><div class=\"et_pb_section_6 et_pb_section et_section_regular et_block_section\"><span class=\"et_pb_background_pattern\"><\/span><div class=\"et_pb_row_6 et_pb_row et_block_row et_animated preset--module--divi-row--default\"><div class=\"et_pb_column_10 et_pb_column et_pb_column_1_2 et_block_column et_pb_css_mix_blend_mode_passthrough\"><div class=\"et_pb_text_11 et_pb_text et_pb_bg_layout_light et_animated et_clickable et_pb_module et_block_module\"><div class=\"et_pb_text_inner\"><h3>Regreso al futuro<\/h3>\n<p><b>La Neyli\u00e8re<\/b><span style=\"font-weight: 400;\"> es nuestra casa de hu\u00e9spedes marista, cerca de Lyon, donde vivi\u00f3 nuestro Fundador, el Padre Colin, y que ahora acoge a personas que buscan motivaci\u00f3n para sus vidas.<\/span><\/p>\n<\/div><\/div><\/div><div class=\"et_pb_column_11 et_pb_column et_pb_column_1_2 et-last-child et_block_column et_pb_css_mix_blend_mode_passthrough\"><div class=\"et_pb_text_12 et_pb_text et_pb_bg_layout_light et_animated et_clickable et_pb_module et_block_module\"><div class=\"et_pb_text_inner\"><h3>Acoger de peregrinos<\/h3>\n<p><span style=\"font-weight: 400;\">en el <\/span><b>Camino<\/b><span style=\"font-weight: 400;\"> a Santiago de Compostela, nuestro albergue marista de <\/span><b>Sahag\u00fan<\/b><span style=\"font-weight: 400;\"> ofrece hospitalidad a personas que buscan un sentido a su viaje en la vida.<\/span><\/p>\n<\/div><\/div><\/div><\/div><div class=\"et_pb_row_7 et_pb_row et_pb_row_1-4_1-2_1-4 et_block_row et_block_row_1-4_1-2_1-4 et_animated preset--module--divi-row--default\"><div class=\"et_pb_column_12 et_pb_column et_pb_column_1_4 et_block_column et_pb_column_empty et_pb_css_mix_blend_mode_passthrough\"><\/div><div class=\"et_pb_column_13 et_pb_column et_pb_column_1_2 et_block_column et_pb_css_mix_blend_mode_passthrough\"><div class=\"et_pb_text_13 et_pb_text et_pb_bg_layout_light et_animated et_clickable et_pb_module et_block_module\"><div class=\"et_pb_text_inner\"><h3>Misi\u00f3n en el centro de la ciudad<\/h3>\n<p><span style=\"font-weight: 400;\">Notre Dame de France es una iglesia situada en el West End de <\/span><b>Londres,<\/b><span style=\"font-weight: 400;\">sede de las comunidades franc\u00f3fonas que evangelizan de palabra y de obra en la ciudad.<\/span><\/p>\n<\/div><\/div><\/div><div class=\"et_pb_column_14 et_pb_column et_pb_column_1_4 et-last-child et_block_column et_pb_column_empty et_pb_css_mix_blend_mode_passthrough\"><\/div><\/div><\/div>\n","protected":false},"excerpt":{"rendered":"","protected":false},"author":1,"featured_media":0,"parent":0,"menu_order":0,"comment_status":"closed","ping_status":"closed","template":"","meta":{"footnotes":""},"class_list":["post-2847","page","type-page","status-publish","hentry"],"yoast_head":"<!-- This site is optimized with the Yoast SEO plugin v27.5 - https:\/\/yoast.com\/product\/yoast-seo-wordpress\/ -->\n<title>Maristas - Marist Europe<\/title>\n<meta name=\"robots\" content=\"index, follow, max-snippet:-1, max-image-preview:large, max-video-preview:-1\" \/>\n<link rel=\"canonical\" href=\"https:\/\/maristeurope.eu\/es\/\" \/>\n<meta property=\"og:locale\" content=\"es_ES\" \/>\n<meta property=\"og:type\" content=\"article\" \/>\n<meta property=\"og:title\" content=\"Maristas - Marist Europe\" \/>\n<meta property=\"og:url\" content=\"https:\/\/maristeurope.eu\/es\/\" \/>\n<meta property=\"og:site_name\" content=\"Marist Europe\" \/>\n<meta property=\"article:modified_time\" content=\"2026-05-07T06:28:59+00:00\" \/>\n<meta name=\"twitter:card\" content=\"summary_large_image\" \/>\n<script type=\"application\/ld+json\" class=\"yoast-schema-graph\">{\"@context\":\"https:\\\/\\\/schema.org\",\"@graph\":[{\"@type\":\"WebPage\",\"@id\":\"https:\\\/\\\/maristeurope.eu\\\/es\\\/\",\"url\":\"https:\\\/\\\/maristeurope.eu\\\/es\\\/\",\"name\":\"Maristas - Marist Europe\",\"isPartOf\":{\"@id\":\"https:\\\/\\\/maristeurope.eu\\\/es\\\/#website\"},\"datePublished\":\"2024-11-19T12:13:55+00:00\",\"dateModified\":\"2026-05-07T06:28:59+00:00\",\"breadcrumb\":{\"@id\":\"https:\\\/\\\/maristeurope.eu\\\/es\\\/#breadcrumb\"},\"inLanguage\":\"es\",\"potentialAction\":[{\"@type\":\"ReadAction\",\"target\":[\"https:\\\/\\\/maristeurope.eu\\\/es\\\/\"]}]},{\"@type\":\"BreadcrumbList\",\"@id\":\"https:\\\/\\\/maristeurope.eu\\\/es\\\/#breadcrumb\",\"itemListElement\":[{\"@type\":\"ListItem\",\"position\":1,\"name\":\"Home\",\"item\":\"https:\\\/\\\/maristeurope.eu\\\/es\\\/\"},{\"@type\":\"ListItem\",\"position\":2,\"name\":\"Maristas\"}]},{\"@type\":\"WebSite\",\"@id\":\"https:\\\/\\\/maristeurope.eu\\\/es\\\/#website\",\"url\":\"https:\\\/\\\/maristeurope.eu\\\/es\\\/\",\"name\":\"Marist Europe\",\"description\":\"\",\"publisher\":{\"@id\":\"https:\\\/\\\/maristeurope.eu\\\/es\\\/#organization\"},\"potentialAction\":[{\"@type\":\"SearchAction\",\"target\":{\"@type\":\"EntryPoint\",\"urlTemplate\":\"https:\\\/\\\/maristeurope.eu\\\/es\\\/?s={search_term_string}\"},\"query-input\":{\"@type\":\"PropertyValueSpecification\",\"valueRequired\":true,\"valueName\":\"search_term_string\"}}],\"inLanguage\":\"es\"},{\"@type\":\"Organization\",\"@id\":\"https:\\\/\\\/maristeurope.eu\\\/es\\\/#organization\",\"name\":\"Marist Europe\",\"url\":\"https:\\\/\\\/maristeurope.eu\\\/es\\\/\",\"logo\":{\"@type\":\"ImageObject\",\"inLanguage\":\"es\",\"@id\":\"https:\\\/\\\/maristeurope.eu\\\/es\\\/#\\\/schema\\\/logo\\\/image\\\/\",\"url\":\"https:\\\/\\\/maristeurope.eu\\\/wp-content\\\/uploads\\\/2024\\\/10\\\/EU-SM-Finalogo-02.png\",\"contentUrl\":\"https:\\\/\\\/maristeurope.eu\\\/wp-content\\\/uploads\\\/2024\\\/10\\\/EU-SM-Finalogo-02.png\",\"width\":150,\"height\":156,\"caption\":\"Marist Europe\"},\"image\":{\"@id\":\"https:\\\/\\\/maristeurope.eu\\\/es\\\/#\\\/schema\\\/logo\\\/image\\\/\"}}]}<\/script>\n<!-- \/ Yoast SEO plugin. -->","yoast_head_json":{"title":"Maristas - Marist Europe","robots":{"index":"index","follow":"follow","max-snippet":"max-snippet:-1","max-image-preview":"max-image-preview:large","max-video-preview":"max-video-preview:-1"},"canonical":"https:\/\/maristeurope.eu\/es\/","og_locale":"es_ES","og_type":"article","og_title":"Maristas - Marist Europe","og_url":"https:\/\/maristeurope.eu\/es\/","og_site_name":"Marist Europe","article_modified_time":"2026-05-07T06:28:59+00:00","twitter_card":"summary_large_image","schema":{"@context":"https:\/\/schema.org","@graph":[{"@type":"WebPage","@id":"https:\/\/maristeurope.eu\/es\/","url":"https:\/\/maristeurope.eu\/es\/","name":"Maristas - Marist Europe","isPartOf":{"@id":"https:\/\/maristeurope.eu\/es\/#website"},"datePublished":"2024-11-19T12:13:55+00:00","dateModified":"2026-05-07T06:28:59+00:00","breadcrumb":{"@id":"https:\/\/maristeurope.eu\/es\/#breadcrumb"},"inLanguage":"es","potentialAction":[{"@type":"ReadAction","target":["https:\/\/maristeurope.eu\/es\/"]}]},{"@type":"BreadcrumbList","@id":"https:\/\/maristeurope.eu\/es\/#breadcrumb","itemListElement":[{"@type":"ListItem","position":1,"name":"Home","item":"https:\/\/maristeurope.eu\/es\/"},{"@type":"ListItem","position":2,"name":"Maristas"}]},{"@type":"WebSite","@id":"https:\/\/maristeurope.eu\/es\/#website","url":"https:\/\/maristeurope.eu\/es\/","name":"Marist Europe","description":"","publisher":{"@id":"https:\/\/maristeurope.eu\/es\/#organization"},"potentialAction":[{"@type":"SearchAction","target":{"@type":"EntryPoint","urlTemplate":"https:\/\/maristeurope.eu\/es\/?s={search_term_string}"},"query-input":{"@type":"PropertyValueSpecification","valueRequired":true,"valueName":"search_term_string"}}],"inLanguage":"es"},{"@type":"Organization","@id":"https:\/\/maristeurope.eu\/es\/#organization","name":"Marist Europe","url":"https:\/\/maristeurope.eu\/es\/","logo":{"@type":"ImageObject","inLanguage":"es","@id":"https:\/\/maristeurope.eu\/es\/#\/schema\/logo\/image\/","url":"https:\/\/maristeurope.eu\/wp-content\/uploads\/2024\/10\/EU-SM-Finalogo-02.png","contentUrl":"https:\/\/maristeurope.eu\/wp-content\/uploads\/2024\/10\/EU-SM-Finalogo-02.png","width":150,"height":156,"caption":"Marist Europe"},"image":{"@id":"https:\/\/maristeurope.eu\/es\/#\/schema\/logo\/image\/"}}]}},"_links":{"self":[{"href":"https:\/\/maristeurope.eu\/es\/wp-json\/wp\/v2\/pages\/2847","targetHints":{"allow":["GET"]}}],"collection":[{"href":"https:\/\/maristeurope.eu\/es\/wp-json\/wp\/v2\/pages"}],"about":[{"href":"https:\/\/maristeurope.eu\/es\/wp-json\/wp\/v2\/types\/page"}],"author":[{"embeddable":true,"href":"https:\/\/maristeurope.eu\/es\/wp-json\/wp\/v2\/users\/1"}],"replies":[{"embeddable":true,"href":"https:\/\/maristeurope.eu\/es\/wp-json\/wp\/v2\/comments?post=2847"}],"version-history":[{"count":36,"href":"https:\/\/maristeurope.eu\/es\/wp-json\/wp\/v2\/pages\/2847\/revisions"}],"predecessor-version":[{"id":10752,"href":"https:\/\/maristeurope.eu\/es\/wp-json\/wp\/v2\/pages\/2847\/revisions\/10752"}],"wp:attachment":[{"href":"https:\/\/maristeurope.eu\/es\/wp-json\/wp\/v2\/media?parent=2847"}],"curies":[{"name":"wp","href":"https:\/\/api.w.org\/{rel}","templated":true}]}}