{"id":2778,"date":"2024-11-27T11:56:05","date_gmt":"2024-11-27T10:56:05","guid":{"rendered":"https:\/\/marist.sjdigitaldemo.ovh\/sobre-nosotros\/familia-marista\/"},"modified":"2026-05-07T08:34:18","modified_gmt":"2026-05-07T06:34:18","slug":"familia-marista","status":"publish","type":"page","link":"https:\/\/maristeurope.eu\/es\/sobre-nosotros\/familia-marista\/","title":{"rendered":"Familia Marista"},"content":{"rendered":"\n<div class=\"et_pb_section_0 et_pb_section et_section_regular et_block_section section_has_divider et_pb_bottom_divider\"><div class=\"et_pb_row_0 et_pb_row et_pb_equal_columns et_block_row et_animated preset--module--divi-row--default\"><div class=\"et_pb_column_0 et_pb_column et_pb_column_4_4 et-last-child et_block_column et_pb_css_mix_blend_mode_passthrough\"><div class=\"et_pb_text_0 et_pb_text et_pb_bg_layout_light et_pb_module et_block_module\"><div class=\"et_pb_text_inner\"><h2>Familia Marista<\/h2>\n<\/div><\/div><\/div><\/div><div class=\"et_pb_bottom_inside_divider et-no-transition\"><\/div><\/div><div class=\"et_pb_section_1 et_pb_section et_section_regular et_block_section\"><div class=\"et_pb_row_1 et_pb_row et_pb_equal_columns et_block_row preset--module--divi-row--default\"><div class=\"et_pb_column_1 et_pb_column et_pb_column_2_3 et_block_column et_pb_css_mix_blend_mode_passthrough et_animated\"><div class=\"et_pb_text_1 et_pb_text et_pb_bg_layout_light et_pb_module et_block_module\"><div class=\"et_pb_text_inner\"><p>La \"Sociedad de Mar\u00eda\" naci\u00f3 el 23 de julio de 1816, en el Santuario de Nuestra Se\u00f1ora de Fourvi\u00e8re (en Lyon, Francia).<\/p>\n<p>Los fundadores: un grupo de doce seminaristas, entre ellos Juan Claudio Colin y Marcelino Champagnat. Su visi\u00f3n se hizo global, esta \"Sociedad de Mar\u00eda\" a la que se compromet\u00edan, abarcar\u00eda en un solo movimiento a sacerdotes, hermanos, hermanas y una tercera orden de laicos y laicas. Ser\u00eda <strong>una \"familia\" con cuatro ramas.<\/strong>  <\/p>\n<p> Les un\u00eda su ideal espiritual: ponerse, como Mar\u00eda, al servicio de la Iglesia mediante un labor discreta y oculta, pero generosa y din\u00e1mico.<\/p>\n<\/div><\/div><\/div><div class=\"et_pb_column_2 et_pb_column et_pb_column_1_3 et-last-child et_block_column et_pb_css_mix_blend_mode_passthrough et_animated\"><div class=\"et_pb_image_0 et_pb_image et_pb_module et_block_module\"><span class=\"et_pb_image_wrap\"><img loading=\"lazy\" decoding=\"async\" src=\"https:\/\/maristeurope.eu\/wp-content\/uploads\/2025\/01\/Marist-Family-tree.jpg\" width=\"705\" height=\"600\" srcset=\"https:\/\/maristeurope.eu\/wp-content\/uploads\/2025\/01\/Marist-Family-tree.jpg 705w, https:\/\/maristeurope.eu\/wp-content\/uploads\/2025\/01\/Marist-Family-tree-480x409.jpg 480w\" sizes=\"(min-width: 0px) and (max-width: 480px) 480px, (min-width: 481px) 705px, 100vw\" class=\"wp-image-1037\" title=\"\u00c1rbol geneal\u00f3gico marista\" \/><\/span><\/div><\/div><\/div><\/div><div class=\"et_pb_section_2 et_pb_section et_section_regular et_block_section section_has_divider et_pb_top_divider\"><div class=\"et_pb_top_inside_divider et-no-transition\"><\/div><span class=\"et_pb_background_pattern\"><\/span><div class=\"et_pb_row_2 et_pb_row et_pb_equal_columns et_block_row et_animated preset--module--divi-row--default\"><div class=\"et_pb_column_3 et_pb_column et_pb_column_2_5 et_block_column et_pb_css_mix_blend_mode_passthrough\"><div class=\"et_pb_text_2 et_pb_text et_pb_bg_layout_light et_animated et_pb_module et_block_module et_pb_text_align_right\"><div class=\"et_pb_text_inner\"><h1>Los Padres y Hermanos Maristas de la Sociedad de Mar\u00eda<\/h1>\n<\/div><\/div><\/div><div class=\"et_pb_column_4 et_pb_column et_pb_column_3_5 et-last-child et_block_column et_pb_css_mix_blend_mode_passthrough\"><div class=\"et_pb_text_3 et_pb_text et_pb_bg_layout_light et_animated et_pb_module et_block_module\"><div class=\"et_pb_text_inner\"><p>La fundaci\u00f3n de una Sociedad con el nombre de Mar\u00eda \"<strong>para responder a las grandes necesidades de los pueblos<\/strong>\" se hace realidad con el padre Juan Claudio Colin. En una Francia descristianizada, los Padres Maristas realizan misiones en el campo y fundan escuelas. En 1836, a petici\u00f3n del Papa, aceptaron ir a Ocean\u00eda y establecer nuevos territorios de misi\u00f3n. Hoy son unos 600 miembros en los cinco continentes.   <\/p>\n<\/div><\/div><\/div><\/div><div class=\"et_pb_row_3 et_pb_row et_pb_equal_columns et_block_row et_animated preset--module--divi-row--default\"><div class=\"et_pb_column_5 et_pb_column et_pb_column_4_4 et-last-child et_block_column et_pb_css_mix_blend_mode_passthrough\"><div class=\"et_pb_text_4 et_pb_text et_pb_bg_layout_light et_animated et_pb_module et_block_module et_pb_text_align_center\"><div class=\"et_pb_text_inner\"><p><em><strong>\"Ser marista es ser llamado y elegido, por amor gratuito, para vivir el Evangelio como Mar\u00eda, en una Sociedad que lleva su nombre<\/strong><\/em>\".<\/p>\n<p>Constituciones de los Padres Maristas<\/p>\n<\/div><\/div><div class=\"et_pb_module et_pb_button_module_wrapper et_pb_button_0_wrapper\"><a class=\"et_pb_button_0 et_pb_button et_pb_bg_layout_light et_animated et_pb_module et_block_module\" href=\"\">maristsm.org<\/a><\/div><\/div><\/div><\/div><div class=\"et_pb_section_3 et_pb_section et_section_regular et_block_section section_has_divider et_pb_top_divider et_pb_bottom_divider\"><div class=\"et_pb_top_inside_divider et-no-transition\"><\/div><div class=\"et_pb_row_4 et_pb_row et_pb_equal_columns et_block_row et_animated preset--module--divi-row--default\"><div class=\"et_pb_column_6 et_pb_column et_pb_column_2_5 et_block_column et_pb_css_mix_blend_mode_passthrough\"><div class=\"et_pb_text_5 et_pb_text et_pb_bg_layout_light et_animated et_pb_module et_block_module et_pb_text_align_right\"><div class=\"et_pb_text_inner\"><h1><strong><em>Los Hermanos Maristas  <\/em><\/strong><\/h1>\n<\/div><\/div><\/div><div class=\"et_pb_column_7 et_pb_column et_pb_column_3_5 et-last-child et_block_column et_pb_css_mix_blend_mode_passthrough\"><div class=\"et_pb_text_6 et_pb_text et_pb_bg_layout_light et_animated et_pb_module et_block_module\"><div class=\"et_pb_text_inner\"><p>Los Hermanos Maristas nacieron en<strong> 1817<\/strong> como respuesta a las necesidades espirituales, educativas y f\u00edsicas de los j\u00f3venes y los pobres. Su fundador, un joven padre marista franc\u00e9s, Marcelino Champagnat, que formaba parte del grupo de los doce de Fourvi\u00e8re, respondi\u00f3 a estas necesidades formando a j\u00f3venes como maestros. En la actualidad, unos 2.400 hermanos maristas trabajan en m\u00e1s de 60 pa\u00edses en escuelas y en otros proyectos educativos, de desarrollo y catequ\u00e9ticos.  <\/p>\n<\/div><\/div><\/div><\/div><div class=\"et_pb_row_5 et_pb_row et_block_row preset--module--divi-row--default\"><div class=\"et_pb_column_8 et_pb_column et_pb_column_4_4 et-last-child et_block_column et_pb_css_mix_blend_mode_passthrough\"><div class=\"et_pb_text_7 et_pb_text et_pb_bg_layout_light et_animated et_pb_module et_block_module et_pb_text_align_center\"><div class=\"et_pb_text_inner\"><p><em><strong>\"Nos esforzamos por permanecer fieles al Esp\u00edritu del Salvador resucitado, que nos da, como a los primeros cristianos, la gracia de vivir \"un\u00e1nimes de mente y coraz\u00f3n<\/strong>\".<\/em><\/p>\n<p>Constituciones de los Hermanos Maristas<\/p>\n<\/div><\/div><div class=\"et_pb_module et_pb_button_module_wrapper et_pb_button_1_wrapper\"><a class=\"et_pb_button_1 et_pb_button et_pb_bg_layout_light et_animated et_pb_module et_block_module\" href=\"https:\/\/champagnat.org\">champagnat.org<\/a><\/div><\/div><\/div><div class=\"et_pb_bottom_inside_divider et-no-transition\"><\/div><\/div><div class=\"et_pb_section_4 et_pb_section et_section_regular et_block_section\"><span class=\"et_pb_background_pattern\"><\/span><div class=\"et_pb_row_6 et_pb_row et_pb_equal_columns et_block_row et_animated preset--module--divi-row--default\"><div class=\"et_pb_column_9 et_pb_column et_pb_column_1_2 et_block_column et_pb_css_mix_blend_mode_passthrough\"><div class=\"et_pb_text_8 et_pb_text et_pb_bg_layout_light et_animated et_pb_module et_block_module\"><div class=\"et_pb_text_inner\"><p>La primera rama femenina de la Sociedad de Mar\u00eda comenz\u00f3 en Francia en Cerdon en 1817 y continu\u00f3 desarroll\u00e1ndose en Belley, gracias a la perspicacia y el celo de Juana Mar\u00eda Chavoin. Las Hermanas Maristas reconocen a Juan Claudio Colin como su fundador y a Juana Mar\u00eda Chavoin como su fundadora. Siguiendo su ejemplo, <strong>las Hermanas Maristas viven hoy su misi\u00f3n en la Iglesia, especialmente con los j\u00f3venes, los pobres y los enfermos, en Europa, Australia y Ocean\u00eda, Am\u00e9rica y \u00c1frica.<\/strong>  <\/p>\n<\/div><\/div><\/div><div class=\"et_pb_column_10 et_pb_column et_pb_column_1_2 et-last-child et_block_column et_pb_css_mix_blend_mode_passthrough\"><div class=\"et_pb_text_9 et_pb_text et_pb_bg_layout_light et_animated et_pb_module et_block_module et_pb_text_align_right\"><div class=\"et_pb_text_inner\"><h1 style=\"text-align: left;\"><strong><em>Las Hermanas Maristas  <\/em><\/strong><\/h1>\n<\/div><\/div><\/div><\/div><div class=\"et_pb_row_7 et_pb_row et_block_row preset--module--divi-row--default\"><div class=\"et_pb_column_11 et_pb_column et_pb_column_4_4 et-last-child et_block_column et_pb_css_mix_blend_mode_passthrough\"><div class=\"et_pb_text_10 et_pb_text et_pb_bg_layout_light et_animated et_pb_module et_block_module et_pb_text_align_center\"><div class=\"et_pb_text_inner\"><p><em>\"<strong>Nuestra congregaci\u00f3n se caracteriza por el deseo de hacer del misterio de Mar\u00eda en la Iglesia la inspiraci\u00f3n cotidiana de su vida y de su acci\u00f3n, y no por ninguna obra especial ni por la promoci\u00f3n de una forma particular de devoci\u00f3n mariana.<\/strong>\"<\/em><\/p>\n<p>Constituciones de las Hermanas Maristas<\/p>\n<\/div><\/div><div class=\"et_pb_module et_pb_button_module_wrapper et_pb_button_2_wrapper\"><a class=\"et_pb_button_2 et_pb_button et_pb_bg_layout_light et_animated et_pb_module et_block_module\" href=\"https:\/\/www.marists.net%20\">maristas.net  <\/a><\/div><\/div><\/div><\/div><div class=\"et_pb_section_5 et_pb_section et_section_regular et_block_section section_has_divider et_pb_top_divider et_pb_bottom_divider\"><div class=\"et_pb_top_inside_divider et-no-transition\"><\/div><div class=\"et_pb_row_8 et_pb_row et_pb_equal_columns et_block_row et_animated preset--module--divi-row--default\"><div class=\"et_pb_column_12 et_pb_column et_pb_column_2_5 et_block_column et_pb_css_mix_blend_mode_passthrough\"><div class=\"et_pb_text_11 et_pb_text et_pb_bg_layout_light et_animated et_pb_module et_block_module et_pb_text_align_right\"><div class=\"et_pb_text_inner\"><h1><strong><em>Las Hermanas Misioneras de la Sociedad de Mar\u00eda  <\/em><\/strong><\/h1>\n<\/div><\/div><\/div><div class=\"et_pb_column_13 et_pb_column et_pb_column_3_5 et-last-child et_block_column et_pb_css_mix_blend_mode_passthrough\"><div class=\"et_pb_text_12 et_pb_text et_pb_bg_layout_light et_animated et_pb_module et_block_module\"><div class=\"et_pb_text_inner\"><p>Fundada por <strong>Francisca Perroton<\/strong>, una laica francesa que viaj\u00f3 a la isla de Wallis, en Ocean\u00eda, en 1845, poco despu\u00e9s de que llegaran all\u00ed los primeros Padres Maristas. Vivi\u00f3 como miembro de la Tercera Orden de Mar\u00eda y atendi\u00f3 especialmente a las mujeres y los ni\u00f1os de la isla. En 1931, las Hermanas Misioneras de la Sociedad de Mar\u00eda fueron aprobadas como congregaci\u00f3n religiosa.  <\/p>\n<\/div><\/div><\/div><\/div><div class=\"et_pb_row_9 et_pb_row et_block_row preset--module--divi-row--default\"><div class=\"et_pb_column_14 et_pb_column et_pb_column_4_4 et-last-child et_block_column et_pb_css_mix_blend_mode_passthrough\"><div class=\"et_pb_text_13 et_pb_text et_pb_bg_layout_light et_animated et_pb_module et_block_module et_pb_text_align_center\"><div class=\"et_pb_text_inner\"><p><em>\"<strong>Queremos responder a las llamadas de hoy con la audacia y el celo de los pioneras. Queremos mantener viva esta audacia -sencilla, alegre y prudente- basada \u00fanicamente en el amor y el poder de Dios para anunciar el Evangelio en su fuerza e integridad, aprendiendo a adaptarnos a las diferentes culturas y condiciones de vida. <\/strong>\"<\/em><\/p>\n<p>Constituciones de las Hermanas Misioneras Maristas<\/p>\n<\/div><\/div><div class=\"et_pb_module et_pb_button_module_wrapper et_pb_button_3_wrapper\"><a class=\"et_pb_button_3 et_pb_button et_pb_bg_layout_light et_animated et_pb_module et_block_module\" href=\"http:\/\/www.smsmsisters.org%20\">smsmsisters.org  <\/a><\/div><\/div><\/div><div class=\"et_pb_bottom_inside_divider et-no-transition\"><\/div><\/div><div class=\"et_pb_section_6 et_pb_section et_section_regular et_block_section section_has_divider et_pb_bottom_divider\"><span class=\"et_pb_background_pattern\"><\/span><div class=\"et_pb_row_10 et_pb_row et_pb_equal_columns et_block_row et_animated preset--module--divi-row--default\"><div class=\"et_pb_column_15 et_pb_column et_pb_column_2_5 et_block_column et_pb_css_mix_blend_mode_passthrough\"><div class=\"et_pb_text_14 et_pb_text et_pb_bg_layout_light et_animated et_pb_module et_block_module et_pb_text_align_right\"><div class=\"et_pb_text_inner\"><h1><b>Las ramas laicas de la Familia Marista<\/b><\/h1>\n<\/div><\/div><\/div><div class=\"et_pb_column_16 et_pb_column et_pb_column_3_5 et-last-child et_block_column et_pb_css_mix_blend_mode_passthrough\"><div class=\"et_pb_text_15 et_pb_text et_pb_bg_layout_light et_animated et_pb_module et_block_module\"><div class=\"et_pb_text_inner\"><p>La visi\u00f3n original del proyecto marista ve\u00eda \"todo el mundo marista\", <strong>a trav\u00e9s de las vidas de innumerables laicos que asum\u00edan el esp\u00edritu de Mar\u00eda<\/strong>. La participaci\u00f3n de los laicos en la Familia Marista fue configurada por San Juli\u00e1n Eymard como la Tercera Orden de la Sociedad de Mar\u00eda. Desde entonces se ha desarrollado en una amplia variedad de grupos maristas de fieles laicos en diferentes partes del mundo. Sea cual sea su nombre, estos grupos re\u00fanen a hombres y mujeres, casados o solteros, familias y amigos, que desean inspirarse en la intuici\u00f3n marista para vivir su compromiso como laicos en la Iglesia y en el mundo.   <\/p>\n<\/div><\/div><\/div><\/div><div class=\"et_pb_row_11 et_pb_row et_block_row preset--module--divi-row--default\"><div class=\"et_pb_column_17 et_pb_column et_pb_column_4_4 et-last-child et_block_column et_pb_css_mix_blend_mode_passthrough\"><div class=\"et_pb_text_16 et_pb_text et_pb_bg_layout_light et_animated et_pb_module et_block_module et_pb_text_align_center\"><div class=\"et_pb_text_inner\"><p><em>\"<span style=\"font-weight: 400;\">T<strong>a caracter\u00edstica distintiva del laicado marista es el estilo de su misi\u00f3n. Viven su espiritualidad inmersos en este mundo. Son la \"presencia de Mar\u00eda\" all\u00ed donde las otras ramas no llegan: en su lugar de trabajo, en la vida social, con sus amigos y vecinos, y en la sociedad civil.  <\/strong><\/span>\"<\/em><\/p>\n<p><span style=\"font-weight: 400;\">Estatutos del Laicado Marista Europeo<\/span><\/p>\n<\/div><\/div><\/div><\/div><div class=\"et_pb_bottom_inside_divider et-no-transition\"><\/div><\/div>\n","protected":false},"excerpt":{"rendered":"","protected":false},"author":1,"featured_media":0,"parent":2213,"menu_order":0,"comment_status":"closed","ping_status":"closed","template":"","meta":{"footnotes":""},"class_list":["post-2778","page","type-page","status-publish","hentry"],"yoast_head":"<!-- This site is optimized with the Yoast SEO plugin v27.5 - https:\/\/yoast.com\/product\/yoast-seo-wordpress\/ -->\n<title>Familia Marista - Marist Europe<\/title>\n<meta name=\"robots\" content=\"index, follow, max-snippet:-1, max-image-preview:large, max-video-preview:-1\" \/>\n<link rel=\"canonical\" href=\"https:\/\/maristeurope.eu\/es\/sobre-nosotros\/familia-marista\/\" \/>\n<meta property=\"og:locale\" content=\"es_ES\" \/>\n<meta property=\"og:type\" content=\"article\" \/>\n<meta property=\"og:title\" content=\"Familia Marista - Marist Europe\" \/>\n<meta property=\"og:url\" content=\"https:\/\/maristeurope.eu\/es\/sobre-nosotros\/familia-marista\/\" \/>\n<meta property=\"og:site_name\" content=\"Marist Europe\" \/>\n<meta property=\"article:modified_time\" content=\"2026-05-07T06:34:18+00:00\" \/>\n<meta name=\"twitter:card\" content=\"summary_large_image\" \/>\n<script type=\"application\/ld+json\" class=\"yoast-schema-graph\">{\"@context\":\"https:\\\/\\\/schema.org\",\"@graph\":[{\"@type\":\"WebPage\",\"@id\":\"https:\\\/\\\/maristeurope.eu\\\/es\\\/sobre-nosotros\\\/familia-marista\\\/\",\"url\":\"https:\\\/\\\/maristeurope.eu\\\/es\\\/sobre-nosotros\\\/familia-marista\\\/\",\"name\":\"Familia Marista - Marist Europe\",\"isPartOf\":{\"@id\":\"https:\\\/\\\/maristeurope.eu\\\/es\\\/#website\"},\"datePublished\":\"2024-11-27T10:56:05+00:00\",\"dateModified\":\"2026-05-07T06:34:18+00:00\",\"breadcrumb\":{\"@id\":\"https:\\\/\\\/maristeurope.eu\\\/es\\\/sobre-nosotros\\\/familia-marista\\\/#breadcrumb\"},\"inLanguage\":\"es\",\"potentialAction\":[{\"@type\":\"ReadAction\",\"target\":[\"https:\\\/\\\/maristeurope.eu\\\/es\\\/sobre-nosotros\\\/familia-marista\\\/\"]}]},{\"@type\":\"BreadcrumbList\",\"@id\":\"https:\\\/\\\/maristeurope.eu\\\/es\\\/sobre-nosotros\\\/familia-marista\\\/#breadcrumb\",\"itemListElement\":[{\"@type\":\"ListItem\",\"position\":1,\"name\":\"Home\",\"item\":\"https:\\\/\\\/maristeurope.eu\\\/es\\\/\"},{\"@type\":\"ListItem\",\"position\":2,\"name\":\"Sobre nosotros\",\"item\":\"https:\\\/\\\/maristeurope.eu\\\/es\\\/about-us\\\/\"},{\"@type\":\"ListItem\",\"position\":3,\"name\":\"Familia Marista\"}]},{\"@type\":\"WebSite\",\"@id\":\"https:\\\/\\\/maristeurope.eu\\\/es\\\/#website\",\"url\":\"https:\\\/\\\/maristeurope.eu\\\/es\\\/\",\"name\":\"Marist Europe\",\"description\":\"\",\"publisher\":{\"@id\":\"https:\\\/\\\/maristeurope.eu\\\/es\\\/#organization\"},\"potentialAction\":[{\"@type\":\"SearchAction\",\"target\":{\"@type\":\"EntryPoint\",\"urlTemplate\":\"https:\\\/\\\/maristeurope.eu\\\/es\\\/?s={search_term_string}\"},\"query-input\":{\"@type\":\"PropertyValueSpecification\",\"valueRequired\":true,\"valueName\":\"search_term_string\"}}],\"inLanguage\":\"es\"},{\"@type\":\"Organization\",\"@id\":\"https:\\\/\\\/maristeurope.eu\\\/es\\\/#organization\",\"name\":\"Marist Europe\",\"url\":\"https:\\\/\\\/maristeurope.eu\\\/es\\\/\",\"logo\":{\"@type\":\"ImageObject\",\"inLanguage\":\"es\",\"@id\":\"https:\\\/\\\/maristeurope.eu\\\/es\\\/#\\\/schema\\\/logo\\\/image\\\/\",\"url\":\"https:\\\/\\\/maristeurope.eu\\\/wp-content\\\/uploads\\\/2024\\\/10\\\/EU-SM-Finalogo-02.png\",\"contentUrl\":\"https:\\\/\\\/maristeurope.eu\\\/wp-content\\\/uploads\\\/2024\\\/10\\\/EU-SM-Finalogo-02.png\",\"width\":150,\"height\":156,\"caption\":\"Marist Europe\"},\"image\":{\"@id\":\"https:\\\/\\\/maristeurope.eu\\\/es\\\/#\\\/schema\\\/logo\\\/image\\\/\"}}]}<\/script>\n<!-- \/ Yoast SEO plugin. -->","yoast_head_json":{"title":"Familia Marista - Marist Europe","robots":{"index":"index","follow":"follow","max-snippet":"max-snippet:-1","max-image-preview":"max-image-preview:large","max-video-preview":"max-video-preview:-1"},"canonical":"https:\/\/maristeurope.eu\/es\/sobre-nosotros\/familia-marista\/","og_locale":"es_ES","og_type":"article","og_title":"Familia Marista - Marist Europe","og_url":"https:\/\/maristeurope.eu\/es\/sobre-nosotros\/familia-marista\/","og_site_name":"Marist Europe","article_modified_time":"2026-05-07T06:34:18+00:00","twitter_card":"summary_large_image","schema":{"@context":"https:\/\/schema.org","@graph":[{"@type":"WebPage","@id":"https:\/\/maristeurope.eu\/es\/sobre-nosotros\/familia-marista\/","url":"https:\/\/maristeurope.eu\/es\/sobre-nosotros\/familia-marista\/","name":"Familia Marista - Marist Europe","isPartOf":{"@id":"https:\/\/maristeurope.eu\/es\/#website"},"datePublished":"2024-11-27T10:56:05+00:00","dateModified":"2026-05-07T06:34:18+00:00","breadcrumb":{"@id":"https:\/\/maristeurope.eu\/es\/sobre-nosotros\/familia-marista\/#breadcrumb"},"inLanguage":"es","potentialAction":[{"@type":"ReadAction","target":["https:\/\/maristeurope.eu\/es\/sobre-nosotros\/familia-marista\/"]}]},{"@type":"BreadcrumbList","@id":"https:\/\/maristeurope.eu\/es\/sobre-nosotros\/familia-marista\/#breadcrumb","itemListElement":[{"@type":"ListItem","position":1,"name":"Home","item":"https:\/\/maristeurope.eu\/es\/"},{"@type":"ListItem","position":2,"name":"Sobre nosotros","item":"https:\/\/maristeurope.eu\/es\/about-us\/"},{"@type":"ListItem","position":3,"name":"Familia Marista"}]},{"@type":"WebSite","@id":"https:\/\/maristeurope.eu\/es\/#website","url":"https:\/\/maristeurope.eu\/es\/","name":"Marist Europe","description":"","publisher":{"@id":"https:\/\/maristeurope.eu\/es\/#organization"},"potentialAction":[{"@type":"SearchAction","target":{"@type":"EntryPoint","urlTemplate":"https:\/\/maristeurope.eu\/es\/?s={search_term_string}"},"query-input":{"@type":"PropertyValueSpecification","valueRequired":true,"valueName":"search_term_string"}}],"inLanguage":"es"},{"@type":"Organization","@id":"https:\/\/maristeurope.eu\/es\/#organization","name":"Marist Europe","url":"https:\/\/maristeurope.eu\/es\/","logo":{"@type":"ImageObject","inLanguage":"es","@id":"https:\/\/maristeurope.eu\/es\/#\/schema\/logo\/image\/","url":"https:\/\/maristeurope.eu\/wp-content\/uploads\/2024\/10\/EU-SM-Finalogo-02.png","contentUrl":"https:\/\/maristeurope.eu\/wp-content\/uploads\/2024\/10\/EU-SM-Finalogo-02.png","width":150,"height":156,"caption":"Marist Europe"},"image":{"@id":"https:\/\/maristeurope.eu\/es\/#\/schema\/logo\/image\/"}}]}},"_links":{"self":[{"href":"https:\/\/maristeurope.eu\/es\/wp-json\/wp\/v2\/pages\/2778","targetHints":{"allow":["GET"]}}],"collection":[{"href":"https:\/\/maristeurope.eu\/es\/wp-json\/wp\/v2\/pages"}],"about":[{"href":"https:\/\/maristeurope.eu\/es\/wp-json\/wp\/v2\/types\/page"}],"author":[{"embeddable":true,"href":"https:\/\/maristeurope.eu\/es\/wp-json\/wp\/v2\/users\/1"}],"replies":[{"embeddable":true,"href":"https:\/\/maristeurope.eu\/es\/wp-json\/wp\/v2\/comments?post=2778"}],"version-history":[{"count":10,"href":"https:\/\/maristeurope.eu\/es\/wp-json\/wp\/v2\/pages\/2778\/revisions"}],"predecessor-version":[{"id":10791,"href":"https:\/\/maristeurope.eu\/es\/wp-json\/wp\/v2\/pages\/2778\/revisions\/10791"}],"up":[{"embeddable":true,"href":"https:\/\/maristeurope.eu\/es\/wp-json\/wp\/v2\/pages\/2213"}],"wp:attachment":[{"href":"https:\/\/maristeurope.eu\/es\/wp-json\/wp\/v2\/media?parent=2778"}],"curies":[{"name":"wp","href":"https:\/\/api.w.org\/{rel}","templated":true}]}}