{"id":2693,"date":"2024-12-17T14:20:17","date_gmt":"2024-12-17T13:20:17","guid":{"rendered":"https:\/\/marist.sjdigitaldemo.ovh\/francia\/"},"modified":"2026-05-07T08:34:34","modified_gmt":"2026-05-07T06:34:34","slug":"francia","status":"publish","type":"page","link":"https:\/\/maristeurope.eu\/es\/comunidades\/francia\/","title":{"rendered":"Francia"},"content":{"rendered":"\n<div class=\"et_pb_section_0 et_pb_section et_section_regular et_block_section section_has_divider et_pb_bottom_divider\"><div class=\"et_pb_row_0 et_pb_row et_pb_equal_columns et_block_row et_animated preset--module--divi-row--default\"><div class=\"et_pb_column_0 et_pb_column et_pb_column_4_4 et-last-child et_block_column et_pb_css_mix_blend_mode_passthrough\"><div class=\"et_pb_text_0 et_pb_text et_pb_bg_layout_light et_pb_module et_block_module\"><div class=\"et_pb_text_inner\"><h1>Francia<\/h1>\n<\/div><\/div><\/div><\/div><div class=\"et_pb_bottom_inside_divider et-no-transition\"><\/div><\/div><div class=\"et_pb_section_1 et_pb_section et_section_regular et_block_section\"><div class=\"et_pb_row_1 et_pb_row et_block_row preset--module--divi-row--default\"><div class=\"et_pb_column_1 et_pb_column et_pb_column_4_4 et-last-child et_block_column et_pb_css_mix_blend_mode_passthrough\"><div class=\"et_pb_code_0 et_pb_code et_pb_module\"><div class=\"et_pb_code_inner\"><div class=\"sjd-locations-grid\"><div class=\"sjd-location-card\">  <div class=\"sjd-card-column sjd-column-name\">      <h2>Lyon<\/h2>  <\/div>  <div class=\"sjd-card-column sjd-column-description\"><p>Una comunidad de maristas jubilados, algunos de los cuales siguen ejerciendo el ministerio pastoral, incluida la educaci\u00f3n y la capellan\u00eda de ciegos.<\/p><\/div>  <div class=\"sjd-card-column sjd-column-contact\">      <h3>Contact<\/h3><p>12 rue Sala 69000 Lyon, France<\/p><p>+33 7451 62747<\/p><p><a href=\"mailto:accueil.lyon@maristeurope.eu\">accueil.lyon@maristeurope.eu<\/a><\/p>  <\/div><\/div><div class=\"sjd-location-card\">  <div class=\"sjd-card-column sjd-column-name\">      <h2>Tol\u00f3n<\/h2>  <\/div>  <div class=\"sjd-card-column sjd-column-description\"><p>Con sede en el coraz\u00f3n de Toulon, la misi\u00f3n consta de cuatro \u00e1mbitos distintos, pero relacionados (tres escuelas; una vibrante comunidad de culto, un centro que ofrece una serie de talleres, conferencias y actos en los \u00e1mbitos de la espiritualidad, la teolog\u00eda, cultura y temas de inter\u00e9s social; y diversas expresiones y apoyo del laicado marista). La comunidad marista se compone actualmente de 4 sacerdotes maristas, con los diversos equipos de laicos que forman un \u00fanico y variado mundo apost\u00f3lico. El tono y el enfoque pastoral que gu\u00edan la misi\u00f3n son reconocidos por la Iglesia local como fieles a la sinodalidad propugnada por el Papa Francisco. Debido a la larga presencia de los padres y hermanas maristas en Toulon (170 a\u00f1os) y a su implicaci\u00f3n en la misi\u00f3n m\u00e1s amplia de la Iglesia local, \"Marista\" es un nombre familiar en la zona, y es conocido y respetado por su contribuci\u00f3n distintiva y diferente en la cultura cat\u00f3lica de la di\u00f3cesis.   \n<ul>\n \t<li>El equipo de sacerdotes proporciona apoyo y <strong>acompa\u00f1amiento a las 3 colegios maristas<\/strong> (la Seyne, Cours Fenelon y la Cordeille - con unos 5.000 alumnos matriculados), trabajando con los equipos de direcci\u00f3n y pastoral, y con los alumnos. Contacto: P. Bernard Thomasset T. +33 6 61 22 44 46 <\/li>\n \t<li>La <strong>comunidad de la capilla<\/strong> est\u00e1 formada por 150-200 fieles que se re\u00fanen regularmente para la misa dominical, tienen su propio consejo coordinador, equipos lit\u00fargicos, voluntarios en la recepci\u00f3n y v\u00ednculos activos con organismos diocesanos, el templo protestante local y otras comunidades de fe. Eucarist\u00eda dominical: 10h; Eucarist\u00eda semanal: 12h10, de lunes a viernes; sacerdotes disponibles para el acompa\u00f1amiento y el sacramento de la Reconciliaci\u00f3n. Recepci\u00f3n: + 33 4 94 71 5 89; P. Constant Amoussouga (sacerdote acompa\u00f1ante): +33 6 99 33 67 00; St\u00e9phane Bonjour (coordinador del consejo pastoral) +33 6 18 75 39 92<\/li>\n \t<li>El <strong>centro cultural y espiritual marista<\/strong> ofrece un rico programa de actos, talleres, charlas y debates sobre temas teol\u00f3gicos, b\u00edblicos, espirituales, interreligiosos, ecum\u00e9nicos, culturales y sociales. <a href=\"http:\/\/www.centremariste.fr\">centremariste.fr<\/a> T: +33 6 44 87 30 70.\nSacerdote acompa\u00f1ante: P. Paul Walsh: +33 6 41 10 74 91<\/li>\n \t<li>Varios <strong>grupos de laicos<\/strong> se re\u00fanen regularmente para compartir y profundizar en su identidad <strong>marista<\/strong>. Cada una de las 3 colegios y el centro marista ofrecen programas anuales de formaci\u00f3n y capacitaci\u00f3n marista. Contacto: Martine Putzka, delegada local del Laicado Marista T. +33 6 60 58 11 00 <\/li>\n<\/ul><\/p><\/div>  <div class=\"sjd-card-column sjd-column-contact\">      <h3>Contact<\/h3><p>22 rue Victor Clappier, 83000 Toulon, France<\/p><p>+33 4 94 71 5 89<\/p>  <\/div><\/div><div class=\"sjd-location-card\">  <div class=\"sjd-card-column sjd-column-name\">      <h2>Par\u00eds<\/h2>  <\/div>  <div class=\"sjd-card-column sjd-column-description\"><p>La misi\u00f3n de la comunidad es ofrecer hospitalidad a los maristas, y alberga las oficinas provinciales y la administraci\u00f3n de la vida marista en Francia. Hace 40 a\u00f1os creamos el \"Forum 104\", un centro cultural y espiritual de encuentro y di\u00e1logo. Sigue existiendo hoy en d\u00eda, gestionado por una asociaci\u00f3n de laicos con la ayuda de los Asuncionistas, y crea v\u00ednculos entre personas de mundos, or\u00edgenes y comunidades diferentes.  <\/p><\/div>  <div class=\"sjd-card-column sjd-column-contact\">      <h3>Contact<\/h3><p>Marist Community, 104 rue de Vaugirard, 75006 Paris, France<\/p><p>+33 1801 80962<\/p><p><a href=\"mailto:accueil.maristesparis@maristeurope.eu\">accueil.maristesparis@maristeurope.eu<\/a><\/p>  <\/div><\/div><div class=\"sjd-location-card\">  <div class=\"sjd-card-column sjd-column-name\">      <h2>La Neyli\u00e8re<\/h2>  <\/div>  <div class=\"sjd-card-column sjd-column-description\"><p>Nuestra casa de hu\u00e9spedes marista, donde nuestro Fundador, el Padre Colin, vivi\u00f3 cerca de Lyon desde 1854, y ahora acoge a personas que buscan inspiraci\u00f3n en sus vidas.<\/p><\/div>  <div class=\"sjd-card-column sjd-column-contact\">      <h3>Contact<\/h3><p>Notre Dame de la Neyli\u00e8re, 828 Route de la Neyli\u00e8re 69590 Pomeys, France<\/p><p>+33 4 78484033<\/p><p><a href=\"https:\/\/www.neyliere.fr\" target=\"_blank\">Visit Website<\/a><\/p><p><a href=\"mailto:accueil@neyliere.fr\">accueil@neyliere.fr<\/a><\/p>  <\/div><\/div><\/div><\/div><\/div><\/div><\/div><\/div>\n","protected":false},"excerpt":{"rendered":"","protected":false},"author":1,"featured_media":1660,"parent":2970,"menu_order":0,"comment_status":"closed","ping_status":"closed","template":"","meta":{"footnotes":""},"class_list":["post-2693","page","type-page","status-publish","has-post-thumbnail","hentry"],"yoast_head":"<!-- This site is optimized with the Yoast SEO plugin v27.5 - https:\/\/yoast.com\/product\/yoast-seo-wordpress\/ -->\n<title>Francia - Marist Europe<\/title>\n<meta name=\"robots\" content=\"index, follow, max-snippet:-1, max-image-preview:large, max-video-preview:-1\" \/>\n<link rel=\"canonical\" href=\"https:\/\/maristeurope.eu\/es\/comunidades\/francia\/\" \/>\n<meta property=\"og:locale\" content=\"es_ES\" \/>\n<meta property=\"og:type\" content=\"article\" \/>\n<meta property=\"og:title\" content=\"Francia - Marist Europe\" \/>\n<meta property=\"og:url\" content=\"https:\/\/maristeurope.eu\/es\/comunidades\/francia\/\" \/>\n<meta property=\"og:site_name\" content=\"Marist Europe\" \/>\n<meta property=\"article:modified_time\" content=\"2026-05-07T06:34:34+00:00\" \/>\n<meta property=\"og:image\" content=\"https:\/\/maristeurope.eu\/wp-content\/uploads\/2024\/11\/arc-de-triomphe-5432392_1280-en-tamano-grande.jpeg\" \/>\n\t<meta property=\"og:image:width\" content=\"1280\" \/>\n\t<meta property=\"og:image:height\" content=\"853\" \/>\n\t<meta property=\"og:image:type\" content=\"image\/jpeg\" \/>\n<meta name=\"twitter:card\" content=\"summary_large_image\" \/>\n<script type=\"application\/ld+json\" class=\"yoast-schema-graph\">{\"@context\":\"https:\\\/\\\/schema.org\",\"@graph\":[{\"@type\":\"WebPage\",\"@id\":\"https:\\\/\\\/maristeurope.eu\\\/es\\\/comunidades\\\/francia\\\/\",\"url\":\"https:\\\/\\\/maristeurope.eu\\\/es\\\/comunidades\\\/francia\\\/\",\"name\":\"Francia - Marist Europe\",\"isPartOf\":{\"@id\":\"https:\\\/\\\/maristeurope.eu\\\/es\\\/#website\"},\"primaryImageOfPage\":{\"@id\":\"https:\\\/\\\/maristeurope.eu\\\/es\\\/comunidades\\\/francia\\\/#primaryimage\"},\"image\":{\"@id\":\"https:\\\/\\\/maristeurope.eu\\\/es\\\/comunidades\\\/francia\\\/#primaryimage\"},\"thumbnailUrl\":\"https:\\\/\\\/maristeurope.eu\\\/wp-content\\\/uploads\\\/2024\\\/11\\\/arc-de-triomphe-5432392_1280-en-tamano-grande.jpeg\",\"datePublished\":\"2024-12-17T13:20:17+00:00\",\"dateModified\":\"2026-05-07T06:34:34+00:00\",\"breadcrumb\":{\"@id\":\"https:\\\/\\\/maristeurope.eu\\\/es\\\/comunidades\\\/francia\\\/#breadcrumb\"},\"inLanguage\":\"es\",\"potentialAction\":[{\"@type\":\"ReadAction\",\"target\":[\"https:\\\/\\\/maristeurope.eu\\\/es\\\/comunidades\\\/francia\\\/\"]}]},{\"@type\":\"ImageObject\",\"inLanguage\":\"es\",\"@id\":\"https:\\\/\\\/maristeurope.eu\\\/es\\\/comunidades\\\/francia\\\/#primaryimage\",\"url\":\"https:\\\/\\\/maristeurope.eu\\\/wp-content\\\/uploads\\\/2024\\\/11\\\/arc-de-triomphe-5432392_1280-en-tamano-grande.jpeg\",\"contentUrl\":\"https:\\\/\\\/maristeurope.eu\\\/wp-content\\\/uploads\\\/2024\\\/11\\\/arc-de-triomphe-5432392_1280-en-tamano-grande.jpeg\",\"width\":1280,\"height\":853},{\"@type\":\"BreadcrumbList\",\"@id\":\"https:\\\/\\\/maristeurope.eu\\\/es\\\/comunidades\\\/francia\\\/#breadcrumb\",\"itemListElement\":[{\"@type\":\"ListItem\",\"position\":1,\"name\":\"Home\",\"item\":\"https:\\\/\\\/maristeurope.eu\\\/es\\\/\"},{\"@type\":\"ListItem\",\"position\":2,\"name\":\"Comunidades\",\"item\":\"https:\\\/\\\/maristeurope.eu\\\/es\\\/communities\\\/\"},{\"@type\":\"ListItem\",\"position\":3,\"name\":\"Francia\"}]},{\"@type\":\"WebSite\",\"@id\":\"https:\\\/\\\/maristeurope.eu\\\/es\\\/#website\",\"url\":\"https:\\\/\\\/maristeurope.eu\\\/es\\\/\",\"name\":\"Marist Europe\",\"description\":\"\",\"publisher\":{\"@id\":\"https:\\\/\\\/maristeurope.eu\\\/es\\\/#organization\"},\"potentialAction\":[{\"@type\":\"SearchAction\",\"target\":{\"@type\":\"EntryPoint\",\"urlTemplate\":\"https:\\\/\\\/maristeurope.eu\\\/es\\\/?s={search_term_string}\"},\"query-input\":{\"@type\":\"PropertyValueSpecification\",\"valueRequired\":true,\"valueName\":\"search_term_string\"}}],\"inLanguage\":\"es\"},{\"@type\":\"Organization\",\"@id\":\"https:\\\/\\\/maristeurope.eu\\\/es\\\/#organization\",\"name\":\"Marist Europe\",\"url\":\"https:\\\/\\\/maristeurope.eu\\\/es\\\/\",\"logo\":{\"@type\":\"ImageObject\",\"inLanguage\":\"es\",\"@id\":\"https:\\\/\\\/maristeurope.eu\\\/es\\\/#\\\/schema\\\/logo\\\/image\\\/\",\"url\":\"https:\\\/\\\/maristeurope.eu\\\/wp-content\\\/uploads\\\/2024\\\/10\\\/EU-SM-Finalogo-02.png\",\"contentUrl\":\"https:\\\/\\\/maristeurope.eu\\\/wp-content\\\/uploads\\\/2024\\\/10\\\/EU-SM-Finalogo-02.png\",\"width\":150,\"height\":156,\"caption\":\"Marist Europe\"},\"image\":{\"@id\":\"https:\\\/\\\/maristeurope.eu\\\/es\\\/#\\\/schema\\\/logo\\\/image\\\/\"}}]}<\/script>\n<!-- \/ Yoast SEO plugin. -->","yoast_head_json":{"title":"Francia - Marist Europe","robots":{"index":"index","follow":"follow","max-snippet":"max-snippet:-1","max-image-preview":"max-image-preview:large","max-video-preview":"max-video-preview:-1"},"canonical":"https:\/\/maristeurope.eu\/es\/comunidades\/francia\/","og_locale":"es_ES","og_type":"article","og_title":"Francia - Marist Europe","og_url":"https:\/\/maristeurope.eu\/es\/comunidades\/francia\/","og_site_name":"Marist Europe","article_modified_time":"2026-05-07T06:34:34+00:00","og_image":[{"width":1280,"height":853,"url":"https:\/\/maristeurope.eu\/wp-content\/uploads\/2024\/11\/arc-de-triomphe-5432392_1280-en-tamano-grande.jpeg","type":"image\/jpeg"}],"twitter_card":"summary_large_image","schema":{"@context":"https:\/\/schema.org","@graph":[{"@type":"WebPage","@id":"https:\/\/maristeurope.eu\/es\/comunidades\/francia\/","url":"https:\/\/maristeurope.eu\/es\/comunidades\/francia\/","name":"Francia - Marist Europe","isPartOf":{"@id":"https:\/\/maristeurope.eu\/es\/#website"},"primaryImageOfPage":{"@id":"https:\/\/maristeurope.eu\/es\/comunidades\/francia\/#primaryimage"},"image":{"@id":"https:\/\/maristeurope.eu\/es\/comunidades\/francia\/#primaryimage"},"thumbnailUrl":"https:\/\/maristeurope.eu\/wp-content\/uploads\/2024\/11\/arc-de-triomphe-5432392_1280-en-tamano-grande.jpeg","datePublished":"2024-12-17T13:20:17+00:00","dateModified":"2026-05-07T06:34:34+00:00","breadcrumb":{"@id":"https:\/\/maristeurope.eu\/es\/comunidades\/francia\/#breadcrumb"},"inLanguage":"es","potentialAction":[{"@type":"ReadAction","target":["https:\/\/maristeurope.eu\/es\/comunidades\/francia\/"]}]},{"@type":"ImageObject","inLanguage":"es","@id":"https:\/\/maristeurope.eu\/es\/comunidades\/francia\/#primaryimage","url":"https:\/\/maristeurope.eu\/wp-content\/uploads\/2024\/11\/arc-de-triomphe-5432392_1280-en-tamano-grande.jpeg","contentUrl":"https:\/\/maristeurope.eu\/wp-content\/uploads\/2024\/11\/arc-de-triomphe-5432392_1280-en-tamano-grande.jpeg","width":1280,"height":853},{"@type":"BreadcrumbList","@id":"https:\/\/maristeurope.eu\/es\/comunidades\/francia\/#breadcrumb","itemListElement":[{"@type":"ListItem","position":1,"name":"Home","item":"https:\/\/maristeurope.eu\/es\/"},{"@type":"ListItem","position":2,"name":"Comunidades","item":"https:\/\/maristeurope.eu\/es\/communities\/"},{"@type":"ListItem","position":3,"name":"Francia"}]},{"@type":"WebSite","@id":"https:\/\/maristeurope.eu\/es\/#website","url":"https:\/\/maristeurope.eu\/es\/","name":"Marist Europe","description":"","publisher":{"@id":"https:\/\/maristeurope.eu\/es\/#organization"},"potentialAction":[{"@type":"SearchAction","target":{"@type":"EntryPoint","urlTemplate":"https:\/\/maristeurope.eu\/es\/?s={search_term_string}"},"query-input":{"@type":"PropertyValueSpecification","valueRequired":true,"valueName":"search_term_string"}}],"inLanguage":"es"},{"@type":"Organization","@id":"https:\/\/maristeurope.eu\/es\/#organization","name":"Marist Europe","url":"https:\/\/maristeurope.eu\/es\/","logo":{"@type":"ImageObject","inLanguage":"es","@id":"https:\/\/maristeurope.eu\/es\/#\/schema\/logo\/image\/","url":"https:\/\/maristeurope.eu\/wp-content\/uploads\/2024\/10\/EU-SM-Finalogo-02.png","contentUrl":"https:\/\/maristeurope.eu\/wp-content\/uploads\/2024\/10\/EU-SM-Finalogo-02.png","width":150,"height":156,"caption":"Marist Europe"},"image":{"@id":"https:\/\/maristeurope.eu\/es\/#\/schema\/logo\/image\/"}}]}},"_links":{"self":[{"href":"https:\/\/maristeurope.eu\/es\/wp-json\/wp\/v2\/pages\/2693","targetHints":{"allow":["GET"]}}],"collection":[{"href":"https:\/\/maristeurope.eu\/es\/wp-json\/wp\/v2\/pages"}],"about":[{"href":"https:\/\/maristeurope.eu\/es\/wp-json\/wp\/v2\/types\/page"}],"author":[{"embeddable":true,"href":"https:\/\/maristeurope.eu\/es\/wp-json\/wp\/v2\/users\/1"}],"replies":[{"embeddable":true,"href":"https:\/\/maristeurope.eu\/es\/wp-json\/wp\/v2\/comments?post=2693"}],"version-history":[{"count":12,"href":"https:\/\/maristeurope.eu\/es\/wp-json\/wp\/v2\/pages\/2693\/revisions"}],"predecessor-version":[{"id":10817,"href":"https:\/\/maristeurope.eu\/es\/wp-json\/wp\/v2\/pages\/2693\/revisions\/10817"}],"up":[{"embeddable":true,"href":"https:\/\/maristeurope.eu\/es\/wp-json\/wp\/v2\/pages\/2970"}],"wp:featuredmedia":[{"embeddable":true,"href":"https:\/\/maristeurope.eu\/es\/wp-json\/wp\/v2\/media\/1660"}],"wp:attachment":[{"href":"https:\/\/maristeurope.eu\/es\/wp-json\/wp\/v2\/media?parent=2693"}],"curies":[{"name":"wp","href":"https:\/\/api.w.org\/{rel}","templated":true}]}}