{"id":2604,"date":"2024-12-17T14:23:19","date_gmt":"2024-12-17T13:23:19","guid":{"rendered":"https:\/\/marist.sjdigitaldemo.ovh\/inglaterra\/"},"modified":"2026-05-07T08:34:48","modified_gmt":"2026-05-07T06:34:48","slug":"inglaterra","status":"publish","type":"page","link":"https:\/\/maristeurope.eu\/es\/comunidades\/inglaterra\/","title":{"rendered":"Inglaterra"},"content":{"rendered":"\n<div class=\"et_pb_section_0 et_pb_section et_section_regular et_block_section section_has_divider et_pb_bottom_divider\"><div class=\"et_pb_row_0 et_pb_row et_pb_equal_columns et_block_row et_animated preset--module--divi-row--default\"><div class=\"et_pb_column_0 et_pb_column et_pb_column_4_4 et-last-child et_block_column et_pb_css_mix_blend_mode_passthrough\"><div class=\"et_pb_text_0 et_pb_text et_pb_bg_layout_light et_pb_module et_block_module\"><div class=\"et_pb_text_inner\"><h1>Inglaterra<\/h1>\n<\/div><\/div><\/div><\/div><div class=\"et_pb_bottom_inside_divider et-no-transition\"><\/div><\/div><div class=\"et_pb_section_1 et_pb_section et_section_regular et_block_section\"><div class=\"et_pb_row_1 et_pb_row et_block_row preset--module--divi-row--default\"><div class=\"et_pb_column_1 et_pb_column et_pb_column_4_4 et-last-child et_block_column et_pb_css_mix_blend_mode_passthrough\"><div class=\"et_pb_code_0 et_pb_code et_pb_module\"><div class=\"et_pb_code_inner\"><div class=\"sjd-locations-grid\"><div class=\"sjd-location-card\">  <div class=\"sjd-card-column sjd-column-name\">      <h2>Walsingham-Wells<\/h2>  <\/div>  <div class=\"sjd-card-column sjd-column-description\"><p>La comunidad es responsable del cuidado pastoral de una extensa parroquia rural con cuatro iglesias en la zona costera de North Norfolk, centrada en el pueblo de Walsingham. Buscamos promover la visi\u00f3n del Vaticano II sobre la Iglesia y su desarrollo en las iniciativas del Papa Francisco. <\/p><\/div>  <div class=\"sjd-card-column sjd-column-contact\">      <h3>Contact<\/h3><p>Catholic Church of the Annunciation, Friday Market, Little Walsingham, NR22 6DB, UK<\/p><p>+44 1328 713044<\/p><p><a href=\"https:\/\/www.catholicparishofwalsingham.org\" target=\"_blank\">Visit Website<\/a><\/p><p><a href=\"mailto:annunciation22@gmail.com\">annunciation22@gmail.com<\/a><\/p>  <\/div><\/div><div class=\"sjd-location-card\">  <div class=\"sjd-card-column sjd-column-name\">      <h2>Hull<\/h2>  <\/div>  <div class=\"sjd-card-column sjd-column-description\"><p>Nuestro ministerio aqu\u00ed es contribuir a la vida de la iglesia local en el Esp\u00edritu de Mar\u00eda. Lo hacemos visitando a los ancianos y a personas recluidas en sus casas, asistiendo a reuniones interreligiosas y encuentros ecum\u00e9nicos. Realizamos servicios de apoyo a las parroquias locales, ofrecemos d\u00edas de retiro a grupos locales y trabajamos en centros de acogida para refugiados y solicitantes de asilo. Como parte de la familia marista, apoyamos y animamos a los laicos maristas en su vocaci\u00f3n.   <\/p><\/div>  <div class=\"sjd-card-column sjd-column-contact\">      <h3>Contact<\/h3><p>Marist Community, Newman House, 729 Beverley Road, Hull HU6 7ER, UK<\/p><p>+44 1482 856884<\/p>  <\/div><\/div><div class=\"sjd-location-card\">  <div class=\"sjd-card-column sjd-column-name\">      <h2>Londres - Notre Dame de France<\/h2>  <\/div>  <div class=\"sjd-card-column sjd-column-description\"><p>Iglesia cat\u00f3lica franc\u00f3fona y capellan\u00eda en el centro de Londres, confiada al cuidado pastoral de la Sociedad de Mar\u00eda desde 1865. Nuestra misi\u00f3n marista es formar una comunidad de fieles comprometida con la evangelizaci\u00f3n en la palabra y en la acci\u00f3n. Esto implica el cuidado pastoral de la comunidad franc\u00f3fona, el apoyo a los refugiados y solicitantes de asilo, y la atenci\u00f3n a los dem\u00e1s en el West End de Londres, especialmente a los pobres.  \n\nEl <strong>Servicio de Bocadillos <\/strong>recibe los s\u00e1bados a personas sin hogar y pobres ambulantes con un servicio de comida y, lo que es quiz\u00e1 m\u00e1s importante, con la oportunidad de charlar y relajarse durante unas horas.\n\nEl <strong>Centro de Refugiados de Notre Dame<\/strong><a href=\"http:\/\/www.notredamerc.org.uk\">(www.notredamerc.org.uk)<\/a> acoge a solicitantes de asilo y refugiados en un centro de acogida para ofrecerles apoyo general, un espacio de socializaci\u00f3n, asesoramiento sobre inmigraci\u00f3n y vivienda, clases de ingl\u00e9s y ropa y art\u00edculos de aseo gratuitos.<\/p><\/div>  <div class=\"sjd-card-column sjd-column-contact\">      <h3>Contact<\/h3><p>5 Leicester Place, London WC2H 7BX, UK<\/p><p>+44 20 7437 9363<\/p><p><a href=\"https:\/\/www.ndfchurch.org\" target=\"_blank\">Visit Website<\/a><\/p><p><a href=\"mailto:info@ndfchurch.org\">info@ndfchurch.org<\/a><\/p>  <\/div><\/div><\/div><\/div><\/div><\/div><\/div><\/div>\n","protected":false},"excerpt":{"rendered":"","protected":false},"author":1,"featured_media":1655,"parent":2970,"menu_order":0,"comment_status":"closed","ping_status":"closed","template":"","meta":{"footnotes":""},"class_list":["post-2604","page","type-page","status-publish","has-post-thumbnail","hentry"],"yoast_head":"<!-- This site is optimized with the Yoast SEO plugin v27.5 - https:\/\/yoast.com\/product\/yoast-seo-wordpress\/ -->\n<title>Inglaterra - Marist Europe<\/title>\n<meta name=\"robots\" content=\"index, follow, max-snippet:-1, max-image-preview:large, max-video-preview:-1\" \/>\n<link rel=\"canonical\" href=\"https:\/\/maristeurope.eu\/es\/comunidades\/inglaterra\/\" \/>\n<meta property=\"og:locale\" content=\"es_ES\" \/>\n<meta property=\"og:type\" content=\"article\" \/>\n<meta property=\"og:title\" content=\"Inglaterra - Marist Europe\" \/>\n<meta property=\"og:url\" content=\"https:\/\/maristeurope.eu\/es\/comunidades\/inglaterra\/\" \/>\n<meta property=\"og:site_name\" content=\"Marist Europe\" \/>\n<meta property=\"article:modified_time\" content=\"2026-05-07T06:34:48+00:00\" \/>\n<meta property=\"og:image\" content=\"https:\/\/maristeurope.eu\/wp-content\/uploads\/2024\/11\/bridge-8830231_1280-en-tamano-grande.jpeg\" \/>\n\t<meta property=\"og:image:width\" content=\"1280\" \/>\n\t<meta property=\"og:image:height\" content=\"853\" \/>\n\t<meta property=\"og:image:type\" content=\"image\/jpeg\" \/>\n<meta name=\"twitter:card\" content=\"summary_large_image\" \/>\n<script type=\"application\/ld+json\" class=\"yoast-schema-graph\">{\"@context\":\"https:\\\/\\\/schema.org\",\"@graph\":[{\"@type\":\"WebPage\",\"@id\":\"https:\\\/\\\/maristeurope.eu\\\/es\\\/comunidades\\\/inglaterra\\\/\",\"url\":\"https:\\\/\\\/maristeurope.eu\\\/es\\\/comunidades\\\/inglaterra\\\/\",\"name\":\"Inglaterra - Marist Europe\",\"isPartOf\":{\"@id\":\"https:\\\/\\\/maristeurope.eu\\\/es\\\/#website\"},\"primaryImageOfPage\":{\"@id\":\"https:\\\/\\\/maristeurope.eu\\\/es\\\/comunidades\\\/inglaterra\\\/#primaryimage\"},\"image\":{\"@id\":\"https:\\\/\\\/maristeurope.eu\\\/es\\\/comunidades\\\/inglaterra\\\/#primaryimage\"},\"thumbnailUrl\":\"https:\\\/\\\/maristeurope.eu\\\/wp-content\\\/uploads\\\/2024\\\/11\\\/bridge-8830231_1280-en-tamano-grande.jpeg\",\"datePublished\":\"2024-12-17T13:23:19+00:00\",\"dateModified\":\"2026-05-07T06:34:48+00:00\",\"breadcrumb\":{\"@id\":\"https:\\\/\\\/maristeurope.eu\\\/es\\\/comunidades\\\/inglaterra\\\/#breadcrumb\"},\"inLanguage\":\"es\",\"potentialAction\":[{\"@type\":\"ReadAction\",\"target\":[\"https:\\\/\\\/maristeurope.eu\\\/es\\\/comunidades\\\/inglaterra\\\/\"]}]},{\"@type\":\"ImageObject\",\"inLanguage\":\"es\",\"@id\":\"https:\\\/\\\/maristeurope.eu\\\/es\\\/comunidades\\\/inglaterra\\\/#primaryimage\",\"url\":\"https:\\\/\\\/maristeurope.eu\\\/wp-content\\\/uploads\\\/2024\\\/11\\\/bridge-8830231_1280-en-tamano-grande.jpeg\",\"contentUrl\":\"https:\\\/\\\/maristeurope.eu\\\/wp-content\\\/uploads\\\/2024\\\/11\\\/bridge-8830231_1280-en-tamano-grande.jpeg\",\"width\":1280,\"height\":853},{\"@type\":\"BreadcrumbList\",\"@id\":\"https:\\\/\\\/maristeurope.eu\\\/es\\\/comunidades\\\/inglaterra\\\/#breadcrumb\",\"itemListElement\":[{\"@type\":\"ListItem\",\"position\":1,\"name\":\"Home\",\"item\":\"https:\\\/\\\/maristeurope.eu\\\/es\\\/\"},{\"@type\":\"ListItem\",\"position\":2,\"name\":\"Comunidades\",\"item\":\"https:\\\/\\\/maristeurope.eu\\\/es\\\/communities\\\/\"},{\"@type\":\"ListItem\",\"position\":3,\"name\":\"Inglaterra\"}]},{\"@type\":\"WebSite\",\"@id\":\"https:\\\/\\\/maristeurope.eu\\\/es\\\/#website\",\"url\":\"https:\\\/\\\/maristeurope.eu\\\/es\\\/\",\"name\":\"Marist Europe\",\"description\":\"\",\"publisher\":{\"@id\":\"https:\\\/\\\/maristeurope.eu\\\/es\\\/#organization\"},\"potentialAction\":[{\"@type\":\"SearchAction\",\"target\":{\"@type\":\"EntryPoint\",\"urlTemplate\":\"https:\\\/\\\/maristeurope.eu\\\/es\\\/?s={search_term_string}\"},\"query-input\":{\"@type\":\"PropertyValueSpecification\",\"valueRequired\":true,\"valueName\":\"search_term_string\"}}],\"inLanguage\":\"es\"},{\"@type\":\"Organization\",\"@id\":\"https:\\\/\\\/maristeurope.eu\\\/es\\\/#organization\",\"name\":\"Marist Europe\",\"url\":\"https:\\\/\\\/maristeurope.eu\\\/es\\\/\",\"logo\":{\"@type\":\"ImageObject\",\"inLanguage\":\"es\",\"@id\":\"https:\\\/\\\/maristeurope.eu\\\/es\\\/#\\\/schema\\\/logo\\\/image\\\/\",\"url\":\"https:\\\/\\\/maristeurope.eu\\\/wp-content\\\/uploads\\\/2024\\\/10\\\/EU-SM-Finalogo-02.png\",\"contentUrl\":\"https:\\\/\\\/maristeurope.eu\\\/wp-content\\\/uploads\\\/2024\\\/10\\\/EU-SM-Finalogo-02.png\",\"width\":150,\"height\":156,\"caption\":\"Marist Europe\"},\"image\":{\"@id\":\"https:\\\/\\\/maristeurope.eu\\\/es\\\/#\\\/schema\\\/logo\\\/image\\\/\"}}]}<\/script>\n<!-- \/ Yoast SEO plugin. -->","yoast_head_json":{"title":"Inglaterra - Marist Europe","robots":{"index":"index","follow":"follow","max-snippet":"max-snippet:-1","max-image-preview":"max-image-preview:large","max-video-preview":"max-video-preview:-1"},"canonical":"https:\/\/maristeurope.eu\/es\/comunidades\/inglaterra\/","og_locale":"es_ES","og_type":"article","og_title":"Inglaterra - Marist Europe","og_url":"https:\/\/maristeurope.eu\/es\/comunidades\/inglaterra\/","og_site_name":"Marist Europe","article_modified_time":"2026-05-07T06:34:48+00:00","og_image":[{"width":1280,"height":853,"url":"https:\/\/maristeurope.eu\/wp-content\/uploads\/2024\/11\/bridge-8830231_1280-en-tamano-grande.jpeg","type":"image\/jpeg"}],"twitter_card":"summary_large_image","schema":{"@context":"https:\/\/schema.org","@graph":[{"@type":"WebPage","@id":"https:\/\/maristeurope.eu\/es\/comunidades\/inglaterra\/","url":"https:\/\/maristeurope.eu\/es\/comunidades\/inglaterra\/","name":"Inglaterra - Marist Europe","isPartOf":{"@id":"https:\/\/maristeurope.eu\/es\/#website"},"primaryImageOfPage":{"@id":"https:\/\/maristeurope.eu\/es\/comunidades\/inglaterra\/#primaryimage"},"image":{"@id":"https:\/\/maristeurope.eu\/es\/comunidades\/inglaterra\/#primaryimage"},"thumbnailUrl":"https:\/\/maristeurope.eu\/wp-content\/uploads\/2024\/11\/bridge-8830231_1280-en-tamano-grande.jpeg","datePublished":"2024-12-17T13:23:19+00:00","dateModified":"2026-05-07T06:34:48+00:00","breadcrumb":{"@id":"https:\/\/maristeurope.eu\/es\/comunidades\/inglaterra\/#breadcrumb"},"inLanguage":"es","potentialAction":[{"@type":"ReadAction","target":["https:\/\/maristeurope.eu\/es\/comunidades\/inglaterra\/"]}]},{"@type":"ImageObject","inLanguage":"es","@id":"https:\/\/maristeurope.eu\/es\/comunidades\/inglaterra\/#primaryimage","url":"https:\/\/maristeurope.eu\/wp-content\/uploads\/2024\/11\/bridge-8830231_1280-en-tamano-grande.jpeg","contentUrl":"https:\/\/maristeurope.eu\/wp-content\/uploads\/2024\/11\/bridge-8830231_1280-en-tamano-grande.jpeg","width":1280,"height":853},{"@type":"BreadcrumbList","@id":"https:\/\/maristeurope.eu\/es\/comunidades\/inglaterra\/#breadcrumb","itemListElement":[{"@type":"ListItem","position":1,"name":"Home","item":"https:\/\/maristeurope.eu\/es\/"},{"@type":"ListItem","position":2,"name":"Comunidades","item":"https:\/\/maristeurope.eu\/es\/communities\/"},{"@type":"ListItem","position":3,"name":"Inglaterra"}]},{"@type":"WebSite","@id":"https:\/\/maristeurope.eu\/es\/#website","url":"https:\/\/maristeurope.eu\/es\/","name":"Marist Europe","description":"","publisher":{"@id":"https:\/\/maristeurope.eu\/es\/#organization"},"potentialAction":[{"@type":"SearchAction","target":{"@type":"EntryPoint","urlTemplate":"https:\/\/maristeurope.eu\/es\/?s={search_term_string}"},"query-input":{"@type":"PropertyValueSpecification","valueRequired":true,"valueName":"search_term_string"}}],"inLanguage":"es"},{"@type":"Organization","@id":"https:\/\/maristeurope.eu\/es\/#organization","name":"Marist Europe","url":"https:\/\/maristeurope.eu\/es\/","logo":{"@type":"ImageObject","inLanguage":"es","@id":"https:\/\/maristeurope.eu\/es\/#\/schema\/logo\/image\/","url":"https:\/\/maristeurope.eu\/wp-content\/uploads\/2024\/10\/EU-SM-Finalogo-02.png","contentUrl":"https:\/\/maristeurope.eu\/wp-content\/uploads\/2024\/10\/EU-SM-Finalogo-02.png","width":150,"height":156,"caption":"Marist Europe"},"image":{"@id":"https:\/\/maristeurope.eu\/es\/#\/schema\/logo\/image\/"}}]}},"_links":{"self":[{"href":"https:\/\/maristeurope.eu\/es\/wp-json\/wp\/v2\/pages\/2604","targetHints":{"allow":["GET"]}}],"collection":[{"href":"https:\/\/maristeurope.eu\/es\/wp-json\/wp\/v2\/pages"}],"about":[{"href":"https:\/\/maristeurope.eu\/es\/wp-json\/wp\/v2\/types\/page"}],"author":[{"embeddable":true,"href":"https:\/\/maristeurope.eu\/es\/wp-json\/wp\/v2\/users\/1"}],"replies":[{"embeddable":true,"href":"https:\/\/maristeurope.eu\/es\/wp-json\/wp\/v2\/comments?post=2604"}],"version-history":[{"count":10,"href":"https:\/\/maristeurope.eu\/es\/wp-json\/wp\/v2\/pages\/2604\/revisions"}],"predecessor-version":[{"id":10843,"href":"https:\/\/maristeurope.eu\/es\/wp-json\/wp\/v2\/pages\/2604\/revisions\/10843"}],"up":[{"embeddable":true,"href":"https:\/\/maristeurope.eu\/es\/wp-json\/wp\/v2\/pages\/2970"}],"wp:featuredmedia":[{"embeddable":true,"href":"https:\/\/maristeurope.eu\/es\/wp-json\/wp\/v2\/media\/1655"}],"wp:attachment":[{"href":"https:\/\/maristeurope.eu\/es\/wp-json\/wp\/v2\/media?parent=2604"}],"curies":[{"name":"wp","href":"https:\/\/api.w.org\/{rel}","templated":true}]}}