{"id":2523,"date":"2024-12-17T14:30:29","date_gmt":"2024-12-17T13:30:29","guid":{"rendered":"https:\/\/marist.sjdigitaldemo.ovh\/irlanda\/"},"modified":"2026-05-07T08:35:11","modified_gmt":"2026-05-07T06:35:11","slug":"irlanda","status":"publish","type":"page","link":"https:\/\/maristeurope.eu\/es\/comunidades\/irlanda\/","title":{"rendered":"Irlanda"},"content":{"rendered":"\n<div class=\"et_pb_section_0 et_pb_section et_section_regular et_block_section section_has_divider et_pb_bottom_divider\"><div class=\"et_pb_row_0 et_pb_row et_pb_equal_columns et_block_row et_animated preset--module--divi-row--default\"><div class=\"et_pb_column_0 et_pb_column et_pb_column_4_4 et-last-child et_block_column et_pb_css_mix_blend_mode_passthrough\"><div class=\"et_pb_text_0 et_pb_text et_pb_bg_layout_light et_pb_module et_block_module\"><div class=\"et_pb_text_inner\"><h1>Irlanda<\/h1>\n<\/div><\/div><\/div><\/div><div class=\"et_pb_bottom_inside_divider et-no-transition\"><\/div><\/div><div class=\"et_pb_section_1 et_pb_section et_section_regular et_block_section\"><div class=\"et_pb_row_1 et_pb_row et_block_row preset--module--divi-row--default\"><div class=\"et_pb_column_1 et_pb_column et_pb_column_4_4 et-last-child et_block_column et_pb_css_mix_blend_mode_passthrough\"><div class=\"et_pb_code_0 et_pb_code et_pb_module\"><div class=\"et_pb_code_inner\"><div class=\"sjd-locations-grid\"><div class=\"sjd-location-card\">  <div class=\"sjd-card-column sjd-column-name\">      <h2>Dundalk Cerdon<\/h2>  <\/div>  <div class=\"sjd-card-column sjd-column-description\"><p><!-- wp:paragraph {\"translatedWithWPMLTM\":\"1\"} -->\n<p>Somos una comunidad de maristas jubilados, algunos de los cuales se dedican al ministerio pastoral y al capellan\u00eda en el colegio marista, Santa Maria. El complejo escolar incluye la iglesia de Santa Maria, abierta al p\u00fablico y conocida por su bella arquitectura de piedra, que incluye muros de granito bien ejecutados y vidrieras. <\/p>\n<!-- \/wp:paragraph --><!-- wp:paragraph {\"translatedWithWPMLTM\":\"1\"} -->\n<p>Colegio St Mary de Dundalk: 6 Nicholas Street, Dundalk, Co. Louth A91 AD05 Irlanda <a href=\"http:\/\/www.maristdundalk.ie\">www.maristdundalk.ie<\/a> <\/p>\n<!-- \/wp:paragraph --><\/p><\/div>  <div class=\"sjd-card-column sjd-column-contact\">      <h3>Contact<\/h3><p>Cerdon Marist Community, St Mary\u2019s Road, Dundalk, Co. Louth A91 A7D5 Ireland<\/p><p>+353 42 933 4019<\/p>  <\/div><\/div><div class=\"sjd-location-card\">  <div class=\"sjd-card-column sjd-column-name\">      <h2>Avenida Donore de Dubl\u00edn<\/h2>  <\/div>  <div class=\"sjd-card-column sjd-column-description\"><p><!-- wp:paragraph {\"translatedWithWPMLTM\":\"1\"} -->\n<p>La parroquia de Santa Teresa est\u00e1 encomendada a la comunidad marista y est\u00e1 situada en una zona conflictiva de la ciudad. Somos una parroquia abierta e integradora que acoge a todas las personas en nuestra iglesia. Nos comprometemos a explorar nuevas oportunidades para animar respetuosamente a todos a tomar parte activa en la vida parroquial. Santa Teresa aspira a ser una iglesia viva que da testimonio de nuestra herencia espiritual a trav\u00e9s de la centralidad de la oraci\u00f3n y el culto y trav\u00e9s de compromiso con la justicia social.   <\/p>\n<!-- \/wp:paragraph --><!-- wp:paragraph {\"translatedWithWPMLTM\":\"1\"} -->\n<p>La comunidad tambi\u00e9n presta apoyo al equipo de capellan\u00eda de la Escuela Universitaria Cat\u00f3lica Marista, en el centro de Dubl\u00edn. CUS (Escuela Universitaria Cat\u00f3lica) 89 Lower Leeson Street Dubl\u00edn 02 KC81 Irlanda <a href=\"http:\/\/www.cus.ie\">www.cus.ie<\/a> <\/p>\n<!-- \/wp:paragraph --><\/p><\/div>  <div class=\"sjd-card-column sjd-column-contact\">      <h3>Contact<\/h3><p>Marist Community, St. Teresa\u2019s Parish House, 78A Donore Avenue, Dublin 8 D08 A06W, Ireland<\/p><p>+353 1 454 2425<\/p><p><a href=\"https:\/\/www.donoreavenueparish.ie\" target=\"_blank\">Visit Website<\/a><\/p><p><a href=\"mailto:info@donoreavenueparish.ie\">info@donoreavenueparish.ie<\/a><\/p>  <\/div><\/div><div class=\"sjd-location-card\">  <div class=\"sjd-card-column sjd-column-name\">      <h2>Parroquia de San Brendan<\/h2>  <\/div>  <div class=\"sjd-card-column sjd-column-description\"><p><!-- wp:paragraph {\"translatedWithWPMLTM\":\"1\"} -->\n<p>La parroquia est\u00e1 confiada a la comunidad marista. La comunidad es relativamente peque\u00f1a, con unas mil familias. Nuestra declaraci\u00f3n de misi\u00f3n dice: <em>\"St Brendan's es una parroquia cat\u00f3lica solidaria inspirada en el Evangelio, que celebra y trabaja unida para construir una comunidad de justicia, amor y paz\".<\/em> La vitalidad de la comunidad se puede ver en la gran variedad de grupos dentro de la parroquia: Consejo Pastoral, Comit\u00e9 de Finanzas, Equipo de Bautizos, Equipo de Funerales, Grupo de Liturgia Dirigida por Laicos, Ministros de la Eucarist\u00eda, Ministros de la Palabra, m\u00fasicos y cantores, Sociedad de San Vicente de Pa\u00fal, Grupo de Cuidado del Planeta, por no mencionar todos los grupos que utilizan el Centro Parroquial.   <\/p>\n<!-- \/wp:paragraph --><\/p><\/div>  <div class=\"sjd-card-column sjd-column-contact\">      <h3>Contact<\/h3><p>Coolock Village, Dublin 5 D05 XK51, Ireland<\/p><p>+353 1 848 0102<\/p><p><a href=\"https:\/\/www.stbrendanscoolock.org\" target=\"_blank\">Visit Website<\/a><\/p><p><a href=\"mailto:office@stbrendanscoolock.org\">office@stbrendanscoolock.org<\/a><\/p>  <\/div><\/div><div class=\"sjd-location-card\">  <div class=\"sjd-card-column sjd-column-name\">      <h2>Dubl\u00edn Coolock<\/h2>  <\/div>  <div class=\"sjd-card-column sjd-column-description\"><p><!-- wp:paragraph {\"translatedWithWPMLTM\":\"1\"} -->\n<p>Nuestro ministerio consiste en ser una presencia marista en la iglesia local. Lo hacemos celebrando los sacramentos en la parroquia local de San Brendan; proporcionando servicio de capellan\u00eda a nuestro colegio marista de secundaria, el Colegio Chanel; tambi\u00e9n servimos como capellanes a dos conventos locales. Hay ocho miembros que viven en la comunidad y otros dos hermanos en residencias de ancianos. Para nosotros el ministerio de un servicio amable a los dem\u00e1s en la comunidad, es un apostolado primordial.   <\/p>\n<!-- \/wp:paragraph --><\/p><\/div>  <div class=\"sjd-card-column sjd-column-contact\">      <h3>Contact<\/h3><p>Chanel Marist Community, Coolock, Dublin 5, D05 KV62, Ireland<\/p><p>+353 1 847 7133<\/p><p><a href=\"https:\/\/www.maristfathers.ie\" target=\"_blank\">Visit Website<\/a><\/p><p><a href=\"mailto:admin@maristfathers.ie\">admin@maristfathers.ie<\/a><\/p>  <\/div><\/div><\/div><\/div><\/div><\/div><\/div><\/div>\n","protected":false},"excerpt":{"rendered":"","protected":false},"author":1,"featured_media":1640,"parent":2970,"menu_order":0,"comment_status":"closed","ping_status":"closed","template":"","meta":{"footnotes":""},"class_list":["post-2523","page","type-page","status-publish","has-post-thumbnail","hentry"],"yoast_head":"<!-- This site is optimized with the Yoast SEO plugin v27.5 - https:\/\/yoast.com\/product\/yoast-seo-wordpress\/ -->\n<title>Irlanda - Marist Europe<\/title>\n<meta name=\"robots\" content=\"index, follow, max-snippet:-1, max-image-preview:large, max-video-preview:-1\" \/>\n<link rel=\"canonical\" href=\"https:\/\/maristeurope.eu\/es\/comunidades\/irlanda\/\" \/>\n<meta property=\"og:locale\" content=\"es_ES\" \/>\n<meta property=\"og:type\" content=\"article\" \/>\n<meta property=\"og:title\" content=\"Irlanda - Marist Europe\" \/>\n<meta property=\"og:url\" content=\"https:\/\/maristeurope.eu\/es\/comunidades\/irlanda\/\" \/>\n<meta property=\"og:site_name\" content=\"Marist Europe\" \/>\n<meta property=\"article:modified_time\" content=\"2026-05-07T06:35:11+00:00\" \/>\n<meta property=\"og:image\" content=\"https:\/\/maristeurope.eu\/wp-content\/uploads\/2024\/11\/temple-bar-2344400_1280-en-tamano-grande.jpeg\" \/>\n\t<meta property=\"og:image:width\" content=\"1280\" \/>\n\t<meta property=\"og:image:height\" content=\"886\" \/>\n\t<meta property=\"og:image:type\" content=\"image\/jpeg\" \/>\n<meta name=\"twitter:card\" content=\"summary_large_image\" \/>\n<script type=\"application\/ld+json\" class=\"yoast-schema-graph\">{\"@context\":\"https:\\\/\\\/schema.org\",\"@graph\":[{\"@type\":\"WebPage\",\"@id\":\"https:\\\/\\\/maristeurope.eu\\\/es\\\/comunidades\\\/irlanda\\\/\",\"url\":\"https:\\\/\\\/maristeurope.eu\\\/es\\\/comunidades\\\/irlanda\\\/\",\"name\":\"Irlanda - Marist Europe\",\"isPartOf\":{\"@id\":\"https:\\\/\\\/maristeurope.eu\\\/es\\\/#website\"},\"primaryImageOfPage\":{\"@id\":\"https:\\\/\\\/maristeurope.eu\\\/es\\\/comunidades\\\/irlanda\\\/#primaryimage\"},\"image\":{\"@id\":\"https:\\\/\\\/maristeurope.eu\\\/es\\\/comunidades\\\/irlanda\\\/#primaryimage\"},\"thumbnailUrl\":\"https:\\\/\\\/maristeurope.eu\\\/wp-content\\\/uploads\\\/2024\\\/11\\\/temple-bar-2344400_1280-en-tamano-grande.jpeg\",\"datePublished\":\"2024-12-17T13:30:29+00:00\",\"dateModified\":\"2026-05-07T06:35:11+00:00\",\"breadcrumb\":{\"@id\":\"https:\\\/\\\/maristeurope.eu\\\/es\\\/comunidades\\\/irlanda\\\/#breadcrumb\"},\"inLanguage\":\"es\",\"potentialAction\":[{\"@type\":\"ReadAction\",\"target\":[\"https:\\\/\\\/maristeurope.eu\\\/es\\\/comunidades\\\/irlanda\\\/\"]}]},{\"@type\":\"ImageObject\",\"inLanguage\":\"es\",\"@id\":\"https:\\\/\\\/maristeurope.eu\\\/es\\\/comunidades\\\/irlanda\\\/#primaryimage\",\"url\":\"https:\\\/\\\/maristeurope.eu\\\/wp-content\\\/uploads\\\/2024\\\/11\\\/temple-bar-2344400_1280-en-tamano-grande.jpeg\",\"contentUrl\":\"https:\\\/\\\/maristeurope.eu\\\/wp-content\\\/uploads\\\/2024\\\/11\\\/temple-bar-2344400_1280-en-tamano-grande.jpeg\",\"width\":1280,\"height\":886},{\"@type\":\"BreadcrumbList\",\"@id\":\"https:\\\/\\\/maristeurope.eu\\\/es\\\/comunidades\\\/irlanda\\\/#breadcrumb\",\"itemListElement\":[{\"@type\":\"ListItem\",\"position\":1,\"name\":\"Home\",\"item\":\"https:\\\/\\\/maristeurope.eu\\\/es\\\/\"},{\"@type\":\"ListItem\",\"position\":2,\"name\":\"Comunidades\",\"item\":\"https:\\\/\\\/maristeurope.eu\\\/es\\\/communities\\\/\"},{\"@type\":\"ListItem\",\"position\":3,\"name\":\"Irlanda\"}]},{\"@type\":\"WebSite\",\"@id\":\"https:\\\/\\\/maristeurope.eu\\\/es\\\/#website\",\"url\":\"https:\\\/\\\/maristeurope.eu\\\/es\\\/\",\"name\":\"Marist Europe\",\"description\":\"\",\"publisher\":{\"@id\":\"https:\\\/\\\/maristeurope.eu\\\/es\\\/#organization\"},\"potentialAction\":[{\"@type\":\"SearchAction\",\"target\":{\"@type\":\"EntryPoint\",\"urlTemplate\":\"https:\\\/\\\/maristeurope.eu\\\/es\\\/?s={search_term_string}\"},\"query-input\":{\"@type\":\"PropertyValueSpecification\",\"valueRequired\":true,\"valueName\":\"search_term_string\"}}],\"inLanguage\":\"es\"},{\"@type\":\"Organization\",\"@id\":\"https:\\\/\\\/maristeurope.eu\\\/es\\\/#organization\",\"name\":\"Marist Europe\",\"url\":\"https:\\\/\\\/maristeurope.eu\\\/es\\\/\",\"logo\":{\"@type\":\"ImageObject\",\"inLanguage\":\"es\",\"@id\":\"https:\\\/\\\/maristeurope.eu\\\/es\\\/#\\\/schema\\\/logo\\\/image\\\/\",\"url\":\"https:\\\/\\\/maristeurope.eu\\\/wp-content\\\/uploads\\\/2024\\\/10\\\/EU-SM-Finalogo-02.png\",\"contentUrl\":\"https:\\\/\\\/maristeurope.eu\\\/wp-content\\\/uploads\\\/2024\\\/10\\\/EU-SM-Finalogo-02.png\",\"width\":150,\"height\":156,\"caption\":\"Marist Europe\"},\"image\":{\"@id\":\"https:\\\/\\\/maristeurope.eu\\\/es\\\/#\\\/schema\\\/logo\\\/image\\\/\"}}]}<\/script>\n<!-- \/ Yoast SEO plugin. -->","yoast_head_json":{"title":"Irlanda - Marist Europe","robots":{"index":"index","follow":"follow","max-snippet":"max-snippet:-1","max-image-preview":"max-image-preview:large","max-video-preview":"max-video-preview:-1"},"canonical":"https:\/\/maristeurope.eu\/es\/comunidades\/irlanda\/","og_locale":"es_ES","og_type":"article","og_title":"Irlanda - Marist Europe","og_url":"https:\/\/maristeurope.eu\/es\/comunidades\/irlanda\/","og_site_name":"Marist Europe","article_modified_time":"2026-05-07T06:35:11+00:00","og_image":[{"width":1280,"height":886,"url":"https:\/\/maristeurope.eu\/wp-content\/uploads\/2024\/11\/temple-bar-2344400_1280-en-tamano-grande.jpeg","type":"image\/jpeg"}],"twitter_card":"summary_large_image","schema":{"@context":"https:\/\/schema.org","@graph":[{"@type":"WebPage","@id":"https:\/\/maristeurope.eu\/es\/comunidades\/irlanda\/","url":"https:\/\/maristeurope.eu\/es\/comunidades\/irlanda\/","name":"Irlanda - Marist Europe","isPartOf":{"@id":"https:\/\/maristeurope.eu\/es\/#website"},"primaryImageOfPage":{"@id":"https:\/\/maristeurope.eu\/es\/comunidades\/irlanda\/#primaryimage"},"image":{"@id":"https:\/\/maristeurope.eu\/es\/comunidades\/irlanda\/#primaryimage"},"thumbnailUrl":"https:\/\/maristeurope.eu\/wp-content\/uploads\/2024\/11\/temple-bar-2344400_1280-en-tamano-grande.jpeg","datePublished":"2024-12-17T13:30:29+00:00","dateModified":"2026-05-07T06:35:11+00:00","breadcrumb":{"@id":"https:\/\/maristeurope.eu\/es\/comunidades\/irlanda\/#breadcrumb"},"inLanguage":"es","potentialAction":[{"@type":"ReadAction","target":["https:\/\/maristeurope.eu\/es\/comunidades\/irlanda\/"]}]},{"@type":"ImageObject","inLanguage":"es","@id":"https:\/\/maristeurope.eu\/es\/comunidades\/irlanda\/#primaryimage","url":"https:\/\/maristeurope.eu\/wp-content\/uploads\/2024\/11\/temple-bar-2344400_1280-en-tamano-grande.jpeg","contentUrl":"https:\/\/maristeurope.eu\/wp-content\/uploads\/2024\/11\/temple-bar-2344400_1280-en-tamano-grande.jpeg","width":1280,"height":886},{"@type":"BreadcrumbList","@id":"https:\/\/maristeurope.eu\/es\/comunidades\/irlanda\/#breadcrumb","itemListElement":[{"@type":"ListItem","position":1,"name":"Home","item":"https:\/\/maristeurope.eu\/es\/"},{"@type":"ListItem","position":2,"name":"Comunidades","item":"https:\/\/maristeurope.eu\/es\/communities\/"},{"@type":"ListItem","position":3,"name":"Irlanda"}]},{"@type":"WebSite","@id":"https:\/\/maristeurope.eu\/es\/#website","url":"https:\/\/maristeurope.eu\/es\/","name":"Marist Europe","description":"","publisher":{"@id":"https:\/\/maristeurope.eu\/es\/#organization"},"potentialAction":[{"@type":"SearchAction","target":{"@type":"EntryPoint","urlTemplate":"https:\/\/maristeurope.eu\/es\/?s={search_term_string}"},"query-input":{"@type":"PropertyValueSpecification","valueRequired":true,"valueName":"search_term_string"}}],"inLanguage":"es"},{"@type":"Organization","@id":"https:\/\/maristeurope.eu\/es\/#organization","name":"Marist Europe","url":"https:\/\/maristeurope.eu\/es\/","logo":{"@type":"ImageObject","inLanguage":"es","@id":"https:\/\/maristeurope.eu\/es\/#\/schema\/logo\/image\/","url":"https:\/\/maristeurope.eu\/wp-content\/uploads\/2024\/10\/EU-SM-Finalogo-02.png","contentUrl":"https:\/\/maristeurope.eu\/wp-content\/uploads\/2024\/10\/EU-SM-Finalogo-02.png","width":150,"height":156,"caption":"Marist Europe"},"image":{"@id":"https:\/\/maristeurope.eu\/es\/#\/schema\/logo\/image\/"}}]}},"_links":{"self":[{"href":"https:\/\/maristeurope.eu\/es\/wp-json\/wp\/v2\/pages\/2523","targetHints":{"allow":["GET"]}}],"collection":[{"href":"https:\/\/maristeurope.eu\/es\/wp-json\/wp\/v2\/pages"}],"about":[{"href":"https:\/\/maristeurope.eu\/es\/wp-json\/wp\/v2\/types\/page"}],"author":[{"embeddable":true,"href":"https:\/\/maristeurope.eu\/es\/wp-json\/wp\/v2\/users\/1"}],"replies":[{"embeddable":true,"href":"https:\/\/maristeurope.eu\/es\/wp-json\/wp\/v2\/comments?post=2523"}],"version-history":[{"count":12,"href":"https:\/\/maristeurope.eu\/es\/wp-json\/wp\/v2\/pages\/2523\/revisions"}],"predecessor-version":[{"id":10881,"href":"https:\/\/maristeurope.eu\/es\/wp-json\/wp\/v2\/pages\/2523\/revisions\/10881"}],"up":[{"embeddable":true,"href":"https:\/\/maristeurope.eu\/es\/wp-json\/wp\/v2\/pages\/2970"}],"wp:featuredmedia":[{"embeddable":true,"href":"https:\/\/maristeurope.eu\/es\/wp-json\/wp\/v2\/media\/1640"}],"wp:attachment":[{"href":"https:\/\/maristeurope.eu\/es\/wp-json\/wp\/v2\/media?parent=2523"}],"curies":[{"name":"wp","href":"https:\/\/api.w.org\/{rel}","templated":true}]}}